{"id":62,"date":"2023-01-12T11:05:41","date_gmt":"2023-01-12T14:05:41","guid":{"rendered":"https:\/\/paginas.uepa.br\/ppgcr\/?page_id=62"},"modified":"2024-08-08T15:43:51","modified_gmt":"2024-08-08T18:43:51","slug":"quem-somos","status":"publish","type":"page","link":"https:\/\/propesp.uepa.br\/ppgcr\/quem-somos\/","title":{"rendered":"Quem Somos"},"content":{"rendered":"\n<div class=\"wp-block-uagb-container uagb-block-f5159129 alignfull uagb-is-root-container\"><div class=\"uagb-container-inner-blocks-wrap\">\n<div class=\"wp-block-uagb-image aligncenter uagb-block-1d8f41c2 wp-block-uagb-image--layout-default wp-block-uagb-image--effect-static wp-block-uagb-image--align-center\"><figure class=\"wp-block-uagb-image__figure\"><img decoding=\"async\" srcset=\"https:\/\/propesp.uepa.br\/ppgcr\/wp-content\/uploads\/2024\/08\/loga-ppgcr.jpg ,https:\/\/propesp.uepa.br\/ppgcr\/wp-content\/uploads\/2024\/08\/loga-ppgcr.jpg 780w, https:\/\/propesp.uepa.br\/ppgcr\/wp-content\/uploads\/2024\/08\/loga-ppgcr.jpg 360w\" sizes=\"auto, (max-width: 480px) 150px\" src=\"https:\/\/propesp.uepa.br\/ppgcr\/wp-content\/uploads\/2024\/08\/loga-ppgcr.jpg\" alt=\"\" class=\"uag-image-812\" width=\"299\" height=\"134\" title=\"\" loading=\"lazy\"\/><\/figure><\/div>\n\n\n\n<div class=\"wp-block-uagb-container uagb-block-3fcca30e\">\n<p>O Programa de P\u00f3s-Gradua\u00e7\u00e3o em Ci\u00eancias da Religi\u00e3o, PPGCR-UEPA, teve sua aprova\u00e7\u00e3o pela CAPES e homologa\u00e7\u00e3o pelo Conselho Nacional de<br>Educa\u00e7\u00e3o (CNE) em 2010, ano que marcou a implanta\u00e7\u00e3o o primeiro curso de mestrado em Ci\u00eancias da Religi\u00e3o na regi\u00e3o Norte do Brasil. Como resultado de uma cont\u00ednua aten\u00e7\u00e3o \u00e0s diretrizes do Sistema Nacional de P\u00f3s-Gradua\u00e7\u00e3o (SNPG), o PPGCR teve o seu curso de doutorado aprovado pela CAPES e pelo CNE em 2023, resultado que consolidou o pioneirismo da Universidade do Estado do Par\u00e1 (UEPA) na \u00e1rea de Ci\u00eancias da Religi\u00e3o na Amaz\u00f4nia brasileira.<\/p>\n\n\n\n<p>O PPGCR-UEPA segue atento aos programas federais e estaduais de desenvolvimento da pesquisa e da forma\u00e7\u00e3o de pessoal. Deste modo, suas<br>atividades de forma\u00e7\u00e3o, pesquisa e extens\u00e3o visam a atender \u00e0s demandas p\u00fablicas relacionadas \u00e0 religi\u00e3o, \u00e0 preserva\u00e7\u00e3o ambiental, aos direitos humanos, \u00e0 cultura amaz\u00f4nica e de outros contextos, \u00e0s express\u00f5es art\u00edsticas, \u00e0 inclus\u00e3o de pessoas de diversas etnias e religi\u00f5es, ao fortalecimento da educa\u00e7\u00e3o b\u00e1sica e ao crescimento socioecon\u00f4mico sustent\u00e1vel da sociedade paraense. Enquanto Programa de P\u00f3s-Gradua\u00e7\u00e3o atuante na regi\u00e3o Norte do Brasil, o PPGCR-UEPA est\u00e1 comprometido em fomentar a forma\u00e7\u00e3o p\u00f3s-graduada (mestrado e doutorado), a fim de favorecer amplamente qualifica\u00e7\u00e3o de pessoal para atua\u00e7\u00e3o direta na melhoria dos \u00edndices de desenvolvimento humano, na salvaguarda das culturas ancestrais, na aten\u00e7\u00e3o \u00e0s express\u00f5es art\u00edsticas, no fortalecimento das pol\u00edticas de desenvolvimento social e econ\u00f4mico e na preserva\u00e7\u00e3o ambiental. Naquilo que concerne \u00e0 sua voca\u00e7\u00e3o cient\u00edfica, o PPGCR-UEPA concentra seus esfor\u00e7os a partir das percept\u00edveis interrela\u00e7\u00f5es estabelecidas entre a religi\u00e3o, a cultura e a sociedade. Suas linhas de pesquisa exploram as express\u00f5es significativas da religi\u00e3o e investigam as dimens\u00f5es sociais, hist\u00f3ricas, ambientais e \u00e9tnicas das religiosidades, considerando tamb\u00e9m as quest\u00f5es epistemol\u00f3gicas espec\u00edficas da Amaz\u00f4nia e as inova\u00e7\u00f5es metodol\u00f3gicas relevantes para a pesquisa contempor\u00e2nea em Ci\u00eancias da Religi\u00e3o.<\/p>\n<\/div>\n<\/div><\/div>\n","protected":false},"excerpt":{"rendered":"<p>O Programa de P\u00f3s-Gradua\u00e7\u00e3o em Ci\u00eancias da Religi\u00e3o, PPGCR-UEPA, teve sua aprova\u00e7\u00e3o pela CAPES e homologa\u00e7\u00e3o pelo Conselho Nacional deEduca\u00e7\u00e3o (CNE) em 2010, ano que marcou a implanta\u00e7\u00e3o o primeiro curso de mestrado em Ci\u00eancias da Religi\u00e3o na regi\u00e3o Norte do Brasil. Como resultado de uma cont\u00ednua aten\u00e7\u00e3o \u00e0s diretrizes do Sistema Nacional de P\u00f3s-Gradua\u00e7\u00e3o [&hellip;]<\/p>\n","protected":false},"author":1,"featured_media":0,"parent":0,"menu_order":0,"comment_status":"closed","ping_status":"closed","template":"","meta":{"_uag_custom_page_level_css":"","site-sidebar-layout":"default","site-content-layout":"","ast-site-content-layout":"default","site-content-style":"default","site-sidebar-style":"default","ast-global-header-display":"","ast-banner-title-visibility":"","ast-main-header-display":"","ast-hfb-above-header-display":"","ast-hfb-below-header-display":"","ast-hfb-mobile-header-display":"","site-post-title":"","ast-breadcrumbs-content":"","ast-featured-img":"","footer-sml-layout":"","theme-transparent-header-meta":"","adv-header-id-meta":"","stick-header-meta":"","header-above-stick-meta":"","header-main-stick-meta":"","header-below-stick-meta":"","astra-migrate-meta-layouts":"set","ast-page-background-enabled":"default","ast-page-background-meta":{"desktop":{"background-color":"var(--ast-global-color-4)","background-image":"","background-repeat":"repeat","background-position":"center center","background-size":"auto","background-attachment":"scroll","background-type":"","background-media":"","overlay-type":"","overlay-color":"","overlay-gradient":""},"tablet":{"background-color":"","background-image":"","background-repeat":"repeat","background-position":"center center","background-size":"auto","background-attachment":"scroll","background-type":"","background-media":"","overlay-type":"","overlay-color":"","overlay-gradient":""},"mobile":{"background-color":"","background-image":"","background-repeat":"repeat","background-position":"center center","background-size":"auto","background-attachment":"scroll","background-type":"","background-media":"","overlay-type":"","overlay-color":"","overlay-gradient":""}},"ast-content-background-meta":{"desktop":{"background-color":"var(--ast-global-color-5)","background-image":"","background-repeat":"repeat","background-position":"center center","background-size":"auto","background-attachment":"scroll","background-type":"","background-media":"","overlay-type":"","overlay-color":"","overlay-gradient":""},"tablet":{"background-color":"var(--ast-global-color-5)","background-image":"","background-repeat":"repeat","background-position":"center center","background-size":"auto","background-attachment":"scroll","background-type":"","background-media":"","overlay-type":"","overlay-color":"","overlay-gradient":""},"mobile":{"background-color":"var(--ast-global-color-5)","background-image":"","background-repeat":"repeat","background-position":"center center","background-size":"auto","background-attachment":"scroll","background-type":"","background-media":"","overlay-type":"","overlay-color":"","overlay-gradient":""}},"footnotes":""},"class_list":["post-62","page","type-page","status-publish","hentry"],"uagb_featured_image_src":{"full":false,"thumbnail":false,"medium":false,"medium_large":false,"large":false,"1536x1536":false,"2048x2048":false},"uagb_author_info":{"display_name":"adminsites@uepa.br","author_link":"https:\/\/propesp.uepa.br\/ppgcr\/author\/adminsitesuepa-br\/"},"uagb_comment_info":0,"uagb_excerpt":"O Programa de P\u00f3s-Gradua\u00e7\u00e3o em Ci\u00eancias da Religi\u00e3o, PPGCR-UEPA, teve sua aprova\u00e7\u00e3o pela CAPES e homologa\u00e7\u00e3o pelo Conselho Nacional deEduca\u00e7\u00e3o (CNE) em 2010, ano que marcou a implanta\u00e7\u00e3o o primeiro curso de mestrado em Ci\u00eancias da Religi\u00e3o na regi\u00e3o Norte do Brasil. Como resultado de uma cont\u00ednua aten\u00e7\u00e3o \u00e0s diretrizes do Sistema Nacional de P\u00f3s-Gradua\u00e7\u00e3o&hellip;","_links":{"self":[{"href":"https:\/\/propesp.uepa.br\/ppgcr\/wp-json\/wp\/v2\/pages\/62","targetHints":{"allow":["GET"]}}],"collection":[{"href":"https:\/\/propesp.uepa.br\/ppgcr\/wp-json\/wp\/v2\/pages"}],"about":[{"href":"https:\/\/propesp.uepa.br\/ppgcr\/wp-json\/wp\/v2\/types\/page"}],"author":[{"embeddable":true,"href":"https:\/\/propesp.uepa.br\/ppgcr\/wp-json\/wp\/v2\/users\/1"}],"replies":[{"embeddable":true,"href":"https:\/\/propesp.uepa.br\/ppgcr\/wp-json\/wp\/v2\/comments?post=62"}],"version-history":[{"count":13,"href":"https:\/\/propesp.uepa.br\/ppgcr\/wp-json\/wp\/v2\/pages\/62\/revisions"}],"predecessor-version":[{"id":846,"href":"https:\/\/propesp.uepa.br\/ppgcr\/wp-json\/wp\/v2\/pages\/62\/revisions\/846"}],"wp:attachment":[{"href":"https:\/\/propesp.uepa.br\/ppgcr\/wp-json\/wp\/v2\/media?parent=62"}],"curies":[{"name":"wp","href":"https:\/\/api.w.org\/{rel}","templated":true}]}}