{"id":64,"date":"2023-01-12T11:05:41","date_gmt":"2023-01-12T14:05:41","guid":{"rendered":"https:\/\/paginas.uepa.br\/ppgcr\/?page_id=64"},"modified":"2026-02-02T15:09:51","modified_gmt":"2026-02-02T18:09:51","slug":"discentes","status":"publish","type":"page","link":"https:\/\/propesp.uepa.br\/ppgcr\/discentes\/","title":{"rendered":"Discentes"},"content":{"rendered":"\n<div class=\"wp-block-uagb-container uagb-block-ecdf7029 alignfull uagb-is-root-container\"><div class=\"uagb-container-inner-blocks-wrap\">\n<div class=\"wp-block-uagb-advanced-heading uagb-block-0927d02b\"><h2 class=\"uagb-heading-text\">Mestrado 2023 <\/h2><div class=\"uagb-separator\"><\/div><\/div>\n\n\n\n<figure class=\"wp-block-table\"><table class=\"has-fixed-layout\"><thead><tr><th>DISCENTES             <\/th><th>  LINHA DE PESQUISA<\/th><\/tr><\/thead><tbody><tr><td>HIRLAN HERMES MONTEIRO DA COSTA<\/td><td> CI\u00caNCIAS DA RELIGI\u00c3O<\/td><\/tr><tr><td>JACKLINE KARLA REIS DOS REIS<\/td><td>CI\u00caNCIAS DA RELIGI\u00c3O<\/td><\/tr><tr><td>JULIANE MARIA RODRIGUES FERREIRA<\/td><td>                                    CI\u00caNCIAS DA RELIGI\u00c3O<\/td><\/tr><tr><td>VANESSA PIRES PINHEIRO<\/td><td>                                    CI\u00caNCIAS DA RELIGI\u00c3O<\/td><\/tr><\/tbody><\/table><\/figure>\n<\/div><\/div>\n\n\n\n<div class=\"wp-block-uagb-advanced-heading uagb-block-d48aee37\"><h2 class=\"uagb-heading-text\">Mestrado 2024 <\/h2><div class=\"uagb-separator\"><\/div><\/div>\n\n\n\n<figure class=\"wp-block-table\"><table class=\"has-fixed-layout\"><thead><tr><th>DISCENTES             <\/th><th>  LINHA DE PESQUISA<\/th><\/tr><\/thead><tbody><tr><td>AGNES LUCIUS BENTO DA SILVA<\/td><td>LINGUAGENS DA RELIGI\u00c3O<\/td><\/tr><tr><td>ALEX COIMBRA SALES<\/td><td>LINGUAGENS DA RELIGI\u00c3O<\/td><\/tr><tr><td>FRANCISCO EDER SANTOS DOS SANTOS<\/td><td>LINGUAGENS DA RELIGI\u00c3O<\/td><\/tr><tr><td>HAISSA RAMOS DOS SANTOS<\/td><td>LINGUAGENS DA RELIGI\u00c3O<\/td><\/tr><tr><td>LANA LARISSA MOREIRA BRAZ<\/td><td>RELIGI\u00c3O E SOCIEDADES<\/td><\/tr><tr><td>LIENNE MORAES E MORAES<\/td><td>LINGUAGENS DA RELIGI\u00c3O<\/td><\/tr><tr><td>PAULO HENRIQUE SANTOS SILVA DE AZEVEDO<\/td><td>LINGUAGENS DA RELIGI\u00c3O<\/td><\/tr><tr><td>RAQUELINE BRITO DA CRUZ<\/td><td>LINGUAGENS DA RELIGI\u00c3O<\/td><\/tr><tr><td>THAIS DE LIMA LINS<\/td><td>LINGUAGENS DA RELIGI\u00c3O<\/td><\/tr><\/tbody><\/table><\/figure>\n\n\n\n<div class=\"wp-block-uagb-advanced-heading uagb-block-52937ca0\"><h2 class=\"uagb-heading-text\">Mestrado 2025.1<br><\/h2><div class=\"uagb-separator\"><\/div><\/div>\n\n\n\n<figure class=\"wp-block-table\"><table class=\"has-fixed-layout\"><thead><tr><th>DISCENTES             <\/th><th>  LINHA DE PESQUISA<\/th><\/tr><\/thead><tbody><tr><td>BRUNO SALES GOMES FERREIRA<\/td><td>RELIGI\u00c3O E SOCIEDADES<\/td><\/tr><tr><td>GEISA DE SOUZA BARBOSA<\/td><td>RELIGI\u00c3O E SOCIEDADES<\/td><\/tr><tr><td>HELLAENE VIT\u00d3RIA DA SILVA CORR\u00caA<\/td><td>RELIGI\u00c3O E SOCIEDADES<\/td><\/tr><tr><td>JOANA SUELLEN MONTEIRO SARMENTO<\/td><td>LINGUAGENS DA RELIGI\u00c3O<\/td><\/tr><tr><td>LUCAS ROGERIO TEN\u00d3RIO BARROSO<\/td><td>RELIGI\u00c3O E SOCIEDADES<\/td><\/tr><tr><td>MAICON CUNHA GOMES<\/td><td>RELIGI\u00c3O E SOCIEDADES<\/td><\/tr><tr><td>MAYRA DANIN DE LIMA<\/td><td>RELIGI\u00c3O E SOCIEDADES<\/td><\/tr><tr><td>THAYNARA DE SOUZA DUARTE<\/td><td>RELIGI\u00c3O E SOCIEDADES<\/td><\/tr><\/tbody><\/table><\/figure>\n\n\n\n<div class=\"wp-block-uagb-advanced-heading uagb-block-d9c53774\"><h2 class=\"uagb-heading-text\">Mestrado 2025.2<br><\/h2><div class=\"uagb-separator\"><\/div><\/div>\n\n\n\n<figure class=\"wp-block-table\"><table class=\"has-fixed-layout\"><thead><tr><th>DISCENTES             <\/th><th>  LINHA DE PESQUISA<\/th><\/tr><\/thead><tbody><tr><td>ARLETH FURTADO CARNEIRO<\/td><td>LINGUAGENS DA RELIGI\u00c3O<\/td><\/tr><tr><td>ERASMO AMORIM SALLES<\/td><td>LINGUAGENS DA RELIGI\u00c3O<\/td><\/tr><tr><td>GABRIEL BRITO DOS SANTOS<\/td><td>LINGUAGENS DA RELIGI\u00c3O<\/td><\/tr><tr><td>MARCELO AUGUSTO DOS ANJOS MATOS<\/td><td>LINGUAGENS DA RELIGI\u00c3O<\/td><\/tr><\/tbody><\/table><\/figure>\n\n\n\n<div class=\"wp-block-uagb-advanced-heading uagb-block-ffc0f40e\"><h2 class=\"uagb-heading-text\">Doutorado 2024<\/h2><div class=\"uagb-separator\"><\/div><\/div>\n\n\n\n<figure class=\"wp-block-table\"><table class=\"has-fixed-layout\"><thead><tr><th>DISCENTES             <\/th><th>  LINHA DE PESQUISA<\/th><\/tr><\/thead><tbody><tr><td>HELIANE MONTEIRO DA COSTA<\/td><td>RELIGI\u00c3O E SOCIEDADES<\/td><\/tr><tr><td>JULIA GABRIELA LEAO MONTEIRO<\/td><td>RELIGI\u00c3O E SOCIEDADES<\/td><\/tr><tr><td>MARILYA CALDAS BARROS<\/td><td>LINGUAGENS DA RELIGI\u00c3O<\/td><\/tr><tr><td>PAULA SOARES RODRIGUES<\/td><td>RELIGI\u00c3O E SOCIEDADES<\/td><\/tr><\/tbody><\/table><\/figure>\n\n\n\n<div class=\"wp-block-uagb-advanced-heading uagb-block-2a4bb87b\"><h2 class=\"uagb-heading-text\">Doutorado 2025.1<\/h2><div class=\"uagb-separator\"><\/div><\/div>\n\n\n\n<figure class=\"wp-block-table\"><table class=\"has-fixed-layout\"><thead><tr><th>DISCENTES             <\/th><th>  LINHA DE PESQUISA<\/th><\/tr><\/thead><tbody><tr><td>ANT\u00d4NIO RAIMUNDO SOUSA DOS SANTOS<\/td><td>RELIGI\u00c3O E SOCIEDADES<\/td><\/tr><tr><td>DANIEL LUCAS NORONHA DE SENA<\/td><td>RELIGI\u00c3O E SOCIEDADES<\/td><\/tr><tr><td>DAYANA CRYSTINA BARBOSA DE ALMEIDA<\/td><td>LINGUAGENS DA RELIGI\u00c3O<\/td><\/tr><tr><td>HIRLAN HERMES MONTEIRO DA COSTA<\/td><td>LINGUAGENS DA RELIGI\u00c3O<\/td><\/tr><tr><td>JOS\u00c9 ANTONIO MANGONI<\/td><td>RELIGI\u00c3O E SOCIEDADES<\/td><\/tr><tr><td>JOS\u00c9 AUGUSTO OLIVEIRA DIAS<\/td><td>RELIGI\u00c3O E SOCIEDADES<\/td><\/tr><\/tbody><\/table><\/figure>\n\n\n\n<div class=\"wp-block-uagb-advanced-heading uagb-block-3663bea3\"><h2 class=\"uagb-heading-text\">Doutorado 2025.2<\/h2><div class=\"uagb-separator\"><\/div><\/div>\n\n\n\n<figure class=\"wp-block-table\"><table class=\"has-fixed-layout\"><thead><tr><th>DISCENTES             <\/th><th>  LINHA DE PESQUISA<\/th><\/tr><\/thead><tbody><tr><td>LUIS AUGUSTO BARBOSA TEIXEIRA<\/td><td>LINGUAGENS DA RELIGI\u00c3O<\/td><\/tr><tr><td>LUIZ HENRIQUE PATR\u00cdCIO XAVIER<\/td><td>LINGUAGENS DA RELIGI\u00c3O<\/td><\/tr><tr><td>MANOEL VITOR BARBOSA NETO<\/td><td>LINGUAGENS DA RELIGI\u00c3O<\/td><\/tr><tr><td>SABRINA DO SOCORRO MARQUES DE ARA\u00daJO DE ALMEIDA<\/td><td>LINGUAGENS DA RELIGI\u00c3O<\/td><\/tr><\/tbody><\/table><\/figure>\n\n\n\n<p><\/p>\n","protected":false},"excerpt":{"rendered":"<p>Mestrado 2023 DISCENTES LINHA DE PESQUISA HIRLAN HERMES MONTEIRO DA COSTA CI\u00caNCIAS DA RELIGI\u00c3O JACKLINE KARLA REIS DOS REIS CI\u00caNCIAS DA RELIGI\u00c3O JULIANE MARIA RODRIGUES FERREIRA CI\u00caNCIAS DA RELIGI\u00c3O VANESSA PIRES PINHEIRO CI\u00caNCIAS DA RELIGI\u00c3O Mestrado 2024 DISCENTES LINHA DE PESQUISA AGNES LUCIUS BENTO DA SILVA LINGUAGENS DA RELIGI\u00c3O ALEX COIMBRA SALES LINGUAGENS DA RELIGI\u00c3O [&hellip;]<\/p>\n","protected":false},"author":1,"featured_media":0,"parent":0,"menu_order":0,"comment_status":"closed","ping_status":"closed","template":"","meta":{"_uag_custom_page_level_css":"","site-sidebar-layout":"default","site-content-layout":null,"ast-site-content-layout":"default","site-content-style":"default","site-sidebar-style":"default","ast-global-header-display":"","ast-banner-title-visibility":"","ast-main-header-display":"","ast-hfb-above-header-display":"","ast-hfb-below-header-display":"","ast-hfb-mobile-header-display":"","site-post-title":"","ast-breadcrumbs-content":"","ast-featured-img":"","footer-sml-layout":"","theme-transparent-header-meta":"default","adv-header-id-meta":null,"stick-header-meta":null,"header-above-stick-meta":null,"header-main-stick-meta":null,"header-below-stick-meta":null,"astra-migrate-meta-layouts":"set","ast-page-background-enabled":"default","ast-page-background-meta":{"desktop":{"background-color":"var(--ast-global-color-4)","background-image":"","background-repeat":"repeat","background-position":"center center","background-size":"auto","background-attachment":"scroll","background-type":"","background-media":"","overlay-type":"","overlay-color":"","overlay-gradient":""},"tablet":{"background-color":"","background-image":"","background-repeat":"repeat","background-position":"center center","background-size":"auto","background-attachment":"scroll","background-type":"","background-media":"","overlay-type":"","overlay-color":"","overlay-gradient":""},"mobile":{"background-color":"","background-image":"","background-repeat":"repeat","background-position":"center center","background-size":"auto","background-attachment":"scroll","background-type":"","background-media":"","overlay-type":"","overlay-color":"","overlay-gradient":""}},"ast-content-background-meta":{"desktop":{"background-color":"var(--ast-global-color-5)","background-image":"","background-repeat":"repeat","background-position":"center center","background-size":"auto","background-attachment":"scroll","background-type":"","background-media":"","overlay-type":"","overlay-color":"","overlay-gradient":""},"tablet":{"background-color":"var(--ast-global-color-5)","background-image":"","background-repeat":"repeat","background-position":"center center","background-size":"auto","background-attachment":"scroll","background-type":"","background-media":"","overlay-type":"","overlay-color":"","overlay-gradient":""},"mobile":{"background-color":"var(--ast-global-color-5)","background-image":"","background-repeat":"repeat","background-position":"center center","background-size":"auto","background-attachment":"scroll","background-type":"","background-media":"","overlay-type":"","overlay-color":"","overlay-gradient":""}},"footnotes":""},"class_list":["post-64","page","type-page","status-publish","hentry"],"uagb_featured_image_src":{"full":false,"thumbnail":false,"medium":false,"medium_large":false,"large":false,"1536x1536":false,"2048x2048":false},"uagb_author_info":{"display_name":"adminsites@uepa.br","author_link":"https:\/\/propesp.uepa.br\/ppgcr\/author\/adminsitesuepa-br\/"},"uagb_comment_info":0,"uagb_excerpt":"Mestrado 2023 DISCENTES LINHA DE PESQUISA HIRLAN HERMES MONTEIRO DA COSTA CI\u00caNCIAS DA RELIGI\u00c3O JACKLINE KARLA REIS DOS REIS CI\u00caNCIAS DA RELIGI\u00c3O JULIANE MARIA RODRIGUES FERREIRA CI\u00caNCIAS DA RELIGI\u00c3O VANESSA PIRES PINHEIRO CI\u00caNCIAS DA RELIGI\u00c3O Mestrado 2024 DISCENTES LINHA DE PESQUISA AGNES LUCIUS BENTO DA SILVA LINGUAGENS DA RELIGI\u00c3O ALEX COIMBRA SALES LINGUAGENS DA RELIGI\u00c3O&hellip;","_links":{"self":[{"href":"https:\/\/propesp.uepa.br\/ppgcr\/wp-json\/wp\/v2\/pages\/64","targetHints":{"allow":["GET"]}}],"collection":[{"href":"https:\/\/propesp.uepa.br\/ppgcr\/wp-json\/wp\/v2\/pages"}],"about":[{"href":"https:\/\/propesp.uepa.br\/ppgcr\/wp-json\/wp\/v2\/types\/page"}],"author":[{"embeddable":true,"href":"https:\/\/propesp.uepa.br\/ppgcr\/wp-json\/wp\/v2\/users\/1"}],"replies":[{"embeddable":true,"href":"https:\/\/propesp.uepa.br\/ppgcr\/wp-json\/wp\/v2\/comments?post=64"}],"version-history":[{"count":30,"href":"https:\/\/propesp.uepa.br\/ppgcr\/wp-json\/wp\/v2\/pages\/64\/revisions"}],"predecessor-version":[{"id":1110,"href":"https:\/\/propesp.uepa.br\/ppgcr\/wp-json\/wp\/v2\/pages\/64\/revisions\/1110"}],"wp:attachment":[{"href":"https:\/\/propesp.uepa.br\/ppgcr\/wp-json\/wp\/v2\/media?parent=64"}],"curies":[{"name":"wp","href":"https:\/\/api.w.org\/{rel}","templated":true}]}}