{"id":692,"date":"2024-07-02T18:22:00","date_gmt":"2024-07-02T21:22:00","guid":{"rendered":"https:\/\/paginas.uepa.br\/ppgcr\/?page_id=692"},"modified":"2024-08-06T16:39:32","modified_gmt":"2024-08-06T19:39:32","slug":"observatorio-da-religiao","status":"publish","type":"page","link":"https:\/\/propesp.uepa.br\/ppgcr\/observatorio-da-religiao\/","title":{"rendered":"Observat\u00f3rio da Religi\u00e3o"},"content":{"rendered":"\n<p>O selo Observat\u00f3rio da Religi\u00e3o \u00e9 concebido como um instituto de indu\u00e7\u00e3o de publica\u00e7\u00f5es individuais e coletivas de docentes, discentes e pesquisadores(as) externos(as) em coopera\u00e7\u00e3o com as atividades de ensino e pesquisa do Programa de P\u00f3s-gradua\u00e7\u00e3o em Ci\u00eancias da Religi\u00e3o da Universidade do Estado do Par\u00e1 (UEPA).<\/p>\n\n\n\t\t\t\t\t<div\n\t\t\t\t\t\tclass=\"wp-block-uagb-image-gallery uagb-block-3859de51     \"\n\t\t\t\t\t\tstyle=\"\"\n\t\t\t\t\t>\n\t\t\t\t\t\t\t\t\t\t\t<div class=\"spectra-image-gallery spectra-image-gallery__layout--masonry spectra-image-gallery__layout--masonry-col-2 spectra-image-gallery__layout--masonry-col-tab-4 spectra-image-gallery__layout--masonry-col-mob-4\">\n\t\t\t\t\t\t\t\t\t\t\t<div class='spectra-image-gallery__media-wrapper--isotope'>\n\t\t\t\t\t\t\t<div class='spectra-image-gallery__media-wrapper' data-spectra-gallery-image-id='816'>\n\t\t\t\t\t\t\t<div class=\"spectra-image-gallery__media spectra-image-gallery__media--masonry\">\n\t\t\t\t<picture>\n\t\t\t\t\t<source media=\"(min-width: 1024px)\" srcset=\"https:\/\/propesp.uepa.br\/ppgcr\/wp-content\/uploads\/2024\/08\/Colec\u0327a\u0303o-Cie\u0302ncias-da-Religia\u0303o-vol-I-Religia\u0303o-e-cultura-visual-no-Brasil.jpg\">\n\t\t\t\t\t<source media=\"(min-width: 768px)\" srcset=\"https:\/\/propesp.uepa.br\/ppgcr\/wp-content\/uploads\/2024\/08\/Colec\u0327a\u0303o-Cie\u0302ncias-da-Religia\u0303o-vol-I-Religia\u0303o-e-cultura-visual-no-Brasil-1024x742.jpg\">\n\t\t\t\t\t<img decoding=\"async\" class=\"spectra-image-gallery__media-thumbnail spectra-image-gallery__media-thumbnail--masonry\" src=\"https:\/\/propesp.uepa.br\/ppgcr\/wp-content\/uploads\/2024\/08\/Colec\u0327a\u0303o-Cie\u0302ncias-da-Religia\u0303o-vol-I-Religia\u0303o-e-cultura-visual-no-Brasil-300x217.jpg\" alt=\"\" loading=\"lazy\" \/>\n\t\t\t\t<\/picture>\n\t\t\t\t<div class=\"spectra-image-gallery__media-thumbnail-blurrer\"><\/div>\n\t\t\t\t\t\t\t\t\t\t\t<div class=\"spectra-image-gallery__media-thumbnail-caption-wrapper spectra-image-gallery__media-thumbnail-caption-wrapper--overlay\"><\/div>\n\t\t\t\t\t\t\t\t<\/div>\n\t\t\t\t\t\t<\/div>\n\t\t\t\t\t\t<\/div>\n\t\t\t\t\t\t<div class='spectra-image-gallery__media-wrapper--isotope'>\n\t\t\t\t\t\t\t<div class='spectra-image-gallery__media-wrapper' data-spectra-gallery-image-id='815'>\n\t\t\t\t\t\t\t<div class=\"spectra-image-gallery__media spectra-image-gallery__media--masonry\">\n\t\t\t\t<picture>\n\t\t\t\t\t<source media=\"(min-width: 1024px)\" srcset=\"https:\/\/propesp.uepa.br\/ppgcr\/wp-content\/uploads\/2024\/08\/Colec\u0327a\u0303o-Cie\u0302ncias-da-Religia\u0303o-vol-II-Evange\u0301licos-e-Pentecostais-scaled.jpg\">\n\t\t\t\t\t<source media=\"(min-width: 768px)\" srcset=\"https:\/\/propesp.uepa.br\/ppgcr\/wp-content\/uploads\/2024\/08\/Colec\u0327a\u0303o-Cie\u0302ncias-da-Religia\u0303o-vol-II-Evange\u0301licos-e-Pentecostais-1024x741.jpg\">\n\t\t\t\t\t<img decoding=\"async\" class=\"spectra-image-gallery__media-thumbnail spectra-image-gallery__media-thumbnail--masonry\" src=\"https:\/\/propesp.uepa.br\/ppgcr\/wp-content\/uploads\/2024\/08\/Colec\u0327a\u0303o-Cie\u0302ncias-da-Religia\u0303o-vol-II-Evange\u0301licos-e-Pentecostais-300x217.jpg\" alt=\"\" loading=\"lazy\" \/>\n\t\t\t\t<\/picture>\n\t\t\t\t<div class=\"spectra-image-gallery__media-thumbnail-blurrer\"><\/div>\n\t\t\t\t\t\t\t\t\t\t\t<div class=\"spectra-image-gallery__media-thumbnail-caption-wrapper spectra-image-gallery__media-thumbnail-caption-wrapper--overlay\"><\/div>\n\t\t\t\t\t\t\t\t<\/div>\n\t\t\t\t\t\t<\/div>\n\t\t\t\t\t\t<\/div>\n\t\t\t\t\t\t<div class='spectra-image-gallery__media-wrapper--isotope'>\n\t\t\t\t\t\t\t<div class='spectra-image-gallery__media-wrapper' data-spectra-gallery-image-id='817'>\n\t\t\t\t\t\t\t<div class=\"spectra-image-gallery__media spectra-image-gallery__media--masonry\">\n\t\t\t\t<picture>\n\t\t\t\t\t<source media=\"(min-width: 1024px)\" srcset=\"https:\/\/propesp.uepa.br\/ppgcr\/wp-content\/uploads\/2024\/08\/Colec\u0327a\u0303o-Cie\u0302ncias-da-Religia\u0303o-vol-III-Religia\u0303o-e-Ecologia-scaled.jpg\">\n\t\t\t\t\t<source media=\"(min-width: 768px)\" srcset=\"https:\/\/propesp.uepa.br\/ppgcr\/wp-content\/uploads\/2024\/08\/Colec\u0327a\u0303o-Cie\u0302ncias-da-Religia\u0303o-vol-III-Religia\u0303o-e-Ecologia-1024x488.jpg\">\n\t\t\t\t\t<img decoding=\"async\" class=\"spectra-image-gallery__media-thumbnail spectra-image-gallery__media-thumbnail--masonry\" src=\"https:\/\/propesp.uepa.br\/ppgcr\/wp-content\/uploads\/2024\/08\/Colec\u0327a\u0303o-Cie\u0302ncias-da-Religia\u0303o-vol-III-Religia\u0303o-e-Ecologia-300x143.jpg\" alt=\"\" loading=\"lazy\" \/>\n\t\t\t\t<\/picture>\n\t\t\t\t<div class=\"spectra-image-gallery__media-thumbnail-blurrer\"><\/div>\n\t\t\t\t\t\t\t\t\t\t\t<div class=\"spectra-image-gallery__media-thumbnail-caption-wrapper spectra-image-gallery__media-thumbnail-caption-wrapper--overlay\"><\/div>\n\t\t\t\t\t\t\t\t<\/div>\n\t\t\t\t\t\t<\/div>\n\t\t\t\t\t\t<\/div>\n\t\t\t\t\t\t<div class='spectra-image-gallery__media-wrapper--isotope'>\n\t\t\t\t\t\t\t<div class='spectra-image-gallery__media-wrapper' data-spectra-gallery-image-id='818'>\n\t\t\t\t\t\t\t<div class=\"spectra-image-gallery__media spectra-image-gallery__media--masonry\">\n\t\t\t\t<picture>\n\t\t\t\t\t<source media=\"(min-width: 1024px)\" srcset=\"https:\/\/propesp.uepa.br\/ppgcr\/wp-content\/uploads\/2024\/08\/Colec\u0327a\u0303o-Cie\u0302ncias-da-Religia\u0303o-vol-IV-Caminhos-da-Religiosidade.png\">\n\t\t\t\t\t<source media=\"(min-width: 768px)\" srcset=\"https:\/\/propesp.uepa.br\/ppgcr\/wp-content\/uploads\/2024\/08\/Colec\u0327a\u0303o-Cie\u0302ncias-da-Religia\u0303o-vol-IV-Caminhos-da-Religiosidade-1024x477.png\">\n\t\t\t\t\t<img decoding=\"async\" class=\"spectra-image-gallery__media-thumbnail spectra-image-gallery__media-thumbnail--masonry\" src=\"https:\/\/propesp.uepa.br\/ppgcr\/wp-content\/uploads\/2024\/08\/Colec\u0327a\u0303o-Cie\u0302ncias-da-Religia\u0303o-vol-IV-Caminhos-da-Religiosidade-300x140.png\" alt=\"\" loading=\"lazy\" \/>\n\t\t\t\t<\/picture>\n\t\t\t\t<div class=\"spectra-image-gallery__media-thumbnail-blurrer\"><\/div>\n\t\t\t\t\t\t\t\t\t\t\t<div class=\"spectra-image-gallery__media-thumbnail-caption-wrapper spectra-image-gallery__media-thumbnail-caption-wrapper--overlay\"><\/div>\n\t\t\t\t\t\t\t\t<\/div>\n\t\t\t\t\t\t<\/div>\n\t\t\t\t\t\t<\/div>\n\t\t\t\t\t\t<div class='spectra-image-gallery__media-wrapper--isotope'>\n\t\t\t\t\t\t\t<div class='spectra-image-gallery__media-wrapper' data-spectra-gallery-image-id='819'>\n\t\t\t\t\t\t\t<div class=\"spectra-image-gallery__media spectra-image-gallery__media--masonry\">\n\t\t\t\t<picture>\n\t\t\t\t\t<source media=\"(min-width: 1024px)\" srcset=\"https:\/\/propesp.uepa.br\/ppgcr\/wp-content\/uploads\/2024\/08\/Colec\u0327a\u0303o-Cie\u0302ncias-da-Religia\u0303o-vol-V-Diante-do-extremo.png\">\n\t\t\t\t\t<source media=\"(min-width: 768px)\" srcset=\"https:\/\/propesp.uepa.br\/ppgcr\/wp-content\/uploads\/2024\/08\/Colec\u0327a\u0303o-Cie\u0302ncias-da-Religia\u0303o-vol-V-Diante-do-extremo-1024x472.png\">\n\t\t\t\t\t<img decoding=\"async\" class=\"spectra-image-gallery__media-thumbnail spectra-image-gallery__media-thumbnail--masonry\" src=\"https:\/\/propesp.uepa.br\/ppgcr\/wp-content\/uploads\/2024\/08\/Colec\u0327a\u0303o-Cie\u0302ncias-da-Religia\u0303o-vol-V-Diante-do-extremo-300x138.png\" alt=\"\" loading=\"lazy\" \/>\n\t\t\t\t<\/picture>\n\t\t\t\t<div class=\"spectra-image-gallery__media-thumbnail-blurrer\"><\/div>\n\t\t\t\t\t\t\t\t\t\t\t<div class=\"spectra-image-gallery__media-thumbnail-caption-wrapper spectra-image-gallery__media-thumbnail-caption-wrapper--overlay\"><\/div>\n\t\t\t\t\t\t\t\t<\/div>\n\t\t\t\t\t\t<\/div>\n\t\t\t\t\t\t<\/div>\n\t\t\t\t\t\t<div class='spectra-image-gallery__media-wrapper--isotope'>\n\t\t\t\t\t\t\t<div class='spectra-image-gallery__media-wrapper' data-spectra-gallery-image-id='820'>\n\t\t\t\t\t\t\t<div class=\"spectra-image-gallery__media spectra-image-gallery__media--masonry\">\n\t\t\t\t<picture>\n\t\t\t\t\t<source media=\"(min-width: 1024px)\" srcset=\"https:\/\/propesp.uepa.br\/ppgcr\/wp-content\/uploads\/2024\/08\/Colec\u0327a\u0303o-Cie\u0302ncias-da-Religia\u0303o-vol-VI-Intinera\u0301rios-religiosos-ambientais-e-culturais.png\">\n\t\t\t\t\t<source media=\"(min-width: 768px)\" srcset=\"https:\/\/propesp.uepa.br\/ppgcr\/wp-content\/uploads\/2024\/08\/Colec\u0327a\u0303o-Cie\u0302ncias-da-Religia\u0303o-vol-VI-Intinera\u0301rios-religiosos-ambientais-e-culturais-1024x461.png\">\n\t\t\t\t\t<img decoding=\"async\" class=\"spectra-image-gallery__media-thumbnail spectra-image-gallery__media-thumbnail--masonry\" src=\"https:\/\/propesp.uepa.br\/ppgcr\/wp-content\/uploads\/2024\/08\/Colec\u0327a\u0303o-Cie\u0302ncias-da-Religia\u0303o-vol-VI-Intinera\u0301rios-religiosos-ambientais-e-culturais-300x135.png\" alt=\"\" loading=\"lazy\" \/>\n\t\t\t\t<\/picture>\n\t\t\t\t<div class=\"spectra-image-gallery__media-thumbnail-blurrer\"><\/div>\n\t\t\t\t\t\t\t\t\t\t\t<div class=\"spectra-image-gallery__media-thumbnail-caption-wrapper spectra-image-gallery__media-thumbnail-caption-wrapper--overlay\"><\/div>\n\t\t\t\t\t\t\t\t<\/div>\n\t\t\t\t\t\t<\/div>\n\t\t\t\t\t\t<\/div>\n\t\t\t\t\t\t\t\t\t\t<\/div>\n\t\t\t\t\t\t\t\t\t\t\t\t\t\t\t\t\t\t<\/div>\n\t\t\t\t\t\t\t\t\t\t\t<div class='spectra-image-gallery__control-lightbox' tabindex='0'>\n\t\t\t\t\t\t\t\t\t\t\t<div class=\"swiper spectra-image-gallery__control-lightbox--main\" dir=\"\">\n\t\t\t\t\t<div class=\"swiper-wrapper\">\n\t\t\t\t\t\t\t\t\t\t\t\t\t\n\t\t\t\t\t\t\t<div class=\"swiper-slide\">\n\t\t\t\t\t\t\t\t<img class=\"swiper-lazy\" data-src=\"https:\/\/propesp.uepa.br\/ppgcr\/wp-content\/uploads\/2024\/08\/Colec\u0327a\u0303o-Cie\u0302ncias-da-Religia\u0303o-vol-I-Religia\u0303o-e-cultura-visual-no-Brasil.jpg\" alt=\"\"\/>\n\t\t\t\t\t\t\t\t<div class=\"swiper-lazy-preloader swiper-lazy-preloader-white\"><\/div>\n\t\t\t\t\t\t\t\t\t\t\t\t\t\t\t<\/div>\n\t\t\t\t\t\t\t\t\t\t\t\t\t\n\t\t\t\t\t\t\t<div class=\"swiper-slide\">\n\t\t\t\t\t\t\t\t<img class=\"swiper-lazy\" data-src=\"https:\/\/propesp.uepa.br\/ppgcr\/wp-content\/uploads\/2024\/08\/Colec\u0327a\u0303o-Cie\u0302ncias-da-Religia\u0303o-vol-II-Evange\u0301licos-e-Pentecostais-scaled.jpg\" alt=\"\"\/>\n\t\t\t\t\t\t\t\t<div class=\"swiper-lazy-preloader swiper-lazy-preloader-white\"><\/div>\n\t\t\t\t\t\t\t\t\t\t\t\t\t\t\t<\/div>\n\t\t\t\t\t\t\t\t\t\t\t\t\t\n\t\t\t\t\t\t\t<div class=\"swiper-slide\">\n\t\t\t\t\t\t\t\t<img class=\"swiper-lazy\" data-src=\"https:\/\/propesp.uepa.br\/ppgcr\/wp-content\/uploads\/2024\/08\/Colec\u0327a\u0303o-Cie\u0302ncias-da-Religia\u0303o-vol-III-Religia\u0303o-e-Ecologia-scaled.jpg\" alt=\"\"\/>\n\t\t\t\t\t\t\t\t<div class=\"swiper-lazy-preloader swiper-lazy-preloader-white\"><\/div>\n\t\t\t\t\t\t\t\t\t\t\t\t\t\t\t<\/div>\n\t\t\t\t\t\t\t\t\t\t\t\t\t\n\t\t\t\t\t\t\t<div class=\"swiper-slide\">\n\t\t\t\t\t\t\t\t<img class=\"swiper-lazy\" data-src=\"https:\/\/propesp.uepa.br\/ppgcr\/wp-content\/uploads\/2024\/08\/Colec\u0327a\u0303o-Cie\u0302ncias-da-Religia\u0303o-vol-IV-Caminhos-da-Religiosidade.png\" alt=\"\"\/>\n\t\t\t\t\t\t\t\t<div class=\"swiper-lazy-preloader swiper-lazy-preloader-white\"><\/div>\n\t\t\t\t\t\t\t\t\t\t\t\t\t\t\t<\/div>\n\t\t\t\t\t\t\t\t\t\t\t\t\t\n\t\t\t\t\t\t\t<div class=\"swiper-slide\">\n\t\t\t\t\t\t\t\t<img class=\"swiper-lazy\" data-src=\"https:\/\/propesp.uepa.br\/ppgcr\/wp-content\/uploads\/2024\/08\/Colec\u0327a\u0303o-Cie\u0302ncias-da-Religia\u0303o-vol-V-Diante-do-extremo.png\" alt=\"\"\/>\n\t\t\t\t\t\t\t\t<div class=\"swiper-lazy-preloader swiper-lazy-preloader-white\"><\/div>\n\t\t\t\t\t\t\t\t\t\t\t\t\t\t\t<\/div>\n\t\t\t\t\t\t\t\t\t\t\t\t\t\n\t\t\t\t\t\t\t<div class=\"swiper-slide\">\n\t\t\t\t\t\t\t\t<img class=\"swiper-lazy\" data-src=\"https:\/\/propesp.uepa.br\/ppgcr\/wp-content\/uploads\/2024\/08\/Colec\u0327a\u0303o-Cie\u0302ncias-da-Religia\u0303o-vol-VI-Intinera\u0301rios-religiosos-ambientais-e-culturais.png\" alt=\"\"\/>\n\t\t\t\t\t\t\t\t<div class=\"swiper-lazy-preloader swiper-lazy-preloader-white\"><\/div>\n\t\t\t\t\t\t\t\t\t\t\t\t\t\t\t<\/div>\n\t\t\t\t\t\t\t\t\t\t\t<\/div>\n\t\t\t\t\t<div class=\"swiper-button-next\"><\/div>\n\t\t\t\t\t<div class=\"swiper-button-prev\"><\/div>\n\t\t\t\t<\/div>\t\t\t\n\t\t\t\t\t\t\t\t\t\t\t\t\t\t\t\t\t\t\t\t\t\t\t\t\t\t\t\t\t\t\t\t<button class='spectra-image-gallery__control-lightbox--close'>\n\t\t\t\t\t\t\t\t\t\t\t\t\t<svg xmlns=\"https:\/\/www.w3.org\/2000\/svg\" viewBox= \"0 0 320 512\"><path d=\"M310.6 361.4c12.5 12.5 12.5 32.75 0 45.25C304.4 412.9 296.2 416 288 416s-16.38-3.125-22.62-9.375L160 301.3L54.63 406.6C48.38 412.9 40.19 416 32 416S15.63 412.9 9.375 406.6c-12.5-12.5-12.5-32.75 0-45.25l105.4-105.4L9.375 150.6c-12.5-12.5-12.5-32.75 0-45.25s32.75-12.5 45.25 0L160 210.8l105.4-105.4c12.5-12.5 32.75-12.5 45.25 0s12.5 32.75 0 45.25l-105.4 105.4L310.6 361.4z\"><\/path><\/svg>\n\t\t\t\t\t\t\t\t\t\t\t\t<\/button>\n\t\t\t\t\t\t\t\t\t\t\t\t\t<\/div>\n\t\t\t\t\t\t\t\t\t","protected":false},"excerpt":{"rendered":"<p>O selo Observat\u00f3rio da Religi\u00e3o \u00e9 concebido como um instituto de indu\u00e7\u00e3o de publica\u00e7\u00f5es individuais e coletivas de docentes, discentes e pesquisadores(as) externos(as) em coopera\u00e7\u00e3o com as atividades de ensino e pesquisa do Programa de P\u00f3s-gradua\u00e7\u00e3o em Ci\u00eancias da Religi\u00e3o da Universidade do Estado do Par\u00e1 (UEPA).<\/p>\n","protected":false},"author":1,"featured_media":0,"parent":0,"menu_order":0,"comment_status":"closed","ping_status":"closed","template":"","meta":{"_uag_custom_page_level_css":"","site-sidebar-layout":"default","site-content-layout":"","ast-site-content-layout":"default","site-content-style":"default","site-sidebar-style":"default","ast-global-header-display":"","ast-banner-title-visibility":"","ast-main-header-display":"","ast-hfb-above-header-display":"","ast-hfb-below-header-display":"","ast-hfb-mobile-header-display":"","site-post-title":"","ast-breadcrumbs-content":"","ast-featured-img":"","footer-sml-layout":"","theme-transparent-header-meta":"","adv-header-id-meta":"","stick-header-meta":"","header-above-stick-meta":"","header-main-stick-meta":"","header-below-stick-meta":"","astra-migrate-meta-layouts":"set","ast-page-background-enabled":"default","ast-page-background-meta":{"desktop":{"background-color":"var(--ast-global-color-4)","background-image":"","background-repeat":"repeat","background-position":"center center","background-size":"auto","background-attachment":"scroll","background-type":"","background-media":"","overlay-type":"","overlay-color":"","overlay-gradient":""},"tablet":{"background-color":"","background-image":"","background-repeat":"repeat","background-position":"center center","background-size":"auto","background-attachment":"scroll","background-type":"","background-media":"","overlay-type":"","overlay-color":"","overlay-gradient":""},"mobile":{"background-color":"","background-image":"","background-repeat":"repeat","background-position":"center center","background-size":"auto","background-attachment":"scroll","background-type":"","background-media":"","overlay-type":"","overlay-color":"","overlay-gradient":""}},"ast-content-background-meta":{"desktop":{"background-color":"var(--ast-global-color-5)","background-image":"","background-repeat":"repeat","background-position":"center center","background-size":"auto","background-attachment":"scroll","background-type":"","background-media":"","overlay-type":"","overlay-color":"","overlay-gradient":""},"tablet":{"background-color":"var(--ast-global-color-5)","background-image":"","background-repeat":"repeat","background-position":"center center","background-size":"auto","background-attachment":"scroll","background-type":"","background-media":"","overlay-type":"","overlay-color":"","overlay-gradient":""},"mobile":{"background-color":"var(--ast-global-color-5)","background-image":"","background-repeat":"repeat","background-position":"center center","background-size":"auto","background-attachment":"scroll","background-type":"","background-media":"","overlay-type":"","overlay-color":"","overlay-gradient":""}},"footnotes":""},"class_list":["post-692","page","type-page","status-publish","hentry"],"uagb_featured_image_src":{"full":false,"thumbnail":false,"medium":false,"medium_large":false,"large":false,"1536x1536":false,"2048x2048":false},"uagb_author_info":{"display_name":"adminsites@uepa.br","author_link":"https:\/\/propesp.uepa.br\/ppgcr\/author\/adminsitesuepa-br\/"},"uagb_comment_info":0,"uagb_excerpt":"O selo Observat\u00f3rio da Religi\u00e3o \u00e9 concebido como um instituto de indu\u00e7\u00e3o de publica\u00e7\u00f5es individuais e coletivas de docentes, discentes e pesquisadores(as) externos(as) em coopera\u00e7\u00e3o com as atividades de ensino e pesquisa do Programa de P\u00f3s-gradua\u00e7\u00e3o em Ci\u00eancias da Religi\u00e3o da Universidade do Estado do Par\u00e1 (UEPA).","_links":{"self":[{"href":"https:\/\/propesp.uepa.br\/ppgcr\/wp-json\/wp\/v2\/pages\/692","targetHints":{"allow":["GET"]}}],"collection":[{"href":"https:\/\/propesp.uepa.br\/ppgcr\/wp-json\/wp\/v2\/pages"}],"about":[{"href":"https:\/\/propesp.uepa.br\/ppgcr\/wp-json\/wp\/v2\/types\/page"}],"author":[{"embeddable":true,"href":"https:\/\/propesp.uepa.br\/ppgcr\/wp-json\/wp\/v2\/users\/1"}],"replies":[{"embeddable":true,"href":"https:\/\/propesp.uepa.br\/ppgcr\/wp-json\/wp\/v2\/comments?post=692"}],"version-history":[{"count":13,"href":"https:\/\/propesp.uepa.br\/ppgcr\/wp-json\/wp\/v2\/pages\/692\/revisions"}],"predecessor-version":[{"id":831,"href":"https:\/\/propesp.uepa.br\/ppgcr\/wp-json\/wp\/v2\/pages\/692\/revisions\/831"}],"wp:attachment":[{"href":"https:\/\/propesp.uepa.br\/ppgcr\/wp-json\/wp\/v2\/media?parent=692"}],"curies":[{"name":"wp","href":"https:\/\/api.w.org\/{rel}","templated":true}]}}