{"id":1052,"date":"2019-08-15T09:40:43","date_gmt":"2019-08-15T12:40:43","guid":{"rendered":"http:\/\/ccse.uepa.br\/mestradoeducacao\/?page_id=1052"},"modified":"2026-01-23T15:31:39","modified_gmt":"2026-01-23T18:31:39","slug":"grupos-de-pesquisas-2","status":"publish","type":"page","link":"https:\/\/propesp.uepa.br\/ppged\/grupos-de-pesquisas-2\/","title":{"rendered":"Grupos de Pesquisas"},"content":{"rendered":"\n<div class=\"wp-block-group is-layout-constrained wp-block-group-is-layout-constrained\">\n<div class=\"wp-block-columns is-layout-flex wp-container-core-columns-is-layout-28f84493 wp-block-columns-is-layout-flex\">\n<div class=\"wp-block-column is-layout-flow wp-block-column-is-layout-flow\">\n<div class=\"wp-block-uagb-container uagb-block-dc976045 alignfull uagb-is-root-container\"><div class=\"uagb-container-inner-blocks-wrap\">\n<div class=\"wp-block-uagb-container uagb-block-1de70822\">\n<div class=\"wp-block-uagb-image aligncenter uagb-block-bec5b42f wp-block-uagb-image--layout-default wp-block-uagb-image--effect-static wp-block-uagb-image--align-center\"><figure class=\"wp-block-uagb-image__figure\"><img decoding=\"async\" srcset=\"https:\/\/propesp.uepa.br\/ppged\/wp-content\/uploads\/2026\/01\/grupema_logo-removebg-preview.png ,https:\/\/propesp.uepa.br\/ppged\/wp-content\/uploads\/2026\/01\/grupema_logo-removebg-preview.png 780w, https:\/\/propesp.uepa.br\/ppged\/wp-content\/uploads\/2026\/01\/grupema_logo-removebg-preview.png 360w\" sizes=\"auto, (max-width: 480px) 150px\" src=\"https:\/\/propesp.uepa.br\/ppged\/wp-content\/uploads\/2026\/01\/grupema_logo-removebg-preview.png\" alt=\"\" class=\"uag-image-11789\" width=\"204\" height=\"102\" title=\"\" loading=\"lazy\"\/><\/figure><\/div>\n<\/div>\n\n\n\n<div class=\"wp-block-uagb-advanced-heading uagb-block-a87272c9\"><h3 class=\"uagb-heading-text\"><strong><a href=\"http:\/\/facebook.com\/uepagrupema\/\">GRUPEMA<\/a><\/strong><\/h3><\/div>\n\n\n\n<p class=\"has-text-align-center has-ast-global-color-8-color has-text-color has-link-color wp-elements-ac96a8088362eea1c1c2a9311380778d\">Grupo de Pesquisas em Educa\u00e7\u00e3o e Meio Ambiente<\/p>\n\n\n\n<p class=\"has-text-align-center has-ast-global-color-8-color has-text-color has-link-color wp-elements-3ab0dfb67ff6a8b6b2adf9e2f260bac5\">L\u00edder: Maria das Gra\u00e7as da Silva<\/p>\n<\/div><\/div>\n\n\n\n<div class=\"wp-block-uagb-container uagb-block-bbd28fc7 alignfull uagb-is-root-container\"><div class=\"uagb-container-inner-blocks-wrap\">\n<div class=\"wp-block-uagb-container uagb-block-8ead50dc\">\n<div class=\"wp-block-uagb-image aligncenter uagb-block-6f403c59 wp-block-uagb-image--layout-default wp-block-uagb-image--effect-static wp-block-uagb-image--align-center\"><figure class=\"wp-block-uagb-image__figure\"><img decoding=\"async\" srcset=\"https:\/\/propesp.uepa.br\/ppged\/wp-content\/uploads\/2026\/01\/gelpea-logo.jpg ,https:\/\/propesp.uepa.br\/ppged\/wp-content\/uploads\/2026\/01\/gelpea-logo.jpg 780w, https:\/\/propesp.uepa.br\/ppged\/wp-content\/uploads\/2026\/01\/gelpea-logo.jpg 360w\" sizes=\"auto, (max-width: 480px) 150px\" src=\"https:\/\/propesp.uepa.br\/ppged\/wp-content\/uploads\/2026\/01\/gelpea-logo.jpg\" alt=\"\" class=\"uag-image-11790\" width=\"174\" height=\"131\" title=\"\" loading=\"lazy\"\/><\/figure><\/div>\n<\/div>\n\n\n\n<div class=\"wp-block-uagb-advanced-heading uagb-block-2a9ffa84\"><h3 class=\"uagb-heading-text\"><strong><a href=\"https:\/\/www.instagram.com\/gelpea\/\">GELPEA<\/a><\/strong><\/h3><\/div>\n\n\n\n<p class=\"has-text-align-center has-ast-global-color-8-color has-text-color has-link-color wp-elements-82747f3624bc0248e0c95be381e8c337\">Grupo de Estudos em Linguagens e Pr\u00e1ticas Educacionais na Amaz\u00f4nia<\/p>\n\n\n\n<p class=\"has-text-align-center has-ast-global-color-8-color has-text-color has-link-color wp-elements-9952af2361a75655fc17a8343f9dce5a\">L\u00edder: Jos\u00e9 Anchieta de Oliveira Bentes<\/p>\n<\/div><\/div>\n\n\n\n<div class=\"wp-block-uagb-container uagb-block-2b613c2d alignfull uagb-is-root-container\"><div class=\"uagb-container-inner-blocks-wrap\">\n<div class=\"wp-block-uagb-container uagb-block-06516785\">\n<div class=\"wp-block-uagb-image aligncenter uagb-block-a11ff265 wp-block-uagb-image--layout-default wp-block-uagb-image--effect-static wp-block-uagb-image--align-center\"><figure class=\"wp-block-uagb-image__figure\"><img decoding=\"async\" srcset=\"https:\/\/propesp.uepa.br\/ppged\/wp-content\/uploads\/2026\/01\/gheda-removebg-preview.png ,https:\/\/propesp.uepa.br\/ppged\/wp-content\/uploads\/2026\/01\/gheda-removebg-preview.png 780w, https:\/\/propesp.uepa.br\/ppged\/wp-content\/uploads\/2026\/01\/gheda-removebg-preview.png 360w\" sizes=\"auto, (max-width: 480px) 150px\" src=\"https:\/\/propesp.uepa.br\/ppged\/wp-content\/uploads\/2026\/01\/gheda-removebg-preview.png\" alt=\"\" class=\"uag-image-11791\" width=\"193\" height=\"111\" title=\"\" loading=\"lazy\"\/><\/figure><\/div>\n<\/div>\n\n\n\n<div class=\"wp-block-uagb-advanced-heading uagb-block-93592ed8\"><h3 class=\"uagb-heading-text\"><strong><a href=\"http:\/\/www.gheda.com.br\/\">GHEDA<\/a><\/strong><\/h3><\/div>\n\n\n\n<p class=\"has-text-align-center has-ast-global-color-8-color has-text-color has-link-color wp-elements-b44f9f113a1edf9fb3213d0e84b69235\">Grupo de Pesquisa Hist\u00f3ria da Educa\u00e7\u00e3o na Amaz\u00f4nia<\/p>\n\n\n\n<p class=\"has-text-align-center has-ast-global-color-8-color has-text-color has-link-color wp-elements-d581798061e7b8470265e0981d0eec84\">L\u00edderes: Maria Bet\u00e2nia Albuquerque e Maria do Socorro Fran\u00e7a<\/p>\n<\/div><\/div>\n\n\n\n<div class=\"wp-block-uagb-container uagb-block-6cde43bd alignfull uagb-is-root-container\"><div class=\"uagb-container-inner-blocks-wrap\">\n<div class=\"wp-block-uagb-container uagb-block-561640c3\">\n<div class=\"wp-block-uagb-image aligncenter uagb-block-971214c5 wp-block-uagb-image--layout-default wp-block-uagb-image--effect-static wp-block-uagb-image--align-center\"><figure class=\"wp-block-uagb-image__figure\"><img decoding=\"async\" srcset=\"https:\/\/propesp.uepa.br\/ppged\/wp-content\/uploads\/2026\/01\/logo_atualizada-removebg-preview-1.png ,https:\/\/propesp.uepa.br\/ppged\/wp-content\/uploads\/2026\/01\/logo_atualizada-removebg-preview-1.png 780w, https:\/\/propesp.uepa.br\/ppged\/wp-content\/uploads\/2026\/01\/logo_atualizada-removebg-preview-1.png 360w\" sizes=\"auto, (max-width: 480px) 150px\" src=\"https:\/\/propesp.uepa.br\/ppged\/wp-content\/uploads\/2026\/01\/logo_atualizada-removebg-preview-1.png\" alt=\"\" class=\"uag-image-11796\" width=\"143\" height=\"118\" title=\"\" loading=\"lazy\"\/><\/figure><\/div>\n<\/div>\n\n\n\n<div class=\"wp-block-uagb-advanced-heading uagb-block-25c2ba64\"><h3 class=\"uagb-heading-text\"><strong><a href=\"https:\/\/ccse.uepa.br\/dfcs\/jeds\/\">JEDS<\/a><\/strong><\/h3><\/div>\n\n\n\n<p class=\"has-text-align-center has-ast-global-color-8-color has-text-color has-link-color wp-elements-ba2503aa6195215929a6081054739f8c\">Grupo de Pesquisa Juventude, Educa\u00e7\u00e3o, G\u00eanero, Sexualidade e Sociabilidades<\/p>\n\n\n\n<p class=\"has-text-align-center has-ast-global-color-8-color has-text-color has-link-color wp-elements-611d2ca59ac50b4e0f0a2b1ae4dc74e5\">L\u00edder: Luc\u00e9lia Bassalo<\/p>\n<\/div><\/div>\n\n\n\n<div class=\"wp-block-uagb-container uagb-block-61c6fa39 alignfull uagb-is-root-container\"><div class=\"uagb-container-inner-blocks-wrap\">\n<div class=\"wp-block-uagb-container uagb-block-94bbddac\">\n<div class=\"wp-block-uagb-image aligncenter uagb-block-bc0f3305 wp-block-uagb-image--layout-default wp-block-uagb-image--effect-static wp-block-uagb-image--align-center\"><figure class=\"wp-block-uagb-image__figure\"><img decoding=\"async\" srcset=\"https:\/\/propesp.uepa.br\/ppged\/wp-content\/uploads\/2026\/01\/geppsema.jpg ,https:\/\/propesp.uepa.br\/ppged\/wp-content\/uploads\/2026\/01\/geppsema.jpg 780w, https:\/\/propesp.uepa.br\/ppged\/wp-content\/uploads\/2026\/01\/geppsema.jpg 360w\" sizes=\"auto, (max-width: 480px) 150px\" src=\"https:\/\/propesp.uepa.br\/ppged\/wp-content\/uploads\/2026\/01\/geppsema.jpg\" alt=\"\" class=\"uag-image-11793\" width=\"129\" height=\"129\" title=\"\" loading=\"lazy\"\/><\/figure><\/div>\n<\/div>\n\n\n\n<div class=\"wp-block-uagb-advanced-heading uagb-block-f9da0420\"><h3 class=\"uagb-heading-text\"><strong><a href=\"https:\/\/www.instagram.com\/geppsema_uepa\/\">GEPPSEMA<\/a><\/strong><\/h3><\/div>\n\n\n\n<p class=\"has-text-align-center has-ast-global-color-8-color has-text-color has-link-color wp-elements-09164ac7342c7a7884e738297b73ab0d\"><mark style=\"background-color:rgba(0, 0, 0, 0)\" class=\"has-inline-color has-ast-global-color-8-color\">Grupo de Estudo e Pesquisa em Pensamento Social e educacional das margens da Amaz\u00f4nia<\/mark><\/p>\n\n\n\n<p class=\"has-text-align-center has-ast-global-color-8-color has-text-color has-link-color wp-elements-405bf32d8129b081ad362a9c98eee145\">L\u00edder: S\u00e9rgio C\u00f4rrea<\/p>\n<\/div><\/div>\n\n\n\n<div class=\"wp-block-uagb-container uagb-block-27fceaa8 alignfull uagb-is-root-container\"><div class=\"uagb-container-inner-blocks-wrap\">\n<div class=\"wp-block-uagb-container uagb-block-66786c6c\">\n<div class=\"wp-block-uagb-image aligncenter uagb-block-913020a5 wp-block-uagb-image--layout-default wp-block-uagb-image--effect-static wp-block-uagb-image--align-center\"><figure class=\"wp-block-uagb-image__figure\"><img decoding=\"async\" srcset=\"https:\/\/propesp.uepa.br\/ppged\/wp-content\/uploads\/2026\/01\/rppda-removebg-preview.png ,https:\/\/propesp.uepa.br\/ppged\/wp-content\/uploads\/2026\/01\/rppda-removebg-preview.png 780w, https:\/\/propesp.uepa.br\/ppged\/wp-content\/uploads\/2026\/01\/rppda-removebg-preview.png 360w\" sizes=\"auto, (max-width: 480px) 150px\" src=\"https:\/\/propesp.uepa.br\/ppged\/wp-content\/uploads\/2026\/01\/rppda-removebg-preview.png\" alt=\"\" class=\"uag-image-11794\" width=\"143\" height=\"107\" title=\"\" loading=\"lazy\"\/><\/figure><\/div>\n<\/div>\n\n\n\n<div class=\"wp-block-uagb-advanced-heading uagb-block-abda52a5\"><h3 class=\"uagb-heading-text\"><a href=\"https:\/\/www.instagram.com\/rededepedagogiasdecoloniais\/\"><strong>RPPDA<\/strong><\/a><\/h3><\/div>\n\n\n\n<p class=\"has-text-align-center has-ast-global-color-8-color has-text-color has-link-color wp-elements-d04a66e9efa020cb321ce37a9b3bc80f\"><mark style=\"background-color:rgba(0, 0, 0, 0)\" class=\"has-inline-color has-ast-global-color-8-color\"><mark style=\"background-color:rgba(0, 0, 0, 0)\" class=\"has-inline-color has-ast-global-color-8-color\">Rede de Pesquisas sobre Pedagogias Decoloniais na Amaz\u00f4nia<\/mark><\/mark><\/p>\n\n\n\n<p class=\"has-text-align-center has-ast-global-color-8-color has-text-color has-link-color wp-elements-5d41cf1e3e17d532b8e9bc2faa5589c3\">L\u00edder: Jo\u00e3o Colares<\/p>\n<\/div><\/div>\n\n\n\n<div class=\"wp-block-uagb-container uagb-block-1ec0e0fb alignfull uagb-is-root-container\"><div class=\"uagb-container-inner-blocks-wrap\">\n<div class=\"wp-block-uagb-container uagb-block-5355ac44\">\n<div class=\"wp-block-uagb-image aligncenter uagb-block-1d847470 wp-block-uagb-image--layout-default wp-block-uagb-image--effect-static wp-block-uagb-image--align-center\"><figure class=\"wp-block-uagb-image__figure\"><img decoding=\"async\" srcset=\"https:\/\/propesp.uepa.br\/ppged\/wp-content\/uploads\/2026\/01\/ressignificar_logo-removebg-preview.png ,https:\/\/propesp.uepa.br\/ppged\/wp-content\/uploads\/2026\/01\/ressignificar_logo-removebg-preview.png 780w, https:\/\/propesp.uepa.br\/ppged\/wp-content\/uploads\/2026\/01\/ressignificar_logo-removebg-preview.png 360w\" sizes=\"auto, (max-width: 480px) 150px\" src=\"https:\/\/propesp.uepa.br\/ppged\/wp-content\/uploads\/2026\/01\/ressignificar_logo-removebg-preview.png\" alt=\"\" class=\"uag-image-11795\" width=\"400\" height=\"200\" title=\"\" loading=\"lazy\"\/><\/figure><\/div>\n<\/div>\n\n\n\n<div class=\"wp-block-uagb-advanced-heading uagb-block-7327a162\"><h3 class=\"uagb-heading-text\"><strong><a href=\"https:\/\/www.instagram.com\/gruporessignificar\/\">RessignificaR<\/a><\/strong><\/h3><\/div>\n\n\n\n<p class=\"has-text-align-center has-ast-global-color-8-color has-text-color has-link-color wp-elements-049be24b7ea07203a33a4996830b5758\"><mark style=\"background-color:rgba(0, 0, 0, 0)\" class=\"has-inline-color has-ast-global-color-8-color\"><mark style=\"background-color:rgba(0, 0, 0, 0)\" class=\"has-inline-color has-ast-global-color-8-color\"><mark style=\"background-color:rgba(0, 0, 0, 0)\" class=\"has-inline-color has-ast-global-color-8-color\">Experi\u00eancias Inovadoras na Forma\u00e7\u00e3o de Professores e Pr\u00e1tica Pedag\u00f3gica em Educa\u00e7\u00e3o F\u00edsica<\/mark><\/mark><\/mark><\/p>\n\n\n\n<p class=\"has-text-align-center has-ast-global-color-8-color has-text-color has-link-color wp-elements-6b7b659d891e0756804a11c0b85dcb7d\">L\u00edder: Marta Gen\u00fa<\/p>\n<\/div><\/div>\n\n\n\n<div class=\"wp-block-uagb-container uagb-block-3addae33 alignfull uagb-is-root-container\"><div class=\"uagb-container-inner-blocks-wrap\">\n<div class=\"wp-block-uagb-container uagb-block-f579e8b1\">\n<div class=\"wp-block-uagb-image aligncenter uagb-block-aeb84ec2 wp-block-uagb-image--layout-default wp-block-uagb-image--effect-static wp-block-uagb-image--align-center\"><figure class=\"wp-block-uagb-image__figure\"><img decoding=\"async\" srcset=\"https:\/\/propesp.uepa.br\/ppged\/wp-content\/uploads\/2026\/01\/gefes-logo-removebg-preview.png ,https:\/\/propesp.uepa.br\/ppged\/wp-content\/uploads\/2026\/01\/gefes-logo-removebg-preview.png 780w, https:\/\/propesp.uepa.br\/ppged\/wp-content\/uploads\/2026\/01\/gefes-logo-removebg-preview.png 360w\" sizes=\"auto, (max-width: 480px) 150px\" src=\"https:\/\/propesp.uepa.br\/ppged\/wp-content\/uploads\/2026\/01\/gefes-logo-removebg-preview.png\" alt=\"\" class=\"uag-image-11797\" width=\"121\" height=\"121\" title=\"\" loading=\"lazy\"\/><\/figure><\/div>\n<\/div>\n\n\n\n<div class=\"wp-block-uagb-advanced-heading uagb-block-dd3a02a9\"><h3 class=\"uagb-heading-text\"><strong><a href=\"https:\/\/www.instagram.com\/gefesuepa\/\">GEFES<\/a><\/strong><\/h3><\/div>\n\n\n\n<p class=\"has-text-align-center has-ast-global-color-8-color has-text-color has-link-color wp-elements-60476937f359c1562ace3479834575ae\"><mark style=\"background-color:rgba(0, 0, 0, 0)\" class=\"has-inline-color has-ast-global-color-8-color\"><mark style=\"background-color:rgba(0, 0, 0, 0)\" class=\"has-inline-color has-ast-global-color-8-color\"><mark style=\"background-color:rgba(0, 0, 0, 0)\" class=\"has-inline-color has-ast-global-color-8-color\">Grupo de Estudos sobre G\u00eanero, Feminismos e Sexualidades<\/mark><\/mark><\/mark><\/p>\n\n\n\n<p class=\"has-text-align-center has-ast-global-color-8-color has-text-color has-link-color wp-elements-83cad316e805dec2d52fcfabf7288ba8\">L\u00edder: Lana Macedo<\/p>\n<\/div><\/div>\n\n\n\n<div class=\"wp-block-uagb-container uagb-block-336eed46 alignfull uagb-is-root-container\"><div class=\"uagb-container-inner-blocks-wrap\">\n<div class=\"wp-block-uagb-advanced-heading uagb-block-4ca15f7d\"><h3 class=\"uagb-heading-text\"><strong><a href=\"http:\/\/dgp.cnpq.br\/dgp\/espelhogrupo\/564844\">GERMAA<\/a><\/strong><\/h3><\/div>\n\n\n\n<p class=\"has-text-align-center has-ast-global-color-8-color has-text-color has-link-color wp-elements-29bc5dddc69dac390bcc37ca18e465f3\">Grupo de Estudos de Religi\u00f5es de Matrizes Africanas na Amaz\u00f4nia<\/p>\n\n\n\n<p class=\"has-text-align-center has-ast-global-color-8-color has-text-color has-link-color wp-elements-98f9286bbdaad95f077e758908c304f8\">L\u00edder: Taissa Tavernard<\/p>\n<\/div><\/div>\n\n\n\n<div class=\"wp-block-uagb-container uagb-block-07366aeb alignfull uagb-is-root-container\"><div class=\"uagb-container-inner-blocks-wrap\">\n<div class=\"wp-block-uagb-advanced-heading uagb-block-0c5d881c\"><h3 class=\"uagb-heading-text\"><strong><a href=\"https:\/\/sites.google.com\/uepa.br\/gpemt\">GPEMT<\/a><\/strong><\/h3><\/div>\n\n\n\n<p class=\"has-text-align-center has-ast-global-color-8-color has-text-color has-link-color wp-elements-465de6a3c3804c76321d66adcafb38d8\">Grupo de Pesquisa em Ensino da Matem\u00e1tica e Tecnologias<\/p>\n\n\n\n<p class=\"has-text-align-center has-ast-global-color-8-color has-text-color has-link-color wp-elements-c82150ea3e167e990282870d402f88f8\">L\u00edder: Rosineide Juc\u00e1<\/p>\n<\/div><\/div>\n\n\n\n<div class=\"wp-block-uagb-container uagb-block-618578aa alignfull uagb-is-root-container\"><div class=\"uagb-container-inner-blocks-wrap\">\n<div class=\"wp-block-uagb-advanced-heading uagb-block-c9f5b3bc\"><h3 class=\"uagb-heading-text\"><strong><a href=\"http:\/\/dgp.cnpq.br\/dgp\/espelhogrupo\/19302\">Cogni\u00e7\u00e3o e Educa\u00e7\u00e3o Matem\u00e1tica<\/a><\/strong><\/h3><\/div>\n\n\n\n<p class=\"has-text-align-center has-ast-global-color-8-color has-text-color has-link-color wp-elements-438508875c2036c8015ccc3e755e4351\">L\u00edder: Pedro S\u00e1<\/p>\n<\/div><\/div>\n\n\n\n<div class=\"wp-block-uagb-container uagb-block-909a2e69 alignfull uagb-is-root-container\"><div class=\"uagb-container-inner-blocks-wrap\">\n<div class=\"wp-block-uagb-advanced-heading uagb-block-8c940a98\"><h3 class=\"uagb-heading-text\"><strong>Inf\u00e2ncia, Cultura e Educa\u00e7\u00e3o<\/strong><\/h3><\/div>\n\n\n\n<p class=\"has-text-align-center has-ast-global-color-8-color has-text-color has-link-color wp-elements-fdc14ec3591b7b4ed121799af3f29cf8\">L\u00edderes: T\u00e2nia Lobato e Nazar\u00e9 Cristina<\/p>\n<\/div><\/div>\n<\/div>\n<\/div>\n<\/div>\n\n\n\n<p class=\"has-text-align-center has-ast-global-color-8-color has-text-color has-link-color has-medium-font-size wp-elements-a6a7208723f46d4ceeb9170c34c12304\"><strong>N\u00daCLEOS DE PESQUISA<\/strong><\/p>\n\n\n\n<div class=\"wp-block-columns is-layout-flex wp-container-core-columns-is-layout-28f84493 wp-block-columns-is-layout-flex\">\n<div class=\"wp-block-column is-layout-flow wp-block-column-is-layout-flow\">\n<div class=\"wp-block-uagb-container uagb-block-9ad7ef78 alignfull uagb-is-root-container\"><div class=\"uagb-container-inner-blocks-wrap\">\n<div class=\"wp-block-uagb-image aligncenter uagb-block-4c88e7ac wp-block-uagb-image--layout-default wp-block-uagb-image--effect-static wp-block-uagb-image--align-center\"><figure class=\"wp-block-uagb-image__figure\"><img decoding=\"async\" srcset=\"https:\/\/propesp.uepa.br\/ppged\/wp-content\/uploads\/2026\/01\/images-removebg-preview.png ,https:\/\/propesp.uepa.br\/ppged\/wp-content\/uploads\/2026\/01\/images-removebg-preview.png 780w, https:\/\/propesp.uepa.br\/ppged\/wp-content\/uploads\/2026\/01\/images-removebg-preview.png 360w\" sizes=\"auto, (max-width: 480px) 150px\" src=\"https:\/\/propesp.uepa.br\/ppged\/wp-content\/uploads\/2026\/01\/images-removebg-preview.png\" alt=\"\" class=\"uag-image-11799\" width=\"135\" height=\"135\" title=\"\" loading=\"lazy\"\/><\/figure><\/div>\n\n\n\n<div class=\"wp-block-uagb-advanced-heading uagb-block-38382016\"><h3 class=\"uagb-heading-text\"><strong><a href=\"https:\/\/www.instagram.com\/nepuepaoficial\/\">NEP\/UEPA<\/a><\/strong><\/h3><\/div>\n\n\n\n<p class=\"has-text-align-center has-ast-global-color-8-color has-text-color has-link-color wp-elements-c722b1da9d0c41eefa672b0b94a0a18d\">L\u00edderes: T\u00e2nia Regina Lobato e Nazar\u00e9 Cristina<\/p>\n<\/div><\/div>\n\n\n\n<div class=\"wp-block-uagb-container uagb-block-31dc2533 alignfull uagb-is-root-container\"><div class=\"uagb-container-inner-blocks-wrap\">\n<div class=\"wp-block-uagb-image aligncenter uagb-block-341e5988 wp-block-uagb-image--layout-default wp-block-uagb-image--effect-static wp-block-uagb-image--align-center\"><figure class=\"wp-block-uagb-image__figure\"><img decoding=\"async\" srcset=\"https:\/\/propesp.uepa.br\/ppged\/wp-content\/uploads\/2026\/01\/cuma.jpg ,https:\/\/propesp.uepa.br\/ppged\/wp-content\/uploads\/2026\/01\/cuma.jpg 780w, https:\/\/propesp.uepa.br\/ppged\/wp-content\/uploads\/2026\/01\/cuma.jpg 360w\" sizes=\"auto, (max-width: 480px) 150px\" src=\"https:\/\/propesp.uepa.br\/ppged\/wp-content\/uploads\/2026\/01\/cuma.jpg\" alt=\"\" class=\"uag-image-11798\" width=\"153\" height=\"153\" title=\"\" loading=\"lazy\"\/><\/figure><\/div>\n\n\n\n<div class=\"wp-block-uagb-advanced-heading uagb-block-43279c4a\"><h3 class=\"uagb-heading-text\"><strong><a href=\"https:\/\/www.instagram.com\/nucleocuma\/\">CUMA<\/a><\/strong><\/h3><\/div>\n\n\n\n<p class=\"has-text-align-center has-ast-global-color-8-color has-text-color has-link-color wp-elements-ec5cb05254fdefaa2a1fd95160d2cbe6\">N\u00facleo de Pesquisa Cultura e Mem\u00f3rias Amaz\u00f4nicas<\/p>\n<\/div><\/div>\n<\/div>\n<\/div>\n\n\n\n<p><\/p>\n","protected":false},"excerpt":{"rendered":"<p>GRUPEMA Grupo de Pesquisas em Educa\u00e7\u00e3o e Meio Ambiente L\u00edder: Maria das Gra\u00e7as da Silva GELPEA Grupo de Estudos em Linguagens e Pr\u00e1ticas Educacionais na Amaz\u00f4nia L\u00edder: Jos\u00e9 Anchieta de Oliveira Bentes GHEDA Grupo de Pesquisa Hist\u00f3ria da Educa\u00e7\u00e3o na Amaz\u00f4nia L\u00edderes: Maria Bet\u00e2nia Albuquerque e Maria do Socorro Fran\u00e7a JEDS Grupo de Pesquisa Juventude, [&hellip;]<\/p>\n","protected":false},"author":1,"featured_media":4147,"parent":0,"menu_order":0,"comment_status":"closed","ping_status":"closed","template":"","meta":{"_uag_custom_page_level_css":"","site-sidebar-layout":"default","site-content-layout":"","ast-site-content-layout":"","site-content-style":"default","site-sidebar-style":"default","ast-global-header-display":"","ast-banner-title-visibility":"","ast-main-header-display":"","ast-hfb-above-header-display":"","ast-hfb-below-header-display":"","ast-hfb-mobile-header-display":"","site-post-title":"","ast-breadcrumbs-content":"","ast-featured-img":"","footer-sml-layout":"","theme-transparent-header-meta":"","adv-header-id-meta":"","stick-header-meta":"","header-above-stick-meta":"","header-main-stick-meta":"","header-below-stick-meta":"","astra-migrate-meta-layouts":"default","ast-page-background-enabled":"default","ast-page-background-meta":{"desktop":{"background-color":"var(--ast-global-color-4)","background-image":"","background-repeat":"repeat","background-position":"center center","background-size":"auto","background-attachment":"scroll","background-type":"","background-media":"","overlay-type":"","overlay-color":"","overlay-gradient":""},"tablet":{"background-color":"","background-image":"","background-repeat":"repeat","background-position":"center center","background-size":"auto","background-attachment":"scroll","background-type":"","background-media":"","overlay-type":"","overlay-color":"","overlay-gradient":""},"mobile":{"background-color":"","background-image":"","background-repeat":"repeat","background-position":"center center","background-size":"auto","background-attachment":"scroll","background-type":"","background-media":"","overlay-type":"","overlay-color":"","overlay-gradient":""}},"ast-content-background-meta":{"desktop":{"background-color":"var(--ast-global-color-5)","background-image":"","background-repeat":"repeat","background-position":"center center","background-size":"auto","background-attachment":"scroll","background-type":"","background-media":"","overlay-type":"","overlay-color":"","overlay-gradient":""},"tablet":{"background-color":"var(--ast-global-color-5)","background-image":"","background-repeat":"repeat","background-position":"center center","background-size":"auto","background-attachment":"scroll","background-type":"","background-media":"","overlay-type":"","overlay-color":"","overlay-gradient":""},"mobile":{"background-color":"var(--ast-global-color-5)","background-image":"","background-repeat":"repeat","background-position":"center center","background-size":"auto","background-attachment":"scroll","background-type":"","background-media":"","overlay-type":"","overlay-color":"","overlay-gradient":""}},"footnotes":""},"class_list":["post-1052","page","type-page","status-publish","has-post-thumbnail","hentry"],"uagb_featured_image_src":{"full":false,"thumbnail":false,"medium":false,"medium_large":false,"large":false,"1536x1536":false,"2048x2048":false},"uagb_author_info":{"display_name":"adminsites@uepa.br","author_link":"https:\/\/propesp.uepa.br\/ppged\/author\/adminsitesuepa-br\/"},"uagb_comment_info":0,"uagb_excerpt":"GRUPEMA Grupo de Pesquisas em Educa\u00e7\u00e3o e Meio Ambiente L\u00edder: Maria das Gra\u00e7as da Silva GELPEA Grupo de Estudos em Linguagens e Pr\u00e1ticas Educacionais na Amaz\u00f4nia L\u00edder: Jos\u00e9 Anchieta de Oliveira Bentes GHEDA Grupo de Pesquisa Hist\u00f3ria da Educa\u00e7\u00e3o na Amaz\u00f4nia L\u00edderes: Maria Bet\u00e2nia Albuquerque e Maria do Socorro Fran\u00e7a JEDS Grupo de Pesquisa Juventude,&hellip;","_links":{"self":[{"href":"https:\/\/propesp.uepa.br\/ppged\/wp-json\/wp\/v2\/pages\/1052","targetHints":{"allow":["GET"]}}],"collection":[{"href":"https:\/\/propesp.uepa.br\/ppged\/wp-json\/wp\/v2\/pages"}],"about":[{"href":"https:\/\/propesp.uepa.br\/ppged\/wp-json\/wp\/v2\/types\/page"}],"author":[{"embeddable":true,"href":"https:\/\/propesp.uepa.br\/ppged\/wp-json\/wp\/v2\/users\/1"}],"replies":[{"embeddable":true,"href":"https:\/\/propesp.uepa.br\/ppged\/wp-json\/wp\/v2\/comments?post=1052"}],"version-history":[{"count":13,"href":"https:\/\/propesp.uepa.br\/ppged\/wp-json\/wp\/v2\/pages\/1052\/revisions"}],"predecessor-version":[{"id":11814,"href":"https:\/\/propesp.uepa.br\/ppged\/wp-json\/wp\/v2\/pages\/1052\/revisions\/11814"}],"wp:featuredmedia":[{"embeddable":true,"href":"https:\/\/propesp.uepa.br\/ppged\/wp-json\/"}],"wp:attachment":[{"href":"https:\/\/propesp.uepa.br\/ppged\/wp-json\/wp\/v2\/media?parent=1052"}],"curies":[{"name":"wp","href":"https:\/\/api.w.org\/{rel}","templated":true}]}}