{"id":1067,"date":"2017-05-11T16:23:02","date_gmt":"2017-05-11T19:23:02","guid":{"rendered":"http:\/\/ccse.uepa.br\/mestradoeducacao\/?page_id=1067"},"modified":"2024-02-08T13:33:11","modified_gmt":"2024-02-08T16:33:11","slug":"ano-2005-2","status":"publish","type":"page","link":"https:\/\/propesp.uepa.br\/ppged\/ano-2005-2\/","title":{"rendered":"Ano 2005 &#8211; 2007"},"content":{"rendered":"\n<div class=\"wp-block-group is-layout-constrained wp-block-group-is-layout-constrained\">\n<div class=\"wp-block-uagb-call-to-action uagb-block-cfdd4417 wp-block-button\"><div class=\"uagb-cta__wrap\"><h4 class=\"uagb-cta__title\"><strong>CARTOGRAFIA DE SABERES SUBJACENTES \u00c0S PR\u00c1TICAS EDUCATIVAS COTIDIANAS DO MOVIMENTO DOS TRABALHADORES SEM TERRA \u2013 MST NA AMAZ\u00d4NIA PARAENSE<\/strong><\/h4><p class=\"uagb-cta__desc\">Autor(a): Adriane Raquel Santana de Lima<br>Orientador: Prof\u00aa. Dr\u00aa. Maria das Gra\u00e7as Silva<\/p><\/div><div class=\"uagb-cta__buttons\"><a href=\"https:\/\/propesp.uepa.br\/ppged\/wp-content\/uploads\/dissertacoes\/01\/adriane_raquel_santana_de_lima.pdf\" class=\"uagb-cta__button-link-wrapper wp-block-button__link\" target=\"_blank\" rel=\"noopener noreferrer\">Ler mais<svg xmlns=\"https:\/\/www.w3.org\/2000\/svg\" viewBox=\"0 0 512 512\"><path d=\"M504.3 273.6l-112.1 104c-6.992 6.484-17.18 8.218-25.94 4.406c-8.758-3.812-14.42-12.45-14.42-21.1L351.9 288H32C14.33 288 .0002 273.7 .0002 255.1S14.33 224 32 224h319.9l0-72c0-9.547 5.66-18.19 14.42-22c8.754-3.809 18.95-2.075 25.94 4.41l112.1 104C514.6 247.9 514.6 264.1 504.3 273.6z\"><\/path><\/svg><\/a><\/div><\/div>\n\n\n\n<div class=\"wp-block-uagb-call-to-action uagb-block-813a483e wp-block-button\"><div class=\"uagb-cta__wrap\"><h4 class=\"uagb-cta__title\"><strong>INTERFACES ENTRE IDENTIDADE NEGRA E PROJETO PEDAG\u00d3GICO EM UMA ESCOLA P\u00daBLICA DE ANANINDEUA (PA)<\/strong><\/h4><p class=\"uagb-cta__desc\">Autor(a): Ana D\u2019arc Martins De Azevedo<br>Orientador: Prof\u00aa. Dr\u00aa. Ivanilde Apoluceno de Oliveira<\/p><\/div><div class=\"uagb-cta__buttons\"><a href=\"https:\/\/propesp.uepa.br\/ppged\/wp-content\/uploads\/dissertacoes\/01\/ana_d_arc_martins_de_azevedo.pdf\" class=\"uagb-cta__button-link-wrapper wp-block-button__link\" target=\"_blank\" rel=\"noopener noreferrer\">Ler mais<svg xmlns=\"https:\/\/www.w3.org\/2000\/svg\" viewBox=\"0 0 512 512\"><path d=\"M504.3 273.6l-112.1 104c-6.992 6.484-17.18 8.218-25.94 4.406c-8.758-3.812-14.42-12.45-14.42-21.1L351.9 288H32C14.33 288 .0002 273.7 .0002 255.1S14.33 224 32 224h319.9l0-72c0-9.547 5.66-18.19 14.42-22c8.754-3.809 18.95-2.075 25.94 4.41l112.1 104C514.6 247.9 514.6 264.1 504.3 273.6z\"><\/path><\/svg><\/a><\/div><\/div>\n\n\n\n<div class=\"wp-block-uagb-call-to-action uagb-block-5728d26c wp-block-button\"><div class=\"uagb-cta__wrap\"><h4 class=\"uagb-cta__title\"><strong>A PARTICIPA\u00c7\u00c3O COMO PR\u00c1XIS: SABERES E PR\u00c1TICAS NO COTIDIANO ESCOLAR<\/strong><\/h4><p class=\"uagb-cta__desc\">Autor(a): Ceila Ribeiro de Moraes<br>Orientador: Prof\u00aa. Dr\u00aa. Ivanilde Apoluceno de Oliveira<\/p><\/div><div class=\"uagb-cta__buttons\"><a href=\"https:\/\/propesp.uepa.br\/ppged\/wp-content\/uploads\/dissertacoes\/01\/ceila%20ribeiro%20de%20moraes.pdf\" class=\"uagb-cta__button-link-wrapper wp-block-button__link\" target=\"_blank\" rel=\"noopener noreferrer\">Ler mais<svg xmlns=\"https:\/\/www.w3.org\/2000\/svg\" viewBox=\"0 0 512 512\"><path d=\"M504.3 273.6l-112.1 104c-6.992 6.484-17.18 8.218-25.94 4.406c-8.758-3.812-14.42-12.45-14.42-21.1L351.9 288H32C14.33 288 .0002 273.7 .0002 255.1S14.33 224 32 224h319.9l0-72c0-9.547 5.66-18.19 14.42-22c8.754-3.809 18.95-2.075 25.94 4.41l112.1 104C514.6 247.9 514.6 264.1 504.3 273.6z\"><\/path><\/svg><\/a><\/div><\/div>\n\n\n\n<div class=\"wp-block-uagb-call-to-action uagb-block-d2fc655f wp-block-button\"><div class=\"uagb-cta__wrap\"><h4 class=\"uagb-cta__title\"><strong>AFETIVIDADE NA FORMA\u00c7\u00c3O DOCENTE: A RELA\u00c7\u00c3O PROFESSOR ALUNO COMO PROCESSO HUMANIZADOR<\/strong><\/h4><p class=\"uagb-cta__desc\">Autor: Edina Fialho Machado<br>Orientador: Prof\u00aa. Dr\u00aa. Maria Josefa de Souza T\u00e1vora<\/p><\/div><div class=\"uagb-cta__buttons\"><a href=\"https:\/\/propesp.uepa.br\/ppged\/wp-content\/uploads\/2021\/03\/edina_fialho_machado.pdf\" class=\"uagb-cta__button-link-wrapper wp-block-button__link\" target=\"_blank\" rel=\"noopener noreferrer\">Ler mais<svg xmlns=\"https:\/\/www.w3.org\/2000\/svg\" viewBox=\"0 0 512 512\"><path d=\"M504.3 273.6l-112.1 104c-6.992 6.484-17.18 8.218-25.94 4.406c-8.758-3.812-14.42-12.45-14.42-21.1L351.9 288H32C14.33 288 .0002 273.7 .0002 255.1S14.33 224 32 224h319.9l0-72c0-9.547 5.66-18.19 14.42-22c8.754-3.809 18.95-2.075 25.94 4.41l112.1 104C514.6 247.9 514.6 264.1 504.3 273.6z\"><\/path><\/svg><\/a><\/div><\/div>\n\n\n\n<div class=\"wp-block-uagb-call-to-action uagb-block-76e5214a wp-block-button\"><div class=\"uagb-cta__wrap\"><h4 class=\"uagb-cta__title\"><strong>EXPERI\u00caNCIAS FORMATIVAS DO PROSEI: DIVERSOS OLHARES DA FORMA\u00c7\u00c3O CONTINUADA DE PROFESSORAS DE CICLOS INICIAIS DE ENSINO FUNDAMENTAL E POSS\u00cdVEIS INTERFER\u00caNCIAS NA PR\u00c1TICA PEDAG\u00d3GICA.<\/strong><\/h4><p class=\"uagb-cta__desc\">Autor(a): Evaldo Ferreira Rodrigues<br>Orientador: Prof\u00aa. Dr\u00aa. Alb\u00eane Lis Monteiro<\/p><\/div><div class=\"uagb-cta__buttons\"><a href=\"https:\/\/propesp.uepa.br\/ppged\/wp-content\/uploads\/dissertacoes\/01\/evaldo_ferreira_rodrigues.pdf\" class=\"uagb-cta__button-link-wrapper wp-block-button__link\" target=\"_blank\" rel=\"noopener noreferrer\">Ler mais<svg xmlns=\"https:\/\/www.w3.org\/2000\/svg\" viewBox=\"0 0 512 512\"><path d=\"M504.3 273.6l-112.1 104c-6.992 6.484-17.18 8.218-25.94 4.406c-8.758-3.812-14.42-12.45-14.42-21.1L351.9 288H32C14.33 288 .0002 273.7 .0002 255.1S14.33 224 32 224h319.9l0-72c0-9.547 5.66-18.19 14.42-22c8.754-3.809 18.95-2.075 25.94 4.41l112.1 104C514.6 247.9 514.6 264.1 504.3 273.6z\"><\/path><\/svg><\/a><\/div><\/div>\n\n\n\n<div class=\"wp-block-uagb-call-to-action uagb-block-e8a40030 wp-block-button\"><div class=\"uagb-cta__wrap\"><h4 class=\"uagb-cta__title\"><strong>CARTOGRAFIA LINGU\u00cdSTICA E EDUCA\u00c7\u00c3O NA AMAZ\u00d4NIA: UM ESTUDO SEM\u00c2NTICO-LEXICAL DA FALA NA\/DA MICRORREGI\u00c3O MARAB\u00c1\/PAR\u00c1<\/strong><\/h4><p class=\"uagb-cta__desc\">Autor(a): F\u00e1bio Rog\u00e9rio Rodrigues Gomes<br>Orientador: Prof\u00aa. Dr\u00aa. Maria do Perp\u00e9tuo Socorro Cardoso da Silva<\/p><\/div><div class=\"uagb-cta__buttons\"><a href=\"https:\/\/propesp.uepa.br\/ppged\/wp-content\/uploads\/dissertacoes\/01\/fabio_rogerio_rodrigues_gomes.pdf\" class=\"uagb-cta__button-link-wrapper wp-block-button__link\" target=\"_blank\" rel=\"noopener noreferrer\">Ler mais<svg xmlns=\"https:\/\/www.w3.org\/2000\/svg\" viewBox=\"0 0 512 512\"><path d=\"M504.3 273.6l-112.1 104c-6.992 6.484-17.18 8.218-25.94 4.406c-8.758-3.812-14.42-12.45-14.42-21.1L351.9 288H32C14.33 288 .0002 273.7 .0002 255.1S14.33 224 32 224h319.9l0-72c0-9.547 5.66-18.19 14.42-22c8.754-3.809 18.95-2.075 25.94 4.41l112.1 104C514.6 247.9 514.6 264.1 504.3 273.6z\"><\/path><\/svg><\/a><\/div><\/div>\n\n\n\n<div class=\"wp-block-uagb-call-to-action uagb-block-edd494f1 wp-block-button\"><div class=\"uagb-cta__wrap\"><h4 class=\"uagb-cta__title\"><strong>A FORMA\u00c7\u00c3O DOS PROFESSORES: SABERES E PR\u00c1TICAS DE LETRAMENTO NA EDUCA\u00c7\u00c3O DE JOVENS E ADULTOS<\/strong><\/h4><p class=\"uagb-cta__desc\">Autor(a): Ioneli da Silva Bessa Ferreira<br>Orientadoras: Prof.\u00aa Dr.\u00aa Cely do Socorro Costa Nunes<\/p><\/div><div class=\"uagb-cta__buttons\"><a href=\"https:\/\/propesp.uepa.br\/ppged\/wp-content\/uploads\/dissertacoes\/01\/ioneli_da_silva_bessa_ferreira.pdf\" class=\"uagb-cta__button-link-wrapper wp-block-button__link\" target=\"_blank\" rel=\"noopener noreferrer\">Ler mais<svg xmlns=\"https:\/\/www.w3.org\/2000\/svg\" viewBox=\"0 0 512 512\"><path d=\"M504.3 273.6l-112.1 104c-6.992 6.484-17.18 8.218-25.94 4.406c-8.758-3.812-14.42-12.45-14.42-21.1L351.9 288H32C14.33 288 .0002 273.7 .0002 255.1S14.33 224 32 224h319.9l0-72c0-9.547 5.66-18.19 14.42-22c8.754-3.809 18.95-2.075 25.94 4.41l112.1 104C514.6 247.9 514.6 264.1 504.3 273.6z\"><\/path><\/svg><\/a><\/div><\/div>\n\n\n\n<div class=\"wp-block-uagb-call-to-action uagb-block-77c7e24a wp-block-button\"><div class=\"uagb-cta__wrap\"><h4 class=\"uagb-cta__title\"><strong>REPRESENTA\u00c7\u00d5ES SOBRE EU-OUTRO-OUTROS NO PROCESSO DE INCLUS\u00c3O DE PESSOAS COM NECESSIDADES ESPECIAIS EM DOIS PROGRAMAS DE EDUCA\u00c7\u00c3O E SA\u00daDE DE BEL\u00c9M DO PAR\u00c1<\/strong><\/h4><p class=\"uagb-cta__desc\">Autor(a): K\u00e1ssya Christinna Oliveira Rodrigues<br>Orientador: Prof\u00aa. Dr\u00aa. Ivanilde Apoluceno de Oliveira<\/p><\/div><div class=\"uagb-cta__buttons\"><a href=\"https:\/\/propesp.uepa.br\/ppged\/wp-content\/uploads\/dissertacoes\/01\/kassya_christinna_oliveira_da_silva.pdf\" class=\"uagb-cta__button-link-wrapper wp-block-button__link\" target=\"_blank\" rel=\"noopener noreferrer\">Ler mais<svg xmlns=\"https:\/\/www.w3.org\/2000\/svg\" viewBox=\"0 0 512 512\"><path d=\"M504.3 273.6l-112.1 104c-6.992 6.484-17.18 8.218-25.94 4.406c-8.758-3.812-14.42-12.45-14.42-21.1L351.9 288H32C14.33 288 .0002 273.7 .0002 255.1S14.33 224 32 224h319.9l0-72c0-9.547 5.66-18.19 14.42-22c8.754-3.809 18.95-2.075 25.94 4.41l112.1 104C514.6 247.9 514.6 264.1 504.3 273.6z\"><\/path><\/svg><\/a><\/div><\/div>\n\n\n\n<div class=\"wp-block-uagb-call-to-action uagb-block-8f8f6b33 wp-block-button\"><div class=\"uagb-cta__wrap\"><h4 class=\"uagb-cta__title\"><strong>LEITURAS DE SI: SABERES DOCENTES E HIST\u00d3RIAS DE VIDA DOS FORMADORES DE PROFESSORES DO CAMPUS UNIVERSIT\u00c1RIO DE CASTANHAL\/UFPA<\/strong><\/h4><p class=\"uagb-cta__desc\">Autor(a): Leandro Passarinho Reis Junior<br>Orientadoras: Prof. Dr. Emmanuel Ribeiro Cunha<\/p><\/div><div class=\"uagb-cta__buttons\"><a href=\"https:\/\/propesp.uepa.br\/ppged\/wp-content\/uploads\/dissertacoes\/01\/leandro_passarinho_reis_junior.pdf\" class=\"uagb-cta__button-link-wrapper wp-block-button__link\" target=\"_blank\" rel=\"noopener noreferrer\">Ler mais<svg xmlns=\"https:\/\/www.w3.org\/2000\/svg\" viewBox=\"0 0 512 512\"><path d=\"M504.3 273.6l-112.1 104c-6.992 6.484-17.18 8.218-25.94 4.406c-8.758-3.812-14.42-12.45-14.42-21.1L351.9 288H32C14.33 288 .0002 273.7 .0002 255.1S14.33 224 32 224h319.9l0-72c0-9.547 5.66-18.19 14.42-22c8.754-3.809 18.95-2.075 25.94 4.41l112.1 104C514.6 247.9 514.6 264.1 504.3 273.6z\"><\/path><\/svg><\/a><\/div><\/div>\n\n\n\n<div class=\"wp-block-uagb-call-to-action uagb-block-5071a781 wp-block-button\"><div class=\"uagb-cta__wrap\"><h4 class=\"uagb-cta__title\"><strong>EM SITUA\u00c7\u00c3O DE VULNERABILIDADE SOCIAL EM SISTEMA DE INTERNA\u00c7\u00c3O<\/strong><\/h4><p class=\"uagb-cta__desc\">Autor(a): Maria Elena Nascimento de Lima<br>Orientador: Prof\u00aa. Dr\u00aa. Maria do Perp\u00e9tuo Socorro Gomes de Souza Avelino de Fran\u00e7a<\/p><\/div><div class=\"uagb-cta__buttons\"><a href=\"https:\/\/propesp.uepa.br\/ppged\/wp-content\/uploads\/dissertacoes\/01\/maria_elena_nascimento_de_lima.pdf\" class=\"uagb-cta__button-link-wrapper wp-block-button__link\" target=\"_blank\" rel=\"noopener noreferrer\">Ler mais<svg xmlns=\"https:\/\/www.w3.org\/2000\/svg\" viewBox=\"0 0 512 512\"><path d=\"M504.3 273.6l-112.1 104c-6.992 6.484-17.18 8.218-25.94 4.406c-8.758-3.812-14.42-12.45-14.42-21.1L351.9 288H32C14.33 288 .0002 273.7 .0002 255.1S14.33 224 32 224h319.9l0-72c0-9.547 5.66-18.19 14.42-22c8.754-3.809 18.95-2.075 25.94 4.41l112.1 104C514.6 247.9 514.6 264.1 504.3 273.6z\"><\/path><\/svg><\/a><\/div><\/div>\n\n\n\n<div class=\"wp-block-uagb-call-to-action uagb-block-3ba6a374 wp-block-button\"><div class=\"uagb-cta__wrap\"><h4 class=\"uagb-cta__title\"><strong>A INTERDISCIPLINARIDADE NO CURSO DE FORMA\u00c7\u00c3O DE PROFESSORES DA UEPA: MITO OU REALIDADE?<\/strong><\/h4><p class=\"uagb-cta__desc\">Autor(a): Maria Josevett Almeida Miranda<br>Orientador: Prof\u00aa. Dr\u00aa. Denise de Souza Sim\u00f5es Rodrigues<\/p><\/div><div class=\"uagb-cta__buttons\"><a href=\"https:\/\/propesp.uepa.br\/ppged\/wp-content\/uploads\/dissertacoes\/01\/maria_josevett_almeida_miranda.pdf\" class=\"uagb-cta__button-link-wrapper wp-block-button__link\" target=\"_blank\" rel=\"noopener noreferrer\">Ler mais<svg xmlns=\"https:\/\/www.w3.org\/2000\/svg\" viewBox=\"0 0 512 512\"><path d=\"M504.3 273.6l-112.1 104c-6.992 6.484-17.18 8.218-25.94 4.406c-8.758-3.812-14.42-12.45-14.42-21.1L351.9 288H32C14.33 288 .0002 273.7 .0002 255.1S14.33 224 32 224h319.9l0-72c0-9.547 5.66-18.19 14.42-22c8.754-3.809 18.95-2.075 25.94 4.41l112.1 104C514.6 247.9 514.6 264.1 504.3 273.6z\"><\/path><\/svg><\/a><\/div><\/div>\n\n\n\n<div class=\"wp-block-uagb-call-to-action uagb-block-b4a696ba wp-block-button\"><div class=\"uagb-cta__wrap\"><h4 class=\"uagb-cta__title\"><strong>ENTRE O RIO E A RUA CARTOGRAFIA DE SABERES ART\u00cdSTICO-CULTURAIS EMERGENTES DAS PR\u00c1TICAS EDUCATIVAS NA ILHA DE CARATATEUA, BEL\u00c9M DO PAR\u00c1.<\/strong><\/h4><p class=\"uagb-cta__desc\">Autor(a): Maria Roseli Sousa Santos<br>Orientador: Prof\u00aa. Dr\u00aa. Josebel Akel Fares<\/p><\/div><div class=\"uagb-cta__buttons\"><a href=\"https:\/\/propesp.uepa.br\/ppged\/wp-content\/uploads\/dissertacoes\/01\/maria_roseli_sousa_santos.pdf\" class=\"uagb-cta__button-link-wrapper wp-block-button__link\" target=\"_blank\" rel=\"noopener noreferrer\">Ler mais<svg xmlns=\"https:\/\/www.w3.org\/2000\/svg\" viewBox=\"0 0 512 512\"><path d=\"M504.3 273.6l-112.1 104c-6.992 6.484-17.18 8.218-25.94 4.406c-8.758-3.812-14.42-12.45-14.42-21.1L351.9 288H32C14.33 288 .0002 273.7 .0002 255.1S14.33 224 32 224h319.9l0-72c0-9.547 5.66-18.19 14.42-22c8.754-3.809 18.95-2.075 25.94 4.41l112.1 104C514.6 247.9 514.6 264.1 504.3 273.6z\"><\/path><\/svg><\/a><\/div><\/div>\n\n\n\n<div class=\"wp-block-uagb-call-to-action uagb-block-2caa798a wp-block-button\"><div class=\"uagb-cta__wrap\"><h4 class=\"uagb-cta__title\"><strong>ITINER\u00c2NCIAS FORMATIVAS: O PROCESSO DE CONSTRU\u00c7\u00c3O DA IDENTIDADE DOCENTE<\/strong><\/h4><p class=\"uagb-cta__desc\">Autor(a): Shyrley Patr\u00edcia Fiel dos Santos<br>Orientador: Prof\u00aa. Dr\u00aa. T\u00e2nia Regina Lobato dos Santos<\/p><\/div><div class=\"uagb-cta__buttons\"><a href=\"https:\/\/propesp.uepa.br\/ppged\/wp-content\/uploads\/dissertacoes\/01\/shyrley_patricia_fiel_dos_santos.pdf\" class=\"uagb-cta__button-link-wrapper wp-block-button__link\" target=\"_blank\" rel=\"noopener noreferrer\">Ler mais<svg xmlns=\"https:\/\/www.w3.org\/2000\/svg\" viewBox=\"0 0 512 512\"><path d=\"M504.3 273.6l-112.1 104c-6.992 6.484-17.18 8.218-25.94 4.406c-8.758-3.812-14.42-12.45-14.42-21.1L351.9 288H32C14.33 288 .0002 273.7 .0002 255.1S14.33 224 32 224h319.9l0-72c0-9.547 5.66-18.19 14.42-22c8.754-3.809 18.95-2.075 25.94 4.41l112.1 104C514.6 247.9 514.6 264.1 504.3 273.6z\"><\/path><\/svg><\/a><\/div><\/div>\n\n\n\n<div class=\"wp-block-uagb-call-to-action uagb-block-9d46f33e wp-block-button\"><div class=\"uagb-cta__wrap\"><h4 class=\"uagb-cta__title\"><strong>CONVERG\u00caNCIAS\/DIVERG\u00caNCIAS DE SABERES: DESVELANDO CONCEP\u00c7\u00d5ES DE CI\u00caNCIA E SA\u00daDE-DOEN\u00c7A EMERGENTES DO\/NO CURSO DE MEDICINA DA UEPA (2001-2006)<\/strong><\/h4><p class=\"uagb-cta__desc\">Autor(a): Vanja da Cunha Bezerra<br>Orientador: Prof\u00aa. Dr\u00aa. Elizabeth Teixeira<\/p><\/div><div class=\"uagb-cta__buttons\"><a href=\"https:\/\/propesp.uepa.br\/ppged\/wp-content\/uploads\/dissertacoes\/01\/vanja_cunha_bezerra.pdf\" class=\"uagb-cta__button-link-wrapper wp-block-button__link\" target=\"_blank\" rel=\"noopener noreferrer\">Ler mais<svg xmlns=\"https:\/\/www.w3.org\/2000\/svg\" viewBox=\"0 0 512 512\"><path d=\"M504.3 273.6l-112.1 104c-6.992 6.484-17.18 8.218-25.94 4.406c-8.758-3.812-14.42-12.45-14.42-21.1L351.9 288H32C14.33 288 .0002 273.7 .0002 255.1S14.33 224 32 224h319.9l0-72c0-9.547 5.66-18.19 14.42-22c8.754-3.809 18.95-2.075 25.94 4.41l112.1 104C514.6 247.9 514.6 264.1 504.3 273.6z\"><\/path><\/svg><\/a><\/div><\/div>\n<\/div>\n","protected":false},"excerpt":{"rendered":"","protected":false},"author":1,"featured_media":0,"parent":0,"menu_order":0,"comment_status":"closed","ping_status":"closed","template":"","meta":{"_uag_custom_page_level_css":"","site-sidebar-layout":"default","site-content-layout":"","ast-site-content-layout":"","site-content-style":"default","site-sidebar-style":"default","ast-global-header-display":"","ast-banner-title-visibility":"","ast-main-header-display":"","ast-hfb-above-header-display":"","ast-hfb-below-header-display":"","ast-hfb-mobile-header-display":"","site-post-title":"","ast-breadcrumbs-content":"","ast-featured-img":"","footer-sml-layout":"","theme-transparent-header-meta":"","adv-header-id-meta":"","stick-header-meta":"","header-above-stick-meta":"","header-main-stick-meta":"","header-below-stick-meta":"","astra-migrate-meta-layouts":"default","ast-page-background-enabled":"default","ast-page-background-meta":{"desktop":{"background-color":"var(--ast-global-color-4)","background-image":"","background-repeat":"repeat","background-position":"center center","background-size":"auto","background-attachment":"scroll","background-type":"","background-media":"","overlay-type":"","overlay-color":"","overlay-gradient":""},"tablet":{"background-color":"","background-image":"","background-repeat":"repeat","background-position":"center center","background-size":"auto","background-attachment":"scroll","background-type":"","background-media":"","overlay-type":"","overlay-color":"","overlay-gradient":""},"mobile":{"background-color":"","background-image":"","background-repeat":"repeat","background-position":"center center","background-size":"auto","background-attachment":"scroll","background-type":"","background-media":"","overlay-type":"","overlay-color":"","overlay-gradient":""}},"ast-content-background-meta":{"desktop":{"background-color":"var(--ast-global-color-5)","background-image":"","background-repeat":"repeat","background-position":"center center","background-size":"auto","background-attachment":"scroll","background-type":"","background-media":"","overlay-type":"","overlay-color":"","overlay-gradient":""},"tablet":{"background-color":"var(--ast-global-color-5)","background-image":"","background-repeat":"repeat","background-position":"center center","background-size":"auto","background-attachment":"scroll","background-type":"","background-media":"","overlay-type":"","overlay-color":"","overlay-gradient":""},"mobile":{"background-color":"var(--ast-global-color-5)","background-image":"","background-repeat":"repeat","background-position":"center center","background-size":"auto","background-attachment":"scroll","background-type":"","background-media":"","overlay-type":"","overlay-color":"","overlay-gradient":""}},"footnotes":""},"class_list":["post-1067","page","type-page","status-publish","hentry"],"uagb_featured_image_src":{"full":false,"thumbnail":false,"medium":false,"medium_large":false,"large":false,"1536x1536":false,"2048x2048":false},"uagb_author_info":{"display_name":"adminsites@uepa.br","author_link":"https:\/\/propesp.uepa.br\/ppged\/author\/adminsitesuepa-br\/"},"uagb_comment_info":0,"uagb_excerpt":null,"_links":{"self":[{"href":"https:\/\/propesp.uepa.br\/ppged\/wp-json\/wp\/v2\/pages\/1067","targetHints":{"allow":["GET"]}}],"collection":[{"href":"https:\/\/propesp.uepa.br\/ppged\/wp-json\/wp\/v2\/pages"}],"about":[{"href":"https:\/\/propesp.uepa.br\/ppged\/wp-json\/wp\/v2\/types\/page"}],"author":[{"embeddable":true,"href":"https:\/\/propesp.uepa.br\/ppged\/wp-json\/wp\/v2\/users\/1"}],"replies":[{"embeddable":true,"href":"https:\/\/propesp.uepa.br\/ppged\/wp-json\/wp\/v2\/comments?post=1067"}],"version-history":[{"count":6,"href":"https:\/\/propesp.uepa.br\/ppged\/wp-json\/wp\/v2\/pages\/1067\/revisions"}],"predecessor-version":[{"id":9798,"href":"https:\/\/propesp.uepa.br\/ppged\/wp-json\/wp\/v2\/pages\/1067\/revisions\/9798"}],"wp:attachment":[{"href":"https:\/\/propesp.uepa.br\/ppged\/wp-json\/wp\/v2\/media?parent=1067"}],"curies":[{"name":"wp","href":"https:\/\/api.w.org\/{rel}","templated":true}]}}