{"id":1113,"date":"2017-05-15T16:06:28","date_gmt":"2017-05-15T19:06:28","guid":{"rendered":"http:\/\/ccse.uepa.br\/mestradoeducacao\/?page_id=1113"},"modified":"2025-12-10T10:22:32","modified_gmt":"2025-12-10T13:22:32","slug":"producoes-2","status":"publish","type":"page","link":"https:\/\/propesp.uepa.br\/ppged\/producoes-2\/","title":{"rendered":"E-Books"},"content":{"rendered":"\n<div class=\"wp-block-columns is-layout-flex wp-container-core-columns-is-layout-28f84493 wp-block-columns-is-layout-flex\">\n<div class=\"wp-block-column is-layout-flow wp-block-column-is-layout-flow\" style=\"flex-basis:100%\">\n<div class=\"wp-block-uagb-container uagb-block-763c0b3c alignfull uagb-is-root-container\"><div class=\"uagb-container-inner-blocks-wrap\">\n<div class=\"wp-block-uagb-advanced-heading uagb-block-08669c36\"><h3 class=\"uagb-heading-text\"><strong>Epistemologia e Educa\u00e7\u00e3o<\/strong><\/h3><div class=\"uagb-separator\"><\/div><\/div>\n\n\n\n<figure class=\"wp-block-gallery has-nested-images columns-default is-cropped wp-block-gallery-1 is-layout-flex wp-block-gallery-is-layout-flex\">\n<figure class=\"wp-block-image size-large is-style-default\"><a class=\"https:\/\/drive.google.com\/file\/d\/1G8fWjZjN67I_RrZBoRFPm_hiQ-SAuT0d\/view\" href=\"https:\/\/drive.google.com\/file\/d\/1G8fWjZjN67I_RrZBoRFPm_hiQ-SAuT0d\/view\" target=\"_blank\" rel=\" noreferrer noopener\"><img loading=\"lazy\" decoding=\"async\" width=\"534\" height=\"792\" data-id=\"10819\" src=\"https:\/\/propesp.uepa.br\/ppged\/wp-content\/uploads\/2024\/12\/Captura-de-tela_18-12-2024_12252_.jpeg\" alt=\"\" class=\"wp-image-10819\" srcset=\"https:\/\/propesp.uepa.br\/ppged\/wp-content\/uploads\/2024\/12\/Captura-de-tela_18-12-2024_12252_.jpeg 534w, https:\/\/propesp.uepa.br\/ppged\/wp-content\/uploads\/2024\/12\/Captura-de-tela_18-12-2024_12252_-202x300.jpeg 202w\" sizes=\"auto, (max-width: 534px) 100vw, 534px\" \/><\/a><figcaption class=\"wp-element-caption\"><mark style=\"background-color:rgba(0, 0, 0, 0)\" class=\"has-inline-color has-ast-global-color-4-color\"><strong><a href=\"https:\/\/drive.google.com\/file\/d\/1G8fWjZjN67I_RrZBoRFPm_hiQ-SAuT0d\/view?usp=sharing\" data-type=\"link\" data-id=\"https:\/\/drive.google.com\/file\/d\/1G8fWjZjN67I_RrZBoRFPm_hiQ-SAuT0d\/view?usp=sharing\">Par\u00e1 1935: Um estudo sobre lideran\u00e7a e conflito<\/a><\/strong><\/mark><\/figcaption><\/figure>\n\n\n\n<figure class=\"wp-block-image size-large\"><a href=\"https:\/\/drive.google.com\/file\/d\/1G52HgmgpYapbNfHPFr7MmPOkncJ0b3zJ\/view?usp=sharing\"><img loading=\"lazy\" decoding=\"async\" width=\"605\" height=\"865\" data-id=\"10823\" src=\"https:\/\/propesp.uepa.br\/ppged\/wp-content\/uploads\/2024\/12\/Captura-de-tela_18-12-2024_123520_.jpeg\" alt=\"\" class=\"wp-image-10823\" srcset=\"https:\/\/propesp.uepa.br\/ppged\/wp-content\/uploads\/2024\/12\/Captura-de-tela_18-12-2024_123520_.jpeg 605w, https:\/\/propesp.uepa.br\/ppged\/wp-content\/uploads\/2024\/12\/Captura-de-tela_18-12-2024_123520_-210x300.jpeg 210w\" sizes=\"auto, (max-width: 605px) 100vw, 605px\" \/><\/a><figcaption class=\"wp-element-caption\"><strong><br><a href=\"https:\/\/drive.google.com\/file\/d\/1G52HgmgpYapbNfHPFr7MmPOkncJ0b3zJ\/view?usp=sharing\">DO TERREIRO \u00c0 ESCOLA: DIVERSIDADE RELIGIOSA E DISCRIMINA\u00c7\u00c3O NA ILHA DO MOSQUEIRO EM BEL\u00c9M DO PAR\u00c1<\/a><\/strong><\/figcaption><\/figure>\n\n\n\n<figure class=\"wp-block-image size-large\"><a href=\"https:\/\/drive.google.com\/file\/d\/1NY9tTU__RrWnJxDZnoQ7nw7sY3Dn23o8\/view?usp=sharing\"><img loading=\"lazy\" decoding=\"async\" width=\"592\" height=\"841\" data-id=\"10827\" src=\"https:\/\/propesp.uepa.br\/ppged\/wp-content\/uploads\/2024\/12\/Captura-de-tela_18-12-2024_125151_.jpeg\" alt=\"\" class=\"wp-image-10827\" srcset=\"https:\/\/propesp.uepa.br\/ppged\/wp-content\/uploads\/2024\/12\/Captura-de-tela_18-12-2024_125151_.jpeg 592w, https:\/\/propesp.uepa.br\/ppged\/wp-content\/uploads\/2024\/12\/Captura-de-tela_18-12-2024_125151_-211x300.jpeg 211w\" sizes=\"auto, (max-width: 592px) 100vw, 592px\" \/><\/a><figcaption class=\"wp-element-caption\"><strong><a href=\"https:\/\/drive.google.com\/file\/d\/1NY9tTU__RrWnJxDZnoQ7nw7sY3Dn23o8\/view?usp=sharing\">DECOLONIALIDADE&nbsp;E EDUCA\u00c7\u00c3O: reflex\u00f5es epistemol\u00f3gicas e saberes em di\u00e1logo na Amaz\u00f4nia<\/a><\/strong><\/figcaption><\/figure>\n<\/figure>\n\n\n\n<figure class=\"wp-block-gallery has-nested-images columns-default is-cropped wp-block-gallery-2 is-layout-flex wp-block-gallery-is-layout-flex\">\n<figure class=\"wp-block-image size-large\"><a href=\"https:\/\/drive.google.com\/file\/d\/1p-zYAwADgkKK1B7fhiDqrNXTCCTxWN9I\/view?usp=sharing\"><img loading=\"lazy\" decoding=\"async\" width=\"559\" height=\"790\" data-id=\"10829\" src=\"https:\/\/propesp.uepa.br\/ppged\/wp-content\/uploads\/2024\/12\/Captura-de-tela_18-12-2024_135642_.jpeg\" alt=\"\" class=\"wp-image-10829\" srcset=\"https:\/\/propesp.uepa.br\/ppged\/wp-content\/uploads\/2024\/12\/Captura-de-tela_18-12-2024_135642_.jpeg 559w, https:\/\/propesp.uepa.br\/ppged\/wp-content\/uploads\/2024\/12\/Captura-de-tela_18-12-2024_135642_-212x300.jpeg 212w\" sizes=\"auto, (max-width: 559px) 100vw, 559px\" \/><\/a><figcaption class=\"wp-element-caption\"><strong><a href=\"https:\/\/drive.google.com\/file\/d\/1p-zYAwADgkKK1B7fhiDqrNXTCCTxWN9I\/view?usp=sharing\">Epistemologia e Educa\u00e7\u00e3o: teorias e pr\u00e1ticas<\/a><\/strong><\/figcaption><\/figure>\n\n\n\n<figure class=\"wp-block-image size-large\"><a href=\"https:\/\/drive.google.com\/file\/d\/1aBDaCYgziwXhJP2OCPWxaNaQ4qCRRFof\/view?usp=sharing\"><img loading=\"lazy\" decoding=\"async\" width=\"596\" height=\"840\" data-id=\"10830\" src=\"https:\/\/propesp.uepa.br\/ppged\/wp-content\/uploads\/2024\/12\/Captura-de-tela_18-12-2024_135619_.jpeg\" alt=\"\" class=\"wp-image-10830\" srcset=\"https:\/\/propesp.uepa.br\/ppged\/wp-content\/uploads\/2024\/12\/Captura-de-tela_18-12-2024_135619_.jpeg 596w, https:\/\/propesp.uepa.br\/ppged\/wp-content\/uploads\/2024\/12\/Captura-de-tela_18-12-2024_135619_-213x300.jpeg 213w\" sizes=\"auto, (max-width: 596px) 100vw, 596px\" \/><\/a><figcaption class=\"wp-element-caption\"><strong><mark style=\"background-color:rgba(0, 0, 0, 0)\" class=\"has-inline-color has-ast-global-color-8-color\"><a href=\"https:\/\/drive.google.com\/file\/d\/1aBDaCYgziwXhJP2OCPWxaNaQ4qCRRFof\/view?usp=sharing\">La\u00e7os entre a Epistemologia e Educa\u00e7\u00e3o<\/a><\/mark><\/strong><\/figcaption><\/figure>\n\n\n\n<figure class=\"wp-block-image size-large\"><a href=\"https:\/\/drive.google.com\/file\/d\/11QMWKTiqKrAquj7ZK7E3jblRpnKyl4M2\/view?usp=sharing\"><img loading=\"lazy\" decoding=\"async\" width=\"573\" height=\"817\" data-id=\"10831\" src=\"https:\/\/propesp.uepa.br\/ppged\/wp-content\/uploads\/2024\/12\/Captura-de-tela_18-12-2024_13543_.jpeg\" alt=\"\" class=\"wp-image-10831\" srcset=\"https:\/\/propesp.uepa.br\/ppged\/wp-content\/uploads\/2024\/12\/Captura-de-tela_18-12-2024_13543_.jpeg 573w, https:\/\/propesp.uepa.br\/ppged\/wp-content\/uploads\/2024\/12\/Captura-de-tela_18-12-2024_13543_-210x300.jpeg 210w\" sizes=\"auto, (max-width: 573px) 100vw, 573px\" \/><\/a><figcaption class=\"wp-element-caption\"><strong><mark style=\"background-color:rgba(0, 0, 0, 0)\" class=\"has-inline-color has-ast-global-color-8-color\"><a href=\"https:\/\/drive.google.com\/file\/d\/11QMWKTiqKrAquj7ZK7E3jblRpnKyl4M2\/view?usp=sharing\">Diferentes Olhares Epistemol\u00f3gicos Sobre a Educa\u00e7\u00e3o<\/a><\/mark><\/strong><\/figcaption><\/figure>\n<\/figure>\n\n\n\n<figure class=\"wp-block-gallery has-nested-images columns-default is-cropped wp-block-gallery-3 is-layout-flex wp-block-gallery-is-layout-flex\">\n<figure class=\"wp-block-image size-large\"><a href=\"https:\/\/drive.google.com\/file\/d\/1yVPXxXGn4yyXmiImk75Uv8sd_rwJay5N\/view?usp=sharing\"><img loading=\"lazy\" decoding=\"async\" width=\"596\" height=\"838\" data-id=\"10832\" src=\"https:\/\/propesp.uepa.br\/ppged\/wp-content\/uploads\/2024\/12\/Captura-de-tela_18-12-2024_135336_.jpeg\" alt=\"\" class=\"wp-image-10832\" srcset=\"https:\/\/propesp.uepa.br\/ppged\/wp-content\/uploads\/2024\/12\/Captura-de-tela_18-12-2024_135336_.jpeg 596w, https:\/\/propesp.uepa.br\/ppged\/wp-content\/uploads\/2024\/12\/Captura-de-tela_18-12-2024_135336_-213x300.jpeg 213w\" sizes=\"auto, (max-width: 596px) 100vw, 596px\" \/><\/a><figcaption class=\"wp-element-caption\"><strong><a href=\"https:\/\/drive.google.com\/file\/d\/1yVPXxXGn4yyXmiImk75Uv8sd_rwJay5N\/view?usp=sharing\">Diferentes Olhares Epistemol\u00f3gicos Sobre a Educa\u00e7\u00e3o<\/a><\/strong><\/figcaption><\/figure>\n\n\n\n<figure class=\"wp-block-image size-large\"><a href=\"https:\/\/drive.google.com\/file\/d\/1M-i_kqkx1VBEeLqfrgd3ZL29lCd26LWU\/view?usp=sharing\"><img loading=\"lazy\" decoding=\"async\" width=\"596\" height=\"838\" data-id=\"10833\" src=\"https:\/\/propesp.uepa.br\/ppged\/wp-content\/uploads\/2024\/12\/Captura-de-tela_18-12-2024_135257_.jpeg\" alt=\"\" class=\"wp-image-10833\" srcset=\"https:\/\/propesp.uepa.br\/ppged\/wp-content\/uploads\/2024\/12\/Captura-de-tela_18-12-2024_135257_.jpeg 596w, https:\/\/propesp.uepa.br\/ppged\/wp-content\/uploads\/2024\/12\/Captura-de-tela_18-12-2024_135257_-213x300.jpeg 213w\" sizes=\"auto, (max-width: 596px) 100vw, 596px\" \/><\/a><figcaption class=\"wp-element-caption\"><strong><mark style=\"background-color:rgba(0, 0, 0, 0)\" class=\"has-inline-color has-ast-global-color-8-color\"><a href=\"https:\/\/drive.google.com\/file\/d\/1M-i_kqkx1VBEeLqfrgd3ZL29lCd26LWU\/view?usp=sharing\">(RE) DESCOBRINDO EPISTEMOLOGIAS OUTRAS: saberes decoloniais na Amaz\u00f4nia<\/a><\/mark><\/strong><\/figcaption><\/figure>\n\n\n\n<figure class=\"wp-block-image size-large\"><a href=\"https:\/\/drive.google.com\/file\/d\/113-tof__Mon0EfoDsTMg49qn7mr32Dn4\/view?usp=sharing\"><img loading=\"lazy\" decoding=\"async\" width=\"598\" height=\"758\" data-id=\"10834\" src=\"https:\/\/propesp.uepa.br\/ppged\/wp-content\/uploads\/2024\/12\/Captura-de-tela_18-12-2024_135226_.jpeg\" alt=\"\" class=\"wp-image-10834\" srcset=\"https:\/\/propesp.uepa.br\/ppged\/wp-content\/uploads\/2024\/12\/Captura-de-tela_18-12-2024_135226_.jpeg 598w, https:\/\/propesp.uepa.br\/ppged\/wp-content\/uploads\/2024\/12\/Captura-de-tela_18-12-2024_135226_-237x300.jpeg 237w\" sizes=\"auto, (max-width: 598px) 100vw, 598px\" \/><\/a><figcaption class=\"wp-element-caption\"><strong><mark style=\"background-color:rgba(0, 0, 0, 0)\" class=\"has-inline-color has-ast-global-color-8-color\"><a href=\"https:\/\/drive.google.com\/file\/d\/113-tof__Mon0EfoDsTMg49qn7mr32Dn4\/view?usp=sharing\">SABERES EPISTEMOL\u00d3GICOS NA EDUCA\u00c7\u00c3O AMAZ\u00d4NICA: a interculturalidade nas pr\u00e1ticas educacionais<\/a><\/mark><\/strong><\/figcaption><\/figure>\n<\/figure>\n\n\n\n<div class=\"wp-block-uagb-image aligncenter uagb-block-a573e30d wp-block-uagb-image--layout-default wp-block-uagb-image--effect-static wp-block-uagb-image--align-center\"><figure class=\"wp-block-uagb-image__figure\"><a class=\"\" href=\"https:\/\/online.fliphtml5.com\/tvlgc\/cdht\" target=\"\" rel=\"noopener\"><img decoding=\"async\" srcset=\"https:\/\/propesp.uepa.br\/ppged\/wp-content\/uploads\/2024\/12\/61fZQfl6oL._UF10001000_QL80_.jpg ,https:\/\/propesp.uepa.br\/ppged\/wp-content\/uploads\/2024\/12\/61fZQfl6oL._UF10001000_QL80_.jpg 780w, https:\/\/propesp.uepa.br\/ppged\/wp-content\/uploads\/2024\/12\/61fZQfl6oL._UF10001000_QL80_.jpg 360w\" sizes=\"auto, (max-width: 480px) 150px\" src=\"https:\/\/propesp.uepa.br\/ppged\/wp-content\/uploads\/2024\/12\/61fZQfl6oL._UF10001000_QL80_.jpg\" alt=\"\" class=\"uag-image-10844\" width=\"365\" height=\"584\" title=\"\" loading=\"lazy\"\/><\/a><figcaption class=\"uagb-image-caption\"><a href=\"https:\/\/online.fliphtml5.com\/tvlgc\/cdht\" data-type=\"link\" data-id=\"https:\/\/online.fliphtml5.com\/tvlgc\/cdht\"><mark style=\"background-color:rgba(0, 0, 0, 0)\" class=\"has-inline-color has-ast-global-color-8-color\">ESCOLAS DE M\u00daSICA DA ILHA DE <\/mark><br><mark style=\"background-color:rgba(0, 0, 0, 0)\" class=\"has-inline-color has-ast-global-color-8-color\">COLARES E SEUS SABERES<\/mark><\/a><\/figcaption><\/figure><\/div>\n\n\n\n<figure class=\"wp-block-gallery has-nested-images columns-default is-cropped wp-block-gallery-4 is-layout-flex wp-block-gallery-is-layout-flex\">\n<figure class=\"wp-block-image size-large has-custom-border\"><a href=\"https:\/\/propesp.uepa.br\/ppged\/wp-content\/uploads\/2025\/12\/Livro-Corpo-e-cultura-e-filosofia-africana-em-perspectiva-versao-final.pdf\" target=\"_blank\" rel=\" noreferrer noopener\"><img loading=\"lazy\" decoding=\"async\" width=\"725\" height=\"1024\" data-id=\"11481\" src=\"https:\/\/propesp.uepa.br\/ppged\/wp-content\/uploads\/2025\/12\/Livro-Corpo-e-cultura-e-filosofia-africana-em-perspectiva-versao-final-1_page-0001-725x1024.jpg\" alt=\"\" class=\"wp-image-11481\" style=\"border-style:none;border-width:0px\" srcset=\"https:\/\/propesp.uepa.br\/ppged\/wp-content\/uploads\/2025\/12\/Livro-Corpo-e-cultura-e-filosofia-africana-em-perspectiva-versao-final-1_page-0001-725x1024.jpg 725w, https:\/\/propesp.uepa.br\/ppged\/wp-content\/uploads\/2025\/12\/Livro-Corpo-e-cultura-e-filosofia-africana-em-perspectiva-versao-final-1_page-0001-212x300.jpg 212w, https:\/\/propesp.uepa.br\/ppged\/wp-content\/uploads\/2025\/12\/Livro-Corpo-e-cultura-e-filosofia-africana-em-perspectiva-versao-final-1_page-0001-768x1085.jpg 768w, https:\/\/propesp.uepa.br\/ppged\/wp-content\/uploads\/2025\/12\/Livro-Corpo-e-cultura-e-filosofia-africana-em-perspectiva-versao-final-1_page-0001-1087x1536.jpg 1087w, https:\/\/propesp.uepa.br\/ppged\/wp-content\/uploads\/2025\/12\/Livro-Corpo-e-cultura-e-filosofia-africana-em-perspectiva-versao-final-1_page-0001.jpg 1242w\" sizes=\"auto, (max-width: 725px) 100vw, 725px\" \/><\/a><figcaption class=\"wp-element-caption\"><strong><mark style=\"background-color:rgba(0, 0, 0, 0);color:#000000\" class=\"has-inline-color\"><a href=\"https:\/\/propesp.uepa.br\/ppged\/wp-content\/uploads\/2025\/12\/Livro-Corpo-e-cultura-e-filosofia-africana-em-perspectiva-versao-final.pdf\" data-type=\"link\" data-id=\"https:\/\/propesp.uepa.br\/ppged\/wp-content\/uploads\/2025\/12\/Livro-Corpo-e-cultura-e-filosofia-africana-em-perspectiva-versao-final.pdf\">Corpo, Cultura e Filosofia Africana em Perspectiva<\/a><\/mark><\/strong><\/figcaption><\/figure>\n\n\n\n<figure class=\"wp-block-image aligncenter size-large\"><a href=\"https:\/\/propesp.uepa.br\/ppged\/wp-content\/uploads\/2025\/12\/CORPO-FILOSOFIA-E-AFRICANIDADES-NO-RECONCAVO-DA-BAHIA.pdf\" target=\"_blank\" rel=\" noreferrer noopener\"><img loading=\"lazy\" decoding=\"async\" width=\"724\" height=\"1024\" data-id=\"11472\" src=\"https:\/\/propesp.uepa.br\/ppged\/wp-content\/uploads\/2025\/12\/CORPO-FILOSOFIA-E-AFRICANIDADES-NO-RECONCAVO-DA-BAHIA-1_page-0001-724x1024.jpg\" alt=\"\" class=\"wp-image-11472\" srcset=\"https:\/\/propesp.uepa.br\/ppged\/wp-content\/uploads\/2025\/12\/CORPO-FILOSOFIA-E-AFRICANIDADES-NO-RECONCAVO-DA-BAHIA-1_page-0001-724x1024.jpg 724w, https:\/\/propesp.uepa.br\/ppged\/wp-content\/uploads\/2025\/12\/CORPO-FILOSOFIA-E-AFRICANIDADES-NO-RECONCAVO-DA-BAHIA-1_page-0001-212x300.jpg 212w, https:\/\/propesp.uepa.br\/ppged\/wp-content\/uploads\/2025\/12\/CORPO-FILOSOFIA-E-AFRICANIDADES-NO-RECONCAVO-DA-BAHIA-1_page-0001-768x1086.jpg 768w, https:\/\/propesp.uepa.br\/ppged\/wp-content\/uploads\/2025\/12\/CORPO-FILOSOFIA-E-AFRICANIDADES-NO-RECONCAVO-DA-BAHIA-1_page-0001-1086x1536.jpg 1086w, https:\/\/propesp.uepa.br\/ppged\/wp-content\/uploads\/2025\/12\/CORPO-FILOSOFIA-E-AFRICANIDADES-NO-RECONCAVO-DA-BAHIA-1_page-0001.jpg 1242w\" sizes=\"auto, (max-width: 724px) 100vw, 724px\" \/><\/a><figcaption class=\"wp-element-caption\"><strong><mark style=\"background-color:rgba(0, 0, 0, 0)\" class=\"has-inline-color has-ast-global-color-4-color\"><a href=\"https:\/\/propesp.uepa.br\/ppged\/wp-content\/uploads\/2025\/12\/CORPO-FILOSOFIA-E-AFRICANIDADES-NO-RECONCAVO-DA-BAHIA.pdf\" data-type=\"link\" data-id=\"https:\/\/propesp.uepa.br\/ppged\/wp-content\/uploads\/2025\/12\/CORPO-FILOSOFIA-E-AFRICANIDADES-NO-RECONCAVO-DA-BAHIA.pdf\" target=\"_blank\" rel=\"noreferrer noopener\">Corpo, Filosofia e Africanidades no Rec\u00f4ncavo da Bahia<\/a><\/mark><\/strong><\/figcaption><\/figure>\n<\/figure>\n\n\n\n<div class=\"wp-block-group is-layout-constrained wp-block-group-is-layout-constrained\">\n<p class=\"has-text-align-center has-ast-global-color-8-color has-text-color has-link-color wp-elements-95eb2de2b1df472524a57becb5d066cd\" style=\"font-size:25px\"><strong>Educa\u00e7\u00e3o Inclusiva<\/strong><\/p>\n\n\n\n<figure class=\"wp-block-image aligncenter size-full is-resized\"><a href=\"https:\/\/propesp.uepa.br\/ppged\/wp-content\/uploads\/2024\/12\/Ebook-2015_Final_17072016_corrigido.pdf\"><img loading=\"lazy\" decoding=\"async\" width=\"593\" height=\"839\" src=\"https:\/\/propesp.uepa.br\/ppged\/wp-content\/uploads\/2024\/12\/Captura-de-tela_19-12-2024_9925_.jpeg\" alt=\"\" class=\"wp-image-10848\" style=\"width:356px;height:auto\" srcset=\"https:\/\/propesp.uepa.br\/ppged\/wp-content\/uploads\/2024\/12\/Captura-de-tela_19-12-2024_9925_.jpeg 593w, https:\/\/propesp.uepa.br\/ppged\/wp-content\/uploads\/2024\/12\/Captura-de-tela_19-12-2024_9925_-212x300.jpeg 212w\" sizes=\"auto, (max-width: 593px) 100vw, 593px\" \/><\/a><figcaption class=\"wp-element-caption\"><a href=\"https:\/\/propesp.uepa.br\/ppged\/wp-content\/uploads\/2024\/12\/Ebook-2015_Final_17072016_corrigido.pdf\" data-type=\"link\" data-id=\"https:\/\/propesp.uepa.br\/ppged\/wp-content\/uploads\/2024\/12\/Ebook-2015_Final_17072016_corrigido.pdf\">Representa\u00e7\u00f5es Sociais, Identidades e Educa\u00e7\u00e3o Inclusiva na Amaz\u00f4nia Paraense <\/a><\/figcaption><\/figure>\n<\/div>\n\n\n\n<div class=\"wp-block-uagb-advanced-heading uagb-block-99d0ea17\"><h3 class=\"uagb-heading-text\"><strong>Matem\u00e1tica<\/strong><\/h3><div class=\"uagb-separator\"><\/div><\/div>\n\n\n\n<div class=\"wp-block-uagb-image uagb-block-758cd5e1 wp-block-uagb-image--layout-default wp-block-uagb-image--effect-static wp-block-uagb-image--align-none\"><figure class=\"wp-block-uagb-image__figure\"><a class=\"\" href=\"https:\/\/propesp.uepa.br\/ppged\/wp-content\/uploads\/2025\/09\/E-book-Pesquisa-de-revisao.pdf\" target=\"\" rel=\"noopener\"><img decoding=\"async\" srcset=\"https:\/\/propesp.uepa.br\/ppged\/wp-content\/uploads\/2025\/09\/E-book-Pesquisa-de-revisao-1_page-0001-724x1024.jpg ,https:\/\/propesp.uepa.br\/ppged\/wp-content\/uploads\/2025\/09\/E-book-Pesquisa-de-revisao-1_page-0001.jpg 780w, https:\/\/propesp.uepa.br\/ppged\/wp-content\/uploads\/2025\/09\/E-book-Pesquisa-de-revisao-1_page-0001.jpg 360w\" sizes=\"auto, (max-width: 480px) 150px\" src=\"https:\/\/propesp.uepa.br\/ppged\/wp-content\/uploads\/2025\/09\/E-book-Pesquisa-de-revisao-1_page-0001-724x1024.jpg\" alt=\"\" class=\"uag-image-11387\" width=\"390\" height=\"552\" title=\"\" loading=\"lazy\"\/><\/a><\/figure><\/div>\n\n\n\n<figure class=\"wp-block-image size-full is-resized\"><a href=\"https:\/\/drive.google.com\/file\/d\/1OpqAbG3Rl9l5HDLYN-wsg6J4SYW-tpv6\/view?usp=sharing\" target=\"_blank\" rel=\" noreferrer noopener\"><img loading=\"lazy\" decoding=\"async\" width=\"598\" height=\"839\" src=\"https:\/\/propesp.uepa.br\/ppged\/wp-content\/uploads\/2024\/12\/Captura-de-tela_19-12-2024_94616_.jpeg\" alt=\"\" class=\"wp-image-10851\" style=\"width:392px;height:auto\" srcset=\"https:\/\/propesp.uepa.br\/ppged\/wp-content\/uploads\/2024\/12\/Captura-de-tela_19-12-2024_94616_.jpeg 598w, https:\/\/propesp.uepa.br\/ppged\/wp-content\/uploads\/2024\/12\/Captura-de-tela_19-12-2024_94616_-214x300.jpeg 214w\" sizes=\"auto, (max-width: 598px) 100vw, 598px\" \/><\/a><figcaption class=\"wp-element-caption\"><a href=\"https:\/\/drive.google.com\/file\/d\/1OpqAbG3Rl9l5HDLYN-wsg6J4SYW-tpv6\/view?usp=sharing\" data-type=\"link\" data-id=\"https:\/\/drive.google.com\/file\/d\/1OpqAbG3Rl9l5HDLYN-wsg6J4SYW-tpv6\/view?usp=sharing\">Aspectos hist\u00f3ricos da Matem\u00e1tica Elementar<\/a><\/figcaption><\/figure>\n\n\n\n<div class=\"wp-block-uagb-advanced-heading uagb-block-fbe6e16e\"><h3 class=\"uagb-heading-text\"><strong>Estudos de G\u00eanero Sexualidade e Educa\u00e7\u00e3o<\/strong><\/h3><div class=\"uagb-separator\"><\/div><\/div>\n\n\n\n<div class=\"wp-block-uagb-image aligncenter uagb-block-7e7cd4aa wp-block-uagb-image--layout-default wp-block-uagb-image--effect-static wp-block-uagb-image--align-center\"><figure class=\"wp-block-uagb-image__figure\"><a class=\"\" href=\"https:\/\/propesp.uepa.br\/ppged\/wp-content\/uploads\/2025\/08\/DIA\u0301LOGOS-SOBRE-GE\u0302NERO-SEXUALIDADE-E-EDUCAC\u0327A\u0303O-2025.pdf\" target=\"\" rel=\"noopener\"><img decoding=\"async\" srcset=\"https:\/\/propesp.uepa.br\/ppged\/wp-content\/uploads\/2025\/08\/DIALOGOS-SOBRE-GENERO-SEXUALIDADE-E-EDUCACAO-2025-1_page-0001-725x1024.jpg ,https:\/\/propesp.uepa.br\/ppged\/wp-content\/uploads\/2025\/08\/DIALOGOS-SOBRE-GENERO-SEXUALIDADE-E-EDUCACAO-2025-1_page-0001.jpg 780w, https:\/\/propesp.uepa.br\/ppged\/wp-content\/uploads\/2025\/08\/DIALOGOS-SOBRE-GENERO-SEXUALIDADE-E-EDUCACAO-2025-1_page-0001.jpg 360w\" sizes=\"auto, (max-width: 480px) 150px\" src=\"https:\/\/propesp.uepa.br\/ppged\/wp-content\/uploads\/2025\/08\/DIALOGOS-SOBRE-GENERO-SEXUALIDADE-E-EDUCACAO-2025-1_page-0001-725x1024.jpg\" alt=\"g\" class=\"uag-image-11347\" width=\"389\" height=\"549\" title=\"\" loading=\"lazy\"\/><\/a><\/figure><\/div>\n\n\n\n<p class=\"has-text-align-center has-ast-global-color-8-color has-text-color has-link-color wp-elements-3d2a8a3d2b83b0a08ea50562e568a23d\" style=\"font-size:16px\"><a href=\"https:\/\/propesp.uepa.br\/ppged\/wp-content\/uploads\/2025\/08\/DIA\u0301LOGOS-SOBRE-GE\u0302NERO-SEXUALIDADE-E-EDUCAC\u0327A\u0303O-2025.pdf\" data-type=\"link\" data-id=\"https:\/\/propesp.uepa.br\/ppged\/wp-content\/uploads\/2025\/08\/DIA\u0301LOGOS-SOBRE-GE\u0302NERO-SEXUALIDADE-E-EDUCAC\u0327A\u0303O-2025.pdf\">Di\u00e1logos sobre G\u00eanero, Sexualidade e Educa\u00e7\u00e3o<\/a><\/p>\n<\/div><\/div>\n<\/div>\n<\/div>\n\n\n\n<div class=\"wp-block-uagb-container uagb-block-ce170f98 alignfull uagb-is-root-container\"><div class=\"uagb-container-inner-blocks-wrap\"><\/div><\/div>\n","protected":false},"excerpt":{"rendered":"<p>Epistemologia e Educa\u00e7\u00e3o Educa\u00e7\u00e3o Inclusiva Matem\u00e1tica Estudos de G\u00eanero Sexualidade e Educa\u00e7\u00e3o Di\u00e1logos sobre G\u00eanero, Sexualidade e Educa\u00e7\u00e3o<\/p>\n","protected":false},"author":1,"featured_media":0,"parent":0,"menu_order":0,"comment_status":"closed","ping_status":"closed","template":"","meta":{"_uag_custom_page_level_css":"","site-sidebar-layout":"default","site-content-layout":"","ast-site-content-layout":"","site-content-style":"default","site-sidebar-style":"default","ast-global-header-display":"","ast-banner-title-visibility":"","ast-main-header-display":"","ast-hfb-above-header-display":"","ast-hfb-below-header-display":"","ast-hfb-mobile-header-display":"","site-post-title":"","ast-breadcrumbs-content":"","ast-featured-img":"","footer-sml-layout":"","theme-transparent-header-meta":"","adv-header-id-meta":"","stick-header-meta":"","header-above-stick-meta":"","header-main-stick-meta":"","header-below-stick-meta":"","astra-migrate-meta-layouts":"default","ast-page-background-enabled":"default","ast-page-background-meta":{"desktop":{"background-color":"var(--ast-global-color-4)","background-image":"","background-repeat":"repeat","background-position":"center center","background-size":"auto","background-attachment":"scroll","background-type":"","background-media":"","overlay-type":"","overlay-color":"","overlay-gradient":""},"tablet":{"background-color":"","background-image":"","background-repeat":"repeat","background-position":"center center","background-size":"auto","background-attachment":"scroll","background-type":"","background-media":"","overlay-type":"","overlay-color":"","overlay-gradient":""},"mobile":{"background-color":"","background-image":"","background-repeat":"repeat","background-position":"center center","background-size":"auto","background-attachment":"scroll","background-type":"","background-media":"","overlay-type":"","overlay-color":"","overlay-gradient":""}},"ast-content-background-meta":{"desktop":{"background-color":"var(--ast-global-color-5)","background-image":"","background-repeat":"repeat","background-position":"center center","background-size":"auto","background-attachment":"scroll","background-type":"","background-media":"","overlay-type":"","overlay-color":"","overlay-gradient":""},"tablet":{"background-color":"var(--ast-global-color-5)","background-image":"","background-repeat":"repeat","background-position":"center center","background-size":"auto","background-attachment":"scroll","background-type":"","background-media":"","overlay-type":"","overlay-color":"","overlay-gradient":""},"mobile":{"background-color":"var(--ast-global-color-5)","background-image":"","background-repeat":"repeat","background-position":"center center","background-size":"auto","background-attachment":"scroll","background-type":"","background-media":"","overlay-type":"","overlay-color":"","overlay-gradient":""}},"footnotes":""},"class_list":["post-1113","page","type-page","status-publish","hentry"],"uagb_featured_image_src":{"full":false,"thumbnail":false,"medium":false,"medium_large":false,"large":false,"1536x1536":false,"2048x2048":false},"uagb_author_info":{"display_name":"adminsites@uepa.br","author_link":"https:\/\/propesp.uepa.br\/ppged\/author\/adminsitesuepa-br\/"},"uagb_comment_info":0,"uagb_excerpt":"Epistemologia e Educa\u00e7\u00e3o Educa\u00e7\u00e3o Inclusiva Matem\u00e1tica Estudos de G\u00eanero Sexualidade e Educa\u00e7\u00e3o Di\u00e1logos sobre G\u00eanero, Sexualidade e Educa\u00e7\u00e3o","_links":{"self":[{"href":"https:\/\/propesp.uepa.br\/ppged\/wp-json\/wp\/v2\/pages\/1113","targetHints":{"allow":["GET"]}}],"collection":[{"href":"https:\/\/propesp.uepa.br\/ppged\/wp-json\/wp\/v2\/pages"}],"about":[{"href":"https:\/\/propesp.uepa.br\/ppged\/wp-json\/wp\/v2\/types\/page"}],"author":[{"embeddable":true,"href":"https:\/\/propesp.uepa.br\/ppged\/wp-json\/wp\/v2\/users\/1"}],"replies":[{"embeddable":true,"href":"https:\/\/propesp.uepa.br\/ppged\/wp-json\/wp\/v2\/comments?post=1113"}],"version-history":[{"count":35,"href":"https:\/\/propesp.uepa.br\/ppged\/wp-json\/wp\/v2\/pages\/1113\/revisions"}],"predecessor-version":[{"id":11486,"href":"https:\/\/propesp.uepa.br\/ppged\/wp-json\/wp\/v2\/pages\/1113\/revisions\/11486"}],"wp:attachment":[{"href":"https:\/\/propesp.uepa.br\/ppged\/wp-json\/wp\/v2\/media?parent=1113"}],"curies":[{"name":"wp","href":"https:\/\/api.w.org\/{rel}","templated":true}]}}