{"id":1136,"date":"2017-05-15T18:57:21","date_gmt":"2017-05-15T21:57:21","guid":{"rendered":"http:\/\/ccse.uepa.br\/mestradoeducacao\/?page_id=1136"},"modified":"2024-05-08T09:06:58","modified_gmt":"2024-05-08T12:06:58","slug":"anais-2","status":"publish","type":"page","link":"https:\/\/propesp.uepa.br\/ppged\/anais-2\/","title":{"rendered":"Anais"},"content":{"rendered":"\n<div class=\"wp-block-uagb-container uagb-block-8d19e7a8 alignfull uagb-is-root-container\"><div class=\"uagb-container-inner-blocks-wrap\">\n<figure class=\"wp-block-image aligncenter is-resized\"><img decoding=\"async\" src=\"https:\/\/propesp.uepa.br\/ppged\/wp-content\/uploads\/2019\/07\/logo_original_mestrado-991x1024.png\" alt=\"\" style=\"aspect-ratio:0.9677734375;width:197px;height:auto\"\/><\/figure>\n\n\n\n<p class=\"has-text-align-center has-ast-global-color-8-color has-text-color\"><strong><span style=\"font-family: 'trebuchet ms', geneva, sans-serif;\">PROGRAMA DE P\u00d3S GRADUA\u00c7\u00c3O EM EDUCA\u00c7\u00c3O &#8211; PPGED<\/span><\/strong><\/p>\n\n\n\n<p class=\"has-text-align-center has-ast-global-color-1-color has-text-color\"><strong><span style=\"font-family: 'trebuchet ms', geneva, sans-serif;\"><em>&#8220;Stricto Sensu&#8221;<\/em><\/span><\/strong><\/p>\n\n\n\n<p class=\"has-text-align-center has-ast-global-color-8-color has-text-color\"><strong><span style=\"font-family: 'trebuchet ms', geneva, sans-serif;\">ANAIS DOS EVENTOS DO PROGRAMA<\/span><\/strong><\/p>\n\n\n\n<h2 class=\"wp-block-heading has-text-align-center has-medium-font-size\">XVIII Semin\u00e1rio do Programa de P\u00f3s-Gradua\u00e7\u00e3o em Educa\u00e7\u00e3o-PPGED\/UEPA  &#8211; <a href=\"https:\/\/propesp.uepa.br\/ppged\/wp-content\/uploads\/2024\/05\/ANAIS-PPGED-21-04-2024-FINAL-3_compressed-1.pdf\">Clique aqui para ler o documento<\/a><\/h2>\n\n\n\n<p class=\"has-text-align-center has-ast-global-color-8-color has-text-color has-link-color wp-elements-8980173b413213382e61470b8b242751\" style=\"font-size:16px\"><span style=\"font-family: 'trebuchet ms', geneva, sans-serif;\">XV SEMIN\u00c1RIO DO PROGRAMA DE P\u00d3S-GRADUA\u00c7\u00c3O EM EDUCA\u00c7\u00c3O &#8211; PPGED<\/span><br><a href=\"https:\/\/propesp.uepa.br\/ppged\/wp-content\/uploads\/producoes\/ANAIS_XV_SEMINARIO_PPGED.pdf\"><span style=\"font-family: 'trebuchet ms', geneva, sans-serif;\">Anais do Evento.<\/span><\/a><br><br><span style=\"font-family: 'trebuchet ms', geneva, sans-serif;\">XIV SEMIN\u00c1RIO DO PROGRAMA DE P\u00d3S-GRADUA\u00c7\u00c3O EM EDUCA\u00c7\u00c3O &#8211; PPGED<\/span><br><span style=\"font-family: 'trebuchet ms', geneva, sans-serif;\"><a href=\"https:\/\/propesp.uepa.br\/ppged\/wp-content\/uploads\/2021\/11\/Anais_XIV_Seminario_do_PPGED-1.pdf\">Anais do Evento.<\/a><\/span><br><br><span style=\"font-family: 'trebuchet ms', geneva, sans-serif;\">XIII SEMIN\u00c1RIO DO PROGRAMA DE P\u00d3S-GRADUA\u00c7\u00c3O EM EDUCA\u00c7\u00c3O &#8211; PPGED<\/span><br><span style=\"font-family: 'trebuchet ms', geneva, sans-serif;\"><a href=\"https:\/\/propesp.uepa.br\/ppged\/wp-content\/uploads\/producoes\/anais_cd_rom_xiii_seminario_2016.pdf\" target=\"_blank\" rel=\"noopener noreferrer\">Anais do Evento.<\/a><\/span><br><br><span style=\"font-family: 'trebuchet ms', geneva, sans-serif;\">XII SEMIN\u00c1RIO DO PROGRAMA DE P\u00d3S-GRADUA\u00c7\u00c3O EM EDUCA\u00c7\u00c3O &#8211; PPGED<\/span><br><span style=\"font-family: 'trebuchet ms', geneva, sans-serif;\">Anais do Evento.<\/span><br><br><span style=\"font-family: 'trebuchet ms', geneva, sans-serif;\">XI SEMIN\u00c1RIO DO PROGRAMA DE P\u00d3S-GRADUA\u00c7\u00c3O EM EDUCA\u00c7\u00c3O &#8211; PPGED<\/span><br><span style=\"font-family: 'trebuchet ms', geneva, sans-serif;\">Anais do Evento.<\/span><br><br><span style=\"font-family: 'trebuchet ms', geneva, sans-serif;\">X SEMIN\u00c1RIO DO PROGRAMA DE P\u00d3S-GRADUA\u00c7\u00c3O EM EDUCA\u00c7\u00c3O &#8211; PPGED<\/span><br><span style=\"font-family: 'trebuchet ms', geneva, sans-serif;\">Anais do Evento.<\/span><br><br><span style=\"font-family: 'trebuchet ms', geneva, sans-serif;\">IX SEMIN\u00c1RIO DO PROGRAMA DE P\u00d3S-GRADUA\u00c7\u00c3O EM EDUCA\u00c7\u00c3O &#8211; PPGED<\/span><br><span style=\"font-family: 'trebuchet ms', geneva, sans-serif;\">Anais do Evento.<\/span><br><br><span style=\"font-family: 'trebuchet ms', geneva, sans-serif;\">VIII SEMIN\u00c1RIO DO PROGRAMA DE P\u00d3S-GRADUA\u00c7\u00c3O EM EDUCA\u00c7\u00c3O &#8211; PPGED<\/span><br><span style=\"font-family: 'trebuchet ms', geneva, sans-serif;\">Anais do Evento.<\/span><br><br><span style=\"font-family: 'trebuchet ms', geneva, sans-serif;\">VII SEMIN\u00c1RIO DO PROGRAMA DE P\u00d3S-GRADUA\u00c7\u00c3O EM EDUCA\u00c7\u00c3O &#8211; PPGED<\/span><br><span style=\"font-family: 'trebuchet ms', geneva, sans-serif;\">Anais do Evento.<\/span><br><br><span style=\"font-family: 'trebuchet ms', geneva, sans-serif;\">VI SEMIN\u00c1RIO DO PROGRAMA DE P\u00d3S-GRADUA\u00c7\u00c3O EM EDUCA\u00c7\u00c3O &#8211; PPGED<\/span><br><span style=\"font-family: 'trebuchet ms', geneva, sans-serif;\"><a style=\"color: #000000;\" href=\"https:\/\/propesp.uepa.br\/ppged\/wp-content\/uploads\/producoes\/anais_vi_seminario_ppged_ccse_uepa.pdf\">Anais do Evento.<\/a><\/span><br><br><span style=\"font-family: 'trebuchet ms', geneva, sans-serif;\">V SEMIN\u00c1RIO DO PROGRAMA DE P\u00d3S-GRADUA\u00c7\u00c3O EM EDUCA\u00c7\u00c3O &#8211; PPGED<\/span><br><span style=\"font-family: 'trebuchet ms', geneva, sans-serif;\">Anais do Evento.<\/span><br><br><span style=\"font-family: 'trebuchet ms', geneva, sans-serif;\">IV SEMIN\u00c1RIO DO PROGRAMA DE P\u00d3S-GRADUA\u00c7\u00c3O EM EDUCA\u00c7\u00c3O &#8211; PPGED<\/span><br><span style=\"font-family: 'trebuchet ms', geneva, sans-serif;\"><a style=\"color: #000000;\" href=\"https:\/\/propesp.uepa.br\/ppged\/wp-content\/uploads\/producoes\/anais_do_iv_seminario_do_programa_de_pos_graduacao_em_educacao.pdf\" target=\"_blank\" rel=\"noopener noreferrer\">Anais do Evento.<\/a><\/span><br><br><span style=\"font-family: 'trebuchet ms', geneva, sans-serif;\">III SEMIN\u00c1RIO DO PROGRAMA DE P\u00d3S-GRADUA\u00c7\u00c3O EM EDUCA\u00c7\u00c3O &#8211; PPGED<\/span><br><span style=\"font-family: 'trebuchet ms', geneva, sans-serif;\"><a style=\"color: #000000;\" href=\"https:\/\/propesp.uepa.br\/ppged\/wp-content\/uploads\/producoes\/anais_do_iii_seminario_do_programa_de_pos_graduacao_em_educacao.pdf\" target=\"_blank\" rel=\"noopener noreferrer\">Anais do Evento.<\/a><\/span><br><br><span style=\"font-family: 'trebuchet ms', geneva, sans-serif;\">II SEMIN\u00c1RIO DO PROGRAMA DE P\u00d3S-GRADUA\u00c7\u00c3O EM EDUCA\u00c7\u00c3O &#8211; PPGED<\/span><br><span style=\"font-family: 'trebuchet ms', geneva, sans-serif;\"><a style=\"color: #000000;\" href=\"https:\/\/propesp.uepa.br\/ppged\/wp-content\/uploads\/producoes\/anais_do_ii_seminario_do_programa_de_pos_graduacao em educacao.pdf\" target=\"_blank\" rel=\"noopener noreferrer\">Anais do Evento.<\/a><\/span><br><br><span style=\"font-family: 'trebuchet ms', geneva, sans-serif;\">I SEMIN\u00c1RIO DO PROGRAMA DE P\u00d3S-GRADUA\u00c7\u00c3O EM EDUCA\u00c7\u00c3O &#8211; PPGED<\/span><br><span style=\"font-family: 'trebuchet ms', geneva, sans-serif;\"><a style=\"color: #000000;\" href=\"https:\/\/propesp.uepa.br\/ppged\/wp-content\/uploads\/producoes\/ANAIS_CD_ROM_I_SEMIN\u00c1RIO_2004.pdf\">Anais do Evento.<\/a><\/span><\/p>\n<\/div><\/div>\n\n\n\n<div class=\"wp-block-uagb-container uagb-block-03dad8cd alignfull uagb-is-root-container\"><div class=\"uagb-container-inner-blocks-wrap\"><\/div><\/div>\n","protected":false},"excerpt":{"rendered":"<p>PROGRAMA DE P\u00d3S GRADUA\u00c7\u00c3O EM EDUCA\u00c7\u00c3O &#8211; PPGED &#8220;Stricto Sensu&#8221; ANAIS DOS EVENTOS DO PROGRAMA XVIII Semin\u00e1rio do Programa de P\u00f3s-Gradua\u00e7\u00e3o em Educa\u00e7\u00e3o-PPGED\/UEPA &#8211; Clique aqui para ler o documento XV SEMIN\u00c1RIO DO PROGRAMA DE P\u00d3S-GRADUA\u00c7\u00c3O EM EDUCA\u00c7\u00c3O &#8211; PPGEDAnais do Evento. XIV SEMIN\u00c1RIO DO PROGRAMA DE P\u00d3S-GRADUA\u00c7\u00c3O EM EDUCA\u00c7\u00c3O &#8211; PPGEDAnais do Evento. XIII [&hellip;]<\/p>\n","protected":false},"author":1,"featured_media":0,"parent":0,"menu_order":0,"comment_status":"closed","ping_status":"closed","template":"","meta":{"_uag_custom_page_level_css":"","site-sidebar-layout":"default","site-content-layout":"","ast-site-content-layout":"","site-content-style":"default","site-sidebar-style":"default","ast-global-header-display":"","ast-banner-title-visibility":"","ast-main-header-display":"","ast-hfb-above-header-display":"","ast-hfb-below-header-display":"","ast-hfb-mobile-header-display":"","site-post-title":"","ast-breadcrumbs-content":"","ast-featured-img":"","footer-sml-layout":"","theme-transparent-header-meta":"","adv-header-id-meta":"","stick-header-meta":"","header-above-stick-meta":"","header-main-stick-meta":"","header-below-stick-meta":"","astra-migrate-meta-layouts":"default","ast-page-background-enabled":"default","ast-page-background-meta":{"desktop":{"background-color":"var(--ast-global-color-4)","background-image":"","background-repeat":"repeat","background-position":"center center","background-size":"auto","background-attachment":"scroll","background-type":"","background-media":"","overlay-type":"","overlay-color":"","overlay-gradient":""},"tablet":{"background-color":"","background-image":"","background-repeat":"repeat","background-position":"center center","background-size":"auto","background-attachment":"scroll","background-type":"","background-media":"","overlay-type":"","overlay-color":"","overlay-gradient":""},"mobile":{"background-color":"","background-image":"","background-repeat":"repeat","background-position":"center center","background-size":"auto","background-attachment":"scroll","background-type":"","background-media":"","overlay-type":"","overlay-color":"","overlay-gradient":""}},"ast-content-background-meta":{"desktop":{"background-color":"var(--ast-global-color-5)","background-image":"","background-repeat":"repeat","background-position":"center center","background-size":"auto","background-attachment":"scroll","background-type":"","background-media":"","overlay-type":"","overlay-color":"","overlay-gradient":""},"tablet":{"background-color":"var(--ast-global-color-5)","background-image":"","background-repeat":"repeat","background-position":"center center","background-size":"auto","background-attachment":"scroll","background-type":"","background-media":"","overlay-type":"","overlay-color":"","overlay-gradient":""},"mobile":{"background-color":"var(--ast-global-color-5)","background-image":"","background-repeat":"repeat","background-position":"center center","background-size":"auto","background-attachment":"scroll","background-type":"","background-media":"","overlay-type":"","overlay-color":"","overlay-gradient":""}},"footnotes":""},"class_list":["post-1136","page","type-page","status-publish","hentry"],"uagb_featured_image_src":{"full":false,"thumbnail":false,"medium":false,"medium_large":false,"large":false,"1536x1536":false,"2048x2048":false},"uagb_author_info":{"display_name":"adminsites@uepa.br","author_link":"https:\/\/propesp.uepa.br\/ppged\/author\/adminsitesuepa-br\/"},"uagb_comment_info":0,"uagb_excerpt":"PROGRAMA DE P\u00d3S GRADUA\u00c7\u00c3O EM EDUCA\u00c7\u00c3O &#8211; PPGED &#8220;Stricto Sensu&#8221; ANAIS DOS EVENTOS DO PROGRAMA XVIII Semin\u00e1rio do Programa de P\u00f3s-Gradua\u00e7\u00e3o em Educa\u00e7\u00e3o-PPGED\/UEPA &#8211; Clique aqui para ler o documento XV SEMIN\u00c1RIO DO PROGRAMA DE P\u00d3S-GRADUA\u00c7\u00c3O EM EDUCA\u00c7\u00c3O &#8211; PPGEDAnais do Evento. XIV SEMIN\u00c1RIO DO PROGRAMA DE P\u00d3S-GRADUA\u00c7\u00c3O EM EDUCA\u00c7\u00c3O &#8211; PPGEDAnais do Evento. XIII&hellip;","_links":{"self":[{"href":"https:\/\/propesp.uepa.br\/ppged\/wp-json\/wp\/v2\/pages\/1136","targetHints":{"allow":["GET"]}}],"collection":[{"href":"https:\/\/propesp.uepa.br\/ppged\/wp-json\/wp\/v2\/pages"}],"about":[{"href":"https:\/\/propesp.uepa.br\/ppged\/wp-json\/wp\/v2\/types\/page"}],"author":[{"embeddable":true,"href":"https:\/\/propesp.uepa.br\/ppged\/wp-json\/wp\/v2\/users\/1"}],"replies":[{"embeddable":true,"href":"https:\/\/propesp.uepa.br\/ppged\/wp-json\/wp\/v2\/comments?post=1136"}],"version-history":[{"count":14,"href":"https:\/\/propesp.uepa.br\/ppged\/wp-json\/wp\/v2\/pages\/1136\/revisions"}],"predecessor-version":[{"id":10178,"href":"https:\/\/propesp.uepa.br\/ppged\/wp-json\/wp\/v2\/pages\/1136\/revisions\/10178"}],"wp:attachment":[{"href":"https:\/\/propesp.uepa.br\/ppged\/wp-json\/wp\/v2\/media?parent=1136"}],"curies":[{"name":"wp","href":"https:\/\/api.w.org\/{rel}","templated":true}]}}