{"id":11494,"date":"2025-12-11T14:56:57","date_gmt":"2025-12-11T17:56:57","guid":{"rendered":"https:\/\/propesp.uepa.br\/ppged\/?page_id=11494"},"modified":"2025-12-17T14:55:29","modified_gmt":"2025-12-17T17:55:29","slug":"pos-doutorado","status":"publish","type":"page","link":"https:\/\/propesp.uepa.br\/ppged\/pos-doutorado\/","title":{"rendered":"P\u00f3s-Doutorado"},"content":{"rendered":"\n<p><mark style=\"background-color:rgba(0, 0, 0, 0);color:#000000\" class=\"has-inline-color\">O PPGED aceita doutores de \u00e1reas do conhecimento articuladas \u00e0 Educa\u00e7\u00e3o para supervis\u00e3o de est\u00e1gio de p\u00f3s-doutoramento a partir do atendimento \u00e0 Resolu\u00e7\u00e3o de N\u00ba 15 de 17\/06\/2025 que trata sobre o Est\u00e1gio P\u00f3s-doutoral no \u00e2mbito do Programa<\/mark>.<br><\/p>\n\n\n\n<figure class=\"wp-block-table is-style-regular\"><table class=\"has-ast-global-color-5-color has-ast-global-color-1-background-color has-text-color has-background has-link-color has-fixed-layout\"><tbody><tr><td class=\"has-text-align-center\" data-align=\"center\"><mark style=\"background-color:rgba(0, 0, 0, 0);color:#000000\" class=\"has-inline-color\"><strong>NOME DO DOUTOR<\/strong><\/mark><\/td><td class=\"has-text-align-center\" data-align=\"center\"><mark style=\"background-color:rgba(0, 0, 0, 0);color:#000000\" class=\"has-inline-color\"><strong>INSTITUI\u00c7\u00c3O DE ENSINO<\/strong><\/mark><\/td><td class=\"has-text-align-center\" data-align=\"center\"><strong><mark style=\"background-color:rgba(0, 0, 0, 0);color:#000000\" class=\"has-inline-color\">TITULO DA PESQUISA<\/mark><\/strong><\/td><td class=\"has-text-align-center\" data-align=\"center\"><mark style=\"background-color:rgba(0, 0, 0, 0);color:#000000\" class=\"has-inline-color\"><strong>PROF. DR SUPERVISOR<\/strong><\/mark><\/td><td class=\"has-text-align-center\" data-align=\"center\"><mark style=\"background-color:rgba(0, 0, 0, 0);color:#000000\" class=\"has-inline-color\"><strong>PER\u00cdODO <\/strong><\/mark><\/td><\/tr><tr><td class=\"has-text-align-center\" data-align=\"center\"><mark style=\"background-color:rgba(0, 0, 0, 0)\" class=\"has-inline-color has-ast-global-color-5-color\">LUIS PAULO SOUZA E SOUZA<\/mark><\/td><td class=\"has-text-align-center\" data-align=\"center\"><mark style=\"background-color:rgba(0, 0, 0, 0)\" class=\"has-inline-color has-ast-global-color-5-color\">UNIVERSIDADE FEDERAL DE MINAS GERAIS (UFMG)<\/mark><\/td><td class=\"has-text-align-center\" data-align=\"center\"><\/td><td class=\"has-text-align-center\" data-align=\"center\"><\/td><td class=\"has-text-align-center\" data-align=\"center\"><mark style=\"background-color:rgba(0, 0, 0, 0)\" class=\"has-inline-color has-ast-global-color-5-color\">01\/12\/2020 a 01\/12\/2021<\/mark><\/td><\/tr><tr><td class=\"has-text-align-center\" data-align=\"center\">MARIA JOSE DE PINHO<\/td><td class=\"has-text-align-center\" data-align=\"center\"><mark style=\"background-color:rgba(0, 0, 0, 0)\" class=\"has-inline-color has-ast-global-color-5-color\">UNIVERSIDADE FEDERAL DO TOCANTINS (UFT)<\/mark><\/td><td class=\"has-text-align-center\" data-align=\"center\">Criatividade e Letramento Escolar na<br>Perspectiva da Complexidade: articula\u00e7\u00f5es e desafios transdisciplinares<\/td><td class=\"has-text-align-center\" data-align=\"center\">Marta Gen\u00fa Soares<\/td><td class=\"has-text-align-center\" data-align=\"center\"><mark style=\"background-color:rgba(0, 0, 0, 0)\" class=\"has-inline-color has-ast-global-color-5-color\">01\/08\/2020 a 31\/01\/2021<\/mark><\/td><\/tr><tr><td class=\"has-text-align-center\" data-align=\"center\">IDEMAR VIZOLLI<\/td><td class=\"has-text-align-center\" data-align=\"center\">UFT<\/td><td class=\"has-text-align-center\" data-align=\"center\"><\/td><td class=\"has-text-align-center\" data-align=\"center\">Ivanilde Apoluceno de Oliveria<\/td><td class=\"has-text-align-center\" data-align=\"center\">01\/01 a 31\/07\/2020<\/td><\/tr><tr><td class=\"has-text-align-center\" data-align=\"center\">RITA DE CASSIA BARBOSA PAIVA MAGALHAES<\/td><td class=\"has-text-align-center\" data-align=\"center\">UNIVERSIDADE FEDERAL DO RIO GRANDE DO NORTE (UFRN)<\/td><td class=\"has-text-align-center\" data-align=\"center\"><\/td><td class=\"has-text-align-center\" data-align=\"center\"><\/td><td class=\"has-text-align-center\" data-align=\"center\">01\/03\/2020 a 01\/08\/2020<\/td><\/tr><tr><td class=\"has-text-align-center\" data-align=\"center\">DANIELI DOS SANTOS PIMENTEL<\/td><td class=\"has-text-align-center\" data-align=\"center\">UFPA<\/td><td class=\"has-text-align-center\" data-align=\"center\"><\/td><td class=\"has-text-align-center\" data-align=\"center\">Josebel Akel Fares<\/td><td class=\"has-text-align-center\" data-align=\"center\">01\/2021 a 01\/2022<\/td><\/tr><tr><td class=\"has-text-align-center\" data-align=\"center\">JOS\u00c9 PEREIRA DE MELO<\/td><td class=\"has-text-align-center\" data-align=\"center\">UFRN<\/td><td class=\"has-text-align-center\" data-align=\"center\">An\u00e1lise dos livros did\u00e1ticos na educa\u00e7\u00e3o b\u00e1sica: o caso da<br>Educa\u00e7\u00e3o F\u00edsica escolar no Brasil<\/td><td class=\"has-text-align-center\" data-align=\"center\">Marta Gen\u00fa Soares<\/td><td class=\"has-text-align-center\" data-align=\"center\">28\/08\/2017 A 30\/04\/2018<\/td><\/tr><tr><td class=\"has-text-align-center\" data-align=\"center\">FRANCIELE CLARA PELOSO<\/td><td class=\"has-text-align-center\" data-align=\"center\">UFTPR<\/td><td class=\"has-text-align-center\" data-align=\"center\"><\/td><td class=\"has-text-align-center\" data-align=\"center\">Jo\u00e3o Colares da Mota Neto<\/td><td class=\"has-text-align-center\" data-align=\"center\">01\/12\/2021 a 30\/12\/2022<\/td><\/tr><tr><td class=\"has-text-align-center\" data-align=\"center\">JOS\u00c9 CARLOS DA SILVEIRA FREIRE&nbsp;<\/td><td class=\"has-text-align-center\" data-align=\"center\"><\/td><td class=\"has-text-align-center\" data-align=\"center\"><\/td><td class=\"has-text-align-center\" data-align=\"center\">Ivanilde Apoluceno de Oliveria<\/td><td class=\"has-text-align-center\" data-align=\"center\">11\/01\/21 a 11\/01\/2022<\/td><\/tr><tr><td class=\"has-text-align-center\" data-align=\"center\">JOS\u00c9 RICARDO E SOUZA MAFRA<\/td><td class=\"has-text-align-center\" data-align=\"center\">UNIVERSIDADE FEDERAL DO OESTE DO PAR\u00c1 (UFOPA)<\/td><td class=\"has-text-align-center\" data-align=\"center\"><\/td><td class=\"has-text-align-center\" data-align=\"center\">Pedro Franco de S\u00e1<\/td><td class=\"has-text-align-center\" data-align=\"center\">06\/2021 A 06\/2022<\/td><\/tr><tr><td class=\"has-text-align-center\" data-align=\"center\">MARIATERESA MURACA<\/td><td class=\"has-text-align-center\" data-align=\"center\"><\/td><td class=\"has-text-align-center\" data-align=\"center\">Promover a<br>justi\u00e7a social e epist\u00eamica em \u00e1reas geopoliticamente complexas: uma pesquisa<br>situada no Pensamento Decolonial e nas Epistemologias do Sul<\/td><td class=\"has-text-align-center\" data-align=\"center\">Ivanilde Apoluceno de Oliveria<\/td><td class=\"has-text-align-center\" data-align=\"center\">03\/2021 A 08\/2023<\/td><\/tr><tr><td class=\"has-text-align-center\" data-align=\"center\">EDITE MARIA DA SILVA FARIA&nbsp;<\/td><td class=\"has-text-align-center\" data-align=\"center\">UNEB<\/td><td class=\"has-text-align-center\" data-align=\"center\"><\/td><td class=\"has-text-align-center\" data-align=\"center\">Ivanilde Apoluceno de Oliveira<\/td><td class=\"has-text-align-center\" data-align=\"center\">01\/04\/2022 A 31\/12\/2023<\/td><\/tr><tr><td class=\"has-text-align-center\" data-align=\"center\">FERNANDA REGINA SILVA DE AVIZ<\/td><td class=\"has-text-align-center\" data-align=\"center\">SEMEC TRACUATEUA PA&nbsp;<\/td><td class=\"has-text-align-center\" data-align=\"center\"><\/td><td class=\"has-text-align-center\" data-align=\"center\">T\u00e2nia Regina Lobato dos Santos<\/td><td class=\"has-text-align-center\" data-align=\"center\">2023 a 2024&nbsp;<\/td><\/tr><tr><td class=\"has-text-align-center\" data-align=\"center\">IVANA CLAUDIA GUIMARAES DE OLIVEIRA<\/td><td class=\"has-text-align-center\" data-align=\"center\">UNAMA PA<\/td><td class=\"has-text-align-center\" data-align=\"center\">Ferramentas digitais e a modalidade h\u00edbrida na<br>forma\u00e7\u00e3o de professores: a experi\u00eancia em uma universidade p\u00fablica estadual<\/td><td class=\"has-text-align-center\" data-align=\"center\">Maria do P\u00e9rpetuo Socorro Pereira Cardoso<\/td><td class=\"has-text-align-center\" data-align=\"center\">08\/2023 a 08\/2024&nbsp;<\/td><\/tr><tr><td class=\"has-text-align-center\" data-align=\"center\">MARTA ROSA FARIAS DE ALMEIDA&nbsp;<\/td><td class=\"has-text-align-center\" data-align=\"center\">UNEB<\/td><td class=\"has-text-align-center\" data-align=\"center\"><\/td><td class=\"has-text-align-center\" data-align=\"center\">Ivanilde Apoluceno de Oliveria<\/td><td class=\"has-text-align-center\" data-align=\"center\">01\/06\/2023 a 31\/05\/2024<\/td><\/tr><tr><td class=\"has-text-align-center\" data-align=\"center\">RAQUEL DA SILVA LOPES&nbsp;<\/td><td class=\"has-text-align-center\" data-align=\"center\">UFPA<\/td><td class=\"has-text-align-center\" data-align=\"center\"><\/td><td class=\"has-text-align-center\" data-align=\"center\">Ivanilde Apoluceno de Oliveira<\/td><td class=\"has-text-align-center\" data-align=\"center\">01\/09\/2023 a 31\/08\/2024<\/td><\/tr><tr><td class=\"has-text-align-center\" data-align=\"center\">SULIVAN FERREIRA DE SOUZA&nbsp;<\/td><td class=\"has-text-align-center\" data-align=\"center\">UFT<\/td><td class=\"has-text-align-center\" data-align=\"center\"><\/td><td class=\"has-text-align-center\" data-align=\"center\">Ivanilde Apoluceno de Oliveira<\/td><td class=\"has-text-align-center\" data-align=\"center\">01\/03\/2023 a 28\/02\/2024<\/td><\/tr><tr><td class=\"has-text-align-center\" data-align=\"center\">RENILDA DO ROSARIO MOREIRA RODRIGUES BASTOS<\/td><td class=\"has-text-align-center\" data-align=\"center\">UEPA<\/td><td class=\"has-text-align-center\" data-align=\"center\"><\/td><td class=\"has-text-align-center\" data-align=\"center\">Josebel Akel Fares<\/td><td class=\"has-text-align-center\" data-align=\"center\">12\/2023 a 06\/2024<\/td><\/tr><tr><td class=\"has-text-align-center\" data-align=\"center\">MARCO ANTONIO DA COSTA CAMELO<\/td><td class=\"has-text-align-center\" data-align=\"center\">UEPA<\/td><td class=\"has-text-align-center\" data-align=\"center\"><\/td><td class=\"has-text-align-center\" data-align=\"center\">Josebel Akel Fares<\/td><td class=\"has-text-align-center\" data-align=\"center\">12\/2023 a 06\/2024<\/td><\/tr><tr><td class=\"has-text-align-center\" data-align=\"center\">ELISA MARIA PINHEIRO DE SOUZA<\/td><td class=\"has-text-align-center\" data-align=\"center\">UEPA<\/td><td class=\"has-text-align-center\" data-align=\"center\"><\/td><td class=\"has-text-align-center\" data-align=\"center\">Maria do P\u00e9rpetuo Socorro Pereira Cardoso<\/td><td class=\"has-text-align-center\" data-align=\"center\">02\/2024 a 08\/2024<\/td><\/tr><tr><td class=\"has-text-align-center\" data-align=\"center\">SERGIO OLIVEIRA DOS SANTOS&nbsp;<\/td><td class=\"has-text-align-center\" data-align=\"center\">PREFEITURA MUNICIPAL DE S\u00c3O CATEANO DO SUL &#8211; SP<\/td><td class=\"has-text-align-center\" data-align=\"center\">Vulnerabilidade sem\u00e2ntica e motricidade vital: permeabilidades na educa\u00e7\u00e3o num mundo em transforma\u00e7\u00e3o<\/td><td class=\"has-text-align-center\" data-align=\"center\">Marta Gen\u00fa Soares<\/td><td class=\"has-text-align-center\" data-align=\"center\">01\/03\/2024 a 30\/03\/2025<\/td><\/tr><tr><td class=\"has-text-align-center\" data-align=\"center\">WALDMA MA\u00cdRA MENEZES DE OLIVEIRA&nbsp;<\/td><td class=\"has-text-align-center\" data-align=\"center\">UEPA<\/td><td class=\"has-text-align-center\" data-align=\"center\">PENSAMENTO DECOLONIAL E EDUCA\u00c7\u00c3O ESPECIAL: uma revis\u00e3o<br>integrativa no cen\u00e1rio brasileiro<\/td><td class=\"has-text-align-center\" data-align=\"center\">Ivanilde Apoluceno de Oliveira<\/td><td class=\"has-text-align-center\" data-align=\"center\">02\/01\/2024 a 30\/07\/2024<\/td><\/tr><tr><td class=\"has-text-align-center\" data-align=\"center\">MARINALDO PANTOJA PINHEIRO&nbsp;<\/td><td class=\"has-text-align-center\" data-align=\"center\">SEDUC PA&nbsp;<\/td><td class=\"has-text-align-center\" data-align=\"center\">Educa\u00e7\u00e3o no Norte do Brasil Colonial: Diversidade de<br>Mediadores Culturais<\/td><td class=\"has-text-align-center\" data-align=\"center\">Maria do P\u00e9rpetuo Socorro Gomes Avelino de Fran\u00e7a<\/td><td class=\"has-text-align-center\" data-align=\"center\">08\/2024 A 08\/2025<\/td><\/tr><tr><td class=\"has-text-align-center\" data-align=\"center\">MARIO ALLAN DA SILVA LOPES<\/td><td class=\"has-text-align-center\" data-align=\"center\">SEMEC BELEM PA<\/td><td class=\"has-text-align-center\" data-align=\"center\"><\/td><td class=\"has-text-align-center\" data-align=\"center\">Maria do P\u00e9rpetuo Socorro Gomes Avelino de Fran\u00e7a<\/td><td class=\"has-text-align-center\" data-align=\"center\">01\/2025 A 12\/2025<\/td><\/tr><tr><td class=\"has-text-align-center\" data-align=\"center\">DELCIA PEREIRA POMBO<\/td><td class=\"has-text-align-center\" data-align=\"center\">UEPA<\/td><td class=\"has-text-align-center\" data-align=\"center\">ETNONARRATIVAS TEMB\u00c9:<br>as vozes ancestrais na constru\u00e7\u00e3o de imagin\u00e1rios da literatura ind\u00edgena<\/td><td class=\"has-text-align-center\" data-align=\"center\">Josebel Akel Fares<\/td><td class=\"has-text-align-center\" data-align=\"center\">01\/09\/2024 A 28\/02\/2025<\/td><\/tr><tr><td class=\"has-text-align-center\" data-align=\"center\">ELIETE DE JESUS BARARUA SOLANO<\/td><td class=\"has-text-align-center\" data-align=\"center\">UEPA<\/td><td class=\"has-text-align-center\" data-align=\"center\">LITERATURA IND\u00cdGENA: AS NARRATIVAS TEMB\u00c9 NA ESCOLA IND\u00cdGENA<\/td><td class=\"has-text-align-center\" data-align=\"center\">Josebel Akel Fares<\/td><td class=\"has-text-align-center\" data-align=\"center\">01\/09\/2024 A 28\/02\/2025<\/td><\/tr><tr><td class=\"has-text-align-center\" data-align=\"center\">Tiago Tendai Chingore<\/td><td class=\"has-text-align-center\" data-align=\"center\">UNIVERSIDADE LICUNGO (UL)<\/td><td class=\"has-text-align-center\" data-align=\"center\">Saberes sociofilos\u00f3ficos africanos nas universidades brasileiras para uma educa\u00e7\u00e3o antirracista, decolonial e p\u00f3s-colonial<\/td><td class=\"has-text-align-center\" data-align=\"center\">Marta Gen\u00fa Soares<\/td><td class=\"has-text-align-center\" data-align=\"center\">01\/03\/2023 a 30\/03\/2024<\/td><\/tr><tr><td class=\"has-text-align-center\" data-align=\"center\">Lu\u00edz Guilherme dos Santos Junior<\/td><td class=\"has-text-align-center\" data-align=\"center\">UFPA<\/td><td class=\"has-text-align-center\" data-align=\"center\">O PROJETO PRIMOLIUS E O IMAGIN\u00c1RIO M\u00cdTICO DE MAYANDEUA NA LITERATURA INFANTOJUVENIL DE FL\u00c1VIO DE BRITTO<\/td><td class=\"has-text-align-center\" data-align=\"center\">Jpsebel Akel Fares<\/td><td class=\"has-text-align-center\" data-align=\"center\">09\/09\/2024 a 30\/04\/2025<\/td><\/tr><\/tbody><\/table><\/figure>\n\n\n\n<p><\/p>\n","protected":false},"excerpt":{"rendered":"<p>O PPGED aceita doutores de \u00e1reas do conhecimento articuladas \u00e0 Educa\u00e7\u00e3o para supervis\u00e3o de est\u00e1gio de p\u00f3s-doutoramento a partir do atendimento \u00e0 Resolu\u00e7\u00e3o de N\u00ba 15 de 17\/06\/2025 que trata sobre o Est\u00e1gio P\u00f3s-doutoral no \u00e2mbito do Programa. NOME DO DOUTOR INSTITUI\u00c7\u00c3O DE ENSINO TITULO DA PESQUISA PROF. DR SUPERVISOR PER\u00cdODO LUIS PAULO SOUZA E [&hellip;]<\/p>\n","protected":false},"author":1,"featured_media":0,"parent":0,"menu_order":0,"comment_status":"closed","ping_status":"closed","template":"","meta":{"_uag_custom_page_level_css":"","site-sidebar-layout":"default","site-content-layout":"","ast-site-content-layout":"","site-content-style":"default","site-sidebar-style":"default","ast-global-header-display":"","ast-banner-title-visibility":"","ast-main-header-display":"","ast-hfb-above-header-display":"","ast-hfb-below-header-display":"","ast-hfb-mobile-header-display":"","site-post-title":"","ast-breadcrumbs-content":"","ast-featured-img":"","footer-sml-layout":"","theme-transparent-header-meta":"","adv-header-id-meta":"","stick-header-meta":"","header-above-stick-meta":"","header-main-stick-meta":"","header-below-stick-meta":"","astra-migrate-meta-layouts":"default","ast-page-background-enabled":"default","ast-page-background-meta":{"desktop":{"background-color":"var(--ast-global-color-4)","background-image":"","background-repeat":"repeat","background-position":"center center","background-size":"auto","background-attachment":"scroll","background-type":"","background-media":"","overlay-type":"","overlay-color":"","overlay-gradient":""},"tablet":{"background-color":"","background-image":"","background-repeat":"repeat","background-position":"center center","background-size":"auto","background-attachment":"scroll","background-type":"","background-media":"","overlay-type":"","overlay-color":"","overlay-gradient":""},"mobile":{"background-color":"","background-image":"","background-repeat":"repeat","background-position":"center center","background-size":"auto","background-attachment":"scroll","background-type":"","background-media":"","overlay-type":"","overlay-color":"","overlay-gradient":""}},"ast-content-background-meta":{"desktop":{"background-color":"var(--ast-global-color-5)","background-image":"","background-repeat":"repeat","background-position":"center center","background-size":"auto","background-attachment":"scroll","background-type":"","background-media":"","overlay-type":"","overlay-color":"","overlay-gradient":""},"tablet":{"background-color":"var(--ast-global-color-5)","background-image":"","background-repeat":"repeat","background-position":"center center","background-size":"auto","background-attachment":"scroll","background-type":"","background-media":"","overlay-type":"","overlay-color":"","overlay-gradient":""},"mobile":{"background-color":"var(--ast-global-color-5)","background-image":"","background-repeat":"repeat","background-position":"center center","background-size":"auto","background-attachment":"scroll","background-type":"","background-media":"","overlay-type":"","overlay-color":"","overlay-gradient":""}},"footnotes":""},"class_list":["post-11494","page","type-page","status-publish","hentry"],"uagb_featured_image_src":{"full":false,"thumbnail":false,"medium":false,"medium_large":false,"large":false,"1536x1536":false,"2048x2048":false},"uagb_author_info":{"display_name":"adminsites@uepa.br","author_link":"https:\/\/propesp.uepa.br\/ppged\/author\/adminsitesuepa-br\/"},"uagb_comment_info":0,"uagb_excerpt":"O PPGED aceita doutores de \u00e1reas do conhecimento articuladas \u00e0 Educa\u00e7\u00e3o para supervis\u00e3o de est\u00e1gio de p\u00f3s-doutoramento a partir do atendimento \u00e0 Resolu\u00e7\u00e3o de N\u00ba 15 de 17\/06\/2025 que trata sobre o Est\u00e1gio P\u00f3s-doutoral no \u00e2mbito do Programa. NOME DO DOUTOR INSTITUI\u00c7\u00c3O DE ENSINO TITULO DA PESQUISA PROF. DR SUPERVISOR PER\u00cdODO LUIS PAULO SOUZA E&hellip;","_links":{"self":[{"href":"https:\/\/propesp.uepa.br\/ppged\/wp-json\/wp\/v2\/pages\/11494","targetHints":{"allow":["GET"]}}],"collection":[{"href":"https:\/\/propesp.uepa.br\/ppged\/wp-json\/wp\/v2\/pages"}],"about":[{"href":"https:\/\/propesp.uepa.br\/ppged\/wp-json\/wp\/v2\/types\/page"}],"author":[{"embeddable":true,"href":"https:\/\/propesp.uepa.br\/ppged\/wp-json\/wp\/v2\/users\/1"}],"replies":[{"embeddable":true,"href":"https:\/\/propesp.uepa.br\/ppged\/wp-json\/wp\/v2\/comments?post=11494"}],"version-history":[{"count":7,"href":"https:\/\/propesp.uepa.br\/ppged\/wp-json\/wp\/v2\/pages\/11494\/revisions"}],"predecessor-version":[{"id":11528,"href":"https:\/\/propesp.uepa.br\/ppged\/wp-json\/wp\/v2\/pages\/11494\/revisions\/11528"}],"wp:attachment":[{"href":"https:\/\/propesp.uepa.br\/ppged\/wp-json\/wp\/v2\/media?parent=11494"}],"curies":[{"name":"wp","href":"https:\/\/api.w.org\/{rel}","templated":true}]}}