{"id":1150,"date":"2017-05-17T12:16:03","date_gmt":"2017-05-17T15:16:03","guid":{"rendered":"http:\/\/ccse.uepa.br\/mestradoeducacao\/?page_id=1150"},"modified":"2024-11-08T09:41:57","modified_gmt":"2024-11-08T12:41:57","slug":"seminarios-2","status":"publish","type":"page","link":"https:\/\/propesp.uepa.br\/ppged\/seminarios-2\/","title":{"rendered":"Semin\u00e1rios"},"content":{"rendered":"\n<h2 class=\"wp-block-heading has-text-align-center has-medium-font-size\"><a href=\"https:\/\/www.uepa.br\/pt-br\/content\/ii-seminario-de-autoavaliacao-do-ppged\">II Semin\u00e1rio de Autoavalia\u00e7\u00e3o do PPGED<\/a><\/h2>\n\n\n\n<div class=\"wp-block-uagb-container uagb-block-c85e320c alignfull uagb-is-root-container\"><div class=\"uagb-container-inner-blocks-wrap\">\n<p class=\"has-text-align-center has-ast-global-color-8-color has-text-color has-link-color wp-elements-76f4cfee466cf7d06bf6a5aba9375dac\"><a href=\"https:\/\/propesp.uepa.br\/ppged\/wp-content\/uploads\/2024\/10\/ANAIS_XV_SEMINARIO_PPGED.pdf\" target=\"_blank\" rel=\"noreferrer noopener\">XV SEMIN\u00c1RIO DO PROGRAMA DE P\u00d3S-GRADUA\u00c7\u00c3O EM EDUCA\u00c7\u00c3O &#8211; PPGED<\/a><br><br><a href=\"https:\/\/propesp.uepa.br\/ppged\/wp-content\/uploads\/2024\/10\/Anais_XIV_Seminario_do_PPGED.pdf\">XIV SEMIN\u00c1RIO DO PROGRAMA DE P\u00d3S-GRADUA\u00c7\u00c3O EM EDUCA\u00c7\u00c3O &#8211; PPGED<\/a><br><br><a href=\"https:\/\/propesp.uepa.br\/ppged\/?page_id=726&amp;preview_id=726&amp;preview_nonce=3657818eef&amp;preview=true\">XIII SEMIN\u00c1RIO DO PROGRAMA DE P\u00d3S-GRADUA\u00c7\u00c3O EM EDUCA\u00c7\u00c3O &#8211; PPGED<\/a><br><br>XII SEMIN\u00c1RIO DO PROGRAMA DE P\u00d3S-GRADUA\u00c7\u00c3O EM EDUCA\u00c7\u00c3O &#8211; PPGED<br><br>XI SEMIN\u00c1RIO DO PROGRAMA DE P\u00d3S-GRADUA\u00c7\u00c3O EM EDUCA\u00c7\u00c3O &#8211; PPGED<br><br>X SEMIN\u00c1RIO DO PROGRAMA DE P\u00d3S-GRADUA\u00c7\u00c3O EM EDUCA\u00c7\u00c3O &#8211; PPGED<br><br>IX SEMIN\u00c1RIO DO PROGRAMA DE P\u00d3S-GRADUA\u00c7\u00c3O EM EDUCA\u00c7\u00c3O &#8211; PPGED<br><br>VIII SEMIN\u00c1RIO DO PROGRAMA DE P\u00d3S-GRADUA\u00c7\u00c3O EM EDUCA\u00c7\u00c3O &#8211; PPGED<br><br>VII SEMIN\u00c1RIO DO PROGRAMA DE P\u00d3S-GRADUA\u00c7\u00c3O EM EDUCA\u00c7\u00c3O &#8211; PPGED<br><br>VI SEMIN\u00c1RIO DO PROGRAMA DE P\u00d3S-GRADUA\u00c7\u00c3O EM EDUCA\u00c7\u00c3O &#8211; PPGED<br><br>V SEMIN\u00c1RIO DO PROGRAMA DE P\u00d3S-GRADUA\u00c7\u00c3O EM EDUCA\u00c7\u00c3O &#8211; PPGED<br><br><a href=\"https:\/\/propesp.uepa.br\/ppged\/wp-content\/uploads\/2024\/10\/anais_do_iv_seminario_do_programa_de_pos_graduacao_em_educacao_compressed.pdf\">IV SEMIN\u00c1RIO DO PROGRAMA DE P\u00d3S-GRADUA\u00c7\u00c3O EM EDUCA\u00c7\u00c3O &#8211; PPGED<br><\/a><br>III SEMIN\u00c1RIO DO PROGRAMA DE P\u00d3S-GRADUA\u00c7\u00c3O EM EDUCA\u00c7\u00c3O &#8211; PPGED<br><br><a href=\"https:\/\/propesp.uepa.br\/ppged\/wp-content\/uploads\/2024\/10\/anais_do_ii_seminario_do_programa_de_pos_graduacao-em-educacao.pdf\">II SEMIN\u00c1RIO DO PROGRAMA DE P\u00d3S-GRADUA\u00c7\u00c3O EM EDUCA\u00c7\u00c3O &#8211; PPGED<br><\/a><br><a href=\"https:\/\/propesp.uepa.br\/ppged\/wp-content\/uploads\/2024\/10\/ANAIS_CD_ROM_I_SEMINARIO_2004.pdf\">I SEMIN\u00c1RIO DO PROGRAMA DE P\u00d3S-GRADUA\u00c7\u00c3O EM EDUCA\u00c7\u00c3O &#8211; PPGED<\/a><\/p>\n<\/div><\/div>\n\n\n\n<div class=\"wp-block-uagb-container uagb-block-2e078750 alignfull uagb-is-root-container\"><div class=\"uagb-container-inner-blocks-wrap\"><\/div><\/div>\n","protected":false},"excerpt":{"rendered":"<p>II Semin\u00e1rio de Autoavalia\u00e7\u00e3o do PPGED XV SEMIN\u00c1RIO DO PROGRAMA DE P\u00d3S-GRADUA\u00c7\u00c3O EM EDUCA\u00c7\u00c3O &#8211; PPGED XIV SEMIN\u00c1RIO DO PROGRAMA DE P\u00d3S-GRADUA\u00c7\u00c3O EM EDUCA\u00c7\u00c3O &#8211; PPGED XIII SEMIN\u00c1RIO DO PROGRAMA DE P\u00d3S-GRADUA\u00c7\u00c3O EM EDUCA\u00c7\u00c3O &#8211; PPGED XII SEMIN\u00c1RIO DO PROGRAMA DE P\u00d3S-GRADUA\u00c7\u00c3O EM EDUCA\u00c7\u00c3O &#8211; PPGED XI SEMIN\u00c1RIO DO PROGRAMA DE P\u00d3S-GRADUA\u00c7\u00c3O EM EDUCA\u00c7\u00c3O &#8211; [&hellip;]<\/p>\n","protected":false},"author":1,"featured_media":0,"parent":0,"menu_order":0,"comment_status":"closed","ping_status":"closed","template":"","meta":{"_uag_custom_page_level_css":"","site-sidebar-layout":"default","site-content-layout":"","ast-site-content-layout":"","site-content-style":"default","site-sidebar-style":"default","ast-global-header-display":"","ast-banner-title-visibility":"","ast-main-header-display":"","ast-hfb-above-header-display":"","ast-hfb-below-header-display":"","ast-hfb-mobile-header-display":"","site-post-title":"","ast-breadcrumbs-content":"","ast-featured-img":"","footer-sml-layout":"","theme-transparent-header-meta":"","adv-header-id-meta":"","stick-header-meta":"","header-above-stick-meta":"","header-main-stick-meta":"","header-below-stick-meta":"","astra-migrate-meta-layouts":"default","ast-page-background-enabled":"default","ast-page-background-meta":{"desktop":{"background-color":"var(--ast-global-color-4)","background-image":"","background-repeat":"repeat","background-position":"center center","background-size":"auto","background-attachment":"scroll","background-type":"","background-media":"","overlay-type":"","overlay-color":"","overlay-gradient":""},"tablet":{"background-color":"","background-image":"","background-repeat":"repeat","background-position":"center center","background-size":"auto","background-attachment":"scroll","background-type":"","background-media":"","overlay-type":"","overlay-color":"","overlay-gradient":""},"mobile":{"background-color":"","background-image":"","background-repeat":"repeat","background-position":"center center","background-size":"auto","background-attachment":"scroll","background-type":"","background-media":"","overlay-type":"","overlay-color":"","overlay-gradient":""}},"ast-content-background-meta":{"desktop":{"background-color":"var(--ast-global-color-5)","background-image":"","background-repeat":"repeat","background-position":"center center","background-size":"auto","background-attachment":"scroll","background-type":"","background-media":"","overlay-type":"","overlay-color":"","overlay-gradient":""},"tablet":{"background-color":"var(--ast-global-color-5)","background-image":"","background-repeat":"repeat","background-position":"center center","background-size":"auto","background-attachment":"scroll","background-type":"","background-media":"","overlay-type":"","overlay-color":"","overlay-gradient":""},"mobile":{"background-color":"var(--ast-global-color-5)","background-image":"","background-repeat":"repeat","background-position":"center center","background-size":"auto","background-attachment":"scroll","background-type":"","background-media":"","overlay-type":"","overlay-color":"","overlay-gradient":""}},"footnotes":""},"class_list":["post-1150","page","type-page","status-publish","hentry"],"uagb_featured_image_src":{"full":false,"thumbnail":false,"medium":false,"medium_large":false,"large":false,"1536x1536":false,"2048x2048":false},"uagb_author_info":{"display_name":"adminsites@uepa.br","author_link":"https:\/\/propesp.uepa.br\/ppged\/author\/adminsitesuepa-br\/"},"uagb_comment_info":0,"uagb_excerpt":"II Semin\u00e1rio de Autoavalia\u00e7\u00e3o do PPGED XV SEMIN\u00c1RIO DO PROGRAMA DE P\u00d3S-GRADUA\u00c7\u00c3O EM EDUCA\u00c7\u00c3O &#8211; PPGED XIV SEMIN\u00c1RIO DO PROGRAMA DE P\u00d3S-GRADUA\u00c7\u00c3O EM EDUCA\u00c7\u00c3O &#8211; PPGED XIII SEMIN\u00c1RIO DO PROGRAMA DE P\u00d3S-GRADUA\u00c7\u00c3O EM EDUCA\u00c7\u00c3O &#8211; PPGED XII SEMIN\u00c1RIO DO PROGRAMA DE P\u00d3S-GRADUA\u00c7\u00c3O EM EDUCA\u00c7\u00c3O &#8211; PPGED XI SEMIN\u00c1RIO DO PROGRAMA DE P\u00d3S-GRADUA\u00c7\u00c3O EM EDUCA\u00c7\u00c3O &#8211;&hellip;","_links":{"self":[{"href":"https:\/\/propesp.uepa.br\/ppged\/wp-json\/wp\/v2\/pages\/1150","targetHints":{"allow":["GET"]}}],"collection":[{"href":"https:\/\/propesp.uepa.br\/ppged\/wp-json\/wp\/v2\/pages"}],"about":[{"href":"https:\/\/propesp.uepa.br\/ppged\/wp-json\/wp\/v2\/types\/page"}],"author":[{"embeddable":true,"href":"https:\/\/propesp.uepa.br\/ppged\/wp-json\/wp\/v2\/users\/1"}],"replies":[{"embeddable":true,"href":"https:\/\/propesp.uepa.br\/ppged\/wp-json\/wp\/v2\/comments?post=1150"}],"version-history":[{"count":12,"href":"https:\/\/propesp.uepa.br\/ppged\/wp-json\/wp\/v2\/pages\/1150\/revisions"}],"predecessor-version":[{"id":10717,"href":"https:\/\/propesp.uepa.br\/ppged\/wp-json\/wp\/v2\/pages\/1150\/revisions\/10717"}],"wp:attachment":[{"href":"https:\/\/propesp.uepa.br\/ppged\/wp-json\/wp\/v2\/media?parent=1150"}],"curies":[{"name":"wp","href":"https:\/\/api.w.org\/{rel}","templated":true}]}}