{"id":11651,"date":"2026-01-22T11:27:49","date_gmt":"2026-01-22T14:27:49","guid":{"rendered":"https:\/\/propesp.uepa.br\/ppged\/?page_id=11651"},"modified":"2026-03-02T16:52:58","modified_gmt":"2026-03-02T19:52:58","slug":"formularios-2","status":"publish","type":"page","link":"https:\/\/propesp.uepa.br\/ppged\/formularios-2\/","title":{"rendered":"Formul\u00e1rios"},"content":{"rendered":"\n<p class=\"has-text-align-center has-luminous-vivid-orange-color has-text-color has-link-color has-medium-font-size wp-elements-db4438e0fe97375f322aade7551f55ff\" style=\"font-style:normal;font-weight:700\">DISSERTA\u00c7\u00c3O<\/p>\n\n\n\n<ul class=\"wp-block-list\">\n<li><a href=\"https:\/\/propesp.uepa.br\/ppged\/wp-content\/uploads\/2026\/01\/Modelo-Capa-Dissertacao-2.docx\">Modelo de Capa de Disserta\u00e7\u00e3o<\/a><\/li>\n\n\n\n<li><a href=\"https:\/\/propesp.uepa.br\/ppged\/wp-content\/uploads\/2026\/03\/FORMULARIO-DE-QUALIFICACAO-DE-DISSERTACAO_2026_Fev.docx\" data-type=\"link\" data-id=\"https:\/\/propesp.uepa.br\/ppged\/wp-content\/uploads\/2026\/03\/FORMULARIO-DE-QUALIFICACAO-DE-DISSERTACAO_2026_Fev.docx\">Formul\u00e1rio de Qualifica\u00e7\u00e3o de Disserta\u00e7\u00e3o<\/a><\/li>\n\n\n\n<li><a href=\"https:\/\/propesp.uepa.br\/ppged\/wp-content\/uploads\/2026\/03\/FORMULARIO-DE-DEFESA-DISSERTACAO_2026_Fev.docx\" data-type=\"link\" data-id=\"https:\/\/propesp.uepa.br\/ppged\/wp-content\/uploads\/2026\/03\/FORMULARIO-DE-DEFESA-DISSERTACAO_2026_Fev.docx\">Formul\u00e1rio de Defesa de Disserta\u00e7\u00e3o<\/a><\/li>\n<\/ul>\n\n\n\n<p class=\"has-text-align-center has-luminous-vivid-orange-color has-text-color has-link-color has-medium-font-size wp-elements-828a3449db741517d4390fe406de2b5f\" style=\"font-style:normal;font-weight:700\">TESE<\/p>\n\n\n\n<ul class=\"wp-block-list\">\n<li><a href=\"https:\/\/propesp.uepa.br\/ppged\/wp-content\/uploads\/2026\/01\/Modelo-Capa-Tese-1.docx\">Modelo de Capa de Tese<\/a><\/li>\n\n\n\n<li><a href=\"https:\/\/propesp.uepa.br\/ppged\/wp-content\/uploads\/2026\/03\/FORMULARIO-DE-QUALIFICACAO-TESE_DOUTORADO_2026_Fev.docx\" data-type=\"link\" data-id=\"https:\/\/propesp.uepa.br\/ppged\/wp-content\/uploads\/2026\/03\/FORMULARIO-DE-QUALIFICACAO-TESE_DOUTORADO_2026_Fev.docx\">Formul\u00e1rio de Qualifica\u00e7\u00e3o de Tese<\/a><\/li>\n\n\n\n<li><a href=\"https:\/\/propesp.uepa.br\/ppged\/wp-content\/uploads\/2026\/03\/FORMULARIO-DE-DEFESA-TESE_DOUTORADO_2026_Fev.docx\" data-type=\"link\" data-id=\"https:\/\/propesp.uepa.br\/ppged\/wp-content\/uploads\/2026\/03\/FORMULARIO-DE-DEFESA-TESE_DOUTORADO_2026_Fev.docx\">Formul\u00e1rio de Defesa de Tese<\/a><\/li>\n<\/ul>\n\n\n\n<p><\/p>\n\n\n\n<p class=\"has-text-align-center has-luminous-vivid-orange-color has-text-color has-link-color has-medium-font-size wp-elements-dc9375688f7a6d7af40096b45285d929\"><strong>OUTROS DOCUMENTOS<\/strong><\/p>\n\n\n\n<ul class=\"wp-block-list\">\n<li><a href=\"https:\/\/propesp.uepa.br\/ppged\/wp-content\/uploads\/2026\/01\/Modelo-Relatorio-Estagio-Docente_PPGED_2026.doc\">Relat\u00f3rio de Est\u00e1gio Docente<\/a><\/li>\n<\/ul>\n\n\n\n<p><\/p>\n","protected":false},"excerpt":{"rendered":"<p>DISSERTA\u00c7\u00c3O TESE OUTROS DOCUMENTOS<\/p>\n","protected":false},"author":1,"featured_media":0,"parent":0,"menu_order":0,"comment_status":"closed","ping_status":"closed","template":"","meta":{"_uag_custom_page_level_css":"","site-sidebar-layout":"default","site-content-layout":"","ast-site-content-layout":"","site-content-style":"default","site-sidebar-style":"default","ast-global-header-display":"","ast-banner-title-visibility":"","ast-main-header-display":"","ast-hfb-above-header-display":"","ast-hfb-below-header-display":"","ast-hfb-mobile-header-display":"","site-post-title":"","ast-breadcrumbs-content":"","ast-featured-img":"","footer-sml-layout":"","theme-transparent-header-meta":"","adv-header-id-meta":"","stick-header-meta":"","header-above-stick-meta":"","header-main-stick-meta":"","header-below-stick-meta":"","astra-migrate-meta-layouts":"default","ast-page-background-enabled":"default","ast-page-background-meta":{"desktop":{"background-color":"var(--ast-global-color-4)","background-image":"","background-repeat":"repeat","background-position":"center center","background-size":"auto","background-attachment":"scroll","background-type":"","background-media":"","overlay-type":"","overlay-color":"","overlay-gradient":""},"tablet":{"background-color":"","background-image":"","background-repeat":"repeat","background-position":"center center","background-size":"auto","background-attachment":"scroll","background-type":"","background-media":"","overlay-type":"","overlay-color":"","overlay-gradient":""},"mobile":{"background-color":"","background-image":"","background-repeat":"repeat","background-position":"center center","background-size":"auto","background-attachment":"scroll","background-type":"","background-media":"","overlay-type":"","overlay-color":"","overlay-gradient":""}},"ast-content-background-meta":{"desktop":{"background-color":"var(--ast-global-color-5)","background-image":"","background-repeat":"repeat","background-position":"center center","background-size":"auto","background-attachment":"scroll","background-type":"","background-media":"","overlay-type":"","overlay-color":"","overlay-gradient":""},"tablet":{"background-color":"var(--ast-global-color-5)","background-image":"","background-repeat":"repeat","background-position":"center center","background-size":"auto","background-attachment":"scroll","background-type":"","background-media":"","overlay-type":"","overlay-color":"","overlay-gradient":""},"mobile":{"background-color":"var(--ast-global-color-5)","background-image":"","background-repeat":"repeat","background-position":"center center","background-size":"auto","background-attachment":"scroll","background-type":"","background-media":"","overlay-type":"","overlay-color":"","overlay-gradient":""}},"footnotes":""},"class_list":["post-11651","page","type-page","status-publish","hentry"],"uagb_featured_image_src":{"full":false,"thumbnail":false,"medium":false,"medium_large":false,"large":false,"1536x1536":false,"2048x2048":false},"uagb_author_info":{"display_name":"adminsites@uepa.br","author_link":"https:\/\/propesp.uepa.br\/ppged\/author\/adminsitesuepa-br\/"},"uagb_comment_info":0,"uagb_excerpt":"DISSERTA\u00c7\u00c3O TESE OUTROS DOCUMENTOS","_links":{"self":[{"href":"https:\/\/propesp.uepa.br\/ppged\/wp-json\/wp\/v2\/pages\/11651","targetHints":{"allow":["GET"]}}],"collection":[{"href":"https:\/\/propesp.uepa.br\/ppged\/wp-json\/wp\/v2\/pages"}],"about":[{"href":"https:\/\/propesp.uepa.br\/ppged\/wp-json\/wp\/v2\/types\/page"}],"author":[{"embeddable":true,"href":"https:\/\/propesp.uepa.br\/ppged\/wp-json\/wp\/v2\/users\/1"}],"replies":[{"embeddable":true,"href":"https:\/\/propesp.uepa.br\/ppged\/wp-json\/wp\/v2\/comments?post=11651"}],"version-history":[{"count":10,"href":"https:\/\/propesp.uepa.br\/ppged\/wp-json\/wp\/v2\/pages\/11651\/revisions"}],"predecessor-version":[{"id":11919,"href":"https:\/\/propesp.uepa.br\/ppged\/wp-json\/wp\/v2\/pages\/11651\/revisions\/11919"}],"wp:attachment":[{"href":"https:\/\/propesp.uepa.br\/ppged\/wp-json\/wp\/v2\/media?parent=11651"}],"curies":[{"name":"wp","href":"https:\/\/api.w.org\/{rel}","templated":true}]}}