{"id":11719,"date":"2026-01-22T17:57:07","date_gmt":"2026-01-22T20:57:07","guid":{"rendered":"https:\/\/propesp.uepa.br\/ppged\/?page_id=11719"},"modified":"2026-03-24T15:24:34","modified_gmt":"2026-03-24T18:24:34","slug":"resolucoes-de-ingresso-docente","status":"publish","type":"page","link":"https:\/\/propesp.uepa.br\/ppged\/resolucoes-de-ingresso-docente\/","title":{"rendered":"Resolu\u00e7\u00f5es de Ingresso Docente"},"content":{"rendered":"\n<ul class=\"wp-block-list has-ast-global-color-8-color has-text-color has-link-color wp-elements-5b98990e634b6e2c5c1cbb734c079ccf\">\n<li><mark style=\"background-color:rgba(0, 0, 0, 0);color:#000000\" class=\"has-inline-color\"><strong>RESLU\u00c7\u00c3O N\u00ba 07\/2026 -PPGED-CCSE-UEPA, DE 24 DE MAR\u00c7O DE 2026 EMENTA:<\/strong> <span style=\"font-family: 'trebuchet ms', geneva, sans-serif;\">Aprovar o ingresso do Prof.\u00aa Dr.<\/span>\u00aa Jacirene Vasconcelos de Albuquerque <span style=\"font-family: 'trebuchet ms', geneva, sans-serif;\">ao corpo docente do Programa de P\u00f3s-Gradua\u00e7\u00e3o em Educa\u00e7\u00e3o, na Linha de Pesquisa<\/span> Forma\u00e7\u00e3o de Professores e Pr\u00e1ticas Pedag\u00f3gicas<br><span style=\"font-family: 'trebuchet ms', geneva, sans-serif;\"><strong><b><img loading=\"lazy\" decoding=\"async\" width=\"25\" height=\"25\" class=\"alignnone\" style=\"color: #333333;\" src=\"https:\/\/propesp.uepa.br\/ppged\/wp-content\/uploads\/2017\/01\/download-e1486389457443.png\" alt=\"\">ARQUIVO COMPLETO: <\/b><\/strong><\/span><a href=\"https:\/\/propesp.uepa.br\/ppged\/wp-content\/uploads\/2026\/03\/resolucao-jacirene.pdf\"><span style=\"font-family: 'trebuchet ms', geneva, sans-serif;\"><strong><b>CLIQUE AQU<\/b><\/strong><\/span>I<\/a><\/mark><\/li>\n\n\n\n<li class=\"has-ast-global-color-8-color has-text-color has-link-color wp-elements-8d97b9d959904b76c9ac65550eca134d\"><span style=\"font-family: 'trebuchet ms', geneva, sans-serif;\"><b style=\"font-family: 'trebuchet ms', geneva, sans-serif;\">RESOLU\u00c7\u00c3O N\u00ba 04\/2026-PPGED-CCSE-UEPA, DE 02 DE FEVEREIRO DE 2026<\/b><\/span><br><span style=\"font-family: 'trebuchet ms', geneva, sans-serif;\"><strong>EMENTA: <\/strong>Aprovar o ingresso do Prof. Dr. Leonardo Gon\u00e7alves de Alvarenga, ao corpo docente do Programa de P\u00f3s-Gradua\u00e7\u00e3o em Educa\u00e7\u00e3o, na Linha de Pesquisa Saberes Culturais e Educa\u00e7\u00e3o na Amaz\u00f4nia<\/span><br><span style=\"font-family: 'trebuchet ms', geneva, sans-serif;\"><strong><b><img loading=\"lazy\" decoding=\"async\" width=\"25\" height=\"25\" class=\"alignnone\" style=\"color: #333333;\" src=\"https:\/\/propesp.uepa.br\/ppged\/wp-content\/uploads\/2017\/01\/download-e1486389457443.png\" alt=\"\">ARQUIVO COMPLETO: <a href=\"https:\/\/propesp.uepa.br\/ppged\/wp-content\/uploads\/2026\/02\/resolucao-4-ingresso-de-prof-leonardo.pdf\">CLIQUE AQUI!!!<\/a><\/b><\/strong><\/span><\/li>\n\n\n\n<li class=\"has-ast-global-color-8-color has-text-color has-link-color wp-elements-d4afae707d04e3f8975d856cae62a5c6\"><span style=\"font-family: 'trebuchet ms', geneva, sans-serif;\"><b style=\"font-family: 'trebuchet ms', geneva, sans-serif;\">RESOLU\u00c7\u00c3O N\u00ba 16\/2025-PPGED-CCSE-UEPA, DE 17 DE JUNHO DE 2025<\/b><\/span><br><span style=\"font-family: 'trebuchet ms', geneva, sans-serif;\"><strong>EMENTA: <\/strong>Aprovar o ingresso do Prof. Dr. Raimundo S\u00e9rgio de Farias J\u00fanior, no corpo docente do Programa de P\u00f3s-Gradua\u00e7\u00e3o em Educa\u00e7\u00e3o, na Linha de Pesquisa Forma\u00e7\u00e3o de Professores, Doc\u00eancia e Pr\u00e1ticas Educativas<\/span><br><span style=\"font-family: 'trebuchet ms', geneva, sans-serif;\"><strong><b><img loading=\"lazy\" decoding=\"async\" width=\"25\" height=\"25\" class=\"alignnone\" style=\"color: #333333;\" src=\"https:\/\/propesp.uepa.br\/ppged\/wp-content\/uploads\/2017\/01\/download-e1486389457443.png\" alt=\"\">ARQUIVO COMPLETO: <a href=\"https:\/\/propesp.uepa.br\/ppged\/wp-content\/uploads\/2025\/06\/RESOLUCAO_No_16_DE_17_DE_JUNHO_2025__IGRESSO_DE_PROFESSO_PERMANENTE___RAIMUNDO_JUNIOR_assinado.pdf\">CLIQUE AQUI!!!<\/a><\/b><\/strong><\/span><\/li>\n\n\n\n<li class=\"has-ast-global-color-8-color has-text-color has-link-color wp-elements-58593147558986b96e2326e9db3d3c65\"><span style=\"font-family: 'trebuchet ms', geneva, sans-serif;\"><b style=\"font-family: 'trebuchet ms', geneva, sans-serif;\">RESOLU\u00c7\u00c3O N\u00ba 05\/2025-PPGED-CCSE-UEPA, DE 28 DE JANEIRO DE 2025<\/b><\/span><br><span style=\"font-family: 'trebuchet ms', geneva, sans-serif;\"><strong>EMENTA: <\/strong>Aprova o ingresso da Prof. Dr. Paulo Jorge Martins Nunes como Permanente no Programa de P\u00f3s-Gradua\u00e7\u00e3o em Educa\u00e7\u00e3o \u2013 Mestrado, na Linha de Pesquisa Saberes Culturais e Educa\u00e7\u00e3o na Amaz\u00f4nia.<\/span><br><span style=\"font-family: 'trebuchet ms', geneva, sans-serif;\"><strong><b><img loading=\"lazy\" decoding=\"async\" width=\"25\" height=\"25\" class=\"alignnone\" style=\"color: #333333;\" src=\"https:\/\/propesp.uepa.br\/ppged\/wp-content\/uploads\/2017\/01\/download-e1486389457443.png\" alt=\"\">ARQUIVO COMPLETO: <a href=\"https:\/\/propesp.uepa.br\/ppged\/wp-content\/uploads\/2025\/03\/res_05_28_01_2025_PAULO_JORGE_MARTINS_assinado-1-1-1.pdf\">CLIQUE AQUI!!!<\/a><\/b><\/strong><\/span><\/li>\n\n\n\n<li class=\"has-ast-global-color-8-color has-text-color has-link-color wp-elements-d6fbeaacbbb7cb1253db913b667ada18\"><span style=\"font-family: 'trebuchet ms', geneva, sans-serif;\"><b style=\"font-family: 'trebuchet ms', geneva, sans-serif;\">RESOLU\u00c7\u00c3O N\u00ba 04\/2025-PPGED-CCSE-UEPA, DE 28 DE JANEIRO DE 202<\/b><\/span>5<br><span style=\"font-family: 'trebuchet ms', geneva, sans-serif;\"><strong>EMENTA: <\/strong>Aprovar o ingresso da Prof.\u00aa Dr.\u00aa Lana Claudia Macedo da Silva como Colaboradora no Programa de P\u00f3s-Gradua\u00e7\u00e3o em Educa\u00e7\u00e3o, na Linha de Pesquisa Forma\u00e7\u00e3o de Professores, Doc\u00eancia e Pr\u00e1ticas Educativas.<\/span><br><span style=\"font-family: 'trebuchet ms', geneva, sans-serif;\"><strong><b><img loading=\"lazy\" decoding=\"async\" width=\"25\" height=\"25\" class=\"alignnone\" style=\"color: #333333;\" src=\"https:\/\/propesp.uepa.br\/ppged\/wp-content\/uploads\/2017\/01\/download-e1486389457443.png\" alt=\"\">ARQUIVO COMPLETO: <a href=\"https:\/\/propesp.uepa.br\/ppged\/wp-content\/uploads\/2025\/03\/res_04_de_28_01_2025_LANA_CLAUDIA_NO_PPGED_assinado-1-1.pdf\">CLIQUE AQUI!!!<\/a><\/b><\/strong><\/span><\/li>\n\n\n\n<li class=\"has-ast-global-color-8-color has-text-color has-link-color wp-elements-5a13e99091bdedc521029d3b4cd56a4f\"><span style=\"font-family: 'trebuchet ms', geneva, sans-serif;\"><b style=\"font-family: 'trebuchet ms', geneva, sans-serif;\">RESOLU\u00c7\u00c3O N\u00ba 05\/2024-PPGED-CCSE-UEPA, DE 28 DE MAIO DE 2024<\/b><\/span><br><span style=\"font-family: 'trebuchet ms', geneva, sans-serif;\"><strong>EMENTA: <\/strong>Aprovar, o ingresso da Prof. Dr. Paulo Jorge Martins Nunes como Colaborador no Programa de P\u00f3s-Gradua\u00e7\u00e3o em Educa\u00e7\u00e3o \u2013 Mestrado, na Linha de Pesquisa Saberes Culturais e Educa\u00e7\u00e3o na Amaz\u00f4nia.<\/span><br><span style=\"font-family: 'trebuchet ms', geneva, sans-serif;\"><strong><b><img loading=\"lazy\" decoding=\"async\" width=\"25\" height=\"25\" class=\"alignnone\" style=\"color: #333333;\" src=\"https:\/\/propesp.uepa.br\/ppged\/wp-content\/uploads\/2017\/01\/download-e1486389457443.png\" alt=\"\">ARQUIVO COMPLETO: <a href=\"https:\/\/propesp.uepa.br\/ppged\/wp-content\/uploads\/2024\/06\/RESOLUCAO-N-5.pdf\">CLIQUE AQUI!!!<\/a><\/b><\/strong><\/span><\/li>\n\n\n\n<li class=\"has-ast-global-color-8-color has-text-color has-link-color wp-elements-ad78b417553f8accd7a418a5062d0f75\"><span style=\"font-family: 'trebuchet ms', geneva, sans-serif;\"><b style=\"font-family: 'trebuchet ms', geneva, sans-serif;\">RESOLU\u00c7\u00c3O N\u00ba 04\/2024-PPGED-CCSE-UEPA, DE 28 DE MAIO DE 2024<\/b><\/span><br><span style=\"font-family: 'trebuchet ms', geneva, sans-serif;\"><strong>EMENTA: <\/strong>Estabelece crit\u00e9rios para o credenciamento, perman\u00eancia e descredenciamento de professores(as) no Programa de P\u00f3s-Gradua\u00e7\u00e3o em Educa\u00e7\u00e3o.<\/span><br><span style=\"font-family: 'trebuchet ms', geneva, sans-serif;\"><strong><b><img loading=\"lazy\" decoding=\"async\" width=\"25\" height=\"25\" class=\"alignnone\" style=\"color: #333333;\" src=\"https:\/\/propesp.uepa.br\/ppged\/wp-content\/uploads\/2017\/01\/download-e1486389457443.png\" alt=\"\">ARQUIVO COMPLETO: <a href=\"https:\/\/propesp.uepa.br\/ppged\/wp-content\/uploads\/2024\/06\/Resolucao_n_4_maio_2024_CREDENCIAMENTO_DE_PROFESSORES_assinado.pdf\">CLIQUE AQUI!!!<\/a><\/b><\/strong><\/span><\/li>\n\n\n\n<li class=\"has-ast-global-color-8-color has-text-color has-link-color wp-elements-64155db87ddec335c3bca84a364f0d69\"><span style=\"font-family: 'trebuchet ms', geneva, sans-serif;\"><b style=\"font-family: 'trebuchet ms', geneva, sans-serif;\">RESOLU\u00c7\u00c3O N\u00ba 03\/2024-PPGED-CCSE-UEPA, DE 02 DE ABRIL DE 202<\/b><\/span>4<br><span style=\"font-family: 'trebuchet ms', geneva, sans-serif;\"><strong>EMENTA: <\/strong>Aprovar, o ingresso da Prof.\u00aa Dr.\u00aa Taissa Tavernard de Luca como Docente Permanente no Programa de P\u00f3s-Gradua\u00e7\u00e3o em Educa\u00e7\u00e3o \u2013 Mestrado, na Linha de Pesquisa Saberes Culturais e Educa\u00e7\u00e3o na Amaz\u00f4nia.<\/span><br><span style=\"font-family: 'trebuchet ms', geneva, sans-serif;\"><strong><b><img loading=\"lazy\" decoding=\"async\" width=\"25\" height=\"25\" class=\"alignnone\" style=\"color: #333333;\" src=\"https:\/\/propesp.uepa.br\/ppged\/wp-content\/uploads\/2017\/01\/download-e1486389457443.png\" alt=\"\">ARQUIVO COMPLETO: <a href=\"https:\/\/propesp.uepa.br\/ppged\/wp-content\/uploads\/2024\/04\/RESOLUCAO_NBA_03_DE_DE_ABRIL_2024__IGRESSO_DE_PROFESSO_PERMANENTE__TAISSA_TAVERNARD_assinado.pdf\">CLIQUE AQUI!!!<\/a><\/b><\/strong><\/span><\/li>\n\n\n\n<li class=\"has-ast-global-color-8-color has-text-color has-link-color wp-elements-3dc89b463a35c7502e2777e1d658aeeb\"><span style=\"font-family: 'trebuchet ms', geneva, sans-serif;\"><b style=\"font-family: 'trebuchet ms', geneva, sans-serif;\">RESOLU\u00c7\u00c3O N\u00ba 07\/2023-PPGED-CCSE-UEPA, DE 25 DE ABRIL DE 2023<\/b><\/span><br><span style=\"font-family: 'trebuchet ms', geneva, sans-serif;\"><strong>EMENTA: <\/strong>Aprovar, o ingresso da Prof.\u00aa Dr.\u00aa Taissa Tavernard de Luca como Colaboradora no Programa de P\u00f3s-Gradua\u00e7\u00e3o em Educa\u00e7\u00e3o \u2013 Mestrado, na Linha de Pesquisa Saberes Culturais e Educa\u00e7\u00e3o na Amaz\u00f4nia.<\/span><br><span style=\"font-family: 'trebuchet ms', geneva, sans-serif;\"><strong><b><img loading=\"lazy\" decoding=\"async\" width=\"25\" height=\"25\" class=\"alignnone\" style=\"color: #333333;\" src=\"https:\/\/propesp.uepa.br\/ppged\/wp-content\/uploads\/2017\/01\/download-e1486389457443.png\" alt=\"\">ARQUIVO COMPLETO: <a href=\"https:\/\/propesp.uepa.br\/ppged\/wp-content\/uploads\/2023\/05\/Resolucao-07.pdf\">CLIQUE AQUI!!!<\/a><\/b><\/strong><\/span><\/li>\n\n\n\n<li class=\"has-ast-global-color-8-color has-text-color has-link-color wp-elements-258cdcedec7ef58c3231dd7a54a1f29c\"><span style=\"font-family: 'trebuchet ms', geneva, sans-serif;\"><b style=\"font-family: 'trebuchet ms', geneva, sans-serif;\">RESOLU\u00c7\u00c3O N\u00ba <strong>16\/2023-PPGED-CCSE-UEPA, DE 07 DE NOVEMBRO DE 2023<\/strong><\/b><\/span><br><span style=\"font-family: 'trebuchet ms', geneva, sans-serif;\"><strong>EMENTA: <\/strong>Aprovar&nbsp; \u201c<em>ad referendum<\/em>\u201d a pedido, o descredenciamento da Prof\u00aa Dr\u00aa Ana Paula Cunha dos Santos Fernandes como efetiva no PPGED\/UEPA.<\/span><br><span style=\"font-family: 'trebuchet ms', geneva, sans-serif;\"><strong><b><img loading=\"lazy\" decoding=\"async\" width=\"25\" height=\"25\" class=\"alignnone\" style=\"color: #333333;\" src=\"https:\/\/propesp.uepa.br\/ppged\/wp-content\/uploads\/2017\/01\/download-e1486389457443.png\" alt=\"\">ARQUIVO COMPLETO: <a href=\"https:\/\/propesp.uepa.br\/ppged\/wp-content\/uploads\/2023\/12\/Res-desc-ana-paula-1.pdf\">CLIQUE AQUI!!!<\/a><\/b><\/strong><\/span><\/li>\n\n\n\n<li class=\"has-ast-global-color-8-color has-text-color has-link-color wp-elements-9b1902413db2c69f18cdcacc8954aa13\"><span style=\"font-family: 'trebuchet ms', geneva, sans-serif;\"><strong>RESOLU\u00c7\u00c3O PPGED N\u00ba 06 DE 28 DE ABRIL DE 2022<br>EMENTA: <\/strong>Aprovar, o ingresso do Prof. Dr. Sergio Roberto Moraes Corr\u00eaa como Professor do Doutorado do Programa de P\u00f3s-Gradua\u00e7\u00e3o em Educa\u00e7\u00e3o, na Universidade do Estado do Par\u00e1.<\/span><br><span style=\"font-family: 'trebuchet ms', geneva, sans-serif;\"><b>&nbsp;<img loading=\"lazy\" decoding=\"async\" width=\"25\" height=\"25\" style=\"color: #333333;\" src=\"https:\/\/propesp.uepa.br\/ppged\/wp-content\/uploads\/2017\/01\/download-e1486389457443.png\" alt=\"\"><strong>ARQUIVO COMPLETO: <a href=\"https:\/\/propesp.uepa.br\/ppged\/wp-content\/uploads\/2022\/05\/Resolucao_PPGED_06_2022.pdf\">CLIQUE AQUI!!!<\/a><\/strong><\/b><\/span><\/li>\n\n\n\n<li class=\"has-ast-global-color-8-color has-text-color has-link-color wp-elements-ced604d5ce59f8e54952fa3bac9460ed\"><span style=\"font-family: 'trebuchet ms', geneva, sans-serif;\"><strong>RESOLU\u00c7\u00c3O PPGED N\u00ba 01 DE 10 DE MAR\u00c7O 2020<\/strong><\/span><br><span style=\"font-family: 'trebuchet ms', geneva, sans-serif;\"><strong>EMENTA:<\/strong> Aprovar, o ingresso da <strong>Prof\u00aa. Dr. ROSINEIDE DE SOUSA JUC\u00c1<\/strong> como Colaborador no Programa de P\u00f3s-Gradua\u00e7\u00e3o em Educa\u00e7\u00e3o \u2013 Mestrado, na Linha de Pesquisa Forma\u00e7\u00e3o de Professores e Pr\u00e1tica Pedag\u00f3gica.<\/span><br><span style=\"font-family: 'trebuchet ms', geneva, sans-serif;\"><b><img loading=\"lazy\" decoding=\"async\" width=\"25\" height=\"25\" style=\"color: #333333;\" src=\"https:\/\/propesp.uepa.br\/ppged\/wp-content\/uploads\/2017\/01\/download-e1486389457443.png\" alt=\"\"><strong>ARQUIVO COMPLETO: <a href=\"https:\/\/propesp.uepa.br\/ppged\/wp-content\/uploads\/2021\/11\/rel_01_2020.pdf\">CLIQUE AQUI!!!<\/a><\/strong><\/b><\/span><\/li>\n\n\n\n<li class=\"has-ast-global-color-8-color has-text-color has-link-color wp-elements-38e38228326583727e0facc235a0ca03\"><span style=\"font-family: 'trebuchet ms', geneva, sans-serif;\"><strong>RESOLU\u00c7\u00c3O PPGED N\u00ba 02, DE 04 DE AGOSTO DE 2020.<\/strong><\/span><br><span style=\"font-family: 'trebuchet ms', geneva, sans-serif;\"><strong>EMENTA:<\/strong> Aprovar, o ingresso do <strong>Prof. Dr. FRANCISCO WILLAMS CAMPOS LIMA<\/strong>, como Colaborador no Programa de P\u00f3s-Gradua\u00e7\u00e3o em Educa\u00e7\u00e3o \u2013 Mestrado, na Linha de Pesquisa Forma\u00e7\u00e3o de Professores e Pr\u00e1tica Pedag\u00f3gica.<\/span><br><span style=\"font-family: 'trebuchet ms', geneva, sans-serif;\"><b><img loading=\"lazy\" decoding=\"async\" width=\"25\" height=\"25\" class=\"\" style=\"color: #333333;\" src=\"https:\/\/propesp.uepa.br\/ppged\/wp-content\/uploads\/2017\/01\/download-e1486389457443.png\" alt=\"\"><strong>ARQUIVO COMPLETO: <a href=\"https:\/\/propesp.uepa.br\/ppged\/wp-content\/uploads\/2022\/02\/resolucao_02_de_10_de_marco_2020_ingresso_do_professor_Dr_FRANCISCO_WILLAMES.pdf\">CLIQUE AQUI!!!<\/a><\/strong><\/b><\/span><\/li>\n\n\n\n<li class=\"has-ast-global-color-8-color has-text-color has-link-color wp-elements-a332b8d7f3bed1635570908100556544\"><span style=\"font-family: 'trebuchet ms', geneva, sans-serif;\"><strong>RESOLU\u00c7\u00c3O PPGED N\u00ba 01_B DE 19 DE NOVEMBRO DE 2019<br>EMENTA: <\/strong>Altera a Resolu\u00e7\u00e3o N\u00ba 23, de 17 de dezembro de 2013 e n\u00ba 21 de 07 de mar\u00e7o de 2017 e estabelece crit\u00e9rios para o ingresso (credenciamento), perman\u00eancia e descredenciamento de professores no Programa de P\u00f3s-Gradua\u00e7\u00e3o em Educa\u00e7\u00e3o &#8211; N\u00edvel Mestrado do Centro de Ci\u00eancias Sociais e Educa\u00e7\u00e3o da Universidade do Estado do Par\u00e1.<\/span><br><span style=\"font-family: 'trebuchet ms', geneva, sans-serif;\"><b>&nbsp;<img loading=\"lazy\" decoding=\"async\" width=\"25\" height=\"25\" style=\"color: #333333;\" src=\"https:\/\/propesp.uepa.br\/ppged\/wp-content\/uploads\/2017\/01\/download-e1486389457443.png\" alt=\"\"><strong>ARQUIVO COMPLETO: <a href=\"https:\/\/propesp.uepa.br\/ppged\/wp-content\/uploads\/2022\/06\/res_01_B_2019.pdf\">CLIQUE AQUI!!!<\/a><\/strong><\/b><\/span><\/li>\n\n\n\n<li class=\"has-ast-global-color-8-color has-text-color has-link-color wp-elements-dce6ec2813528e97b9a8eefb324ebb21\"><span style=\"font-family: 'trebuchet ms', geneva, sans-serif;\"><strong>RESOLU\u00c7\u00c3O PPGED N\u00ba 01 DE 07 DE MAR\u00c7O DE 2017<br>EMENTA: <\/strong>Altera a Resolu\u00e7\u00e3o N\u00ba 23, de 17 de dezembro de 2013 e estabelece crit\u00e9rios para o ingresso (credenciamento), perman\u00eancia e descredenciamento de professores no Programa de P\u00f3s-Gradua\u00e7\u00e3o em Educa\u00e7\u00e3o &#8211; N\u00edvel Mestrado do Centro de Ci\u00eancias Sociais e Educa\u00e7\u00e3o da Universidade do Estado do Par\u00e1.<\/span><br><span style=\"font-family: 'trebuchet ms', geneva, sans-serif;\"><b>&nbsp;<img loading=\"lazy\" decoding=\"async\" width=\"25\" height=\"25\" style=\"color: #333333;\" src=\"https:\/\/propesp.uepa.br\/ppged\/wp-content\/uploads\/2017\/01\/download-e1486389457443.png\" alt=\"\"><strong>ARQUIVO COMPLETO: <a href=\"https:\/\/propesp.uepa.br\/ppged\/wp-content\/uploads\/resolucoes\/2017\/res_01_2017.pdf\">CLIQUE AQUI!!!<\/a><\/strong><\/b><\/span><\/li>\n\n\n\n<li class=\"has-ast-global-color-8-color has-text-color has-link-color wp-elements-677be0efaccce2486167468d5ff8170c\"><span style=\"font-family: 'trebuchet ms', geneva, sans-serif;\"><strong>RESOLU\u00c7\u00c3O PPGED N\u00ba 06 DE 16 DE FEVEREIRO 2016<br>EMENTA:<\/strong> Aprovar, o ingresso da Prof\u00aa Dr. Ana D\u2019Arc Martins de Azevedo como Colaborador no Programa de P\u00f3s-Gradua\u00e7\u00e3o em Educa\u00e7\u00e3o \u2013 Mestrado, na Linha de Pesquisa Forma\u00e7\u00e3o de Professores e Pr\u00e1ticas Pedag\u00f3gicas.<b><br><img loading=\"lazy\" decoding=\"async\" width=\"25\" height=\"25\" style=\"color: #333333;\" src=\"https:\/\/propesp.uepa.br\/ppged\/wp-content\/uploads\/2017\/01\/download-e1486389457443.png\" alt=\"\"><strong>ARQUIVO COMPLETO: <a href=\"https:\/\/propesp.uepa.br\/ppged\/wp-content\/uploads\/resolucoes\/2016\/res_06_2016.pdf\">CLIQUE AQUI!!!<\/a><\/strong><\/b><\/span><\/li>\n\n\n\n<li class=\"has-ast-global-color-8-color has-text-color has-link-color wp-elements-19197f5486dc9a2668145755bd329679\"><span style=\"font-family: 'trebuchet ms', geneva, sans-serif;\"><strong>RESOLU\u00c7\u00c3O PPGED N\u00ba 09 DE 23 DE AGOSTO 2016<br>EMENTA: <\/strong>Aprovar, o ingresso do Prof. Dr. Sergio Roberto Moraes Corr\u00eaa como Colaborador no Programa de P\u00f3s-Gradua\u00e7\u00e3o em Educa\u00e7\u00e3o \u2013 Mestrado, na Linha de Pesquisa Saberes Culturais e Educa\u00e7\u00e3o na Amaz\u00f4nia.<\/span><br><span style=\"font-family: 'trebuchet ms', geneva, sans-serif;\"><b>&nbsp;<img loading=\"lazy\" decoding=\"async\" width=\"25\" height=\"25\" style=\"color: #333333;\" src=\"https:\/\/propesp.uepa.br\/ppged\/wp-content\/uploads\/2017\/01\/download-e1486389457443.png\" alt=\"\"><strong>ARQUIVO COMPLETO: <a href=\"https:\/\/propesp.uepa.br\/ppged\/wp-content\/uploads\/resolucoes\/2016\/res_09_2016.pdf\">CLIQUE AQUI!!!<\/a><\/strong><\/b><\/span><\/li>\n\n\n\n<li class=\"has-ast-global-color-8-color has-text-color has-link-color wp-elements-38ec29a2fd130d02e9f47eea9dfb019a\"><span style=\"font-family: 'trebuchet ms', geneva, sans-serif;\"><strong>RESOLU\u00c7\u00c3O PPGED N\u00ba 08 DE 23 DE AGOSTO 2016<br>EMENTA: <\/strong>Aprovar, o ingresso do Prof. Dr. Jo\u00e3o Colares da Mota Neto como Colaborador no Programa de P\u00f3s-Gradua\u00e7\u00e3o em Educa\u00e7\u00e3o \u2013 Mestrado, na Linha de Pesquisa Saberes Culturais e Educa\u00e7\u00e3o na Amaz\u00f4nia.<b><br><img loading=\"lazy\" decoding=\"async\" width=\"25\" height=\"25\" style=\"color: #333333;\" src=\"https:\/\/propesp.uepa.br\/ppged\/wp-content\/uploads\/2017\/01\/download-e1486389457443.png\" alt=\"\"><strong>ARQUIVO COMPLETO: <a href=\"https:\/\/propesp.uepa.br\/ppged\/wp-content\/uploads\/resolucoes\/2016\/res_08_2016.pdf\">CLIQUE AQUI!!!<\/a><\/strong><\/b><\/span><\/li>\n\n\n\n<li class=\"has-ast-global-color-8-color has-text-color has-link-color wp-elements-5409734ec274b916c5995cdb78e27c5a\"><span style=\"font-family: 'trebuchet ms', geneva, sans-serif;\"><strong>RESOLU\u00c7\u00c3O PPGED N\u00ba 07 DE 19 DE ABRIL 2016<br>EMENTA:<\/strong> Aprovar, o ingresso da Prof\u00aa Dr. Ana Paula Cunha dos Santos Fernandes como Colaborador no Programa de P\u00f3s-Gradua\u00e7\u00e3o em Educa\u00e7\u00e3o \u2013 Mestrado, na Linha de Pesquisa Forma\u00e7\u00e3o de Professores e Pr\u00e1ticas Pedag\u00f3gicas.<b><br><img loading=\"lazy\" decoding=\"async\" width=\"25\" height=\"25\" style=\"color: #333333;\" src=\"https:\/\/propesp.uepa.br\/ppged\/wp-content\/uploads\/2017\/01\/download-e1486389457443.png\" alt=\"\"><strong>ARQUIVO COMPLETO: <a href=\"https:\/\/propesp.uepa.br\/ppged\/wp-content\/uploads\/resolucoes\/2016\/res_07_2016.pdf\">CLIQUE AQUI!!!<\/a><\/strong><\/b><\/span><\/li>\n<\/ul>\n\n\n\n<p><\/p>\n\n\n\n<p><\/p>\n","protected":false},"excerpt":{"rendered":"","protected":false},"author":6,"featured_media":0,"parent":0,"menu_order":0,"comment_status":"closed","ping_status":"closed","template":"","meta":{"_uag_custom_page_level_css":"","site-sidebar-layout":"default","site-content-layout":"","ast-site-content-layout":"","site-content-style":"default","site-sidebar-style":"default","ast-global-header-display":"","ast-banner-title-visibility":"","ast-main-header-display":"","ast-hfb-above-header-display":"","ast-hfb-below-header-display":"","ast-hfb-mobile-header-display":"","site-post-title":"","ast-breadcrumbs-content":"","ast-featured-img":"","footer-sml-layout":"","theme-transparent-header-meta":"","adv-header-id-meta":"","stick-header-meta":"","header-above-stick-meta":"","header-main-stick-meta":"","header-below-stick-meta":"","astra-migrate-meta-layouts":"default","ast-page-background-enabled":"default","ast-page-background-meta":{"desktop":{"background-color":"var(--ast-global-color-4)","background-image":"","background-repeat":"repeat","background-position":"center center","background-size":"auto","background-attachment":"scroll","background-type":"","background-media":"","overlay-type":"","overlay-color":"","overlay-gradient":""},"tablet":{"background-color":"","background-image":"","background-repeat":"repeat","background-position":"center center","background-size":"auto","background-attachment":"scroll","background-type":"","background-media":"","overlay-type":"","overlay-color":"","overlay-gradient":""},"mobile":{"background-color":"","background-image":"","background-repeat":"repeat","background-position":"center center","background-size":"auto","background-attachment":"scroll","background-type":"","background-media":"","overlay-type":"","overlay-color":"","overlay-gradient":""}},"ast-content-background-meta":{"desktop":{"background-color":"var(--ast-global-color-5)","background-image":"","background-repeat":"repeat","background-position":"center center","background-size":"auto","background-attachment":"scroll","background-type":"","background-media":"","overlay-type":"","overlay-color":"","overlay-gradient":""},"tablet":{"background-color":"var(--ast-global-color-5)","background-image":"","background-repeat":"repeat","background-position":"center center","background-size":"auto","background-attachment":"scroll","background-type":"","background-media":"","overlay-type":"","overlay-color":"","overlay-gradient":""},"mobile":{"background-color":"var(--ast-global-color-5)","background-image":"","background-repeat":"repeat","background-position":"center center","background-size":"auto","background-attachment":"scroll","background-type":"","background-media":"","overlay-type":"","overlay-color":"","overlay-gradient":""}},"footnotes":""},"class_list":["post-11719","page","type-page","status-publish","hentry"],"uagb_featured_image_src":{"full":false,"thumbnail":false,"medium":false,"medium_large":false,"large":false,"1536x1536":false,"2048x2048":false},"uagb_author_info":{"display_name":"m.oliveiracosta@aluno.uepa.br","author_link":"https:\/\/propesp.uepa.br\/ppged\/author\/m-oliveiracostaaluno-uepa-br\/"},"uagb_comment_info":0,"uagb_excerpt":null,"_links":{"self":[{"href":"https:\/\/propesp.uepa.br\/ppged\/wp-json\/wp\/v2\/pages\/11719","targetHints":{"allow":["GET"]}}],"collection":[{"href":"https:\/\/propesp.uepa.br\/ppged\/wp-json\/wp\/v2\/pages"}],"about":[{"href":"https:\/\/propesp.uepa.br\/ppged\/wp-json\/wp\/v2\/types\/page"}],"author":[{"embeddable":true,"href":"https:\/\/propesp.uepa.br\/ppged\/wp-json\/wp\/v2\/users\/6"}],"replies":[{"embeddable":true,"href":"https:\/\/propesp.uepa.br\/ppged\/wp-json\/wp\/v2\/comments?post=11719"}],"version-history":[{"count":10,"href":"https:\/\/propesp.uepa.br\/ppged\/wp-json\/wp\/v2\/pages\/11719\/revisions"}],"predecessor-version":[{"id":12003,"href":"https:\/\/propesp.uepa.br\/ppged\/wp-json\/wp\/v2\/pages\/11719\/revisions\/12003"}],"wp:attachment":[{"href":"https:\/\/propesp.uepa.br\/ppged\/wp-json\/wp\/v2\/media?parent=11719"}],"curies":[{"name":"wp","href":"https:\/\/api.w.org\/{rel}","templated":true}]}}