{"id":11722,"date":"2026-01-22T18:25:31","date_gmt":"2026-01-22T21:25:31","guid":{"rendered":"https:\/\/propesp.uepa.br\/ppged\/?page_id=11722"},"modified":"2026-02-05T17:37:36","modified_gmt":"2026-02-05T20:37:36","slug":"resolucoes-sobre-orientacao","status":"publish","type":"page","link":"https:\/\/propesp.uepa.br\/ppged\/resolucoes-sobre-orientacao\/","title":{"rendered":"Resolu\u00e7\u00f5es sobre Orienta\u00e7\u00e3o"},"content":{"rendered":"\n<ul class=\"wp-block-list\">\n<li class=\"has-ast-global-color-8-color has-text-color has-link-color wp-elements-39f5c10279323ed00c170cb4b074c326\"><strong>RESOLU\u00c7\u00c3O PPGED N\u00ba 05, DE 10 DE MAIO DE 2016<br>EMENTA:&nbsp;<\/strong>Aprova a designa\u00e7\u00e3o de co-orientador da mestranda MILENE VASCONCELOS LEAL.<strong><br><img loading=\"lazy\" decoding=\"async\" width=\"25\" height=\"25\" src=\"https:\/\/propesp.uepa.br\/ppged\/wp-content\/uploads\/2017\/01\/download-e1486389457443.png\" alt=\"\"><strong>ARQUIVO COMPLETO:&nbsp;<a href=\"https:\/\/propesp.uepa.br\/ppged\/wp-content\/uploads\/resolucoes\/2016\/res_05_2016.pdf\">CLIQUE AQUI!!!<\/a><\/strong><\/strong><\/li>\n\n\n\n<li class=\"has-ast-global-color-8-color has-text-color has-link-color wp-elements-40602eaf554dae6a3d797ed226432792\"><strong>RESOLU\u00c7\u00c3O PPGED N\u00ba 09, DE 05 DE DEZEMBRO DE 2017<br>EMENTA:<\/strong> Aprova a designa\u00e7\u00e3o de Orientadora de Est\u00e1gio de P\u00f3s-Doutoramento da Prof\u00aa Dr\u00aa Maria L\u00facia Gomes Figueira de Melo, a Prof\u00aa Dr\u00aa Denise de Souza Sim\u00f5es Rodrigues.<strong><br><img loading=\"lazy\" decoding=\"async\" width=\"25\" height=\"25\" src=\"https:\/\/propesp.uepa.br\/ppged\/wp-content\/uploads\/2017\/01\/download-e1486389457443.png\" alt=\"\"><strong>ARQUIVO COMPLETO:\u00a0<a href=\"https:\/\/propesp.uepa.br\/ppged\/wp-content\/uploads\/resolucoes\/2017\/res_09_2017.pdf\">CLIQUE AQUI!!!<\/a><\/strong><\/strong><\/li>\n\n\n\n<li class=\"has-ast-global-color-8-color has-text-color has-link-color wp-elements-e7bbd2f8a5b26ff63f220fa454c018e8\"><strong>RESOLU\u00c7\u00c3O PPGED N\u00ba 02, DE 26 DE JUNHO DE 2018<br>EMENTA:<\/strong> Aprova a designa\u00e7\u00e3o de co-orientador da mestranda&nbsp;<strong>Giovel\u00e2ngela Maria dos Santos Costa de Paula.<br><img loading=\"lazy\" decoding=\"async\" width=\"25\" height=\"25\" src=\"https:\/\/propesp.uepa.br\/ppged\/wp-content\/uploads\/2017\/01\/download-e1486389457443.png\" alt=\"\"><strong>ARQUIVO COMPLETO:&nbsp;<a href=\"https:\/\/propesp.uepa.br\/ppged\/wp-content\/uploads\/2021\/11\/res_02_2018.pdf\">CLIQUE AQUI!!!<\/a><\/strong><\/strong><\/li>\n\n\n\n<li class=\"has-ast-global-color-8-color has-text-color has-link-color wp-elements-9e82cf391d0c3853f3ad6d9846f975cf\"><strong>RESOLU\u00c7\u00c3O PPGED N\u00ba 03, DE 26 DE JUNHO DE 2018<br>EMENTA:<\/strong> Aprova a designa\u00e7\u00e3o de co-orientador da mestranda&nbsp;<strong>Nat\u00e1lia do Esp\u00edrito Santo Evangelista da Silva.<br><img loading=\"lazy\" decoding=\"async\" width=\"25\" height=\"25\" src=\"https:\/\/propesp.uepa.br\/ppged\/wp-content\/uploads\/2017\/01\/download-e1486389457443.png\" alt=\"\"><strong>ARQUIVO COMPLETO:&nbsp;<strong><strong><a href=\"https:\/\/propesp.uepa.br\/ppged\/wp-content\/uploads\/2021\/11\/res_03_2018.pdf\">CLIQUE AQUI!!!<\/a><\/strong><\/strong><\/strong><\/strong><\/li>\n\n\n\n<li class=\"has-ast-global-color-8-color has-text-color has-link-color wp-elements-b03aa5be66bcfaa86014cd1157437e66\"><strong>RESOLU\u00c7\u00c3O PPGED N\u00ba 03, DE 04 DE AGOSTO DE 2020<br>EMENTA:<\/strong> Aprova a designa\u00e7\u00e3o de co-orientador da mestranda&nbsp;<strong>M\u00e1rcia Cristina dos Santos Bandeira.<br><img loading=\"lazy\" decoding=\"async\" width=\"25\" height=\"25\" src=\"https:\/\/propesp.uepa.br\/ppged\/wp-content\/uploads\/2017\/01\/download-e1486389457443.png\" alt=\"\"><strong>ARQUIVO COMPLETO:&nbsp;<strong><strong><a href=\"https:\/\/propesp.uepa.br\/ppged\/wp-content\/uploads\/2021\/11\/rel_03_2020.pdf\">CLIQUE AQUI!!!<\/a><\/strong><\/strong><\/strong><\/strong><\/li>\n\n\n\n<li class=\"has-ast-global-color-8-color has-text-color has-link-color wp-elements-f0e9e083f661874816eff8877b41836d\"><strong>RESOLU\u00c7\u00c3O PPGED N\u00ba 03, DE 22 DE FEVEREIRO DE 2022<br>EMENTA:<\/strong> Aprova a designa\u00e7\u00e3o de co-orientador do doutorando&nbsp;<strong>Huber Kline Guedes Lobato.<br><img loading=\"lazy\" decoding=\"async\" width=\"25\" height=\"25\" src=\"https:\/\/propesp.uepa.br\/ppged\/wp-content\/uploads\/2017\/01\/download-e1486389457443.png\" alt=\"\"><strong>ARQUIVO COMPLETO:&nbsp;<strong><strong><a href=\"https:\/\/propesp.uepa.br\/ppged\/wp-content\/uploads\/2022\/06\/Resolucao_PPGED_03_2022.pdf\">CLIQUE AQUI!!!<\/a><\/strong><\/strong><\/strong><\/strong><\/li>\n\n\n\n<li class=\"has-ast-global-color-8-color has-text-color has-link-color wp-elements-04ad40ebb31f2d12408b14c9b406a7a7\"><strong>RESOLU\u00c7\u00c3O PPGED N\u00ba <strong>09 de 03 DE MAIO DE 2022<\/strong><br>EMENTA:<\/strong> Aprova a designa\u00e7\u00e3o de coorientador da mestranda&nbsp;<strong>Ana Carolina Dias Semblano.<br><img loading=\"lazy\" decoding=\"async\" width=\"25\" height=\"25\" src=\"https:\/\/propesp.uepa.br\/ppged\/wp-content\/uploads\/2017\/01\/download-e1486389457443.png\" alt=\"\"><strong>ARQUIVO COMPLETO:&nbsp;<strong><strong><a href=\"https:\/\/propesp.uepa.br\/ppged\/wp-content\/uploads\/2022\/06\/RESOLUCAO-09-_-2022.pdf\">CLIQUE AQUI!!!<\/a><\/strong><\/strong><\/strong><\/strong><\/li>\n\n\n\n<li class=\"has-ast-global-color-8-color has-text-color has-link-color wp-elements-6e3217ce15a2396a4b46ec7a8581e168\"><strong>RESOLU\u00c7\u00c3O PPGED N\u00ba <strong><strong>12 DE 23 DE JUNHO DE 2022<\/strong><\/strong><br>EMENTA:<\/strong> Aprova a designa\u00e7\u00e3o da Professora Luc\u00e9lia de Moraes Braga Bassalo como nova orientadora da mestranda Narcisa Val\u00e9ria dos Santos Carvalho Neves.<strong><br><img loading=\"lazy\" decoding=\"async\" width=\"25\" height=\"25\" src=\"https:\/\/propesp.uepa.br\/ppged\/wp-content\/uploads\/2017\/01\/download-e1486389457443.png\" alt=\"\"><strong>ARQUIVO COMPLETO:&nbsp;<strong><strong>CLIQUE AQUI!!!<\/strong><\/strong><\/strong><\/strong><\/li>\n\n\n\n<li class=\"has-ast-global-color-8-color has-text-color has-link-color wp-elements-3370a1292fcca638a49aa47454f12cb1\"><strong>RESOLU\u00c7\u00c3O PPGED N\u00ba <strong><strong>03 DE <strong>28 DE MAR\u00c7O DE 2023<\/strong><\/strong><\/strong><br>EMENTA:<\/strong> Aprovar a designa\u00e7\u00e3o de coorientador da Mestranda Luanna da Silva Lima<strong><br><img loading=\"lazy\" decoding=\"async\" width=\"25\" height=\"25\" src=\"https:\/\/propesp.uepa.br\/ppged\/wp-content\/uploads\/2017\/01\/download-e1486389457443.png\" alt=\"\"><strong>ARQUIVO COMPLETO:&nbsp;<strong><strong><a href=\"https:\/\/propesp.uepa.br\/ppged\/wp-content\/uploads\/2023\/05\/RESOLUCAO-LUANA-LIMA.pdf\">CLIQUE AQUI!!!<\/a><\/strong><\/strong><\/strong><\/strong><\/li>\n\n\n\n<li class=\"has-ast-global-color-8-color has-text-color has-link-color wp-elements-51faa1487b2b9599059ba6f020ba817d\"><strong>RESOLU\u00c7\u00c3O PPGED N\u00ba <strong><strong>04 DE <strong>28 DE MAR\u00c7O DE 2023<\/strong><\/strong><\/strong><br>EMENTA:<\/strong> Aprovar a designa\u00e7\u00e3o de coorientador da doutoranda Ieda Oliveira Mota.<strong><br><img loading=\"lazy\" decoding=\"async\" width=\"25\" height=\"25\" src=\"https:\/\/propesp.uepa.br\/ppged\/wp-content\/uploads\/2017\/01\/download-e1486389457443.png\" alt=\"\"><strong>ARQUIVO COMPLETO:&nbsp;<strong><strong><a href=\"https:\/\/propesp.uepa.br\/ppged\/wp-content\/uploads\/2023\/05\/RESOLUCAO-IEDA.pdf\">CLIQUE AQUI!!!<\/a><\/strong><\/strong><\/strong><\/strong><\/li>\n\n\n\n<li class=\"has-ast-global-color-8-color has-text-color has-link-color wp-elements-ea632f256bcddb546fb6d62d7f8f4d1b\"><strong>RESOLU\u00c7\u00c3O PPGED N\u00ba <strong><strong>08 DE <strong>25 DE ABRIL DE 2023<\/strong><\/strong><\/strong><br>EMENTA:<\/strong> Aprovar e Designar a Prof\u00aa Dr\u00aa Rosineide de Sousa Juc\u00e1 como nova orientadora do mestrando Joel da Costa Lobato Junior.<strong><br><img loading=\"lazy\" decoding=\"async\" width=\"25\" height=\"25\" src=\"https:\/\/propesp.uepa.br\/ppged\/wp-content\/uploads\/2017\/01\/download-e1486389457443.png\" alt=\"\"><strong>ARQUIVO COMPLETO:&nbsp;<strong><strong><a href=\"https:\/\/propesp.uepa.br\/ppged\/wp-content\/uploads\/2023\/05\/Resol-08.pdf\">CLIQUE AQUI!!!<\/a><\/strong><\/strong><\/strong><\/strong><\/li>\n\n\n\n<li class=\"has-ast-global-color-8-color has-text-color has-link-color wp-elements-92691f2662ce23710fc72c6fdb65dbea\"><strong>RESOLU\u00c7\u00c3O PPGED N\u00ba <strong><strong>09 DE 23 DE <strong>25 DE ABRIL DE 2023<\/strong><\/strong><\/strong><br>EMENTA:<\/strong> Aprovar e Designar a Prof\u00aa Dr\u00aa T\u00e2nia Regina Lobato dos Santos como nova orientadora do mestranda Elizabeth Carvalho de Oliveira.<strong><br><img loading=\"lazy\" decoding=\"async\" width=\"25\" height=\"25\" src=\"https:\/\/propesp.uepa.br\/ppged\/wp-content\/uploads\/2017\/01\/download-e1486389457443.png\" alt=\"\"><strong>ARQUIVO COMPLETO:&nbsp;<strong><strong><a href=\"https:\/\/propesp.uepa.br\/ppged\/wp-content\/uploads\/2023\/05\/Resolucao-09.pdf\">CLIQUE AQUI!!!<\/a><\/strong><\/strong><\/strong><\/strong><\/li>\n\n\n\n<li class=\"has-ast-global-color-8-color has-text-color has-link-color wp-elements-097702e98506a0583035549855cb26e1\"><strong>RESOLU\u00c7\u00c3O PPGED N\u00ba <strong><strong>17 DE 09 DE JULHO DE 2025<\/strong><\/strong><br>EMENTA:<\/strong> Aprova &#8220;ad referendum&#8221; a designa\u00e7\u00e3o de Coorientador da doutoranda Maria Sidnea de Sousa Sobrinho.<strong><br><img loading=\"lazy\" decoding=\"async\" width=\"25\" height=\"25\" src=\"https:\/\/propesp.uepa.br\/ppged\/wp-content\/uploads\/2017\/01\/download-e1486389457443.png\" alt=\"\"><strong>ARQUIVO COMPLETO:&nbsp;<strong><strong><a href=\"https:\/\/propesp.uepa.br\/ppged\/wp-content\/uploads\/2025\/07\/Resolucao_N_17_2025_assinado.pdf\">CLIQUE AQUI!!!<\/a><\/strong><\/strong><\/strong><\/strong><\/li>\n\n\n\n<li class=\"has-ast-global-color-8-color has-text-color has-link-color wp-elements-ef8a183a1114ab2f8a7d50cfe2d926f3\"><strong>RESOLU\u00c7\u00c3O PPGED N\u00ba <strong><strong>20 DE 23 DE SETEMBRO DE 2025<\/strong><\/strong><br>EMENTA:<\/strong> Aprova &#8220;ad referendum&#8221; a designa\u00e7\u00e3o de Coorientador da doutoranda Nayara Matoso da Silva.<strong><br><img loading=\"lazy\" decoding=\"async\" width=\"25\" height=\"25\" src=\"https:\/\/propesp.uepa.br\/ppged\/wp-content\/uploads\/2017\/01\/download-e1486389457443.png\" alt=\"\"><strong>ARQUIVO COMPLETO:&nbsp;<strong><strong><a href=\"https:\/\/propesp.uepa.br\/ppged\/wp-content\/uploads\/2025\/09\/ress.pdf\">CLIQUE AQUI!!!<\/a><\/strong><\/strong><\/strong><\/strong><\/li>\n\n\n\n<li class=\"has-ast-global-color-8-color has-text-color has-link-color wp-elements-a9c465bcf320fd28c6ca01d185845f54\"><strong>RESOLU\u00c7\u00c3O PPGED N\u00ba <strong><strong>21 DE 23 DE SETEMBRO DE 2025<\/strong><\/strong><br>EMENTA:<\/strong> Aprova &#8220;ad referendum&#8221; a designa\u00e7\u00e3o de Coorientador da doutoranda S\u00f4nia Maria Reis Blanco.<strong><br><img loading=\"lazy\" decoding=\"async\" width=\"25\" height=\"25\" src=\"https:\/\/propesp.uepa.br\/ppged\/wp-content\/uploads\/2017\/01\/download-e1486389457443.png\" alt=\"\"><strong>ARQUIVO COMPLETO:&nbsp;<strong><strong><a href=\"https:\/\/propesp.uepa.br\/ppged\/wp-content\/uploads\/2025\/09\/res-coorienta.pdf\">CLIQUE AQUI!!!<\/a><\/strong><\/strong><\/strong><\/strong><\/li>\n<\/ul>\n","protected":false},"excerpt":{"rendered":"","protected":false},"author":6,"featured_media":0,"parent":0,"menu_order":0,"comment_status":"closed","ping_status":"closed","template":"","meta":{"_uag_custom_page_level_css":"","site-sidebar-layout":"default","site-content-layout":"","ast-site-content-layout":"","site-content-style":"default","site-sidebar-style":"default","ast-global-header-display":"","ast-banner-title-visibility":"","ast-main-header-display":"","ast-hfb-above-header-display":"","ast-hfb-below-header-display":"","ast-hfb-mobile-header-display":"","site-post-title":"","ast-breadcrumbs-content":"","ast-featured-img":"","footer-sml-layout":"","theme-transparent-header-meta":"","adv-header-id-meta":"","stick-header-meta":"","header-above-stick-meta":"","header-main-stick-meta":"","header-below-stick-meta":"","astra-migrate-meta-layouts":"default","ast-page-background-enabled":"default","ast-page-background-meta":{"desktop":{"background-color":"var(--ast-global-color-4)","background-image":"","background-repeat":"repeat","background-position":"center center","background-size":"auto","background-attachment":"scroll","background-type":"","background-media":"","overlay-type":"","overlay-color":"","overlay-gradient":""},"tablet":{"background-color":"","background-image":"","background-repeat":"repeat","background-position":"center center","background-size":"auto","background-attachment":"scroll","background-type":"","background-media":"","overlay-type":"","overlay-color":"","overlay-gradient":""},"mobile":{"background-color":"","background-image":"","background-repeat":"repeat","background-position":"center center","background-size":"auto","background-attachment":"scroll","background-type":"","background-media":"","overlay-type":"","overlay-color":"","overlay-gradient":""}},"ast-content-background-meta":{"desktop":{"background-color":"var(--ast-global-color-5)","background-image":"","background-repeat":"repeat","background-position":"center center","background-size":"auto","background-attachment":"scroll","background-type":"","background-media":"","overlay-type":"","overlay-color":"","overlay-gradient":""},"tablet":{"background-color":"var(--ast-global-color-5)","background-image":"","background-repeat":"repeat","background-position":"center center","background-size":"auto","background-attachment":"scroll","background-type":"","background-media":"","overlay-type":"","overlay-color":"","overlay-gradient":""},"mobile":{"background-color":"var(--ast-global-color-5)","background-image":"","background-repeat":"repeat","background-position":"center center","background-size":"auto","background-attachment":"scroll","background-type":"","background-media":"","overlay-type":"","overlay-color":"","overlay-gradient":""}},"footnotes":""},"class_list":["post-11722","page","type-page","status-publish","hentry"],"uagb_featured_image_src":{"full":false,"thumbnail":false,"medium":false,"medium_large":false,"large":false,"1536x1536":false,"2048x2048":false},"uagb_author_info":{"display_name":"m.oliveiracosta@aluno.uepa.br","author_link":"https:\/\/propesp.uepa.br\/ppged\/author\/m-oliveiracostaaluno-uepa-br\/"},"uagb_comment_info":0,"uagb_excerpt":null,"_links":{"self":[{"href":"https:\/\/propesp.uepa.br\/ppged\/wp-json\/wp\/v2\/pages\/11722","targetHints":{"allow":["GET"]}}],"collection":[{"href":"https:\/\/propesp.uepa.br\/ppged\/wp-json\/wp\/v2\/pages"}],"about":[{"href":"https:\/\/propesp.uepa.br\/ppged\/wp-json\/wp\/v2\/types\/page"}],"author":[{"embeddable":true,"href":"https:\/\/propesp.uepa.br\/ppged\/wp-json\/wp\/v2\/users\/6"}],"replies":[{"embeddable":true,"href":"https:\/\/propesp.uepa.br\/ppged\/wp-json\/wp\/v2\/comments?post=11722"}],"version-history":[{"count":3,"href":"https:\/\/propesp.uepa.br\/ppged\/wp-json\/wp\/v2\/pages\/11722\/revisions"}],"predecessor-version":[{"id":11845,"href":"https:\/\/propesp.uepa.br\/ppged\/wp-json\/wp\/v2\/pages\/11722\/revisions\/11845"}],"wp:attachment":[{"href":"https:\/\/propesp.uepa.br\/ppged\/wp-json\/wp\/v2\/media?parent=11722"}],"curies":[{"name":"wp","href":"https:\/\/api.w.org\/{rel}","templated":true}]}}