{"id":11730,"date":"2026-01-22T18:58:38","date_gmt":"2026-01-22T21:58:38","guid":{"rendered":"https:\/\/propesp.uepa.br\/ppged\/?page_id=11730"},"modified":"2026-02-19T10:00:43","modified_gmt":"2026-02-19T13:00:43","slug":"resolucoes-de-estagio-pos-doutoral","status":"publish","type":"page","link":"https:\/\/propesp.uepa.br\/ppged\/resolucoes-de-estagio-pos-doutoral\/","title":{"rendered":"Resolu\u00e7\u00f5es de Est\u00e1gio P\u00f3s-Doutoral"},"content":{"rendered":"\n<blockquote class=\"wp-block-quote is-layout-flow wp-block-quote-is-layout-flow\">\n<p><mark style=\"background-color:rgba(0, 0, 0, 0);color:#000000\" class=\"has-inline-color\">Resolu\u00e7\u00e3o PPGED N\u00ba 15 &#8211;  Sobre solicita\u00e7\u00e3o de Est\u00e1gio P\u00f3s Doutoral no PPGED.<\/mark><\/p>\n\n\n\n<p><a href=\"https:\/\/propesp.uepa.br\/ppged\/wp-content\/uploads\/2025\/06\/RESOLUCAO_POS_DOC_No_15_PPGED_PD1_assinado.pdf\" target=\"_blank\" rel=\"noreferrer noopener\">RESOLU\u00c7\u00c3O PPGED N\u00b0 15 DE 17 DE JUNHO DE 2025<\/a><\/p>\n<\/blockquote>\n\n\n\n<div class=\"wp-block-uagb-separator uagb-block-f7817a1a\"><div class=\"wp-block-uagb-separator__inner\" style=\"--my-background-image:\"><\/div><\/div>\n\n\n\n<ul class=\"wp-block-list\">\n<li class=\"has-ast-global-color-8-color has-text-color has-link-color wp-elements-f49c31a9f76f281a28c668a62c78d241\"><strong>RESOLU\u00c7\u00c3O PPGED N\u00ba 09, DE 05 DE DEZEMBRO DE 2017.<br>EMENTA:<\/strong>&nbsp;Aprova a designa\u00e7\u00e3o de Orientadora de Est\u00e1gio de P\u00f3s-Doutoramento da Prof\u00aa Dr\u00aa Maria L\u00facia Gomes Figueira de Melo, a Prof\u00aa Dr\u00aa Denise de Souza Sim\u00f5es Rodrigues.<br><strong>ARQUIVO COMPLETO:&nbsp;<a href=\"https:\/\/propesp.uepa.br\/ppged\/wp-content\/uploads\/resolucoes\/2017\/res_09_2017.pdf\">CLIQUE AQUI!!!<\/a><\/strong><\/li>\n\n\n\n<li class=\"has-ast-global-color-8-color has-text-color has-link-color wp-elements-54ed0c613e16ec47fea9702c31bb4362\"><strong>RESOLU\u00c7\u00c3O PPGED N\u00ba 06, DE 04 DE AGOSTO DE 2020.<br>EMENTA:<\/strong>&nbsp;Aprova o est\u00e1gio de P\u00f3s-Doutorado sem v\u00ednculo ao Prof. Dr. Jos\u00e9 Ricardo de Souza Mafra.<br><strong>ARQUIVO COMPLETO:&nbsp;<a href=\"https:\/\/propesp.uepa.br\/ppged\/wp-content\/uploads\/2025\/12\/Imagem-61.pdf\">CLIQUE AQUI!!!<\/a><\/strong><\/li>\n\n\n\n<li class=\"has-ast-global-color-8-color has-text-color has-link-color wp-elements-91af8b01357d37b0d9d77a6945ccbc18\"><strong>RESOLU\u00c7\u00c3O PPGED N\u00ba 07, DE 21 DE DEZEMBRO DE 2020.<br>EMENTA:<\/strong>&nbsp;Aprova o est\u00e1gio de P\u00f3s-Doutorado sem v\u00ednculo ao Prof. Dr. Jos\u00e9 Carlos da Silveira Freire.<br><strong>ARQUIVO COMPLETO:&nbsp;<a href=\"https:\/\/propesp.uepa.br\/ppged\/wp-content\/uploads\/2025\/12\/Imagem-59.pdf\">CLIQUE AQUI!!!<\/a><\/strong><\/li>\n\n\n\n<li class=\"has-ast-global-color-8-color has-text-color has-link-color wp-elements-e2d75a48fc7e9bcdd559b457dd2cd28b\"><strong>RESOLU\u00c7\u00c3O PPGED N\u00ba 07, DE 21 DE DEZEMBRO DE 2020.<br>EMENTA:<\/strong>&nbsp;Aprova o est\u00e1gio de P\u00f3s-Doutorado sem v\u00ednculo ao Prof\u00aa. Dr\u00aa. Danieli dos Santos Pimentel.<br><strong>ARQUIVO COMPLETO:&nbsp;<a href=\"https:\/\/propesp.uepa.br\/ppged\/wp-content\/uploads\/2025\/12\/Imagem-60.pdf\">CLIQUE AQUI!!!<\/a><\/strong><\/li>\n\n\n\n<li class=\"has-ast-global-color-8-color has-text-color has-link-color wp-elements-bd3c308ec5c7ebf60e730d30215d532d\"><strong>RESOLU\u00c7\u00c3O PPGED <strong>N\u00ba 17 DE 13 DE DEZEMBRO DE 2022<\/strong>.<br>EMENTA:<\/strong>&nbsp;Aprova o est\u00e1gio de P\u00f3s-Doutorado do Prof. Tiago Tenda Chingore, no Programa de P\u00f3s-Grauda\u00e7\u00e3o em Educa\u00e7\u00e3o.<br><strong>ARQUIVO COMPLETO:&nbsp;<a href=\"https:\/\/propesp.uepa.br\/ppged\/wp-content\/uploads\/2022\/12\/Res-17-de-12-de-12-de-2022-PD-Tiago.pdf\">CLIQUE AQUI!!!<\/a><\/strong><\/li>\n\n\n\n<li class=\"has-ast-global-color-8-color has-text-color has-link-color wp-elements-cabc4d87b20682e4ee28d88adc18a017\"><strong>RESOLU\u00c7\u00c3O PPGED <strong>N\u00ba 10 DE <strong>25 DE ABRIL DE 2023<\/strong><\/strong>.<br>EMENTA:<\/strong>&nbsp;Aprovar o est\u00e1gio sem v\u00ednculo de P\u00f3s-Doutorado da Prof\u00aa Dr\u00aa Ivana Cl\u00e1udia Guimar\u00e3es de Oliveira no PPGED.<br><strong>ARQUIVO COMPLETO:&nbsp;<a href=\"https:\/\/propesp.uepa.br\/ppged\/wp-content\/uploads\/2023\/05\/Resolucao-10-Ivana.pdf\">CLIQUE AQUI!!!<\/a><\/strong><\/li>\n\n\n\n<li class=\"has-ast-global-color-8-color has-text-color has-link-color wp-elements-299d53ced1182af825ecdc7227adbac6\"><strong>RESOLU\u00c7\u00c3O PPGED <strong>N\u00ba 01 DE <strong>02 DE JANEIRO DE 2024<\/strong><\/strong>.<br>EMENTA:<\/strong>&nbsp;Aprovar &#8220;ad referendum&#8221; o est\u00e1gio de P\u00f3s-Doutorado de Waldma Ma\u00edra Menezes de Oliveira.<br><strong>ARQUIVO COMPLETO:&nbsp;<a href=\"https:\/\/propesp.uepa.br\/ppged\/wp-content\/uploads\/2024\/05\/RES-WALDMA-0-4.pdf\">CLIQUE AQUI!!!<\/a><\/strong><\/li>\n\n\n\n<li class=\"has-ast-global-color-8-color has-text-color has-link-color wp-elements-c081744e6a36778c99498bb769019327\"><strong>RESOLU\u00c7\u00c3O PPGED <strong>N\u00ba 02 DE <strong>01 DE MAR\u00c7O DE 2024<\/strong><\/strong>.<br>EMENTA:<\/strong>&nbsp;Aprovar &#8220;ad referendum&#8221; o est\u00e1gio de P\u00f3s-Doutorado de S\u00e9rgio Oliveira dos Santos.<br><strong>ARQUIVO COMPLETO:&nbsp;<a href=\"https:\/\/propesp.uepa.br\/ppged\/wp-content\/uploads\/2024\/05\/RES-SERGIO-1-1.pdf\">CLIQUE AQUI!!!<\/a><\/strong><\/li>\n\n\n\n<li class=\"has-ast-global-color-8-color has-text-color has-link-color wp-elements-361efc3bdc961509d02c298dd7df8f8e\"><strong>RESOLU\u00c7\u00c3O PPGED <strong>N\u00ba 06 DE <strong>26 DE JUNHO DE 2024<\/strong><\/strong>.<br>EMENTA:<\/strong>&nbsp;Aprovar &#8220;ad referendum&#8221; o est\u00e1gio de P\u00f3s-Doutorado do Prof. Dr. Marinaldo Pantoja Pinheiro. <br><strong>ARQUIVO COMPLETO:&nbsp;<a href=\"https:\/\/propesp.uepa.br\/ppged\/wp-content\/uploads\/2024\/06\/RES-06.pdf\">CLIQUE AQUI!!!<\/a><\/strong><\/li>\n\n\n\n<li class=\"has-ast-global-color-8-color has-text-color has-link-color wp-elements-1777a7c40393e7ae59e3c37cfb008072\"><strong>RESOLU\u00c7\u00c3O PPGED <strong>N\u00ba 09 DE <strong>29 DE AGOSTO DE 2024<\/strong><\/strong>.<br>EMENTA:<\/strong>&nbsp;Aprovar o est\u00e1gio de P\u00f3s-Doutorado da Prof.\u00aa Dr.\u00aa Eliete de Jesus Bararua Solano.<br><strong>ARQUIVO COMPLETO:&nbsp;<a href=\"https:\/\/propesp.uepa.br\/ppged\/wp-content\/uploads\/2024\/08\/RESOLUCAO_PPGED_No_9_assinado.pdf\">CLIQUE AQUI!!!<\/a><\/strong><\/li>\n\n\n\n<li class=\"has-ast-global-color-8-color has-text-color has-link-color wp-elements-755c29224feb5abbfbc4227e71049962\"><strong>RESOLU\u00c7\u00c3O PPGED <strong>N\u00ba 10 DE <strong>29 DE AGOSTO DE 2024<\/strong><\/strong>.<br>EMENTA:<\/strong>&nbsp;Aprovar o est\u00e1gio de P\u00f3s-Doutorado da Prof.\u00aa Dr.\u00aa D\u00e9lcia Pereira Pombo.<br><strong>ARQUIVO COMPLETO:&nbsp;<a href=\"https:\/\/propesp.uepa.br\/ppged\/wp-content\/uploads\/2024\/08\/RESOLUCAO_PPGED_No_10_assinado.pdf\">CLIQUE AQUI!!!<\/a><\/strong><\/li>\n\n\n\n<li class=\"has-ast-global-color-8-color has-text-color has-link-color wp-elements-b6e2f0d916d93387fb0e4ae194b9d951\"><strong>RESOLU\u00c7\u00c3O PPGED <strong>N\u00ba 11 DE 3<strong>0 DE AGOSTO DE 2024<\/strong><\/strong>.<br>EMENTA:<\/strong>&nbsp;Aprovar o est\u00e1gio de P\u00f3s-Doutorado da Prof.\u00aa Dr.\u00aa Fernanda Regina de Aviz.<br><strong>ARQUIVO COMPLETO:&nbsp;<a href=\"https:\/\/propesp.uepa.br\/ppged\/wp-content\/uploads\/2024\/08\/RESOLUCAO_PPGED_No_11_assinado.pdf\">CLIQUE AQUI!!!<\/a><\/strong><\/li>\n\n\n\n<li class=\"has-ast-global-color-8-color has-text-color has-link-color wp-elements-a6fb0a0c67bf35a2ff69ed3a33b961fa\"><strong>RESOLU\u00c7\u00c3O PPGED <strong>N\u00ba 11 DE 3<strong>0 DE AGOSTO DE 2024<\/strong><\/strong>.<br>EMENTA:<\/strong>&nbsp;Prorroga o per\u00edodo de est\u00e1gio de P\u00f3s-Doutorado da Prof.\u00aa Dr.\u00aa Fernanda Regina de Aviz.<br><strong>ARQUIVO COMPLETO:&nbsp;<a href=\"https:\/\/propesp.uepa.br\/ppged\/wp-content\/uploads\/2024\/08\/RESOLUCAO_PPGED_No_11_assinado.pdf\">CLIQUE AQUI!!!<\/a><\/strong><\/li>\n\n\n\n<li class=\"has-ast-global-color-8-color has-text-color has-link-color wp-elements-9d02f2781d141fd14e7e6ef83044d772\"><strong>RESOLU\u00c7\u00c3O PPGED <strong>N\u00ba 12 DE <strong>16 DE OUTUBRO DE 2024<\/strong><\/strong>.<br>EMENTA:<\/strong>&nbsp;Aprovar o est\u00e1gio de P\u00f3s-Doutorado do Prof. Dr. Mario Allan da Silva Lopes.<br><strong>ARQUIVO COMPLETO:&nbsp;<a href=\"https:\/\/propesp.uepa.br\/ppged\/wp-content\/uploads\/2024\/10\/RESOLUCAO_PPGED_Mario_Allan_assinado.pdf\">CLIQUE AQUI!!!<\/a><\/strong><\/li>\n\n\n\n<li class=\"has-ast-global-color-8-color has-text-color has-link-color wp-elements-3ca65c9d7c8ea04973699aba1994a9ed\"><strong>RESOLU\u00c7\u00c3O PPGED <strong>N\u00ba 16 DE <strong>16 DE OUTUBRO DE 2024<\/strong><\/strong>.<br>EMENTA:<\/strong>&nbsp;Aprovar o est\u00e1gio de P\u00f3s-Doutorado do Prof. Luiz Guilherme dos Santos Junior.<br><strong>ARQUIVO COMPLETO:&nbsp;<a href=\"https:\/\/propesp.uepa.br\/ppged\/wp-content\/uploads\/2024\/11\/RESOLUCAO-16.pdf\">CLIQUE AQUI!!!<\/a><\/strong><\/li>\n\n\n\n<li class=\"has-ast-global-color-8-color has-text-color has-link-color wp-elements-fa6bf86ab47518e0c9a7b7e849315128\"><strong>RESOLU\u00c7\u00c3O PPGED <strong>N\u00ba 23 DE <strong>31 DE OUTUBRO DE 202<\/strong><\/strong>5.<br>EMENTA:<\/strong>&nbsp;Aprovar &#8220;ad referendum&#8221; o est\u00e1gio de P\u00f3s-Doutorado da Prof.\u00aa Dr.\u00aa Gra\u00e7a dos Santos Costa.<br><strong>ARQUIVO COMPLETO:&nbsp;<a href=\"https:\/\/propesp.uepa.br\/ppged\/wp-content\/uploads\/2025\/11\/res-23.pdf\">CLIQUE AQUI!!!<\/a><\/strong><\/li>\n<\/ul>\n","protected":false},"excerpt":{"rendered":"<p>Resolu\u00e7\u00e3o PPGED N\u00ba 15 &#8211; Sobre solicita\u00e7\u00e3o de Est\u00e1gio P\u00f3s Doutoral no PPGED. RESOLU\u00c7\u00c3O PPGED N\u00b0 15 DE 17 DE JUNHO DE 2025<\/p>\n","protected":false},"author":6,"featured_media":0,"parent":0,"menu_order":0,"comment_status":"closed","ping_status":"closed","template":"","meta":{"_uag_custom_page_level_css":"","site-sidebar-layout":"default","site-content-layout":"","ast-site-content-layout":"","site-content-style":"default","site-sidebar-style":"default","ast-global-header-display":"","ast-banner-title-visibility":"","ast-main-header-display":"","ast-hfb-above-header-display":"","ast-hfb-below-header-display":"","ast-hfb-mobile-header-display":"","site-post-title":"","ast-breadcrumbs-content":"","ast-featured-img":"","footer-sml-layout":"","theme-transparent-header-meta":"","adv-header-id-meta":"","stick-header-meta":"","header-above-stick-meta":"","header-main-stick-meta":"","header-below-stick-meta":"","astra-migrate-meta-layouts":"default","ast-page-background-enabled":"default","ast-page-background-meta":{"desktop":{"background-color":"var(--ast-global-color-4)","background-image":"","background-repeat":"repeat","background-position":"center center","background-size":"auto","background-attachment":"scroll","background-type":"","background-media":"","overlay-type":"","overlay-color":"","overlay-gradient":""},"tablet":{"background-color":"","background-image":"","background-repeat":"repeat","background-position":"center center","background-size":"auto","background-attachment":"scroll","background-type":"","background-media":"","overlay-type":"","overlay-color":"","overlay-gradient":""},"mobile":{"background-color":"","background-image":"","background-repeat":"repeat","background-position":"center center","background-size":"auto","background-attachment":"scroll","background-type":"","background-media":"","overlay-type":"","overlay-color":"","overlay-gradient":""}},"ast-content-background-meta":{"desktop":{"background-color":"var(--ast-global-color-5)","background-image":"","background-repeat":"repeat","background-position":"center center","background-size":"auto","background-attachment":"scroll","background-type":"","background-media":"","overlay-type":"","overlay-color":"","overlay-gradient":""},"tablet":{"background-color":"var(--ast-global-color-5)","background-image":"","background-repeat":"repeat","background-position":"center center","background-size":"auto","background-attachment":"scroll","background-type":"","background-media":"","overlay-type":"","overlay-color":"","overlay-gradient":""},"mobile":{"background-color":"var(--ast-global-color-5)","background-image":"","background-repeat":"repeat","background-position":"center center","background-size":"auto","background-attachment":"scroll","background-type":"","background-media":"","overlay-type":"","overlay-color":"","overlay-gradient":""}},"footnotes":""},"class_list":["post-11730","page","type-page","status-publish","hentry"],"uagb_featured_image_src":{"full":false,"thumbnail":false,"medium":false,"medium_large":false,"large":false,"1536x1536":false,"2048x2048":false},"uagb_author_info":{"display_name":"m.oliveiracosta@aluno.uepa.br","author_link":"https:\/\/propesp.uepa.br\/ppged\/author\/m-oliveiracostaaluno-uepa-br\/"},"uagb_comment_info":0,"uagb_excerpt":"Resolu\u00e7\u00e3o PPGED N\u00ba 15 &#8211; Sobre solicita\u00e7\u00e3o de Est\u00e1gio P\u00f3s Doutoral no PPGED. RESOLU\u00c7\u00c3O PPGED N\u00b0 15 DE 17 DE JUNHO DE 2025","_links":{"self":[{"href":"https:\/\/propesp.uepa.br\/ppged\/wp-json\/wp\/v2\/pages\/11730","targetHints":{"allow":["GET"]}}],"collection":[{"href":"https:\/\/propesp.uepa.br\/ppged\/wp-json\/wp\/v2\/pages"}],"about":[{"href":"https:\/\/propesp.uepa.br\/ppged\/wp-json\/wp\/v2\/types\/page"}],"author":[{"embeddable":true,"href":"https:\/\/propesp.uepa.br\/ppged\/wp-json\/wp\/v2\/users\/6"}],"replies":[{"embeddable":true,"href":"https:\/\/propesp.uepa.br\/ppged\/wp-json\/wp\/v2\/comments?post=11730"}],"version-history":[{"count":5,"href":"https:\/\/propesp.uepa.br\/ppged\/wp-json\/wp\/v2\/pages\/11730\/revisions"}],"predecessor-version":[{"id":11907,"href":"https:\/\/propesp.uepa.br\/ppged\/wp-json\/wp\/v2\/pages\/11730\/revisions\/11907"}],"wp:attachment":[{"href":"https:\/\/propesp.uepa.br\/ppged\/wp-json\/wp\/v2\/media?parent=11730"}],"curies":[{"name":"wp","href":"https:\/\/api.w.org\/{rel}","templated":true}]}}