{"id":11739,"date":"2026-01-22T19:40:18","date_gmt":"2026-01-22T22:40:18","guid":{"rendered":"https:\/\/propesp.uepa.br\/ppged\/?page_id=11739"},"modified":"2026-03-10T12:53:36","modified_gmt":"2026-03-10T15:53:36","slug":"outras-resolucoes","status":"publish","type":"page","link":"https:\/\/propesp.uepa.br\/ppged\/outras-resolucoes\/","title":{"rendered":"Outras Resolu\u00e7\u00f5es"},"content":{"rendered":"\n<div class=\"wp-block-uagb-container uagb-block-ecd205cf default uagb-is-root-container\">\n<div class=\"wp-block-uagb-container uagb-block-279f41c8\">\n<p><\/p>\n\n\n\n<p class=\"has-ast-global-color-8-color has-text-color has-link-color wp-elements-5b63f3985d1515eba7682110e79ea0c3\"><strong>RESOLU\u00c7\u00c3O PPGED N\u00ba 27 DE 02 DE NOVEMBRO DE 2025<br>EMENTA<\/strong>: Estabelece crit\u00e9rios para a concess\u00e3o de aux\u00edlio financeiro para participa\u00e7\u00e3o em eventos acad\u00eamicos aos discentes do PPGED UEPA.<br><strong>ARQUIVO COMPLETO:&nbsp;<a href=\"https:\/\/propesp.uepa.br\/ppged\/wp-content\/uploads\/2025\/12\/RES-27-2025.pdf\">CLIQUE AQUI!!!<\/a><\/strong><\/p>\n\n\n\n<p class=\"has-ast-global-color-8-color has-text-color has-link-color wp-elements-9e69abf040423fc2acb8e546bfcbd2d0\"><strong>RESOLU\u00c7\u00c3O PPGED N\u00ba 11 DE 21 DE JUNHO DE 2022<br>EMENTA<\/strong>: Atualiza a Resolu\u00e7\u00e3o do PPGED\/UEPA, N<sup>o<\/sup>. 18\/2010 que trata da integraliza\u00e7\u00e3o de atividades desenvolvidas no PPGED e em outros programas de P\u00f3s-Gradua\u00e7\u00e3o em Educa\u00e7\u00e3o recomendados pela CAPES.<br><strong>ARQUIVO COMPLETO:&nbsp;<a href=\"https:\/\/propesp.uepa.br\/ppged\/wp-content\/uploads\/2022\/06\/Resolucao_PPGED_-11_credito-e-integralizacao_Disciplinas_Ms_Dr.pdf\">CLIQUE AQUI!!!<\/a><\/strong><\/p>\n\n\n\n<p class=\"has-ast-global-color-8-color has-text-color has-link-color wp-elements-e34858ca183d54a561e0366adeeaea1e\"><strong>RESOLU\u00c7\u00c3O PPGED N\u00ba 08 DE 28 DE ABRIL DE 2022<br>Ementa:&nbsp;<\/strong>Regulamenta, em car\u00e1ter excepcional, as normas para assinatura das atas de qualifica\u00e7\u00e3o e de defesa de disserta\u00e7\u00f5es e teses no Programa de P\u00f3s-Gradua\u00e7\u00e3o em Educa\u00e7\u00e3o PPGED-UEPA nos casos de bancas realizadas por webconfer\u00eancia.<br><strong>ARQUIVO COMPLETO:&nbsp;<a href=\"https:\/\/propesp.uepa.br\/ppged\/wp-content\/uploads\/2022\/05\/Resolucao_PPGED_08_2022.pdf\">CLIQUE AQUI!!!<\/a><\/strong><\/p>\n\n\n\n<p class=\"has-ast-global-color-8-color has-text-color has-link-color wp-elements-c54d1d9497575196eb217b6507dfff02\"><strong>RESOLU\u00c7\u00c3O PPGED N\u00ba 07 DE 26 DE ABRIL DE 2022<br>Ementa:&nbsp;<\/strong>Atualiza a resolu\u00e7\u00e3o n\u00ba 03\/2006, que disp\u00f5e sobre o Exame de Profici\u00eancia em L\u00edngua Estrangeira no Programa de P\u00f3s-Gradua\u00e7\u00e3o em Educa\u00e7\u00e3o.<strong><br>ARQUIVO COMPLETO:&nbsp;<a href=\"https:\/\/propesp.uepa.br\/ppged\/wp-content\/uploads\/2022\/04\/Resolucao_PPGED-07_-2022.pdf\">CLIQUE AQUI!!!<\/a><\/strong><\/p>\n\n\n\n<p class=\"has-ast-global-color-8-color has-text-color has-link-color wp-elements-8fa697b044967b41c87eb6974dee6581\"><strong>RESOLU\u00c7\u00c3O PPGED N\u00ba 04 DE 17 DE MAR\u00c7O DE 2022<br>Ementa:&nbsp;<\/strong>Designa os membros da Comiss\u00e3o Executiva para o Processo Seletivo do Programa de P\u00f3s-Gradua\u00e7\u00e3o em Educa\u00e7\u00e3o, ano de 2022, n\u00edvel de Doutorado<strong><br>ARQUIVO COMPLETO:&nbsp;<a href=\"https:\/\/propesp.uepa.br\/ppged\/wp-content\/uploads\/2022\/06\/RESOLUCAO_N_04_2022_PSS_DOUTORADO.pdf\">CLIQUE AQUI!!!<\/a><\/strong><\/p>\n\n\n\n<p class=\"has-ast-global-color-8-color has-text-color has-link-color wp-elements-c4fbc4ff1970cfce7c104c964a569fa1\"><strong>RESOLU\u00c7\u00c3O N\u00ba 17\/2023-PPGED-CCSE-UEPA, DE 07 DE NOVEMBRO DE 2023<\/strong><br>Revoga as Resolu\u00e7\u00f5es 02\/2005 e 04\/2006 e disp\u00f5e sobre a constitui\u00e7\u00e3o da Comiss\u00e3o de Bolsa e dos crit\u00e9rios de concess\u00e3o de bolsas no PPGED\/UEPA<br><strong>ARQUIVO COMPLETO: <a href=\"https:\/\/propesp.uepa.br\/ppged\/wp-content\/uploads\/2024\/05\/resolucao-da-comissao-de-bolsa.pdf\">CLIQUE AQUI!!!<\/a><\/strong><\/p>\n\n\n\n<p class=\"has-ast-global-color-8-color has-text-color has-link-color wp-elements-6d259293dc7db963f3fb7d9e7057be79\"><strong>RESOLU\u00c7\u00c3O PPGED N\u00ba 08 DE 01 DE NOVEMBRO DE 2017<br>EMENTA:&nbsp;<\/strong>Aprova Comiss\u00e3o para responder pela coordena\u00e7\u00e3o do Programa de P\u00f3s-Gradua\u00e7\u00e3o em Educa\u00e7\u00e3o.<br><strong>ARQUIVO COMPLETO:&nbsp;<a href=\"https:\/\/propesp.uepa.br\/ppged\/wp-content\/uploads\/resolucoes\/2017\/res_08_2017.pdf\">CLIQUE AQUI!!!<\/a><\/strong><\/p>\n\n\n\n<p class=\"has-ast-global-color-8-color has-text-color has-link-color wp-elements-a5671ff201fe8defc1926ab3cc67b874\"><strong>RESOLU\u00c7\u00c3O PPGED N\u00ba 07 DE 01 DE NOVEMBRO DE 2017<br>EMENTA:<\/strong>&nbsp;Aprova Comiss\u00e3o para compor a comiss\u00e3o do Processo Seletivo Simplificado de Candidatos para bolsa de atendimento ao Projeto Estrutura\u00e7\u00e3o acad\u00eamica do PPGED.<br><strong>ARQUIVO COMPLETO:&nbsp;<a href=\"https:\/\/propesp.uepa.br\/ppged\/wp-content\/uploads\/resolucoes\/2017\/res_07_2017.pdf\">CLIQUE AQUI!!!<\/a><\/strong><\/p>\n\n\n\n<p class=\"has-ast-global-color-8-color has-text-color has-link-color wp-elements-3bc56f6393791333961c8d0305cea240\"><strong><strong>RESOLU\u00c7\u00c3O PPGED N\u00ba 03, DE 05 DE ABRIL DE 2016.<\/strong><br>EMENTA:&nbsp;<\/strong>Chamar a candidata, ERITA MARIA RODRIGUES DE OLIVEIRA, aprovada e classificada ao Programa de P\u00f3s Gradua\u00e7\u00e3o em Educa\u00e7\u00e3o \u2013 PS\/2016.<strong><br><strong>ARQUIVO COMPLETO:&nbsp;<a href=\"https:\/\/propesp.uepa.br\/ppged\/wp-content\/uploads\/resolucoes\/2016\/res_03_2016.pdf\">CLIQUE AQUI!!!<\/a><\/strong><\/strong><\/p>\n\n\n\n<p class=\"has-ast-global-color-8-color has-text-color has-link-color wp-elements-65d6ac67ad2070e937f7d96facacbb2d\"><strong>RESOLU\u00c7\u00c3O PPGED N\u00ba 07, DE 09 DE DEZEMBRO DE 2006.<br>EMENTA:&nbsp;<\/strong>Disp\u00f5e sobre Est\u00e1gio de Doc\u00eancia para bolsista de Demanda Social da CAPES e CAPES e CNPQ, vinculados ao Programa de P\u00f3s-Gradua\u00e7\u00e3o em Educa\u00e7\u00e3o \u2013 Mestrado da Universidade do Estado do Par\u00e1.<strong><br><strong>ARQUIVO COMPLETO:&nbsp;<a href=\"https:\/\/propesp.uepa.br\/ppged\/wp-content\/uploads\/resolucoes\/2006\/resolucao_7_2006.pdf\">CLIQUE AQUI!!!<\/a><\/strong><\/strong><\/p>\n\n\n\n<p class=\"has-ast-global-color-8-color has-text-color has-link-color wp-elements-93697934bf631e797ffd9bd8c25d76df\"><\/p>\n\n\n\n<p class=\"has-ast-global-color-8-color has-text-color has-link-color wp-elements-93697934bf631e797ffd9bd8c25d76df\"><\/p>\n\n\n\n<p class=\"has-ast-global-color-8-color has-text-color has-link-color wp-elements-93697934bf631e797ffd9bd8c25d76df\"><\/p>\n\n\n\n<p class=\"has-ast-global-color-8-color has-text-color has-link-color wp-elements-93697934bf631e797ffd9bd8c25d76df\"><\/p>\n<\/div>\n<\/div>\n\n\n\n<p><\/p>\n","protected":false},"excerpt":{"rendered":"<p>RESOLU\u00c7\u00c3O PPGED N\u00ba 27 DE 02 DE NOVEMBRO DE 2025EMENTA: Estabelece crit\u00e9rios para a concess\u00e3o de aux\u00edlio financeiro para participa\u00e7\u00e3o em eventos acad\u00eamicos aos discentes do PPGED UEPA.ARQUIVO COMPLETO:&nbsp;CLIQUE AQUI!!! RESOLU\u00c7\u00c3O PPGED N\u00ba 11 DE 21 DE JUNHO DE 2022EMENTA: Atualiza a Resolu\u00e7\u00e3o do PPGED\/UEPA, No. 18\/2010 que trata da integraliza\u00e7\u00e3o de atividades desenvolvidas no [&hellip;]<\/p>\n","protected":false},"author":6,"featured_media":0,"parent":0,"menu_order":0,"comment_status":"closed","ping_status":"closed","template":"","meta":{"_uag_custom_page_level_css":"","site-sidebar-layout":"default","site-content-layout":"","ast-site-content-layout":"","site-content-style":"default","site-sidebar-style":"default","ast-global-header-display":"","ast-banner-title-visibility":"","ast-main-header-display":"","ast-hfb-above-header-display":"","ast-hfb-below-header-display":"","ast-hfb-mobile-header-display":"","site-post-title":"","ast-breadcrumbs-content":"","ast-featured-img":"","footer-sml-layout":"","theme-transparent-header-meta":"","adv-header-id-meta":"","stick-header-meta":"","header-above-stick-meta":"","header-main-stick-meta":"","header-below-stick-meta":"","astra-migrate-meta-layouts":"default","ast-page-background-enabled":"default","ast-page-background-meta":{"desktop":{"background-color":"var(--ast-global-color-4)","background-image":"","background-repeat":"repeat","background-position":"center center","background-size":"auto","background-attachment":"scroll","background-type":"","background-media":"","overlay-type":"","overlay-color":"","overlay-gradient":""},"tablet":{"background-color":"","background-image":"","background-repeat":"repeat","background-position":"center center","background-size":"auto","background-attachment":"scroll","background-type":"","background-media":"","overlay-type":"","overlay-color":"","overlay-gradient":""},"mobile":{"background-color":"","background-image":"","background-repeat":"repeat","background-position":"center center","background-size":"auto","background-attachment":"scroll","background-type":"","background-media":"","overlay-type":"","overlay-color":"","overlay-gradient":""}},"ast-content-background-meta":{"desktop":{"background-color":"var(--ast-global-color-5)","background-image":"","background-repeat":"repeat","background-position":"center center","background-size":"auto","background-attachment":"scroll","background-type":"","background-media":"","overlay-type":"","overlay-color":"","overlay-gradient":""},"tablet":{"background-color":"var(--ast-global-color-5)","background-image":"","background-repeat":"repeat","background-position":"center center","background-size":"auto","background-attachment":"scroll","background-type":"","background-media":"","overlay-type":"","overlay-color":"","overlay-gradient":""},"mobile":{"background-color":"var(--ast-global-color-5)","background-image":"","background-repeat":"repeat","background-position":"center center","background-size":"auto","background-attachment":"scroll","background-type":"","background-media":"","overlay-type":"","overlay-color":"","overlay-gradient":""}},"footnotes":""},"class_list":["post-11739","page","type-page","status-publish","hentry"],"uagb_featured_image_src":{"full":false,"thumbnail":false,"medium":false,"medium_large":false,"large":false,"1536x1536":false,"2048x2048":false},"uagb_author_info":{"display_name":"m.oliveiracosta@aluno.uepa.br","author_link":"https:\/\/propesp.uepa.br\/ppged\/author\/m-oliveiracostaaluno-uepa-br\/"},"uagb_comment_info":0,"uagb_excerpt":"RESOLU\u00c7\u00c3O PPGED N\u00ba 27 DE 02 DE NOVEMBRO DE 2025EMENTA: Estabelece crit\u00e9rios para a concess\u00e3o de aux\u00edlio financeiro para participa\u00e7\u00e3o em eventos acad\u00eamicos aos discentes do PPGED UEPA.ARQUIVO COMPLETO:&nbsp;CLIQUE AQUI!!! RESOLU\u00c7\u00c3O PPGED N\u00ba 11 DE 21 DE JUNHO DE 2022EMENTA: Atualiza a Resolu\u00e7\u00e3o do PPGED\/UEPA, No. 18\/2010 que trata da integraliza\u00e7\u00e3o de atividades desenvolvidas no&hellip;","_links":{"self":[{"href":"https:\/\/propesp.uepa.br\/ppged\/wp-json\/wp\/v2\/pages\/11739","targetHints":{"allow":["GET"]}}],"collection":[{"href":"https:\/\/propesp.uepa.br\/ppged\/wp-json\/wp\/v2\/pages"}],"about":[{"href":"https:\/\/propesp.uepa.br\/ppged\/wp-json\/wp\/v2\/types\/page"}],"author":[{"embeddable":true,"href":"https:\/\/propesp.uepa.br\/ppged\/wp-json\/wp\/v2\/users\/6"}],"replies":[{"embeddable":true,"href":"https:\/\/propesp.uepa.br\/ppged\/wp-json\/wp\/v2\/comments?post=11739"}],"version-history":[{"count":8,"href":"https:\/\/propesp.uepa.br\/ppged\/wp-json\/wp\/v2\/pages\/11739\/revisions"}],"predecessor-version":[{"id":11953,"href":"https:\/\/propesp.uepa.br\/ppged\/wp-json\/wp\/v2\/pages\/11739\/revisions\/11953"}],"wp:attachment":[{"href":"https:\/\/propesp.uepa.br\/ppged\/wp-json\/wp\/v2\/media?parent=11739"}],"curies":[{"name":"wp","href":"https:\/\/api.w.org\/{rel}","templated":true}]}}