{"id":11746,"date":"2026-01-22T19:46:48","date_gmt":"2026-01-22T22:46:48","guid":{"rendered":"https:\/\/propesp.uepa.br\/ppged\/?page_id=11746"},"modified":"2026-01-22T19:46:48","modified_gmt":"2026-01-22T22:46:48","slug":"procedimentos-de-defesa","status":"publish","type":"page","link":"https:\/\/propesp.uepa.br\/ppged\/procedimentos-de-defesa\/","title":{"rendered":"Procedimentos de Defesa"},"content":{"rendered":"\n<p class=\"has-ast-global-color-8-color has-text-color has-link-color wp-elements-adb9f68a546c74165cceaa8f82ce63fd\"><strong>RESOLU\u00c7\u00c3O PPGED N\u00b0 04 DE 22 DE JANEIRO DE 2019.<br>EMENTA<\/strong>: Disp\u00f5e sobre os procedimentos de\u00a0<strong>defesa<\/strong>\u00a0de projeto de Disserta\u00e7\u00e3o de\u00a0<strong>Mestrado<\/strong>\u00a0e tese de\u00a0<strong>Doutorado<\/strong>\u00a0no Programa de P\u00f3s-Gradua\u00e7\u00e3o em Educa\u00e7\u00e3o da Universidade do Estado do Par\u00e1.<br><strong>ARQUIVO COMPLETO:\u00a0<a href=\"https:\/\/propesp.uepa.br\/ppged\/wp-content\/uploads\/resolucoes\/2019\/res_04_2019.pdf\">CLIQUE AQUI!!!<\/a><\/strong><\/p>\n\n\n\n<p class=\"has-ast-global-color-8-color has-text-color has-link-color wp-elements-f2379ffb1ada12628fdb86d446b8e9e3\"><strong>RESOLU\u00c7\u00c3O PPGED N\u00b0 05 DE 22 DE JANEIRO DE 2019.<br>EMENTA:<\/strong>\u00a0Disp\u00f5e sobre os procedimentos para solicita\u00e7\u00e3o de\u00a0<strong>marca\u00e7\u00e3odedefesa<\/strong>\u00a0de projeto de Disserta\u00e7\u00e3o de Mestrado e tese de Doutorado no Programa de P\u00f3s-Gradua\u00e7\u00e3o em Educa\u00e7\u00e3o da Universidade do Estado do Par\u00e1.<br><strong>ARQUIVO COMPLETO:\u00a0<a href=\"https:\/\/propesp.uepa.br\/ppged\/wp-content\/uploads\/resolucoes\/2019\/res_05_2019.pdf\">CLIQUE AQUI!!!<\/a><\/strong><\/p>\n\n\n\n<p class=\"has-ast-global-color-8-color has-text-color has-link-color wp-elements-6a667738c4a15dac5f476ca744daa79c\"><strong>RESOLU\u00c7\u00c3O PPGED N\u00ba 10 de 03 DE MAIO DE 2022<br>Ementa: Revisa a Resolu\u00e7\u00e3o PPGED N<sup>o<\/sup>&nbsp;02\/2019&nbsp;<\/strong>que disp\u00f5e sobre os procedimentos para solicita\u00e7\u00e3o de&nbsp;<strong>marca\u00e7\u00e3o de defesa<\/strong>&nbsp;de Disserta\u00e7\u00e3o de Mestrado e Tese de Doutorado no Programa de P\u00f3s-Gradua\u00e7\u00e3o em Educa\u00e7\u00e3o da Universidade do Estado do Par\u00e1.<br><strong>ARQUIVO COMPLETO:&nbsp;<a href=\"https:\/\/propesp.uepa.br\/ppged\/wp-content\/uploads\/2025\/12\/Resolucao-PPGED-10-_Marcacao-de-defesa_ALTERADA_02_05.pdf\">CLIQUE AQUI!!!<\/a><\/strong><\/p>\n\n\n\n<p class=\"has-ast-global-color-8-color has-text-color has-link-color wp-elements-93697934bf631e797ffd9bd8c25d76df\"><\/p>\n\n\n\n<p class=\"has-ast-global-color-8-color has-text-color has-link-color wp-elements-93697934bf631e797ffd9bd8c25d76df\"><\/p>\n\n\n\n<p class=\"has-ast-global-color-8-color has-text-color has-link-color wp-elements-93697934bf631e797ffd9bd8c25d76df\"><\/p>\n","protected":false},"excerpt":{"rendered":"<p>RESOLU\u00c7\u00c3O PPGED N\u00b0 04 DE 22 DE JANEIRO DE 2019.EMENTA: Disp\u00f5e sobre os procedimentos de\u00a0defesa\u00a0de projeto de Disserta\u00e7\u00e3o de\u00a0Mestrado\u00a0e tese de\u00a0Doutorado\u00a0no Programa de P\u00f3s-Gradua\u00e7\u00e3o em Educa\u00e7\u00e3o da Universidade do Estado do Par\u00e1.ARQUIVO COMPLETO:\u00a0CLIQUE AQUI!!! RESOLU\u00c7\u00c3O PPGED N\u00b0 05 DE 22 DE JANEIRO DE 2019.EMENTA:\u00a0Disp\u00f5e sobre os procedimentos para solicita\u00e7\u00e3o de\u00a0marca\u00e7\u00e3odedefesa\u00a0de projeto de Disserta\u00e7\u00e3o de Mestrado [&hellip;]<\/p>\n","protected":false},"author":6,"featured_media":0,"parent":0,"menu_order":0,"comment_status":"closed","ping_status":"closed","template":"","meta":{"_uag_custom_page_level_css":"","site-sidebar-layout":"default","site-content-layout":"","ast-site-content-layout":"","site-content-style":"default","site-sidebar-style":"default","ast-global-header-display":"","ast-banner-title-visibility":"","ast-main-header-display":"","ast-hfb-above-header-display":"","ast-hfb-below-header-display":"","ast-hfb-mobile-header-display":"","site-post-title":"","ast-breadcrumbs-content":"","ast-featured-img":"","footer-sml-layout":"","theme-transparent-header-meta":"","adv-header-id-meta":"","stick-header-meta":"","header-above-stick-meta":"","header-main-stick-meta":"","header-below-stick-meta":"","astra-migrate-meta-layouts":"default","ast-page-background-enabled":"default","ast-page-background-meta":{"desktop":{"background-color":"var(--ast-global-color-4)","background-image":"","background-repeat":"repeat","background-position":"center center","background-size":"auto","background-attachment":"scroll","background-type":"","background-media":"","overlay-type":"","overlay-color":"","overlay-gradient":""},"tablet":{"background-color":"","background-image":"","background-repeat":"repeat","background-position":"center center","background-size":"auto","background-attachment":"scroll","background-type":"","background-media":"","overlay-type":"","overlay-color":"","overlay-gradient":""},"mobile":{"background-color":"","background-image":"","background-repeat":"repeat","background-position":"center center","background-size":"auto","background-attachment":"scroll","background-type":"","background-media":"","overlay-type":"","overlay-color":"","overlay-gradient":""}},"ast-content-background-meta":{"desktop":{"background-color":"var(--ast-global-color-5)","background-image":"","background-repeat":"repeat","background-position":"center center","background-size":"auto","background-attachment":"scroll","background-type":"","background-media":"","overlay-type":"","overlay-color":"","overlay-gradient":""},"tablet":{"background-color":"var(--ast-global-color-5)","background-image":"","background-repeat":"repeat","background-position":"center center","background-size":"auto","background-attachment":"scroll","background-type":"","background-media":"","overlay-type":"","overlay-color":"","overlay-gradient":""},"mobile":{"background-color":"var(--ast-global-color-5)","background-image":"","background-repeat":"repeat","background-position":"center center","background-size":"auto","background-attachment":"scroll","background-type":"","background-media":"","overlay-type":"","overlay-color":"","overlay-gradient":""}},"footnotes":""},"class_list":["post-11746","page","type-page","status-publish","hentry"],"uagb_featured_image_src":{"full":false,"thumbnail":false,"medium":false,"medium_large":false,"large":false,"1536x1536":false,"2048x2048":false},"uagb_author_info":{"display_name":"m.oliveiracosta@aluno.uepa.br","author_link":"https:\/\/propesp.uepa.br\/ppged\/author\/m-oliveiracostaaluno-uepa-br\/"},"uagb_comment_info":0,"uagb_excerpt":"RESOLU\u00c7\u00c3O PPGED N\u00b0 04 DE 22 DE JANEIRO DE 2019.EMENTA: Disp\u00f5e sobre os procedimentos de\u00a0defesa\u00a0de projeto de Disserta\u00e7\u00e3o de\u00a0Mestrado\u00a0e tese de\u00a0Doutorado\u00a0no Programa de P\u00f3s-Gradua\u00e7\u00e3o em Educa\u00e7\u00e3o da Universidade do Estado do Par\u00e1.ARQUIVO COMPLETO:\u00a0CLIQUE AQUI!!! RESOLU\u00c7\u00c3O PPGED N\u00b0 05 DE 22 DE JANEIRO DE 2019.EMENTA:\u00a0Disp\u00f5e sobre os procedimentos para solicita\u00e7\u00e3o de\u00a0marca\u00e7\u00e3odedefesa\u00a0de projeto de Disserta\u00e7\u00e3o de Mestrado&hellip;","_links":{"self":[{"href":"https:\/\/propesp.uepa.br\/ppged\/wp-json\/wp\/v2\/pages\/11746","targetHints":{"allow":["GET"]}}],"collection":[{"href":"https:\/\/propesp.uepa.br\/ppged\/wp-json\/wp\/v2\/pages"}],"about":[{"href":"https:\/\/propesp.uepa.br\/ppged\/wp-json\/wp\/v2\/types\/page"}],"author":[{"embeddable":true,"href":"https:\/\/propesp.uepa.br\/ppged\/wp-json\/wp\/v2\/users\/6"}],"replies":[{"embeddable":true,"href":"https:\/\/propesp.uepa.br\/ppged\/wp-json\/wp\/v2\/comments?post=11746"}],"version-history":[{"count":1,"href":"https:\/\/propesp.uepa.br\/ppged\/wp-json\/wp\/v2\/pages\/11746\/revisions"}],"predecessor-version":[{"id":11747,"href":"https:\/\/propesp.uepa.br\/ppged\/wp-json\/wp\/v2\/pages\/11746\/revisions\/11747"}],"wp:attachment":[{"href":"https:\/\/propesp.uepa.br\/ppged\/wp-json\/wp\/v2\/media?parent=11746"}],"curies":[{"name":"wp","href":"https:\/\/api.w.org\/{rel}","templated":true}]}}