{"id":11759,"date":"2026-01-22T20:38:18","date_gmt":"2026-01-22T23:38:18","guid":{"rendered":"https:\/\/propesp.uepa.br\/ppged\/?page_id=11759"},"modified":"2026-01-23T15:21:28","modified_gmt":"2026-01-23T18:21:28","slug":"colegiado","status":"publish","type":"page","link":"https:\/\/propesp.uepa.br\/ppged\/colegiado\/","title":{"rendered":"Colegiado"},"content":{"rendered":"\n<p class=\"has-text-align-center has-ast-global-color-8-color has-text-color has-link-color wp-elements-9a899076fe050911e7f0bdbdbe58403d\"><strong>PORTARIAS<\/strong><\/p>\n\n\n\n<p class=\"has-ast-global-color-8-color has-text-color has-link-color wp-elements-5a2499d571d9644abe16d2f69050069e\"><strong>PORTARIA N\u00ba 01\/2022-PPGED-CCSE-UEPA, DE 15 DE FEVEREIRO 2022<\/strong><br><strong>Ementa:<\/strong> Designar docentes e discentes para compor as C\u00e2maras do Colegiado do Programa de&nbsp;P\u00f3s-gradua\u00e7\u00e3o&nbsp;em Educa\u00e7\u00e3<strong>o<\/strong><br><strong><strong>ARQUIVO COMPLETO:&nbsp;<a href=\"https:\/\/propesp.uepa.br\/ppged\/wp-content\/uploads\/resolucoes\/2022\/portaria_01_2022.pdf\">CLIQUE AQUI!!!<\/a><\/strong><\/strong><\/p>\n\n\n\n<p class=\"has-ast-global-color-8-color has-text-color has-link-color wp-elements-dabdf800160e69851337bdf54da04f0b\"><strong>PORTARIA N\u00ba 01\/2024-PPGED-CCSE-UEPA, DE 04 DE ABRIL DE 2024<\/strong><br><strong>Ementa:<\/strong> Designar docentes e discentes para compor o quadro de Membros do Colegiado.<br><strong><strong>ARQUIVO COMPLETO:&nbsp;<a href=\"https:\/\/propesp.uepa.br\/ppged\/wp-content\/uploads\/2024\/04\/PORTARIA_N1_2024_Membros_Colegiado_assinado-1.pdf\">CLIQUE AQUI!!!<\/a><\/strong><\/strong><\/p>\n\n\n\n<p class=\"has-ast-global-color-8-color has-text-color has-link-color wp-elements-439000642a04ad50c15717deefa88be4\"><strong>PORTARIA N\u00ba 06\/2024-PPGED-CCSE-UEPA, DE 27 DE JUNHO DE 2024<\/strong><br><strong>Ementa:<\/strong> Revoga a Portaria N\u00ba 01\/2024 e designa docentes e discentes a compor o quadro de Membros do Colegiado.<br><strong><strong>ARQUIVO COMPLETO:&nbsp;<a href=\"https:\/\/propesp.uepa.br\/ppged\/wp-content\/uploads\/2024\/06\/POR-06.pdf\">CLIQUE AQUI!!!<\/a><\/strong><\/strong><\/p>\n\n\n\n<p class=\"has-ast-global-color-8-color has-text-color has-link-color wp-elements-035a217026150e212a412419e216574e\"><strong>PORTARIA N\u00ba 03\/2025-PPGED-CCSE-UEPA, DE 15 DE MAIO DE 202<\/strong>5<br><strong>Ementa:<\/strong> Revoga a Portaria N\u00ba 06\/2024 e designa docentes e discentes a compor o quadro de Membros do Colegiado.<br><strong><strong>ARQUIVO COMPLETO:\u00a0<a href=\"https:\/\/propesp.uepa.br\/ppged\/wp-content\/uploads\/2025\/05\/Portaria-3-ppged.pdf\">CLIQUE AQUI!!!<\/a><\/strong><\/strong><\/p>\n\n\n\n<p><\/p>\n","protected":false},"excerpt":{"rendered":"<p>PORTARIAS PORTARIA N\u00ba 01\/2022-PPGED-CCSE-UEPA, DE 15 DE FEVEREIRO 2022Ementa: Designar docentes e discentes para compor as C\u00e2maras do Colegiado do Programa de&nbsp;P\u00f3s-gradua\u00e7\u00e3o&nbsp;em Educa\u00e7\u00e3oARQUIVO COMPLETO:&nbsp;CLIQUE AQUI!!! PORTARIA N\u00ba 01\/2024-PPGED-CCSE-UEPA, DE 04 DE ABRIL DE 2024Ementa: Designar docentes e discentes para compor o quadro de Membros do Colegiado.ARQUIVO COMPLETO:&nbsp;CLIQUE AQUI!!! PORTARIA N\u00ba 06\/2024-PPGED-CCSE-UEPA, DE 27 DE JUNHO [&hellip;]<\/p>\n","protected":false},"author":6,"featured_media":0,"parent":0,"menu_order":0,"comment_status":"closed","ping_status":"closed","template":"","meta":{"_uag_custom_page_level_css":"","site-sidebar-layout":"default","site-content-layout":"","ast-site-content-layout":"","site-content-style":"default","site-sidebar-style":"default","ast-global-header-display":"","ast-banner-title-visibility":"","ast-main-header-display":"","ast-hfb-above-header-display":"","ast-hfb-below-header-display":"","ast-hfb-mobile-header-display":"","site-post-title":"","ast-breadcrumbs-content":"","ast-featured-img":"","footer-sml-layout":"","theme-transparent-header-meta":"","adv-header-id-meta":"","stick-header-meta":"","header-above-stick-meta":"","header-main-stick-meta":"","header-below-stick-meta":"","astra-migrate-meta-layouts":"default","ast-page-background-enabled":"default","ast-page-background-meta":{"desktop":{"background-color":"var(--ast-global-color-4)","background-image":"","background-repeat":"repeat","background-position":"center center","background-size":"auto","background-attachment":"scroll","background-type":"","background-media":"","overlay-type":"","overlay-color":"","overlay-gradient":""},"tablet":{"background-color":"","background-image":"","background-repeat":"repeat","background-position":"center center","background-size":"auto","background-attachment":"scroll","background-type":"","background-media":"","overlay-type":"","overlay-color":"","overlay-gradient":""},"mobile":{"background-color":"","background-image":"","background-repeat":"repeat","background-position":"center center","background-size":"auto","background-attachment":"scroll","background-type":"","background-media":"","overlay-type":"","overlay-color":"","overlay-gradient":""}},"ast-content-background-meta":{"desktop":{"background-color":"var(--ast-global-color-5)","background-image":"","background-repeat":"repeat","background-position":"center center","background-size":"auto","background-attachment":"scroll","background-type":"","background-media":"","overlay-type":"","overlay-color":"","overlay-gradient":""},"tablet":{"background-color":"var(--ast-global-color-5)","background-image":"","background-repeat":"repeat","background-position":"center center","background-size":"auto","background-attachment":"scroll","background-type":"","background-media":"","overlay-type":"","overlay-color":"","overlay-gradient":""},"mobile":{"background-color":"var(--ast-global-color-5)","background-image":"","background-repeat":"repeat","background-position":"center center","background-size":"auto","background-attachment":"scroll","background-type":"","background-media":"","overlay-type":"","overlay-color":"","overlay-gradient":""}},"footnotes":""},"class_list":["post-11759","page","type-page","status-publish","hentry"],"uagb_featured_image_src":{"full":false,"thumbnail":false,"medium":false,"medium_large":false,"large":false,"1536x1536":false,"2048x2048":false},"uagb_author_info":{"display_name":"m.oliveiracosta@aluno.uepa.br","author_link":"https:\/\/propesp.uepa.br\/ppged\/author\/m-oliveiracostaaluno-uepa-br\/"},"uagb_comment_info":0,"uagb_excerpt":"PORTARIAS PORTARIA N\u00ba 01\/2022-PPGED-CCSE-UEPA, DE 15 DE FEVEREIRO 2022Ementa: Designar docentes e discentes para compor as C\u00e2maras do Colegiado do Programa de&nbsp;P\u00f3s-gradua\u00e7\u00e3o&nbsp;em Educa\u00e7\u00e3oARQUIVO COMPLETO:&nbsp;CLIQUE AQUI!!! PORTARIA N\u00ba 01\/2024-PPGED-CCSE-UEPA, DE 04 DE ABRIL DE 2024Ementa: Designar docentes e discentes para compor o quadro de Membros do Colegiado.ARQUIVO COMPLETO:&nbsp;CLIQUE AQUI!!! PORTARIA N\u00ba 06\/2024-PPGED-CCSE-UEPA, DE 27 DE JUNHO&hellip;","_links":{"self":[{"href":"https:\/\/propesp.uepa.br\/ppged\/wp-json\/wp\/v2\/pages\/11759","targetHints":{"allow":["GET"]}}],"collection":[{"href":"https:\/\/propesp.uepa.br\/ppged\/wp-json\/wp\/v2\/pages"}],"about":[{"href":"https:\/\/propesp.uepa.br\/ppged\/wp-json\/wp\/v2\/types\/page"}],"author":[{"embeddable":true,"href":"https:\/\/propesp.uepa.br\/ppged\/wp-json\/wp\/v2\/users\/6"}],"replies":[{"embeddable":true,"href":"https:\/\/propesp.uepa.br\/ppged\/wp-json\/wp\/v2\/comments?post=11759"}],"version-history":[{"count":3,"href":"https:\/\/propesp.uepa.br\/ppged\/wp-json\/wp\/v2\/pages\/11759\/revisions"}],"predecessor-version":[{"id":11805,"href":"https:\/\/propesp.uepa.br\/ppged\/wp-json\/wp\/v2\/pages\/11759\/revisions\/11805"}],"wp:attachment":[{"href":"https:\/\/propesp.uepa.br\/ppged\/wp-json\/wp\/v2\/media?parent=11759"}],"curies":[{"name":"wp","href":"https:\/\/api.w.org\/{rel}","templated":true}]}}