{"id":11765,"date":"2026-01-22T21:01:06","date_gmt":"2026-01-23T00:01:06","guid":{"rendered":"https:\/\/propesp.uepa.br\/ppged\/?page_id=11765"},"modified":"2026-01-22T21:01:06","modified_gmt":"2026-01-23T00:01:06","slug":"comissao-de-autoavaliacao","status":"publish","type":"page","link":"https:\/\/propesp.uepa.br\/ppged\/comissao-de-autoavaliacao\/","title":{"rendered":"COMISS\u00c3O DE AUTOAVALIA\u00c7\u00c3O"},"content":{"rendered":"\n<p class=\"has-ast-global-color-8-color has-text-color has-link-color wp-elements-945e02bb45b33c6f5140d6965b5f018e\"><strong>PORTARIA N\u00ba 01\/2023-PPGED-CCSE-UEPA, DE 17 DE JANEIRO DE 2023<\/strong><br>Designar docentes para compor a Comiss\u00e3o de Autoavaliac\u00e3o&nbsp; do Programa de&nbsp;P\u00f3s-gradua\u00e7\u00e3o&nbsp;em Educa\u00e7\u00e3o<br><strong><\/strong><a href=\"https:\/\/propesp.uepa.br\/ppged\/wp-content\/uploads\/2024\/09\/CamScanner178.pdf\"><strong>ARQUIVO COMPLETO: CLIQUE AQUI!!!<\/strong><\/a><\/p>\n\n\n\n<p class=\"has-ast-global-color-8-color has-text-color has-link-color wp-elements-94e12ceb645ce9e160856cc5757eb67c\"><strong>PORTARIA N\u00ba 05\/2023-PPGED-CCSE-UEPA, DE 09 DE NOVEMBRO DE 2023<\/strong><br>Designar os docentes e discentes para compor a Comiss\u00e3o de Autoavalia\u00e7\u00e3o do Programa de P\u00f3s-Gradua\u00e7\u0103o em Educa\u00e7\u00e3o.<br><strong><strong>ARQUIVO COMPLETO:\u00a0<a href=\"https:\/\/propesp.uepa.br\/ppged\/wp-content\/uploads\/2023\/12\/portaria.pdf\">CLIQUE AQUI!!!<\/a><\/strong><\/strong><\/p>\n\n\n\n<p class=\"has-ast-global-color-8-color has-text-color has-link-color wp-elements-dfaa2c4638ef5a5e66ff88ab5f7811cd\"><strong>PORTARIA N\u00ba 05\/2024-PPGED-CCSE-UEPA, DE 06 DE MAIO DE 202<\/strong>4<br>Nomeia a Comiss\u00e3o de Avalia\u00e7\u00e3o para o Pr\u00eamio Capes de Tese 2024.<br><strong><strong>ARQUIVO COMPLETO:\u00a0<a href=\"https:\/\/propesp.uepa.br\/ppged\/wp-content\/uploads\/2024\/05\/PORTARIA_N%C2%B0_05_2024_assinado.pdf\">CLIQUE AQUI!!!<\/a><\/strong><\/strong><\/p>\n\n\n\n<p class=\"has-ast-global-color-8-color has-text-color has-link-color wp-elements-14dbf16a369b4b9dfbae2cbcc1df922f\"><strong>PORTARIA N\u00ba 07\/2024-PPGED-CCSE-UEPA, DE 06 DE SETEMBRO DE 202<\/strong>4<br>Revogar a Comiss\u00e3o de Autovalia\u00e7\u00e3o nomeada pela Portaria n\u00ba 05\/2023 e nomear os docentes e discentes abaixo relacionados para comporem a Comiss\u00e3o de Autovalia\u00e7\u00e3o do Programa de P\u00f3s-Gradua\u00e7\u00e4o em Educa\u00e7\u00e3o.<br><strong><strong>ARQUIVO COMPLETO:\u00a0<a href=\"https:\/\/propesp.uepa.br\/ppged\/wp-content\/uploads\/2024\/12\/PORTARIA_NB0_07_2024_assinado-1-1.pdf\">CLIQUE AQUI!!!<\/a><\/strong><\/strong><\/p>\n\n\n\n<p class=\"has-ast-global-color-8-color has-text-color has-link-color wp-elements-d8b406debfbbe334be6bd8e6681b4f93\"><strong>PORTARIA N\u00ba 01\/2025-PPGED-CCSE-UEPA, DE 25 DE FEVEREIRO DE 202<\/strong>5<br>Revogar as Portaria n\u00ba 05\/2023 e Portaria n\u00ba 07\/2024 e nomear os docentes e discentes para comporem a Comiss\u00e3o de Autovalia\u00e7\u00e3o do Programa de P\u00f3s-Gradua\u00e7\u00e4o em Educa\u00e7\u00e3o.<br><strong><strong>ARQUIVO COMPLETO:\u00a0<a href=\"https:\/\/propesp.uepa.br\/ppged\/wp-content\/uploads\/2025\/02\/PORTARIA_N_C2_B0_01_2025_Comissao_de_autoavaliacao_assinado-1-1.pdf\">CLIQUE AQUI!!!<\/a><\/strong><\/strong><\/p>\n\n\n\n<p class=\"has-ast-global-color-8-color has-text-color has-link-color wp-elements-4c74843a3d85b13a88cfe1d48dcea998\"><strong>PORTARIA N\u00ba 02\/2025-PPGED-CCSE-UEPA, DE 22 DE ABRIL DE 202<\/strong>5<br>Nomeia a Comiss\u00e3o de Avalia\u00e7\u00e3o para Pr\u00eamio CAPES de Tese 2025.<br><strong><strong>ARQUIVO COMPLETO:\u00a0<a href=\"https:\/\/propesp.uepa.br\/ppged\/wp-content\/uploads\/2025\/04\/portaria-comissao-premio-capes-de-tese.pdf\">CLIQUE AQUI!!!<\/a><\/strong><\/strong><\/p>\n","protected":false},"excerpt":{"rendered":"<p>PORTARIA N\u00ba 01\/2023-PPGED-CCSE-UEPA, DE 17 DE JANEIRO DE 2023Designar docentes para compor a Comiss\u00e3o de Autoavaliac\u00e3o&nbsp; do Programa de&nbsp;P\u00f3s-gradua\u00e7\u00e3o&nbsp;em Educa\u00e7\u00e3oARQUIVO COMPLETO: CLIQUE AQUI!!! PORTARIA N\u00ba 05\/2023-PPGED-CCSE-UEPA, DE 09 DE NOVEMBRO DE 2023Designar os docentes e discentes para compor a Comiss\u00e3o de Autoavalia\u00e7\u00e3o do Programa de P\u00f3s-Gradua\u00e7\u0103o em Educa\u00e7\u00e3o.ARQUIVO COMPLETO:\u00a0CLIQUE AQUI!!! PORTARIA N\u00ba 05\/2024-PPGED-CCSE-UEPA, DE 06 [&hellip;]<\/p>\n","protected":false},"author":6,"featured_media":0,"parent":0,"menu_order":0,"comment_status":"closed","ping_status":"closed","template":"","meta":{"_uag_custom_page_level_css":"","site-sidebar-layout":"default","site-content-layout":"","ast-site-content-layout":"","site-content-style":"default","site-sidebar-style":"default","ast-global-header-display":"","ast-banner-title-visibility":"","ast-main-header-display":"","ast-hfb-above-header-display":"","ast-hfb-below-header-display":"","ast-hfb-mobile-header-display":"","site-post-title":"","ast-breadcrumbs-content":"","ast-featured-img":"","footer-sml-layout":"","theme-transparent-header-meta":"","adv-header-id-meta":"","stick-header-meta":"","header-above-stick-meta":"","header-main-stick-meta":"","header-below-stick-meta":"","astra-migrate-meta-layouts":"default","ast-page-background-enabled":"default","ast-page-background-meta":{"desktop":{"background-color":"var(--ast-global-color-4)","background-image":"","background-repeat":"repeat","background-position":"center center","background-size":"auto","background-attachment":"scroll","background-type":"","background-media":"","overlay-type":"","overlay-color":"","overlay-gradient":""},"tablet":{"background-color":"","background-image":"","background-repeat":"repeat","background-position":"center center","background-size":"auto","background-attachment":"scroll","background-type":"","background-media":"","overlay-type":"","overlay-color":"","overlay-gradient":""},"mobile":{"background-color":"","background-image":"","background-repeat":"repeat","background-position":"center center","background-size":"auto","background-attachment":"scroll","background-type":"","background-media":"","overlay-type":"","overlay-color":"","overlay-gradient":""}},"ast-content-background-meta":{"desktop":{"background-color":"var(--ast-global-color-5)","background-image":"","background-repeat":"repeat","background-position":"center center","background-size":"auto","background-attachment":"scroll","background-type":"","background-media":"","overlay-type":"","overlay-color":"","overlay-gradient":""},"tablet":{"background-color":"var(--ast-global-color-5)","background-image":"","background-repeat":"repeat","background-position":"center center","background-size":"auto","background-attachment":"scroll","background-type":"","background-media":"","overlay-type":"","overlay-color":"","overlay-gradient":""},"mobile":{"background-color":"var(--ast-global-color-5)","background-image":"","background-repeat":"repeat","background-position":"center center","background-size":"auto","background-attachment":"scroll","background-type":"","background-media":"","overlay-type":"","overlay-color":"","overlay-gradient":""}},"footnotes":""},"class_list":["post-11765","page","type-page","status-publish","hentry"],"uagb_featured_image_src":{"full":false,"thumbnail":false,"medium":false,"medium_large":false,"large":false,"1536x1536":false,"2048x2048":false},"uagb_author_info":{"display_name":"m.oliveiracosta@aluno.uepa.br","author_link":"https:\/\/propesp.uepa.br\/ppged\/author\/m-oliveiracostaaluno-uepa-br\/"},"uagb_comment_info":0,"uagb_excerpt":"PORTARIA N\u00ba 01\/2023-PPGED-CCSE-UEPA, DE 17 DE JANEIRO DE 2023Designar docentes para compor a Comiss\u00e3o de Autoavaliac\u00e3o&nbsp; do Programa de&nbsp;P\u00f3s-gradua\u00e7\u00e3o&nbsp;em Educa\u00e7\u00e3oARQUIVO COMPLETO: CLIQUE AQUI!!! PORTARIA N\u00ba 05\/2023-PPGED-CCSE-UEPA, DE 09 DE NOVEMBRO DE 2023Designar os docentes e discentes para compor a Comiss\u00e3o de Autoavalia\u00e7\u00e3o do Programa de P\u00f3s-Gradua\u00e7\u0103o em Educa\u00e7\u00e3o.ARQUIVO COMPLETO:\u00a0CLIQUE AQUI!!! PORTARIA N\u00ba 05\/2024-PPGED-CCSE-UEPA, DE 06&hellip;","_links":{"self":[{"href":"https:\/\/propesp.uepa.br\/ppged\/wp-json\/wp\/v2\/pages\/11765","targetHints":{"allow":["GET"]}}],"collection":[{"href":"https:\/\/propesp.uepa.br\/ppged\/wp-json\/wp\/v2\/pages"}],"about":[{"href":"https:\/\/propesp.uepa.br\/ppged\/wp-json\/wp\/v2\/types\/page"}],"author":[{"embeddable":true,"href":"https:\/\/propesp.uepa.br\/ppged\/wp-json\/wp\/v2\/users\/6"}],"replies":[{"embeddable":true,"href":"https:\/\/propesp.uepa.br\/ppged\/wp-json\/wp\/v2\/comments?post=11765"}],"version-history":[{"count":1,"href":"https:\/\/propesp.uepa.br\/ppged\/wp-json\/wp\/v2\/pages\/11765\/revisions"}],"predecessor-version":[{"id":11766,"href":"https:\/\/propesp.uepa.br\/ppged\/wp-json\/wp\/v2\/pages\/11765\/revisions\/11766"}],"wp:attachment":[{"href":"https:\/\/propesp.uepa.br\/ppged\/wp-json\/wp\/v2\/media?parent=11765"}],"curies":[{"name":"wp","href":"https:\/\/api.w.org\/{rel}","templated":true}]}}