{"id":11771,"date":"2026-01-22T21:11:23","date_gmt":"2026-01-23T00:11:23","guid":{"rendered":"https:\/\/propesp.uepa.br\/ppged\/?page_id=11771"},"modified":"2026-03-25T09:53:14","modified_gmt":"2026-03-25T12:53:14","slug":"camara-de-gestao","status":"publish","type":"page","link":"https:\/\/propesp.uepa.br\/ppged\/camara-de-gestao\/","title":{"rendered":"C\u00e2mara de Gest\u00e3o"},"content":{"rendered":"\n<p><mark style=\"background-color:rgba(0, 0, 0, 0);color:#000000\" class=\"has-inline-color\"><strong>PORTARIA PPGED N\u00ba 03\/2026 DE 24 DE MAR\u00c7O DE 2026<br><\/strong>Nomear os Docentes para compor a C\u00e2mara de Gest\u00e3o no per\u00edodo de 2026.<br><strong>ARQUIVO COMPLETO:<\/strong><\/mark> <a href=\"https:\/\/propesp.uepa.br\/ppged\/wp-content\/uploads\/2026\/03\/portaria-cam-de-gestao.pdf\">CLIQUE AQUI<\/a><\/p>\n\n\n\n<p class=\"has-ast-global-color-8-color has-text-color has-link-color wp-elements-83b8532e8634d3755f76f1d0ce90e72e\"><strong>PORTARIA PPGED N\u00ba 05A\/2025, 28 DE JULHO DE 2025<\/strong><br>Revoga a a Portaria de N.\u00ba 02\/2024-PPGED, e designar os Docentes e Discente para compor a C\u00e2mara de Gest\u00e3o.<br><strong>ARQUIVO COMPLETO: <a href=\"https:\/\/propesp.uepa.br\/ppged\/wp-content\/uploads\/2025\/08\/portaria_05_2025-Membros_da_Camra_de_Gestao-_Copia_assinado-1.pdf\">CLIQUE AQUI!!!<\/a><\/strong><\/p>\n\n\n\n<p class=\"has-ast-global-color-8-color has-text-color has-link-color wp-elements-0ba1e55cab5e4c7ded9337b539c86b9e\"><strong>PORTARIA PPGED N\u00ba 2\/2024, 04 DE ABRIL DE 2024<\/strong><br>Designar os Docentes e Discentes para compor a C\u00e2mara de Gest\u00e3o no per\u00edodo de 2024 a 2026.<br><strong>ARQUIVO COMPLETO: <a href=\"https:\/\/propesp.uepa.br\/ppged\/wp-content\/uploads\/2024\/04\/PORTARIA-2-2024.pdf\">CLIQUE AQUI!!!<\/a><\/strong><\/p>\n\n\n\n<p><\/p>\n","protected":false},"excerpt":{"rendered":"<p>PORTARIA PPGED N\u00ba 03\/2026 DE 24 DE MAR\u00c7O DE 2026Nomear os Docentes para compor a C\u00e2mara de Gest\u00e3o no per\u00edodo de 2026.ARQUIVO COMPLETO: CLIQUE AQUI PORTARIA PPGED N\u00ba 05A\/2025, 28 DE JULHO DE 2025Revoga a a Portaria de N.\u00ba 02\/2024-PPGED, e designar os Docentes e Discente para compor a C\u00e2mara de Gest\u00e3o.ARQUIVO COMPLETO: CLIQUE AQUI!!! [&hellip;]<\/p>\n","protected":false},"author":6,"featured_media":0,"parent":0,"menu_order":0,"comment_status":"closed","ping_status":"closed","template":"","meta":{"_uag_custom_page_level_css":"","site-sidebar-layout":"default","site-content-layout":"","ast-site-content-layout":"","site-content-style":"default","site-sidebar-style":"default","ast-global-header-display":"","ast-banner-title-visibility":"","ast-main-header-display":"","ast-hfb-above-header-display":"","ast-hfb-below-header-display":"","ast-hfb-mobile-header-display":"","site-post-title":"","ast-breadcrumbs-content":"","ast-featured-img":"","footer-sml-layout":"","theme-transparent-header-meta":"","adv-header-id-meta":"","stick-header-meta":"","header-above-stick-meta":"","header-main-stick-meta":"","header-below-stick-meta":"","astra-migrate-meta-layouts":"default","ast-page-background-enabled":"default","ast-page-background-meta":{"desktop":{"background-color":"var(--ast-global-color-4)","background-image":"","background-repeat":"repeat","background-position":"center center","background-size":"auto","background-attachment":"scroll","background-type":"","background-media":"","overlay-type":"","overlay-color":"","overlay-gradient":""},"tablet":{"background-color":"","background-image":"","background-repeat":"repeat","background-position":"center center","background-size":"auto","background-attachment":"scroll","background-type":"","background-media":"","overlay-type":"","overlay-color":"","overlay-gradient":""},"mobile":{"background-color":"","background-image":"","background-repeat":"repeat","background-position":"center center","background-size":"auto","background-attachment":"scroll","background-type":"","background-media":"","overlay-type":"","overlay-color":"","overlay-gradient":""}},"ast-content-background-meta":{"desktop":{"background-color":"var(--ast-global-color-5)","background-image":"","background-repeat":"repeat","background-position":"center center","background-size":"auto","background-attachment":"scroll","background-type":"","background-media":"","overlay-type":"","overlay-color":"","overlay-gradient":""},"tablet":{"background-color":"var(--ast-global-color-5)","background-image":"","background-repeat":"repeat","background-position":"center center","background-size":"auto","background-attachment":"scroll","background-type":"","background-media":"","overlay-type":"","overlay-color":"","overlay-gradient":""},"mobile":{"background-color":"var(--ast-global-color-5)","background-image":"","background-repeat":"repeat","background-position":"center center","background-size":"auto","background-attachment":"scroll","background-type":"","background-media":"","overlay-type":"","overlay-color":"","overlay-gradient":""}},"footnotes":""},"class_list":["post-11771","page","type-page","status-publish","hentry"],"uagb_featured_image_src":{"full":false,"thumbnail":false,"medium":false,"medium_large":false,"large":false,"1536x1536":false,"2048x2048":false},"uagb_author_info":{"display_name":"m.oliveiracosta@aluno.uepa.br","author_link":"https:\/\/propesp.uepa.br\/ppged\/author\/m-oliveiracostaaluno-uepa-br\/"},"uagb_comment_info":0,"uagb_excerpt":"PORTARIA PPGED N\u00ba 03\/2026 DE 24 DE MAR\u00c7O DE 2026Nomear os Docentes para compor a C\u00e2mara de Gest\u00e3o no per\u00edodo de 2026.ARQUIVO COMPLETO: CLIQUE AQUI PORTARIA PPGED N\u00ba 05A\/2025, 28 DE JULHO DE 2025Revoga a a Portaria de N.\u00ba 02\/2024-PPGED, e designar os Docentes e Discente para compor a C\u00e2mara de Gest\u00e3o.ARQUIVO COMPLETO: CLIQUE AQUI!!!&hellip;","_links":{"self":[{"href":"https:\/\/propesp.uepa.br\/ppged\/wp-json\/wp\/v2\/pages\/11771","targetHints":{"allow":["GET"]}}],"collection":[{"href":"https:\/\/propesp.uepa.br\/ppged\/wp-json\/wp\/v2\/pages"}],"about":[{"href":"https:\/\/propesp.uepa.br\/ppged\/wp-json\/wp\/v2\/types\/page"}],"author":[{"embeddable":true,"href":"https:\/\/propesp.uepa.br\/ppged\/wp-json\/wp\/v2\/users\/6"}],"replies":[{"embeddable":true,"href":"https:\/\/propesp.uepa.br\/ppged\/wp-json\/wp\/v2\/comments?post=11771"}],"version-history":[{"count":3,"href":"https:\/\/propesp.uepa.br\/ppged\/wp-json\/wp\/v2\/pages\/11771\/revisions"}],"predecessor-version":[{"id":12009,"href":"https:\/\/propesp.uepa.br\/ppged\/wp-json\/wp\/v2\/pages\/11771\/revisions\/12009"}],"wp:attachment":[{"href":"https:\/\/propesp.uepa.br\/ppged\/wp-json\/wp\/v2\/media?parent=11771"}],"curies":[{"name":"wp","href":"https:\/\/api.w.org\/{rel}","templated":true}]}}