{"id":11775,"date":"2026-01-22T21:17:02","date_gmt":"2026-01-23T00:17:02","guid":{"rendered":"https:\/\/propesp.uepa.br\/ppged\/?page_id=11775"},"modified":"2026-03-25T09:48:29","modified_gmt":"2026-03-25T12:48:29","slug":"camara-de-ensino","status":"publish","type":"page","link":"https:\/\/propesp.uepa.br\/ppged\/camara-de-ensino\/","title":{"rendered":"C\u00e2mara de Ensino"},"content":{"rendered":"\n<p><mark style=\"background-color:rgba(0, 0, 0, 0);color:#000000\" class=\"has-inline-color\"><strong>PORTARIA N\u00ba 02\/2026 &#8211; PPGED-CCSE-UEPA, DE 24 DE MAR\u00c7O DE 2026<\/strong><br>Designar os Docentes para compor a C\u00e2mara de Ensino no per\u00edodo de  2026.<br><strong>ARQUIVO COMPLETO:<\/strong><\/mark> <a href=\"https:\/\/propesp.uepa.br\/ppged\/wp-content\/uploads\/2026\/03\/portaria-cam-de-ensino.pdf\" data-type=\"link\" data-id=\"https:\/\/propesp.uepa.br\/ppged\/wp-content\/uploads\/2026\/03\/portaria-cam-de-ensino.pdf\">CLIQUE AQUI<\/a><\/p>\n\n\n\n<p class=\"has-ast-global-color-8-color has-text-color has-link-color wp-elements-466dd4ea73fd4564c3600f9c0c685e0c\"><strong>PORTARIA N\u00ba 03\/2024-PPGED-CCSE-UEPA, DE 04 DE ABRIL DE 2024<\/strong><br>Designar os Docentes e Discentes para compor a C\u00e2mara de Ensino no per\u00edodo de 2024 a 2026.<br><strong><strong>ARQUIVO COMPLETO:&nbsp;<a href=\"https:\/\/propesp.uepa.br\/ppged\/wp-content\/uploads\/2024\/04\/PORTARIA-3-2024.pdf\">CLIQUE AQUI!!!<\/a><\/strong><\/strong><\/p>\n","protected":false},"excerpt":{"rendered":"<p>PORTARIA N\u00ba 02\/2026 &#8211; PPGED-CCSE-UEPA, DE 24 DE MAR\u00c7O DE 2026Designar os Docentes para compor a C\u00e2mara de Ensino no per\u00edodo de 2026.ARQUIVO COMPLETO: CLIQUE AQUI PORTARIA N\u00ba 03\/2024-PPGED-CCSE-UEPA, DE 04 DE ABRIL DE 2024Designar os Docentes e Discentes para compor a C\u00e2mara de Ensino no per\u00edodo de 2024 a 2026.ARQUIVO COMPLETO:&nbsp;CLIQUE AQUI!!!<\/p>\n","protected":false},"author":6,"featured_media":0,"parent":0,"menu_order":0,"comment_status":"closed","ping_status":"closed","template":"","meta":{"_uag_custom_page_level_css":"","site-sidebar-layout":"default","site-content-layout":"","ast-site-content-layout":"","site-content-style":"default","site-sidebar-style":"default","ast-global-header-display":"","ast-banner-title-visibility":"","ast-main-header-display":"","ast-hfb-above-header-display":"","ast-hfb-below-header-display":"","ast-hfb-mobile-header-display":"","site-post-title":"","ast-breadcrumbs-content":"","ast-featured-img":"","footer-sml-layout":"","theme-transparent-header-meta":"","adv-header-id-meta":"","stick-header-meta":"","header-above-stick-meta":"","header-main-stick-meta":"","header-below-stick-meta":"","astra-migrate-meta-layouts":"default","ast-page-background-enabled":"default","ast-page-background-meta":{"desktop":{"background-color":"var(--ast-global-color-4)","background-image":"","background-repeat":"repeat","background-position":"center center","background-size":"auto","background-attachment":"scroll","background-type":"","background-media":"","overlay-type":"","overlay-color":"","overlay-gradient":""},"tablet":{"background-color":"","background-image":"","background-repeat":"repeat","background-position":"center center","background-size":"auto","background-attachment":"scroll","background-type":"","background-media":"","overlay-type":"","overlay-color":"","overlay-gradient":""},"mobile":{"background-color":"","background-image":"","background-repeat":"repeat","background-position":"center center","background-size":"auto","background-attachment":"scroll","background-type":"","background-media":"","overlay-type":"","overlay-color":"","overlay-gradient":""}},"ast-content-background-meta":{"desktop":{"background-color":"var(--ast-global-color-5)","background-image":"","background-repeat":"repeat","background-position":"center center","background-size":"auto","background-attachment":"scroll","background-type":"","background-media":"","overlay-type":"","overlay-color":"","overlay-gradient":""},"tablet":{"background-color":"var(--ast-global-color-5)","background-image":"","background-repeat":"repeat","background-position":"center center","background-size":"auto","background-attachment":"scroll","background-type":"","background-media":"","overlay-type":"","overlay-color":"","overlay-gradient":""},"mobile":{"background-color":"var(--ast-global-color-5)","background-image":"","background-repeat":"repeat","background-position":"center center","background-size":"auto","background-attachment":"scroll","background-type":"","background-media":"","overlay-type":"","overlay-color":"","overlay-gradient":""}},"footnotes":""},"class_list":["post-11775","page","type-page","status-publish","hentry"],"uagb_featured_image_src":{"full":false,"thumbnail":false,"medium":false,"medium_large":false,"large":false,"1536x1536":false,"2048x2048":false},"uagb_author_info":{"display_name":"m.oliveiracosta@aluno.uepa.br","author_link":"https:\/\/propesp.uepa.br\/ppged\/author\/m-oliveiracostaaluno-uepa-br\/"},"uagb_comment_info":0,"uagb_excerpt":"PORTARIA N\u00ba 02\/2026 &#8211; PPGED-CCSE-UEPA, DE 24 DE MAR\u00c7O DE 2026Designar os Docentes para compor a C\u00e2mara de Ensino no per\u00edodo de 2026.ARQUIVO COMPLETO: CLIQUE AQUI PORTARIA N\u00ba 03\/2024-PPGED-CCSE-UEPA, DE 04 DE ABRIL DE 2024Designar os Docentes e Discentes para compor a C\u00e2mara de Ensino no per\u00edodo de 2024 a 2026.ARQUIVO COMPLETO:&nbsp;CLIQUE AQUI!!!","_links":{"self":[{"href":"https:\/\/propesp.uepa.br\/ppged\/wp-json\/wp\/v2\/pages\/11775","targetHints":{"allow":["GET"]}}],"collection":[{"href":"https:\/\/propesp.uepa.br\/ppged\/wp-json\/wp\/v2\/pages"}],"about":[{"href":"https:\/\/propesp.uepa.br\/ppged\/wp-json\/wp\/v2\/types\/page"}],"author":[{"embeddable":true,"href":"https:\/\/propesp.uepa.br\/ppged\/wp-json\/wp\/v2\/users\/6"}],"replies":[{"embeddable":true,"href":"https:\/\/propesp.uepa.br\/ppged\/wp-json\/wp\/v2\/comments?post=11775"}],"version-history":[{"count":4,"href":"https:\/\/propesp.uepa.br\/ppged\/wp-json\/wp\/v2\/pages\/11775\/revisions"}],"predecessor-version":[{"id":12007,"href":"https:\/\/propesp.uepa.br\/ppged\/wp-json\/wp\/v2\/pages\/11775\/revisions\/12007"}],"wp:attachment":[{"href":"https:\/\/propesp.uepa.br\/ppged\/wp-json\/wp\/v2\/media?parent=11775"}],"curies":[{"name":"wp","href":"https:\/\/api.w.org\/{rel}","templated":true}]}}