{"id":11778,"date":"2026-01-22T21:19:54","date_gmt":"2026-01-23T00:19:54","guid":{"rendered":"https:\/\/propesp.uepa.br\/ppged\/?page_id=11778"},"modified":"2026-01-22T21:19:54","modified_gmt":"2026-01-23T00:19:54","slug":"reformulacao-do-ppc","status":"publish","type":"page","link":"https:\/\/propesp.uepa.br\/ppged\/reformulacao-do-ppc\/","title":{"rendered":"Reformula\u00e7\u00e3o do PPC"},"content":{"rendered":"\n<p class=\"has-ast-global-color-8-color has-text-color has-link-color wp-elements-e6127c5797c59101f4f1ee7623924b8b\"><strong>PORTARIA N\u00ba 04\/2025-PPGED-CCSE-UEPA, DE 29 DE MAIO DE 202<\/strong>5<br>Nomeia a Comiss\u00e3o de Reformula\u00e7\u00e3o PPC Mestrado e Doutorado do<br>PPGED-UEPA.<br><strong><strong>ARQUIVO COMPLETO:\u00a0<a href=\"https:\/\/propesp.uepa.br\/ppged\/wp-content\/uploads\/2025\/05\/PORTARIA_04_2025_assinado.pdf\">CLIQUE AQUI!!!<\/a><\/strong><\/strong><\/p>\n","protected":false},"excerpt":{"rendered":"<p>PORTARIA N\u00ba 04\/2025-PPGED-CCSE-UEPA, DE 29 DE MAIO DE 2025Nomeia a Comiss\u00e3o de Reformula\u00e7\u00e3o PPC Mestrado e Doutorado doPPGED-UEPA.ARQUIVO COMPLETO:\u00a0CLIQUE AQUI!!!<\/p>\n","protected":false},"author":6,"featured_media":0,"parent":0,"menu_order":0,"comment_status":"closed","ping_status":"closed","template":"","meta":{"_uag_custom_page_level_css":"","site-sidebar-layout":"default","site-content-layout":"","ast-site-content-layout":"","site-content-style":"default","site-sidebar-style":"default","ast-global-header-display":"","ast-banner-title-visibility":"","ast-main-header-display":"","ast-hfb-above-header-display":"","ast-hfb-below-header-display":"","ast-hfb-mobile-header-display":"","site-post-title":"","ast-breadcrumbs-content":"","ast-featured-img":"","footer-sml-layout":"","theme-transparent-header-meta":"","adv-header-id-meta":"","stick-header-meta":"","header-above-stick-meta":"","header-main-stick-meta":"","header-below-stick-meta":"","astra-migrate-meta-layouts":"default","ast-page-background-enabled":"default","ast-page-background-meta":{"desktop":{"background-color":"var(--ast-global-color-4)","background-image":"","background-repeat":"repeat","background-position":"center center","background-size":"auto","background-attachment":"scroll","background-type":"","background-media":"","overlay-type":"","overlay-color":"","overlay-gradient":""},"tablet":{"background-color":"","background-image":"","background-repeat":"repeat","background-position":"center center","background-size":"auto","background-attachment":"scroll","background-type":"","background-media":"","overlay-type":"","overlay-color":"","overlay-gradient":""},"mobile":{"background-color":"","background-image":"","background-repeat":"repeat","background-position":"center center","background-size":"auto","background-attachment":"scroll","background-type":"","background-media":"","overlay-type":"","overlay-color":"","overlay-gradient":""}},"ast-content-background-meta":{"desktop":{"background-color":"var(--ast-global-color-5)","background-image":"","background-repeat":"repeat","background-position":"center center","background-size":"auto","background-attachment":"scroll","background-type":"","background-media":"","overlay-type":"","overlay-color":"","overlay-gradient":""},"tablet":{"background-color":"var(--ast-global-color-5)","background-image":"","background-repeat":"repeat","background-position":"center center","background-size":"auto","background-attachment":"scroll","background-type":"","background-media":"","overlay-type":"","overlay-color":"","overlay-gradient":""},"mobile":{"background-color":"var(--ast-global-color-5)","background-image":"","background-repeat":"repeat","background-position":"center center","background-size":"auto","background-attachment":"scroll","background-type":"","background-media":"","overlay-type":"","overlay-color":"","overlay-gradient":""}},"footnotes":""},"class_list":["post-11778","page","type-page","status-publish","hentry"],"uagb_featured_image_src":{"full":false,"thumbnail":false,"medium":false,"medium_large":false,"large":false,"1536x1536":false,"2048x2048":false},"uagb_author_info":{"display_name":"m.oliveiracosta@aluno.uepa.br","author_link":"https:\/\/propesp.uepa.br\/ppged\/author\/m-oliveiracostaaluno-uepa-br\/"},"uagb_comment_info":0,"uagb_excerpt":"PORTARIA N\u00ba 04\/2025-PPGED-CCSE-UEPA, DE 29 DE MAIO DE 2025Nomeia a Comiss\u00e3o de Reformula\u00e7\u00e3o PPC Mestrado e Doutorado doPPGED-UEPA.ARQUIVO COMPLETO:\u00a0CLIQUE AQUI!!!","_links":{"self":[{"href":"https:\/\/propesp.uepa.br\/ppged\/wp-json\/wp\/v2\/pages\/11778","targetHints":{"allow":["GET"]}}],"collection":[{"href":"https:\/\/propesp.uepa.br\/ppged\/wp-json\/wp\/v2\/pages"}],"about":[{"href":"https:\/\/propesp.uepa.br\/ppged\/wp-json\/wp\/v2\/types\/page"}],"author":[{"embeddable":true,"href":"https:\/\/propesp.uepa.br\/ppged\/wp-json\/wp\/v2\/users\/6"}],"replies":[{"embeddable":true,"href":"https:\/\/propesp.uepa.br\/ppged\/wp-json\/wp\/v2\/comments?post=11778"}],"version-history":[{"count":1,"href":"https:\/\/propesp.uepa.br\/ppged\/wp-json\/wp\/v2\/pages\/11778\/revisions"}],"predecessor-version":[{"id":11780,"href":"https:\/\/propesp.uepa.br\/ppged\/wp-json\/wp\/v2\/pages\/11778\/revisions\/11780"}],"wp:attachment":[{"href":"https:\/\/propesp.uepa.br\/ppged\/wp-json\/wp\/v2\/media?parent=11778"}],"curies":[{"name":"wp","href":"https:\/\/api.w.org\/{rel}","templated":true}]}}