{"id":140,"date":"2016-12-14T14:04:58","date_gmt":"2016-12-14T17:04:58","guid":{"rendered":"http:\/\/ccse.uepa.br\/mestradoeducacao\/?page_id=140"},"modified":"2025-08-12T09:19:26","modified_gmt":"2025-08-12T12:19:26","slug":"producoes-academicas-2","status":"publish","type":"page","link":"https:\/\/propesp.uepa.br\/ppged\/producoes-academicas-2\/","title":{"rendered":"Produ\u00e7\u00f5es Acad\u00eamicas"},"content":{"rendered":"\n<div class=\"wp-block-uagb-container uagb-block-a071781c alignfull uagb-is-root-container\"><div class=\"uagb-container-inner-blocks-wrap\">\n<figure class=\"wp-block-image aligncenter is-resized\"><img decoding=\"async\" src=\"https:\/\/propesp.uepa.br\/ppged\/wp-content\/uploads\/2016\/12\/SecretariaEducao-e1481899986636.jpg\" alt=\"\" class=\"wp-image-298\" style=\"aspect-ratio:1.332046332046332;width:329px;height:auto\"\/><\/figure>\n\n\n\n<ul style=\"margin-top:0;margin-right:0;margin-bottom:0;margin-left:0;padding-right:var(--wp--preset--spacing--80);padding-left:var(--wp--preset--spacing--80)\" class=\"wp-block-list\">\n<li><strong><span style=\"font-family: 'trebuchet ms', geneva, sans-serif; font-size: 14pt;\"><a href=\"https:\/\/propesp.uepa.br\/ppged\/?page_id=1150\" target=\"_blank\" rel=\"noopener noreferrer\">Artigos<\/a><\/span><\/strong><\/li>\n\n\n\n<li><strong><span style=\"font-family: 'trebuchet ms', geneva, sans-serif; font-size: 14pt;\"><a href=\"https:\/\/propesp.uepa.br\/ppged\/?page_id=650\">Disserta\u00e7\u00f5es Defendidas<\/a><\/span><\/strong><\/li>\n\n\n\n<li><strong><span style=\"font-family: 'trebuchet ms', geneva, sans-serif; font-size: 14pt;\"><a href=\"https:\/\/propesp.uepa.br\/ppged\/e-books\/?preview_id=10818&amp;preview_nonce=ada4730061&amp;preview=true\" data-type=\"link\" data-id=\"https:\/\/propesp.uepa.br\/ppged\/e-books\/?preview_id=10818&amp;preview_nonce=ada4730061&amp;preview=true\" target=\"_blank\" rel=\"noreferrer noopener\">E-Books<\/a><\/span><\/strong><\/li>\n<\/ul>\n<\/div><\/div>\n\n\n\n<div class=\"wp-block-uagb-container uagb-block-5a4cbe21 alignfull uagb-is-root-container\"><div class=\"uagb-container-inner-blocks-wrap\"><\/div><\/div>\n","protected":false},"excerpt":{"rendered":"","protected":false},"author":1,"featured_media":0,"parent":0,"menu_order":0,"comment_status":"closed","ping_status":"closed","template":"","meta":{"_uag_custom_page_level_css":"","site-sidebar-layout":"default","site-content-layout":"","ast-site-content-layout":"","site-content-style":"default","site-sidebar-style":"default","ast-global-header-display":"","ast-banner-title-visibility":"","ast-main-header-display":"","ast-hfb-above-header-display":"","ast-hfb-below-header-display":"","ast-hfb-mobile-header-display":"","site-post-title":"","ast-breadcrumbs-content":"","ast-featured-img":"","footer-sml-layout":"","theme-transparent-header-meta":"","adv-header-id-meta":"","stick-header-meta":"","header-above-stick-meta":"","header-main-stick-meta":"","header-below-stick-meta":"","astra-migrate-meta-layouts":"default","ast-page-background-enabled":"default","ast-page-background-meta":{"desktop":{"background-color":"var(--ast-global-color-4)","background-image":"","background-repeat":"repeat","background-position":"center center","background-size":"auto","background-attachment":"scroll","background-type":"","background-media":"","overlay-type":"","overlay-color":"","overlay-gradient":""},"tablet":{"background-color":"","background-image":"","background-repeat":"repeat","background-position":"center center","background-size":"auto","background-attachment":"scroll","background-type":"","background-media":"","overlay-type":"","overlay-color":"","overlay-gradient":""},"mobile":{"background-color":"","background-image":"","background-repeat":"repeat","background-position":"center center","background-size":"auto","background-attachment":"scroll","background-type":"","background-media":"","overlay-type":"","overlay-color":"","overlay-gradient":""}},"ast-content-background-meta":{"desktop":{"background-color":"var(--ast-global-color-5)","background-image":"","background-repeat":"repeat","background-position":"center center","background-size":"auto","background-attachment":"scroll","background-type":"","background-media":"","overlay-type":"","overlay-color":"","overlay-gradient":""},"tablet":{"background-color":"var(--ast-global-color-5)","background-image":"","background-repeat":"repeat","background-position":"center center","background-size":"auto","background-attachment":"scroll","background-type":"","background-media":"","overlay-type":"","overlay-color":"","overlay-gradient":""},"mobile":{"background-color":"var(--ast-global-color-5)","background-image":"","background-repeat":"repeat","background-position":"center center","background-size":"auto","background-attachment":"scroll","background-type":"","background-media":"","overlay-type":"","overlay-color":"","overlay-gradient":""}},"footnotes":""},"class_list":["post-140","page","type-page","status-publish","hentry"],"uagb_featured_image_src":{"full":false,"thumbnail":false,"medium":false,"medium_large":false,"large":false,"1536x1536":false,"2048x2048":false},"uagb_author_info":{"display_name":"adminsites@uepa.br","author_link":"https:\/\/propesp.uepa.br\/ppged\/author\/adminsitesuepa-br\/"},"uagb_comment_info":0,"uagb_excerpt":null,"_links":{"self":[{"href":"https:\/\/propesp.uepa.br\/ppged\/wp-json\/wp\/v2\/pages\/140","targetHints":{"allow":["GET"]}}],"collection":[{"href":"https:\/\/propesp.uepa.br\/ppged\/wp-json\/wp\/v2\/pages"}],"about":[{"href":"https:\/\/propesp.uepa.br\/ppged\/wp-json\/wp\/v2\/types\/page"}],"author":[{"embeddable":true,"href":"https:\/\/propesp.uepa.br\/ppged\/wp-json\/wp\/v2\/users\/1"}],"replies":[{"embeddable":true,"href":"https:\/\/propesp.uepa.br\/ppged\/wp-json\/wp\/v2\/comments?post=140"}],"version-history":[{"count":14,"href":"https:\/\/propesp.uepa.br\/ppged\/wp-json\/wp\/v2\/pages\/140\/revisions"}],"predecessor-version":[{"id":11343,"href":"https:\/\/propesp.uepa.br\/ppged\/wp-json\/wp\/v2\/pages\/140\/revisions\/11343"}],"wp:attachment":[{"href":"https:\/\/propesp.uepa.br\/ppged\/wp-json\/wp\/v2\/media?parent=140"}],"curies":[{"name":"wp","href":"https:\/\/api.w.org\/{rel}","templated":true}]}}