{"id":15,"date":"2016-12-13T16:29:44","date_gmt":"2016-12-13T19:29:44","guid":{"rendered":"http:\/\/ccse.uepa.br\/mestradoeducacao\/?page_id=15"},"modified":"2025-05-12T09:46:57","modified_gmt":"2025-05-12T12:46:57","slug":"apresentacao-2","status":"publish","type":"page","link":"https:\/\/propesp.uepa.br\/ppged\/apresentacao-2\/","title":{"rendered":"P\u00f3s-Gradua\u00e7\u00e3o"},"content":{"rendered":"\n<div class=\"wp-block-uagb-container uagb-block-34c2e88d alignfull uagb-is-root-container\"><div class=\"uagb-container-inner-blocks-wrap\">\n<figure class=\"wp-block-image size-full is-resized is-style-default\"><img loading=\"lazy\" decoding=\"async\" width=\"991\" height=\"1024\" src=\"https:\/\/propesp.uepa.br\/ppged\/wp-content\/uploads\/2024\/01\/logo_original_mestrado-991x1024-1.png\" alt=\"\" class=\"wp-image-9515\" style=\"width:310px;height:auto\" srcset=\"https:\/\/propesp.uepa.br\/ppged\/wp-content\/uploads\/2024\/01\/logo_original_mestrado-991x1024-1.png 991w, https:\/\/propesp.uepa.br\/ppged\/wp-content\/uploads\/2024\/01\/logo_original_mestrado-991x1024-1-290x300.png 290w, https:\/\/propesp.uepa.br\/ppged\/wp-content\/uploads\/2024\/01\/logo_original_mestrado-991x1024-1-768x794.png 768w\" sizes=\"auto, (max-width: 991px) 100vw, 991px\" \/><\/figure>\n\n\n\n<p class=\"has-medium-font-size\"><span style=\"font-family: arial, helvetica, sans-serif; font-size: 12pt; color: #000000;\">O Programa de P\u00f3s-Gradua\u00e7\u00e3o em Educa\u00e7\u00e3o, em n\u00edvel de Mestrado e Doutorado, do Centro de Ci\u00eancias Sociais e Educa\u00e7\u00e3o da Universidade do Estado do Par\u00e1 foi criado pela Resolu\u00e7\u00e3o do CONSUN n\u00b0 892\/2003 de 24\/09\/2003 e Resolu\u00e7\u00e3o CONCEN n\u00b0 383 de 04 de agosto de 2003, recomendado pela CAPES em 16 de mar\u00e7o de 2005 e credenciado pelo Conselho Nacional de Educa\u00e7\u00e3o em julho de 2005.<\/span><br><br><span style=\"font-family: arial, helvetica, sans-serif; font-size: 12pt; color: #000000;\">O Programa desde outubro de 2004 \u00e9 s\u00f3cio institucional da ANPED, sendo membro do F\u00f3rum Nacional de Coordenadores de Programas de P\u00f3s-Gradua\u00e7\u00e3o em Educa\u00e7\u00e3o &#8211; FORPRED e do F\u00f3rum de Coordenadores do Programa de P\u00f3s-Gradua\u00e7\u00e3o em Educa\u00e7\u00e3o do Norte e Nordeste.<\/span><br><span style=\"font-family: arial, helvetica, sans-serif; font-size: 12pt; color: #000000;\"> No primeiro semestre de 2005 realizou o processo seletivo de sua primeira turma e em agosto iniciou o semestre letivo com 15 mestrandos, sendo 8 vinculados a linha Saberes Culturais e Educa\u00e7\u00e3o na Amaz\u00f4nia e 7 a linha Forma\u00e7\u00e3o de Professores.<\/span><br><br><a href=\"https:\/\/propesp.uepa.br\/ppged\/wp-content\/uploads\/2025\/05\/2025-2028-PLANEJAMENTO-ESTRATEGICO-PPGED.pdf\" target=\"_blank\" rel=\"noreferrer noopener\">PLANEJAMENTO ESTRAT\u00c9GICO 2025-2028<\/a><\/p>\n<\/div><\/div>\n\n\n\n<p><\/p>\n","protected":false},"excerpt":{"rendered":"<p>O Programa de P\u00f3s-Gradua\u00e7\u00e3o em Educa\u00e7\u00e3o, em n\u00edvel de Mestrado e Doutorado, do Centro de Ci\u00eancias Sociais e Educa\u00e7\u00e3o da Universidade do Estado do Par\u00e1 foi criado pela Resolu\u00e7\u00e3o do CONSUN n\u00b0 892\/2003 de 24\/09\/2003 e Resolu\u00e7\u00e3o CONCEN n\u00b0 383 de 04 de agosto de 2003, recomendado pela CAPES em 16 de mar\u00e7o de 2005 [&hellip;]<\/p>\n","protected":false},"author":3,"featured_media":417,"parent":0,"menu_order":0,"comment_status":"closed","ping_status":"closed","template":"","meta":{"_uag_custom_page_level_css":"","site-sidebar-layout":"default","site-content-layout":"","ast-site-content-layout":"","site-content-style":"default","site-sidebar-style":"default","ast-global-header-display":"","ast-banner-title-visibility":"","ast-main-header-display":"","ast-hfb-above-header-display":"","ast-hfb-below-header-display":"","ast-hfb-mobile-header-display":"","site-post-title":"","ast-breadcrumbs-content":"","ast-featured-img":"","footer-sml-layout":"","theme-transparent-header-meta":"","adv-header-id-meta":"","stick-header-meta":"","header-above-stick-meta":"","header-main-stick-meta":"","header-below-stick-meta":"","astra-migrate-meta-layouts":"","ast-page-background-enabled":"default","ast-page-background-meta":{"desktop":{"background-color":"var(--ast-global-color-4)","background-image":"","background-repeat":"repeat","background-position":"center center","background-size":"auto","background-attachment":"scroll","background-type":"","background-media":"","overlay-type":"","overlay-color":"","overlay-gradient":""},"tablet":{"background-color":"","background-image":"","background-repeat":"repeat","background-position":"center center","background-size":"auto","background-attachment":"scroll","background-type":"","background-media":"","overlay-type":"","overlay-color":"","overlay-gradient":""},"mobile":{"background-color":"","background-image":"","background-repeat":"repeat","background-position":"center center","background-size":"auto","background-attachment":"scroll","background-type":"","background-media":"","overlay-type":"","overlay-color":"","overlay-gradient":""}},"ast-content-background-meta":{"desktop":{"background-color":"var(--ast-global-color-5)","background-image":"","background-repeat":"repeat","background-position":"center center","background-size":"auto","background-attachment":"scroll","background-type":"","background-media":"","overlay-type":"","overlay-color":"","overlay-gradient":""},"tablet":{"background-color":"var(--ast-global-color-5)","background-image":"","background-repeat":"repeat","background-position":"center center","background-size":"auto","background-attachment":"scroll","background-type":"","background-media":"","overlay-type":"","overlay-color":"","overlay-gradient":""},"mobile":{"background-color":"var(--ast-global-color-5)","background-image":"","background-repeat":"repeat","background-position":"center center","background-size":"auto","background-attachment":"scroll","background-type":"","background-media":"","overlay-type":"","overlay-color":"","overlay-gradient":""}},"footnotes":""},"class_list":["post-15","page","type-page","status-publish","has-post-thumbnail","hentry"],"uagb_featured_image_src":{"full":false,"thumbnail":false,"medium":false,"medium_large":false,"large":false,"1536x1536":false,"2048x2048":false},"uagb_author_info":{"display_name":"ppged.uepa@gmail.com","author_link":"https:\/\/propesp.uepa.br\/ppged\/author\/ppged-uepagmail-com\/"},"uagb_comment_info":0,"uagb_excerpt":"O Programa de P\u00f3s-Gradua\u00e7\u00e3o em Educa\u00e7\u00e3o, em n\u00edvel de Mestrado e Doutorado, do Centro de Ci\u00eancias Sociais e Educa\u00e7\u00e3o da Universidade do Estado do Par\u00e1 foi criado pela Resolu\u00e7\u00e3o do CONSUN n\u00b0 892\/2003 de 24\/09\/2003 e Resolu\u00e7\u00e3o CONCEN n\u00b0 383 de 04 de agosto de 2003, recomendado pela CAPES em 16 de mar\u00e7o de 2005&hellip;","_links":{"self":[{"href":"https:\/\/propesp.uepa.br\/ppged\/wp-json\/wp\/v2\/pages\/15","targetHints":{"allow":["GET"]}}],"collection":[{"href":"https:\/\/propesp.uepa.br\/ppged\/wp-json\/wp\/v2\/pages"}],"about":[{"href":"https:\/\/propesp.uepa.br\/ppged\/wp-json\/wp\/v2\/types\/page"}],"author":[{"embeddable":true,"href":"https:\/\/propesp.uepa.br\/ppged\/wp-json\/wp\/v2\/users\/3"}],"replies":[{"embeddable":true,"href":"https:\/\/propesp.uepa.br\/ppged\/wp-json\/wp\/v2\/comments?post=15"}],"version-history":[{"count":17,"href":"https:\/\/propesp.uepa.br\/ppged\/wp-json\/wp\/v2\/pages\/15\/revisions"}],"predecessor-version":[{"id":11122,"href":"https:\/\/propesp.uepa.br\/ppged\/wp-json\/wp\/v2\/pages\/15\/revisions\/11122"}],"wp:featuredmedia":[{"embeddable":true,"href":"https:\/\/propesp.uepa.br\/ppged\/wp-json\/"}],"wp:attachment":[{"href":"https:\/\/propesp.uepa.br\/ppged\/wp-json\/wp\/v2\/media?parent=15"}],"curies":[{"name":"wp","href":"https:\/\/api.w.org\/{rel}","templated":true}]}}