{"id":152,"date":"2016-12-15T16:54:14","date_gmt":"2016-12-15T19:54:14","guid":{"rendered":"http:\/\/ccse.uepa.br\/mestradoeducacao\/?page_id=152"},"modified":"2025-12-12T09:08:04","modified_gmt":"2025-12-12T12:08:04","slug":"legislacao-3","status":"publish","type":"page","link":"https:\/\/propesp.uepa.br\/ppged\/legislacao-3\/","title":{"rendered":"Legisla\u00e7\u00e3o"},"content":{"rendered":"\n<div class=\"wp-block-uagb-container uagb-block-ea436eae alignfull uagb-is-root-container\"><div class=\"uagb-container-inner-blocks-wrap\">\n<p class=\"has-ast-global-color-8-color has-text-color\" style=\"font-size:16px\">O Programa de P\u00f3s-Gradua\u00e7\u00e3o em Educa\u00e7\u00e3o da Universidade do Estado do Par\u00e1 (Mestrado\/Doutorado) foi aprovado pelas Resolu\u00e7\u00f5es CONCEN-UEPA n\u00ba 383, de 04 de agosto de 2003 e CONSUN-UEPA N\u00ba 892\/2003, de 24 de setembro de 2003, recomendado pela CAPES em 16 de mar\u00e7o de 2005 e credenciado pelo Conselho Nacional de Educa\u00e7\u00e3o em julho de 2005.<br>O Programa conta em sua estrutura administrativa com um Colegiado constitu\u00eddo pelos docentes, 01 representante do corpo administrativo e 06 representantes discentes. A representa\u00e7\u00e3o dos servidores e discentes \u00e9 escolhida em elei\u00e7\u00e3o pelos pares. A coordena\u00e7\u00e3o do Mestrado \u00e9 eleita pelos docentes, discentes e servidores vinculados ao Programa. Para o ingresso e perman\u00eancia de docentes no Programa foi criada Resolu\u00e7\u00e3o aprovada pelo Colegiado, cujos crit\u00e9rios est\u00e3o relacionados aos de avalia\u00e7\u00e3o dos docentes estabelecidos pela CAPES. O Colegiado conta com duas C\u00e2maras, uma de ensino e pesquisa e outra de administra\u00e7\u00e3o, constitu\u00eddas por docentes e representantes discentes do Programa.<\/p>\n\n\n\n<p class=\"has-ast-global-color-8-color has-text-color\" style=\"font-size:16px\">O Programa iniciou suas atividades em 2005, com 15 vagas que foram aumentadas, para o Doutorado, face \u00e0 demanda no processo seletivo. Conta atualmente com m\u00e9dia de 70 mestrandos e 140 doutorandos matriculados. De 2007 a 2021 realizou 335 defesas. Os discentes, em sua maioria, s\u00e3o professores da rede p\u00fablica de ensino, alguns do Ensino Superior de Universidades P\u00fablicas e outros de Institui\u00e7\u00f5es particulares, incluindo docentes da pr\u00f3pria Universidade do Estado do Par\u00e1. A forma\u00e7\u00e3o dos discentes \u00e9 diversificada, constitu\u00edda por pedagogos, bi\u00f3logos, fisioterapeutas, enfermeiros, licenciados em letras, educa\u00e7\u00e3o f\u00edsica, matem\u00e1tica e hist\u00f3ria, soci\u00f3logos, entre outros. H\u00e1 discentes oriundos de munic\u00edpios do Par\u00e1 e de outros estados, entre os quais Amazonas, Cear\u00e1 e Maranh\u00e3o.<\/p>\n\n\n\n<p class=\"has-text-align-center\"><span style=\"color: #000000;\"><strong><span style=\"font-size: 14pt; font-family: 'trebuchet ms', geneva, sans-serif;\">Documentos de Credenciamento do Curso<\/span><\/strong><\/span> <strong><mark style=\"background-color:rgba(0, 0, 0, 0);color:#000000\" class=\"has-inline-color\">de Mestrado<\/mark><\/strong><br><br><strong><span style=\"font-family: 'trebuchet ms', geneva, sans-serif;\"><span style=\"color: #000000;\">Parecer Homologado do Conselho Nacional de Educa\u00e7\u00e3o.<\/span> <a href=\"https:\/\/propesp.uepa.br\/ppged\/wp-content\/uploads\/credenciamento\/CNE_PAR_CNECESN1632005_HOMOLOGACAO.pdf\">Clique Aqui!!!<\/a><\/span><\/strong><br><br><strong><span style=\"font-family: 'trebuchet ms', geneva, sans-serif;\"><span style=\"color: #000000;\">Portaria do Minist\u00e9rio da Educa\u00e7\u00e3o.<\/span> <a href=\"https:\/\/propesp.uepa.br\/ppged\/wp-content\/uploads\/credenciamento\/Port_MEC_2_642_27_07_05.pdf\">Clique Aqui!!<\/a><\/span><\/strong><br><br><strong><span style=\"font-family: 'trebuchet ms', geneva, sans-serif; color: #000000;\">Portaria 2.642 de 27 de julho de 2002 &#8211; Di\u00e1rio da Uni\u00e3o &#8211; <a href=\"https:\/\/propesp.uepa.br\/ppged\/wp-content\/uploads\/credenciamento\/portaria_uniao_gov_federal.pdf\">Clique Aqui!!!<\/a><\/span><\/strong><br><br><strong><mark style=\"background-color:rgba(0, 0, 0, 0);color:#000000\" class=\"has-inline-color\">Documentos de Credenciamento do Curso de Doutorado<\/mark><\/strong><br><br><a href=\"https:\/\/propesp.uepa.br\/ppged\/wp-content\/uploads\/2025\/12\/diario-uniao-doutorado.pdf\" target=\"_blank\" rel=\"noreferrer noopener\">PORTARIA N\u00ba 1.222 DE 20 DE NOVEMBRO DE 2018<\/a><br><\/p>\n\n\n\n<div class=\"wp-block-uagb-separator uagb-block-26913e92\"><div class=\"wp-block-uagb-separator__inner\" style=\"--my-background-image:\"><\/div><\/div>\n\n\n\n<p class=\"has-text-align-center\"><a href=\"https:\/\/propesp.uepa.br\/ppged\/wp-content\/uploads\/2025\/12\/Politicas-de-Acoes-Afirmativas-nos-programas-de-pos-1.pdf\" target=\"_blank\" rel=\"noreferrer noopener\"><strong>Pol\u00edticas de A\u00e7\u00f5es Afirmativas no Programa de P\u00f3s-Gradua\u00e7\u00e3o em Educa\u00e7\u00e3o &#8211; Mestrado e Doutorado<\/strong><\/a><\/p>\n<\/div><\/div>\n\n\n\n<p><\/p>\n","protected":false},"excerpt":{"rendered":"<p>O Programa de P\u00f3s-Gradua\u00e7\u00e3o em Educa\u00e7\u00e3o da Universidade do Estado do Par\u00e1 (Mestrado\/Doutorado) foi aprovado pelas Resolu\u00e7\u00f5es CONCEN-UEPA n\u00ba 383, de 04 de agosto de 2003 e CONSUN-UEPA N\u00ba 892\/2003, de 24 de setembro de 2003, recomendado pela CAPES em 16 de mar\u00e7o de 2005 e credenciado pelo Conselho Nacional de Educa\u00e7\u00e3o em julho de [&hellip;]<\/p>\n","protected":false},"author":1,"featured_media":0,"parent":0,"menu_order":0,"comment_status":"closed","ping_status":"closed","template":"","meta":{"_uag_custom_page_level_css":"","site-sidebar-layout":"default","site-content-layout":"","ast-site-content-layout":"","site-content-style":"default","site-sidebar-style":"default","ast-global-header-display":"","ast-banner-title-visibility":"","ast-main-header-display":"","ast-hfb-above-header-display":"","ast-hfb-below-header-display":"","ast-hfb-mobile-header-display":"","site-post-title":"","ast-breadcrumbs-content":"","ast-featured-img":"","footer-sml-layout":"","theme-transparent-header-meta":"","adv-header-id-meta":"","stick-header-meta":"","header-above-stick-meta":"","header-main-stick-meta":"","header-below-stick-meta":"","astra-migrate-meta-layouts":"default","ast-page-background-enabled":"default","ast-page-background-meta":{"desktop":{"background-color":"var(--ast-global-color-4)","background-image":"","background-repeat":"repeat","background-position":"center center","background-size":"auto","background-attachment":"scroll","background-type":"","background-media":"","overlay-type":"","overlay-color":"","overlay-gradient":""},"tablet":{"background-color":"","background-image":"","background-repeat":"repeat","background-position":"center center","background-size":"auto","background-attachment":"scroll","background-type":"","background-media":"","overlay-type":"","overlay-color":"","overlay-gradient":""},"mobile":{"background-color":"","background-image":"","background-repeat":"repeat","background-position":"center center","background-size":"auto","background-attachment":"scroll","background-type":"","background-media":"","overlay-type":"","overlay-color":"","overlay-gradient":""}},"ast-content-background-meta":{"desktop":{"background-color":"var(--ast-global-color-5)","background-image":"","background-repeat":"repeat","background-position":"center center","background-size":"auto","background-attachment":"scroll","background-type":"","background-media":"","overlay-type":"","overlay-color":"","overlay-gradient":""},"tablet":{"background-color":"var(--ast-global-color-5)","background-image":"","background-repeat":"repeat","background-position":"center center","background-size":"auto","background-attachment":"scroll","background-type":"","background-media":"","overlay-type":"","overlay-color":"","overlay-gradient":""},"mobile":{"background-color":"var(--ast-global-color-5)","background-image":"","background-repeat":"repeat","background-position":"center center","background-size":"auto","background-attachment":"scroll","background-type":"","background-media":"","overlay-type":"","overlay-color":"","overlay-gradient":""}},"footnotes":""},"class_list":["post-152","page","type-page","status-publish","hentry"],"uagb_featured_image_src":{"full":false,"thumbnail":false,"medium":false,"medium_large":false,"large":false,"1536x1536":false,"2048x2048":false},"uagb_author_info":{"display_name":"adminsites@uepa.br","author_link":"https:\/\/propesp.uepa.br\/ppged\/author\/adminsitesuepa-br\/"},"uagb_comment_info":0,"uagb_excerpt":"O Programa de P\u00f3s-Gradua\u00e7\u00e3o em Educa\u00e7\u00e3o da Universidade do Estado do Par\u00e1 (Mestrado\/Doutorado) foi aprovado pelas Resolu\u00e7\u00f5es CONCEN-UEPA n\u00ba 383, de 04 de agosto de 2003 e CONSUN-UEPA N\u00ba 892\/2003, de 24 de setembro de 2003, recomendado pela CAPES em 16 de mar\u00e7o de 2005 e credenciado pelo Conselho Nacional de Educa\u00e7\u00e3o em julho de&hellip;","_links":{"self":[{"href":"https:\/\/propesp.uepa.br\/ppged\/wp-json\/wp\/v2\/pages\/152","targetHints":{"allow":["GET"]}}],"collection":[{"href":"https:\/\/propesp.uepa.br\/ppged\/wp-json\/wp\/v2\/pages"}],"about":[{"href":"https:\/\/propesp.uepa.br\/ppged\/wp-json\/wp\/v2\/types\/page"}],"author":[{"embeddable":true,"href":"https:\/\/propesp.uepa.br\/ppged\/wp-json\/wp\/v2\/users\/1"}],"replies":[{"embeddable":true,"href":"https:\/\/propesp.uepa.br\/ppged\/wp-json\/wp\/v2\/comments?post=152"}],"version-history":[{"count":14,"href":"https:\/\/propesp.uepa.br\/ppged\/wp-json\/wp\/v2\/pages\/152\/revisions"}],"predecessor-version":[{"id":11500,"href":"https:\/\/propesp.uepa.br\/ppged\/wp-json\/wp\/v2\/pages\/152\/revisions\/11500"}],"wp:attachment":[{"href":"https:\/\/propesp.uepa.br\/ppged\/wp-json\/wp\/v2\/media?parent=152"}],"curies":[{"name":"wp","href":"https:\/\/api.w.org\/{rel}","templated":true}]}}