{"id":1951,"date":"2019-01-22T12:03:25","date_gmt":"2019-01-22T15:03:25","guid":{"rendered":"http:\/\/ccse.uepa.br\/mestradoeducacao\/?page_id=1951"},"modified":"2025-11-28T09:19:41","modified_gmt":"2025-11-28T12:19:41","slug":"anais-scem-2","status":"publish","type":"page","link":"https:\/\/propesp.uepa.br\/ppged\/eventos\/anais-scem-2\/","title":{"rendered":"Anais do SCEM"},"content":{"rendered":"\n<div class=\"wp-block-uagb-container uagb-block-d993c07f alignfull uagb-is-root-container\"><div class=\"uagb-container-inner-blocks-wrap\">\n<p class=\"has-ast-global-color-8-color has-text-color\" style=\"font-size:20px\"><span style=\"font-family: 'trebuchet ms', geneva, sans-serif;\"><strong>O Semin\u00e1rio de Cogni\u00e7\u00e3o e Educa\u00e7\u00e3o Matem\u00e1tica (SCEM)<\/strong> teve sua primeira edi\u00e7\u00e3o no ano de 2010 como uma iniciativa do grupo de Pesquisa em Cogni\u00e7\u00e3o e Educa\u00e7\u00e3o Matem\u00e1tica da Universidade do Estado do Par\u00e1 sempre com objetivo difundir as pesquisas realizadas na \u00e1rea de Educa\u00e7\u00e3o Matem\u00e1tica do Estado do Par\u00e1. A presente edi\u00e7\u00e3o do evento que \u00e9 a oitava j\u00e1 tem tamb\u00e9m a organiza\u00e7\u00e3o dos seguintes grupos de pesquisas: Grupo de Pesquisa em Cogni\u00e7\u00e3o e Educa\u00e7\u00e3o Matem\u00e1tica (SCEM) que \u00e9 vinculado ao Programa de P\u00f3s-Gradua\u00e7\u00e3o em Educa\u00e7\u00e3o &#8211; PPGED, Grupo de Pesquisa em Ensino de Matem\u00e1tica e Tecnologias (GPEMT), Grupo de Pesquisa em Estat\u00edstica Aplicada e Ensino de Matem\u00e1tica (GPEAEM), Grupo de Pesquisa em Educa\u00e7\u00e3o Matem\u00e1tica (GPEMAT)&nbsp; todos do Departamento de Matem\u00e1tica, Estat\u00edstica e Inform\u00e1tica da Universidade do Estado do Par\u00e1.<\/span><\/p>\n\n\n\n<div class=\"wp-block-uagb-call-to-action uagb-block-4d6030ee wp-block-button\"><div class=\"uagb-cta__wrap\"><h3 class=\"uagb-cta__title\"><strong><span style=\"font-family: 'trebuchet ms', geneva, sans-serif;\">Semin\u00e1rio de Cogni\u00e7\u00e3o e Educa\u00e7\u00e3o Matem\u00e1tica (SCEM)<\/span> 2024<\/strong><\/h3><p class=\"uagb-cta__desc\"><strong><mark style=\"background-color:rgba(0, 0, 0, 0);color:#000000\" class=\"has-inline-color\">Clique em Ler mais para acessar documento <\/mark><\/strong><\/p><\/div><div class=\"uagb-cta__buttons\"><a href=\"https:\/\/www.even3.com.br\/anais\/scem2024\/\" class=\"uagb-cta__button-link-wrapper wp-block-button__link\" target=\"_self\" rel=\"noopener noreferrer\">Ler mais<svg xmlns=\"https:\/\/www.w3.org\/2000\/svg\" viewBox=\"0 0 512 512\"><path d=\"M504.3 273.6l-112.1 104c-6.992 6.484-17.18 8.218-25.94 4.406c-8.758-3.812-14.42-12.45-14.42-21.1L351.9 288H32C14.33 288 .0002 273.7 .0002 255.1S14.33 224 32 224h319.9l0-72c0-9.547 5.66-18.19 14.42-22c8.754-3.809 18.95-2.075 25.94 4.41l112.1 104C514.6 247.9 514.6 264.1 504.3 273.6z\"><\/path><\/svg><\/a><\/div><\/div>\n\n\n\n<p><\/p>\n\n\n\n<p class=\"has-text-align-center has-ast-global-color-8-color has-text-color\" style=\"font-size:16px\"><span style=\"font-family: 'trebuchet ms', geneva, sans-serif;\"><strong>O Semin\u00e1rio de Cogni\u00e7\u00e3o e Educa\u00e7\u00e3o Matem\u00e1tica de 2022<\/strong>&nbsp;teve o tema <strong>&#8220;Educa\u00e7\u00e3o Matem\u00e1tica: conflu\u00eancia entre as teorias e a pr\u00e1tica na sala de aula&#8221; <\/strong>e ocorreu nos dias 18 a 20 de outubro de 2022. A seguir apresentamos os Anais do Evento.<\/span><br><span style=\"font-family: 'trebuchet ms', geneva, sans-serif;\"><img loading=\"lazy\" decoding=\"async\" width=\"31\" height=\"31\" src=\"https:\/\/propesp.uepa.br\/ppged\/wp-content\/uploads\/2017\/01\/pdf-download.png\" alt=\"\"><a href=\"https:\/\/propesp.uepa.br\/ppged\/wp-content\/uploads\/2023\/08\/ANAIS-SCEM-FINAL_compressed-1.pdf\" target=\"_blank\" rel=\"noopener\">Anais Semin\u00e1rio de Cogni\u00e7\u00e3o e Educa\u00e7\u00e3o Matem\u00e1tica &#8211;&nbsp; 2022 &#8211; Visualizar Arquivo<\/a><\/span><\/p>\n\n\n\n<p class=\"has-text-align-center has-ast-global-color-8-color has-text-color has-link-color wp-elements-f62192d8f7019c9162f12debcc1e53c9\" style=\"font-size:16px\"><span style=\"font-family: 'trebuchet ms', geneva, sans-serif;\"><strong>O Semin\u00e1rio de Cogni\u00e7\u00e3o e Educa\u00e7\u00e3o Matem\u00e1tica de 2021<\/strong>&nbsp;teve o tema <strong>&#8220;Teorias da Educa\u00e7\u00e3o Matem\u00e1tica na pr\u00e1tica de sala de aula &#8221; <\/strong>e ocorreu nos dias 05, 06 e 07 de outubro de 2021. A seguir apresentamos os Anais do Evento.<\/span><br><span style=\"font-family: 'trebuchet ms', geneva, sans-serif;\"><img loading=\"lazy\" decoding=\"async\" width=\"31\" height=\"31\" src=\"https:\/\/propesp.uepa.br\/ppged\/wp-content\/uploads\/2017\/01\/pdf-download.png\" alt=\"\"><a href=\"https:\/\/propesp.uepa.br\/ppged\/wp-content\/uploads\/2023\/08\/ANAIS-SCEM_compressed.pdf\">Anais Semin\u00e1rio de Cogni\u00e7\u00e3o e Educa\u00e7\u00e3o Matem\u00e1tica &#8211;&nbsp; 2021 &#8211; Visualizar Arquivo<\/a><\/span><\/p>\n\n\n\n<p class=\"has-text-align-center has-ast-global-color-8-color has-text-color has-link-color wp-elements-e1e8fa4e337865a2896d21a4c721cc71\" style=\"font-size:16px\"><span style=\"font-family: 'trebuchet ms', geneva, sans-serif;\"><strong>O Semin\u00e1rio de Cogni\u00e7\u00e3o e Educa\u00e7\u00e3o Matem\u00e1tica de 2019<\/strong> teve o tema <strong>&#8220;Pesquisa em Educa\u00e7\u00e3o Matem\u00e1tica e Pr\u00e1ticas Pedag\u00f3gicas &#8221; <\/strong>e ocorreu nos dias 01, 02 e 03 de outubro de 2019 no audit\u00f3rio <em><strong>&#8220;Paulo Freire&#8221;<\/strong> <\/em>do Centro de Ci\u00eancias Sociais e Educa\u00e7\u00e3o da Universidade do Estado do Para. A seguir apresentamos os Anais do Evento.<\/span><br><span style=\"font-family: 'trebuchet ms', geneva, sans-serif;\"><img loading=\"lazy\" decoding=\"async\" width=\"31\" height=\"31\" src=\"https:\/\/propesp.uepa.br\/ppged\/wp-content\/uploads\/2017\/01\/pdf-download.png\" alt=\"\"><a href=\"https:\/\/propesp.uepa.br\/ppged\/wp-content\/uploads\/2021\/02\/ANAIS_DO_SCEM.pdf\">Anais Semin\u00e1rio de Cogni\u00e7\u00e3o e Educa\u00e7\u00e3o Matem\u00e1tica &#8211;&nbsp; 2019 &#8211; Visualizar Arquivo<\/a><\/span><\/p>\n\n\n\n<p class=\"has-text-align-center has-ast-global-color-8-color has-text-color has-link-color wp-elements-05bbef33d698902a6906e6c8913f9f3b\" style=\"font-size:16px\"><span style=\"font-family: 'trebuchet ms', geneva, sans-serif;\"><strong>O Semin\u00e1rio de Cogni\u00e7\u00e3o e Educa\u00e7\u00e3o Matem\u00e1tica de 2018<\/strong> teve o tema&nbsp;<strong>&#8220;Pesquisa em Educa\u00e7\u00e3o Matem\u00e1tica: implica\u00e7\u00f5es para&nbsp; sala de aula &#8221;&nbsp;<\/strong>e ocorreu nos dias 02 a 04&nbsp;de outubro de 2018 no audit\u00f3rio da Escola Estadual de Ensino M\u00e9dio&nbsp; An\u00edsio Teixeira.<\/span><br><span style=\"font-family: 'trebuchet ms', geneva, sans-serif;\"><img loading=\"lazy\" decoding=\"async\" width=\"32\" height=\"32\" src=\"https:\/\/propesp.uepa.br\/ppged\/wp-content\/uploads\/2017\/01\/pdf-download.png\" alt=\"\"><a href=\"https:\/\/propesp.uepa.br\/ppged\/wp-content\/uploads\/2019\/09\/Anais_scem_2018.pdf\">Anais Semin\u00e1rio de Cogni\u00e7\u00e3o e Educa\u00e7\u00e3o Matem\u00e1tica &#8211;&nbsp; 2018 &#8211; Visualizar Arquivo<\/a><\/span><\/p>\n\n\n\n<p class=\"has-text-align-center has-ast-global-color-8-color has-text-color has-link-color wp-elements-2a748d9a843a11a946fa838aa9fd6a0a\" style=\"font-size:16px\"><span style=\"font-family: 'trebuchet ms', geneva, sans-serif;\"><strong>O Semin\u00e1rio de Cogni\u00e7\u00e3o e Educa\u00e7\u00e3o Matem\u00e1tica de 2017 <\/strong>teve o tema <strong>&#8220;Pesquisa em Educa\u00e7\u00e3o Matem\u00e1tica: experi\u00eancias e perspectivas&#8221; <\/strong>e ocorreu nos dias 07, 08 e 09 de novembro de <strong>2017<\/strong> no audit\u00f3rio da Escola Estadual de Ensino M\u00e9dio&nbsp; An\u00edsio Teixeira.<\/span><br><span style=\"font-family: 'trebuchet ms', geneva, sans-serif;\"><img loading=\"lazy\" decoding=\"async\" width=\"34\" height=\"34\" src=\"https:\/\/propesp.uepa.br\/ppged\/wp-content\/uploads\/2017\/01\/pdf-download.png\" alt=\"\">&nbsp;<a href=\"https:\/\/propesp.uepa.br\/ppged\/wp-content\/uploads\/2021\/03\/ANAIS_SCEM_2017.pdf\">Anais Semin\u00e1rio de Cogni\u00e7\u00e3o e Educa\u00e7\u00e3o Matem\u00e1tica &#8211;&nbsp; 2017 &#8211; Visualizar Arquivo<\/a><\/span><\/p>\n<\/div><\/div>\n\n\n\n<div class=\"wp-block-uagb-container uagb-block-0e529302 alignfull uagb-is-root-container\"><div class=\"uagb-container-inner-blocks-wrap\"><\/div><\/div>\n","protected":false},"excerpt":{"rendered":"<p>O Semin\u00e1rio de Cogni\u00e7\u00e3o e Educa\u00e7\u00e3o Matem\u00e1tica (SCEM) teve sua primeira edi\u00e7\u00e3o no ano de 2010 como uma iniciativa do grupo de Pesquisa em Cogni\u00e7\u00e3o e Educa\u00e7\u00e3o Matem\u00e1tica da Universidade do Estado do Par\u00e1 sempre com objetivo difundir as pesquisas realizadas na \u00e1rea de Educa\u00e7\u00e3o Matem\u00e1tica do Estado do Par\u00e1. A presente edi\u00e7\u00e3o do evento [&hellip;]<\/p>\n","protected":false},"author":1,"featured_media":0,"parent":27,"menu_order":2,"comment_status":"closed","ping_status":"closed","template":"","meta":{"_uag_custom_page_level_css":"","site-sidebar-layout":"default","site-content-layout":"","ast-site-content-layout":"","site-content-style":"default","site-sidebar-style":"default","ast-global-header-display":"","ast-banner-title-visibility":"","ast-main-header-display":"","ast-hfb-above-header-display":"","ast-hfb-below-header-display":"","ast-hfb-mobile-header-display":"","site-post-title":"","ast-breadcrumbs-content":"","ast-featured-img":"","footer-sml-layout":"","theme-transparent-header-meta":"","adv-header-id-meta":"","stick-header-meta":"","header-above-stick-meta":"","header-main-stick-meta":"","header-below-stick-meta":"","astra-migrate-meta-layouts":"default","ast-page-background-enabled":"default","ast-page-background-meta":{"desktop":{"background-color":"var(--ast-global-color-4)","background-image":"","background-repeat":"repeat","background-position":"center center","background-size":"auto","background-attachment":"scroll","background-type":"","background-media":"","overlay-type":"","overlay-color":"","overlay-gradient":""},"tablet":{"background-color":"","background-image":"","background-repeat":"repeat","background-position":"center center","background-size":"auto","background-attachment":"scroll","background-type":"","background-media":"","overlay-type":"","overlay-color":"","overlay-gradient":""},"mobile":{"background-color":"","background-image":"","background-repeat":"repeat","background-position":"center center","background-size":"auto","background-attachment":"scroll","background-type":"","background-media":"","overlay-type":"","overlay-color":"","overlay-gradient":""}},"ast-content-background-meta":{"desktop":{"background-color":"var(--ast-global-color-5)","background-image":"","background-repeat":"repeat","background-position":"center center","background-size":"auto","background-attachment":"scroll","background-type":"","background-media":"","overlay-type":"","overlay-color":"","overlay-gradient":""},"tablet":{"background-color":"var(--ast-global-color-5)","background-image":"","background-repeat":"repeat","background-position":"center center","background-size":"auto","background-attachment":"scroll","background-type":"","background-media":"","overlay-type":"","overlay-color":"","overlay-gradient":""},"mobile":{"background-color":"var(--ast-global-color-5)","background-image":"","background-repeat":"repeat","background-position":"center center","background-size":"auto","background-attachment":"scroll","background-type":"","background-media":"","overlay-type":"","overlay-color":"","overlay-gradient":""}},"footnotes":""},"class_list":["post-1951","page","type-page","status-publish","hentry"],"uagb_featured_image_src":{"full":false,"thumbnail":false,"medium":false,"medium_large":false,"large":false,"1536x1536":false,"2048x2048":false},"uagb_author_info":{"display_name":"adminsites@uepa.br","author_link":"https:\/\/propesp.uepa.br\/ppged\/author\/adminsitesuepa-br\/"},"uagb_comment_info":0,"uagb_excerpt":"O Semin\u00e1rio de Cogni\u00e7\u00e3o e Educa\u00e7\u00e3o Matem\u00e1tica (SCEM) teve sua primeira edi\u00e7\u00e3o no ano de 2010 como uma iniciativa do grupo de Pesquisa em Cogni\u00e7\u00e3o e Educa\u00e7\u00e3o Matem\u00e1tica da Universidade do Estado do Par\u00e1 sempre com objetivo difundir as pesquisas realizadas na \u00e1rea de Educa\u00e7\u00e3o Matem\u00e1tica do Estado do Par\u00e1. A presente edi\u00e7\u00e3o do evento&hellip;","_links":{"self":[{"href":"https:\/\/propesp.uepa.br\/ppged\/wp-json\/wp\/v2\/pages\/1951","targetHints":{"allow":["GET"]}}],"collection":[{"href":"https:\/\/propesp.uepa.br\/ppged\/wp-json\/wp\/v2\/pages"}],"about":[{"href":"https:\/\/propesp.uepa.br\/ppged\/wp-json\/wp\/v2\/types\/page"}],"author":[{"embeddable":true,"href":"https:\/\/propesp.uepa.br\/ppged\/wp-json\/wp\/v2\/users\/1"}],"replies":[{"embeddable":true,"href":"https:\/\/propesp.uepa.br\/ppged\/wp-json\/wp\/v2\/comments?post=1951"}],"version-history":[{"count":16,"href":"https:\/\/propesp.uepa.br\/ppged\/wp-json\/wp\/v2\/pages\/1951\/revisions"}],"predecessor-version":[{"id":11456,"href":"https:\/\/propesp.uepa.br\/ppged\/wp-json\/wp\/v2\/pages\/1951\/revisions\/11456"}],"up":[{"embeddable":true,"href":"https:\/\/propesp.uepa.br\/ppged\/wp-json\/wp\/v2\/pages\/27"}],"wp:attachment":[{"href":"https:\/\/propesp.uepa.br\/ppged\/wp-json\/wp\/v2\/media?parent=1951"}],"curies":[{"name":"wp","href":"https:\/\/api.w.org\/{rel}","templated":true}]}}