{"id":23,"date":"2016-12-13T16:33:18","date_gmt":"2016-12-13T19:33:18","guid":{"rendered":"http:\/\/ccse.uepa.br\/mestradoeducacao\/?page_id=23"},"modified":"2026-02-05T10:09:21","modified_gmt":"2026-02-05T13:09:21","slug":"coordenacao-2","status":"publish","type":"page","link":"https:\/\/propesp.uepa.br\/ppged\/administracao-2\/coordenacao-2\/","title":{"rendered":"Coordena\u00e7\u00e3o"},"content":{"rendered":"\n<div class=\"wp-block-uagb-advanced-heading uagb-block-b5991380\"><h4 class=\"uagb-heading-text\">COORDENADORA DO PROGRAMA DE P\u00d3S-GRADUA\u00c7\u00c3O EM EDUCA\u00c7\u00c3O<\/h4><div class=\"uagb-separator\"><\/div><\/div>\n\n\n\n<figure class=\"wp-block-image alignleft size-full is-resized\"><img loading=\"lazy\" decoding=\"async\" width=\"500\" height=\"625\" src=\"https:\/\/propesp.uepa.br\/ppged\/wp-content\/uploads\/2026\/01\/Lucelia.png\" alt=\"\" class=\"wp-image-11532\" style=\"aspect-ratio:0.90625;object-fit:contain;width:397px;height:auto\" srcset=\"https:\/\/propesp.uepa.br\/ppged\/wp-content\/uploads\/2026\/01\/Lucelia.png 500w, https:\/\/propesp.uepa.br\/ppged\/wp-content\/uploads\/2026\/01\/Lucelia-240x300.png 240w\" sizes=\"auto, (max-width: 500px) 100vw, 500px\" \/><\/figure>\n\n\n\n<p class=\"has-text-align-left has-ast-global-color-8-color has-text-color\"><span style=\"font-family: 'trebuchet ms', geneva, sans-serif;\"><strong><a href=\"http:\/\/lattes.cnpq.br\/6941089571024585\">Prof.\u00aa Dr.\u00aa Luc\u00e9lia de Moraes Braga Bassalo<\/a><\/strong><\/span><\/p>\n\n\n\n<p class=\"has-text-align-left has-ast-global-color-8-color has-text-color\"><span style=\"font-family: 'trebuchet ms', geneva, sans-serif;\"><strong>E-mail:<\/strong> lucelia.bassalo@uepa.br<\/span><\/p>\n\n\n\n<p class=\"has-ast-global-color-8-color has-text-color\" style=\"font-size:16px\">Doutora em Educa\u00e7\u00e3o pela UNB &#8211; Universidade de Bras\u00edlia (2012), Mestre em Educa\u00e7\u00e3o Brasileira pela UFC &#8211; Universidade Federal do Cear\u00e1 (1999). Professora Adjunto da Universidade do Estado do Par\u00e1 &#8211; UEPA. Profa do Programa de P\u00f3s-Gradua\u00e7\u00e3o em Educa\u00e7\u00e3o da Universidade do Estado do Par\u00e1 &#8211; PPGED\/UEPA e vinculada ao Departamento de Filosofia e Ci\u00eancias Sociais &#8211; DFCS\/UEPA. Realizou est\u00e1gio P\u00f3s-Doutoral no Programa de P\u00f3s-Gradua\u00e7\u00e3o em Educa\u00e7\u00e3o da Universidade Federal do Rio Grande do Norte. \u00c9 membro da Rede de pesquisa em Juventude no Brasil &#8211; REDEJUVE. Membro da Rede Juventude e Ensino M\u00e9dio Rede JuvEM. Membro da rede International Research Network Documentary Method (https:\/\/www.hsu-hh.de\/geiso\/forschungsnetzwerk-dokumentarische-methode-mitglieder). Membro do Comit\u00ea Cient\u00edfico do GT 23 &#8211; G\u00eanero, Sexualidade e Educa\u00e7\u00e3o, da ANPEd &#8211; Associa\u00e7\u00e3o Nacional de P\u00f3s-Gradua\u00e7\u00e3o e Pesquisa em Educa\u00e7\u00e3o nos bi\u00eanios 2021-2023 e 2023-2025. Membro do Conselho Estadual da Diversidade Sexual &#8211; CEDS (2024-2025), como conselheira institucional &#8211; UEPA . \u00c9 coordenadora regional do F\u00f3rum de Editores de Peri\u00f3dicos da \u00c1rea de Educa\u00e7\u00e3o Norte Nordeste &#8211; FEPAE NNE (2022-2025) e \u00e9 editora da Revista Cocar, peri\u00f3dico ligado ao PPGED\/UEPA. Seus estudos e pesquisas se inscrevem no campo dos estudos sociol\u00f3gicos da educa\u00e7\u00e3o voltando-se, nos \u00faltimos anos, principalmente para os seguintes temas: Educa\u00e7\u00e3o, G\u00eanero e Sexualidade; Juventude, rela\u00e7\u00f5es de G\u00eanero e Feminismo; Juventude e processos educativos em ambientes virtuais e espa\u00e7os n\u00e3o escolares; Juventude, Ensino M\u00e9dio e Projetos de Vida com \u00eanfase na Pesquisa Qualitativa Reconstrutiva e no M\u00e9todo Document\u00e1rio. \u00c9 coordenadora do JEDS &#8211; Grupo de Pesquisa sobre Juventude, Educa\u00e7\u00e3o, G\u00eanero, Sexualidade e Sociabilidade, sediado na UEPA e membro do GERAJU &#8211; Grupo de Pesquisa sobre Gera\u00e7\u00f5es e Juventude, sediado na FE\/UnB.<strong>&nbsp;<\/strong><\/p>\n\n\n\n<div class=\"wp-block-uagb-advanced-heading uagb-block-6c6220a5\"><h4 class=\"uagb-heading-text\">VICE-COORDENADOR&nbsp; DO PROGRAMA DE P\u00d3S-GRADUA\u00c7\u00c3O EM EDUCA\u00c7\u00c3O<\/h4><div class=\"uagb-separator\"><\/div><\/div>\n\n\n\n<figure class=\"wp-block-image alignleft size-large is-resized\"><img loading=\"lazy\" decoding=\"async\" width=\"1024\" height=\"766\" src=\"https:\/\/propesp.uepa.br\/ppged\/wp-content\/uploads\/2026\/01\/Joao-Colares-1024x766.jpg\" alt=\"\" class=\"wp-image-11534\" style=\"aspect-ratio:0.744140625;object-fit:cover;width:270px;height:auto\" srcset=\"https:\/\/propesp.uepa.br\/ppged\/wp-content\/uploads\/2026\/01\/Joao-Colares-1024x766.jpg 1024w, https:\/\/propesp.uepa.br\/ppged\/wp-content\/uploads\/2026\/01\/Joao-Colares-300x225.jpg 300w, https:\/\/propesp.uepa.br\/ppged\/wp-content\/uploads\/2026\/01\/Joao-Colares-768x575.jpg 768w, https:\/\/propesp.uepa.br\/ppged\/wp-content\/uploads\/2026\/01\/Joao-Colares.jpg 1280w\" sizes=\"auto, (max-width: 1024px) 100vw, 1024px\" \/><\/figure>\n\n\n\n<p class=\"has-ast-global-color-8-color has-text-color\"><span style=\"font-family: 'trebuchet ms', geneva, sans-serif;\"><strong><a href=\"http:\/\/lattes.cnpq.br\/6415743127554581\">Prof. Dr. Jo\u00e3o Colares da Mota Neto<\/a><\/strong><\/span><\/p>\n\n\n\n<p class=\"has-ast-global-color-8-color has-text-color\"><span style=\"font-family: 'trebuchet ms', geneva, sans-serif;\"><strong>E-mail:<\/strong> joaocolares@uepa.br<\/span><\/p>\n\n\n\n<p class=\"has-ast-global-color-8-color has-text-color\" style=\"font-size:16px\">Professor da Universidade do Estado do Par\u00e1 (UEPA), vinculado ao Programa de P\u00f3s-Gradua\u00e7\u00e3o em Educa\u00e7\u00e3o e \u00e0s Licenciaturas em Pedagogia e Ci\u00eancias da Religi\u00e3o. Bolsista Produtividade em Pesquisa do CNPq (PQ-N\u00edvel C). Bolsista de P\u00f3s-Doutorado S\u00eanior do CNPq, em conex\u00e3o com a C\u00e1tedra UNESCO em Educa\u00e7\u00e3o para a Cidadania Global e a Justi\u00e7a Socioambiental, da Universidade de Caxias do Sul. Realizou investiga\u00e7\u00f5es de p\u00f3s-doutoramento na Universidad de Sevilla e na Universidad de M\u00e1laga, Espanha. Doutor em Educa\u00e7\u00e3o pela Universidade Federal do Par\u00e1 (UFPA), com Doutorado Sandu\u00edche na Universidad Pedag\u00f3gica Nacional de Colombia. Mestre em Educa\u00e7\u00e3o e Licenciado em Pedagogia pela UEPA. Desenvolve pesquisas nas \u00e1reas da Educa\u00e7\u00e3o Popular e dos Estudos Decoloniais. Vice-coordenador do Programa de P\u00f3s-Gradua\u00e7\u00e3o em Educa\u00e7\u00e3o da Uepa (2026-2028). Coordena a Rede de Pesquisa sobre Pedagogias Decoloniais na Amaz\u00f4nia, o Grupo de Pesquisa e Extens\u00e3o &#8220;Par\u00e1 Leitura&#8221; e a C\u00e1tedra S\u00e9rgio Vieira de Mello (UEPA-ACNUR\/ONU). \u00c9 coordenador adjunto da C\u00e1tedra Paulo Freire da Amaz\u00f4nia. \u00c9 membro do Conselho de Educa\u00e7\u00e3o Popular da Am\u00e9rica Latina e do Caribe (CEAAL) e s\u00f3cio da Associa\u00e7\u00e3o Nacional de P\u00f3s-Gradua\u00e7\u00e3o e Pesquisa em Educa\u00e7\u00e3o (ANPEd). Integra o Comit\u00ea Gestor Nacional das C\u00e1tedras S\u00e9rgio Vieira de Mello do Brasil. Foi titular da Coordenadoria de Rela\u00e7\u00f5es Internacionais da Uepa (2021-2024) e coordenador da Regi\u00e3o Norte na Associa\u00e7\u00e3o Brasileira de Educa\u00e7\u00e3o Internacional &#8211; FAUBAI (2022-2023). Foi titular da C\u00e2mara de Internacionaliza\u00e7\u00e3o da Associa\u00e7\u00e3o Brasileira de Reitores das Universidades Estaduais e Municipais &#8211; ABRUEM (2021-2024). Atuou como professor visitante na Universidad de M\u00e1laga, Espanha (2020) e na Universidad de la Frontera, Chile (2023).<\/p>\n\n\n\n<p class=\"has-ast-global-color-8-color has-text-color\" style=\"font-size:16px\"><\/p>\n\n\n\n<div class=\"wp-block-uagb-advanced-heading uagb-block-7cfaea08\"><h4 class=\"uagb-heading-text\">SECRETARIA<\/h4><div class=\"uagb-separator\"><\/div><\/div>\n\n\n\n<div class=\"wp-block-columns is-layout-flex wp-container-core-columns-is-layout-28f84493 wp-block-columns-is-layout-flex\">\n<div class=\"wp-block-column is-layout-flow wp-block-column-is-layout-flow\" style=\"flex-basis:50%\">\n<figure class=\"wp-block-image aligncenter size-full is-resized has-custom-border is-style-rounded\" style=\"margin-top:0;margin-right:0;margin-bottom:0;margin-left:0\"><img loading=\"lazy\" decoding=\"async\" width=\"712\" height=\"712\" src=\"https:\/\/propesp.uepa.br\/ppged\/wp-content\/uploads\/2026\/01\/raquel.jpg\" alt=\"\" class=\"wp-image-11628\" style=\"border-style:none;border-width:0px;border-radius:0px;object-fit:cover;width:265px;height:auto\" srcset=\"https:\/\/propesp.uepa.br\/ppged\/wp-content\/uploads\/2026\/01\/raquel.jpg 712w, https:\/\/propesp.uepa.br\/ppged\/wp-content\/uploads\/2026\/01\/raquel-300x300.jpg 300w, https:\/\/propesp.uepa.br\/ppged\/wp-content\/uploads\/2026\/01\/raquel-150x150.jpg 150w\" sizes=\"auto, (max-width: 712px) 100vw, 712px\" \/><figcaption class=\"wp-element-caption\">Raquel Victoria Rodrigues<\/figcaption><\/figure>\n<\/div>\n\n\n\n<div class=\"wp-block-column is-layout-flow wp-block-column-is-layout-flow\" style=\"flex-basis:50%\">\n<figure class=\"wp-block-image aligncenter size-full is-resized\"><img loading=\"lazy\" decoding=\"async\" width=\"935\" height=\"935\" src=\"https:\/\/propesp.uepa.br\/ppged\/wp-content\/uploads\/2026\/01\/jorginho.jpg\" alt=\"\" class=\"wp-image-11629\" style=\"width:265px\" srcset=\"https:\/\/propesp.uepa.br\/ppged\/wp-content\/uploads\/2026\/01\/jorginho.jpg 935w, https:\/\/propesp.uepa.br\/ppged\/wp-content\/uploads\/2026\/01\/jorginho-300x300.jpg 300w, https:\/\/propesp.uepa.br\/ppged\/wp-content\/uploads\/2026\/01\/jorginho-150x150.jpg 150w, https:\/\/propesp.uepa.br\/ppged\/wp-content\/uploads\/2026\/01\/jorginho-768x768.jpg 768w\" sizes=\"auto, (max-width: 935px) 100vw, 935px\" \/><figcaption class=\"wp-element-caption\">Jorge Farias<\/figcaption><\/figure>\n<\/div>\n<\/div>\n\n\n\n<p><\/p>\n","protected":false},"excerpt":{"rendered":"<p>COORDENADORA DO PROGRAMA DE P\u00d3S-GRADUA\u00c7\u00c3O EM EDUCA\u00c7\u00c3O Prof.\u00aa Dr.\u00aa Luc\u00e9lia de Moraes Braga Bassalo E-mail: lucelia.bassalo@uepa.br Doutora em Educa\u00e7\u00e3o pela UNB &#8211; Universidade de Bras\u00edlia (2012), Mestre em Educa\u00e7\u00e3o Brasileira pela UFC &#8211; Universidade Federal do Cear\u00e1 (1999). Professora Adjunto da Universidade do Estado do Par\u00e1 &#8211; UEPA. Profa do Programa de P\u00f3s-Gradua\u00e7\u00e3o em Educa\u00e7\u00e3o [&hellip;]<\/p>\n","protected":false},"author":1,"featured_media":0,"parent":660,"menu_order":1,"comment_status":"closed","ping_status":"closed","template":"","meta":{"_uag_custom_page_level_css":"","site-sidebar-layout":"default","site-content-layout":"","ast-site-content-layout":"","site-content-style":"default","site-sidebar-style":"default","ast-global-header-display":"","ast-banner-title-visibility":"","ast-main-header-display":"","ast-hfb-above-header-display":"","ast-hfb-below-header-display":"","ast-hfb-mobile-header-display":"","site-post-title":"","ast-breadcrumbs-content":"","ast-featured-img":"","footer-sml-layout":"","theme-transparent-header-meta":"","adv-header-id-meta":"","stick-header-meta":"","header-above-stick-meta":"","header-main-stick-meta":"","header-below-stick-meta":"","astra-migrate-meta-layouts":"","ast-page-background-enabled":"default","ast-page-background-meta":{"desktop":{"background-color":"var(--ast-global-color-4)","background-image":"","background-repeat":"repeat","background-position":"center center","background-size":"auto","background-attachment":"scroll","background-type":"","background-media":"","overlay-type":"","overlay-color":"","overlay-gradient":""},"tablet":{"background-color":"","background-image":"","background-repeat":"repeat","background-position":"center center","background-size":"auto","background-attachment":"scroll","background-type":"","background-media":"","overlay-type":"","overlay-color":"","overlay-gradient":""},"mobile":{"background-color":"","background-image":"","background-repeat":"repeat","background-position":"center center","background-size":"auto","background-attachment":"scroll","background-type":"","background-media":"","overlay-type":"","overlay-color":"","overlay-gradient":""}},"ast-content-background-meta":{"desktop":{"background-color":"var(--ast-global-color-5)","background-image":"","background-repeat":"repeat","background-position":"center center","background-size":"auto","background-attachment":"scroll","background-type":"","background-media":"","overlay-type":"","overlay-color":"","overlay-gradient":""},"tablet":{"background-color":"var(--ast-global-color-5)","background-image":"","background-repeat":"repeat","background-position":"center center","background-size":"auto","background-attachment":"scroll","background-type":"","background-media":"","overlay-type":"","overlay-color":"","overlay-gradient":""},"mobile":{"background-color":"var(--ast-global-color-5)","background-image":"","background-repeat":"repeat","background-position":"center center","background-size":"auto","background-attachment":"scroll","background-type":"","background-media":"","overlay-type":"","overlay-color":"","overlay-gradient":""}},"footnotes":""},"class_list":["post-23","page","type-page","status-publish","hentry"],"uagb_featured_image_src":{"full":false,"thumbnail":false,"medium":false,"medium_large":false,"large":false,"1536x1536":false,"2048x2048":false},"uagb_author_info":{"display_name":"adminsites@uepa.br","author_link":"https:\/\/propesp.uepa.br\/ppged\/author\/adminsitesuepa-br\/"},"uagb_comment_info":0,"uagb_excerpt":"COORDENADORA DO PROGRAMA DE P\u00d3S-GRADUA\u00c7\u00c3O EM EDUCA\u00c7\u00c3O Prof.\u00aa Dr.\u00aa Luc\u00e9lia de Moraes Braga Bassalo E-mail: lucelia.bassalo@uepa.br Doutora em Educa\u00e7\u00e3o pela UNB &#8211; Universidade de Bras\u00edlia (2012), Mestre em Educa\u00e7\u00e3o Brasileira pela UFC &#8211; Universidade Federal do Cear\u00e1 (1999). Professora Adjunto da Universidade do Estado do Par\u00e1 &#8211; UEPA. Profa do Programa de P\u00f3s-Gradua\u00e7\u00e3o em Educa\u00e7\u00e3o&hellip;","_links":{"self":[{"href":"https:\/\/propesp.uepa.br\/ppged\/wp-json\/wp\/v2\/pages\/23","targetHints":{"allow":["GET"]}}],"collection":[{"href":"https:\/\/propesp.uepa.br\/ppged\/wp-json\/wp\/v2\/pages"}],"about":[{"href":"https:\/\/propesp.uepa.br\/ppged\/wp-json\/wp\/v2\/types\/page"}],"author":[{"embeddable":true,"href":"https:\/\/propesp.uepa.br\/ppged\/wp-json\/wp\/v2\/users\/1"}],"replies":[{"embeddable":true,"href":"https:\/\/propesp.uepa.br\/ppged\/wp-json\/wp\/v2\/comments?post=23"}],"version-history":[{"count":23,"href":"https:\/\/propesp.uepa.br\/ppged\/wp-json\/wp\/v2\/pages\/23\/revisions"}],"predecessor-version":[{"id":11829,"href":"https:\/\/propesp.uepa.br\/ppged\/wp-json\/wp\/v2\/pages\/23\/revisions\/11829"}],"up":[{"embeddable":true,"href":"https:\/\/propesp.uepa.br\/ppged\/wp-json\/wp\/v2\/pages\/660"}],"wp:attachment":[{"href":"https:\/\/propesp.uepa.br\/ppged\/wp-json\/wp\/v2\/media?parent=23"}],"curies":[{"name":"wp","href":"https:\/\/api.w.org\/{rel}","templated":true}]}}