{"id":2413,"date":"2019-07-12T09:25:23","date_gmt":"2019-07-12T12:25:23","guid":{"rendered":"https:\/\/propesp.uepa.br\/ppged\/?page_id=2413"},"modified":"2024-01-26T10:11:41","modified_gmt":"2024-01-26T13:11:41","slug":"doutorado-3","status":"publish","type":"page","link":"https:\/\/propesp.uepa.br\/ppged\/apresentacao-2\/doutorado-3\/","title":{"rendered":"Linhas de Pesquisas &#8211; Doutorado"},"content":{"rendered":"\n<div class=\"wp-block-uagb-container uagb-block-72154372 alignfull uagb-is-root-container\"><div class=\"uagb-container-inner-blocks-wrap\">\n<div class=\"wp-block-uagb-advanced-heading uagb-block-56abdafa\"><h3 class=\"uagb-heading-text\">Linha de Saberes e Educa\u00e7\u00e3o na Amazonia<\/h3><\/div>\n\n\n\n<figure class=\"wp-block-table is-style-regular\"><table class=\"has-ast-global-color-8-color has-text-color\"><tbody><tr><td><strong>EIXO TEM\u00c1TICO<\/strong><\/td><td><strong>DESCRITOR DO EIXO TEM\u00c1TICO<\/strong><\/td><\/tr><tr><td><strong>Hist\u00f3ria da Educa\u00e7\u00e3o na Amaz\u00f4nia<\/strong><\/td><td>Estuda a hist\u00f3ria das institui\u00e7\u00f5es educativas, dos intelectuais, das disciplinas, dos impressos pedag\u00f3gicos, da educa\u00e7\u00e3o profissional e secund\u00e1ria, bem como a hist\u00f3ria de processos e pr\u00e1ticas de sociabilidades em espa\u00e7os n\u00e3o escolares na Amaz\u00f4nia.<\/td><\/tr><tr><td><strong>Saberes, cultura e educa\u00e7\u00e3o inclusiva na Amaz\u00f4nia<\/strong><\/td><td>Realiza estudos sobre saberes em diferentes contextos culturais e educacionais da Amaz\u00f4nia, envolvendo comunidades da educa\u00e7\u00e3o do campo: ribeirinhas, quilombolas, ind\u00edgenas, entre outros; da educa\u00e7\u00e3o popular, como jovens, adultos e idosos, da educa\u00e7\u00e3o especial, pessoas com defici\u00eancia e crian\u00e7as em sua dimens\u00e3o l\u00fadica e cultural, visando debater pol\u00edticas e pr\u00e1ticas de inclus\u00e3o social e educacional.<\/td><\/tr><tr><td>L<strong>inguagem, po\u00e9tica e educa\u00e7\u00e3o na Amaz\u00f4nia<\/strong><\/td><td>Pesquisa diferentes linguagens, no campo lingu\u00edstico e liter\u00e1rio, na Amaz\u00f4nia, a partir de temas ligados \u00e0 forma\u00e7\u00e3o do leitor, produ\u00e7\u00e3o, leitura e recep\u00e7\u00e3o po\u00e9tica, na sua forma escrita ou oral, letramento e multiletramento, em pr\u00e1ticas escolares e n\u00e3o escolares. Entende-se que o estudo de texto assenta-se em produ\u00e7\u00f5es de escritores-narradores da literatura brasileira de express\u00e3o amaz\u00f4nica, oriundos da letra e da voz, e em produ\u00e7\u00f5es advindas de outras fontes que compreendem a diversidade de produ\u00e7\u00e3o das comunidades da regi\u00e3o.<\/td><\/tr><tr><td><strong>Forma\u00e7\u00e3o, cultura, saberes e pr\u00e1ticas pedag\u00f3gicas<\/strong><\/td><td>Estuda a forma\u00e7\u00e3o, cultura, saberes e pr\u00e1ticas docentes nos contextos da educa\u00e7\u00e3o infantil, educa\u00e7\u00e3o popular, educa\u00e7\u00e3o f\u00edsica e educa\u00e7\u00e3o matem\u00e1tica. Debate pol\u00edticas e pr\u00e1ticas pedag\u00f3gicas no \u00e2mbito da educa\u00e7\u00e3o b\u00e1sica e superior.<\/td><\/tr><\/tbody><\/table><\/figure>\n<\/div><\/div>\n","protected":false},"excerpt":{"rendered":"<p>Linha de Saberes e Educa\u00e7\u00e3o na Amazonia EIXO TEM\u00c1TICO DESCRITOR DO EIXO TEM\u00c1TICO Hist\u00f3ria da Educa\u00e7\u00e3o na Amaz\u00f4nia Estuda a hist\u00f3ria das institui\u00e7\u00f5es educativas, dos intelectuais, das disciplinas, dos impressos pedag\u00f3gicos, da educa\u00e7\u00e3o profissional e secund\u00e1ria, bem como a hist\u00f3ria de processos e pr\u00e1ticas de sociabilidades em espa\u00e7os n\u00e3o escolares na Amaz\u00f4nia. Saberes, cultura e [&hellip;]<\/p>\n","protected":false},"author":1,"featured_media":0,"parent":15,"menu_order":2,"comment_status":"closed","ping_status":"closed","template":"","meta":{"_uag_custom_page_level_css":"","site-sidebar-layout":"default","site-content-layout":"","ast-site-content-layout":"","site-content-style":"default","site-sidebar-style":"default","ast-global-header-display":"","ast-banner-title-visibility":"","ast-main-header-display":"","ast-hfb-above-header-display":"","ast-hfb-below-header-display":"","ast-hfb-mobile-header-display":"","site-post-title":"","ast-breadcrumbs-content":"","ast-featured-img":"","footer-sml-layout":"","theme-transparent-header-meta":"","adv-header-id-meta":"","stick-header-meta":"","header-above-stick-meta":"","header-main-stick-meta":"","header-below-stick-meta":"","astra-migrate-meta-layouts":"default","ast-page-background-enabled":"default","ast-page-background-meta":{"desktop":{"background-color":"var(--ast-global-color-4)","background-image":"","background-repeat":"repeat","background-position":"center center","background-size":"auto","background-attachment":"scroll","background-type":"","background-media":"","overlay-type":"","overlay-color":"","overlay-gradient":""},"tablet":{"background-color":"","background-image":"","background-repeat":"repeat","background-position":"center center","background-size":"auto","background-attachment":"scroll","background-type":"","background-media":"","overlay-type":"","overlay-color":"","overlay-gradient":""},"mobile":{"background-color":"","background-image":"","background-repeat":"repeat","background-position":"center center","background-size":"auto","background-attachment":"scroll","background-type":"","background-media":"","overlay-type":"","overlay-color":"","overlay-gradient":""}},"ast-content-background-meta":{"desktop":{"background-color":"var(--ast-global-color-5)","background-image":"","background-repeat":"repeat","background-position":"center center","background-size":"auto","background-attachment":"scroll","background-type":"","background-media":"","overlay-type":"","overlay-color":"","overlay-gradient":""},"tablet":{"background-color":"var(--ast-global-color-5)","background-image":"","background-repeat":"repeat","background-position":"center center","background-size":"auto","background-attachment":"scroll","background-type":"","background-media":"","overlay-type":"","overlay-color":"","overlay-gradient":""},"mobile":{"background-color":"var(--ast-global-color-5)","background-image":"","background-repeat":"repeat","background-position":"center center","background-size":"auto","background-attachment":"scroll","background-type":"","background-media":"","overlay-type":"","overlay-color":"","overlay-gradient":""}},"footnotes":""},"class_list":["post-2413","page","type-page","status-publish","hentry"],"uagb_featured_image_src":{"full":false,"thumbnail":false,"medium":false,"medium_large":false,"large":false,"1536x1536":false,"2048x2048":false},"uagb_author_info":{"display_name":"adminsites@uepa.br","author_link":"https:\/\/propesp.uepa.br\/ppged\/author\/adminsitesuepa-br\/"},"uagb_comment_info":0,"uagb_excerpt":"Linha de Saberes e Educa\u00e7\u00e3o na Amazonia EIXO TEM\u00c1TICO DESCRITOR DO EIXO TEM\u00c1TICO Hist\u00f3ria da Educa\u00e7\u00e3o na Amaz\u00f4nia Estuda a hist\u00f3ria das institui\u00e7\u00f5es educativas, dos intelectuais, das disciplinas, dos impressos pedag\u00f3gicos, da educa\u00e7\u00e3o profissional e secund\u00e1ria, bem como a hist\u00f3ria de processos e pr\u00e1ticas de sociabilidades em espa\u00e7os n\u00e3o escolares na Amaz\u00f4nia. Saberes, cultura e&hellip;","_links":{"self":[{"href":"https:\/\/propesp.uepa.br\/ppged\/wp-json\/wp\/v2\/pages\/2413","targetHints":{"allow":["GET"]}}],"collection":[{"href":"https:\/\/propesp.uepa.br\/ppged\/wp-json\/wp\/v2\/pages"}],"about":[{"href":"https:\/\/propesp.uepa.br\/ppged\/wp-json\/wp\/v2\/types\/page"}],"author":[{"embeddable":true,"href":"https:\/\/propesp.uepa.br\/ppged\/wp-json\/wp\/v2\/users\/1"}],"replies":[{"embeddable":true,"href":"https:\/\/propesp.uepa.br\/ppged\/wp-json\/wp\/v2\/comments?post=2413"}],"version-history":[{"count":8,"href":"https:\/\/propesp.uepa.br\/ppged\/wp-json\/wp\/v2\/pages\/2413\/revisions"}],"predecessor-version":[{"id":9702,"href":"https:\/\/propesp.uepa.br\/ppged\/wp-json\/wp\/v2\/pages\/2413\/revisions\/9702"}],"up":[{"embeddable":true,"href":"https:\/\/propesp.uepa.br\/ppged\/wp-json\/wp\/v2\/pages\/15"}],"wp:attachment":[{"href":"https:\/\/propesp.uepa.br\/ppged\/wp-json\/wp\/v2\/media?parent=2413"}],"curies":[{"name":"wp","href":"https:\/\/api.w.org\/{rel}","templated":true}]}}