{"id":25,"date":"2016-12-13T16:34:01","date_gmt":"2016-12-13T19:34:01","guid":{"rendered":"http:\/\/ccse.uepa.br\/mestradoeducacao\/?page_id=25"},"modified":"2026-01-21T15:27:23","modified_gmt":"2026-01-21T18:27:23","slug":"linha-de-pesquisa-2","status":"publish","type":"page","link":"https:\/\/propesp.uepa.br\/ppged\/apresentacao-2\/doutorado-2\/linha-de-pesquisa-2\/","title":{"rendered":"Linhas de Pesquisa"},"content":{"rendered":"\n<div class=\"wp-block-uagb-container uagb-block-ae071655 alignfull uagb-is-root-container\"><div class=\"uagb-container-inner-blocks-wrap\">\n<h2 class=\"wp-block-heading has-ast-global-color-8-color has-text-color has-medium-font-size\">O Programa possui duas Linhas de Pesquisa: Forma\u00e7\u00e3o de Professores Doc\u00eancia e Pr\u00e1ticas Educativas e Saberes Culturais e Educa\u00e7\u00e3o na Amaz\u00f4nia.&nbsp;Cada Linha de Pesquisa do Programa possui uma coordena\u00e7\u00e3o espec\u00edfica eleita pelos seus pares e que desenvolve a\u00e7\u00f5es colegiadas com docentes, discentes e Coordena\u00e7\u00e3o Geral do Programa.<\/h2>\n\n\n\n<div class=\"wp-block-columns is-layout-flex wp-container-core-columns-is-layout-28f84493 wp-block-columns-is-layout-flex\">\n<div class=\"wp-block-column is-layout-flow wp-block-column-is-layout-flow\" style=\"flex-basis:100%\">\n<div class=\"wp-block-uagb-advanced-heading uagb-block-6c3b56d4\"><h4 class=\"uagb-heading-text\"><strong>Forma\u00e7\u00e3o de Professores, Doc\u00eancia e Pr\u00e1ticas Educativas<\/strong><\/h4><div class=\"uagb-separator\"><\/div><\/div>\n\n\n\n<p class=\"has-medium-font-size\"><mark style=\"background-color:rgba(0, 0, 0, 0)\" class=\"has-inline-color has-ast-global-color-8-color\">Investiga temas relacionados \u00e0 forma\u00e7\u00e3o de professores, doc\u00eancia, pr\u00e1ticas e processos educativos na educa\u00e7\u00e3o b\u00e1sica, superior e em outros espa\u00e7os socioculturais no contexto brasileiro e, em especial, amaz\u00f4nico<\/mark>.<\/p>\n<\/div>\n<\/div>\n\n\n\n<div class=\"wp-block-uagb-advanced-heading uagb-block-56b3fb6f\"><h3 class=\"uagb-heading-text\"><span style=\"font-family: 'trebuchet ms', geneva, sans-serif;\"><strong>Eixos Tem\u00e1ticos<\/strong><\/span>:<\/h3><\/div>\n\n\n\n<div class=\"wp-block-columns is-layout-flex wp-container-core-columns-is-layout-28f84493 wp-block-columns-is-layout-flex\">\n<div class=\"wp-block-column is-layout-flow wp-block-column-is-layout-flow\" style=\"flex-basis:100%\">\n<ul class=\"wp-block-list\">\n<li class=\"has-medium-font-size\"><mark style=\"background-color:rgba(0, 0, 0, 0)\" class=\"has-inline-color has-ast-global-color-8-color\"><strong>A. Doc\u00eancia, teorias, pr\u00e1ticas e processos educativos na Amaz\u00f4nia<\/strong>: Desenvolve pesquisas sobre forma\u00e7\u00e3o, doc\u00eancia, teorias e pr\u00e1ticas relativas \u00e0 Educa\u00e7\u00e3o Especial, \u00e0 Educa\u00e7\u00e3o Popular \u00e0 inf\u00e2ncia, juventude, g\u00eanero e diversidade sexual; bem como investiga a organiza\u00e7\u00e3o e as pr\u00e1ticas pedag\u00f3gicas na Educa\u00e7\u00e3o B\u00e1sica e na Educa\u00e7\u00e3o Superior. <\/mark><\/li>\n<\/ul>\n\n\n\n<p class=\"has-ast-global-color-8-color has-text-color has-link-color wp-elements-1d4e568d3b537e48d471cb96b1c9510b\" style=\"font-style:normal;font-weight:700\">Docentes do eixo:<\/p>\n\n\n\n<ul class=\"wp-block-list\">\n<li class=\"has-ast-global-color-8-color has-text-color has-link-color wp-elements-502bbf17d2479be522e1afe6e58522bf\"><a href=\"http:\/\/lattes.cnpq.br\/5314934140642552\">Prof.\u00aa Dr.\u00aa Lana Claudia Macedo<\/a><\/li>\n\n\n\n<li class=\"has-ast-global-color-8-color has-text-color has-link-color wp-elements-7e383d1b3a0e2c929b763674c99c4a2c\"><a href=\"http:\/\/lattes.cnpq.br\/6941089571024585\">Prof\u00aa. Dr.\u00aa Luc\u00e9lia Bassalo<\/a><\/li>\n\n\n\n<li class=\"has-ast-global-color-8-color has-text-color has-link-color wp-elements-470a53ad2a0f6ef37de430fded81dc8a\"><a href=\"http:\/\/lattes.cnpq.br\/5299382052741078\">Prof.\u00aa Dr.\u00aa Marta Gen\u00fa Soares<\/a><\/li>\n\n\n\n<li class=\"has-ast-global-color-8-color has-text-color has-link-color wp-elements-1c648ebd5cacd5bcc016618cb253f12c\"><a href=\"http:\/\/lattes.cnpq.br\/5767392608877546\">Prof. Dr. Raimundo S\u00e9rgio de Farias J\u00fanior;<\/a><\/li>\n\n\n\n<li class=\"has-ast-global-color-8-color has-text-color has-link-color wp-elements-3c45aa4f6bbc7cec032036a4331820c6\"><a href=\"http:\/\/lattes.cnpq.br\/1033138909231401\">Prof.\u00aa Dr.\u00aa T\u00e2nia Regina Lobato dos Santos<\/a><\/li>\n<\/ul>\n\n\n\n<p class=\"has-ast-global-color-5-color has-text-color has-link-color wp-elements-b2945611cbd2a9a7f44fc8f28077b385\">.<\/p>\n\n\n\n<ul class=\"wp-block-list has-medium-font-size\">\n<li class=\"has-medium-font-size\"><mark style=\"background-color:rgba(0, 0, 0, 0)\" class=\"has-inline-color has-ast-global-color-8-color\"><strong>B. Educa\u00e7\u00e3o matem\u00e1tica e pr\u00e1ticas pedag\u00f3gicas inovadoras.<\/strong>Realiza estudos sobre doc\u00eancia e pr\u00e1ticas inovadoras no \u00e2mbito da Educa\u00e7\u00e3o B\u00e1sica e da Educa\u00e7\u00e3o Superior, bem como nos impactos sociais. com foco na Educa\u00e7\u00e3o Matem\u00e1tica.<\/mark><\/li>\n<\/ul>\n\n\n\n<p class=\"has-ast-global-color-8-color has-text-color has-link-color wp-elements-1d4e568d3b537e48d471cb96b1c9510b\" style=\"font-style:normal;font-weight:700\">Docentes do eixo:<\/p>\n\n\n\n<ul class=\"wp-block-list\">\n<li class=\"has-ast-global-color-8-color has-text-color has-link-color wp-elements-6112945015c4bb71df2d714a447c8aaf\"><a href=\"http:\/\/lattes.cnpq.br\/3739552118066554\">Prof. Dr. F\u00e1bio Jos\u00e9 da Costa Alves;<\/a><\/li>\n\n\n\n<li class=\"has-ast-global-color-8-color has-text-color has-link-color wp-elements-4d3d754efd3fc96ebb1fadd2792aefcc\"><a href=\"http:\/\/lattes.cnpq.br\/4323922632919962\">Prof. Dr. Pedro Franco de S\u00e1;<\/a><\/li>\n\n\n\n<li class=\"has-ast-global-color-8-color has-text-color has-link-color wp-elements-adbdd444722164d6079659f0f8987ab3\"><a href=\"http:\/\/lattes.cnpq.br\/2330267916634053\">Prof.\u00aa Dr.\u00aa Rosineide de Souza Juc\u00e1<\/a><\/li>\n<\/ul>\n<\/div>\n<\/div>\n\n\n\n<div class=\"wp-block-columns is-layout-flex wp-container-core-columns-is-layout-28f84493 wp-block-columns-is-layout-flex\">\n<div class=\"wp-block-column is-layout-flow wp-block-column-is-layout-flow\" style=\"flex-basis:100%\">\n<div class=\"wp-block-group is-nowrap is-layout-flex wp-container-core-group-is-layout-6c531013 wp-block-group-is-layout-flex\">\n<div class=\"wp-block-group is-layout-constrained wp-block-group-is-layout-constrained\">\n<div class=\"wp-block-uagb-advanced-heading uagb-block-0bc5fe2a\"><h4 class=\"uagb-heading-text\"><strong>Saberes Culturais e Educa\u00e7\u00e3o na Amaz\u00f4nia<\/strong><\/h4><div class=\"uagb-separator\"><\/div><\/div>\n\n\n\n<p class=\"has-medium-font-size\"><mark style=\"background-color:rgba(0, 0, 0, 0)\" class=\"has-inline-color has-ast-global-color-8-color\">Investiga temas educacionais relacionados ao contextocultural brasileiro e amaz\u00f4nico, refletindo sobre saberes,representa\u00e7\u00f5es, imagin\u00e1rios, conhecimentos e poderinerentes \u00e0s pr\u00e1ticas socioculturais e educativas, visandocontribuir para a constru\u00e7\u00e3o de pr\u00e1ticas sociais eeducacionais inovadoras. Destaca-se que a Linha, dada asua natureza, favorece a integra\u00e7\u00e3o de diferentes \u00e1reasde conhecimento (educa\u00e7\u00e3o, filosofia, sociologia,lingu\u00edstica, literatura, antropologia, hist\u00f3ria, entreoutras) e o desenvolvimento da pesquisainterdisciplinar, possibilitando, tamb\u00e9m, integra\u00e7\u00e3o dosdocentes em projetos comuns de pesquisa.<\/mark><\/p>\n\n\n\n<h3 class=\"wp-block-heading has-text-align-center has-ast-global-color-1-color has-text-color has-link-color wp-elements-8e7dc9e990b10b5ced23fe4130f1a582\" style=\"font-size:20px;font-style:normal;font-weight:700\"><strong>Eixos Tem\u00e1ticos:<\/strong><\/h3>\n\n\n\n<ul class=\"wp-block-list\">\n<li><mark style=\"background-color:rgba(0, 0, 0, 0)\" class=\"has-inline-color has-ast-global-color-8-color\"><strong>A. Hist\u00f3ria da Educa\u00e7\u00e3o na Amaz\u00f4nia<\/strong>:<\/mark> <mark style=\"background-color:rgba(0, 0, 0, 0)\" class=\"has-inline-color has-ast-global-color-8-color\">Estuda a hist\u00f3ria das institui\u00e7\u00f5es educativas, dos intelectuais, das disciplinas, dos impressos pedag\u00f3gicos, da educa\u00e7\u00e3o profissional e secund\u00e1ria, bem como a hist\u00f3ria de processos e pr\u00e1ticas de sociabilidades em espa\u00e7os n\u00e3o escolares na Amaz\u00f4nia<\/mark><\/li>\n<\/ul>\n\n\n\n<p class=\"has-ast-global-color-8-color has-text-color has-link-color wp-elements-c73d884daea4bc95bd4df889afac1022\" style=\"font-style:normal;font-weight:700\"><strong>Docentes do eixo:<\/strong><\/p>\n\n\n\n<ul class=\"wp-block-list\">\n<li class=\"has-ast-global-color-8-color has-text-color has-link-color wp-elements-1fc66abaaefd3a3ffba56fb56827f0fd\"><a href=\"http:\/\/lattes.cnpq.br\/6849661131305117\">Prof.\u00aa Dr.\u00aa Maria Bet\u00e2nia Barbosa Albuquerque;<\/a><\/li>\n\n\n\n<li class=\"has-ast-global-color-8-color has-text-color has-link-color wp-elements-31208d6ab134ba26404709e246e812db\"><a href=\"http:\/\/lattes.cnpq.br\/7005058905002975\">Prof.\u00aa Dr.\u00aa Maria do Perp\u00e9tuo Socorro Avelino de Fran\u00e7a<\/a><\/li>\n<\/ul>\n\n\n\n<p class=\"has-ast-global-color-5-color has-text-color has-link-color wp-elements-b2945611cbd2a9a7f44fc8f28077b385\">.<\/p>\n\n\n\n<ul class=\"wp-block-list\">\n<li><mark style=\"background-color:rgba(0, 0, 0, 0)\" class=\"has-inline-color has-ast-global-color-8-color\"><strong>B. Educa\u00e7\u00e3o, inclus\u00e3o e diversidade na Amaz\u00f4nia:<\/strong> realiza estudos sobre saberes em diferentes contextos culturais e educacionais da Amaz\u00f4nia; desenvolve pesquisas com crian\u00e7as, jovens, adultos e idosos na educa\u00e7\u00e3o popular; na educa\u00e7\u00e3o especial com o p\u00fablico desta modalidade de ensino e com crian\u00e7as em sua dimens\u00e3o l\u00fadica e cultural visando debater politicas e pr\u00e1ticas de inclus\u00e3o social e educacional; realiza estudos sobre educa\u00e7\u00e3o intercultural, decolonial, socioambiental e do campo, em territ\u00f3rios rurais ribeirinhos e urbanos na Amaz\u00f4nia, visando contribuir tanto para o debate te\u00f3rico e epistemol\u00f3gico desses temas quanto para a agenda de politicas p\u00fablicas e pr\u00e1ticas de inclus\u00e3o. Pesquisa diferentes linguagens, a partir de temas ligados \u00e0 forma\u00e7\u00e3o do leitor, produ\u00e7\u00e3o, leitura e recep\u00e7\u00e3o po\u00e9tica, na sua forma escrita ou oral, letramento e multiletramento, em pr\u00e1ticas escolares e n\u00e3o escolares.<\/mark><\/li>\n<\/ul>\n\n\n\n<ul class=\"wp-block-list\">\n<li class=\"has-ast-global-color-8-color has-text-color has-link-color wp-elements-592cef3707ed77b1857ac7d2d686d919\"><a href=\"http:\/\/lattes.cnpq.br\/6486192420682817\">Prof.\u00aa Dr.\u00aa Ivanilde Apoluceno de Oliveira;<\/a><\/li>\n\n\n\n<li class=\"has-ast-global-color-8-color has-text-color has-link-color wp-elements-55b59c7682edb3f583bd0a89fe48671c\"><a href=\"http:\/\/lattes.cnpq.br\/6415743127554581\">Prof. Dr. Jo\u00e3o Colares da Mota Neto;<\/a><\/li>\n\n\n\n<li class=\"has-ast-global-color-8-color has-text-color has-link-color wp-elements-bdef312b74c03e0dfebf43a289a01645\"><a href=\"http:\/\/lattes.cnpq.br\/0804431852151011\">Prof. Dr. Jos\u00e9 Anchieta de Oliveira Bentes;<\/a><\/li>\n\n\n\n<li class=\"has-ast-global-color-8-color has-text-color has-link-color wp-elements-9b8742cb4718a5313a95f49db6567f79\"><a href=\"http:\/\/lattes.cnpq.br\/2200605980961260\">Prof.\u00aa Dr.\u00aa Maria das Gra\u00e7as da Silva<\/a>;<\/li>\n\n\n\n<li class=\"has-ast-global-color-8-color has-text-color has-link-color wp-elements-bf3ceddd65a5179e45ff6d672db747e8\"><a href=\"http:\/\/lattes.cnpq.br\/3419837056969280\">Prof.\u00aa Dr.\u00aa Nazar\u00e9 Cristina Carvalho;<\/a><\/li>\n\n\n\n<li class=\"has-ast-global-color-8-color has-text-color has-link-color wp-elements-3ecbe186e7636e5d0c365e03fbb9ee5d\"><a href=\"http:\/\/lattes.cnpq.br\/4987306548638650\">Prof. Dr. Paulo Jorge Martins Nunes;<\/a><\/li>\n\n\n\n<li class=\"has-ast-global-color-8-color has-text-color has-link-color wp-elements-2ae7d1d95986e20798f6b16905d712dc\"><a href=\"http:\/\/lattes.cnpq.br\/1347947243469780\">Prof. Dr. S\u00e9rgio Roberto Moraes C\u00f4rrea<\/a>;<\/li>\n\n\n\n<li class=\"has-ast-global-color-8-color has-text-color has-link-color wp-elements-247285064228dc262b2db320507a9e63\"><a href=\"http:\/\/lattes.cnpq.br\/8603721964124324\">Prof.\u00aa Dr.\u00aa Taissa Tavernard de Luca<\/a><\/li>\n<\/ul>\n<\/div>\n<\/div>\n<\/div>\n<\/div>\n\n\n\n<p class=\"has-ast-global-color-8-color has-text-color\" style=\"font-size:16px\"><\/p>\n<\/div><\/div>\n\n\n\n<p><\/p>\n","protected":false},"excerpt":{"rendered":"<p>O Programa possui duas Linhas de Pesquisa: Forma\u00e7\u00e3o de Professores Doc\u00eancia e Pr\u00e1ticas Educativas e Saberes Culturais e Educa\u00e7\u00e3o na Amaz\u00f4nia.&nbsp;Cada Linha de Pesquisa do Programa possui uma coordena\u00e7\u00e3o espec\u00edfica eleita pelos seus pares e que desenvolve a\u00e7\u00f5es colegiadas com docentes, discentes e Coordena\u00e7\u00e3o Geral do Programa. Forma\u00e7\u00e3o de Professores, Doc\u00eancia e Pr\u00e1ticas Educativas Investiga [&hellip;]<\/p>\n","protected":false},"author":1,"featured_media":0,"parent":3504,"menu_order":0,"comment_status":"closed","ping_status":"closed","template":"","meta":{"_uag_custom_page_level_css":"","site-sidebar-layout":"default","site-content-layout":"","ast-site-content-layout":"","site-content-style":"default","site-sidebar-style":"default","ast-global-header-display":"","ast-banner-title-visibility":"","ast-main-header-display":"","ast-hfb-above-header-display":"","ast-hfb-below-header-display":"","ast-hfb-mobile-header-display":"","site-post-title":"","ast-breadcrumbs-content":"","ast-featured-img":"","footer-sml-layout":"","theme-transparent-header-meta":"","adv-header-id-meta":"","stick-header-meta":"","header-above-stick-meta":"","header-main-stick-meta":"","header-below-stick-meta":"","astra-migrate-meta-layouts":"default","ast-page-background-enabled":"default","ast-page-background-meta":{"desktop":{"background-color":"var(--ast-global-color-4)","background-image":"","background-repeat":"repeat","background-position":"center center","background-size":"auto","background-attachment":"scroll","background-type":"","background-media":"","overlay-type":"","overlay-color":"","overlay-gradient":""},"tablet":{"background-color":"","background-image":"","background-repeat":"repeat","background-position":"center center","background-size":"auto","background-attachment":"scroll","background-type":"","background-media":"","overlay-type":"","overlay-color":"","overlay-gradient":""},"mobile":{"background-color":"","background-image":"","background-repeat":"repeat","background-position":"center center","background-size":"auto","background-attachment":"scroll","background-type":"","background-media":"","overlay-type":"","overlay-color":"","overlay-gradient":""}},"ast-content-background-meta":{"desktop":{"background-color":"var(--ast-global-color-5)","background-image":"","background-repeat":"repeat","background-position":"center center","background-size":"auto","background-attachment":"scroll","background-type":"","background-media":"","overlay-type":"","overlay-color":"","overlay-gradient":""},"tablet":{"background-color":"var(--ast-global-color-5)","background-image":"","background-repeat":"repeat","background-position":"center center","background-size":"auto","background-attachment":"scroll","background-type":"","background-media":"","overlay-type":"","overlay-color":"","overlay-gradient":""},"mobile":{"background-color":"var(--ast-global-color-5)","background-image":"","background-repeat":"repeat","background-position":"center center","background-size":"auto","background-attachment":"scroll","background-type":"","background-media":"","overlay-type":"","overlay-color":"","overlay-gradient":""}},"footnotes":""},"class_list":["post-25","page","type-page","status-publish","hentry"],"uagb_featured_image_src":{"full":false,"thumbnail":false,"medium":false,"medium_large":false,"large":false,"1536x1536":false,"2048x2048":false},"uagb_author_info":{"display_name":"adminsites@uepa.br","author_link":"https:\/\/propesp.uepa.br\/ppged\/author\/adminsitesuepa-br\/"},"uagb_comment_info":0,"uagb_excerpt":"O Programa possui duas Linhas de Pesquisa: Forma\u00e7\u00e3o de Professores Doc\u00eancia e Pr\u00e1ticas Educativas e Saberes Culturais e Educa\u00e7\u00e3o na Amaz\u00f4nia.&nbsp;Cada Linha de Pesquisa do Programa possui uma coordena\u00e7\u00e3o espec\u00edfica eleita pelos seus pares e que desenvolve a\u00e7\u00f5es colegiadas com docentes, discentes e Coordena\u00e7\u00e3o Geral do Programa. Forma\u00e7\u00e3o de Professores, Doc\u00eancia e Pr\u00e1ticas Educativas Investiga&hellip;","_links":{"self":[{"href":"https:\/\/propesp.uepa.br\/ppged\/wp-json\/wp\/v2\/pages\/25","targetHints":{"allow":["GET"]}}],"collection":[{"href":"https:\/\/propesp.uepa.br\/ppged\/wp-json\/wp\/v2\/pages"}],"about":[{"href":"https:\/\/propesp.uepa.br\/ppged\/wp-json\/wp\/v2\/types\/page"}],"author":[{"embeddable":true,"href":"https:\/\/propesp.uepa.br\/ppged\/wp-json\/wp\/v2\/users\/1"}],"replies":[{"embeddable":true,"href":"https:\/\/propesp.uepa.br\/ppged\/wp-json\/wp\/v2\/comments?post=25"}],"version-history":[{"count":23,"href":"https:\/\/propesp.uepa.br\/ppged\/wp-json\/wp\/v2\/pages\/25\/revisions"}],"predecessor-version":[{"id":11593,"href":"https:\/\/propesp.uepa.br\/ppged\/wp-json\/wp\/v2\/pages\/25\/revisions\/11593"}],"up":[{"embeddable":true,"href":"https:\/\/propesp.uepa.br\/ppged\/wp-json\/wp\/v2\/pages\/3504"}],"wp:attachment":[{"href":"https:\/\/propesp.uepa.br\/ppged\/wp-json\/wp\/v2\/media?parent=25"}],"curies":[{"name":"wp","href":"https:\/\/api.w.org\/{rel}","templated":true}]}}