{"id":358,"date":"2016-12-26T19:23:45","date_gmt":"2016-12-26T22:23:45","guid":{"rendered":"http:\/\/ccse.uepa.br\/mestradoeducacao\/?page_id=358"},"modified":"2025-11-26T14:22:44","modified_gmt":"2025-11-26T17:22:44","slug":"organizacao-curricular-2","status":"publish","type":"page","link":"https:\/\/propesp.uepa.br\/ppged\/organizacao-curricular-2\/","title":{"rendered":"Organiza\u00e7\u00e3o Curricular do Mestrado a partir de 2025"},"content":{"rendered":"\n<p><strong>1<\/strong><mark style=\"background-color:rgba(0, 0, 0, 0);color:#000000\" class=\"has-inline-color\"><strong>\u00ba Semestre (10 CR)<br><\/strong>Epistemologia e Educa\u00e7\u00e3o I \u2013 60h &#8211; 03 CR<br>Pesquisa em Educa\u00e7\u00e3o \u2013 60h &#8211; 03 CR<br>Disciplina Obrigat\u00f3ria de Linha \u2013 60h &#8211; 03 CR<br>Orienta\u00e7\u00e3o de Disserta\u00e7\u00e3o I \u2013 20h &#8211; 01 CR<br><br><strong>2\u00ba Semestre (14 CR)<br><\/strong>Fundamentos Hist\u00f3ricos e Filos\u00f3ficos da Educa\u00e7\u00e3o Brasileira \u2013 60h &#8211; 3CR.<br>Estudos Metodol\u00f3gicos \u2013 60h &#8211; 3 CR<br>Disciplina Eletiva \u2013 60h &#8211; 3 CR<br>Orienta\u00e7\u00e3o de Disserta\u00e7\u00e3o II- 20h &#8211; 1 CR<br>Exame de Profici\u00eancia em L\u00edngua Estrangeira (Ingl\u00eas ou Franc\u00eas ou Espanhol).<br>Qualifica\u00e7\u00e3o da Disserta\u00e7\u00e3o- 3 CR<br><br><strong>3\u00ba Semestre (1 CR) <br><\/strong>Orienta\u00e7\u00e3o de Disserta\u00e7\u00e3o III \u2013 20h &#8211; 1 CR<br><br><strong>4\u00ba Semestre (4 CR)<br><\/strong>Orienta\u00e7\u00e3o de Disserta\u00e7\u00e3o IV \u2013 20h &#8211; 1 CR<br>Defesa da Disserta\u00e7\u00e3o- 3CR<br><br><strong>Disciplinas Eletivas (uma obrigat\u00f3ria)<\/strong><br>1) Corpo, Cultura e Filosofia Africana <br>2) Tend\u00eancias em Educa\u00e7\u00e3o Matem\u00e1tica <br>3) Estudos de g\u00eanero e educa\u00e7\u00e3o <br>4) An\u00e1lise quantitativa da pesquisa em educa\u00e7\u00e3o <br>5) Epistemologias e Pr\u00e1ticas de Educa\u00e7\u00e3o n\u00e3o Escolar <br>6) Leituras tem\u00e1ticas da educa\u00e7\u00e3o de Paulo Freire <br>7) Dialogismo e Educa\u00e7\u00e3o <br>8) Pensamento Social e Educacional Latino-Americano <br>9) Curr\u00edculo e Experi\u00eancias Inovadoras na Forma\u00e7\u00e3o de Professores <br>10) Hist\u00f3ria da Educa\u00e7\u00e3o na Amaz\u00f4nia <br>11) Perspectiva s\u00f3cio hist\u00f3rica e cultural da educa\u00e7\u00e3o infantil<br>12) Educa\u00e7\u00e3o Especial na perspectiva inclusiva: pol\u00edticas e fundamentos te\u00f3rico-metodol\u00f3gicos<br>13) Semin\u00e1rios Tem\u00e1ticos de Hist\u00f3ria Cultural e Educa\u00e7\u00e3o <br>14) Pesquisa Qualitativa em Educa\u00e7\u00e3o.<\/mark><\/p>\n\n\n\n<figure class=\"wp-block-embed is-type-wp-embed is-provider-ppged wp-block-embed-ppged\">\n<blockquote class=\"wp-embedded-content\" data-secret=\"BlTgf1lK78\"><a href=\"https:\/\/propesp.uepa.br\/ppged\/organizacao-curricular-do-mestrado-a-partir-de-2025\/\">Antiga Organiza\u00e7\u00e3o Curricular do Mestrado<\/a><\/blockquote><iframe loading=\"lazy\" class=\"wp-embedded-content\" sandbox=\"allow-scripts\" security=\"restricted\" style=\"position: absolute; visibility: hidden;\" title=\"&#8220;Antiga Organiza\u00e7\u00e3o Curricular do Mestrado&#8221; &#8212; PPGED\" src=\"https:\/\/propesp.uepa.br\/ppged\/organizacao-curricular-do-mestrado-a-partir-de-2025\/embed\/#?secret=YuVFbXUr0Z#?secret=BlTgf1lK78\" data-secret=\"BlTgf1lK78\" width=\"500\" height=\"282\" frameborder=\"0\" marginwidth=\"0\" marginheight=\"0\" scrolling=\"no\"><\/iframe>\n<\/figure>\n\n\n\n<p><\/p>\n","protected":false},"excerpt":{"rendered":"<p>1\u00ba Semestre (10 CR)Epistemologia e Educa\u00e7\u00e3o I \u2013 60h &#8211; 03 CRPesquisa em Educa\u00e7\u00e3o \u2013 60h &#8211; 03 CRDisciplina Obrigat\u00f3ria de Linha \u2013 60h &#8211; 03 CROrienta\u00e7\u00e3o de Disserta\u00e7\u00e3o I \u2013 20h &#8211; 01 CR 2\u00ba Semestre (14 CR)Fundamentos Hist\u00f3ricos e Filos\u00f3ficos da Educa\u00e7\u00e3o Brasileira \u2013 60h &#8211; 3CR.Estudos Metodol\u00f3gicos \u2013 60h &#8211; 3 CRDisciplina [&hellip;]<\/p>\n","protected":false},"author":1,"featured_media":3689,"parent":0,"menu_order":0,"comment_status":"closed","ping_status":"closed","template":"","meta":{"_uag_custom_page_level_css":"","site-sidebar-layout":"default","site-content-layout":"","ast-site-content-layout":"","site-content-style":"default","site-sidebar-style":"default","ast-global-header-display":"","ast-banner-title-visibility":"","ast-main-header-display":"","ast-hfb-above-header-display":"","ast-hfb-below-header-display":"","ast-hfb-mobile-header-display":"","site-post-title":"","ast-breadcrumbs-content":"","ast-featured-img":"","footer-sml-layout":"","theme-transparent-header-meta":"","adv-header-id-meta":"","stick-header-meta":"","header-above-stick-meta":"","header-main-stick-meta":"","header-below-stick-meta":"","astra-migrate-meta-layouts":"default","ast-page-background-enabled":"default","ast-page-background-meta":{"desktop":{"background-color":"var(--ast-global-color-4)","background-image":"","background-repeat":"repeat","background-position":"center center","background-size":"auto","background-attachment":"scroll","background-type":"","background-media":"","overlay-type":"","overlay-color":"","overlay-gradient":""},"tablet":{"background-color":"","background-image":"","background-repeat":"repeat","background-position":"center center","background-size":"auto","background-attachment":"scroll","background-type":"","background-media":"","overlay-type":"","overlay-color":"","overlay-gradient":""},"mobile":{"background-color":"","background-image":"","background-repeat":"repeat","background-position":"center center","background-size":"auto","background-attachment":"scroll","background-type":"","background-media":"","overlay-type":"","overlay-color":"","overlay-gradient":""}},"ast-content-background-meta":{"desktop":{"background-color":"var(--ast-global-color-5)","background-image":"","background-repeat":"repeat","background-position":"center center","background-size":"auto","background-attachment":"scroll","background-type":"","background-media":"","overlay-type":"","overlay-color":"","overlay-gradient":""},"tablet":{"background-color":"var(--ast-global-color-5)","background-image":"","background-repeat":"repeat","background-position":"center center","background-size":"auto","background-attachment":"scroll","background-type":"","background-media":"","overlay-type":"","overlay-color":"","overlay-gradient":""},"mobile":{"background-color":"var(--ast-global-color-5)","background-image":"","background-repeat":"repeat","background-position":"center center","background-size":"auto","background-attachment":"scroll","background-type":"","background-media":"","overlay-type":"","overlay-color":"","overlay-gradient":""}},"footnotes":""},"class_list":["post-358","page","type-page","status-publish","has-post-thumbnail","hentry"],"uagb_featured_image_src":{"full":false,"thumbnail":false,"medium":false,"medium_large":false,"large":false,"1536x1536":false,"2048x2048":false},"uagb_author_info":{"display_name":"adminsites@uepa.br","author_link":"https:\/\/propesp.uepa.br\/ppged\/author\/adminsitesuepa-br\/"},"uagb_comment_info":0,"uagb_excerpt":"1\u00ba Semestre (10 CR)Epistemologia e Educa\u00e7\u00e3o I \u2013 60h &#8211; 03 CRPesquisa em Educa\u00e7\u00e3o \u2013 60h &#8211; 03 CRDisciplina Obrigat\u00f3ria de Linha \u2013 60h &#8211; 03 CROrienta\u00e7\u00e3o de Disserta\u00e7\u00e3o I \u2013 20h &#8211; 01 CR 2\u00ba Semestre (14 CR)Fundamentos Hist\u00f3ricos e Filos\u00f3ficos da Educa\u00e7\u00e3o Brasileira \u2013 60h &#8211; 3CR.Estudos Metodol\u00f3gicos \u2013 60h &#8211; 3 CRDisciplina&hellip;","_links":{"self":[{"href":"https:\/\/propesp.uepa.br\/ppged\/wp-json\/wp\/v2\/pages\/358","targetHints":{"allow":["GET"]}}],"collection":[{"href":"https:\/\/propesp.uepa.br\/ppged\/wp-json\/wp\/v2\/pages"}],"about":[{"href":"https:\/\/propesp.uepa.br\/ppged\/wp-json\/wp\/v2\/types\/page"}],"author":[{"embeddable":true,"href":"https:\/\/propesp.uepa.br\/ppged\/wp-json\/wp\/v2\/users\/1"}],"replies":[{"embeddable":true,"href":"https:\/\/propesp.uepa.br\/ppged\/wp-json\/wp\/v2\/comments?post=358"}],"version-history":[{"count":17,"href":"https:\/\/propesp.uepa.br\/ppged\/wp-json\/wp\/v2\/pages\/358\/revisions"}],"predecessor-version":[{"id":11454,"href":"https:\/\/propesp.uepa.br\/ppged\/wp-json\/wp\/v2\/pages\/358\/revisions\/11454"}],"wp:featuredmedia":[{"embeddable":true,"href":"https:\/\/propesp.uepa.br\/ppged\/wp-json\/"}],"wp:attachment":[{"href":"https:\/\/propesp.uepa.br\/ppged\/wp-json\/wp\/v2\/media?parent=358"}],"curies":[{"name":"wp","href":"https:\/\/api.w.org\/{rel}","templated":true}]}}