{"id":3931,"date":"2020-03-05T19:12:55","date_gmt":"2020-03-05T22:12:55","guid":{"rendered":"https:\/\/propesp.uepa.br\/ppged\/?page_id=3931"},"modified":"2026-02-10T10:39:24","modified_gmt":"2026-02-10T13:39:24","slug":"acervo-bibliografia-e-pesquisa-2","status":"publish","type":"page","link":"https:\/\/propesp.uepa.br\/ppged\/acervo-bibliografia-e-pesquisa-2\/","title":{"rendered":"Acervo, Bibliografia e Pesquisa"},"content":{"rendered":"\n<figure class=\"wp-block-embed is-type-wp-embed is-provider-ppged wp-block-embed-ppged\">\n<blockquote class=\"wp-embedded-content\" data-secret=\"hL1q92lvUf\"><a href=\"https:\/\/propesp.uepa.br\/ppged\/revista-cocar\/\">Revista Cocar<\/a><\/blockquote><iframe loading=\"lazy\" class=\"wp-embedded-content\" sandbox=\"allow-scripts\" security=\"restricted\" style=\"position: absolute; visibility: hidden;\" title=\"&#8220;Revista Cocar&#8221; &#8212; PPGED\" src=\"https:\/\/propesp.uepa.br\/ppged\/revista-cocar\/embed\/#?secret=sqOaPuxQAU#?secret=hL1q92lvUf\" data-secret=\"hL1q92lvUf\" width=\"500\" height=\"282\" frameborder=\"0\" marginwidth=\"0\" marginheight=\"0\" scrolling=\"no\"><\/iframe>\n<\/figure>\n\n\n\n<p><\/p>\n\n\n\n<figure class=\"wp-block-gallery has-nested-images columns-default is-cropped wp-block-gallery-1 is-layout-flex wp-block-gallery-is-layout-flex\">\n<figure class=\"wp-block-image size-large\"><a href=\"https:\/\/propesp.uepa.br\/ppged\/wp-content\/uploads\/bibliografias\/A_educa\u00e7\u00e3o_de_paulo_freire_nos_contextos_latino_e_norte_americanos.pdf\"><img decoding=\"async\" data-id=\"8199\" src=\"https:\/\/propesp.uepa.br\/ppged\/wp-content\/uploads\/2020\/03\/capa08.jpg\" alt=\"\" class=\"wp-image-8199\"\/><\/a><figcaption class=\"wp-element-caption\"><strong><mark style=\"background-color:rgba(0, 0, 0, 0)\" class=\"has-inline-color has-ast-global-color-8-color\"><a href=\"https:\/\/propesp.uepa.br\/ppged\/wp-content\/uploads\/bibliografias\/A_educa\u00e7\u00e3o_de_paulo_freire_nos_contextos_latino_e_norte_americanos.pdf\" data-type=\"link\" data-id=\"https:\/\/propesp.uepa.br\/ppged\/wp-content\/uploads\/bibliografias\/A_educa\u00e7\u00e3o_de_paulo_freire_nos_contextos_latino_e_norte_americanos.pdf\">A EDUCA\u00c7\u00c3O DE PAULO FREIRE NOS CONTEXTOS LATINO E AMERICANO<\/a><\/mark><\/strong><\/figcaption><\/figure>\n\n\n\n<figure class=\"wp-block-image size-large\"><a href=\"https:\/\/propesp.uepa.br\/ppged\/wp-content\/uploads\/bibliografias\/educa\u00e7\u00e3o_em_classes_multisseriadas_na_amazonia.pdf\"><img decoding=\"async\" data-id=\"8143\" src=\"https:\/\/propesp.uepa.br\/ppged\/wp-content\/uploads\/2020\/03\/capa07.jpg\" alt=\"\" class=\"wp-image-8143\"\/><\/a><figcaption class=\"wp-element-caption\"><strong><a href=\"https:\/\/propesp.uepa.br\/ppged\/wp-content\/uploads\/bibliografias\/educa\u00e7\u00e3o_em_classes_multisseriadas_na_amazonia.pdf\" data-type=\"link\" data-id=\"https:\/\/propesp.uepa.br\/ppged\/wp-content\/uploads\/bibliografias\/educa\u00e7\u00e3o_em_classes_multisseriadas_na_amazonia.pdf\">EDUCA\u00c7\u00c3O EM CLASSE MULTISSERIADAS NA AMAZONIA Singularidade, Diversidade e Heterogeneidade Vol. 1.<\/a><\/strong><\/figcaption><\/figure>\n\n\n\n<figure class=\"wp-block-image size-large\"><a href=\"https:\/\/drive.google.com\/file\/d\/1CRpKCIt65lWpDWrELJ0StNv0_F7Wz8ob\/view?usp=sharing\"><img decoding=\"async\" data-id=\"8145\" src=\"https:\/\/propesp.uepa.br\/ppged\/wp-content\/uploads\/2020\/03\/capa06.jpg\" alt=\"\" class=\"wp-image-8145\"\/><\/a><figcaption class=\"wp-element-caption\"><strong><a href=\"https:\/\/drive.google.com\/file\/d\/1CRpKCIt65lWpDWrELJ0StNv0_F7Wz8ob\/view?usp=sharing\">ADERNO DE ATIVIDADES PEDAG\u00d3GICAS EM EDUCA\u00c7\u00c3O POPULAR Pesquisa e narrativas pedag\u00f3gicas<\/a><\/strong><\/figcaption><\/figure>\n\n\n\n<figure class=\"wp-block-image size-large\"><a href=\" https:\/\/propesp.uepa.br\/ppged\/wp-content\/uploads\/bibliografias\/multifuncionais_dizeres_de_professores_e_alunos.pdf\"><img decoding=\"async\" data-id=\"8144\" src=\"https:\/\/propesp.uepa.br\/ppged\/wp-content\/uploads\/2020\/03\/capa05.jpg\" alt=\"\" class=\"wp-image-8144\"\/><\/a><figcaption class=\"wp-element-caption\"><strong><a href=\"https:\/\/propesp.uepa.br\/ppged\/wp-content\/uploads\/bibliografias\/multifuncionais_dizeres_de_professores_e_alunos.pdf\">PR\u00c1TICA DE ESCOLARIZA\u00c7\u00c3O EM SALAS DE RECURSOS MULTIFUNCIONAIS dizeres de professores e alunos<\/a><\/strong><\/figcaption><\/figure>\n\n\n\n<figure class=\"wp-block-image size-large\"><a href=\"https:\/\/propesp.uepa.br\/ppged\/wp-content\/uploads\/bibliografias\/metodologias_e_tecnicas_de_pesquisas_em_educa\u00e7\u00e3o.pdf\"><img decoding=\"async\" data-id=\"8205\" src=\"https:\/\/propesp.uepa.br\/ppged\/wp-content\/uploads\/2020\/03\/capa4.jpg\" alt=\"\" class=\"wp-image-8205\"\/><\/a><figcaption class=\"wp-element-caption\"><strong><a href=\"https:\/\/propesp.uepa.br\/ppged\/wp-content\/uploads\/bibliografias\/metodologias_e_tecnicas_de_pesquisas_em_educa\u00e7\u00e3o.pdf\">METODOLOGIA E T\u00c9CNICA EM PESQUISA EM EDUCA\u00c7\u00c3O<\/a><\/strong><\/figcaption><\/figure>\n\n\n\n<figure class=\"wp-block-image size-large\"><a href=\"https:\/\/propesp.uepa.br\/ppged\/wp-content\/uploads\/bibliografias\/cartografia_representa\u00e7\u00f5es_obre_a_cultura_amazonica_em_praticas_de_educa\u00e7\u00e3o_popular.pdf\"><img decoding=\"async\" data-id=\"8207\" src=\"https:\/\/propesp.uepa.br\/ppged\/wp-content\/uploads\/2020\/03\/capa02.jpg\" alt=\"\" class=\"wp-image-8207\"\/><\/a><figcaption class=\"wp-element-caption\"><strong><a href=\"https:\/\/propesp.uepa.br\/ppged\/wp-content\/uploads\/bibliografias\/cartografia_representa\u00e7\u00f5es_obre_a_cultura_amazonica_em_praticas_de_educa\u00e7\u00e3o_popular.pdf\">CARTOGRAFIAS DE SABERES: representa\u00e7\u00f5es sobre a cultura amaz\u00f4nica em pr\u00e1ticas de Educa\u00e7\u00e3o Popular<\/a><\/strong><\/figcaption><\/figure>\n<\/figure>\n\n\n\n<figure class=\"wp-block-image aligncenter size-large is-resized\"><a href=\"https:\/\/propesp.uepa.br\/ppged\/wp-content\/uploads\/bibliografias\/politica_de_educacao_inclusiva_e_formacao_de_professores_no_municipio_de_ananideua_para.pdf\"><img decoding=\"async\" src=\"https:\/\/propesp.uepa.br\/ppged\/wp-content\/uploads\/2020\/03\/capa01.jpg\" alt=\"\" class=\"wp-image-8198\" style=\"width:386px;height:auto\"\/><\/a><figcaption class=\"wp-element-caption\"><a href=\"https:\/\/propesp.uepa.br\/ppged\/wp-content\/uploads\/bibliografias\/politica_de_educacao_inclusiva_e_formacao_de_professores_no_municipio_de_ananideua_para.pdf\">POL\u00cdTICAS DE EDUCA\u00c7\u00c3O INCLUSIVA E FORMA\u00c7\u00c3O DE PROFESSORES NO MUNIC\u00cdPIO DE ANANINDEUA-PAR\u00c1<\/a><\/figcaption><\/figure>\n\n\n\n<div class=\"wp-block-uagb-separator uagb-block-10d595e4\"><div class=\"wp-block-uagb-separator__inner\" style=\"--my-background-image:\"><\/div><\/div>\n\n\n\n<h1 class=\"wp-block-heading has-text-align-left has-large-font-size\"><strong>Projeto PROCAD Amaz\u00f4nia &#8211; PPGED-UEPA\/ PPGE-UFT e PPGEd -UFRN<\/strong><\/h1>\n\n\n\n<figure class=\"wp-block-gallery has-nested-images columns-default is-cropped wp-block-gallery-2 is-layout-flex wp-block-gallery-is-layout-flex\">\n<figure class=\"wp-block-image size-large\"><a href=\"https:\/\/propesp.uepa.br\/ppged\/wp-content\/uploads\/2026\/02\/ebook-Interculturalidade-e-educacao-inclusiva-na-amazonia-paraense.pdf\" target=\"_blank\" rel=\" noreferrer noopener\"><img loading=\"lazy\" decoding=\"async\" width=\"712\" height=\"1024\" data-id=\"11859\" src=\"https:\/\/propesp.uepa.br\/ppged\/wp-content\/uploads\/2026\/02\/ebook-Interculturalidade-e-educacao-inclusiva-na-amazonia-paraense-1_page-0001-712x1024.jpg\" alt=\"\" class=\"wp-image-11859\" srcset=\"https:\/\/propesp.uepa.br\/ppged\/wp-content\/uploads\/2026\/02\/ebook-Interculturalidade-e-educacao-inclusiva-na-amazonia-paraense-1_page-0001-712x1024.jpg 712w, https:\/\/propesp.uepa.br\/ppged\/wp-content\/uploads\/2026\/02\/ebook-Interculturalidade-e-educacao-inclusiva-na-amazonia-paraense-1_page-0001-209x300.jpg 209w, https:\/\/propesp.uepa.br\/ppged\/wp-content\/uploads\/2026\/02\/ebook-Interculturalidade-e-educacao-inclusiva-na-amazonia-paraense-1_page-0001-768x1104.jpg 768w, https:\/\/propesp.uepa.br\/ppged\/wp-content\/uploads\/2026\/02\/ebook-Interculturalidade-e-educacao-inclusiva-na-amazonia-paraense-1_page-0001-1068x1536.jpg 1068w, https:\/\/propesp.uepa.br\/ppged\/wp-content\/uploads\/2026\/02\/ebook-Interculturalidade-e-educacao-inclusiva-na-amazonia-paraense-1_page-0001-1425x2048.jpg 1425w, https:\/\/propesp.uepa.br\/ppged\/wp-content\/uploads\/2026\/02\/ebook-Interculturalidade-e-educacao-inclusiva-na-amazonia-paraense-1_page-0001-scaled.jpg 1781w\" sizes=\"auto, (max-width: 712px) 100vw, 712px\" \/><\/a><figcaption class=\"wp-element-caption\"><strong><a href=\"https:\/\/propesp.uepa.br\/ppged\/wp-content\/uploads\/2026\/02\/ebook-Interculturalidade-e-educacao-inclusiva-na-amazonia-paraense.pdf\" data-type=\"link\" data-id=\"https:\/\/propesp.uepa.br\/ppged\/wp-content\/uploads\/2026\/02\/ebook-Interculturalidade-e-educacao-inclusiva-na-amazonia-paraense.pdf\">Interculturalidade e Educa\u00e7\u00e3o Inclusiva na Amaz\u00f4na Paraense <\/a><\/strong><\/figcaption><\/figure>\n\n\n\n<figure class=\"wp-block-image size-large\"><a href=\"https:\/\/propesp.uepa.br\/ppged\/wp-content\/uploads\/2026\/02\/EBOOK_Povos-Indigenas-e-a-Pos-Graduacao-em-Educacao-na-Regiao-Norte.pdf\" target=\"_blank\" rel=\" noreferrer noopener\"><img loading=\"lazy\" decoding=\"async\" width=\"712\" height=\"1024\" data-id=\"11860\" src=\"https:\/\/propesp.uepa.br\/ppged\/wp-content\/uploads\/2026\/02\/EBOOK_Povos-Indigenas-e-a-Pos-Graduacao-em-Educacao-na-Regiao-Norte-1_page-0001-712x1024.jpg\" alt=\"\" class=\"wp-image-11860\" srcset=\"https:\/\/propesp.uepa.br\/ppged\/wp-content\/uploads\/2026\/02\/EBOOK_Povos-Indigenas-e-a-Pos-Graduacao-em-Educacao-na-Regiao-Norte-1_page-0001-712x1024.jpg 712w, https:\/\/propesp.uepa.br\/ppged\/wp-content\/uploads\/2026\/02\/EBOOK_Povos-Indigenas-e-a-Pos-Graduacao-em-Educacao-na-Regiao-Norte-1_page-0001-209x300.jpg 209w, https:\/\/propesp.uepa.br\/ppged\/wp-content\/uploads\/2026\/02\/EBOOK_Povos-Indigenas-e-a-Pos-Graduacao-em-Educacao-na-Regiao-Norte-1_page-0001-768x1104.jpg 768w, https:\/\/propesp.uepa.br\/ppged\/wp-content\/uploads\/2026\/02\/EBOOK_Povos-Indigenas-e-a-Pos-Graduacao-em-Educacao-na-Regiao-Norte-1_page-0001-1068x1536.jpg 1068w, https:\/\/propesp.uepa.br\/ppged\/wp-content\/uploads\/2026\/02\/EBOOK_Povos-Indigenas-e-a-Pos-Graduacao-em-Educacao-na-Regiao-Norte-1_page-0001-1425x2048.jpg 1425w, https:\/\/propesp.uepa.br\/ppged\/wp-content\/uploads\/2026\/02\/EBOOK_Povos-Indigenas-e-a-Pos-Graduacao-em-Educacao-na-Regiao-Norte-1_page-0001-scaled.jpg 1781w\" sizes=\"auto, (max-width: 712px) 100vw, 712px\" \/><\/a><figcaption class=\"wp-element-caption\"><strong><a href=\"https:\/\/propesp.uepa.br\/ppged\/wp-content\/uploads\/2026\/02\/EBOOK_Povos-Indigenas-e-a-Pos-Graduacao-em-Educacao-na-Regiao-Norte.pdf\">Povos Ind\u00edgenas e a P\u00f3s-Gradua\u00e7\u00e3o em Educa\u00e7\u00e3o na Regi\u00e3o Norte<\/a><\/strong><\/figcaption><\/figure>\n\n\n\n<figure class=\"wp-block-image size-large\"><a href=\"https:\/\/propesp.uepa.br\/ppged\/wp-content\/uploads\/2026\/02\/EBOOK_Epistemologias-e-Educacao.-Interculturalidade-e-Representacao-social.pdf\" target=\"_blank\" rel=\" noreferrer noopener\"><img loading=\"lazy\" decoding=\"async\" width=\"712\" height=\"1024\" data-id=\"11861\" src=\"https:\/\/propesp.uepa.br\/ppged\/wp-content\/uploads\/2026\/02\/ebook-epistemologia-e-abordagens-intercultural-1_page-0001-712x1024.jpg\" alt=\"\" class=\"wp-image-11861\" srcset=\"https:\/\/propesp.uepa.br\/ppged\/wp-content\/uploads\/2026\/02\/ebook-epistemologia-e-abordagens-intercultural-1_page-0001-712x1024.jpg 712w, https:\/\/propesp.uepa.br\/ppged\/wp-content\/uploads\/2026\/02\/ebook-epistemologia-e-abordagens-intercultural-1_page-0001-209x300.jpg 209w, https:\/\/propesp.uepa.br\/ppged\/wp-content\/uploads\/2026\/02\/ebook-epistemologia-e-abordagens-intercultural-1_page-0001-768x1104.jpg 768w, https:\/\/propesp.uepa.br\/ppged\/wp-content\/uploads\/2026\/02\/ebook-epistemologia-e-abordagens-intercultural-1_page-0001-1068x1536.jpg 1068w, https:\/\/propesp.uepa.br\/ppged\/wp-content\/uploads\/2026\/02\/ebook-epistemologia-e-abordagens-intercultural-1_page-0001-1425x2048.jpg 1425w, https:\/\/propesp.uepa.br\/ppged\/wp-content\/uploads\/2026\/02\/ebook-epistemologia-e-abordagens-intercultural-1_page-0001-scaled.jpg 1781w\" sizes=\"auto, (max-width: 712px) 100vw, 712px\" \/><\/a><figcaption class=\"wp-element-caption\"><strong><mark style=\"background-color:rgba(0, 0, 0, 0)\" class=\"has-inline-color has-ast-global-color-5-color\"><a href=\"https:\/\/propesp.uepa.br\/ppged\/wp-content\/uploads\/2026\/02\/EBOOK_Epistemologias-e-Educacao.-Interculturalidade-e-Representacao-social.pdf\">Epistemologia e Edcua\u00e7\u00e3o &#8211; Abordagens Intercultural Cr\u00edtica e Decolonial<\/a><\/mark><\/strong><\/figcaption><\/figure>\n\n\n\n<figure class=\"wp-block-image size-large\"><a href=\"https:\/\/propesp.uepa.br\/ppged\/wp-content\/uploads\/2026\/02\/ebook-historia-da-educacao-e-interculturalidade.pdf\" target=\"_blank\" rel=\" noreferrer noopener\"><img loading=\"lazy\" decoding=\"async\" width=\"712\" height=\"1024\" data-id=\"11862\" src=\"https:\/\/propesp.uepa.br\/ppged\/wp-content\/uploads\/2026\/02\/ebook-historia-da-educacao-e-interculturalidade-1_page-0001-712x1024.jpg\" alt=\"\" class=\"wp-image-11862\" srcset=\"https:\/\/propesp.uepa.br\/ppged\/wp-content\/uploads\/2026\/02\/ebook-historia-da-educacao-e-interculturalidade-1_page-0001-712x1024.jpg 712w, https:\/\/propesp.uepa.br\/ppged\/wp-content\/uploads\/2026\/02\/ebook-historia-da-educacao-e-interculturalidade-1_page-0001-209x300.jpg 209w, https:\/\/propesp.uepa.br\/ppged\/wp-content\/uploads\/2026\/02\/ebook-historia-da-educacao-e-interculturalidade-1_page-0001-768x1104.jpg 768w, https:\/\/propesp.uepa.br\/ppged\/wp-content\/uploads\/2026\/02\/ebook-historia-da-educacao-e-interculturalidade-1_page-0001-1068x1536.jpg 1068w, https:\/\/propesp.uepa.br\/ppged\/wp-content\/uploads\/2026\/02\/ebook-historia-da-educacao-e-interculturalidade-1_page-0001-1425x2048.jpg 1425w, https:\/\/propesp.uepa.br\/ppged\/wp-content\/uploads\/2026\/02\/ebook-historia-da-educacao-e-interculturalidade-1_page-0001-scaled.jpg 1781w\" sizes=\"auto, (max-width: 712px) 100vw, 712px\" \/><\/a><figcaption class=\"wp-element-caption\"><strong><a href=\"https:\/\/propesp.uepa.br\/ppged\/wp-content\/uploads\/2026\/02\/ebook-historia-da-educacao-e-interculturalidade.pdf\">Hist\u00f3ria da Educa\u00e7\u00e3o e interculturalidade<\/a><\/strong><\/figcaption><\/figure>\n\n\n\n<figure class=\"wp-block-image size-large\"><a href=\"https:\/\/propesp.uepa.br\/ppged\/wp-content\/uploads\/2026\/02\/EBOOK_Interculturalidade-em-diferentes-campos-e-contextos-educativos.pdf\"><img loading=\"lazy\" decoding=\"async\" width=\"712\" height=\"1024\" data-id=\"11863\" src=\"https:\/\/propesp.uepa.br\/ppged\/wp-content\/uploads\/2026\/02\/EBOOK_Interculturalidade-em-diferentes-campos-e-contextos-educativos-1_page-0001-712x1024.jpg\" alt=\"\" class=\"wp-image-11863\" srcset=\"https:\/\/propesp.uepa.br\/ppged\/wp-content\/uploads\/2026\/02\/EBOOK_Interculturalidade-em-diferentes-campos-e-contextos-educativos-1_page-0001-712x1024.jpg 712w, https:\/\/propesp.uepa.br\/ppged\/wp-content\/uploads\/2026\/02\/EBOOK_Interculturalidade-em-diferentes-campos-e-contextos-educativos-1_page-0001-209x300.jpg 209w, https:\/\/propesp.uepa.br\/ppged\/wp-content\/uploads\/2026\/02\/EBOOK_Interculturalidade-em-diferentes-campos-e-contextos-educativos-1_page-0001-768x1104.jpg 768w, https:\/\/propesp.uepa.br\/ppged\/wp-content\/uploads\/2026\/02\/EBOOK_Interculturalidade-em-diferentes-campos-e-contextos-educativos-1_page-0001-1068x1536.jpg 1068w, https:\/\/propesp.uepa.br\/ppged\/wp-content\/uploads\/2026\/02\/EBOOK_Interculturalidade-em-diferentes-campos-e-contextos-educativos-1_page-0001-1425x2048.jpg 1425w, https:\/\/propesp.uepa.br\/ppged\/wp-content\/uploads\/2026\/02\/EBOOK_Interculturalidade-em-diferentes-campos-e-contextos-educativos-1_page-0001-scaled.jpg 1781w\" sizes=\"auto, (max-width: 712px) 100vw, 712px\" \/><\/a><figcaption class=\"wp-element-caption\"><strong><a href=\"https:\/\/propesp.uepa.br\/ppged\/wp-content\/uploads\/2026\/02\/EBOOK_Interculturalidade-em-diferentes-campos-e-contextos-educativos.pdf\">Interculturalidade em diferentes campos e contextos educativos <\/a><\/strong><\/figcaption><\/figure>\n\n\n\n<figure class=\"wp-block-image size-large\"><a href=\"https:\/\/propesp.uepa.br\/ppged\/wp-content\/uploads\/2026\/02\/EBOOK_Epistemologias-e-Educacao.-Interculturalidade-e-Representacao-social.pdf\"><img loading=\"lazy\" decoding=\"async\" width=\"712\" height=\"1024\" data-id=\"11864\" src=\"https:\/\/propesp.uepa.br\/ppged\/wp-content\/uploads\/2026\/02\/EBOOK_Epistemologias-e-Educacao.-Interculturalidade-e-Representacao-social-1_page-0001-712x1024.jpg\" alt=\"\" class=\"wp-image-11864\" srcset=\"https:\/\/propesp.uepa.br\/ppged\/wp-content\/uploads\/2026\/02\/EBOOK_Epistemologias-e-Educacao.-Interculturalidade-e-Representacao-social-1_page-0001-712x1024.jpg 712w, https:\/\/propesp.uepa.br\/ppged\/wp-content\/uploads\/2026\/02\/EBOOK_Epistemologias-e-Educacao.-Interculturalidade-e-Representacao-social-1_page-0001-209x300.jpg 209w, https:\/\/propesp.uepa.br\/ppged\/wp-content\/uploads\/2026\/02\/EBOOK_Epistemologias-e-Educacao.-Interculturalidade-e-Representacao-social-1_page-0001-768x1104.jpg 768w, https:\/\/propesp.uepa.br\/ppged\/wp-content\/uploads\/2026\/02\/EBOOK_Epistemologias-e-Educacao.-Interculturalidade-e-Representacao-social-1_page-0001-1068x1536.jpg 1068w, https:\/\/propesp.uepa.br\/ppged\/wp-content\/uploads\/2026\/02\/EBOOK_Epistemologias-e-Educacao.-Interculturalidade-e-Representacao-social-1_page-0001-1425x2048.jpg 1425w, https:\/\/propesp.uepa.br\/ppged\/wp-content\/uploads\/2026\/02\/EBOOK_Epistemologias-e-Educacao.-Interculturalidade-e-Representacao-social-1_page-0001-scaled.jpg 1781w\" sizes=\"auto, (max-width: 712px) 100vw, 712px\" \/><\/a><figcaption class=\"wp-element-caption\"><strong><a href=\"https:\/\/propesp.uepa.br\/ppged\/wp-content\/uploads\/2026\/02\/EBOOK_Epistemologias-e-Educacao.-Interculturalidade-e-Representacao-social.pdf\">Epistemologias e Educa\u00e7\u00e3o &#8211; Pr\u00e1xis, Interculturalidade e Representa\u00e7\u00e3o Social<\/a><\/strong><\/figcaption><\/figure>\n<\/figure>\n\n\n\n<p><\/p>\n","protected":false},"excerpt":{"rendered":"<p>Projeto PROCAD Amaz\u00f4nia &#8211; PPGED-UEPA\/ PPGE-UFT e PPGEd -UFRN<\/p>\n","protected":false},"author":1,"featured_media":0,"parent":0,"menu_order":0,"comment_status":"closed","ping_status":"closed","template":"","meta":{"_uag_custom_page_level_css":"","site-sidebar-layout":"default","site-content-layout":"","ast-site-content-layout":"","site-content-style":"default","site-sidebar-style":"default","ast-global-header-display":"","ast-banner-title-visibility":"","ast-main-header-display":"","ast-hfb-above-header-display":"","ast-hfb-below-header-display":"","ast-hfb-mobile-header-display":"","site-post-title":"","ast-breadcrumbs-content":"","ast-featured-img":"","footer-sml-layout":"","theme-transparent-header-meta":"","adv-header-id-meta":"","stick-header-meta":"","header-above-stick-meta":"","header-main-stick-meta":"","header-below-stick-meta":"","astra-migrate-meta-layouts":"default","ast-page-background-enabled":"default","ast-page-background-meta":{"desktop":{"background-color":"var(--ast-global-color-4)","background-image":"","background-repeat":"repeat","background-position":"center center","background-size":"auto","background-attachment":"scroll","background-type":"","background-media":"","overlay-type":"","overlay-color":"","overlay-gradient":""},"tablet":{"background-color":"","background-image":"","background-repeat":"repeat","background-position":"center center","background-size":"auto","background-attachment":"scroll","background-type":"","background-media":"","overlay-type":"","overlay-color":"","overlay-gradient":""},"mobile":{"background-color":"","background-image":"","background-repeat":"repeat","background-position":"center center","background-size":"auto","background-attachment":"scroll","background-type":"","background-media":"","overlay-type":"","overlay-color":"","overlay-gradient":""}},"ast-content-background-meta":{"desktop":{"background-color":"var(--ast-global-color-5)","background-image":"","background-repeat":"repeat","background-position":"center center","background-size":"auto","background-attachment":"scroll","background-type":"","background-media":"","overlay-type":"","overlay-color":"","overlay-gradient":""},"tablet":{"background-color":"var(--ast-global-color-5)","background-image":"","background-repeat":"repeat","background-position":"center center","background-size":"auto","background-attachment":"scroll","background-type":"","background-media":"","overlay-type":"","overlay-color":"","overlay-gradient":""},"mobile":{"background-color":"var(--ast-global-color-5)","background-image":"","background-repeat":"repeat","background-position":"center center","background-size":"auto","background-attachment":"scroll","background-type":"","background-media":"","overlay-type":"","overlay-color":"","overlay-gradient":""}},"footnotes":""},"class_list":["post-3931","page","type-page","status-publish","hentry"],"uagb_featured_image_src":{"full":false,"thumbnail":false,"medium":false,"medium_large":false,"large":false,"1536x1536":false,"2048x2048":false},"uagb_author_info":{"display_name":"adminsites@uepa.br","author_link":"https:\/\/propesp.uepa.br\/ppged\/author\/adminsitesuepa-br\/"},"uagb_comment_info":0,"uagb_excerpt":"Projeto PROCAD Amaz\u00f4nia &#8211; PPGED-UEPA\/ PPGE-UFT e PPGEd -UFRN","_links":{"self":[{"href":"https:\/\/propesp.uepa.br\/ppged\/wp-json\/wp\/v2\/pages\/3931","targetHints":{"allow":["GET"]}}],"collection":[{"href":"https:\/\/propesp.uepa.br\/ppged\/wp-json\/wp\/v2\/pages"}],"about":[{"href":"https:\/\/propesp.uepa.br\/ppged\/wp-json\/wp\/v2\/types\/page"}],"author":[{"embeddable":true,"href":"https:\/\/propesp.uepa.br\/ppged\/wp-json\/wp\/v2\/users\/1"}],"replies":[{"embeddable":true,"href":"https:\/\/propesp.uepa.br\/ppged\/wp-json\/wp\/v2\/comments?post=3931"}],"version-history":[{"count":15,"href":"https:\/\/propesp.uepa.br\/ppged\/wp-json\/wp\/v2\/pages\/3931\/revisions"}],"predecessor-version":[{"id":11879,"href":"https:\/\/propesp.uepa.br\/ppged\/wp-json\/wp\/v2\/pages\/3931\/revisions\/11879"}],"wp:attachment":[{"href":"https:\/\/propesp.uepa.br\/ppged\/wp-json\/wp\/v2\/media?parent=3931"}],"curies":[{"name":"wp","href":"https:\/\/api.w.org\/{rel}","templated":true}]}}