{"id":55,"date":"2016-12-13T16:30:22","date_gmt":"2016-12-13T19:30:22","guid":{"rendered":"http:\/\/ccse.uepa.br\/mestradoeducacao\/?page_id=17"},"modified":"2024-01-26T10:10:56","modified_gmt":"2024-01-26T13:10:56","slug":"historico-2","status":"publish","type":"page","link":"https:\/\/propesp.uepa.br\/ppged\/apresentacao-2\/historico-2\/","title":{"rendered":"Hist\u00f3rico"},"content":{"rendered":"\n<div class=\"wp-block-uagb-container uagb-block-6dfb80a3 alignfull uagb-is-root-container\"><div class=\"uagb-container-inner-blocks-wrap\">\n<p class=\"has-ast-global-color-8-color has-text-color\" style=\"font-size:16px\"><span style=\"font-family: arial, helvetica, sans-serif; font-size: 12pt; color: #000000;\">O Programa de P\u00f3s-Gradua\u00e7\u00e3o em Educa\u00e7\u00e3o da Universidade do Estado do Par\u00e1 (Mestrado) foi aprovado pelas Resolu\u00e7\u00f5es CONCEN-UEPA n\u00ba 383, de 04 de agosto de 2003 e CONSUN-UEPA N\u00ba 892\/2003, de 24 de setembro de 2003, recomendado pela CAPES em 16 de mar\u00e7o de 2005 e credenciado pelo Conselho Nacional de Educa\u00e7\u00e3o em julho de 2005.<\/span><br><span style=\"font-family: arial, helvetica, sans-serif; font-size: 12pt; color: #000000;\"> O Programa conta em sua estrutura administrativa com um Colegiado constitu\u00eddo pelos 20 docentes, 01representante do corpo administrativo e 06 representantes discentes. A representa\u00e7\u00e3o dos servidores e discentes \u00e9 escolhida em elei\u00e7\u00e3o pelos pares. A coordena\u00e7\u00e3o do Mestrado \u00e9 eleita pelos docentes, discentes e servidores vinculados ao Programa. Para o ingresso e perman\u00eancia de docentes no Programa foi criada Resolu\u00e7\u00e3o aprovada pelo Colegiado, cujos crit\u00e9rios est\u00e3o relacionados aos de avalia\u00e7\u00e3o dos docentes estabelecidos pela CAPES. O Colegiado conta com duas C\u00e2maras, uma de ensino e pesquisa e outra de administra\u00e7\u00e3o, constitu\u00eddas por docentes e representantes discentes do Programa.<\/span><br><span style=\"font-family: arial, helvetica, sans-serif; font-size: 12pt; color: #000000;\"> A dura\u00e7\u00e3o prevista para o Curso de Mestrado \u00e9 de vinte e quatro (24) meses, prorrog\u00e1veis por seis (6) meses.O T\u00edtulo de Mestre em Educa\u00e7\u00e3o \u00e9 conferido ao mestrando que cumprir os vinte e seis (26) cr\u00e9ditos de seu plano de estudos; for aprovado no Exame de Qualifica\u00e7\u00e3o da Disserta\u00e7\u00e3o; for aprovado no Exame de Profici\u00eancia em L\u00edngua Estrangeira e for aprovado na argui\u00e7\u00e3o p\u00fablica da Disserta\u00e7\u00e3o.<\/span><br><span style=\"font-family: arial, helvetica, sans-serif; font-size: 12pt; color: #000000;\"> O Programa iniciou suas atividades em 2005, com 15 vagas e atualmente possui 30 vagas, face \u00e0 demanda no processo seletivo. Conta atualmente com 90 mestrandos matriculados. De 2007 a 2016 realizou 215 defesas.Os discentes, em sua maioria, s\u00e3o professores da rede p\u00fablica de ensino, alguns do Ensino Superior de Universidades P\u00fablicas e outros de Institui\u00e7\u00f5es Particulares, incluindo docentes da pr\u00f3pria Universidade do Estado do Par\u00e1. A forma\u00e7\u00e3o dos discentes \u00e9 diversificada, constitu\u00edda por pedagogos, bi\u00f3logos, fisioterapeutas, enfermeiros, licenciados em letras, educa\u00e7\u00e3o f\u00edsica, matem\u00e1tica e hist\u00f3ria, soci\u00f3logos, entre outros. H\u00e1 discentes oriundos de munic\u00edpios do Par\u00e1 e de outros estados, entre os quais Amazonas, Fortaleza e Maranh\u00e3o. <\/span><\/p>\n\n\n\n<p class=\"has-text-align-center has-ast-global-color-8-color has-text-color has-link-color wp-elements-d0360d6c00c7c11a9868566022966ebf\"><span style=\"font-size: 12pt; color: #000000;\"><strong><span style=\"font-family: arial, helvetica, sans-serif;\">&nbsp;<\/span><span style=\"font-family: arial, helvetica, sans-serif;\">O Projeto do Programa de P\u00f3s-Gradua\u00e7\u00e3o em Educa\u00e7\u00e3o tem como refer\u00eancias legais:<\/span><\/strong><\/span><\/p>\n\n\n\n<ul class=\"has-ast-global-color-8-color has-text-color wp-block-list\">\n<li><span style=\"font-family: arial, helvetica, sans-serif; font-size: 12pt; color: #000000;\">Portaria MEC\/CAPES N\u00ba 10 de 16 de abril de 2003 \u2013 fixa normas e procedimentos para a avalia\u00e7\u00e3o anual de propostas de cursos de mestrado e doutorado;<\/span><\/li>\n\n\n\n<li><span style=\"font-family: arial, helvetica, sans-serif; font-size: 12pt; color: #000000;\"><span style=\"font-family: arial, helvetica, sans-serif; font-size: 12pt; color: #000000;\">Resolu\u00e7\u00e3o CNE\/CES n\u00ba 24, de 18 de dezembro de 2002 \u2013 altera a reda\u00e7\u00e3o do par\u00e1grafo 4\u00ba do artigo 1\u00ba e o artigo 2\u00ba, da Resolu\u00e7\u00e3o CNE\/CES 1\/2001;<\/span><\/span><\/li>\n\n\n\n<li><span style=\"font-family: arial, helvetica, sans-serif; font-size: 12pt; color: #000000;\"><span style=\"font-family: arial, helvetica, sans-serif; font-size: 12pt; color: #000000;\">Decreto n\u00ba 3.860, de 9 de julho de 2001 \u2013 disp\u00f5e sobre a organiza\u00e7\u00e3o do ensino superior, a avalia\u00e7\u00e3o de cursos e institui\u00e7\u00f5es, e d\u00e1 outras provid\u00eancias;<\/span><\/span><\/li>\n\n\n\n<li><span style=\"font-family: arial, helvetica, sans-serif; font-size: 12pt; color: #000000;\">Resolu\u00e7\u00e3o CNE\/CES N\u00ba 01 de 03 de abril de 2001 \u2013 estabelece normas para o funcionamento de cursos de p\u00f3s-gradua\u00e7\u00e3o;<\/span><\/li>\n\n\n\n<li><span style=\"font-family: arial, helvetica, sans-serif; font-size: 12pt; color: #000000;\"><span style=\"font-family: arial, helvetica, sans-serif; font-size: 12pt; color: #000000;\">Parecer N\u00ba 977\/1965, C.E.Su \u2013 define ao cursos de P\u00f3s-gradua\u00e7\u00e3o;<\/span><\/span><\/li>\n\n\n\n<li><span style=\"font-family: arial, helvetica, sans-serif; font-size: 12pt; color: #000000;\">Resolu\u00e7\u00e3o CFE N\u00ba 05\/1983 \u2013 fixa normas de funcionamento e credenciamento dos cursos de p\u00f3s-gradua\u00e7\u00e3o stricto sensu.<\/span><\/li>\n<\/ul>\n<\/div><\/div>\n\n\n\n<div class=\"wp-block-uagb-container uagb-block-39aced98 alignfull uagb-is-root-container\"><div class=\"uagb-container-inner-blocks-wrap\"><\/div><\/div>\n","protected":false},"excerpt":{"rendered":"<p>O Programa de P\u00f3s-Gradua\u00e7\u00e3o em Educa\u00e7\u00e3o da Universidade do Estado do Par\u00e1 (Mestrado) foi aprovado pelas Resolu\u00e7\u00f5es CONCEN-UEPA n\u00ba 383, de 04 de agosto de 2003 e CONSUN-UEPA N\u00ba 892\/2003, de 24 de setembro de 2003, recomendado pela CAPES em 16 de mar\u00e7o de 2005 e credenciado pelo Conselho Nacional de Educa\u00e7\u00e3o em julho de [&hellip;]<\/p>\n","protected":false},"author":1,"featured_media":0,"parent":15,"menu_order":1,"comment_status":"closed","ping_status":"closed","template":"","meta":{"_uag_custom_page_level_css":"","site-sidebar-layout":"default","site-content-layout":"","ast-site-content-layout":"","site-content-style":"default","site-sidebar-style":"default","ast-global-header-display":"","ast-banner-title-visibility":"","ast-main-header-display":"","ast-hfb-above-header-display":"","ast-hfb-below-header-display":"","ast-hfb-mobile-header-display":"","site-post-title":"","ast-breadcrumbs-content":"","ast-featured-img":"","footer-sml-layout":"","theme-transparent-header-meta":"","adv-header-id-meta":"","stick-header-meta":"","header-above-stick-meta":"","header-main-stick-meta":"","header-below-stick-meta":"","astra-migrate-meta-layouts":"default","ast-page-background-enabled":"default","ast-page-background-meta":{"desktop":{"background-color":"var(--ast-global-color-4)","background-image":"","background-repeat":"repeat","background-position":"center center","background-size":"auto","background-attachment":"scroll","background-type":"","background-media":"","overlay-type":"","overlay-color":"","overlay-gradient":""},"tablet":{"background-color":"","background-image":"","background-repeat":"repeat","background-position":"center center","background-size":"auto","background-attachment":"scroll","background-type":"","background-media":"","overlay-type":"","overlay-color":"","overlay-gradient":""},"mobile":{"background-color":"","background-image":"","background-repeat":"repeat","background-position":"center center","background-size":"auto","background-attachment":"scroll","background-type":"","background-media":"","overlay-type":"","overlay-color":"","overlay-gradient":""}},"ast-content-background-meta":{"desktop":{"background-color":"var(--ast-global-color-5)","background-image":"","background-repeat":"repeat","background-position":"center center","background-size":"auto","background-attachment":"scroll","background-type":"","background-media":"","overlay-type":"","overlay-color":"","overlay-gradient":""},"tablet":{"background-color":"var(--ast-global-color-5)","background-image":"","background-repeat":"repeat","background-position":"center center","background-size":"auto","background-attachment":"scroll","background-type":"","background-media":"","overlay-type":"","overlay-color":"","overlay-gradient":""},"mobile":{"background-color":"var(--ast-global-color-5)","background-image":"","background-repeat":"repeat","background-position":"center center","background-size":"auto","background-attachment":"scroll","background-type":"","background-media":"","overlay-type":"","overlay-color":"","overlay-gradient":""}},"footnotes":""},"class_list":["post-55","page","type-page","status-publish","hentry"],"uagb_featured_image_src":{"full":false,"thumbnail":false,"medium":false,"medium_large":false,"large":false,"1536x1536":false,"2048x2048":false},"uagb_author_info":{"display_name":"adminsites@uepa.br","author_link":"https:\/\/propesp.uepa.br\/ppged\/author\/adminsitesuepa-br\/"},"uagb_comment_info":0,"uagb_excerpt":"O Programa de P\u00f3s-Gradua\u00e7\u00e3o em Educa\u00e7\u00e3o da Universidade do Estado do Par\u00e1 (Mestrado) foi aprovado pelas Resolu\u00e7\u00f5es CONCEN-UEPA n\u00ba 383, de 04 de agosto de 2003 e CONSUN-UEPA N\u00ba 892\/2003, de 24 de setembro de 2003, recomendado pela CAPES em 16 de mar\u00e7o de 2005 e credenciado pelo Conselho Nacional de Educa\u00e7\u00e3o em julho de&hellip;","_links":{"self":[{"href":"https:\/\/propesp.uepa.br\/ppged\/wp-json\/wp\/v2\/pages\/55","targetHints":{"allow":["GET"]}}],"collection":[{"href":"https:\/\/propesp.uepa.br\/ppged\/wp-json\/wp\/v2\/pages"}],"about":[{"href":"https:\/\/propesp.uepa.br\/ppged\/wp-json\/wp\/v2\/types\/page"}],"author":[{"embeddable":true,"href":"https:\/\/propesp.uepa.br\/ppged\/wp-json\/wp\/v2\/users\/1"}],"replies":[{"embeddable":true,"href":"https:\/\/propesp.uepa.br\/ppged\/wp-json\/wp\/v2\/comments?post=55"}],"version-history":[{"count":5,"href":"https:\/\/propesp.uepa.br\/ppged\/wp-json\/wp\/v2\/pages\/55\/revisions"}],"predecessor-version":[{"id":9700,"href":"https:\/\/propesp.uepa.br\/ppged\/wp-json\/wp\/v2\/pages\/55\/revisions\/9700"}],"up":[{"embeddable":true,"href":"https:\/\/propesp.uepa.br\/ppged\/wp-json\/wp\/v2\/pages\/15"}],"wp:attachment":[{"href":"https:\/\/propesp.uepa.br\/ppged\/wp-json\/wp\/v2\/media?parent=55"}],"curies":[{"name":"wp","href":"https:\/\/api.w.org\/{rel}","templated":true}]}}