{"id":56,"date":"2016-12-13T16:30:48","date_gmt":"2016-12-13T19:30:48","guid":{"rendered":"http:\/\/ccse.uepa.br\/mestradoeducacao\/?page_id=19"},"modified":"2024-01-26T10:11:19","modified_gmt":"2024-01-26T13:11:19","slug":"objetivo-2","status":"publish","type":"page","link":"https:\/\/propesp.uepa.br\/ppged\/apresentacao-2\/objetivo-2\/","title":{"rendered":"Objetivo"},"content":{"rendered":"\n<div class=\"wp-block-uagb-container uagb-block-45247b14 alignfull uagb-is-root-container\"><div class=\"uagb-container-inner-blocks-wrap\">\n<figure class=\"wp-block-image aligncenter size-full is-resized\"><img loading=\"lazy\" decoding=\"async\" width=\"300\" height=\"169\" src=\"https:\/\/propesp.uepa.br\/ppged\/wp-content\/uploads\/2024\/01\/IMG_20170123_093414861_HDR-300x169-1.jpg\" alt=\"\" class=\"wp-image-9552\" style=\"width:371px;height:auto\"\/><\/figure>\n\n\n\n<p class=\"has-ast-global-color-8-color has-text-color\" style=\"font-size:16px\"><span style=\"font-family: arial, helvetica, sans-serif; font-size: 12pt;\">Desde sua implanta\u00e7\u00e3o em 2005 o Programa de P\u00f3s-Gradua\u00e7\u00e3o em Educa\u00e7\u00e3o vem mantendo interc\u00e2mbio com Programas em n\u00edvel local e nacional e desde 2010 com Institui\u00e7\u00f5es internacionais, por meio de atividades acad\u00eamicas como participa\u00e7\u00e3o em bancas, redes de pesquisas, PROCAD (CAPES) e Casadinho (CNPq). \u00c9 associado \u00e0 ANPED.<\/span><\/p>\n<\/div><\/div>\n\n\n\n<div class=\"wp-block-uagb-container uagb-block-c1075a77 alignfull uagb-is-root-container\"><div class=\"uagb-container-inner-blocks-wrap\"><\/div><\/div>\n","protected":false},"excerpt":{"rendered":"<p>Desde sua implanta\u00e7\u00e3o em 2005 o Programa de P\u00f3s-Gradua\u00e7\u00e3o em Educa\u00e7\u00e3o vem mantendo interc\u00e2mbio com Programas em n\u00edvel local e nacional e desde 2010 com Institui\u00e7\u00f5es internacionais, por meio de atividades acad\u00eamicas como participa\u00e7\u00e3o em bancas, redes de pesquisas, PROCAD (CAPES) e Casadinho (CNPq). \u00c9 associado \u00e0 ANPED.<\/p>\n","protected":false},"author":1,"featured_media":0,"parent":15,"menu_order":2,"comment_status":"closed","ping_status":"closed","template":"","meta":{"_uag_custom_page_level_css":"","site-sidebar-layout":"default","site-content-layout":"","ast-site-content-layout":"","site-content-style":"default","site-sidebar-style":"default","ast-global-header-display":"","ast-banner-title-visibility":"","ast-main-header-display":"","ast-hfb-above-header-display":"","ast-hfb-below-header-display":"","ast-hfb-mobile-header-display":"","site-post-title":"","ast-breadcrumbs-content":"","ast-featured-img":"","footer-sml-layout":"","theme-transparent-header-meta":"","adv-header-id-meta":"","stick-header-meta":"","header-above-stick-meta":"","header-main-stick-meta":"","header-below-stick-meta":"","astra-migrate-meta-layouts":"default","ast-page-background-enabled":"default","ast-page-background-meta":{"desktop":{"background-color":"var(--ast-global-color-4)","background-image":"","background-repeat":"repeat","background-position":"center center","background-size":"auto","background-attachment":"scroll","background-type":"","background-media":"","overlay-type":"","overlay-color":"","overlay-gradient":""},"tablet":{"background-color":"","background-image":"","background-repeat":"repeat","background-position":"center center","background-size":"auto","background-attachment":"scroll","background-type":"","background-media":"","overlay-type":"","overlay-color":"","overlay-gradient":""},"mobile":{"background-color":"","background-image":"","background-repeat":"repeat","background-position":"center center","background-size":"auto","background-attachment":"scroll","background-type":"","background-media":"","overlay-type":"","overlay-color":"","overlay-gradient":""}},"ast-content-background-meta":{"desktop":{"background-color":"var(--ast-global-color-5)","background-image":"","background-repeat":"repeat","background-position":"center center","background-size":"auto","background-attachment":"scroll","background-type":"","background-media":"","overlay-type":"","overlay-color":"","overlay-gradient":""},"tablet":{"background-color":"var(--ast-global-color-5)","background-image":"","background-repeat":"repeat","background-position":"center center","background-size":"auto","background-attachment":"scroll","background-type":"","background-media":"","overlay-type":"","overlay-color":"","overlay-gradient":""},"mobile":{"background-color":"var(--ast-global-color-5)","background-image":"","background-repeat":"repeat","background-position":"center center","background-size":"auto","background-attachment":"scroll","background-type":"","background-media":"","overlay-type":"","overlay-color":"","overlay-gradient":""}},"footnotes":""},"class_list":["post-56","page","type-page","status-publish","hentry"],"uagb_featured_image_src":{"full":false,"thumbnail":false,"medium":false,"medium_large":false,"large":false,"1536x1536":false,"2048x2048":false},"uagb_author_info":{"display_name":"adminsites@uepa.br","author_link":"https:\/\/propesp.uepa.br\/ppged\/author\/adminsitesuepa-br\/"},"uagb_comment_info":0,"uagb_excerpt":"Desde sua implanta\u00e7\u00e3o em 2005 o Programa de P\u00f3s-Gradua\u00e7\u00e3o em Educa\u00e7\u00e3o vem mantendo interc\u00e2mbio com Programas em n\u00edvel local e nacional e desde 2010 com Institui\u00e7\u00f5es internacionais, por meio de atividades acad\u00eamicas como participa\u00e7\u00e3o em bancas, redes de pesquisas, PROCAD (CAPES) e Casadinho (CNPq). \u00c9 associado \u00e0 ANPED.","_links":{"self":[{"href":"https:\/\/propesp.uepa.br\/ppged\/wp-json\/wp\/v2\/pages\/56","targetHints":{"allow":["GET"]}}],"collection":[{"href":"https:\/\/propesp.uepa.br\/ppged\/wp-json\/wp\/v2\/pages"}],"about":[{"href":"https:\/\/propesp.uepa.br\/ppged\/wp-json\/wp\/v2\/types\/page"}],"author":[{"embeddable":true,"href":"https:\/\/propesp.uepa.br\/ppged\/wp-json\/wp\/v2\/users\/1"}],"replies":[{"embeddable":true,"href":"https:\/\/propesp.uepa.br\/ppged\/wp-json\/wp\/v2\/comments?post=56"}],"version-history":[{"count":8,"href":"https:\/\/propesp.uepa.br\/ppged\/wp-json\/wp\/v2\/pages\/56\/revisions"}],"predecessor-version":[{"id":9701,"href":"https:\/\/propesp.uepa.br\/ppged\/wp-json\/wp\/v2\/pages\/56\/revisions\/9701"}],"up":[{"embeddable":true,"href":"https:\/\/propesp.uepa.br\/ppged\/wp-json\/wp\/v2\/pages\/15"}],"wp:attachment":[{"href":"https:\/\/propesp.uepa.br\/ppged\/wp-json\/wp\/v2\/media?parent=56"}],"curies":[{"name":"wp","href":"https:\/\/api.w.org\/{rel}","templated":true}]}}