{"id":6338,"date":"2021-09-17T13:32:43","date_gmt":"2021-09-17T16:32:43","guid":{"rendered":"https:\/\/propesp.uepa.br\/ppged\/?page_id=6338"},"modified":"2024-01-26T10:41:57","modified_gmt":"2024-01-26T13:41:57","slug":"regimento-do-ppged-2","status":"publish","type":"page","link":"https:\/\/propesp.uepa.br\/ppged\/regimento-do-ppged-2\/","title":{"rendered":"Regimento do PPGED"},"content":{"rendered":"\n<div class=\"wp-block-uagb-container uagb-block-040f921a alignfull uagb-is-root-container\"><div class=\"uagb-container-inner-blocks-wrap\">\n<div class=\"wp-block-uagb-advanced-heading uagb-block-7edee0d4\"><h3 class=\"uagb-heading-text\">Regimento do programa de p\u00f3s-gradua\u00e7\u00e3o em educa\u00e7\u00e3o &#8211; PPGED<\/h3><div class=\"uagb-separator\"><\/div><\/div>\n\n\n\n<div class=\"wp-block-uagb-advanced-heading uagb-block-50239a58\"><h3 class=\"uagb-heading-text\">CAP\u00cdTULO I DAS DISPOSI\u00c7\u00d5ES PRELIMINARES<\/h3><\/div>\n\n\n\n<p class=\"has-text-align-center has-ast-global-color-8-color has-text-color\"><span style=\"font-family: 'trebuchet ms', geneva, sans-serif; font-size: 14pt;\"><strong>Art. 1\u00ba<\/strong> &#8211; O Programa de P\u00f3s-Gradua\u00e7\u00e3o em Educa\u00e7\u00e3o &#8211; est\u00e1 vinculado ao Programa de P\u00f3s-Gradua\u00e7\u00e3o do Centro de Ci\u00eancias Sociais e Educa\u00e7\u00e3o (CCSE) e articulado \u00e0 Pr\u00f3-reitoria de Pesquisa e P\u00f3s-Gradua\u00e7\u00e3o da Universidade do Estado do Par\u00e1 (UEPA).<\/span><br><span style=\"font-family: 'trebuchet ms', geneva, sans-serif; font-size: 14pt;\"><strong>PAR\u00c1GRAFO \u00daNICO &#8211;<\/strong> O Programa ser\u00e1 disciplinado pelas leis em vigor, pelas normas da Universidade e pelo presente Regimento.<\/span><\/p>\n\n\n\n<div class=\"wp-block-uagb-buttons uagb-buttons__outer-wrap uagb-btn__default-btn uagb-btn-tablet__default-btn uagb-btn-mobile__default-btn uagb-block-20fe4ceb\"><div class=\"uagb-buttons__wrap uagb-buttons-layout-wrap\">\n<div class=\"wp-block-uagb-buttons-child uagb-buttons__outer-wrap uagb-block-a7b5a7a1 wp-block-button\"><div class=\"uagb-button__wrapper\"><a class=\"uagb-buttons-repeater wp-block-button__link\" href=\"https:\/\/propesp.uepa.br\/ppged\/wp-content\/uploads\/2021\/09\/regimento_do_ppged.pdf\" onclick=\"return true;\" rel=\"follow noopener\" target=\"_self\"><div class=\"uagb-button__link\">Arquivo completo<\/div><\/a><\/div><\/div>\n<\/div><\/div>\n<\/div><\/div>\n\n\n\n<div class=\"wp-block-uagb-container uagb-block-54f77aea alignfull uagb-is-root-container\"><div class=\"uagb-container-inner-blocks-wrap\"><\/div><\/div>\n","protected":false},"excerpt":{"rendered":"<p>Regimento do programa de p\u00f3s-gradua\u00e7\u00e3o em educa\u00e7\u00e3o &#8211; PPGED CAP\u00cdTULO I DAS DISPOSI\u00c7\u00d5ES PRELIMINARES Art. 1\u00ba &#8211; O Programa de P\u00f3s-Gradua\u00e7\u00e3o em Educa\u00e7\u00e3o &#8211; est\u00e1 vinculado ao Programa de P\u00f3s-Gradua\u00e7\u00e3o do Centro de Ci\u00eancias Sociais e Educa\u00e7\u00e3o (CCSE) e articulado \u00e0 Pr\u00f3-reitoria de Pesquisa e P\u00f3s-Gradua\u00e7\u00e3o da Universidade do Estado do Par\u00e1 (UEPA).PAR\u00c1GRAFO \u00daNICO &#8211; [&hellip;]<\/p>\n","protected":false},"author":1,"featured_media":6344,"parent":0,"menu_order":0,"comment_status":"closed","ping_status":"closed","template":"","meta":{"_uag_custom_page_level_css":"","site-sidebar-layout":"default","site-content-layout":"","ast-site-content-layout":"","site-content-style":"default","site-sidebar-style":"default","ast-global-header-display":"","ast-banner-title-visibility":"","ast-main-header-display":"","ast-hfb-above-header-display":"","ast-hfb-below-header-display":"","ast-hfb-mobile-header-display":"","site-post-title":"","ast-breadcrumbs-content":"","ast-featured-img":"","footer-sml-layout":"","theme-transparent-header-meta":"","adv-header-id-meta":"","stick-header-meta":"","header-above-stick-meta":"","header-main-stick-meta":"","header-below-stick-meta":"","astra-migrate-meta-layouts":"default","ast-page-background-enabled":"default","ast-page-background-meta":{"desktop":{"background-color":"var(--ast-global-color-4)","background-image":"","background-repeat":"repeat","background-position":"center center","background-size":"auto","background-attachment":"scroll","background-type":"","background-media":"","overlay-type":"","overlay-color":"","overlay-gradient":""},"tablet":{"background-color":"","background-image":"","background-repeat":"repeat","background-position":"center center","background-size":"auto","background-attachment":"scroll","background-type":"","background-media":"","overlay-type":"","overlay-color":"","overlay-gradient":""},"mobile":{"background-color":"","background-image":"","background-repeat":"repeat","background-position":"center center","background-size":"auto","background-attachment":"scroll","background-type":"","background-media":"","overlay-type":"","overlay-color":"","overlay-gradient":""}},"ast-content-background-meta":{"desktop":{"background-color":"var(--ast-global-color-5)","background-image":"","background-repeat":"repeat","background-position":"center center","background-size":"auto","background-attachment":"scroll","background-type":"","background-media":"","overlay-type":"","overlay-color":"","overlay-gradient":""},"tablet":{"background-color":"var(--ast-global-color-5)","background-image":"","background-repeat":"repeat","background-position":"center center","background-size":"auto","background-attachment":"scroll","background-type":"","background-media":"","overlay-type":"","overlay-color":"","overlay-gradient":""},"mobile":{"background-color":"var(--ast-global-color-5)","background-image":"","background-repeat":"repeat","background-position":"center center","background-size":"auto","background-attachment":"scroll","background-type":"","background-media":"","overlay-type":"","overlay-color":"","overlay-gradient":""}},"footnotes":""},"class_list":["post-6338","page","type-page","status-publish","has-post-thumbnail","hentry"],"uagb_featured_image_src":{"full":false,"thumbnail":false,"medium":false,"medium_large":false,"large":false,"1536x1536":false,"2048x2048":false},"uagb_author_info":{"display_name":"adminsites@uepa.br","author_link":"https:\/\/propesp.uepa.br\/ppged\/author\/adminsitesuepa-br\/"},"uagb_comment_info":0,"uagb_excerpt":"Regimento do programa de p\u00f3s-gradua\u00e7\u00e3o em educa\u00e7\u00e3o &#8211; PPGED CAP\u00cdTULO I DAS DISPOSI\u00c7\u00d5ES PRELIMINARES Art. 1\u00ba &#8211; O Programa de P\u00f3s-Gradua\u00e7\u00e3o em Educa\u00e7\u00e3o &#8211; est\u00e1 vinculado ao Programa de P\u00f3s-Gradua\u00e7\u00e3o do Centro de Ci\u00eancias Sociais e Educa\u00e7\u00e3o (CCSE) e articulado \u00e0 Pr\u00f3-reitoria de Pesquisa e P\u00f3s-Gradua\u00e7\u00e3o da Universidade do Estado do Par\u00e1 (UEPA).PAR\u00c1GRAFO \u00daNICO &#8211;&hellip;","_links":{"self":[{"href":"https:\/\/propesp.uepa.br\/ppged\/wp-json\/wp\/v2\/pages\/6338","targetHints":{"allow":["GET"]}}],"collection":[{"href":"https:\/\/propesp.uepa.br\/ppged\/wp-json\/wp\/v2\/pages"}],"about":[{"href":"https:\/\/propesp.uepa.br\/ppged\/wp-json\/wp\/v2\/types\/page"}],"author":[{"embeddable":true,"href":"https:\/\/propesp.uepa.br\/ppged\/wp-json\/wp\/v2\/users\/1"}],"replies":[{"embeddable":true,"href":"https:\/\/propesp.uepa.br\/ppged\/wp-json\/wp\/v2\/comments?post=6338"}],"version-history":[{"count":10,"href":"https:\/\/propesp.uepa.br\/ppged\/wp-json\/wp\/v2\/pages\/6338\/revisions"}],"predecessor-version":[{"id":10518,"href":"https:\/\/propesp.uepa.br\/ppged\/wp-json\/wp\/v2\/pages\/6338\/revisions\/10518"}],"wp:featuredmedia":[{"embeddable":true,"href":"https:\/\/propesp.uepa.br\/ppged\/wp-json\/"}],"wp:attachment":[{"href":"https:\/\/propesp.uepa.br\/ppged\/wp-json\/wp\/v2\/media?parent=6338"}],"curies":[{"name":"wp","href":"https:\/\/api.w.org\/{rel}","templated":true}]}}