{"id":692,"date":"2017-02-08T19:24:43","date_gmt":"2017-02-08T22:24:43","guid":{"rendered":"http:\/\/ccse.uepa.br\/mestradoeducacao\/?page_id=692"},"modified":"2025-01-23T10:16:26","modified_gmt":"2025-01-23T13:16:26","slug":"educacao","status":"publish","type":"page","link":"https:\/\/propesp.uepa.br\/ppged\/apresentacao-2\/area-de-concentracao\/educacao\/","title":{"rendered":"Mestrado"},"content":{"rendered":"\n<div class=\"wp-block-uagb-container uagb-block-d7a37503 alignfull uagb-is-root-container\"><div class=\"uagb-container-inner-blocks-wrap\">\n<p class=\"has-ast-global-color-8-color has-text-color has-medium-font-size\">A organiza\u00e7\u00e3o do sistema formal de ensino, na Amaz\u00f4nia Paraense, assume car\u00e1ter complexo face a problemas como o isolamento das popula\u00e7\u00f5es e a falta de recursos econ\u00f4mico-financeiros do estado e aponta para um dos maiores desafios contempor\u00e2neos a ser vencido, a forma\u00e7\u00e3o de recursos humanos que pensem estrat\u00e9gias para a educa\u00e7\u00e3o na regi\u00e3o norte. Forma\u00e7\u00e3o de pesquisadores que possibilite a produ\u00e7\u00e3o de novos conhecimentos e tecnologias educacionais, incorporando os espa\u00e7os educativos alternativos, que poderiam ser envolvidos na urg\u00eancia de um atendimento mais amplo e eficaz \u00e0s crian\u00e7as e jovens.<br>Para compor o caleidosc\u00f3pio cultural da Amaz\u00f4nia Paraense, torna-se necess\u00e1ria a sistematiza\u00e7\u00e3o de saberes e fazeres em cartografias que, ao mapear as narrativas do acontecer cotidiano, possam oferecer bases seguras para fundamentar planos de educa\u00e7\u00e3o, com o claro princ\u00edpio de melhor formar educadores capazes de criar e desenvolver pr\u00e1ticas pedag\u00f3gicas, para uma atua\u00e7\u00e3o demarcada culturalmente pelo espa\u00e7o no qual atuam, por meio de uma proposta de educa\u00e7\u00e3o inclusiva e multicultural de qualidade.<br>Em n\u00edvel de mestrado, o Programa visa a forma\u00e7\u00e3o de profissionais que atuem na busca de novos modelos de relacionamento com a natureza do processo educativo, desenvolvendo pesquisas que permitam a visibilidade adequada dos problemas educacionais no espa\u00e7o amaz\u00f4nico, capazes de discutir as quest\u00f5es relativas \u00e0 cultura e suas interfaces com a pol\u00edtica, aqui entendida em seu sentido mais amplo, qual seja, o da constitui\u00e7\u00e3o de indiv\u00edduos aut\u00f4nomos e preparados para o exerc\u00edcio de sua cidadania.<br>O Programa apresenta a educa\u00e7\u00e3o em sua dimens\u00e3o mais ampla e complexa, propondo-se o desafio de pensar a especificidade da Amaz\u00f4nia Paraense sob variados contextos socioculturais e pol\u00edticos.<br>A proposta de educa\u00e7\u00e3o para esta regi\u00e3o n\u00e3o pode se omitir quanto ao fato que seus habitantes se caracterizam como sujeitos de uma sociabilidade \u00fanica em seus matizes de floresta, de \u00e1guas e habitando um espa\u00e7o caracterizado pelo isolamento em fun\u00e7\u00e3o das enormes dist\u00e2ncias, o que dificulta sua conex\u00e3o ao sistema educacional formal, mas que, ao mesmo tempo, s\u00e3o guardi\u00e3es de saberes ancestrais de ra\u00edzes e matizes afro-ind\u00edgenas, que devem ser estudados e preservados como demarcadores identit\u00e1rios importantes dos povos ind\u00edgenas, remanescentes de quilombos e ribeirinhos.<\/p>\n<\/div><\/div>\n","protected":false},"excerpt":{"rendered":"<p>A organiza\u00e7\u00e3o do sistema formal de ensino, na Amaz\u00f4nia Paraense, assume car\u00e1ter complexo face a problemas como o isolamento das popula\u00e7\u00f5es e a falta de recursos econ\u00f4mico-financeiros do estado e aponta para um dos maiores desafios contempor\u00e2neos a ser vencido, a forma\u00e7\u00e3o de recursos humanos que pensem estrat\u00e9gias para a educa\u00e7\u00e3o na regi\u00e3o norte. Forma\u00e7\u00e3o [&hellip;]<\/p>\n","protected":false},"author":1,"featured_media":0,"parent":57,"menu_order":1,"comment_status":"closed","ping_status":"closed","template":"","meta":{"_uag_custom_page_level_css":"","site-sidebar-layout":"default","site-content-layout":"","ast-site-content-layout":"","site-content-style":"default","site-sidebar-style":"default","ast-global-header-display":"","ast-banner-title-visibility":"","ast-main-header-display":"","ast-hfb-above-header-display":"","ast-hfb-below-header-display":"","ast-hfb-mobile-header-display":"","site-post-title":"","ast-breadcrumbs-content":"","ast-featured-img":"","footer-sml-layout":"","theme-transparent-header-meta":"","adv-header-id-meta":"","stick-header-meta":"","header-above-stick-meta":"","header-main-stick-meta":"","header-below-stick-meta":"","astra-migrate-meta-layouts":"","ast-page-background-enabled":"default","ast-page-background-meta":{"desktop":{"background-color":"var(--ast-global-color-4)","background-image":"","background-repeat":"repeat","background-position":"center center","background-size":"auto","background-attachment":"scroll","background-type":"","background-media":"","overlay-type":"","overlay-color":"","overlay-gradient":""},"tablet":{"background-color":"","background-image":"","background-repeat":"repeat","background-position":"center center","background-size":"auto","background-attachment":"scroll","background-type":"","background-media":"","overlay-type":"","overlay-color":"","overlay-gradient":""},"mobile":{"background-color":"","background-image":"","background-repeat":"repeat","background-position":"center center","background-size":"auto","background-attachment":"scroll","background-type":"","background-media":"","overlay-type":"","overlay-color":"","overlay-gradient":""}},"ast-content-background-meta":{"desktop":{"background-color":"var(--ast-global-color-5)","background-image":"","background-repeat":"repeat","background-position":"center center","background-size":"auto","background-attachment":"scroll","background-type":"","background-media":"","overlay-type":"","overlay-color":"","overlay-gradient":""},"tablet":{"background-color":"var(--ast-global-color-5)","background-image":"","background-repeat":"repeat","background-position":"center center","background-size":"auto","background-attachment":"scroll","background-type":"","background-media":"","overlay-type":"","overlay-color":"","overlay-gradient":""},"mobile":{"background-color":"var(--ast-global-color-5)","background-image":"","background-repeat":"repeat","background-position":"center center","background-size":"auto","background-attachment":"scroll","background-type":"","background-media":"","overlay-type":"","overlay-color":"","overlay-gradient":""}},"footnotes":""},"class_list":["post-692","page","type-page","status-publish","hentry"],"uagb_featured_image_src":{"full":false,"thumbnail":false,"medium":false,"medium_large":false,"large":false,"1536x1536":false,"2048x2048":false},"uagb_author_info":{"display_name":"adminsites@uepa.br","author_link":"https:\/\/propesp.uepa.br\/ppged\/author\/adminsitesuepa-br\/"},"uagb_comment_info":0,"uagb_excerpt":"A organiza\u00e7\u00e3o do sistema formal de ensino, na Amaz\u00f4nia Paraense, assume car\u00e1ter complexo face a problemas como o isolamento das popula\u00e7\u00f5es e a falta de recursos econ\u00f4mico-financeiros do estado e aponta para um dos maiores desafios contempor\u00e2neos a ser vencido, a forma\u00e7\u00e3o de recursos humanos que pensem estrat\u00e9gias para a educa\u00e7\u00e3o na regi\u00e3o norte. Forma\u00e7\u00e3o&hellip;","_links":{"self":[{"href":"https:\/\/propesp.uepa.br\/ppged\/wp-json\/wp\/v2\/pages\/692","targetHints":{"allow":["GET"]}}],"collection":[{"href":"https:\/\/propesp.uepa.br\/ppged\/wp-json\/wp\/v2\/pages"}],"about":[{"href":"https:\/\/propesp.uepa.br\/ppged\/wp-json\/wp\/v2\/types\/page"}],"author":[{"embeddable":true,"href":"https:\/\/propesp.uepa.br\/ppged\/wp-json\/wp\/v2\/users\/1"}],"replies":[{"embeddable":true,"href":"https:\/\/propesp.uepa.br\/ppged\/wp-json\/wp\/v2\/comments?post=692"}],"version-history":[{"count":7,"href":"https:\/\/propesp.uepa.br\/ppged\/wp-json\/wp\/v2\/pages\/692\/revisions"}],"predecessor-version":[{"id":10915,"href":"https:\/\/propesp.uepa.br\/ppged\/wp-json\/wp\/v2\/pages\/692\/revisions\/10915"}],"up":[{"embeddable":true,"href":"https:\/\/propesp.uepa.br\/ppged\/wp-json\/wp\/v2\/pages\/57"}],"wp:attachment":[{"href":"https:\/\/propesp.uepa.br\/ppged\/wp-json\/wp\/v2\/media?parent=692"}],"curies":[{"name":"wp","href":"https:\/\/api.w.org\/{rel}","templated":true}]}}