{"id":7715,"date":"2017-05-15T18:57:21","date_gmt":"2017-05-15T21:57:21","guid":{"rendered":"http:\/\/ccse.uepa.br\/mestradoeducacao\/?page_id=1136"},"modified":"2022-09-19T10:30:18","modified_gmt":"2022-09-19T13:30:18","slug":"anais","status":"publish","type":"page","link":"https:\/\/propesp.uepa.br\/ppged\/anais\/","title":{"rendered":"Anais"},"content":{"rendered":"<p><span style=\"font-family: 'trebuchet ms', geneva, sans-serif;\"><img loading=\"lazy\" decoding=\"async\" src=\"http:\/\/propesp.uepa.br\/ppged\/wp-content\/uploads\/2019\/07\/logo_original_mestrado-991x1024.png\" alt=\"\" width=\"127\" height=\"131\" \/><\/span><\/p>\n<p style=\"text-align: justify;\"><strong><span style=\"font-family: 'trebuchet ms', geneva, sans-serif;\">PROGRAMA DE P\u00d3S GRADUA EM EDUCA\u00c7\u00c3O &#8211; PPGED<\/span><\/strong><\/p>\n<p style=\"text-align: justify;\"><strong><span style=\"font-family: 'trebuchet ms', geneva, sans-serif;\"><em>&#8220;Stricto Sensu&#8221;<\/em><\/span><\/strong><\/p>\n<p><strong><span style=\"font-family: 'trebuchet ms', geneva, sans-serif;\">ANAIS DOS EVENTOS DO PROGRAMA<\/span><\/strong><\/p>\n<p>&nbsp;<\/p>\n<p style=\"text-align: justify;\"><span style=\"font-family: 'trebuchet ms', geneva, sans-serif;\">XV SEMIN\u00c1RIO DO PROGRAMA DE P\u00d3S-GRADUA\u00c7\u00c3O EM EDUCA\u00c7\u00c3O &#8211; PPGED<\/span><br \/>\n<a href=\"https:\/\/propesp.uepa.br\/ppged\/wp-content\/uploads\/producoes\/ANAIS_XV_SEMINARIO_PPGED.pdf\"><span style=\"font-family: 'trebuchet ms', geneva, sans-serif;\">Anais do Evento.<\/span><\/a><\/p>\n<p style=\"text-align: justify;\"><span style=\"font-family: 'trebuchet ms', geneva, sans-serif;\">XIV SEMIN\u00c1RIO DO PROGRAMA DE P\u00d3S-GRADUA\u00c7\u00c3O EM EDUCA\u00c7\u00c3O &#8211; PPGED<\/span><br \/>\n<span style=\"font-family: 'trebuchet ms', geneva, sans-serif;\"><a href=\"http:\/\/propesp.uepa.br\/ppged\/wp-content\/uploads\/2021\/11\/Anais_XIV_Seminario_do_PPGED-1.pdf\">Anais do Evento.<\/a><\/span><\/p>\n<p style=\"text-align: justify;\"><span style=\"font-family: 'trebuchet ms', geneva, sans-serif;\">XIII SEMIN\u00c1RIO DO PROGRAMA DE P\u00d3S-GRADUA\u00c7\u00c3O EM EDUCA\u00c7\u00c3O &#8211; PPGED<\/span><br \/>\n<span style=\"font-family: 'trebuchet ms', geneva, sans-serif;\"><a href=\"http:\/\/propesp.uepa.br\/ppged\/wp-content\/uploads\/producoes\/anais_cd_rom_xiii_seminario_2016.pdf\" target=\"_blank\" rel=\"noopener noreferrer\">Anais do Evento.<\/a><\/span><\/p>\n<p><span style=\"font-family: 'trebuchet ms', geneva, sans-serif;\">XII SEMIN\u00c1RIO DO PROGRAMA DE P\u00d3S-GRADUA\u00c7\u00c3O EM EDUCA\u00c7\u00c3O &#8211; PPGED<\/span><br \/>\n<span style=\"font-family: 'trebuchet ms', geneva, sans-serif;\">Anais do Evento.<\/span><\/p>\n<p><span style=\"font-family: 'trebuchet ms', geneva, sans-serif;\">XI SEMIN\u00c1RIO DO PROGRAMA DE P\u00d3S-GRADUA\u00c7\u00c3O EM EDUCA\u00c7\u00c3O &#8211; PPGED<\/span><br \/>\n<span style=\"font-family: 'trebuchet ms', geneva, sans-serif;\">Anais do Evento.<\/span><\/p>\n<p><span style=\"font-family: 'trebuchet ms', geneva, sans-serif;\">X SEMIN\u00c1RIO DO PROGRAMA DE P\u00d3S-GRADUA\u00c7\u00c3O EM EDUCA\u00c7\u00c3O &#8211; PPGED<\/span><br \/>\n<span style=\"font-family: 'trebuchet ms', geneva, sans-serif;\">Anais do Evento.<\/span><\/p>\n<p><span style=\"font-family: 'trebuchet ms', geneva, sans-serif;\">IX SEMIN\u00c1RIO DO PROGRAMA DE P\u00d3S-GRADUA\u00c7\u00c3O EM EDUCA\u00c7\u00c3O &#8211; PPGED<\/span><br \/>\n<span style=\"font-family: 'trebuchet ms', geneva, sans-serif;\">Anais do Evento.<\/span><\/p>\n<p><span style=\"font-family: 'trebuchet ms', geneva, sans-serif;\">VIII SEMIN\u00c1RIO DO PROGRAMA DE P\u00d3S-GRADUA\u00c7\u00c3O EM EDUCA\u00c7\u00c3O &#8211; PPGED<\/span><br \/>\n<span style=\"font-family: 'trebuchet ms', geneva, sans-serif;\">Anais do Evento.<\/span><\/p>\n<p><span style=\"font-family: 'trebuchet ms', geneva, sans-serif;\">VII SEMIN\u00c1RIO DO PROGRAMA DE P\u00d3S-GRADUA\u00c7\u00c3O EM EDUCA\u00c7\u00c3O &#8211; PPGED<\/span><br \/>\n<span style=\"font-family: 'trebuchet ms', geneva, sans-serif;\">Anais do Evento.<\/span><\/p>\n<p><span style=\"font-family: 'trebuchet ms', geneva, sans-serif;\">VI SEMIN\u00c1RIO DO PROGRAMA DE P\u00d3S-GRADUA\u00c7\u00c3O EM EDUCA\u00c7\u00c3O &#8211; PPGED<\/span><br \/>\n<span style=\"font-family: 'trebuchet ms', geneva, sans-serif;\"><a style=\"color: #000000;\" href=\"http:\/\/propesp.uepa.br\/ppged\/wp-content\/uploads\/producoes\/anais_vi_seminario_ppged_ccse_uepa.pdf\">Anais do Evento.<\/a><\/span><\/p>\n<p><span style=\"font-family: 'trebuchet ms', geneva, sans-serif;\">V SEMIN\u00c1RIO DO PROGRAMA DE P\u00d3S-GRADUA\u00c7\u00c3O EM EDUCA\u00c7\u00c3O &#8211; PPGED<\/span><br \/>\n<span style=\"font-family: 'trebuchet ms', geneva, sans-serif;\">Anais do Evento.<\/span><\/p>\n<p><span style=\"font-family: 'trebuchet ms', geneva, sans-serif;\">IV SEMIN\u00c1RIO DO PROGRAMA DE P\u00d3S-GRADUA\u00c7\u00c3O EM EDUCA\u00c7\u00c3O &#8211; PPGED<\/span><br \/>\n<span style=\"font-family: 'trebuchet ms', geneva, sans-serif;\"><a style=\"color: #000000;\" href=\"http:\/\/propesp.uepa.br\/ppged\/wp-content\/uploads\/producoes\/anais_do_iv_seminario_do_programa_de_pos_graduacao_em_educacao.pdf\" target=\"_blank\" rel=\"noopener noreferrer\">Anais do Evento.<\/a><\/span><\/p>\n<p><span style=\"font-family: 'trebuchet ms', geneva, sans-serif;\">III SEMIN\u00c1RIO DO PROGRAMA DE P\u00d3S-GRADUA\u00c7\u00c3O EM EDUCA\u00c7\u00c3O &#8211; PPGED<\/span><br \/>\n<span style=\"font-family: 'trebuchet ms', geneva, sans-serif;\"><a style=\"color: #000000;\" href=\"http:\/\/propesp.uepa.br\/ppged\/wp-content\/uploads\/producoes\/anais_do_iii_seminario_do_programa_de_pos_graduacao_em_educacao.pdf\" target=\"_blank\" rel=\"noopener noreferrer\">Anais do Evento.<\/a><\/span><\/p>\n<p><span style=\"font-family: 'trebuchet ms', geneva, sans-serif;\">II SEMIN\u00c1RIO DO PROGRAMA DE P\u00d3S-GRADUA\u00c7\u00c3O EM EDUCA\u00c7\u00c3O &#8211; PPGED<\/span><br \/>\n<span style=\"font-family: 'trebuchet ms', geneva, sans-serif;\"><a style=\"color: #000000;\" href=\"http:\/\/propesp.uepa.br\/ppged\/wp-content\/uploads\/producoes\/anais_do_ii_seminario_do_programa_de_pos_graduacao em educacao.pdf\" target=\"_blank\" rel=\"noopener noreferrer\">Anais do Evento.<\/a><\/span><\/p>\n<p style=\"text-align: justify;\"><span style=\"font-family: 'trebuchet ms', geneva, sans-serif;\">I SEMIN\u00c1RIO DO PROGRAMA DE P\u00d3S-GRADUA\u00c7\u00c3O EM EDUCA\u00c7\u00c3O &#8211; PPGED<\/span><br \/>\n<span style=\"font-family: 'trebuchet ms', geneva, sans-serif;\"><a style=\"color: #000000;\" href=\"http:\/\/propesp.uepa.br\/ppged\/wp-content\/uploads\/producoes\/ANAIS_CD_ROM_I_SEMIN\u00c1RIO_2004.pdf\">Anais do Evento.<\/a><\/span><\/p>\n","protected":false},"excerpt":{"rendered":"<p>PROGRAMA DE P\u00d3S GRADUA EM EDUCA\u00c7\u00c3O &#8211; PPGED &#8220;Stricto Sensu&#8221; ANAIS DOS EVENTOS DO PROGRAMA &nbsp; XV SEMIN\u00c1RIO DO PROGRAMA DE P\u00d3S-GRADUA\u00c7\u00c3O EM EDUCA\u00c7\u00c3O &#8211; PPGED Anais do Evento. XIV SEMIN\u00c1RIO DO PROGRAMA DE P\u00d3S-GRADUA\u00c7\u00c3O EM EDUCA\u00c7\u00c3O &#8211; PPGED Anais do Evento. XIII SEMIN\u00c1RIO DO PROGRAMA DE P\u00d3S-GRADUA\u00c7\u00c3O EM EDUCA\u00c7\u00c3O &#8211; PPGED Anais do Evento. [&hellip;]<\/p>\n","protected":false},"author":1,"featured_media":0,"parent":0,"menu_order":0,"comment_status":"closed","ping_status":"closed","template":"","meta":{"_uag_custom_page_level_css":"","site-sidebar-layout":"default","site-content-layout":"","ast-site-content-layout":"","site-content-style":"default","site-sidebar-style":"default","ast-global-header-display":"","ast-banner-title-visibility":"","ast-main-header-display":"","ast-hfb-above-header-display":"","ast-hfb-below-header-display":"","ast-hfb-mobile-header-display":"","site-post-title":"","ast-breadcrumbs-content":"","ast-featured-img":"","footer-sml-layout":"","theme-transparent-header-meta":"","adv-header-id-meta":"","stick-header-meta":"","header-above-stick-meta":"","header-main-stick-meta":"","header-below-stick-meta":"","astra-migrate-meta-layouts":"default","ast-page-background-enabled":"default","ast-page-background-meta":{"desktop":{"background-color":"var(--ast-global-color-4)","background-image":"","background-repeat":"repeat","background-position":"center center","background-size":"auto","background-attachment":"scroll","background-type":"","background-media":"","overlay-type":"","overlay-color":"","overlay-gradient":""},"tablet":{"background-color":"","background-image":"","background-repeat":"repeat","background-position":"center center","background-size":"auto","background-attachment":"scroll","background-type":"","background-media":"","overlay-type":"","overlay-color":"","overlay-gradient":""},"mobile":{"background-color":"","background-image":"","background-repeat":"repeat","background-position":"center center","background-size":"auto","background-attachment":"scroll","background-type":"","background-media":"","overlay-type":"","overlay-color":"","overlay-gradient":""}},"ast-content-background-meta":{"desktop":{"background-color":"var(--ast-global-color-5)","background-image":"","background-repeat":"repeat","background-position":"center center","background-size":"auto","background-attachment":"scroll","background-type":"","background-media":"","overlay-type":"","overlay-color":"","overlay-gradient":""},"tablet":{"background-color":"var(--ast-global-color-5)","background-image":"","background-repeat":"repeat","background-position":"center center","background-size":"auto","background-attachment":"scroll","background-type":"","background-media":"","overlay-type":"","overlay-color":"","overlay-gradient":""},"mobile":{"background-color":"var(--ast-global-color-5)","background-image":"","background-repeat":"repeat","background-position":"center center","background-size":"auto","background-attachment":"scroll","background-type":"","background-media":"","overlay-type":"","overlay-color":"","overlay-gradient":""}},"footnotes":""},"class_list":["post-7715","page","type-page","status-publish","hentry"],"uagb_featured_image_src":{"full":false,"thumbnail":false,"medium":false,"medium_large":false,"large":false,"1536x1536":false,"2048x2048":false},"uagb_author_info":{"display_name":"adminsites@uepa.br","author_link":"https:\/\/propesp.uepa.br\/ppged\/author\/adminsitesuepa-br\/"},"uagb_comment_info":0,"uagb_excerpt":"PROGRAMA DE P\u00d3S GRADUA EM EDUCA\u00c7\u00c3O &#8211; PPGED &#8220;Stricto Sensu&#8221; ANAIS DOS EVENTOS DO PROGRAMA &nbsp; XV SEMIN\u00c1RIO DO PROGRAMA DE P\u00d3S-GRADUA\u00c7\u00c3O EM EDUCA\u00c7\u00c3O &#8211; PPGED Anais do Evento. XIV SEMIN\u00c1RIO DO PROGRAMA DE P\u00d3S-GRADUA\u00c7\u00c3O EM EDUCA\u00c7\u00c3O &#8211; PPGED Anais do Evento. XIII SEMIN\u00c1RIO DO PROGRAMA DE P\u00d3S-GRADUA\u00c7\u00c3O EM EDUCA\u00c7\u00c3O &#8211; PPGED Anais do Evento.&hellip;","_links":{"self":[{"href":"https:\/\/propesp.uepa.br\/ppged\/wp-json\/wp\/v2\/pages\/7715","targetHints":{"allow":["GET"]}}],"collection":[{"href":"https:\/\/propesp.uepa.br\/ppged\/wp-json\/wp\/v2\/pages"}],"about":[{"href":"https:\/\/propesp.uepa.br\/ppged\/wp-json\/wp\/v2\/types\/page"}],"author":[{"embeddable":true,"href":"https:\/\/propesp.uepa.br\/ppged\/wp-json\/wp\/v2\/users\/1"}],"replies":[{"embeddable":true,"href":"https:\/\/propesp.uepa.br\/ppged\/wp-json\/wp\/v2\/comments?post=7715"}],"version-history":[{"count":0,"href":"https:\/\/propesp.uepa.br\/ppged\/wp-json\/wp\/v2\/pages\/7715\/revisions"}],"wp:attachment":[{"href":"https:\/\/propesp.uepa.br\/ppged\/wp-json\/wp\/v2\/media?parent=7715"}],"curies":[{"name":"wp","href":"https:\/\/api.w.org\/{rel}","templated":true}]}}