{"id":920,"date":"2017-03-16T09:27:07","date_gmt":"2017-03-16T12:27:07","guid":{"rendered":"http:\/\/ccse.uepa.br\/mestradoeducacao\/?page_id=920"},"modified":"2024-01-26T10:44:26","modified_gmt":"2024-01-26T13:44:26","slug":"atividades-programadas-para-1o-semestre-de-2017-2","status":"publish","type":"page","link":"https:\/\/propesp.uepa.br\/ppged\/eventos\/atividades-programadas-para-1o-semestre-de-2017-2\/","title":{"rendered":"Atividades Programadas"},"content":{"rendered":"\n<div class=\"wp-block-uagb-container uagb-block-d9f595e4 alignfull uagb-is-root-container\"><div class=\"uagb-container-inner-blocks-wrap\">\n<div class=\"wp-block-uagb-advanced-heading uagb-block-1a2fc361\"><p class=\"uagb-desc-text\">O Programa de P\u00f3s-Gradua\u00e7\u00e3o em Educa\u00e7\u00e3o &#8211; PPGED &#8211; Mestrado, divulga as Atividades Programadas para o 1\u00ba Semestre. Essas atividades s\u00e3o compostas de Oficinas, Semin\u00e1rios, Circulo de Debates , Reuni\u00f5es.<\/p><\/div>\n\n\n\n<p class=\"has-text-align-center has-ast-global-color-8-color has-text-color\"><strong>PROGRAMA\u00c7\u00c3O:<\/strong><\/p>\n\n\n\n<p class=\"has-text-align-center has-ast-global-color-8-color has-text-color has-link-color wp-elements-6fe841cd5054c6257ab78c3d91406619\"><strong>LINHA DE PESQUISA: SABERES CULTURAIS E EDUCA\u00c7\u00c3O NA AMAZ\u00d4NIA<\/strong><br><br><a data-wplink-url-error=\"true\" href=\"https:\/\/propesp.uepa.br\/ppged\/wp-content\/uploads\/download\/Agenda_de_Trabalho_da Linha_de_Pesquisa_Saberes_ 2017_1_ VF.pdf\">Agenda de Atividades<\/a><\/p>\n\n\n\n<p class=\"has-text-align-center has-ast-global-color-8-color has-text-color has-link-color wp-elements-0957966ed1b56308e5bc578261f63530\"><strong>LINHA DE PESQUISA: FORMA\u00c7\u00c3O DE PROFESSORES &nbsp;E PR\u00c1TICA PEDAG\u00d3GICAS<\/strong><br><br><a href=\"https:\/\/propesp.uepa.br\/ppged\/?p=4828\">Semin\u00e1rio de Cogni\u00e7\u00e3o e Educa\u00e7\u00e3o Matem\u00e1tica 2021<\/a><\/p>\n<\/div><\/div>\n\n\n\n<div class=\"wp-block-uagb-container uagb-block-bfc07e65 alignfull uagb-is-root-container\"><div class=\"uagb-container-inner-blocks-wrap\"><\/div><\/div>\n","protected":false},"excerpt":{"rendered":"<p>O Programa de P\u00f3s-Gradua\u00e7\u00e3o em Educa\u00e7\u00e3o &#8211; PPGED &#8211; Mestrado, divulga as Atividades Programadas para o 1\u00ba Semestre. Essas atividades s\u00e3o compostas de Oficinas, Semin\u00e1rios, Circulo de Debates , Reuni\u00f5es. PROGRAMA\u00c7\u00c3O: LINHA DE PESQUISA: SABERES CULTURAIS E EDUCA\u00c7\u00c3O NA AMAZ\u00d4NIA Agenda de Atividades LINHA DE PESQUISA: FORMA\u00c7\u00c3O DE PROFESSORES &nbsp;E PR\u00c1TICA PEDAG\u00d3GICAS Semin\u00e1rio de Cogni\u00e7\u00e3o [&hellip;]<\/p>\n","protected":false},"author":1,"featured_media":0,"parent":27,"menu_order":1,"comment_status":"closed","ping_status":"closed","template":"","meta":{"_uag_custom_page_level_css":"","site-sidebar-layout":"default","site-content-layout":"","ast-site-content-layout":"","site-content-style":"default","site-sidebar-style":"default","ast-global-header-display":"","ast-banner-title-visibility":"","ast-main-header-display":"","ast-hfb-above-header-display":"","ast-hfb-below-header-display":"","ast-hfb-mobile-header-display":"","site-post-title":"","ast-breadcrumbs-content":"","ast-featured-img":"","footer-sml-layout":"","theme-transparent-header-meta":"","adv-header-id-meta":"","stick-header-meta":"","header-above-stick-meta":"","header-main-stick-meta":"","header-below-stick-meta":"","astra-migrate-meta-layouts":"default","ast-page-background-enabled":"default","ast-page-background-meta":{"desktop":{"background-color":"var(--ast-global-color-4)","background-image":"","background-repeat":"repeat","background-position":"center center","background-size":"auto","background-attachment":"scroll","background-type":"","background-media":"","overlay-type":"","overlay-color":"","overlay-gradient":""},"tablet":{"background-color":"","background-image":"","background-repeat":"repeat","background-position":"center center","background-size":"auto","background-attachment":"scroll","background-type":"","background-media":"","overlay-type":"","overlay-color":"","overlay-gradient":""},"mobile":{"background-color":"","background-image":"","background-repeat":"repeat","background-position":"center center","background-size":"auto","background-attachment":"scroll","background-type":"","background-media":"","overlay-type":"","overlay-color":"","overlay-gradient":""}},"ast-content-background-meta":{"desktop":{"background-color":"var(--ast-global-color-5)","background-image":"","background-repeat":"repeat","background-position":"center center","background-size":"auto","background-attachment":"scroll","background-type":"","background-media":"","overlay-type":"","overlay-color":"","overlay-gradient":""},"tablet":{"background-color":"var(--ast-global-color-5)","background-image":"","background-repeat":"repeat","background-position":"center center","background-size":"auto","background-attachment":"scroll","background-type":"","background-media":"","overlay-type":"","overlay-color":"","overlay-gradient":""},"mobile":{"background-color":"var(--ast-global-color-5)","background-image":"","background-repeat":"repeat","background-position":"center center","background-size":"auto","background-attachment":"scroll","background-type":"","background-media":"","overlay-type":"","overlay-color":"","overlay-gradient":""}},"footnotes":""},"class_list":["post-920","page","type-page","status-publish","hentry"],"uagb_featured_image_src":{"full":false,"thumbnail":false,"medium":false,"medium_large":false,"large":false,"1536x1536":false,"2048x2048":false},"uagb_author_info":{"display_name":"adminsites@uepa.br","author_link":"https:\/\/propesp.uepa.br\/ppged\/author\/adminsitesuepa-br\/"},"uagb_comment_info":0,"uagb_excerpt":"O Programa de P\u00f3s-Gradua\u00e7\u00e3o em Educa\u00e7\u00e3o &#8211; PPGED &#8211; Mestrado, divulga as Atividades Programadas para o 1\u00ba Semestre. Essas atividades s\u00e3o compostas de Oficinas, Semin\u00e1rios, Circulo de Debates , Reuni\u00f5es. PROGRAMA\u00c7\u00c3O: LINHA DE PESQUISA: SABERES CULTURAIS E EDUCA\u00c7\u00c3O NA AMAZ\u00d4NIA Agenda de Atividades LINHA DE PESQUISA: FORMA\u00c7\u00c3O DE PROFESSORES &nbsp;E PR\u00c1TICA PEDAG\u00d3GICAS Semin\u00e1rio de Cogni\u00e7\u00e3o&hellip;","_links":{"self":[{"href":"https:\/\/propesp.uepa.br\/ppged\/wp-json\/wp\/v2\/pages\/920","targetHints":{"allow":["GET"]}}],"collection":[{"href":"https:\/\/propesp.uepa.br\/ppged\/wp-json\/wp\/v2\/pages"}],"about":[{"href":"https:\/\/propesp.uepa.br\/ppged\/wp-json\/wp\/v2\/types\/page"}],"author":[{"embeddable":true,"href":"https:\/\/propesp.uepa.br\/ppged\/wp-json\/wp\/v2\/users\/1"}],"replies":[{"embeddable":true,"href":"https:\/\/propesp.uepa.br\/ppged\/wp-json\/wp\/v2\/comments?post=920"}],"version-history":[{"count":11,"href":"https:\/\/propesp.uepa.br\/ppged\/wp-json\/wp\/v2\/pages\/920\/revisions"}],"predecessor-version":[{"id":9719,"href":"https:\/\/propesp.uepa.br\/ppged\/wp-json\/wp\/v2\/pages\/920\/revisions\/9719"}],"up":[{"embeddable":true,"href":"https:\/\/propesp.uepa.br\/ppged\/wp-json\/wp\/v2\/pages\/27"}],"wp:attachment":[{"href":"https:\/\/propesp.uepa.br\/ppged\/wp-json\/wp\/v2\/media?parent=920"}],"curies":[{"name":"wp","href":"https:\/\/api.w.org\/{rel}","templated":true}]}}