{"id":9834,"date":"2024-03-04T15:06:22","date_gmt":"2024-03-04T18:06:22","guid":{"rendered":"https:\/\/propesp.uepa.br\/ppged\/?page_id=9834"},"modified":"2026-03-09T10:16:49","modified_gmt":"2026-03-09T13:16:49","slug":"mestrado-2","status":"publish","type":"page","link":"https:\/\/propesp.uepa.br\/ppged\/mestrado-2\/","title":{"rendered":"Mestrado"},"content":{"rendered":"\n<p class=\"has-text-align-center has-medium-font-size\"><mark style=\"background-color:rgba(0, 0, 0, 0)\" class=\"has-inline-color has-ast-global-color-8-color\">     Consulte Processos Seletivos do Mestrado em Educa\u00e7\u00e3o dispon\u00edveis<\/mark><\/p>\n\n\n\n<div class=\"wp-block-uagb-separator uagb-block-ad83c78a\"><div class=\"wp-block-uagb-separator__inner\" style=\"--my-background-image:\"><\/div><\/div>\n\n\n\n<figure class=\"wp-block-embed is-type-wp-embed is-provider-ppged wp-block-embed-ppged\">\n<blockquote class=\"wp-embedded-content\" data-secret=\"KhsZsFPkn8\"><a href=\"https:\/\/propesp.uepa.br\/ppged\/edital-de-selecao-do-mestrado-programa-de-pos-graduacao-em-educacao-ano-academico-2027\/\">EDITAL DE SELE\u00c7\u00c3O DO MESTRADO PROGRAMA DE P\u00d3S-GRADUA\u00c7\u00c3O EM EDUCA\u00c7\u00c3O ANO ACAD\u00caMICO 2027<\/a><\/blockquote><iframe loading=\"lazy\" class=\"wp-embedded-content\" sandbox=\"allow-scripts\" security=\"restricted\" style=\"position: absolute; visibility: hidden;\" title=\"&#8220;EDITAL DE SELE\u00c7\u00c3O DO MESTRADO PROGRAMA DE P\u00d3S-GRADUA\u00c7\u00c3O EM EDUCA\u00c7\u00c3O ANO ACAD\u00caMICO 2027&#8221; &#8212; PPGED\" src=\"https:\/\/propesp.uepa.br\/ppged\/edital-de-selecao-do-mestrado-programa-de-pos-graduacao-em-educacao-ano-academico-2027\/embed\/#?secret=M5UoDvMvQe#?secret=KhsZsFPkn8\" data-secret=\"KhsZsFPkn8\" width=\"500\" height=\"282\" frameborder=\"0\" marginwidth=\"0\" marginheight=\"0\" scrolling=\"no\"><\/iframe>\n<\/figure>\n\n\n\n<p><\/p>\n\n\n\n<p class=\"has-text-align-center has-medium-font-size\"><mark style=\"background-color:rgba(0, 0, 0, 0);color:#000000\" class=\"has-inline-color\">Processos Seletivos Anteriores<\/mark><\/p>\n\n\n\n<div class=\"wp-block-uagb-separator uagb-block-97b35542\"><div class=\"wp-block-uagb-separator__inner\" style=\"--my-background-image:\"><\/div><\/div>\n\n\n\n<div class=\"wp-block-columns is-layout-flex wp-container-core-columns-is-layout-28f84493 wp-block-columns-is-layout-flex\">\n<div class=\"wp-block-column is-layout-flow wp-block-column-is-layout-flow\" style=\"flex-basis:100%\">\n<figure class=\"wp-block-embed aligncenter is-type-wp-embed is-provider-ppged wp-block-embed-ppged\">\n<blockquote class=\"wp-embedded-content\" data-secret=\"AwBiBpfErt\"><a href=\"https:\/\/propesp.uepa.br\/ppged\/edital-de-selecao-do-mestrado-programa-de-pos-graduacao-em-educacao-ano-academico-2026\/\">EDITAL DE SELE\u00c7\u00c3O DO MESTRADO PROGRAMA DE P\u00d3S-GRADUA\u00c7\u00c3O EM EDUCA\u00c7\u00c3O ANO ACAD\u00caMICO 2026<\/a><\/blockquote><iframe loading=\"lazy\" class=\"wp-embedded-content\" sandbox=\"allow-scripts\" security=\"restricted\" style=\"position: absolute; visibility: hidden;\" title=\"&#8220;EDITAL DE SELE\u00c7\u00c3O DO MESTRADO PROGRAMA DE P\u00d3S-GRADUA\u00c7\u00c3O EM EDUCA\u00c7\u00c3O ANO ACAD\u00caMICO 2026&#8221; &#8212; PPGED\" src=\"https:\/\/propesp.uepa.br\/ppged\/edital-de-selecao-do-mestrado-programa-de-pos-graduacao-em-educacao-ano-academico-2026\/embed\/#?secret=OhirEU1jgK#?secret=AwBiBpfErt\" data-secret=\"AwBiBpfErt\" width=\"500\" height=\"282\" frameborder=\"0\" marginwidth=\"0\" marginheight=\"0\" scrolling=\"no\"><\/iframe>\n<\/figure>\n\n\n\n<figure class=\"wp-block-embed aligncenter is-type-wp-embed is-provider-ppged wp-block-embed-ppged\">\n<blockquote class=\"wp-embedded-content\" data-secret=\"IDBbUjAtG9\"><a href=\"https:\/\/propesp.uepa.br\/ppged\/edital-exemplo-xxxx\/\">EDITAL DE SELE\u00c7\u00c3O DO MESTRADO DO PROGRAMA DE P\u00d3S-GRADUA\u00c7\u00c3O EM EDUCA\u00c7\u00c3O &#8211; ANO ACAD\u00caMICO 2025<\/a><\/blockquote><iframe loading=\"lazy\" class=\"wp-embedded-content\" sandbox=\"allow-scripts\" security=\"restricted\" style=\"position: absolute; visibility: hidden;\" title=\"&#8220;EDITAL DE SELE\u00c7\u00c3O DO MESTRADO DO PROGRAMA DE P\u00d3S-GRADUA\u00c7\u00c3O EM EDUCA\u00c7\u00c3O &#8211; ANO ACAD\u00caMICO 2025&#8221; &#8212; PPGED\" src=\"https:\/\/propesp.uepa.br\/ppged\/edital-exemplo-xxxx\/embed\/#?secret=MyKcPft6PI#?secret=IDBbUjAtG9\" data-secret=\"IDBbUjAtG9\" width=\"500\" height=\"282\" frameborder=\"0\" marginwidth=\"0\" marginheight=\"0\" scrolling=\"no\"><\/iframe>\n<\/figure>\n\n\n\n<figure class=\"wp-block-embed aligncenter is-type-wp-embed is-provider-ppged wp-block-embed-ppged\">\n<blockquote class=\"wp-embedded-content\" data-secret=\"s40A6xbEbo\"><a href=\"https:\/\/propesp.uepa.br\/ppged\/edital-15-2023-selecao-de-mestrado-academico\/\">EDITAL DE SELE\u00c7\u00c3O DO MESTRADO DO PROGRAMA DE P\u00d3S-GRADUA\u00c7\u00c3O EM EDUCA\u00c7\u00c3O &#8211; ANO ACAD\u00caMICO 2024<\/a><\/blockquote><iframe loading=\"lazy\" class=\"wp-embedded-content\" sandbox=\"allow-scripts\" security=\"restricted\" style=\"position: absolute; visibility: hidden;\" title=\"&#8220;EDITAL DE SELE\u00c7\u00c3O DO MESTRADO DO PROGRAMA DE P\u00d3S-GRADUA\u00c7\u00c3O EM EDUCA\u00c7\u00c3O &#8211; ANO ACAD\u00caMICO 2024&#8221; &#8212; PPGED\" src=\"https:\/\/propesp.uepa.br\/ppged\/edital-15-2023-selecao-de-mestrado-academico\/embed\/#?secret=U6JXlQcgk3#?secret=s40A6xbEbo\" data-secret=\"s40A6xbEbo\" width=\"500\" height=\"282\" frameborder=\"0\" marginwidth=\"0\" marginheight=\"0\" scrolling=\"no\"><\/iframe>\n<\/figure>\n\n\n\n<figure class=\"wp-block-embed aligncenter is-type-wp-embed is-provider-ppged wp-block-embed-ppged\">\n<blockquote class=\"wp-embedded-content\" data-secret=\"6UjrZa0Oeh\"><a href=\"https:\/\/propesp.uepa.br\/ppged\/processo-seletivo-2022-ppged-nivel-mestrado\/\">EDITAL DE SELE\u00c7\u00c3O DO MESTRADO DO PROGRAMA DE P\u00d3S-GRADUA\u00c7\u00c3O EM EDUCA\u00c7\u00c3O &#8211; ANO ACAD\u00caMICO 2023<\/a><\/blockquote><iframe loading=\"lazy\" class=\"wp-embedded-content\" sandbox=\"allow-scripts\" security=\"restricted\" style=\"position: absolute; visibility: hidden;\" title=\"&#8220;EDITAL DE SELE\u00c7\u00c3O DO MESTRADO DO PROGRAMA DE P\u00d3S-GRADUA\u00c7\u00c3O EM EDUCA\u00c7\u00c3O &#8211; ANO ACAD\u00caMICO 2023&#8221; &#8212; PPGED\" src=\"https:\/\/propesp.uepa.br\/ppged\/processo-seletivo-2022-ppged-nivel-mestrado\/embed\/#?secret=OmXsZzoVzi#?secret=6UjrZa0Oeh\" data-secret=\"6UjrZa0Oeh\" width=\"500\" height=\"282\" frameborder=\"0\" marginwidth=\"0\" marginheight=\"0\" scrolling=\"no\"><\/iframe>\n<\/figure>\n<\/div>\n<\/div>\n\n\n\n<p class=\"has-text-align-center has-ast-global-color-8-color has-text-color has-link-color wp-elements-962f39f92dab69f17f6ff692c116a51e\"><\/p>\n\n\n\n<div class=\"wp-block-uagb-container uagb-block-e3126ccb default uagb-is-root-container\"><\/div>\n\n\n\n<p><\/p>\n\n\n\n<div class=\"wp-block-group is-nowrap is-layout-flex wp-container-core-group-is-layout-6c531013 wp-block-group-is-layout-flex\">\n<div class=\"wp-block-uagb-container uagb-block-3e607fc2 alignfull uagb-is-root-container\"><div class=\"uagb-container-inner-blocks-wrap\"><\/div><\/div>\n\n\n\n<div class=\"wp-block-uagb-container uagb-block-17cd5c12 alignfull uagb-is-root-container\"><div class=\"uagb-container-inner-blocks-wrap\"><\/div><\/div>\n<\/div>\n","protected":false},"excerpt":{"rendered":"<p>Consulte Processos Seletivos do Mestrado em Educa\u00e7\u00e3o dispon\u00edveis Processos Seletivos Anteriores<\/p>\n","protected":false},"author":1,"featured_media":0,"parent":0,"menu_order":0,"comment_status":"closed","ping_status":"closed","template":"","meta":{"_uag_custom_page_level_css":"","site-sidebar-layout":"default","site-content-layout":"","ast-site-content-layout":"","site-content-style":"default","site-sidebar-style":"default","ast-global-header-display":"","ast-banner-title-visibility":"","ast-main-header-display":"","ast-hfb-above-header-display":"","ast-hfb-below-header-display":"","ast-hfb-mobile-header-display":"","site-post-title":"","ast-breadcrumbs-content":"","ast-featured-img":"","footer-sml-layout":"","theme-transparent-header-meta":"","adv-header-id-meta":"","stick-header-meta":"","header-above-stick-meta":"","header-main-stick-meta":"","header-below-stick-meta":"","astra-migrate-meta-layouts":"default","ast-page-background-enabled":"default","ast-page-background-meta":{"desktop":{"background-color":"var(--ast-global-color-4)","background-image":"","background-repeat":"repeat","background-position":"center center","background-size":"auto","background-attachment":"scroll","background-type":"","background-media":"","overlay-type":"","overlay-color":"","overlay-gradient":""},"tablet":{"background-color":"","background-image":"","background-repeat":"repeat","background-position":"center center","background-size":"auto","background-attachment":"scroll","background-type":"","background-media":"","overlay-type":"","overlay-color":"","overlay-gradient":""},"mobile":{"background-color":"","background-image":"","background-repeat":"repeat","background-position":"center center","background-size":"auto","background-attachment":"scroll","background-type":"","background-media":"","overlay-type":"","overlay-color":"","overlay-gradient":""}},"ast-content-background-meta":{"desktop":{"background-color":"var(--ast-global-color-5)","background-image":"","background-repeat":"repeat","background-position":"center center","background-size":"auto","background-attachment":"scroll","background-type":"","background-media":"","overlay-type":"","overlay-color":"","overlay-gradient":""},"tablet":{"background-color":"var(--ast-global-color-5)","background-image":"","background-repeat":"repeat","background-position":"center center","background-size":"auto","background-attachment":"scroll","background-type":"","background-media":"","overlay-type":"","overlay-color":"","overlay-gradient":""},"mobile":{"background-color":"var(--ast-global-color-5)","background-image":"","background-repeat":"repeat","background-position":"center center","background-size":"auto","background-attachment":"scroll","background-type":"","background-media":"","overlay-type":"","overlay-color":"","overlay-gradient":""}},"footnotes":""},"class_list":["post-9834","page","type-page","status-publish","hentry"],"uagb_featured_image_src":{"full":false,"thumbnail":false,"medium":false,"medium_large":false,"large":false,"1536x1536":false,"2048x2048":false},"uagb_author_info":{"display_name":"adminsites@uepa.br","author_link":"https:\/\/propesp.uepa.br\/ppged\/author\/adminsitesuepa-br\/"},"uagb_comment_info":0,"uagb_excerpt":"Consulte Processos Seletivos do Mestrado em Educa\u00e7\u00e3o dispon\u00edveis Processos Seletivos Anteriores","_links":{"self":[{"href":"https:\/\/propesp.uepa.br\/ppged\/wp-json\/wp\/v2\/pages\/9834","targetHints":{"allow":["GET"]}}],"collection":[{"href":"https:\/\/propesp.uepa.br\/ppged\/wp-json\/wp\/v2\/pages"}],"about":[{"href":"https:\/\/propesp.uepa.br\/ppged\/wp-json\/wp\/v2\/types\/page"}],"author":[{"embeddable":true,"href":"https:\/\/propesp.uepa.br\/ppged\/wp-json\/wp\/v2\/users\/1"}],"replies":[{"embeddable":true,"href":"https:\/\/propesp.uepa.br\/ppged\/wp-json\/wp\/v2\/comments?post=9834"}],"version-history":[{"count":15,"href":"https:\/\/propesp.uepa.br\/ppged\/wp-json\/wp\/v2\/pages\/9834\/revisions"}],"predecessor-version":[{"id":11938,"href":"https:\/\/propesp.uepa.br\/ppged\/wp-json\/wp\/v2\/pages\/9834\/revisions\/11938"}],"wp:attachment":[{"href":"https:\/\/propesp.uepa.br\/ppged\/wp-json\/wp\/v2\/media?parent=9834"}],"curies":[{"name":"wp","href":"https:\/\/api.w.org\/{rel}","templated":true}]}}