{"id":9836,"date":"2024-03-04T15:06:34","date_gmt":"2024-03-04T18:06:34","guid":{"rendered":"https:\/\/propesp.uepa.br\/ppged\/?page_id=9836"},"modified":"2026-03-09T10:23:41","modified_gmt":"2026-03-09T13:23:41","slug":"doutorado-2","status":"publish","type":"page","link":"https:\/\/propesp.uepa.br\/ppged\/doutorado-2\/","title":{"rendered":"Doutorado"},"content":{"rendered":"\n<p class=\"has-text-align-center has-ast-global-color-8-color has-text-color has-link-color has-medium-font-size wp-elements-bbc05fb49dde3a7eaf8b82c9902c81b9\">Consulte os Processos Seletivos do Doutorado em Educa\u00e7\u00e3o dispon\u00edveis<\/p>\n\n\n\n<div class=\"wp-block-uagb-separator uagb-block-f027e59c\"><div class=\"wp-block-uagb-separator__inner\" style=\"--my-background-image:\"><\/div><\/div>\n\n\n\n<figure class=\"wp-block-embed is-type-wp-embed is-provider-ppged wp-block-embed-ppged\">\n<blockquote class=\"wp-embedded-content\" data-secret=\"AdJ98FwRpC\"><a href=\"https:\/\/propesp.uepa.br\/ppged\/edital-de-selecao-do-doutorado-programa-de-pos-graduacao-em-educacao-ano-academico-2027\/\">EDITAL DE SELE\u00c7\u00c3O DO DOUTORADO PROGRAMA DE P\u00d3S-GRADUA\u00c7\u00c3O EM EDUCA\u00c7\u00c3O ANO ACAD\u00caMICO 2027<\/a><\/blockquote><iframe loading=\"lazy\" class=\"wp-embedded-content\" sandbox=\"allow-scripts\" security=\"restricted\" style=\"position: absolute; visibility: hidden;\" title=\"&#8220;EDITAL DE SELE\u00c7\u00c3O DO DOUTORADO PROGRAMA DE P\u00d3S-GRADUA\u00c7\u00c3O EM EDUCA\u00c7\u00c3O ANO ACAD\u00caMICO 2027&#8221; &#8212; PPGED\" src=\"https:\/\/propesp.uepa.br\/ppged\/edital-de-selecao-do-doutorado-programa-de-pos-graduacao-em-educacao-ano-academico-2027\/embed\/#?secret=vNGWvadpSR#?secret=AdJ98FwRpC\" data-secret=\"AdJ98FwRpC\" width=\"500\" height=\"282\" frameborder=\"0\" marginwidth=\"0\" marginheight=\"0\" scrolling=\"no\"><\/iframe>\n<\/figure>\n\n\n\n<p><\/p>\n\n\n\n<p class=\"has-text-align-center has-medium-font-size\"><mark style=\"background-color:rgba(0, 0, 0, 0);color:#000000\" class=\"has-inline-color\">Processos Seletivos Anteriores<\/mark><\/p>\n\n\n\n<div class=\"wp-block-uagb-separator uagb-block-2d7257db\"><div class=\"wp-block-uagb-separator__inner\" style=\"--my-background-image:\"><\/div><\/div>\n\n\n\n<figure class=\"wp-block-embed aligncenter is-type-wp-embed is-provider-ppged wp-block-embed-ppged\">\n<blockquote class=\"wp-embedded-content\" data-secret=\"0p3opteUVZ\"><a href=\"https:\/\/propesp.uepa.br\/ppged\/edital-de-selecao-do-doutorado-programa-de-pos-graduacao-em-educacao-ano-academico-2026\/\">EDITAL DE SELE\u00c7\u00c3O DO DOUTORADO PROGRAMA DE P\u00d3S-GRADUA\u00c7\u00c3O EM EDUCA\u00c7\u00c3O ANO ACAD\u00caMICO 2026<\/a><\/blockquote><iframe loading=\"lazy\" class=\"wp-embedded-content\" sandbox=\"allow-scripts\" security=\"restricted\" style=\"position: absolute; visibility: hidden;\" title=\"&#8220;EDITAL DE SELE\u00c7\u00c3O DO DOUTORADO PROGRAMA DE P\u00d3S-GRADUA\u00c7\u00c3O EM EDUCA\u00c7\u00c3O ANO ACAD\u00caMICO 2026&#8221; &#8212; PPGED\" src=\"https:\/\/propesp.uepa.br\/ppged\/edital-de-selecao-do-doutorado-programa-de-pos-graduacao-em-educacao-ano-academico-2026\/embed\/#?secret=m6OQosPnTY#?secret=0p3opteUVZ\" data-secret=\"0p3opteUVZ\" width=\"500\" height=\"282\" frameborder=\"0\" marginwidth=\"0\" marginheight=\"0\" scrolling=\"no\"><\/iframe>\n<\/figure>\n\n\n\n<figure class=\"wp-block-embed aligncenter is-type-wp-embed is-provider-ppged wp-block-embed-ppged\">\n<blockquote class=\"wp-embedded-content\" data-secret=\"FqeFVI9L7O\"><a href=\"https:\/\/propesp.uepa.br\/ppged\/edital-xxxx-xxx-doutorado\/\">EDITAL DE SELE\u00c7\u00c3O DO DOUTORADO DO PROGRAMA DE P\u00d3S-GRADUA\u00c7\u00c3O EM EDUCA\u00c7\u00c3O \u2013 ANO ACAD\u00caMICO 2025<\/a><\/blockquote><iframe loading=\"lazy\" class=\"wp-embedded-content\" sandbox=\"allow-scripts\" security=\"restricted\" style=\"position: absolute; visibility: hidden;\" title=\"&#8220;EDITAL DE SELE\u00c7\u00c3O DO DOUTORADO DO PROGRAMA DE P\u00d3S-GRADUA\u00c7\u00c3O EM EDUCA\u00c7\u00c3O \u2013 ANO ACAD\u00caMICO 2025&#8221; &#8212; PPGED\" src=\"https:\/\/propesp.uepa.br\/ppged\/edital-xxxx-xxx-doutorado\/embed\/#?secret=kZy7r3BRei#?secret=FqeFVI9L7O\" data-secret=\"FqeFVI9L7O\" width=\"500\" height=\"282\" frameborder=\"0\" marginwidth=\"0\" marginheight=\"0\" scrolling=\"no\"><\/iframe>\n<\/figure>\n\n\n\n<figure class=\"wp-block-embed aligncenter is-type-wp-embed is-provider-ppged wp-block-embed-ppged\">\n<blockquote class=\"wp-embedded-content\" data-secret=\"qWSVMqYHau\"><a href=\"https:\/\/propesp.uepa.br\/ppged\/edital-14-2023-selecao-doutorado-academico\/\">EDITAL DE SELE\u00c7\u00c3O DO DOUTORADO DO PROGRAMA DE P\u00d3S-GRADUA\u00c7\u00c3O EM EDUCA\u00c7\u00c3O \u2013 ANO ACAD\u00caMICO 2024<\/a><\/blockquote><iframe loading=\"lazy\" class=\"wp-embedded-content\" sandbox=\"allow-scripts\" security=\"restricted\" style=\"position: absolute; visibility: hidden;\" title=\"&#8220;EDITAL DE SELE\u00c7\u00c3O DO DOUTORADO DO PROGRAMA DE P\u00d3S-GRADUA\u00c7\u00c3O EM EDUCA\u00c7\u00c3O \u2013 ANO ACAD\u00caMICO 2024&#8221; &#8212; PPGED\" src=\"https:\/\/propesp.uepa.br\/ppged\/edital-14-2023-selecao-doutorado-academico\/embed\/#?secret=q1HdarBqbh#?secret=qWSVMqYHau\" data-secret=\"qWSVMqYHau\" width=\"500\" height=\"282\" frameborder=\"0\" marginwidth=\"0\" marginheight=\"0\" scrolling=\"no\"><\/iframe>\n<\/figure>\n\n\n\n<figure class=\"wp-block-embed aligncenter is-type-wp-embed is-provider-ppged wp-block-embed-ppged\">\n<blockquote class=\"wp-embedded-content\" data-secret=\"3akxXFW3GB\"><a href=\"https:\/\/propesp.uepa.br\/ppged\/processo-seletivo-2022-doutorado\/\">EDITAL DE SELE\u00c7\u00c3O DO DOUTORADO DO PROGRAMA DE P\u00d3S-GRADUA\u00c7\u00c3O EM EDUCA\u00c7\u00c3O \u2013 ANO ACAD\u00caMICO 2023<\/a><\/blockquote><iframe loading=\"lazy\" class=\"wp-embedded-content\" sandbox=\"allow-scripts\" security=\"restricted\" style=\"position: absolute; visibility: hidden;\" title=\"&#8220;EDITAL DE SELE\u00c7\u00c3O DO DOUTORADO DO PROGRAMA DE P\u00d3S-GRADUA\u00c7\u00c3O EM EDUCA\u00c7\u00c3O \u2013 ANO ACAD\u00caMICO 2023&#8221; &#8212; PPGED\" src=\"https:\/\/propesp.uepa.br\/ppged\/processo-seletivo-2022-doutorado\/embed\/#?secret=oet4nL0q49#?secret=3akxXFW3GB\" data-secret=\"3akxXFW3GB\" width=\"500\" height=\"282\" frameborder=\"0\" marginwidth=\"0\" marginheight=\"0\" scrolling=\"no\"><\/iframe>\n<\/figure>\n\n\n\n<figure class=\"wp-block-embed aligncenter is-type-wp-embed is-provider-ppged wp-block-embed-ppged\">\n<blockquote class=\"wp-embedded-content\" data-secret=\"ELNAtu4lIM\"><a href=\"https:\/\/propesp.uepa.br\/ppged\/processo-seletivo-2021\/\">EDITAL DE SELE\u00c7\u00c3O DO DOUTORADO DO PROGRAMA DE P\u00d3S-GRADUA\u00c7\u00c3O EM EDUCA\u00c7\u00c3O \u2013 ANO ACAD\u00caMICO 2022<\/a><\/blockquote><iframe loading=\"lazy\" class=\"wp-embedded-content\" sandbox=\"allow-scripts\" security=\"restricted\" style=\"position: absolute; visibility: hidden;\" title=\"&#8220;EDITAL DE SELE\u00c7\u00c3O DO DOUTORADO DO PROGRAMA DE P\u00d3S-GRADUA\u00c7\u00c3O EM EDUCA\u00c7\u00c3O \u2013 ANO ACAD\u00caMICO 2022&#8221; &#8212; PPGED\" src=\"https:\/\/propesp.uepa.br\/ppged\/processo-seletivo-2021\/embed\/#?secret=4wi9jwLPLH#?secret=ELNAtu4lIM\" data-secret=\"ELNAtu4lIM\" width=\"500\" height=\"282\" frameborder=\"0\" marginwidth=\"0\" marginheight=\"0\" scrolling=\"no\"><\/iframe>\n<\/figure>\n\n\n\n<p><\/p>\n\n\n\n<p class=\"has-text-align-center\">Edital de Sele\u00e7\u00e3o &#8211; Ano Acad\u00eamico 2027<\/p>\n\n\n\n<div class=\"wp-block-buttons is-content-justification-center is-layout-flex wp-container-core-buttons-is-layout-a89b3969 wp-block-buttons-is-layout-flex\">\n<div class=\"wp-block-button\"><a class=\"wp-block-button__link has-white-color has-text-color has-link-color wp-element-button\">EM BREVE<\/a><\/div>\n<\/div>\n","protected":false},"excerpt":{"rendered":"<p>Consulte os Processos Seletivos do Doutorado em Educa\u00e7\u00e3o dispon\u00edveis Processos Seletivos Anteriores Edital de Sele\u00e7\u00e3o &#8211; Ano Acad\u00eamico 2027<\/p>\n","protected":false},"author":1,"featured_media":0,"parent":0,"menu_order":0,"comment_status":"closed","ping_status":"closed","template":"","meta":{"_uag_custom_page_level_css":"","site-sidebar-layout":"default","site-content-layout":"","ast-site-content-layout":"","site-content-style":"default","site-sidebar-style":"default","ast-global-header-display":"","ast-banner-title-visibility":"","ast-main-header-display":"","ast-hfb-above-header-display":"","ast-hfb-below-header-display":"","ast-hfb-mobile-header-display":"","site-post-title":"","ast-breadcrumbs-content":"","ast-featured-img":"","footer-sml-layout":"","theme-transparent-header-meta":"","adv-header-id-meta":"","stick-header-meta":"","header-above-stick-meta":"","header-main-stick-meta":"","header-below-stick-meta":"","astra-migrate-meta-layouts":"default","ast-page-background-enabled":"default","ast-page-background-meta":{"desktop":{"background-color":"var(--ast-global-color-4)","background-image":"","background-repeat":"repeat","background-position":"center center","background-size":"auto","background-attachment":"scroll","background-type":"","background-media":"","overlay-type":"","overlay-color":"","overlay-gradient":""},"tablet":{"background-color":"","background-image":"","background-repeat":"repeat","background-position":"center center","background-size":"auto","background-attachment":"scroll","background-type":"","background-media":"","overlay-type":"","overlay-color":"","overlay-gradient":""},"mobile":{"background-color":"","background-image":"","background-repeat":"repeat","background-position":"center center","background-size":"auto","background-attachment":"scroll","background-type":"","background-media":"","overlay-type":"","overlay-color":"","overlay-gradient":""}},"ast-content-background-meta":{"desktop":{"background-color":"var(--ast-global-color-5)","background-image":"","background-repeat":"repeat","background-position":"center center","background-size":"auto","background-attachment":"scroll","background-type":"","background-media":"","overlay-type":"","overlay-color":"","overlay-gradient":""},"tablet":{"background-color":"var(--ast-global-color-5)","background-image":"","background-repeat":"repeat","background-position":"center center","background-size":"auto","background-attachment":"scroll","background-type":"","background-media":"","overlay-type":"","overlay-color":"","overlay-gradient":""},"mobile":{"background-color":"var(--ast-global-color-5)","background-image":"","background-repeat":"repeat","background-position":"center center","background-size":"auto","background-attachment":"scroll","background-type":"","background-media":"","overlay-type":"","overlay-color":"","overlay-gradient":""}},"footnotes":""},"class_list":["post-9836","page","type-page","status-publish","hentry"],"uagb_featured_image_src":{"full":false,"thumbnail":false,"medium":false,"medium_large":false,"large":false,"1536x1536":false,"2048x2048":false},"uagb_author_info":{"display_name":"adminsites@uepa.br","author_link":"https:\/\/propesp.uepa.br\/ppged\/author\/adminsitesuepa-br\/"},"uagb_comment_info":0,"uagb_excerpt":"Consulte os Processos Seletivos do Doutorado em Educa\u00e7\u00e3o dispon\u00edveis Processos Seletivos Anteriores Edital de Sele\u00e7\u00e3o &#8211; Ano Acad\u00eamico 2027","_links":{"self":[{"href":"https:\/\/propesp.uepa.br\/ppged\/wp-json\/wp\/v2\/pages\/9836","targetHints":{"allow":["GET"]}}],"collection":[{"href":"https:\/\/propesp.uepa.br\/ppged\/wp-json\/wp\/v2\/pages"}],"about":[{"href":"https:\/\/propesp.uepa.br\/ppged\/wp-json\/wp\/v2\/types\/page"}],"author":[{"embeddable":true,"href":"https:\/\/propesp.uepa.br\/ppged\/wp-json\/wp\/v2\/users\/1"}],"replies":[{"embeddable":true,"href":"https:\/\/propesp.uepa.br\/ppged\/wp-json\/wp\/v2\/comments?post=9836"}],"version-history":[{"count":12,"href":"https:\/\/propesp.uepa.br\/ppged\/wp-json\/wp\/v2\/pages\/9836\/revisions"}],"predecessor-version":[{"id":11943,"href":"https:\/\/propesp.uepa.br\/ppged\/wp-json\/wp\/v2\/pages\/9836\/revisions\/11943"}],"wp:attachment":[{"href":"https:\/\/propesp.uepa.br\/ppged\/wp-json\/wp\/v2\/media?parent=9836"}],"curies":[{"name":"wp","href":"https:\/\/api.w.org\/{rel}","templated":true}]}}