{"id":136,"date":"2022-09-20T23:30:34","date_gmt":"2022-09-21T02:30:34","guid":{"rendered":"https:\/\/semanadasaude.uepa.br\/2022\/?page_id=136"},"modified":"2024-06-25T16:56:57","modified_gmt":"2024-06-25T19:56:57","slug":"inscricoes","status":"publish","type":"page","link":"https:\/\/propesp.uepa.br\/ppgeeca\/epeeca\/2024\/index.php\/inscricoes\/","title":{"rendered":"Inscri\u00e7\u00f5es"},"content":{"rendered":"\n<p><\/p>\n\n\n\n<h5 class=\"wp-block-heading\">Quer participar do III EPEECA e da 1\u00aa Mostra Paraense de Produtos Educacionais da \u00c1rea de Ensino? <strong>Fa\u00e7a a sua inscri\u00e7\u00e3o online gratuitamente de 27 de junho a 4 de novembro de 2024<\/strong>. O evento \u00e9 voltado principalmente para professores da educa\u00e7\u00e3o b\u00e1sica, estudantes de p\u00f3s-gradua\u00e7\u00e3o e gradua\u00e7\u00e3o.<\/h5>\n\n\n\n<div class=\"wp-block-uagb-marketing-button uagb-marketing-btn__align-center uagb-marketing-btn__align-text-center uagb-marketing-btn__icon-after uagb-block-07c7a70b wp-block-button\"><a href=\"https:\/\/forms.gle\/1kmGE4RGDav71nz1A\" class=\"uagb-marketing-btn__link wp-block-button__link\" target=\"\" rel=\"noopener noreferrer\"><span class=\"uagb-marketing-btn__title\">Fa\u00e7a sua inscri\u00e7\u00e3o agora<\/span><svg xmlns=\"https:\/\/www.w3.org\/2000\/svg\" viewBox=\"0 0 512 512\"><path d=\"M384 320c-17.67 0-32 14.33-32 32v96H64V160h96c17.67 0 32-14.32 32-32s-14.33-32-32-32L64 96c-35.35 0-64 28.65-64 64V448c0 35.34 28.65 64 64 64h288c35.35 0 64-28.66 64-64v-96C416 334.3 401.7 320 384 320zM488 0H352c-12.94 0-24.62 7.797-29.56 19.75c-4.969 11.97-2.219 25.72 6.938 34.88L370.8 96L169.4 297.4c-12.5 12.5-12.5 32.75 0 45.25C175.6 348.9 183.8 352 192 352s16.38-3.125 22.62-9.375L416 141.3l41.38 41.38c9.156 9.141 22.88 11.84 34.88 6.938C504.2 184.6 512 172.9 512 160V24C512 10.74 501.3 0 488 0z\"><\/path><\/svg><p class=\"uagb-marketing-btn__prefix\">Clique aqui e acesse o Formul\u00e1rio no&nbsp;<em>Google Forms<\/em><\/p><\/a><\/div>\n","protected":false},"excerpt":{"rendered":"<p>Quer participar do III EPEECA e da 1\u00aa Mostra Paraense de Produtos Educacionais da \u00c1rea de Ensino? Fa\u00e7a a sua inscri\u00e7\u00e3o online gratuitamente de 27 de junho a 4 de novembro de 2024. O evento \u00e9 voltado principalmente para professores da educa\u00e7\u00e3o b\u00e1sica, estudantes de p\u00f3s-gradua\u00e7\u00e3o e gradua\u00e7\u00e3o.<\/p>\n","protected":false},"author":2,"featured_media":0,"parent":0,"menu_order":0,"comment_status":"closed","ping_status":"closed","template":"","meta":{"_uag_custom_page_level_css":"","site-sidebar-layout":"default","site-content-layout":"","ast-site-content-layout":"default","site-content-style":"default","site-sidebar-style":"unboxed","ast-global-header-display":"","ast-banner-title-visibility":"","ast-main-header-display":"","ast-hfb-above-header-display":"","ast-hfb-below-header-display":"","ast-hfb-mobile-header-display":"","site-post-title":"","ast-breadcrumbs-content":"","ast-featured-img":"","footer-sml-layout":"","theme-transparent-header-meta":"","adv-header-id-meta":"","stick-header-meta":"","header-above-stick-meta":"","header-main-stick-meta":"","header-below-stick-meta":"","astra-migrate-meta-layouts":"set","footnotes":""},"class_list":["post-136","page","type-page","status-publish","hentry"],"uagb_featured_image_src":{"full":false,"thumbnail":false,"medium":false,"medium_large":false,"large":false,"1536x1536":false,"2048x2048":false},"uagb_author_info":{"display_name":"","author_link":"https:\/\/propesp.uepa.br\/ppgeeca\/epeeca\/2024\/index.php\/author\/"},"uagb_comment_info":0,"uagb_excerpt":"Quer participar do III EPEECA e da 1\u00aa Mostra Paraense de Produtos Educacionais da \u00c1rea de Ensino? Fa\u00e7a a sua inscri\u00e7\u00e3o online gratuitamente de 27 de junho a 4 de novembro de 2024. O evento \u00e9 voltado principalmente para professores da educa\u00e7\u00e3o b\u00e1sica, estudantes de p\u00f3s-gradua\u00e7\u00e3o e gradua\u00e7\u00e3o.","_links":{"self":[{"href":"https:\/\/propesp.uepa.br\/ppgeeca\/epeeca\/2024\/index.php\/wp-json\/wp\/v2\/pages\/136","targetHints":{"allow":["GET"]}}],"collection":[{"href":"https:\/\/propesp.uepa.br\/ppgeeca\/epeeca\/2024\/index.php\/wp-json\/wp\/v2\/pages"}],"about":[{"href":"https:\/\/propesp.uepa.br\/ppgeeca\/epeeca\/2024\/index.php\/wp-json\/wp\/v2\/types\/page"}],"author":[{"embeddable":true,"href":"https:\/\/propesp.uepa.br\/ppgeeca\/epeeca\/2024\/index.php\/wp-json\/wp\/v2\/users\/2"}],"replies":[{"embeddable":true,"href":"https:\/\/propesp.uepa.br\/ppgeeca\/epeeca\/2024\/index.php\/wp-json\/wp\/v2\/comments?post=136"}],"version-history":[{"count":22,"href":"https:\/\/propesp.uepa.br\/ppgeeca\/epeeca\/2024\/index.php\/wp-json\/wp\/v2\/pages\/136\/revisions"}],"predecessor-version":[{"id":1261,"href":"https:\/\/propesp.uepa.br\/ppgeeca\/epeeca\/2024\/index.php\/wp-json\/wp\/v2\/pages\/136\/revisions\/1261"}],"wp:attachment":[{"href":"https:\/\/propesp.uepa.br\/ppgeeca\/epeeca\/2024\/index.php\/wp-json\/wp\/v2\/media?parent=136"}],"curies":[{"name":"wp","href":"https:\/\/api.w.org\/{rel}","templated":true}]}}