{"id":341,"date":"2022-10-13T09:27:18","date_gmt":"2022-10-13T12:27:18","guid":{"rendered":"https:\/\/semanadasaude.uepa.br\/2022\/?page_id=341"},"modified":"2024-06-23T15:18:26","modified_gmt":"2024-06-23T18:18:26","slug":"341-2","status":"publish","type":"page","link":"https:\/\/propesp.uepa.br\/ppgeeca\/epeeca\/2024\/index.php\/341-2\/","title":{"rendered":""},"content":{"rendered":"\n<div class=\"wp-block-uagb-container uagb-block-88352787 alignfull uagb-is-root-container\"><div class=\"uagb-container-inner-blocks-wrap\">\n<div class=\"wp-block-columns is-layout-flex wp-container-core-columns-is-layout-28f84493 wp-block-columns-is-layout-flex\">\n<div class=\"wp-block-column is-layout-flow wp-block-column-is-layout-flow\">\n<div class=\"wp-block-uagb-advanced-heading uagb-block-4c363e84\"><h2 class=\"uagb-heading-text\">XIII Semana da Sa\u00fade<\/h2><\/div>\n\n\n\n<div class=\"wp-block-columns is-layout-flex wp-container-core-columns-is-layout-28f84493 wp-block-columns-is-layout-flex\">\n<div class=\"wp-block-column is-layout-flow wp-block-column-is-layout-flow\">\n<div class=\"wp-block-uagb-advanced-heading uagb-block-070dca09\"><h4 class=\"uagb-heading-text\"><strong>Contato<\/strong><\/h4><\/div>\n\n\n\n<div class=\"wp-block-uagb-advanced-heading uagb-block-9df491bb\"><p class=\"uagb-heading-text\">91 3284-9597<\/p><\/div>\n\n\n\n<div class=\"wp-block-uagb-advanced-heading uagb-block-c2a4d762\"><h4 class=\"uagb-heading-text\"><strong>Endere\u00e7o<\/strong><\/h4><\/div>\n\n\n\n<div class=\"wp-block-uagb-advanced-heading uagb-block-3f833dff\"><p class=\"uagb-heading-text\">Tv. Perebebui, 2623 &#8211; Marco, Bel\u00e9m &#8211; PA, 66087-662<\/p><\/div>\n<\/div>\n\n\n\n<div class=\"wp-block-column is-layout-flow wp-block-column-is-layout-flow\">\n<div class=\"wp-block-uagb-advanced-heading uagb-block-c8bdc93f\"><h4 class=\"uagb-heading-text\"><strong>E-mail<\/strong><\/h4><\/div>\n\n\n\n<div class=\"wp-block-uagb-advanced-heading uagb-block-fc56a7b8\"><p class=\"uagb-heading-text\">drive.gepeeca@uepa.br<\/p><\/div>\n\n\n\n<div class=\"wp-block-uagb-advanced-heading uagb-block-969e2594\"><h4 class=\"uagb-heading-text\"><strong>Hor\u00e1rio de Funcionamento<\/strong><\/h4><\/div>\n\n\n\n<div class=\"wp-block-uagb-advanced-heading uagb-block-d0710260\"><p class=\"uagb-heading-text\">Segunda a Sexta: 08:00 \u2013 16:00<\/p><\/div>\n<\/div>\n<\/div>\n\n\n\n<div class=\"wp-block-uagb-image aligncenter uagb-block-5850cf31 wp-block-uagb-image--layout-default wp-block-uagb-image--effect-static wp-block-uagb-image--align-center\"><figure class=\"wp-block-uagb-image__figure\"><img decoding=\"async\" srcset=\"https:\/\/semanadasaude.uepa.br\/2022\/wp-content\/uploads\/2022\/09\/logo-uepa.png \" sizes=\"auto, (max-width: 480px) 150px\" src=\"https:\/\/semanadasaude.uepa.br\/2022\/wp-content\/uploads\/2022\/09\/logo-uepa.png\" alt=\"\" class=\"uag-image-274\" width=\"376\" height=\"189\" title=\"\" loading=\"lazy\"\/><\/figure><\/div>\n<\/div>\n\n\n\n<div class=\"wp-block-column is-layout-flow wp-block-column-is-layout-flow\">\t\t\t<div \n\t\t\tclass=\"wp-block-uagb-google-map uagb-google-map__wrap uagb-block-9dc02fc6     wp-block-uagb-google-map uagb-google-map__wrap uagb-block-9dc02fc6\"\n\t\t\tstyle=\"\" >\n\t\t\t\t<iframe\n\t\t\t\t\tclass=\"uagb-google-map__iframe\"\n\t\t\t\t\ttitle=\"Google Map for \"\n\t\t\t\t\tsrc=\"https:\/\/maps.google.com\/maps?q=ccbs%20uepa&#038;z=14&#038;hl=en&#038;t=m&#038;output=embed&#038;iwloc=near\"\n\t\t\t\t\twidth=\"640\"\n\t\t\t\t\theight=\"500\"\n\t\t\t\t\tloading=\"lazy\"\n\t\t\t\t><\/iframe>\n\t\t\t<\/div>\n\t\t\t<\/div>\n<\/div>\n<\/div><\/div>\n","protected":false},"excerpt":{"rendered":"<p>XIII Semana da Sa\u00fade Contato 91 3284-9597 Endere\u00e7o Tv. Perebebui, 2623 &#8211; Marco, Bel\u00e9m &#8211; PA, 66087-662 E-mail drive.gepeeca@uepa.br Hor\u00e1rio de Funcionamento Segunda a Sexta: 08:00 \u2013 16:00<\/p>\n","protected":false},"author":1,"featured_media":0,"parent":0,"menu_order":0,"comment_status":"closed","ping_status":"closed","template":"","meta":{"_uag_custom_page_level_css":"","site-sidebar-layout":"default","site-content-layout":"","ast-site-content-layout":"default","site-content-style":"default","site-sidebar-style":"default","ast-global-header-display":"","ast-banner-title-visibility":"","ast-main-header-display":"","ast-hfb-above-header-display":"","ast-hfb-below-header-display":"","ast-hfb-mobile-header-display":"","site-post-title":"","ast-breadcrumbs-content":"","ast-featured-img":"","footer-sml-layout":"","theme-transparent-header-meta":"","adv-header-id-meta":"","stick-header-meta":"","header-above-stick-meta":"","header-main-stick-meta":"","header-below-stick-meta":"","astra-migrate-meta-layouts":"set","footnotes":""},"class_list":["post-341","page","type-page","status-publish","hentry"],"uagb_featured_image_src":{"full":false,"thumbnail":false,"medium":false,"medium_large":false,"large":false,"1536x1536":false,"2048x2048":false},"uagb_author_info":{"display_name":"adminsites@uepa.br","author_link":"https:\/\/propesp.uepa.br\/ppgeeca\/epeeca\/2024\/index.php\/author\/adminsitesuepa-br\/"},"uagb_comment_info":0,"uagb_excerpt":"XIII Semana da Sa\u00fade Contato 91 3284-9597 Endere\u00e7o Tv. Perebebui, 2623 &#8211; Marco, Bel\u00e9m &#8211; PA, 66087-662 E-mail drive.gepeeca@uepa.br Hor\u00e1rio de Funcionamento Segunda a Sexta: 08:00 \u2013 16:00","_links":{"self":[{"href":"https:\/\/propesp.uepa.br\/ppgeeca\/epeeca\/2024\/index.php\/wp-json\/wp\/v2\/pages\/341","targetHints":{"allow":["GET"]}}],"collection":[{"href":"https:\/\/propesp.uepa.br\/ppgeeca\/epeeca\/2024\/index.php\/wp-json\/wp\/v2\/pages"}],"about":[{"href":"https:\/\/propesp.uepa.br\/ppgeeca\/epeeca\/2024\/index.php\/wp-json\/wp\/v2\/types\/page"}],"author":[{"embeddable":true,"href":"https:\/\/propesp.uepa.br\/ppgeeca\/epeeca\/2024\/index.php\/wp-json\/wp\/v2\/users\/1"}],"replies":[{"embeddable":true,"href":"https:\/\/propesp.uepa.br\/ppgeeca\/epeeca\/2024\/index.php\/wp-json\/wp\/v2\/comments?post=341"}],"version-history":[{"count":3,"href":"https:\/\/propesp.uepa.br\/ppgeeca\/epeeca\/2024\/index.php\/wp-json\/wp\/v2\/pages\/341\/revisions"}],"predecessor-version":[{"id":1167,"href":"https:\/\/propesp.uepa.br\/ppgeeca\/epeeca\/2024\/index.php\/wp-json\/wp\/v2\/pages\/341\/revisions\/1167"}],"wp:attachment":[{"href":"https:\/\/propesp.uepa.br\/ppgeeca\/epeeca\/2024\/index.php\/wp-json\/wp\/v2\/media?parent=341"}],"curies":[{"name":"wp","href":"https:\/\/api.w.org\/{rel}","templated":true}]}}