{"id":70,"date":"2022-09-16T15:11:16","date_gmt":"2022-09-16T18:11:16","guid":{"rendered":"https:\/\/semanadasaude.uepa.br\/2022\/?page_id=70"},"modified":"2024-06-23T12:15:56","modified_gmt":"2024-06-23T15:15:56","slug":"tema-do-evento","status":"publish","type":"page","link":"https:\/\/propesp.uepa.br\/ppgeeca\/epeeca\/2024\/index.php\/tema-do-evento\/","title":{"rendered":"Tema"},"content":{"rendered":"\n<p><\/p>\n\n\n\n<h5 class=\"wp-block-heading\">A tem\u00e1tica <strong>&#8220;Construindo Saberes e ressignificando experi\u00eancias formativas sobre Ci\u00eancias da Natureza e Sustentabilidade&#8221;<\/strong> foi proposta com o intuito promover a difus\u00e3o e a divulga\u00e7\u00e3o cient\u00edfica de pesquisas e processos educativos elaborados para atender a heterogeneidade da regi\u00e3o Amaz\u00f4nica e dos demais contextos brasileiros, no qual se vislumbram a constru\u00e7\u00e3o de saberes e a ressignifica\u00e7\u00e3o de experi\u00eancias formativas sobre Ci\u00eancias da Natureza e sustentabilidade.<\/h5>\n","protected":false},"excerpt":{"rendered":"<p>A tem\u00e1tica &#8220;Construindo Saberes e ressignificando experi\u00eancias formativas sobre Ci\u00eancias da Natureza e Sustentabilidade&#8221; foi proposta com o intuito promover a difus\u00e3o e a divulga\u00e7\u00e3o cient\u00edfica de pesquisas e processos educativos elaborados para atender a heterogeneidade da regi\u00e3o Amaz\u00f4nica e dos demais contextos brasileiros, no qual se vislumbram a constru\u00e7\u00e3o de saberes e a ressignifica\u00e7\u00e3o &hellip;<\/p>\n<p class=\"read-more\"> <a class=\"\" href=\"https:\/\/propesp.uepa.br\/ppgeeca\/epeeca\/2024\/index.php\/tema-do-evento\/\"> <span class=\"screen-reader-text\">Tema<\/span> Leia mais &raquo;<\/a><\/p>\n","protected":false},"author":1,"featured_media":0,"parent":0,"menu_order":0,"comment_status":"closed","ping_status":"closed","template":"","meta":{"_uag_custom_page_level_css":"","site-sidebar-layout":"default","site-content-layout":"","ast-site-content-layout":"default","site-content-style":"default","site-sidebar-style":"default","ast-global-header-display":"","ast-banner-title-visibility":"","ast-main-header-display":"","ast-hfb-above-header-display":"","ast-hfb-below-header-display":"","ast-hfb-mobile-header-display":"","site-post-title":"","ast-breadcrumbs-content":"","ast-featured-img":"","footer-sml-layout":"","theme-transparent-header-meta":"","adv-header-id-meta":"","stick-header-meta":"","header-above-stick-meta":"","header-main-stick-meta":"","header-below-stick-meta":"","astra-migrate-meta-layouts":"set","footnotes":"[]"},"class_list":["post-70","page","type-page","status-publish","hentry"],"uagb_featured_image_src":{"full":false,"thumbnail":false,"medium":false,"medium_large":false,"large":false,"1536x1536":false,"2048x2048":false},"uagb_author_info":{"display_name":"adminsites@uepa.br","author_link":"https:\/\/propesp.uepa.br\/ppgeeca\/epeeca\/2024\/index.php\/author\/adminsitesuepa-br\/"},"uagb_comment_info":0,"uagb_excerpt":"A tem\u00e1tica &#8220;Construindo Saberes e ressignificando experi\u00eancias formativas sobre Ci\u00eancias da Natureza e Sustentabilidade&#8221; foi proposta com o intuito promover a difus\u00e3o e a divulga\u00e7\u00e3o cient\u00edfica de pesquisas e processos educativos elaborados para atender a heterogeneidade da regi\u00e3o Amaz\u00f4nica e dos demais contextos brasileiros, no qual se vislumbram a constru\u00e7\u00e3o de saberes e a ressignifica\u00e7\u00e3o&hellip;","_links":{"self":[{"href":"https:\/\/propesp.uepa.br\/ppgeeca\/epeeca\/2024\/index.php\/wp-json\/wp\/v2\/pages\/70","targetHints":{"allow":["GET"]}}],"collection":[{"href":"https:\/\/propesp.uepa.br\/ppgeeca\/epeeca\/2024\/index.php\/wp-json\/wp\/v2\/pages"}],"about":[{"href":"https:\/\/propesp.uepa.br\/ppgeeca\/epeeca\/2024\/index.php\/wp-json\/wp\/v2\/types\/page"}],"author":[{"embeddable":true,"href":"https:\/\/propesp.uepa.br\/ppgeeca\/epeeca\/2024\/index.php\/wp-json\/wp\/v2\/users\/1"}],"replies":[{"embeddable":true,"href":"https:\/\/propesp.uepa.br\/ppgeeca\/epeeca\/2024\/index.php\/wp-json\/wp\/v2\/comments?post=70"}],"version-history":[{"count":19,"href":"https:\/\/propesp.uepa.br\/ppgeeca\/epeeca\/2024\/index.php\/wp-json\/wp\/v2\/pages\/70\/revisions"}],"predecessor-version":[{"id":1162,"href":"https:\/\/propesp.uepa.br\/ppgeeca\/epeeca\/2024\/index.php\/wp-json\/wp\/v2\/pages\/70\/revisions\/1162"}],"wp:attachment":[{"href":"https:\/\/propesp.uepa.br\/ppgeeca\/epeeca\/2024\/index.php\/wp-json\/wp\/v2\/media?parent=70"}],"curies":[{"name":"wp","href":"https:\/\/api.w.org\/{rel}","templated":true}]}}