{"id":72,"date":"2022-09-16T15:15:09","date_gmt":"2022-09-16T18:15:09","guid":{"rendered":"https:\/\/semanadasaude.uepa.br\/2022\/?page_id=72"},"modified":"2024-11-05T08:33:22","modified_gmt":"2024-11-05T11:33:22","slug":"programacao","status":"publish","type":"page","link":"https:\/\/propesp.uepa.br\/ppgeeca\/epeeca\/2024\/index.php\/programacao\/","title":{"rendered":"Programa\u00e7\u00e3o"},"content":{"rendered":"\n<p><\/p>\n\n\n\n<h2 class=\"wp-block-heading\">Confira a programa\u00e7\u00e3o detalhada do III EPEECA!<\/h2>\n\n\n\n<div class=\"wp-block-uagb-separator uagb-block-872cc60e\"><div class=\"wp-block-uagb-separator__inner\" style=\"--my-background-image:\"><\/div><\/div>\n\n\n\n<div class=\"wp-block-uagb-separator uagb-block-412071f2\"><div class=\"wp-block-uagb-separator__inner\" style=\"--my-background-image:\"><\/div><\/div>\n\n\n\n<div class=\"wp-block-uagb-container uag-blocks-common-selector uagb-block-fd5eeaae alignwide uagb-is-root-container\">\n<div class=\"wp-block-uagb-content-timeline uagb-timeline__outer-wrap uagb-block-0 uagb-timeline__content-wrap uagb-timeline__left-block uagb-timeline__arrow-top  uagb-timeline\">\n<article class=\"wp-block-uagb-content-timeline-child uagb-timeline__field uagb-timeline-child-5ac8ae72 uagb-timeline__left uag-blocks-common-selector\" style=\"--z-index-desktop:500;;--z-index-tablet:undefined;;--z-index-mobile:undefined;\"><div class=\"uagb-timeline__marker out-view-uagb-timeline__icon\"><svg xmlns=\"https:\/\/www.w3.org\/2000\/svg\" viewBox=\"0 0 448 512\"><path d=\"M160 32V64H288V32C288 14.33 302.3 0 320 0C337.7 0 352 14.33 352 32V64H400C426.5 64 448 85.49 448 112V160H0V112C0 85.49 21.49 64 48 64H96V32C96 14.33 110.3 0 128 0C145.7 0 160 14.33 160 32zM0 192H448V464C448 490.5 426.5 512 400 512H48C21.49 512 0 490.5 0 464V192zM64 304C64 312.8 71.16 320 80 320H112C120.8 320 128 312.8 128 304V272C128 263.2 120.8 256 112 256H80C71.16 256 64 263.2 64 272V304zM192 304C192 312.8 199.2 320 208 320H240C248.8 320 256 312.8 256 304V272C256 263.2 248.8 256 240 256H208C199.2 256 192 263.2 192 272V304zM336 256C327.2 256 320 263.2 320 272V304C320 312.8 327.2 320 336 320H368C376.8 320 384 312.8 384 304V272C384 263.2 376.8 256 368 256H336zM64 432C64 440.8 71.16 448 80 448H112C120.8 448 128 440.8 128 432V400C128 391.2 120.8 384 112 384H80C71.16 384 64 391.2 64 400V432zM208 384C199.2 384 192 391.2 192 400V432C192 440.8 199.2 448 208 448H240C248.8 448 256 440.8 256 432V400C256 391.2 248.8 384 240 384H208zM320 432C320 440.8 327.2 448 336 448H368C376.8 448 384 440.8 384 432V400C384 391.2 376.8 384 368 384H336C327.2 384 320 391.2 320 400V432z\"><\/path><\/svg><\/div><div class=\"uagb-timeline__day-new uagb-timeline__day-left uagb-timeline__events-inner-new\"><div class=\"uagb-timeline__events-inner--content\"><div class=\"uagb-timeline__date-hide uagb-timeline__inner-date-new\">5 de novembro de 2024<\/div><h4 class=\"uagb-timeline__heading\">III <strong>Encontro de Pesquisa em Educa\u00e7\u00e3o e Ensino de Ci\u00eancias na Amaz\u00f4nia (EPEECA)<\/strong><\/h4><p class=\"uagb-timeline-desc-content\"><strong>8h \u00e0s 10h\/14h \u00e0s 16h &#8211; Credenciamento<\/strong><br><br><strong>8h30 \u00e0s 9h<\/strong> <strong>(Audit\u00f3rio Paulo Freire)<\/strong> <strong>&#8211; Programa\u00e7\u00e3o Cultural<\/strong><br>Carimb\u00f3 da Maria &#8211; Voz e viol\u00e3o<br><br><strong>9h \u00e0s 10h<\/strong> <strong>(Audit\u00f3rio Paulo Freire) &#8211; Mesa de Abertura<\/strong><br><em>Prof. Dr. Clay Anderson Nunes Chagas <\/em>&#8211; Reitor da Universidade do Estado do Par\u00e1 (UEPA)<br><em>Prof. Dr. Anderson Madson Oliveira Maia<\/em>\u00a0&#8211; Diretor do Centro de Ci\u00eancias Sociais e Educa\u00e7\u00e3o (CCSE)<br><em>Prof. Dr Ronilson Freitas de Souza<\/em> &#8211; Coordenador do PPGEECA\/UEPA\u00a0<br><em>Profa. Dra. Priscyla Cristinny Santiago da Luz<\/em> &#8211; L\u00edder do GEPEECA\/UEPA<br><em>Profa. Ma. Vanja Vago Vilhena<\/em> &#8211; Egressa do PPGEECA\/UEPA<br><em>Prof. Esp. Danrley Ferreira Moraes <\/em>\u2013 Mestrando do PPGEECA\/UEPA<em><br>Prof. Dr. Erick Elisson Hosana Ribeiro <\/em>\u2013 Docente do PPGEECA\/UEPA (Mediador)<br><br><strong>10h \u00e0s 10h30 (Audit\u00f3rio Paulo Freire) &#8211; Comemora\u00e7\u00e3o pelo 4\u00ba Anivers\u00e1rio do Programa de P\u00f3s-Gradua\u00e7\u00e3o em Educa\u00e7\u00e3o e Ensino de Ci\u00eancias na Amaz\u00f4nia<\/strong><br><br><strong>10h30 \u00e0s 12h (Audit\u00f3rio Paulo Freire) &#8211; Confer\u00eancia de Abertura (Mudan\u00e7as Clim\u00e1ticas e a Quest\u00e3o da Sustentabilidade)<\/strong><br><em>Prof. Dr. Rodrigo Rafael Souza de Oliveira<\/em>  <em>(UEPA)<\/em> &#8211; Palestrante<br><em>Prof. Dr. Erick Elisson Hosana Ribeiro (UEPA) <\/em>\u2013 Mediador <br><br><strong>14h \u00e0s 15h30 &#8211; Palestra (A Import\u00e2ncia da Forma\u00e7\u00e3o de Educadores Ambientais para Pr\u00e1ticas Sustent\u00e1veis)<\/strong><br><em>Profa. Dra. Maria Ludetana Ara\u00fajo (UFPA)<\/em> &#8211; Palestrante<br><em>Profa. Dra. Luciana de Nazar\u00e9 Farias (UEPA)<\/em> &#8211; Mediadora<br><br><strong>15h30 \u00e0s 16h &#8211; Coffee Break<\/strong><br><br><strong>16h \u00e0s 18h &#8211; Apresenta\u00e7\u00e3o Oral de Trabalhos Cient\u00edficos (Artigos)<\/strong><br><br><strong>Local 1 | Sala de Recitais<\/strong><br><em>Profa. Dra. Milta Mariane da Mata Martins (UEPA)<\/em> \u2013 Comiss\u00e3o cient\u00edfica (Presidente)<br><em>Profa. Dra. Kesia Kelly Vieira de Castro (UFRSA)<\/em> \u2013 Comiss\u00e3o cient\u00edfica<br><em>Profa. Dra. Lilliane Miranda Freitas<\/em> \u2013 Comiss\u00e3o cient\u00edfica<br><br><strong>Local 2 | Sala de Videoconfer\u00eancia<\/strong><br><em>Profa. Dra. Lucicl\u00e9ia Pereira da Silva (UEPA)<\/em> \u2013 Comiss\u00e3o cient\u00edfica (Presidente)<br><em>Prof. Dr. Estev\u00e3o Freire (UFRJ)<\/em> \u2013 Comiss\u00e3o cient\u00edfica<br><em>Profa. Dra. Roberta Chiesa Bartelmebs (UFPR)<\/em> \u2013 Comiss\u00e3o cient\u00edfica<\/p><div class=\"uagb-timeline__arrow\"><\/div><\/div><\/div><div class=\"uagb-timeline__date-new\">5 de novembro de 2024<\/div><\/article>\n\n\n\n<article class=\"wp-block-uagb-content-timeline-child uagb-timeline__field uagb-timeline-child-a9619511 uagb-timeline__left\"><div class=\"uagb-timeline__marker out-view-uagb-timeline__icon\"><svg xmlns=\"https:\/\/www.w3.org\/2000\/svg\" viewBox=\"0 0 448 512\"><path d=\"M160 32V64H288V32C288 14.33 302.3 0 320 0C337.7 0 352 14.33 352 32V64H400C426.5 64 448 85.49 448 112V160H0V112C0 85.49 21.49 64 48 64H96V32C96 14.33 110.3 0 128 0C145.7 0 160 14.33 160 32zM0 192H448V464C448 490.5 426.5 512 400 512H48C21.49 512 0 490.5 0 464V192zM64 304C64 312.8 71.16 320 80 320H112C120.8 320 128 312.8 128 304V272C128 263.2 120.8 256 112 256H80C71.16 256 64 263.2 64 272V304zM192 304C192 312.8 199.2 320 208 320H240C248.8 320 256 312.8 256 304V272C256 263.2 248.8 256 240 256H208C199.2 256 192 263.2 192 272V304zM336 256C327.2 256 320 263.2 320 272V304C320 312.8 327.2 320 336 320H368C376.8 320 384 312.8 384 304V272C384 263.2 376.8 256 368 256H336zM64 432C64 440.8 71.16 448 80 448H112C120.8 448 128 440.8 128 432V400C128 391.2 120.8 384 112 384H80C71.16 384 64 391.2 64 400V432zM208 384C199.2 384 192 391.2 192 400V432C192 440.8 199.2 448 208 448H240C248.8 448 256 440.8 256 432V400C256 391.2 248.8 384 240 384H208zM320 432C320 440.8 327.2 448 336 448H368C376.8 448 384 440.8 384 432V400C384 391.2 376.8 384 368 384H336C327.2 384 320 391.2 320 400V432z\"><\/path><\/svg><\/div><div class=\"uagb-timeline__day-new uagb-timeline__day-left uagb-timeline__events-inner-new\"><div class=\"uagb-timeline__events-inner--content\"><div class=\"uagb-timeline__date-hide uagb-timeline__inner-date-new\">6 de novembro de 2024<\/div><h4 class=\"uagb-timeline__heading\">III <strong>Encontro de Pesquisa em Educa\u00e7\u00e3o e Ensino de Ci\u00eancias na Amaz\u00f4nia (EPEECA)<\/strong><\/h4><p class=\"uagb-timeline-desc-content\"><strong>8h \u00e0s 12h\/<strong>14h \u00e0s 1<\/strong>5h30 &#8211; Sala 6 (manh\u00e3) e Sala 7 (Tarde), Bloco IV, 1\u00ba Andar<\/strong><br><strong>Oficina 1: Percep\u00e7\u00e3o Ambiental como Estrat\u00e9gia para Pr\u00e1ticas de Educa\u00e7\u00e3o Ambiental<\/strong><br><em>Profa. Dra. Ana Cla\u00fadia Caldeiras Tavares Martins<\/em><strong> <\/strong><em>(UEPA)<\/em> &#8211; Ministrante<br><br><strong>8h \u00e0s 12h\/<strong>14h \u00e0s 15h30<\/strong> &#8211;<\/strong> <strong>Sala 11, Bloco II<\/strong><br><strong>Oficina 2: Sustentabilidade e Qu\u00edmica Verde no Ensino<\/strong><br><em>Prof. Dr. <em>Estev\u00e3o Freire<\/em><\/em><strong> <\/strong><em>(UFRJ)<\/em> &#8211; Ministrante<br><br><span><b>8h \u00e0s 12h\/<\/b><strong style=\"font-weight: bold;\">14h \u00e0s 15h30 &#8211; <\/strong><\/span><strong>Sala de Inform\u00e1tica (Labinf I), Bloco III <\/strong><br><strong>Oficina 3: O Uso do Iramuteq em Pesquisas no Ensino de Ci\u00eancias<\/strong><br><em>Profa. Dra. Cleide Maria Velasco Magno<\/em><strong> <\/strong><em>(UFPA)<\/em> &#8211; Ministrante<br><br><strong>8h \u00e0s 12h\/<strong>14h \u00e0s 15h30<\/strong><\/strong> <strong>&#8211;<\/strong> <strong>Sala 12, Bloco II<\/strong><br><strong>Oficina 4: A Alfabetiza\u00e7\u00e3o Cient\u00edfica e suas Rela\u00e7\u00f5es com o Negacionismo Cient\u00edfico<\/strong><br><em>Profa. Dra. Roberta Chiesa Bartelmebs<\/em><strong> <\/strong><em>(UFPR)<\/em><strong> <\/strong>&#8211; Ministrante<br><br><strong>8h \u00e0s 12h\/<strong>14h \u00e0s 15h30<\/strong><\/strong> <strong>&#8211;<\/strong> <strong>Sala 13, Bloco IV<\/strong><br><strong>Oficina 5: Metodologias Ativas com Enfoque na Aprendizagem Baseada em Problemas utilizando a Contextualiza\u00e7\u00e3o Regional<\/strong><br><em>Profa. Dra. Danielle Rodrigues Monteiro da Costa<\/em><strong> <\/strong><em>(UEPA)<\/em> &#8211; Ministrante<br><br><strong>8h \u00e0s 12h\/<strong>14h \u00e0s 15h30<\/strong><\/strong> <strong>&#8211; Sala 4, Bloco IV<\/strong><br><strong>Oficina 6: Construindo Estrat\u00e9gias Educativas a partir da Abordagem Hist\u00f3rico Investigativa no Ensino de Ci\u00eancias<\/strong><br><em>Prof. Dr. Diego Ramon Silva Machado<\/em><strong> <\/strong><em>(UEPA)<\/em> &#8211; Ministrante<br><br><strong>8h \u00e0s 12h\/14h \u00e0s 15h30 &#8211; Sala do Mestrado de Geografia, Bloco VI<\/strong><br><strong>Oficina 7: Populariza\u00e7\u00e3o da Ci\u00eancias em Espa\u00e7os N\u00e3o Formais de Educa\u00e7\u00e3o<\/strong><br><em>Profa. Dra. Kesia Kelly Vieira de Castro (UFRSA)<\/em> &#8211; Ministrante<br><br><strong>15h30 \u00e0s 16h &#8211; Coffee Break<\/strong><br><br><strong>16h \u00e0s 18h &#8211; Apresenta\u00e7\u00e3o Oral de Trabalhos Cient\u00edficos (Artigos)<\/strong><br><br><strong>Local 1 | Sala de Defesa do Pr\u00e9dio da P\u00f3s-Gradua\u00e7\u00e3o<\/strong><br><em>Prof. Dr. Alcindo da Silva Martins Junior (UEPA)<\/em> \u2013 Comiss\u00e3o cient\u00edfica (Presidente)<br><em>Profa. Dra. Sinaida Maria Vasconcelos (UEPA)<\/em> \u2013 Comiss\u00e3o cient\u00edfica<br><em>Profa. Dra. Jacirene Vasconcelos de Albuquerque (UEPA)<\/em> \u2013 Comiss\u00e3o cient\u00edfica <br><br><strong>Local 2 | Sala de Videoconfer\u00eancia<\/strong><br><em>Profa. Dra. Lilliane Miranda Freitas (UFPA)<\/em> \u2013 Comiss\u00e3o cient\u00edfica (Presidente)<br><em>Profa. Dra. Milta Mariane da Mata Martins (UEPA)<\/em> \u2013 Comiss\u00e3o cient\u00edfica<br><em>Profa. Dra. In\u00eas Trevisan (UEPA)<\/em> \u2013 Comiss\u00e3o cient\u00edfica <\/p><div class=\"uagb-timeline__arrow\"><\/div><\/div><\/div><div class=\"uagb-timeline__date-new\">6 de novembro de 2024<\/div><\/article>\n\n\n\n<article class=\"wp-block-uagb-content-timeline-child uagb-timeline__field uagb-timeline-child-f43dfb62 uagb-timeline__left\"><div class=\"uagb-timeline__marker out-view-uagb-timeline__icon\"><svg xmlns=\"https:\/\/www.w3.org\/2000\/svg\" viewBox=\"0 0 448 512\"><path d=\"M160 32V64H288V32C288 14.33 302.3 0 320 0C337.7 0 352 14.33 352 32V64H400C426.5 64 448 85.49 448 112V160H0V112C0 85.49 21.49 64 48 64H96V32C96 14.33 110.3 0 128 0C145.7 0 160 14.33 160 32zM0 192H448V464C448 490.5 426.5 512 400 512H48C21.49 512 0 490.5 0 464V192zM64 304C64 312.8 71.16 320 80 320H112C120.8 320 128 312.8 128 304V272C128 263.2 120.8 256 112 256H80C71.16 256 64 263.2 64 272V304zM192 304C192 312.8 199.2 320 208 320H240C248.8 320 256 312.8 256 304V272C256 263.2 248.8 256 240 256H208C199.2 256 192 263.2 192 272V304zM336 256C327.2 256 320 263.2 320 272V304C320 312.8 327.2 320 336 320H368C376.8 320 384 312.8 384 304V272C384 263.2 376.8 256 368 256H336zM64 432C64 440.8 71.16 448 80 448H112C120.8 448 128 440.8 128 432V400C128 391.2 120.8 384 112 384H80C71.16 384 64 391.2 64 400V432zM208 384C199.2 384 192 391.2 192 400V432C192 440.8 199.2 448 208 448H240C248.8 448 256 440.8 256 432V400C256 391.2 248.8 384 240 384H208zM320 432C320 440.8 327.2 448 336 448H368C376.8 448 384 440.8 384 432V400C384 391.2 376.8 384 368 384H336C327.2 384 320 391.2 320 400V432z\"><\/path><\/svg><\/div><div class=\"uagb-timeline__day-new uagb-timeline__day-left uagb-timeline__events-inner-new\"><div class=\"uagb-timeline__events-inner--content\"><div class=\"uagb-timeline__date-hide uagb-timeline__inner-date-new\">7 de novembro de 2024<\/div><h4 class=\"uagb-timeline__heading\"><strong>1<sup>a<\/sup> Mostra Paraense de Produtos Educacionais da \u00c1rea de Ensino<\/strong><\/h4><p class=\"uagb-timeline-desc-content\"><strong>8h \u00e0s 8h30<\/strong> <strong>(Hall de Entrada)<\/strong> <strong>&#8211; Programa\u00e7\u00e3o Cultural<\/strong><br>Reison Sena de Souza &#8211; Instrumental de Sax<br><br><strong>8h30 \u00e0s 9h (Hall de Entrada) &#8211; Mesa de Abertura da 1\u00aa Mostra Paraense de Produtos Educacionais da \u00c1rea de Ensino<\/strong><br><em>Profa. Dra. Ilma Pastana Ferreira<\/em> \u2013 Vice-Reitora da UEPA<br><em>Prof. Dr. Anderson Madson Oliveira Maia<\/em> \u2013 Diretor do CCSE\/UEPA<br><em>Prof. Dr. Jos\u00e9 Roberto Alves da Silva<\/em> \u2013 Diretor do CCPPA\/UEPA<br><em>Prof. Dr. Ronilson Freitas de Souza<\/em> \u2013 Coordenador do PPGEECA\/UEPA<br><em>Representante das Institui\u00e7\u00f5es Parceiras da 1\u00aa Mostra<br>Representante Discente da 1\u00ba Mostra <\/em><br><br><strong>9h \u00e0s 10h30 (Hall de Entrada) &#8211; Roda de Conversa (O Potencial de Inova\u00e7\u00e3o e Replicabilidade dos Produtos Educacionais da \u00c1rea de Ensino)<\/strong><br><em>Profa. Dra. Andr\u00e9a Pereira Mendon\u00e7a (IFAM)<\/em> \u2013 Palestrante<br><em>Prof. Dr. Clemente Neves de Sousa (ESEP, Porto-Portugal)<\/em> \u2013 Palestrante<br><em>Prof. Dr. Robson Jos\u00e9 de Souza Domingues (UEPA)<\/em> \u2013 Mediador<br><br><strong>10h30 \u00e0s 11h &#8211; Coffee Break<\/strong><br><br><strong>8h \u00e0s 11h30\/14h \u00e0s 17h (Hall de Entrada, Centro de Ci\u00eancias e Sala Escura) &#8211; Apresenta\u00e7\u00e3o em P\u00f4ster\/V\u00eddeo de Trabalhos Cient\u00edficos do III EPEECA e da 1\u00aa Mostra Paraense de Produtos Educacionais da \u00c1rea de Ensino (Resumos Expandidos)<\/strong> <br><br><strong><strong><strong>17h \u00e0s 1<\/strong>8h<\/strong> &#8211; Divulga\u00e7\u00e3o Cient\u00edfica <\/strong>(<strong>Produ\u00e7\u00f5es do PPGEECA\/UEPA e PPGCIMES\/UFPA)<\/strong><br>Livro &#8211; Sequ\u00eancias did\u00e1ticas: Propostas para o Ensino de Ci\u00eancias em Contextos Amaz\u00f4nicos<br><em>In\u00eas Trevisan e Bianca Venturieri<\/em> &#8211; Organizadoras<br>Livro &#8211; Ci\u00eancia na escola: Di\u00e1logos e estudos no Ensino de ci\u00eancias\u00a0<br><em>Sinaida Maria Vasconcelos, Maria Dulcimar de Brito Silva e Ronilson Freitas de Souza<\/em> &#8211; Organizadores<br>E-book: Da concep\u00e7\u00e3o \u00e0 aplica\u00e7\u00e3o: Relatos sobre produtos educacionais do PPGCIMES-UFPA<br><em>Marianne Kogut Eliasquevici e Elizabeth Orofino Lucio <\/em>&#8211; Organizadoras<br><br><strong>18h &#8211; Programa\u00e7\u00e3o Cultural e Encerramento do III EPEECA e da 1\u00aa Mostra Paraense de Produtos Educacionais da \u00c1rea de Ensino <br><\/strong>Carimb\u00f3 da Maria &#8211; Voz e viol\u00e3o<\/p><div class=\"uagb-timeline__arrow\"><\/div><\/div><\/div><div class=\"uagb-timeline__date-new\">7 de novembro de 2024<\/div><\/article>\n<div class=\"uagb-timeline__line\"><div class=\"uagb-timeline__line__inner\"><\/div><\/div><\/div>\n<\/div>\n\n\n\n<div class=\"wp-block-uagb-separator uagb-block-ada485a2\"><div class=\"wp-block-uagb-separator__inner\" style=\"--my-background-image:\"><\/div><\/div>\n\n\n\n<p><\/p>\n\n\n\n<div class=\"wp-block-uagb-marketing-button uagb-marketing-btn__align-center uagb-marketing-btn__align-text-center uagb-marketing-btn__icon-after uagb-block-50791e08 wp-block-button\"><a href=\"https:\/\/drive.google.com\/file\/d\/1mzcir2vprVh-XSd4Jy8RnGNQTuh_EvQF\/view?usp=sharing\" class=\"uagb-marketing-btn__link wp-block-button__link\" target=\"_blank\" rel=\"noopener noreferrer\"><span class=\"uagb-marketing-btn__title\">Baixe agora<\/span><svg xmlns=\"https:\/\/www.w3.org\/2000\/svg\" viewBox=\"0 0 512 512\"><path d=\"M384 320c-17.67 0-32 14.33-32 32v96H64V160h96c17.67 0 32-14.32 32-32s-14.33-32-32-32L64 96c-35.35 0-64 28.65-64 64V448c0 35.34 28.65 64 64 64h288c35.35 0 64-28.66 64-64v-96C416 334.3 401.7 320 384 320zM488 0H352c-12.94 0-24.62 7.797-29.56 19.75c-4.969 11.97-2.219 25.72 6.938 34.88L370.8 96L169.4 297.4c-12.5 12.5-12.5 32.75 0 45.25C175.6 348.9 183.8 352 192 352s16.38-3.125 22.62-9.375L416 141.3l41.38 41.38c9.156 9.141 22.88 11.84 34.88 6.938C504.2 184.6 512 172.9 512 160V24C512 10.74 501.3 0 488 0z\"><\/path><\/svg><p class=\"uagb-marketing-btn__prefix\"><strong>Obtenha acesso \u00e0 divis\u00e3o de trabalhos cient\u00edficos (artigos e resumos expandidos) em cada local de apresenta\u00e7\u00e3o!<\/strong><\/p><\/a><\/div>\n\n\n\n<p><\/p>\n","protected":false},"excerpt":{"rendered":"<p>Confira a programa\u00e7\u00e3o detalhada do III EPEECA!<\/p>\n","protected":false},"author":1,"featured_media":0,"parent":0,"menu_order":0,"comment_status":"closed","ping_status":"closed","template":"","meta":{"_uag_custom_page_level_css":"","site-sidebar-layout":"default","site-content-layout":"","ast-site-content-layout":"default","site-content-style":"default","site-sidebar-style":"default","ast-global-header-display":"","ast-banner-title-visibility":"","ast-main-header-display":"","ast-hfb-above-header-display":"","ast-hfb-below-header-display":"","ast-hfb-mobile-header-display":"","site-post-title":"","ast-breadcrumbs-content":"","ast-featured-img":"","footer-sml-layout":"","theme-transparent-header-meta":"","adv-header-id-meta":"","stick-header-meta":"","header-above-stick-meta":"","header-main-stick-meta":"","header-below-stick-meta":"","astra-migrate-meta-layouts":"set","footnotes":""},"class_list":["post-72","page","type-page","status-publish","hentry"],"uagb_featured_image_src":{"full":false,"thumbnail":false,"medium":false,"medium_large":false,"large":false,"1536x1536":false,"2048x2048":false},"uagb_author_info":{"display_name":"adminsites@uepa.br","author_link":"https:\/\/propesp.uepa.br\/ppgeeca\/epeeca\/2024\/index.php\/author\/adminsitesuepa-br\/"},"uagb_comment_info":0,"uagb_excerpt":"Confira a programa\u00e7\u00e3o detalhada do III EPEECA!","_links":{"self":[{"href":"https:\/\/propesp.uepa.br\/ppgeeca\/epeeca\/2024\/index.php\/wp-json\/wp\/v2\/pages\/72","targetHints":{"allow":["GET"]}}],"collection":[{"href":"https:\/\/propesp.uepa.br\/ppgeeca\/epeeca\/2024\/index.php\/wp-json\/wp\/v2\/pages"}],"about":[{"href":"https:\/\/propesp.uepa.br\/ppgeeca\/epeeca\/2024\/index.php\/wp-json\/wp\/v2\/types\/page"}],"author":[{"embeddable":true,"href":"https:\/\/propesp.uepa.br\/ppgeeca\/epeeca\/2024\/index.php\/wp-json\/wp\/v2\/users\/1"}],"replies":[{"embeddable":true,"href":"https:\/\/propesp.uepa.br\/ppgeeca\/epeeca\/2024\/index.php\/wp-json\/wp\/v2\/comments?post=72"}],"version-history":[{"count":159,"href":"https:\/\/propesp.uepa.br\/ppgeeca\/epeeca\/2024\/index.php\/wp-json\/wp\/v2\/pages\/72\/revisions"}],"predecessor-version":[{"id":1352,"href":"https:\/\/propesp.uepa.br\/ppgeeca\/epeeca\/2024\/index.php\/wp-json\/wp\/v2\/pages\/72\/revisions\/1352"}],"wp:attachment":[{"href":"https:\/\/propesp.uepa.br\/ppgeeca\/epeeca\/2024\/index.php\/wp-json\/wp\/v2\/media?parent=72"}],"curies":[{"name":"wp","href":"https:\/\/api.w.org\/{rel}","templated":true}]}}