{"id":78,"date":"2022-09-16T15:17:14","date_gmt":"2022-09-16T18:17:14","guid":{"rendered":"https:\/\/semanadasaude.uepa.br\/2022\/?page_id=78"},"modified":"2024-10-24T21:06:17","modified_gmt":"2024-10-25T00:06:17","slug":"submissao-de-trabalhos","status":"publish","type":"page","link":"https:\/\/propesp.uepa.br\/ppgeeca\/epeeca\/2024\/index.php\/submissao-de-trabalhos\/","title":{"rendered":"Submiss\u00e3o de trabalhos"},"content":{"rendered":"\n<p><\/p>\n\n\n\n<h5 class=\"wp-block-heading\">O evento contar\u00e1 com duas modalidades de submiss\u00f5es de trabalho: <strong>Resumo Expandido e Trabalho Completo (Artigo)<\/strong>. Em ambos os casos, os trabalhos dever\u00e3o ser submetidos pelo primeiro autor, que ser\u00e1 necessariamente o apresentador. As apresenta\u00e7\u00f5es dos resumos expandidos ocorrer\u00e3o atrav\u00e9s de p\u00f4steres, em uma se\u00e7\u00e3o designada para apresenta\u00e7\u00f5es presenciais. Os Trabalhos Completos (Artigos), por outro lado, ser\u00e3o apresentados oralmente em uma se\u00e7\u00e3o espec\u00edfica durante o evento presencial.<\/h5>\n\n\n\n<h5 class=\"wp-block-heading\">Desta forma, a submiss\u00e3o de trabalhos fica vinculada \u00e0 inscri\u00e7\u00e3o no evento, onde o primeiro autor (apresentador do trabalho) deve realizar sua inscri\u00e7\u00e3o e submeter o trabalho em nome dos coautores, se houver. Os coautores tamb\u00e9m poder\u00e3o participar do evento mediante a realiza\u00e7\u00e3o da sua inscri\u00e7\u00e3o sem necessidade de submeter outro trabalho.<\/h5>\n\n\n\n<h5 class=\"wp-block-heading\"><strong><mark style=\"background-color:#cbffcb\" class=\"has-inline-color\">ATEN\u00c7\u00c3O: N\u00e3o ser\u00e3o aceitos projetos de pesquisa, relatos de <strong><mark style=\"background-color:#cbffcb\" class=\"has-inline-color\">experi\u00eancia e reapresenta\u00e7\u00f5es<\/mark><\/strong><\/mark><\/strong><strong><mark style=\"background-color:#cbffcb\" class=\"has-inline-color\">.<\/mark><\/strong><\/h5>\n\n\n\n<div class=\"wp-block-uagb-separator uagb-block-b620d032\"><div class=\"wp-block-uagb-separator__inner\" style=\"--my-background-image:\"><\/div><\/div>\n\n\n\n<div class=\"wp-block-uagb-advanced-heading uagb-block-5907af8c\"><h2 class=\"uagb-heading-text\"><strong>Datas importantes<\/strong><\/h2><\/div>\n\n\n\n<p><\/p>\n\n\n\n<h5 class=\"wp-block-heading\">Submiss\u00e3o de trabalhos <mark style=\"background-color:#cbffcb\" class=\"has-inline-color\">(At\u00e9 04\/10\/2024)<\/mark>;<\/h5>\n\n\n\n<h5 class=\"wp-block-heading\">Avalia\u00e7\u00e3o <mark style=\"background-color:#cbffcb\" class=\"has-inline-color\">(05\/10 a 21\/10\/2024)<\/mark>;<\/h5>\n\n\n\n<h5 class=\"wp-block-heading\">Notifica\u00e7\u00e3o de aceita\u00e7\u00e3o (<mark style=\"background-color:#cbffcb\" class=\"has-inline-color\">22\/10\/2024<\/mark>);<\/h5>\n\n\n\n<h5 class=\"wp-block-heading\">Reenvio da vers\u00e3o dos trabalhos <mark style=\"background-color:#cbffcb\" class=\"has-inline-color\">(At\u00e9 30\/10\/2024)<\/mark>.<\/h5>\n\n\n\n<div class=\"wp-block-uagb-separator uagb-block-e925abbc\"><div class=\"wp-block-uagb-separator__inner\" style=\"--my-background-image:\"><\/div><\/div>\n\n\n\n<div class=\"wp-block-uagb-advanced-heading uagb-block-9aa11f47\"><h2 class=\"uagb-heading-text\"><strong>Modalidades de submiss\u00e3o<\/strong><\/h2><\/div>\n\n\n\n<p><\/p>\n\n\n\n<h5 class=\"wp-block-heading\"><strong>A) RESUMOS EXPANDIDOS<\/strong><\/h5>\n\n\n\n<h5 class=\"wp-block-heading\">A submiss\u00e3o dos resumos expandidos submetidos ao III EPEECA dever\u00e1 ocorrer via formul\u00e1rio do <em>Google Forms<\/em>: <a href=\"https:\/\/forms.gle\/ANqyAS62Pr5U7So6A\"><strong><mark style=\"background-color:#cbffcb\" class=\"has-inline-color\">https:\/\/forms.gle\/ANqyAS62Pr5U7So6A<\/mark><\/strong><\/a><\/h5>\n\n\n\n<h5 class=\"wp-block-heading\">A estrutura do resumo expandido consiste em: T\u00edtulo, Eixo tem\u00e1tico, Resumo, Palavras-chave, Introdu\u00e7\u00e3o, Metodologia, Resultados e Discuss\u00e3o, Conclus\u00e3o\/Considera\u00e7\u00f5es finais e Refer\u00eancias;<\/h5>\n\n\n\n<h5 class=\"wp-block-heading\">O resumo expandido dever\u00e1 ocupar, no m\u00ednimo, quatro e, no m\u00e1ximo, seis laudas, incluindo Texto, Tabelas e\/ou Figuras. O limite \u00e9 de 12.000 caracteres com espa\u00e7o, formatados conforme as normas da ABNT NBR 6023, 10520 e 14724 (atualizadas), com a logo e <em>template<\/em> no modelo do evento;<\/h5>\n\n\n\n<h5 class=\"wp-block-heading\">O texto dever\u00e1 ser formatado para um tamanho de p\u00e1gina A4, com margem superior e inferior de 4,0 cm, esquerda e direita de 2,5 cm. O t\u00edtulo do trabalho deve estar em letras mai\u00fasculas, utilizando a fonte Time New Roman, negrito e centralizado. No corpo do texto, deve ser empregada a fonte Time New Roman, tamanho 12, justificado. O espa\u00e7amento entre as linhas \u00e9 de 1,5 cm. O arquivo deve estar no formato doc. ou docx.;<\/h5>\n\n\n\n<h5 class=\"wp-block-heading\">O trabalho deve ser anexado em duas vias, uma sem identifica\u00e7\u00e3o dos autores e a outra com identifica\u00e7\u00e3o, descri\u00e7\u00e3o da forma\u00e7\u00e3o e institui\u00e7\u00e3o com a qual est\u00e3o vinculados. Os trabalhos podem conter no m\u00e1ximo tr\u00eas autores. Cada inscrito poder\u00e1 submeter dois trabalhos, sendo eles como autor ou coautor;<\/h5>\n\n\n\n<h5 class=\"wp-block-heading\">O trabalho submetido deve estar revisado conforme regras da ABNT e da l\u00edngua portuguesa (coes\u00e3o, coer\u00eancia, acentua\u00e7\u00e3o, pontua\u00e7\u00e3o e escrita acad\u00eamica) para ser publicado nos Anais do evento;<\/h5>\n\n\n\n<h5 class=\"wp-block-heading\">Todos os trabalhos ser\u00e3o avaliados, e considerados aprovados pela comiss\u00e3o cient\u00edfica do evento ser\u00e3o publicados nos Anais do Evento. Ser\u00e3o aprovados os trabalhos que atenderem \u00e0s especifica\u00e7\u00f5es estabelecidas pelo evento e reprovados aqueles que n\u00e3o atenderem aos crit\u00e9rios aqui estabelecidos;<\/h5>\n\n\n\n<h5 class=\"wp-block-heading\">Os resumos devem estar conforme as ementas das linhas no qual o trabalho ser\u00e1 submetido:<\/h5>\n\n\n\n<h5 class=\"wp-block-heading\"><em><mark style=\"background-color:#cbffcb\" class=\"has-inline-color\">(1) Estrat\u00e9gias Educativas para o Ensino de Ci\u00eancias Naturais e as Tecnologias Digitais de Informa\u00e7\u00e3o e Comunica\u00e7\u00e3o<\/mark>;<\/em><\/h5>\n\n\n\n<h5 class=\"wp-block-heading\"><em><mark style=\"background-color:#cbffcb\" class=\"has-inline-color\">(2) Forma\u00e7\u00e3o de Professores de Ci\u00eancias e Processo de Ensino e Aprendizagem e as Tecnologias Digitais de Informa\u00e7\u00e3o e Comunica\u00e7\u00e3o<\/mark>;<\/em><\/h5>\n\n\n\n<h5 class=\"wp-block-heading\"><em><mark style=\"background-color:#cbffcb\" class=\"has-inline-color\">(3) A\u00e7\u00f5es de Educa\u00e7\u00e3o Ambiental Relacionadas a Ci\u00eancias da Natureza e Sustentabilidade<\/mark>;<\/em><\/h5>\n\n\n\n<h5 class=\"wp-block-heading\"><em><mark style=\"background-color:#cbffcb\" class=\"has-inline-color\">(4) Educa\u00e7\u00e3o em Ci\u00eancias em Diversos Contextos Educacionais Brasileiros: Experi\u00eancias de Interven\u00e7\u00e3o, Caminhos, Perspectivas e Desafios<\/mark><\/em>.<\/h5>\n\n\n\n<p><\/p>\n\n\n\n<div class=\"wp-block-uagb-marketing-button uagb-marketing-btn__align-full uagb-marketing-btn__align-text-center uagb-marketing-btn__icon-after uagb-block-07c7a70b wp-block-button\"><a href=\"https:\/\/docs.google.com\/document\/d\/1zVVyQt3hWmHFZMmUnRgcWSZcCDx-uIxSUkDqkXBsasE\/edit?usp=sharing\" class=\"uagb-marketing-btn__link wp-block-button__link\" target=\"_blank\" rel=\"noopener noreferrer\"><span class=\"uagb-marketing-btn__title\">Baixe o template para edi\u00e7\u00e3o<\/span><svg xmlns=\"https:\/\/www.w3.org\/2000\/svg\" viewBox=\"0 0 512 512\"><path d=\"M384 320c-17.67 0-32 14.33-32 32v96H64V160h96c17.67 0 32-14.32 32-32s-14.33-32-32-32L64 96c-35.35 0-64 28.65-64 64V448c0 35.34 28.65 64 64 64h288c35.35 0 64-28.66 64-64v-96C416 334.3 401.7 320 384 320zM488 0H352c-12.94 0-24.62 7.797-29.56 19.75c-4.969 11.97-2.219 25.72 6.938 34.88L370.8 96L169.4 297.4c-12.5 12.5-12.5 32.75 0 45.25C175.6 348.9 183.8 352 192 352s16.38-3.125 22.62-9.375L416 141.3l41.38 41.38c9.156 9.141 22.88 11.84 34.88 6.938C504.2 184.6 512 172.9 512 160V24C512 10.74 501.3 0 488 0z\"><\/path><\/svg><p class=\"uagb-marketing-btn__prefix\">MODELO para Formata\u00e7\u00e3o dos Resumos Expandidos a serem submetidos ao III Encontro de Pesquisa em Educa\u00e7\u00e3o e Ensino de Ci\u00eancias na Amaz\u00f4nia.<\/p><\/a><\/div>\n\n\n\n<p><\/p>\n\n\n\n<h5 class=\"wp-block-heading\"><strong>B) TRABALHOS COMPLETOS (ARTIGOS)<\/strong><\/h5>\n\n\n\n<h5 class=\"wp-block-heading\">A submiss\u00e3o dos artigos dever\u00e1 ocorrer via formul\u00e1rio do <em>Google Forms<\/em>: <a href=\"https:\/\/forms.gle\/cH2Zp9yBcK1fMdDp6\"><strong><mark style=\"background-color:#cbffcb\" class=\"has-inline-color\">https:\/\/forms.gle\/cH2Zp9yBcK1fMdDp6<\/mark><\/strong><\/a><\/h5>\n\n\n\n<h5 class=\"wp-block-heading\">Os artigos submetidos s\u00e3o avaliados preliminarmente pelo Editor do Peri\u00f3dico <strong>Ensino<\/strong> <strong>e<\/strong> <strong>Tecnologia em Revista<\/strong> (ISSN: 2594-3901);<\/h5>\n\n\n\n<h5 class=\"wp-block-heading\">Os artigos aprovados na avalia\u00e7\u00e3o pr\u00e9via ser\u00e3o encaminhados para a aprecia\u00e7\u00e3o sigilosa por pares (<em>double blind peer-review<\/em>). Para assegurar a integridade da avalia\u00e7\u00e3o por pares cega, para submiss\u00f5es \u00e0 revista, ser\u00e3o adotados todos os cuidados poss\u00edveis para garantir o anonimato no processo;<\/h5>\n\n\n\n<h5 class=\"wp-block-heading\">O Conselho Editorial e o Comit\u00ea Cient\u00edfico disp\u00f5em de plena autoridade para decidir sobre a conveni\u00eancia ou n\u00e3o da publica\u00e7\u00e3o, podendo inclusive reapresent\u00e1-los aos autores, com sugest\u00f5es para serem feitas altera\u00e7\u00f5es necess\u00e1rias no texto e\/ou para que os adaptem \u00e0s normas editoriais da Revista;<\/h5>\n\n\n\n<h5 class=\"wp-block-heading\">A decis\u00e3o final sobre a publica\u00e7\u00e3o ou n\u00e3o do manuscrito \u00e9 sempre dos editores. Pequenas altera\u00e7\u00f5es no texto poder\u00e3o ser feitas pelo editor e\/ou Conselho Editorial da revista, de acordo com crit\u00e9rios e normas de revis\u00e3o interna;<\/h5>\n\n\n\n<h5 class=\"wp-block-heading\">Receberemos artigos considerando as seguintes tem\u00e1ticas para envio de artigos:&nbsp;<\/h5>\n\n\n\n<h5 class=\"wp-block-heading\"><em><mark style=\"background-color:#cbffcb\" class=\"has-inline-color\">(1) Estrat\u00e9gias Educativas para o Ensino de Ci\u00eancias Naturais e as Tecnologias Digitais de Informa\u00e7\u00e3o e Comunica\u00e7\u00e3o;<\/mark><\/em><\/h5>\n\n\n\n<h5 class=\"wp-block-heading\"><em><mark style=\"background-color:#cbffcb\" class=\"has-inline-color\">(2) Forma\u00e7\u00e3o de Professores de Ci\u00eancias e Processo de Ensino e Aprendizagem e as Tecnologias Digitais de Informa\u00e7\u00e3o e Comunica\u00e7\u00e3o<\/mark>;<\/em><\/h5>\n\n\n\n<h5 class=\"wp-block-heading\"><em><mark style=\"background-color:#cbffcb\" class=\"has-inline-color\">(3) A\u00e7\u00f5es de Educa\u00e7\u00e3o Ambiental Relacionadas a Ci\u00eancias da Natureza e Sustentabilidade<\/mark>;<\/em><\/h5>\n\n\n\n<h5 class=\"wp-block-heading\"><em><mark style=\"background-color:#cbffcb\" class=\"has-inline-color\">(4) Educa\u00e7\u00e3o em Ci\u00eancias em Diversos Contextos Educacionais Brasileiros: Experi\u00eancias de Interven\u00e7\u00e3o, Caminhos, Perspectivas e Desafios<\/mark>.&nbsp;<\/em><\/h5>\n\n\n\n<div class=\"wp-block-uagb-marketing-button uagb-marketing-btn__align-full uagb-marketing-btn__align-text-center uagb-marketing-btn__icon-after uagb-block-d309411a wp-block-button\"><a href=\"https:\/\/docs.google.com\/document\/d\/1vf5SvqlAFJcOgKH2H06p_mTZBUmiOz8_\/edit?usp=sharing&amp;ouid=116592605429340285893&amp;rtpof=true&amp;sd=true\" class=\"uagb-marketing-btn__link wp-block-button__link\" target=\"\" rel=\"noopener noreferrer\"><span class=\"uagb-marketing-btn__title\">Baixe o template para edi\u00e7\u00e3o<\/span><svg xmlns=\"https:\/\/www.w3.org\/2000\/svg\" viewBox=\"0 0 512 512\"><path d=\"M384 320c-17.67 0-32 14.33-32 32v96H64V160h96c17.67 0 32-14.32 32-32s-14.33-32-32-32L64 96c-35.35 0-64 28.65-64 64V448c0 35.34 28.65 64 64 64h288c35.35 0 64-28.66 64-64v-96C416 334.3 401.7 320 384 320zM488 0H352c-12.94 0-24.62 7.797-29.56 19.75c-4.969 11.97-2.219 25.72 6.938 34.88L370.8 96L169.4 297.4c-12.5 12.5-12.5 32.75 0 45.25C175.6 348.9 183.8 352 192 352s16.38-3.125 22.62-9.375L416 141.3l41.38 41.38c9.156 9.141 22.88 11.84 34.88 6.938C504.2 184.6 512 172.9 512 160V24C512 10.74 501.3 0 488 0z\"><\/path><\/svg><p class=\"uagb-marketing-btn__prefix\">MODELO para Formata\u00e7\u00e3o dos Artigos a serem submetidos \u00e0 ETR &#8211; Ensino e Tecnologia em Revista.<\/p><\/a><\/div>\n\n\n\n<p><\/p>\n\n\n\n<h5 class=\"wp-block-heading\"><strong>ATEN\u00c7\u00c3O:<\/strong> Como primeiro autor, voc\u00ea pode submeter um artigo e participar como coautor em mais um. Recomenda-se que o artigo tenha tr\u00eas autores, mas, caso o n\u00famero de autores seja quatro ou mais, \u00e9 necess\u00e1rio especificar a contribui\u00e7\u00e3o de cada um ao final do texto.<\/h5>\n\n\n\n<h5 class=\"wp-block-heading\">\u00c9 importante destacar que, de acordo com a pol\u00edtica editorial do Peri\u00f3dico Ensino e Tecnologia em Revista, ser\u00e3o selecionados at\u00e9 20 artigos, sendo cinco de cada eixo tem\u00e1tico. A sele\u00e7\u00e3o ocorrer\u00e1 em duas etapas: <\/h5>\n\n\n\n<h5 class=\"wp-block-heading\">1) Aprova\u00e7\u00e3o pela revis\u00e3o por pares; <\/h5>\n\n\n\n<h5 class=\"wp-block-heading\">2) Sele\u00e7\u00e3o pela Comiss\u00e3o Organizadora do evento, com base na maior ader\u00eancia \u00e0 tem\u00e1tica do evento.<\/h5>\n\n\n\n<div class=\"wp-block-uagb-separator uagb-block-fefebaf3\"><div class=\"wp-block-uagb-separator__inner\" style=\"--my-background-image:\"><\/div><\/div>\n\n\n\n<h2 class=\"wp-block-heading\"><strong>Apresenta\u00e7\u00e3o de trabalhos<\/strong><\/h2>\n\n\n\n<p><\/p>\n\n\n\n<h5 class=\"wp-block-heading\">(1) <strong>Comunica\u00e7\u00e3o Oral<\/strong> <strong>(apresenta\u00e7\u00e3o de slides) <\/strong>para os artigos seguido de debates;<\/h5>\n\n\n\n<p><mark style=\"background-color: rgb(203, 255, 203);\" class=\"has-inline-color\"><b>TEMPLATE DE SLIDE (ARTIGOS DO III EPEECA): <\/b><\/mark><strong><mark style=\"background-color:#cbffcb\" class=\"has-inline-color\"><a href=\"https:\/\/encurtador.com.br\/pGNbH\">https:\/\/encurtador.com.br\/pGNbH<\/a><\/mark><\/strong><\/p>\n\n\n\n<h5 class=\"wp-block-heading\">(2) <strong>Comunica\u00e7\u00e3o Oral (p\u00f4steres)<\/strong> para os resumos expandidos.<\/h5>\n\n\n\n<p><strong><mark style=\"background-color:#cbffcb\" class=\"has-inline-color\">TEMPLATE DE P\u00d4STER (RESUMOS EXPANDIDOS DO III EPEECA): <a href=\"https:\/\/encurtador.com.br\/c6VV3\">https:\/\/encurtador.com.br\/c6VV3<\/a><\/mark><\/strong><\/p>\n\n\n\n<p><strong><mark style=\"background-color:#cbffcb\" class=\"has-inline-color\">TEMPLATE DE P\u00d4STER (RESUMOS EXPANDIDOS DA 1\u00aa MOSTRA PARAENSE DE PRODUTOS EDUCACIONAIS &#8211; \u00c1REA DE ENSINO): <a href=\"https:\/\/encurtador.com.br\/CQu2r\">https:\/\/encurtador.com.br\/CQu2r<\/a><\/mark><\/strong><\/p>\n\n\n\n<h5 class=\"wp-block-heading\">As duas formas de apresenta\u00e7\u00e3o ser\u00e3o avaliadas pelo comit\u00ea cient\u00edfico no momento da apresenta\u00e7\u00e3o.&nbsp;<\/h5>\n\n\n\n<p><\/p>\n","protected":false},"excerpt":{"rendered":"<p>O evento contar\u00e1 com duas modalidades de submiss\u00f5es de trabalho: Resumo Expandido e Trabalho Completo (Artigo). Em ambos os casos, os trabalhos dever\u00e3o ser submetidos pelo primeiro autor, que ser\u00e1 necessariamente o apresentador. As apresenta\u00e7\u00f5es dos resumos expandidos ocorrer\u00e3o atrav\u00e9s de p\u00f4steres, em uma se\u00e7\u00e3o designada para apresenta\u00e7\u00f5es presenciais. Os Trabalhos Completos (Artigos), por outro &hellip;<\/p>\n<p class=\"read-more\"> <a class=\"\" href=\"https:\/\/propesp.uepa.br\/ppgeeca\/epeeca\/2024\/index.php\/submissao-de-trabalhos\/\"> <span class=\"screen-reader-text\">Submiss\u00e3o de trabalhos<\/span> Leia mais &raquo;<\/a><\/p>\n","protected":false},"author":1,"featured_media":0,"parent":0,"menu_order":0,"comment_status":"closed","ping_status":"closed","template":"","meta":{"_uag_custom_page_level_css":"","site-sidebar-layout":"default","site-content-layout":"","ast-site-content-layout":"default","site-content-style":"default","site-sidebar-style":"default","ast-global-header-display":"","ast-banner-title-visibility":"","ast-main-header-display":"","ast-hfb-above-header-display":"","ast-hfb-below-header-display":"","ast-hfb-mobile-header-display":"","site-post-title":"","ast-breadcrumbs-content":"","ast-featured-img":"","footer-sml-layout":"","theme-transparent-header-meta":"","adv-header-id-meta":"","stick-header-meta":"","header-above-stick-meta":"","header-main-stick-meta":"","header-below-stick-meta":"","astra-migrate-meta-layouts":"set","footnotes":""},"class_list":["post-78","page","type-page","status-publish","hentry"],"uagb_featured_image_src":{"full":false,"thumbnail":false,"medium":false,"medium_large":false,"large":false,"1536x1536":false,"2048x2048":false},"uagb_author_info":{"display_name":"adminsites@uepa.br","author_link":"https:\/\/propesp.uepa.br\/ppgeeca\/epeeca\/2024\/index.php\/author\/adminsitesuepa-br\/"},"uagb_comment_info":0,"uagb_excerpt":"O evento contar\u00e1 com duas modalidades de submiss\u00f5es de trabalho: Resumo Expandido e Trabalho Completo (Artigo). Em ambos os casos, os trabalhos dever\u00e3o ser submetidos pelo primeiro autor, que ser\u00e1 necessariamente o apresentador. As apresenta\u00e7\u00f5es dos resumos expandidos ocorrer\u00e3o atrav\u00e9s de p\u00f4steres, em uma se\u00e7\u00e3o designada para apresenta\u00e7\u00f5es presenciais. Os Trabalhos Completos (Artigos), por outro&hellip;","_links":{"self":[{"href":"https:\/\/propesp.uepa.br\/ppgeeca\/epeeca\/2024\/index.php\/wp-json\/wp\/v2\/pages\/78","targetHints":{"allow":["GET"]}}],"collection":[{"href":"https:\/\/propesp.uepa.br\/ppgeeca\/epeeca\/2024\/index.php\/wp-json\/wp\/v2\/pages"}],"about":[{"href":"https:\/\/propesp.uepa.br\/ppgeeca\/epeeca\/2024\/index.php\/wp-json\/wp\/v2\/types\/page"}],"author":[{"embeddable":true,"href":"https:\/\/propesp.uepa.br\/ppgeeca\/epeeca\/2024\/index.php\/wp-json\/wp\/v2\/users\/1"}],"replies":[{"embeddable":true,"href":"https:\/\/propesp.uepa.br\/ppgeeca\/epeeca\/2024\/index.php\/wp-json\/wp\/v2\/comments?post=78"}],"version-history":[{"count":79,"href":"https:\/\/propesp.uepa.br\/ppgeeca\/epeeca\/2024\/index.php\/wp-json\/wp\/v2\/pages\/78\/revisions"}],"predecessor-version":[{"id":1340,"href":"https:\/\/propesp.uepa.br\/ppgeeca\/epeeca\/2024\/index.php\/wp-json\/wp\/v2\/pages\/78\/revisions\/1340"}],"wp:attachment":[{"href":"https:\/\/propesp.uepa.br\/ppgeeca\/epeeca\/2024\/index.php\/wp-json\/wp\/v2\/media?parent=78"}],"curies":[{"name":"wp","href":"https:\/\/api.w.org\/{rel}","templated":true}]}}