{"id":1186,"date":"2024-06-24T21:38:34","date_gmt":"2024-06-25T00:38:34","guid":{"rendered":"https:\/\/propesp.uepa.br\/ppgeeca\/epeeca\/2026\/?page_id=1186"},"modified":"2026-03-31T18:04:20","modified_gmt":"2026-03-31T21:04:20","slug":"comissoes-2","status":"publish","type":"page","link":"https:\/\/propesp.uepa.br\/ppgeeca\/epeeca\/2026\/index.php\/comissoes-2\/","title":{"rendered":"Comiss\u00f5es"},"content":{"rendered":"\n<div class=\"wp-block-uagb-container uagb-block-7f34a3df default uagb-is-root-container\"><\/div>\n\n\n\n<p class=\"has-large-font-size\"><strong>Coordena\u00e7\u00e3o Geral<\/strong><\/p>\n\n\n\n<h1 class=\"wp-block-heading has-medium-font-size\">Priscyla Cristinny Santiago da Luz<\/h1>\n\n\n\n<h1 class=\"wp-block-heading has-medium-font-size\">Erick Elisson Hosana Ribeiro<\/h1>\n\n\n\n<div class=\"wp-block-uagb-separator uagb-block-1451854b\"><div class=\"wp-block-uagb-separator__inner\" style=\"--my-background-image:\"><\/div><\/div>\n\n\n\n<p class=\"has-large-font-size\"><strong>Comiss\u00e3o<\/strong> <strong>Organizadora Discente<\/strong><\/p>\n\n\n\n<div class=\"wp-block-uagb-separator uagb-block-7dd73c9d\"><div class=\"wp-block-uagb-separator__inner\" style=\"--my-background-image:\"><\/div><\/div>\n\n\n\n<p class=\"has-large-font-size\"><strong>Comiss\u00e3o<\/strong> <strong>Financeira<\/strong><\/p>\n\n\n\n<h1 class=\"wp-block-heading has-medium-font-size\">Premi\u00e8re &#8211; Produ\u00e7\u00f5es e Eventos<\/h1>\n\n\n\n<div class=\"wp-block-uagb-separator uagb-block-b3b0cf04\"><div class=\"wp-block-uagb-separator__inner\" style=\"--my-background-image:\"><\/div><\/div>\n\n\n\n<p class=\"has-large-font-size\"><strong>Comiss\u00e3o<\/strong> <strong>de Infraestrutura e Log\u00edstica<\/strong><\/p>\n\n\n\n<div class=\"wp-block-uagb-separator uagb-block-5cc3ca98\"><div class=\"wp-block-uagb-separator__inner\" style=\"--my-background-image:\"><\/div><\/div>\n\n\n\n<p class=\"has-large-font-size\"><strong>Comiss\u00e3o<\/strong> <strong>de Recep\u00e7\u00e3o e Credenciamento<\/strong><\/p>\n\n\n\n<div class=\"wp-block-uagb-separator uagb-block-a5ba766c\"><div class=\"wp-block-uagb-separator__inner\" style=\"--my-background-image:\"><\/div><\/div>\n\n\n\n<p class=\"has-large-font-size\"><strong>Comiss\u00e3o<\/strong> <strong>de Divulga\u00e7\u00e3o<\/strong><\/p>\n\n\n\n<div class=\"wp-block-uagb-separator uagb-block-8d8e563f\"><div class=\"wp-block-uagb-separator__inner\" style=\"--my-background-image:\"><\/div><\/div>\n\n\n\n<p class=\"has-large-font-size\"><strong>Comiss\u00e3o Cient\u00edfica<\/strong><\/p>\n\n\n\n<h1 class=\"wp-block-heading has-medium-font-size\">Alcindo da Silva Martins Junior<\/h1>\n\n\n\n<h1 class=\"wp-block-heading has-medium-font-size\">Ana Carolina Biscalquini Talamoni<\/h1>\n\n\n\n<h1 class=\"wp-block-heading has-medium-font-size\">Anderson Madson Oliveira Maia<\/h1>\n\n\n\n<h1 class=\"wp-block-heading has-medium-font-size\">Andr\u00e9a Pereira Mendon\u00e7a<\/h1>\n\n\n\n<h1 class=\"wp-block-heading has-medium-font-size\">Bianca Venturieri<\/h1>\n\n\n\n<h1 class=\"wp-block-heading has-medium-font-size\">Carlos Erick Brito de Sousa<\/h1>\n\n\n\n<h1 class=\"wp-block-heading has-medium-font-size\">Danielle Rodrigues Monteiro da Costa<\/h1>\n\n\n\n<h1 class=\"wp-block-heading has-medium-font-size\">Darlene Ara\u00fajo Gomes<\/h1>\n\n\n\n<h1 class=\"wp-block-heading has-medium-font-size\">Diego Ramon Silva Machado<\/h1>\n\n\n\n<h1 class=\"wp-block-heading has-medium-font-size\">Erick Elisson Hosana Ribeiro<\/h1>\n\n\n\n<h1 class=\"wp-block-heading has-medium-font-size\">Frederico da Silva Bicalho<\/h1>\n\n\n\n<h1 class=\"wp-block-heading has-medium-font-size\">Jacirene Vasconcelos de Albuquerque<\/h1>\n\n\n\n<h1 class=\"wp-block-heading has-medium-font-size\">Jos\u00e9 Fernando Pereira Leal<\/h1>\n\n\n\n<h1 class=\"wp-block-heading has-medium-font-size\">Jos\u00e9 Ricardo da Silva Alencar<\/h1>\n\n\n\n<h1 class=\"wp-block-heading has-medium-font-size\">Josiane Kunzler<\/h1>\n\n\n\n<h1 class=\"wp-block-heading has-medium-font-size\">Klebson Daniel Sodr\u00e9 do Ros\u00e1rio<\/h1>\n\n\n\n<h1 class=\"wp-block-heading has-medium-font-size\">Luciana de Nazar\u00e9 Farias<\/h1>\n\n\n\n<h1 class=\"wp-block-heading has-medium-font-size\">Luely Oliveira da Silva<\/h1>\n\n\n\n<h1 class=\"wp-block-heading has-medium-font-size\">Lucicl\u00e9ia Pereira da Silva<\/h1>\n\n\n\n<h1 class=\"wp-block-heading has-medium-font-size\">Maria das Gra\u00e7as Cleophas Porto<\/h1>\n\n\n\n<h1 class=\"wp-block-heading has-medium-font-size\">Maria Marly de Oliveira<\/h1>\n\n\n\n<h1 class=\"wp-block-heading has-medium-font-size\">Milta Mariane da Mata Martins<\/h1>\n\n\n\n<h1 class=\"wp-block-heading has-medium-font-size\">Pierre Andr\u00e9 Garcia Pires<\/h1>\n\n\n\n<h1 class=\"wp-block-heading has-medium-font-size\">Priscyla Cristinny Santiago da Luz<\/h1>\n\n\n\n<h1 class=\"wp-block-heading has-medium-font-size\">Sandra Kariny Saldanha de Oliveira<\/h1>\n\n\n\n<h1 class=\"wp-block-heading has-medium-font-size\">Vania Lobo Santos Magalh\u00e3es<\/h1>\n\n\n\n<div class=\"wp-block-uagb-separator uagb-block-cf58b8f9\"><div class=\"wp-block-uagb-separator__inner\" style=\"--my-background-image:\"><\/div><\/div>\n\n\n\n<p class=\"has-large-font-size\"><strong>Comiss\u00e3o<\/strong> <strong>de Cerimonial\/Protocolo<\/strong><\/p>\n\n\n\n<div class=\"wp-block-uagb-separator uagb-block-bd2e22e2\"><div class=\"wp-block-uagb-separator__inner\" style=\"--my-background-image:\"><\/div><\/div>\n\n\n\n<p class=\"has-large-font-size\"><strong>Comiss\u00e3o<\/strong> <strong>de Comunica\u00e7\u00e3o Visual<\/strong><\/p>\n\n\n\n<h1 class=\"wp-block-heading has-medium-font-size\">Premi\u00e8re &#8211; Produ\u00e7\u00f5es e Eventos<\/h1>\n\n\n\n<div class=\"wp-block-uagb-separator uagb-block-6dccd5ed\"><div class=\"wp-block-uagb-separator__inner\" style=\"--my-background-image:\"><\/div><\/div>\n\n\n\n<p class=\"has-large-font-size\"><strong>Comiss\u00e3o<\/strong> <strong>de P\u00f3s-evento<\/strong><\/p>\n\n\n\n<h1 class=\"wp-block-heading has-medium-font-size\">Premi\u00e8re &#8211; Produ\u00e7\u00f5es e Eventos<\/h1>\n","protected":false},"excerpt":{"rendered":"<p>Coordena\u00e7\u00e3o Geral Priscyla Cristinny Santiago da Luz Erick Elisson Hosana Ribeiro Comiss\u00e3o Organizadora Discente Comiss\u00e3o Financeira Premi\u00e8re &#8211; Produ\u00e7\u00f5es e Eventos Comiss\u00e3o de Infraestrutura e Log\u00edstica Comiss\u00e3o de Recep\u00e7\u00e3o e Credenciamento Comiss\u00e3o de Divulga\u00e7\u00e3o Comiss\u00e3o Cient\u00edfica Alcindo da Silva Martins Junior Ana Carolina Biscalquini Talamoni Anderson Madson Oliveira Maia Andr\u00e9a Pereira Mendon\u00e7a Bianca Venturieri Carlos &hellip;<\/p>\n<p class=\"read-more\"> <a class=\"\" href=\"https:\/\/propesp.uepa.br\/ppgeeca\/epeeca\/2026\/index.php\/comissoes-2\/\"> <span class=\"screen-reader-text\">Comiss\u00f5es<\/span> Leia mais &raquo;<\/a><\/p>\n","protected":false},"author":1,"featured_media":0,"parent":0,"menu_order":0,"comment_status":"closed","ping_status":"closed","template":"","meta":{"_uag_custom_page_level_css":"","site-sidebar-layout":"default","site-content-layout":"","ast-site-content-layout":"default","site-content-style":"default","site-sidebar-style":"default","ast-global-header-display":"","ast-banner-title-visibility":"","ast-main-header-display":"","ast-hfb-above-header-display":"","ast-hfb-below-header-display":"","ast-hfb-mobile-header-display":"","site-post-title":"","ast-breadcrumbs-content":"","ast-featured-img":"","footer-sml-layout":"","theme-transparent-header-meta":"","adv-header-id-meta":"","stick-header-meta":"","header-above-stick-meta":"","header-main-stick-meta":"","header-below-stick-meta":"","astra-migrate-meta-layouts":"set","footnotes":""},"class_list":["post-1186","page","type-page","status-publish","hentry"],"uagb_featured_image_src":{"full":false,"thumbnail":false,"medium":false,"medium_large":false,"large":false,"1536x1536":false,"2048x2048":false},"uagb_author_info":{"display_name":"adminsites@uepa.br","author_link":"https:\/\/propesp.uepa.br\/ppgeeca\/epeeca\/2026\/index.php\/author\/adminsitesuepa-br\/"},"uagb_comment_info":0,"uagb_excerpt":"Coordena\u00e7\u00e3o Geral Priscyla Cristinny Santiago da Luz Erick Elisson Hosana Ribeiro Comiss\u00e3o Organizadora Discente Comiss\u00e3o Financeira Premi\u00e8re &#8211; Produ\u00e7\u00f5es e Eventos Comiss\u00e3o de Infraestrutura e Log\u00edstica Comiss\u00e3o de Recep\u00e7\u00e3o e Credenciamento Comiss\u00e3o de Divulga\u00e7\u00e3o Comiss\u00e3o Cient\u00edfica Alcindo da Silva Martins Junior Ana Carolina Biscalquini Talamoni Anderson Madson Oliveira Maia Andr\u00e9a Pereira Mendon\u00e7a Bianca Venturieri Carlos&hellip;","_links":{"self":[{"href":"https:\/\/propesp.uepa.br\/ppgeeca\/epeeca\/2026\/index.php\/wp-json\/wp\/v2\/pages\/1186","targetHints":{"allow":["GET"]}}],"collection":[{"href":"https:\/\/propesp.uepa.br\/ppgeeca\/epeeca\/2026\/index.php\/wp-json\/wp\/v2\/pages"}],"about":[{"href":"https:\/\/propesp.uepa.br\/ppgeeca\/epeeca\/2026\/index.php\/wp-json\/wp\/v2\/types\/page"}],"author":[{"embeddable":true,"href":"https:\/\/propesp.uepa.br\/ppgeeca\/epeeca\/2026\/index.php\/wp-json\/wp\/v2\/users\/1"}],"replies":[{"embeddable":true,"href":"https:\/\/propesp.uepa.br\/ppgeeca\/epeeca\/2026\/index.php\/wp-json\/wp\/v2\/comments?post=1186"}],"version-history":[{"count":13,"href":"https:\/\/propesp.uepa.br\/ppgeeca\/epeeca\/2026\/index.php\/wp-json\/wp\/v2\/pages\/1186\/revisions"}],"predecessor-version":[{"id":1640,"href":"https:\/\/propesp.uepa.br\/ppgeeca\/epeeca\/2026\/index.php\/wp-json\/wp\/v2\/pages\/1186\/revisions\/1640"}],"wp:attachment":[{"href":"https:\/\/propesp.uepa.br\/ppgeeca\/epeeca\/2026\/index.php\/wp-json\/wp\/v2\/media?parent=1186"}],"curies":[{"name":"wp","href":"https:\/\/api.w.org\/{rel}","templated":true}]}}