{"id":72,"date":"2022-09-16T15:15:09","date_gmt":"2022-09-16T18:15:09","guid":{"rendered":"https:\/\/propesp.uepa.br\/ppgeeca\/epeeca\/2026\/?page_id=72"},"modified":"2026-03-23T16:02:52","modified_gmt":"2026-03-23T19:02:52","slug":"programacao","status":"publish","type":"page","link":"https:\/\/propesp.uepa.br\/ppgeeca\/epeeca\/2026\/index.php\/programacao\/","title":{"rendered":"Programa\u00e7\u00e3o"},"content":{"rendered":"\n<p><\/p>\n\n\n\n<h2 class=\"wp-block-heading\">Confira a programa\u00e7\u00e3o detalhada do IV EPEECA!<\/h2>\n\n\n\n<div class=\"wp-block-uagb-separator uagb-block-872cc60e\"><div class=\"wp-block-uagb-separator__inner\" style=\"--my-background-image:\"><\/div><\/div>\n\n\n\n<div class=\"wp-block-uagb-separator uagb-block-412071f2\"><div class=\"wp-block-uagb-separator__inner\" style=\"--my-background-image:\"><\/div><\/div>\n\n\n\n<div class=\"wp-block-uagb-container uag-blocks-common-selector uagb-block-fd5eeaae alignwide uagb-is-root-container\">\n<div class=\"wp-block-uagb-content-timeline uagb-timeline__outer-wrap uagb-block-0 uagb-timeline__content-wrap uagb-timeline__left-block uagb-timeline__arrow-top  uagb-timeline\">\n<article class=\"wp-block-uagb-content-timeline-child uagb-timeline__field uagb-timeline-child-5ac8ae72 uagb-timeline__left uag-blocks-common-selector\" style=\"--z-index-desktop:500;;--z-index-tablet:undefined;;--z-index-mobile:undefined;\"><div class=\"uagb-timeline__marker out-view-uagb-timeline__icon\"><svg xmlns=\"https:\/\/www.w3.org\/2000\/svg\" viewBox=\"0 0 448 512\"><path d=\"M160 32V64H288V32C288 14.33 302.3 0 320 0C337.7 0 352 14.33 352 32V64H400C426.5 64 448 85.49 448 112V160H0V112C0 85.49 21.49 64 48 64H96V32C96 14.33 110.3 0 128 0C145.7 0 160 14.33 160 32zM0 192H448V464C448 490.5 426.5 512 400 512H48C21.49 512 0 490.5 0 464V192zM64 304C64 312.8 71.16 320 80 320H112C120.8 320 128 312.8 128 304V272C128 263.2 120.8 256 112 256H80C71.16 256 64 263.2 64 272V304zM192 304C192 312.8 199.2 320 208 320H240C248.8 320 256 312.8 256 304V272C256 263.2 248.8 256 240 256H208C199.2 256 192 263.2 192 272V304zM336 256C327.2 256 320 263.2 320 272V304C320 312.8 327.2 320 336 320H368C376.8 320 384 312.8 384 304V272C384 263.2 376.8 256 368 256H336zM64 432C64 440.8 71.16 448 80 448H112C120.8 448 128 440.8 128 432V400C128 391.2 120.8 384 112 384H80C71.16 384 64 391.2 64 400V432zM208 384C199.2 384 192 391.2 192 400V432C192 440.8 199.2 448 208 448H240C248.8 448 256 440.8 256 432V400C256 391.2 248.8 384 240 384H208zM320 432C320 440.8 327.2 448 336 448H368C376.8 448 384 440.8 384 432V400C384 391.2 376.8 384 368 384H336C327.2 384 320 391.2 320 400V432z\"><\/path><\/svg><\/div><div class=\"uagb-timeline__day-new uagb-timeline__day-left uagb-timeline__events-inner-new\"><div class=\"uagb-timeline__events-inner--content\"><div class=\"uagb-timeline__date-hide uagb-timeline__inner-date-new\">11 de novembro de 2026<\/div><h4 class=\"uagb-timeline__heading\"><strong>IV<\/strong> <strong>Encontro de Pesquisa em Educa\u00e7\u00e3o e Ensino de Ci\u00eancias na Amaz\u00f4nia (EPEECA)<\/strong><\/h4><p class=\"uagb-timeline-desc-content\"><strong><mark style=\"background-color:rgba(0, 0, 0, 0)\" class=\"has-inline-color has-ast-global-color-1-color\">8h \u00e0s 12h &#8211; Hall de Entrada do Audit\u00f3rio Paulo Freire (CCSE\/UEPA)<\/mark><\/strong><br><strong>Credenciamento<\/strong> <br><br><mark style=\"background-color:rgba(0, 0, 0, 0)\" class=\"has-inline-color has-ast-global-color-1-color\"><strong>8h30 \u00e0s 10h<\/strong> <strong><strong><mark style=\"background-color:rgba(0, 0, 0, 0)\" class=\"has-inline-color has-ast-global-color-1-color\">&#8211; Audit\u00f3rio Paulo Freire (<strong>CCSE\/UEPA<\/strong>)<\/mark><\/strong><\/strong><\/mark><br><strong>Mesa de Abertura<\/strong><br><br><strong><mark style=\"background-color:rgba(0, 0, 0, 0)\" class=\"has-inline-color has-ast-global-color-1-color\">10h \u00e0s 11h30 <strong><mark style=\"background-color:rgba(0, 0, 0, 0)\" class=\"has-inline-color has-ast-global-color-1-color\">&#8211; Audit\u00f3rio Paulo Freire (<strong>CCSE\/UEPA<\/strong>)<\/mark><\/strong><\/mark><\/strong><br><strong>Confer\u00eancia de Abertura &#8220;Tend\u00eancias Emergentes no Ensino e na Pesquisa em Ci\u00eancias Naturais: Perspectivas e Inova\u00e7\u00f5es<\/strong>&#8220;<br><em>Profa. Dra. Martha Marandino (USP)<\/em> &#8211; Palestrante<br><em>Prof. Dr. Erick Elisson Hosana Ribeiro (UEPA) <\/em>\u2013 Mediador <br><br><strong><mark style=\"background-color:rgba(0, 0, 0, 0)\" class=\"has-inline-color has-ast-global-color-1-color\">11h30 \u00e0s 12h &#8211; Audit\u00f3rio Paulo Freire (<strong>CCSE\/UEPA<\/strong>)<\/mark><\/strong><br><strong>Comemora\u00e7\u00e3o pelo 6\u00ba Anivers\u00e1rio do Programa de P\u00f3s-Gradua\u00e7\u00e3o em Educa\u00e7\u00e3o e Ensino de Ci\u00eancias na Amaz\u00f4nia<\/strong><br><br><strong><mark style=\"background-color:rgba(0, 0, 0, 0)\" class=\"has-inline-color has-ast-global-color-1-color\">14h \u00e0s 18h &#8211; Centro de Ci\u00eancias Sociais e Educa\u00e7\u00e3o (CCSE\/UEPA)<\/mark><\/strong><br><strong>Oficina 1: Intelig\u00eancia Artificial como Ferramenta de Apoio aos Professores de Ci\u00eancias<\/strong><br><em>Prof. Dr. Klebson Daniel Sodr\u00e9 do Ros\u00e1rio (PPGEECA\/UEPA)<\/em> &#8211; Ministrante<br><em>Prof. Me. Aldemberg Meireles Soares da Silva (PPGEECA\/UEPA)<\/em> &#8211; Ministrante<br><br><strong><mark style=\"background-color:rgba(0, 0, 0, 0)\" class=\"has-inline-color has-ast-global-color-1-color\">14h \u00e0s 18h &#8211; Centro de Ci\u00eancias Sociais e Educa\u00e7\u00e3o (CCSE\/UEPA)<\/mark><\/strong><br><strong>Oficina 2: Metodologias Inovadoras para An\u00e1lise de Recursos Did\u00e1ticos no Ensino de Ci\u00eancias Naturais na Educa\u00e7\u00e3o B\u00e1sica<\/strong><br><em>Prof. Dr. Carlos Erick Brito de Sousa (PPGECM\/UFMA)<\/em> &#8211; Ministrante<br><br><strong><mark style=\"background-color:rgba(0, 0, 0, 0)\" class=\"has-inline-color has-ast-global-color-1-color\">14h \u00e0s 18h &#8211; Centro de Ci\u00eancias Sociais e Educa\u00e7\u00e3o (CCSE\/UEPA)<\/mark><\/strong><br><strong>Oficina 3: Dialogicidade Freireana e Sequ\u00eancia Did\u00e1tica Interativa no Ensino de Ci\u00eancias da Natureza Buscando o In\u00e9dito Vi\u00e1vel<\/strong><br><em>Profa. Dra. Maria Marly de Oliveira (PPGEC\/UFRPE)<\/em> &#8211; Ministrante<br><br><strong><mark style=\"background-color:rgba(0, 0, 0, 0)\" class=\"has-inline-color has-ast-global-color-1-color\">14h \u00e0s 18h &#8211; Centro de Ci\u00eancias Sociais e Educa\u00e7\u00e3o (CCSE\/UEPA)<\/mark><\/strong><br><strong>Oficina 4: Educa\u00e7\u00e3o Ambiental no Ensino de Ci\u00eancias: Perspectivas na e para a Amaz\u00f4nia<\/strong><br><em>Profa. Dra. Sandra Kariny Saldanha de Oliveira (PPGEC\/UERR)<\/em><strong> <\/strong>&#8211; Ministrante<br><br><strong><mark style=\"background-color:rgba(0, 0, 0, 0)\" class=\"has-inline-color has-ast-global-color-1-color\">14h \u00e0s 18h &#8211; Centro de Ci\u00eancias Sociais e Educa\u00e7\u00e3o (CCSE\/UEPA)<\/mark><\/strong><br><strong>Oficina 5: EduCoin: Investindo em Professores do S\u00e9culo XXI<\/strong><br><em>Profa. Dra. Maria das Gra\u00e7as Cleophas Porto (UNILA)<\/em><strong> <\/strong>&#8211; Ministrante<br><br><mark style=\"background-color:rgba(0, 0, 0, 0)\" class=\"has-inline-color has-ast-global-color-1-color\"><strong><strong>14h \u00e0s 18h<\/strong><\/strong> <strong>&#8211;<\/strong> <strong>Centro de Ci\u00eancias e Planet\u00e1rio do Par\u00e1 (CCPPA\/UEPA)<\/strong><\/mark><br><strong>Oficina 6: Astronomia Cultural e Mudan\u00e7as Clim\u00e1ticas: Saberes Tradicionais e Ci\u00eancia em Di\u00e1logo<\/strong><br><em>Profa. Dra. Josiane Kunzler (MAST-RJ)<\/em> &#8211; Ministrante<\/p><div class=\"uagb-timeline__arrow\"><\/div><\/div><\/div><div class=\"uagb-timeline__date-new\">11 de novembro de 2026<\/div><\/article>\n\n\n\n<article class=\"wp-block-uagb-content-timeline-child uagb-timeline__field uagb-timeline-child-a9619511 uagb-timeline__left\"><div class=\"uagb-timeline__marker out-view-uagb-timeline__icon\"><svg xmlns=\"https:\/\/www.w3.org\/2000\/svg\" viewBox=\"0 0 448 512\"><path d=\"M160 32V64H288V32C288 14.33 302.3 0 320 0C337.7 0 352 14.33 352 32V64H400C426.5 64 448 85.49 448 112V160H0V112C0 85.49 21.49 64 48 64H96V32C96 14.33 110.3 0 128 0C145.7 0 160 14.33 160 32zM0 192H448V464C448 490.5 426.5 512 400 512H48C21.49 512 0 490.5 0 464V192zM64 304C64 312.8 71.16 320 80 320H112C120.8 320 128 312.8 128 304V272C128 263.2 120.8 256 112 256H80C71.16 256 64 263.2 64 272V304zM192 304C192 312.8 199.2 320 208 320H240C248.8 320 256 312.8 256 304V272C256 263.2 248.8 256 240 256H208C199.2 256 192 263.2 192 272V304zM336 256C327.2 256 320 263.2 320 272V304C320 312.8 327.2 320 336 320H368C376.8 320 384 312.8 384 304V272C384 263.2 376.8 256 368 256H336zM64 432C64 440.8 71.16 448 80 448H112C120.8 448 128 440.8 128 432V400C128 391.2 120.8 384 112 384H80C71.16 384 64 391.2 64 400V432zM208 384C199.2 384 192 391.2 192 400V432C192 440.8 199.2 448 208 448H240C248.8 448 256 440.8 256 432V400C256 391.2 248.8 384 240 384H208zM320 432C320 440.8 327.2 448 336 448H368C376.8 448 384 440.8 384 432V400C384 391.2 376.8 384 368 384H336C327.2 384 320 391.2 320 400V432z\"><\/path><\/svg><\/div><div class=\"uagb-timeline__day-new uagb-timeline__day-left uagb-timeline__events-inner-new\"><div class=\"uagb-timeline__events-inner--content\"><div class=\"uagb-timeline__date-hide uagb-timeline__inner-date-new\">12 de novembro de 2026<\/div><h4 class=\"uagb-timeline__heading\"><strong>IV<\/strong> <strong>Encontro de Pesquisa em Educa\u00e7\u00e3o e Ensino de Ci\u00eancias na Amaz\u00f4nia (EPEECA)<\/strong><\/h4><p class=\"uagb-timeline-desc-content\"><strong><mark style=\"background-color:rgba(0, 0, 0, 0)\" class=\"has-inline-color has-ast-global-color-1-color\">8h30 \u00e0s 10h30 &#8211; Audit\u00f3rio Paulo Freire (<strong>CCSE\/UEPA<\/strong>)<\/mark><\/strong><br><strong>Mesa de Di\u00e1logo &#8220;Ci\u00eancias da Natureza em Perspectiva: Di\u00e1logos entre Amaz\u00f4nia, Norte, Nordeste, Sul e Sudeste&#8221;<\/strong><br><em>Profa. Dra. Ana Carolina Biscalquini Talamoni (PPGEdC\/UNESP)<\/em> &#8211; Palestrante<br><em>Profa. Dra. Maria Marly de Oliveira (PPGEC\/UFRPE)<\/em> &#8211; Palestrante<br><em>Profa. Dra. Josiane Kunzler (MAST\/RJ)<\/em> &#8211; Palestrante<br><em>Profa. Dra. <em>Sandra<\/em><\/em> <em>Kariny Saldanha de Oliveira (<em>PPGEC\/<\/em>UERR<\/em>) &#8211; Palestrante<br><em>Profa. Dra. Jacirene Vasconcelos de Albuquerque<\/em> <em>(<em>PPGEECA\/<\/em>UEPA<\/em>) &#8211; Mediadora<br><br><strong><mark style=\"background-color:rgba(0, 0, 0, 0)\" class=\"has-inline-color has-ast-global-color-1-color\">10h30 \u00e0s 11h &#8211; Intervalo<\/mark><\/strong><br><br><strong><mark style=\"background-color:rgba(0, 0, 0, 0)\" class=\"has-inline-color has-ast-global-color-1-color\">11h \u00e0s 12h &#8211; <strong><strong><strong><strong>Centro de Ci\u00eancias Sociais e Educa\u00e7\u00e3o (<strong>CCSE\/UEPA<\/strong>)<\/strong><\/strong><\/strong><\/strong><\/mark><\/strong><br><strong>Socializa\u00e7\u00e3o de Experi\u00eancias de Discentes das Licenciaturas\/P\u00f3s-Gradua\u00e7\u00e3o e Professores da Educa\u00e7\u00e3o B\u00e1sica (P\u00f4steres)<\/strong><br><br><strong><mark style=\"background-color:rgba(0, 0, 0, 0)\" class=\"has-inline-color has-ast-global-color-1-color\">14h30 \u00e0s 15h30 &#8211; Audit\u00f3rio Paulo Freire (<strong>CCSE\/UEPA<\/strong>)<\/mark><\/strong><br><strong>Mesa de Di\u00e1logo &#8220;O Produto Educacional: Perspectivas para a Pesquisa no Ensino de Ci\u00eancias&#8221;<\/strong><br><em>Profa. Dra. Andr\u00e9a Pereira Mendon\u00e7a (PPGET\/IFAM)<\/em> &#8211; Palestrante<br><em>Profa. Dra. <em>Sandra<\/em><\/em> <em><em>Kariny Saldanha de Oliveira (<em>PPGEC\/<\/em>UERR<\/em>)<\/em> &#8211; Palestrante<br><em>Prof. Dr. <em>Pierre Andr\u00e9 Garcia Pires (PPGECM\/UFAC<\/em>)<\/em> &#8211; Palestrante<br><em>Prof. Dr. Ronilson <em>Freitas de Souza (<em><em>PPGEECA\/<\/em>UEPA<\/em><\/em>)<\/em> &#8211; Mediador<br><br><strong><mark style=\"background-color:rgba(0, 0, 0, 0)\" class=\"has-inline-color has-ast-global-color-1-color\">15h30 \u00e0s 16h &#8211; Intervalo<\/mark><\/strong><br><br><strong><mark style=\"background-color:rgba(0, 0, 0, 0)\" class=\"has-inline-color has-ast-global-color-1-color\">16h \u00e0s 18h &#8211; <strong><strong><strong><strong>Centro de Ci\u00eancias Sociais e Educa\u00e7\u00e3o (<strong>CCSE\/UEPA<\/strong>)<\/strong><\/strong><\/strong><\/strong><\/mark><\/strong><br><strong>Socializa\u00e7\u00e3o de Experi\u00eancias de Discentes das Licenciaturas\/P\u00f3s-Gradua\u00e7\u00e3o e Professores da Educa\u00e7\u00e3o B\u00e1sica (Apresenta\u00e7\u00e3o Oral de Trabalhos)<\/strong> <\/p><div class=\"uagb-timeline__arrow\"><\/div><\/div><\/div><div class=\"uagb-timeline__date-new\">12 de novembro de 2026<\/div><\/article>\n\n\n\n<article class=\"wp-block-uagb-content-timeline-child uagb-timeline__field uagb-timeline-child-f43dfb62 uagb-timeline__left\"><div class=\"uagb-timeline__marker out-view-uagb-timeline__icon\"><svg xmlns=\"https:\/\/www.w3.org\/2000\/svg\" viewBox=\"0 0 448 512\"><path d=\"M160 32V64H288V32C288 14.33 302.3 0 320 0C337.7 0 352 14.33 352 32V64H400C426.5 64 448 85.49 448 112V160H0V112C0 85.49 21.49 64 48 64H96V32C96 14.33 110.3 0 128 0C145.7 0 160 14.33 160 32zM0 192H448V464C448 490.5 426.5 512 400 512H48C21.49 512 0 490.5 0 464V192zM64 304C64 312.8 71.16 320 80 320H112C120.8 320 128 312.8 128 304V272C128 263.2 120.8 256 112 256H80C71.16 256 64 263.2 64 272V304zM192 304C192 312.8 199.2 320 208 320H240C248.8 320 256 312.8 256 304V272C256 263.2 248.8 256 240 256H208C199.2 256 192 263.2 192 272V304zM336 256C327.2 256 320 263.2 320 272V304C320 312.8 327.2 320 336 320H368C376.8 320 384 312.8 384 304V272C384 263.2 376.8 256 368 256H336zM64 432C64 440.8 71.16 448 80 448H112C120.8 448 128 440.8 128 432V400C128 391.2 120.8 384 112 384H80C71.16 384 64 391.2 64 400V432zM208 384C199.2 384 192 391.2 192 400V432C192 440.8 199.2 448 208 448H240C248.8 448 256 440.8 256 432V400C256 391.2 248.8 384 240 384H208zM320 432C320 440.8 327.2 448 336 448H368C376.8 448 384 440.8 384 432V400C384 391.2 376.8 384 368 384H336C327.2 384 320 391.2 320 400V432z\"><\/path><\/svg><\/div><div class=\"uagb-timeline__day-new uagb-timeline__day-left uagb-timeline__events-inner-new\"><div class=\"uagb-timeline__events-inner--content\"><div class=\"uagb-timeline__date-hide uagb-timeline__inner-date-new\">13 de novembro de 2026<\/div><h4 class=\"uagb-timeline__heading\"><strong><strong>IV<\/strong> <strong>Encontro de Pesquisa em Educa\u00e7\u00e3o e Ensino de Ci\u00eancias na Amaz\u00f4nia (EPEECA)<\/strong><\/strong><\/h4><p class=\"uagb-timeline-desc-content\"><strong><mark style=\"background-color:rgba(0, 0, 0, 0)\" class=\"has-inline-color has-ast-global-color-1-color\">8h30 \u00e0s 10h30 &#8211; Audit\u00f3rio Paulo Freire (<strong>CCSE\/UEPA<\/strong>)<\/mark><\/strong><br><strong>Palestra &#8220;Mudan\u00e7as Clim\u00e1ticas e Preserva\u00e7\u00e3o Ambiental: Articula\u00e7\u00f5es Poss\u00edveis&#8221;<\/strong><br><em>Prof. Dr. Pierre Andr\u00e9 Garcia Pires (PPGECM\/UFAC)<\/em> &#8211; Palestrante<br><br><strong><mark style=\"background-color:rgba(0, 0, 0, 0)\" class=\"has-inline-color has-ast-global-color-1-color\">10h30 \u00e0s 11h &#8211; Intervalo<\/mark><\/strong><br><br><strong><mark style=\"background-color:rgba(0, 0, 0, 0)\" class=\"has-inline-color has-ast-global-color-1-color\">11h \u00e0s 12h &#8211; <strong><strong><strong><strong>Centro de Ci\u00eancias Sociais e Educa\u00e7\u00e3o (<strong>CCSE\/UEPA<\/strong>)<\/strong><\/strong><\/strong><\/strong><\/mark><\/strong><br><strong>Socializa\u00e7\u00e3o de Experi\u00eancias de Discentes das Licenciaturas\/P\u00f3s-Gradua\u00e7\u00e3o e Professores da Educa\u00e7\u00e3o B\u00e1sica (P\u00f4steres)<\/strong><br><br><strong><mark style=\"background-color:rgba(0, 0, 0, 0)\" class=\"has-inline-color has-ast-global-color-1-color\">14h \u00e0s 17h &#8211; <strong><strong><strong><strong>Centro de Ci\u00eancias Sociais e Educa\u00e7\u00e3o (<strong>CCSE\/UEPA<\/strong>)<\/strong><\/strong><\/strong><\/strong><\/mark><\/strong><br><strong>Socializa\u00e7\u00e3o de Experi\u00eancias de Discentes das Licenciaturas\/P\u00f3s-Gradua\u00e7\u00e3o e Professores da Educa\u00e7\u00e3o B\u00e1sica (<strong>Apresenta\u00e7\u00e3o Oral de Trabalhos<\/strong>)<\/strong><br><br><strong><mark style=\"background-color:rgba(0, 0, 0, 0)\" class=\"has-inline-color has-ast-global-color-1-color\">17h \u00e0s 18h &#8211; <strong><strong><strong><strong><strong><mark style=\"background-color:rgba(0, 0, 0, 0)\" class=\"has-inline-color has-ast-global-color-1-color\">Audit\u00f3rio Paulo Freire (<strong>CCSE\/UEPA<\/strong><\/mark><\/strong>)<\/strong><\/strong><\/strong><\/strong><\/mark><\/strong><br><strong>Cerim\u00f4nia e Festa de Encerramento<\/strong><\/p><div class=\"uagb-timeline__arrow\"><\/div><\/div><\/div><div class=\"uagb-timeline__date-new\">13 de novembro de 2026<\/div><\/article>\n<div class=\"uagb-timeline__line\"><div class=\"uagb-timeline__line__inner\"><\/div><\/div><\/div>\n<\/div>\n","protected":false},"excerpt":{"rendered":"<p>Confira a programa\u00e7\u00e3o detalhada do IV EPEECA!<\/p>\n","protected":false},"author":1,"featured_media":0,"parent":0,"menu_order":0,"comment_status":"closed","ping_status":"closed","template":"","meta":{"_uag_custom_page_level_css":"","site-sidebar-layout":"default","site-content-layout":"","ast-site-content-layout":"default","site-content-style":"default","site-sidebar-style":"default","ast-global-header-display":"","ast-banner-title-visibility":"","ast-main-header-display":"","ast-hfb-above-header-display":"","ast-hfb-below-header-display":"","ast-hfb-mobile-header-display":"","site-post-title":"","ast-breadcrumbs-content":"","ast-featured-img":"disabled","footer-sml-layout":"","theme-transparent-header-meta":"","adv-header-id-meta":"","stick-header-meta":"","header-above-stick-meta":"","header-main-stick-meta":"","header-below-stick-meta":"","astra-migrate-meta-layouts":"set","footnotes":""},"class_list":["post-72","page","type-page","status-publish","hentry"],"uagb_featured_image_src":{"full":false,"thumbnail":false,"medium":false,"medium_large":false,"large":false,"1536x1536":false,"2048x2048":false},"uagb_author_info":{"display_name":"adminsites@uepa.br","author_link":"https:\/\/propesp.uepa.br\/ppgeeca\/epeeca\/2026\/index.php\/author\/adminsitesuepa-br\/"},"uagb_comment_info":0,"uagb_excerpt":"Confira a programa\u00e7\u00e3o detalhada do IV EPEECA!","_links":{"self":[{"href":"https:\/\/propesp.uepa.br\/ppgeeca\/epeeca\/2026\/index.php\/wp-json\/wp\/v2\/pages\/72","targetHints":{"allow":["GET"]}}],"collection":[{"href":"https:\/\/propesp.uepa.br\/ppgeeca\/epeeca\/2026\/index.php\/wp-json\/wp\/v2\/pages"}],"about":[{"href":"https:\/\/propesp.uepa.br\/ppgeeca\/epeeca\/2026\/index.php\/wp-json\/wp\/v2\/types\/page"}],"author":[{"embeddable":true,"href":"https:\/\/propesp.uepa.br\/ppgeeca\/epeeca\/2026\/index.php\/wp-json\/wp\/v2\/users\/1"}],"replies":[{"embeddable":true,"href":"https:\/\/propesp.uepa.br\/ppgeeca\/epeeca\/2026\/index.php\/wp-json\/wp\/v2\/comments?post=72"}],"version-history":[{"count":184,"href":"https:\/\/propesp.uepa.br\/ppgeeca\/epeeca\/2026\/index.php\/wp-json\/wp\/v2\/pages\/72\/revisions"}],"predecessor-version":[{"id":1601,"href":"https:\/\/propesp.uepa.br\/ppgeeca\/epeeca\/2026\/index.php\/wp-json\/wp\/v2\/pages\/72\/revisions\/1601"}],"wp:attachment":[{"href":"https:\/\/propesp.uepa.br\/ppgeeca\/epeeca\/2026\/index.php\/wp-json\/wp\/v2\/media?parent=72"}],"curies":[{"name":"wp","href":"https:\/\/api.w.org\/{rel}","templated":true}]}}