{"id":86,"date":"2022-09-16T15:19:29","date_gmt":"2022-09-16T18:19:29","guid":{"rendered":"https:\/\/propesp.uepa.br\/ppgeeca\/epeeca\/2026\/?page_id=86"},"modified":"2026-03-23T15:12:42","modified_gmt":"2026-03-23T18:12:42","slug":"apresentacao","status":"publish","type":"page","link":"https:\/\/propesp.uepa.br\/ppgeeca\/epeeca\/2026\/index.php\/apresentacao\/","title":{"rendered":"Apresenta\u00e7\u00e3o"},"content":{"rendered":"\n<p><\/p>\n\n\n\n<h5 class=\"wp-block-heading\">O <strong>Encontro de Pesquisa em Educa\u00e7\u00e3o e Ensino de Ci\u00eancias na Amaz\u00f4nia (EPEECA)<\/strong> \u00e9 um evento bianual promovido pelo Programa de P\u00f3s-gradua\u00e7\u00e3o em Educa\u00e7\u00e3o e Ensino de Ci\u00eancias na Amaz\u00f4nia da Universidade do Estado do Par\u00e1 (PPGEECA\/UEPA) e pelo Grupo de Estudo em Educa\u00e7\u00e3o e Ensino de Ci\u00eancias em Contextos Amaz\u00f4nicos (GEPEECA). Nossa 4\u00aa edi\u00e7\u00e3o ter\u00e1 como tema <strong>&#8220;Tend\u00eancias Emergentes no Ensino e na Pesquisa em Ci\u00eancias da Natureza&#8221;<\/strong> e visar\u00e1 promover o debate e a divulga\u00e7\u00e3o cient\u00edfica sobre as pesquisas, estrat\u00e9gias, produtos e processos educacionais direcionados \u00e0 \u00e1rea das Ci\u00eancias da Natureza que contribuam com a inova\u00e7\u00e3o e a efici\u00eancia de pr\u00e1ticas educativas de docentes e pesquisadores do Brasil.<\/h5>\n\n\n\n<h5 class=\"wp-block-heading\">Assim sendo, no Centro de Ci\u00eancias Sociais e Educa\u00e7\u00e3o (CCSE\/UEPA) e no Centro de Ci\u00eancias e Planet\u00e1rio do Par\u00e1 (CCPPA) de <strong>11 a 13 de novembro de 2026<\/strong>, teremos a intera\u00e7\u00e3o de professores da academia e p\u00f3s-graduandos com graduandos e professores da educa\u00e7\u00e3o b\u00e1sica que constituem comunidade de docentes da regi\u00e3o amaz\u00f4nica, por meio de palestras, minicursos, apresenta\u00e7\u00e3o de trabalhos e mesa de di\u00e1logo.<\/h5>\n\n\n\n<h5 class=\"wp-block-heading\">E nesta edi\u00e7\u00e3o temos uma novidade! Os melhores artigos ser\u00e3o publicados em um volume especial no Peri\u00f3dico <strong>Revista de Educa\u00e7\u00e3o, Sa\u00fade e Ci\u00eancias do Xingu &#8211; RESCX<\/strong> (e-ISSN: 2675-2956).<\/h5>\n","protected":false},"excerpt":{"rendered":"<p>O Encontro de Pesquisa em Educa\u00e7\u00e3o e Ensino de Ci\u00eancias na Amaz\u00f4nia (EPEECA) \u00e9 um evento bianual promovido pelo Programa de P\u00f3s-gradua\u00e7\u00e3o em Educa\u00e7\u00e3o e Ensino de Ci\u00eancias na Amaz\u00f4nia da Universidade do Estado do Par\u00e1 (PPGEECA\/UEPA) e pelo Grupo de Estudo em Educa\u00e7\u00e3o e Ensino de Ci\u00eancias em Contextos Amaz\u00f4nicos (GEPEECA). Nossa 4\u00aa edi\u00e7\u00e3o &hellip;<\/p>\n<p class=\"read-more\"> <a class=\"\" href=\"https:\/\/propesp.uepa.br\/ppgeeca\/epeeca\/2026\/index.php\/apresentacao\/\"> <span class=\"screen-reader-text\">Apresenta\u00e7\u00e3o<\/span> Leia mais &raquo;<\/a><\/p>\n","protected":false},"author":1,"featured_media":0,"parent":0,"menu_order":0,"comment_status":"closed","ping_status":"closed","template":"","meta":{"_uag_custom_page_level_css":"","site-sidebar-layout":"default","site-content-layout":"","ast-site-content-layout":"default","site-content-style":"default","site-sidebar-style":"default","ast-global-header-display":"","ast-banner-title-visibility":"","ast-main-header-display":"","ast-hfb-above-header-display":"","ast-hfb-below-header-display":"","ast-hfb-mobile-header-display":"","site-post-title":"","ast-breadcrumbs-content":"","ast-featured-img":"","footer-sml-layout":"","theme-transparent-header-meta":"","adv-header-id-meta":"","stick-header-meta":"","header-above-stick-meta":"","header-main-stick-meta":"","header-below-stick-meta":"","astra-migrate-meta-layouts":"set","footnotes":""},"class_list":["post-86","page","type-page","status-publish","hentry"],"uagb_featured_image_src":{"full":false,"thumbnail":false,"medium":false,"medium_large":false,"large":false,"1536x1536":false,"2048x2048":false},"uagb_author_info":{"display_name":"adminsites@uepa.br","author_link":"https:\/\/propesp.uepa.br\/ppgeeca\/epeeca\/2026\/index.php\/author\/adminsitesuepa-br\/"},"uagb_comment_info":0,"uagb_excerpt":"O Encontro de Pesquisa em Educa\u00e7\u00e3o e Ensino de Ci\u00eancias na Amaz\u00f4nia (EPEECA) \u00e9 um evento bianual promovido pelo Programa de P\u00f3s-gradua\u00e7\u00e3o em Educa\u00e7\u00e3o e Ensino de Ci\u00eancias na Amaz\u00f4nia da Universidade do Estado do Par\u00e1 (PPGEECA\/UEPA) e pelo Grupo de Estudo em Educa\u00e7\u00e3o e Ensino de Ci\u00eancias em Contextos Amaz\u00f4nicos (GEPEECA). Nossa 4\u00aa edi\u00e7\u00e3o&hellip;","_links":{"self":[{"href":"https:\/\/propesp.uepa.br\/ppgeeca\/epeeca\/2026\/index.php\/wp-json\/wp\/v2\/pages\/86","targetHints":{"allow":["GET"]}}],"collection":[{"href":"https:\/\/propesp.uepa.br\/ppgeeca\/epeeca\/2026\/index.php\/wp-json\/wp\/v2\/pages"}],"about":[{"href":"https:\/\/propesp.uepa.br\/ppgeeca\/epeeca\/2026\/index.php\/wp-json\/wp\/v2\/types\/page"}],"author":[{"embeddable":true,"href":"https:\/\/propesp.uepa.br\/ppgeeca\/epeeca\/2026\/index.php\/wp-json\/wp\/v2\/users\/1"}],"replies":[{"embeddable":true,"href":"https:\/\/propesp.uepa.br\/ppgeeca\/epeeca\/2026\/index.php\/wp-json\/wp\/v2\/comments?post=86"}],"version-history":[{"count":27,"href":"https:\/\/propesp.uepa.br\/ppgeeca\/epeeca\/2026\/index.php\/wp-json\/wp\/v2\/pages\/86\/revisions"}],"predecessor-version":[{"id":1575,"href":"https:\/\/propesp.uepa.br\/ppgeeca\/epeeca\/2026\/index.php\/wp-json\/wp\/v2\/pages\/86\/revisions\/1575"}],"wp:attachment":[{"href":"https:\/\/propesp.uepa.br\/ppgeeca\/epeeca\/2026\/index.php\/wp-json\/wp\/v2\/media?parent=86"}],"curies":[{"name":"wp","href":"https:\/\/api.w.org\/{rel}","templated":true}]}}