{"id":114,"date":"2024-10-08T17:43:11","date_gmt":"2024-10-08T20:43:11","guid":{"rendered":"https:\/\/propesp.uepa.br\/ppgeeca\/?page_id=114"},"modified":"2025-07-30T15:52:21","modified_gmt":"2025-07-30T18:52:21","slug":"cursos-de-formacao","status":"publish","type":"page","link":"https:\/\/propesp.uepa.br\/ppgeeca\/cursos-de-formacao\/","title":{"rendered":"Cursos de Forma\u00e7\u00e3o"},"content":{"rendered":"\n<h4 class=\"wp-block-heading has-text-align-left has-text-color has-link-color wp-elements-43061bd96e3cdd44a7515fa2a948343c\" style=\"color:#386d04;margin-top:var(--wp--preset--spacing--50);margin-right:0;margin-bottom:var(--wp--preset--spacing--50);margin-left:0;font-size:21px\">O ENSINO DE CI\u00caNCIAS NA AMAZ\u00d4NIA: A EDUCA\u00c7\u00c3O DE SURDOS EM FOCO<\/h4>\n\n\n\n<div class=\"wp-block-uagb-separator uagb-block-3f813f65\"><div class=\"wp-block-uagb-separator__inner\" style=\"--my-background-image:\"><\/div><\/div>\n\n\n\n<p><\/p>\n\n\n\n<p class=\"has-ast-global-color-7-color has-text-color has-link-color wp-elements-925bcf09fbcfff03348ab28887b27789\" style=\"font-size:21px\">A forma\u00e7\u00e3o colaborativa proposta por Tatiana de Paula Monteiro Gomes e Bianca Venturieri visa integrar professores de Ci\u00eancias e pedagogos que trabalham com alunos surdos, considerando os aspectos socioculturais, lingu\u00edsticos e emocionais no ensino de Ci\u00eancias na Amaz\u00f4nia. Este projeto, direcionado principalmente aos professores das Ci\u00eancias da Natureza que atuam na Educa\u00e7\u00e3o B\u00e1sica no Estado do Par\u00e1, cria um ambiente de aprendizado inclusivo e adaptado \u00e0s necessidades espec\u00edficas dos estudantes surdos, promovendo uma troca rica de experi\u00eancias e conhecimentos entre os educadores. Ao abordar as particularidades culturais e lingu\u00edsticas da regi\u00e3o amaz\u00f4nica, pretende-se enriquecer o ensino e fortalecer a capacidade dos professores em lidar com a diversidade, criando, assim, um espa\u00e7o educacional mais equitativo e sens\u00edvel \u00e0s diferen\u00e7as.<\/p>\n\n\n\t\t\t\t\t<div\n\t\t\t\t\t\tclass=\"wp-block-uagb-image-gallery uagb-block-5ffb8518     \"\n\t\t\t\t\t\tstyle=\"\"\n\t\t\t\t\t>\n\t\t\t\t\t\t\t\t\t\t\t<div class=\"spectra-image-gallery spectra-image-gallery__layout--carousel\">\n\t\t\t\t\t\t\t\t<div class=\"uagb-slick-carousel uagb-block-5ffb8518\">\n\t\t\t\t\t\t\t\t\t\t\t\t<div class='spectra-image-gallery__media-wrapper' data-spectra-gallery-image-id='4472'>\n\t\t\t\t\t\t\t<div class=\"spectra-image-gallery__media spectra-image-gallery__media--carousel\">\n\t\t\t\t<picture>\n\t\t\t\t\t<source media=\"(min-width: 1024px)\" srcset=\"https:\/\/propesp.uepa.br\/ppgeeca\/wp-content\/uploads\/2025\/07\/3-1-scaled.png\">\n\t\t\t\t\t<source media=\"(min-width: 768px)\" srcset=\"https:\/\/propesp.uepa.br\/ppgeeca\/wp-content\/uploads\/2025\/07\/3-1-1024x1024.png\">\n\t\t\t\t\t<img decoding=\"async\" class=\"spectra-image-gallery__media-thumbnail spectra-image-gallery__media-thumbnail--carousel\" src=\"https:\/\/propesp.uepa.br\/ppgeeca\/wp-content\/uploads\/2025\/07\/3-1-300x300.png\" alt=\"\" loading=\"lazy\" \/>\n\t\t\t\t<\/picture>\n\t\t\t\t<div class=\"spectra-image-gallery__media-thumbnail-blurrer\"><\/div>\n\t\t\t\t\t\t\t\t\t\t\t<div class=\"spectra-image-gallery__media-thumbnail-caption-wrapper spectra-image-gallery__media-thumbnail-caption-wrapper--overlay\"><\/div>\n\t\t\t\t\t\t\t\t<\/div>\n\t\t\t\t\t\t<\/div>\n\t\t\t\t\t\t<div class='spectra-image-gallery__media-wrapper' data-spectra-gallery-image-id='4473'>\n\t\t\t\t\t\t\t<div class=\"spectra-image-gallery__media spectra-image-gallery__media--carousel\">\n\t\t\t\t<picture>\n\t\t\t\t\t<source media=\"(min-width: 1024px)\" srcset=\"https:\/\/propesp.uepa.br\/ppgeeca\/wp-content\/uploads\/2025\/07\/4-1-scaled.png\">\n\t\t\t\t\t<source media=\"(min-width: 768px)\" srcset=\"https:\/\/propesp.uepa.br\/ppgeeca\/wp-content\/uploads\/2025\/07\/4-1-1024x1024.png\">\n\t\t\t\t\t<img decoding=\"async\" class=\"spectra-image-gallery__media-thumbnail spectra-image-gallery__media-thumbnail--carousel\" src=\"https:\/\/propesp.uepa.br\/ppgeeca\/wp-content\/uploads\/2025\/07\/4-1-300x300.png\" alt=\"\" loading=\"lazy\" \/>\n\t\t\t\t<\/picture>\n\t\t\t\t<div class=\"spectra-image-gallery__media-thumbnail-blurrer\"><\/div>\n\t\t\t\t\t\t\t\t\t\t\t<div class=\"spectra-image-gallery__media-thumbnail-caption-wrapper spectra-image-gallery__media-thumbnail-caption-wrapper--overlay\"><\/div>\n\t\t\t\t\t\t\t\t<\/div>\n\t\t\t\t\t\t<\/div>\n\t\t\t\t\t\t<div class='spectra-image-gallery__media-wrapper' data-spectra-gallery-image-id='4474'>\n\t\t\t\t\t\t\t<div class=\"spectra-image-gallery__media spectra-image-gallery__media--carousel\">\n\t\t\t\t<picture>\n\t\t\t\t\t<source media=\"(min-width: 1024px)\" srcset=\"https:\/\/propesp.uepa.br\/ppgeeca\/wp-content\/uploads\/2025\/07\/5-1-scaled.png\">\n\t\t\t\t\t<source media=\"(min-width: 768px)\" srcset=\"https:\/\/propesp.uepa.br\/ppgeeca\/wp-content\/uploads\/2025\/07\/5-1-1024x1024.png\">\n\t\t\t\t\t<img decoding=\"async\" class=\"spectra-image-gallery__media-thumbnail spectra-image-gallery__media-thumbnail--carousel\" src=\"https:\/\/propesp.uepa.br\/ppgeeca\/wp-content\/uploads\/2025\/07\/5-1-300x300.png\" alt=\"\" loading=\"lazy\" \/>\n\t\t\t\t<\/picture>\n\t\t\t\t<div class=\"spectra-image-gallery__media-thumbnail-blurrer\"><\/div>\n\t\t\t\t\t\t\t\t\t\t\t<div class=\"spectra-image-gallery__media-thumbnail-caption-wrapper spectra-image-gallery__media-thumbnail-caption-wrapper--overlay\"><\/div>\n\t\t\t\t\t\t\t\t<\/div>\n\t\t\t\t\t\t<\/div>\n\t\t\t\t\t\t\t\t\t\t\t<\/div>\n\t\t\t\t\t\t\t<\/div>\n\t\t\t\t\t\t\t\t\t\t\t<\/div>\n\t\t\t\t\t\t\t\t\t\n\n\n<p class=\"has-text-color has-link-color wp-elements-e0fa39b4423ee50ada7444281acc5e34\" style=\"color:#ffffff00\">.<\/p>\n\n\n\n<h4 class=\"wp-block-heading has-text-align-left has-text-color has-link-color wp-elements-a962708eb1a1ecb09dda698df4060804\" style=\"color:#386d04;margin-top:var(--wp--preset--spacing--50);margin-right:0;margin-bottom:var(--wp--preset--spacing--50);margin-left:0;font-size:21px\">UM PROCESSO FORMATIVO COLABORATIVO DE FORMA\u00c7\u00c3O CONTINUADA DE PROFESSORES DE CI\u00caNCIAS DA NATUREZA NA AMAZ\u00d4NIA: TECENDO DI\u00c1LOGOS SOBRE ASPECTOS SOCIOCULTURAIS E EMOCIONAIS<\/h4>\n\n\n\n<div class=\"wp-block-uagb-separator uagb-block-04c4a5d3\"><div class=\"wp-block-uagb-separator__inner\" style=\"--my-background-image:\"><\/div><\/div>\n\n\n\n<p><\/p>\n\n\n\n<p class=\"has-black-color has-text-color has-link-color wp-elements-5f2a6d6ab9f346b7abbe7cc8365deabd\" style=\"font-size:21px\">Ana Paula Ara\u00fajo Silva dos Santos e Bianca Venturieri desenvolveram um projeto com o objetivo de promover uma forma\u00e7\u00e3o colaborativa para professores de Ci\u00eancias da Natureza. Este projeto visa integrar aspectos socioculturais e emocionais no ensino de Ci\u00eancias na Amaz\u00f4nia Paraense. Destinado aos professores de Biologia, F\u00edsica e Qu\u00edmica que atuam na Educa\u00e7\u00e3o B\u00e1sica na regi\u00e3o metropolitana de Bel\u00e9m, a iniciativa busca enriquecer as pr\u00e1ticas pedag\u00f3gicas, considerando as particularidades da regi\u00e3o e a diversidade cultural dos alunos. Ao aliar teoria e pr\u00e1tica, o projeto pretende fortalecer a forma\u00e7\u00e3o cont\u00ednua dos educadores, incentivando a troca de experi\u00eancias e o desenvolvimento de metodologias inovadoras que respeitem e valorizem o contexto amaz\u00f4nico.<\/p>\n\n\n\t\t\t\t\t<div\n\t\t\t\t\t\tclass=\"wp-block-uagb-image-gallery uagb-block-22edf7e5     \"\n\t\t\t\t\t\tstyle=\"\"\n\t\t\t\t\t>\n\t\t\t\t\t\t\t\t\t\t\t<div class=\"spectra-image-gallery spectra-image-gallery__layout--carousel\">\n\t\t\t\t\t\t\t\t<div class=\"uagb-slick-carousel uagb-block-22edf7e5\">\n\t\t\t\t\t\t\t\t\t\t\t\t<div class='spectra-image-gallery__media-wrapper' data-spectra-gallery-image-id='4485'>\n\t\t\t\t\t\t\t<div class=\"spectra-image-gallery__media spectra-image-gallery__media--carousel\">\n\t\t\t\t<picture>\n\t\t\t\t\t<source media=\"(min-width: 1024px)\" srcset=\"https:\/\/propesp.uepa.br\/ppgeeca\/wp-content\/uploads\/2025\/07\/Na-ultima-quinta-feira-05-os-academicos-do-Curso-de-Pedagogia-da-Universidade-do-Estado-do-Para-UEPA-por-meio-da-disciplina-Estagio-em-Instituicoes-Nao-Escolares-e-Ambientes-Populares-sob-a-scaled.png\">\n\t\t\t\t\t<source media=\"(min-width: 768px)\" srcset=\"https:\/\/propesp.uepa.br\/ppgeeca\/wp-content\/uploads\/2025\/07\/Na-ultima-quinta-feira-05-os-academicos-do-Curso-de-Pedagogia-da-Universidade-do-Estado-do-Para-UEPA-por-meio-da-disciplina-Estagio-em-Instituicoes-Nao-Escolares-e-Ambientes-Populares-sob-a-1024x1024.png\">\n\t\t\t\t\t<img decoding=\"async\" class=\"spectra-image-gallery__media-thumbnail spectra-image-gallery__media-thumbnail--carousel\" src=\"https:\/\/propesp.uepa.br\/ppgeeca\/wp-content\/uploads\/2025\/07\/Na-ultima-quinta-feira-05-os-academicos-do-Curso-de-Pedagogia-da-Universidade-do-Estado-do-Para-UEPA-por-meio-da-disciplina-Estagio-em-Instituicoes-Nao-Escolares-e-Ambientes-Populares-sob-a-300x300.png\" alt=\"\" loading=\"lazy\" \/>\n\t\t\t\t<\/picture>\n\t\t\t\t<div class=\"spectra-image-gallery__media-thumbnail-blurrer\"><\/div>\n\t\t\t\t\t\t\t\t\t\t\t<div class=\"spectra-image-gallery__media-thumbnail-caption-wrapper spectra-image-gallery__media-thumbnail-caption-wrapper--overlay\"><\/div>\n\t\t\t\t\t\t\t\t<\/div>\n\t\t\t\t\t\t<\/div>\n\t\t\t\t\t\t<div class='spectra-image-gallery__media-wrapper' data-spectra-gallery-image-id='4487'>\n\t\t\t\t\t\t\t<div class=\"spectra-image-gallery__media spectra-image-gallery__media--carousel\">\n\t\t\t\t<picture>\n\t\t\t\t\t<source media=\"(min-width: 1024px)\" srcset=\"https:\/\/propesp.uepa.br\/ppgeeca\/wp-content\/uploads\/2025\/07\/Na-ultima-quinta-feira-05-os-academicos-do-Curso-de-Pedagogia-da-Universidade-do-Estado-do-Para-UEPA-por-meio-da-disciplina-Estagio-em-Instituicoes-Nao-Escolares-e-Ambientes-Populares-sob-a-1-scaled.png\">\n\t\t\t\t\t<source media=\"(min-width: 768px)\" srcset=\"https:\/\/propesp.uepa.br\/ppgeeca\/wp-content\/uploads\/2025\/07\/Na-ultima-quinta-feira-05-os-academicos-do-Curso-de-Pedagogia-da-Universidade-do-Estado-do-Para-UEPA-por-meio-da-disciplina-Estagio-em-Instituicoes-Nao-Escolares-e-Ambientes-Populares-sob-a-1-1024x1024.png\">\n\t\t\t\t\t<img decoding=\"async\" class=\"spectra-image-gallery__media-thumbnail spectra-image-gallery__media-thumbnail--carousel\" src=\"https:\/\/propesp.uepa.br\/ppgeeca\/wp-content\/uploads\/2025\/07\/Na-ultima-quinta-feira-05-os-academicos-do-Curso-de-Pedagogia-da-Universidade-do-Estado-do-Para-UEPA-por-meio-da-disciplina-Estagio-em-Instituicoes-Nao-Escolares-e-Ambientes-Populares-sob-a-1-300x300.png\" alt=\"\" loading=\"lazy\" \/>\n\t\t\t\t<\/picture>\n\t\t\t\t<div class=\"spectra-image-gallery__media-thumbnail-blurrer\"><\/div>\n\t\t\t\t\t\t\t\t\t\t\t<div class=\"spectra-image-gallery__media-thumbnail-caption-wrapper spectra-image-gallery__media-thumbnail-caption-wrapper--overlay\"><\/div>\n\t\t\t\t\t\t\t\t<\/div>\n\t\t\t\t\t\t<\/div>\n\t\t\t\t\t\t<div class='spectra-image-gallery__media-wrapper' data-spectra-gallery-image-id='4488'>\n\t\t\t\t\t\t\t<div class=\"spectra-image-gallery__media spectra-image-gallery__media--carousel\">\n\t\t\t\t<picture>\n\t\t\t\t\t<source media=\"(min-width: 1024px)\" srcset=\"https:\/\/propesp.uepa.br\/ppgeeca\/wp-content\/uploads\/2025\/07\/Na-ultima-quinta-feira-05-os-academicos-do-Curso-de-Pedagogia-da-Universidade-do-Estado-do-Para-UEPA-por-meio-da-disciplina-Estagio-em-Instituicoes-Nao-Escolares-e-Ambientes-Populares-sob-a-2-scaled.png\">\n\t\t\t\t\t<source media=\"(min-width: 768px)\" srcset=\"https:\/\/propesp.uepa.br\/ppgeeca\/wp-content\/uploads\/2025\/07\/Na-ultima-quinta-feira-05-os-academicos-do-Curso-de-Pedagogia-da-Universidade-do-Estado-do-Para-UEPA-por-meio-da-disciplina-Estagio-em-Instituicoes-Nao-Escolares-e-Ambientes-Populares-sob-a-2-1024x1024.png\">\n\t\t\t\t\t<img decoding=\"async\" class=\"spectra-image-gallery__media-thumbnail spectra-image-gallery__media-thumbnail--carousel\" src=\"https:\/\/propesp.uepa.br\/ppgeeca\/wp-content\/uploads\/2025\/07\/Na-ultima-quinta-feira-05-os-academicos-do-Curso-de-Pedagogia-da-Universidade-do-Estado-do-Para-UEPA-por-meio-da-disciplina-Estagio-em-Instituicoes-Nao-Escolares-e-Ambientes-Populares-sob-a-2-300x300.png\" alt=\"\" loading=\"lazy\" \/>\n\t\t\t\t<\/picture>\n\t\t\t\t<div class=\"spectra-image-gallery__media-thumbnail-blurrer\"><\/div>\n\t\t\t\t\t\t\t\t\t\t\t<div class=\"spectra-image-gallery__media-thumbnail-caption-wrapper spectra-image-gallery__media-thumbnail-caption-wrapper--overlay\"><\/div>\n\t\t\t\t\t\t\t\t<\/div>\n\t\t\t\t\t\t<\/div>\n\t\t\t\t\t\t\t\t\t\t\t<\/div>\n\t\t\t\t\t\t\t<\/div>\n\t\t\t\t\t\t\t\t\t\t\t<\/div>\n\t\t\t\t\t\t\t\t\t\n\n\n<p class=\"has-text-color has-link-color wp-elements-e0fa39b4423ee50ada7444281acc5e34\" style=\"color:#ffffff00\">.<\/p>\n\n\n\n<h4 class=\"wp-block-heading has-text-align-left has-text-color has-link-color wp-elements-1ab19231c56986f68b570752850f6ab5\" style=\"color:#386d04;margin-top:var(--wp--preset--spacing--50);margin-right:0;margin-bottom:var(--wp--preset--spacing--50);margin-left:0;font-size:21px\">FORMA\u00c7\u00c3O DE PROFESSORES NA AMAZ\u00d4NIA: PR\u00c1TICAS SIGNIFICATIVAS NO ENSINO DE CI\u00caNCIAS DA NATUREZA EM CLASSES MULTISSERIADAS<\/h4>\n\n\n\n<div class=\"wp-block-uagb-separator uagb-block-3319b6a2\"><div class=\"wp-block-uagb-separator__inner\" style=\"--my-background-image:\"><\/div><\/div>\n\n\n\n<p><\/p>\n\n\n\n<p class=\"has-ast-global-color-7-color has-text-color has-link-color wp-elements-caa8ad4d410b8443e25cac51f55b3358\" style=\"font-size:21px\">Thays Maria das Neves Caldeira e Jacirene Vasconcelos de Albuquerque desenvolveram uma proposta de Forma\u00e7\u00e3o Continuada para professores(as) voltada para o Ensino de Ci\u00eancias da Natureza. Essa iniciativa \u00e9 embasada na Teoria da Aprendizagem Significativa e \u00e9 direcionada para as classes multisseriadas de 4\u00ba e 5\u00ba ano do Ensino Fundamental no munic\u00edpio de Santa B\u00e1rbara do Par\u00e1. O p\u00fablico-alvo desta proposta s\u00e3o os professores que atuam nos anos iniciais do ensino fundamental, com o objetivo de capacit\u00e1-los a melhorar a qualidade do ensino para seus alunos.<\/p>\n\n\n\t\t\t\t\t<div\n\t\t\t\t\t\tclass=\"wp-block-uagb-image-gallery uagb-block-eac724b5     \"\n\t\t\t\t\t\tstyle=\"\"\n\t\t\t\t\t>\n\t\t\t\t\t\t\t\t\t\t\t<div class=\"spectra-image-gallery spectra-image-gallery__layout--carousel\">\n\t\t\t\t\t\t\t\t<div class=\"uagb-slick-carousel uagb-block-eac724b5\">\n\t\t\t\t\t\t\t\t\t\t\t\t<div class='spectra-image-gallery__media-wrapper' data-spectra-gallery-image-id='4499'>\n\t\t\t\t\t\t\t<div class=\"spectra-image-gallery__media spectra-image-gallery__media--carousel\">\n\t\t\t\t<picture>\n\t\t\t\t\t<source media=\"(min-width: 1024px)\" srcset=\"https:\/\/propesp.uepa.br\/ppgeeca\/wp-content\/uploads\/2025\/07\/Na-ultima-quinta-feira-05-os-academicos-do-Curso-de-Pedagogia-da-Universidade-do-Estado-do-Para-UEPA-por-meio-da-disciplina-Estagio-em-Instituicoes-Nao-Escolares-e-Ambientes-Populares-sob-a-4-scaled.png\">\n\t\t\t\t\t<source media=\"(min-width: 768px)\" srcset=\"https:\/\/propesp.uepa.br\/ppgeeca\/wp-content\/uploads\/2025\/07\/Na-ultima-quinta-feira-05-os-academicos-do-Curso-de-Pedagogia-da-Universidade-do-Estado-do-Para-UEPA-por-meio-da-disciplina-Estagio-em-Instituicoes-Nao-Escolares-e-Ambientes-Populares-sob-a-4-1024x1024.png\">\n\t\t\t\t\t<img decoding=\"async\" class=\"spectra-image-gallery__media-thumbnail spectra-image-gallery__media-thumbnail--carousel\" src=\"https:\/\/propesp.uepa.br\/ppgeeca\/wp-content\/uploads\/2025\/07\/Na-ultima-quinta-feira-05-os-academicos-do-Curso-de-Pedagogia-da-Universidade-do-Estado-do-Para-UEPA-por-meio-da-disciplina-Estagio-em-Instituicoes-Nao-Escolares-e-Ambientes-Populares-sob-a-4-300x300.png\" alt=\"\" loading=\"lazy\" \/>\n\t\t\t\t<\/picture>\n\t\t\t\t<div class=\"spectra-image-gallery__media-thumbnail-blurrer\"><\/div>\n\t\t\t\t\t\t\t\t\t\t\t<div class=\"spectra-image-gallery__media-thumbnail-caption-wrapper spectra-image-gallery__media-thumbnail-caption-wrapper--overlay\"><\/div>\n\t\t\t\t\t\t\t\t<\/div>\n\t\t\t\t\t\t<\/div>\n\t\t\t\t\t\t<div class='spectra-image-gallery__media-wrapper' data-spectra-gallery-image-id='4500'>\n\t\t\t\t\t\t\t<div class=\"spectra-image-gallery__media spectra-image-gallery__media--carousel\">\n\t\t\t\t<picture>\n\t\t\t\t\t<source media=\"(min-width: 1024px)\" srcset=\"https:\/\/propesp.uepa.br\/ppgeeca\/wp-content\/uploads\/2025\/07\/Na-ultima-quinta-feira-05-os-academicos-do-Curso-de-Pedagogia-da-Universidade-do-Estado-do-Para-UEPA-por-meio-da-disciplina-Estagio-em-Instituicoes-Nao-Escolares-e-Ambientes-Populares-sob-a-3-scaled.png\">\n\t\t\t\t\t<source media=\"(min-width: 768px)\" srcset=\"https:\/\/propesp.uepa.br\/ppgeeca\/wp-content\/uploads\/2025\/07\/Na-ultima-quinta-feira-05-os-academicos-do-Curso-de-Pedagogia-da-Universidade-do-Estado-do-Para-UEPA-por-meio-da-disciplina-Estagio-em-Instituicoes-Nao-Escolares-e-Ambientes-Populares-sob-a-3-1024x1024.png\">\n\t\t\t\t\t<img decoding=\"async\" class=\"spectra-image-gallery__media-thumbnail spectra-image-gallery__media-thumbnail--carousel\" src=\"https:\/\/propesp.uepa.br\/ppgeeca\/wp-content\/uploads\/2025\/07\/Na-ultima-quinta-feira-05-os-academicos-do-Curso-de-Pedagogia-da-Universidade-do-Estado-do-Para-UEPA-por-meio-da-disciplina-Estagio-em-Instituicoes-Nao-Escolares-e-Ambientes-Populares-sob-a-3-300x300.png\" alt=\"\" loading=\"lazy\" \/>\n\t\t\t\t<\/picture>\n\t\t\t\t<div class=\"spectra-image-gallery__media-thumbnail-blurrer\"><\/div>\n\t\t\t\t\t\t\t\t\t\t\t<div class=\"spectra-image-gallery__media-thumbnail-caption-wrapper spectra-image-gallery__media-thumbnail-caption-wrapper--overlay\"><\/div>\n\t\t\t\t\t\t\t\t<\/div>\n\t\t\t\t\t\t<\/div>\n\t\t\t\t\t\t<div class='spectra-image-gallery__media-wrapper' data-spectra-gallery-image-id='4502'>\n\t\t\t\t\t\t\t<div class=\"spectra-image-gallery__media spectra-image-gallery__media--carousel\">\n\t\t\t\t<picture>\n\t\t\t\t\t<source media=\"(min-width: 1024px)\" srcset=\"https:\/\/propesp.uepa.br\/ppgeeca\/wp-content\/uploads\/2025\/07\/Na-ultima-quinta-feira-05-os-academicos-do-Curso-de-Pedagogia-da-Universidade-do-Estado-do-Para-UEPA-por-meio-da-disciplina-Estagio-em-Instituicoes-Nao-Escolares-e-Ambientes-Populares-sob-a-6-scaled.png\">\n\t\t\t\t\t<source media=\"(min-width: 768px)\" srcset=\"https:\/\/propesp.uepa.br\/ppgeeca\/wp-content\/uploads\/2025\/07\/Na-ultima-quinta-feira-05-os-academicos-do-Curso-de-Pedagogia-da-Universidade-do-Estado-do-Para-UEPA-por-meio-da-disciplina-Estagio-em-Instituicoes-Nao-Escolares-e-Ambientes-Populares-sob-a-6-1024x1024.png\">\n\t\t\t\t\t<img decoding=\"async\" class=\"spectra-image-gallery__media-thumbnail spectra-image-gallery__media-thumbnail--carousel\" src=\"https:\/\/propesp.uepa.br\/ppgeeca\/wp-content\/uploads\/2025\/07\/Na-ultima-quinta-feira-05-os-academicos-do-Curso-de-Pedagogia-da-Universidade-do-Estado-do-Para-UEPA-por-meio-da-disciplina-Estagio-em-Instituicoes-Nao-Escolares-e-Ambientes-Populares-sob-a-6-300x300.png\" alt=\"\" loading=\"lazy\" \/>\n\t\t\t\t<\/picture>\n\t\t\t\t<div class=\"spectra-image-gallery__media-thumbnail-blurrer\"><\/div>\n\t\t\t\t\t\t\t\t\t\t\t<div class=\"spectra-image-gallery__media-thumbnail-caption-wrapper spectra-image-gallery__media-thumbnail-caption-wrapper--overlay\"><\/div>\n\t\t\t\t\t\t\t\t<\/div>\n\t\t\t\t\t\t<\/div>\n\t\t\t\t\t\t\t\t\t\t\t<\/div>\n\t\t\t\t\t\t\t<\/div>\n\t\t\t\t\t\t\t\t\t\t\t<\/div>\n\t\t\t\t\t\t\t\t\t","protected":false},"excerpt":{"rendered":"<p>O ENSINO DE CI\u00caNCIAS NA AMAZ\u00d4NIA: A EDUCA\u00c7\u00c3O DE SURDOS EM FOCO A forma\u00e7\u00e3o colaborativa proposta por Tatiana de Paula Monteiro Gomes e Bianca Venturieri visa integrar professores de Ci\u00eancias e pedagogos que trabalham com alunos surdos, considerando os aspectos socioculturais, lingu\u00edsticos e emocionais no ensino de Ci\u00eancias na Amaz\u00f4nia. Este projeto, direcionado principalmente aos [&hellip;]<\/p>\n","protected":false},"author":1,"featured_media":0,"parent":0,"menu_order":0,"comment_status":"closed","ping_status":"closed","template":"","meta":{"_uag_custom_page_level_css":"","site-sidebar-layout":"default","site-content-layout":"","ast-site-content-layout":"","site-content-style":"default","site-sidebar-style":"default","ast-global-header-display":"","ast-banner-title-visibility":"","ast-main-header-display":"","ast-hfb-above-header-display":"","ast-hfb-below-header-display":"","ast-hfb-mobile-header-display":"","site-post-title":"","ast-breadcrumbs-content":"","ast-featured-img":"","footer-sml-layout":"","theme-transparent-header-meta":"","adv-header-id-meta":"","stick-header-meta":"","header-above-stick-meta":"","header-main-stick-meta":"","header-below-stick-meta":"","astra-migrate-meta-layouts":"default","ast-page-background-enabled":"default","ast-page-background-meta":{"desktop":{"background-color":"var(--ast-global-color-4)","background-image":"","background-repeat":"repeat","background-position":"center center","background-size":"auto","background-attachment":"scroll","background-type":"","background-media":"","overlay-type":"","overlay-color":"","overlay-opacity":"","overlay-gradient":""},"tablet":{"background-color":"","background-image":"","background-repeat":"repeat","background-position":"center center","background-size":"auto","background-attachment":"scroll","background-type":"","background-media":"","overlay-type":"","overlay-color":"","overlay-opacity":"","overlay-gradient":""},"mobile":{"background-color":"","background-image":"","background-repeat":"repeat","background-position":"center center","background-size":"auto","background-attachment":"scroll","background-type":"","background-media":"","overlay-type":"","overlay-color":"","overlay-opacity":"","overlay-gradient":""}},"ast-content-background-meta":{"desktop":{"background-color":"var(--ast-global-color-5)","background-image":"","background-repeat":"repeat","background-position":"center center","background-size":"auto","background-attachment":"scroll","background-type":"","background-media":"","overlay-type":"","overlay-color":"","overlay-opacity":"","overlay-gradient":""},"tablet":{"background-color":"var(--ast-global-color-5)","background-image":"","background-repeat":"repeat","background-position":"center center","background-size":"auto","background-attachment":"scroll","background-type":"","background-media":"","overlay-type":"","overlay-color":"","overlay-opacity":"","overlay-gradient":""},"mobile":{"background-color":"var(--ast-global-color-5)","background-image":"","background-repeat":"repeat","background-position":"center center","background-size":"auto","background-attachment":"scroll","background-type":"","background-media":"","overlay-type":"","overlay-color":"","overlay-opacity":"","overlay-gradient":""}},"footnotes":""},"class_list":["post-114","page","type-page","status-publish","hentry"],"uagb_featured_image_src":{"full":false,"thumbnail":false,"medium":false,"medium_large":false,"large":false,"1536x1536":false,"2048x2048":false},"uagb_author_info":{"display_name":"adminsites@uepa.br","author_link":"https:\/\/propesp.uepa.br\/ppgeeca\/author\/adminsitesuepa-br\/"},"uagb_comment_info":0,"uagb_excerpt":"O ENSINO DE CI\u00caNCIAS NA AMAZ\u00d4NIA: A EDUCA\u00c7\u00c3O DE SURDOS EM FOCO A forma\u00e7\u00e3o colaborativa proposta por Tatiana de Paula Monteiro Gomes e Bianca Venturieri visa integrar professores de Ci\u00eancias e pedagogos que trabalham com alunos surdos, considerando os aspectos socioculturais, lingu\u00edsticos e emocionais no ensino de Ci\u00eancias na Amaz\u00f4nia. Este projeto, direcionado principalmente aos&hellip;","_links":{"self":[{"href":"https:\/\/propesp.uepa.br\/ppgeeca\/wp-json\/wp\/v2\/pages\/114","targetHints":{"allow":["GET"]}}],"collection":[{"href":"https:\/\/propesp.uepa.br\/ppgeeca\/wp-json\/wp\/v2\/pages"}],"about":[{"href":"https:\/\/propesp.uepa.br\/ppgeeca\/wp-json\/wp\/v2\/types\/page"}],"author":[{"embeddable":true,"href":"https:\/\/propesp.uepa.br\/ppgeeca\/wp-json\/wp\/v2\/users\/1"}],"replies":[{"embeddable":true,"href":"https:\/\/propesp.uepa.br\/ppgeeca\/wp-json\/wp\/v2\/comments?post=114"}],"version-history":[{"count":24,"href":"https:\/\/propesp.uepa.br\/ppgeeca\/wp-json\/wp\/v2\/pages\/114\/revisions"}],"predecessor-version":[{"id":4504,"href":"https:\/\/propesp.uepa.br\/ppgeeca\/wp-json\/wp\/v2\/pages\/114\/revisions\/4504"}],"wp:attachment":[{"href":"https:\/\/propesp.uepa.br\/ppgeeca\/wp-json\/wp\/v2\/media?parent=114"}],"curies":[{"name":"wp","href":"https:\/\/api.w.org\/{rel}","templated":true}]}}