{"id":1378,"date":"2024-10-28T17:58:52","date_gmt":"2024-10-28T20:58:52","guid":{"rendered":"https:\/\/propesp.uepa.br\/ppgeeca\/?page_id=1378"},"modified":"2025-06-16T18:42:13","modified_gmt":"2025-06-16T21:42:13","slug":"aluno-especial-2024","status":"publish","type":"page","link":"https:\/\/propesp.uepa.br\/ppgeeca\/aluno-especial-2024\/","title":{"rendered":"Relat\u00f3rio de Autoavalia\u00e7\u00e3o do Egresso"},"content":{"rendered":"\n<p class=\"has-ast-global-color-7-color has-text-color has-link-color wp-elements-f336afc5d2b23b7f23c3bccc173e8233\" style=\"margin-right:var(--wp--preset--spacing--30);margin-left:var(--wp--preset--spacing--30);font-size:21px\"><mark style=\"background-color:rgba(0, 0, 0, 0);color:#000000\" class=\"has-inline-color\">O Programa de P\u00f3s-Gradua\u00e7\u00e3o em Educa\u00e7\u00e3o e Ensino de Ci\u00eancias na Amaz\u00f4nia (PPGEECA) &#8211; Mestrado Profissional &#8211; vinculado a Universidade do Estado do Par\u00e1 (UEPA), com sede em Bel\u00e9m do Par\u00e1, e com funcionamento no Centro de Ci\u00eancias e Planet\u00e1rio do Par\u00e1, por ter iniciado suas atividades em 23 de outubro de 2020, este \u00e9 nosso primeiro ciclo avaliativo completo.\u00a0<\/mark><\/p>\n\n\n\n<p class=\"has-ast-global-color-7-color has-text-color has-link-color wp-elements-8bf0402d71520ef047e1aae626797010\" style=\"margin-right:var(--wp--preset--spacing--30);margin-left:var(--wp--preset--spacing--30);font-size:21px\"><mark style=\"background-color:rgba(0, 0, 0, 0);color:#000000\" class=\"has-inline-color\">A pertin\u00eancia do PPGEECA na regi\u00e3o Amaz\u00f4nica justifica-se pela grande demanda de professores atuando no magist\u00e9rio do Ensino Fundamental e M\u00e9dio apenas com licenciatura ou com especializa\u00e7\u00e3o (2673 docentes de biologia; 2125 docentes de f\u00edsica e 1882 docentes de qu\u00edmica, dados fornecidos pela coordena\u00e7\u00e3o do Censo escolar da SEDUC\/PA (dados referentes ao ano 2022). Assim, este Programa \u00e9 essencial para preparar profissionais, qualificando-os a enfrentar os desafios oriundos das realidades educacionais da Amaz\u00f4nia. O PPGEECA, tem a miss\u00e3o de contribuir com a forma\u00e7\u00e3o de professores na \u00e1rea de Ci\u00eancias Naturais, para atuarem nos Sistemas de Ensino das diversas regi\u00f5es da Amaz\u00f4nia, visando impactar significativamente no processo ensino e aprendizagem de seu contexto socioeducacional.<\/mark><\/p>\n\n\n\n<div class=\"wp-block-uagb-container uagb-block-2cc68db3 alignfull uagb-is-root-container\"><div class=\"uagb-container-inner-blocks-wrap\">\n<div class=\"wp-block-uagb-container uagb-block-1d923e60\">\n<div class=\"wp-block-uagb-buttons uagb-buttons__outer-wrap uagb-btn__default-btn uagb-btn-tablet__default-btn uagb-btn-mobile__default-btn uagb-block-7e560056\"><div class=\"uagb-buttons__wrap uagb-buttons-layout-wrap \">\n<div class=\"wp-block-uagb-buttons-child uagb-buttons__outer-wrap uagb-block-81ab42e4 wp-block-button\"><div class=\"uagb-button__wrapper\"><a class=\"uagb-buttons-repeater wp-block-button__link\" aria-label=\"\" href=\"https:\/\/propesp.uepa.br\/ppgeeca\/wp-content\/uploads\/2025\/03\/RELATORIO-DE-AUTOAVALIACAO-DO-EGRESSO-DO-PPGEECA.pdf\" rel=\"follow noopener\" target=\"_self\" role=\"button\"><div class=\"uagb-button__link\">CONFIRA O RELAT\u00d3RIO DE AUTOAVALIA\u00c7\u00c3O DO EGRESSO<\/div><\/a><\/div><\/div>\n<\/div><\/div>\n<\/div>\n<\/div><\/div>\n","protected":false},"excerpt":{"rendered":"<p>O Programa de P\u00f3s-Gradua\u00e7\u00e3o em Educa\u00e7\u00e3o e Ensino de Ci\u00eancias na Amaz\u00f4nia (PPGEECA) &#8211; Mestrado Profissional &#8211; vinculado a Universidade do Estado do Par\u00e1 (UEPA), com sede em Bel\u00e9m do Par\u00e1, e com funcionamento no Centro de Ci\u00eancias e Planet\u00e1rio do Par\u00e1, por ter iniciado suas atividades em 23 de outubro de 2020, este \u00e9 [&hellip;]<\/p>\n","protected":false},"author":1,"featured_media":0,"parent":0,"menu_order":0,"comment_status":"closed","ping_status":"closed","template":"","meta":{"_uag_custom_page_level_css":"","site-sidebar-layout":"default","site-content-layout":"","ast-site-content-layout":"","site-content-style":"default","site-sidebar-style":"default","ast-global-header-display":"","ast-banner-title-visibility":"","ast-main-header-display":"","ast-hfb-above-header-display":"","ast-hfb-below-header-display":"","ast-hfb-mobile-header-display":"","site-post-title":"","ast-breadcrumbs-content":"","ast-featured-img":"","footer-sml-layout":"","theme-transparent-header-meta":"","adv-header-id-meta":"","stick-header-meta":"","header-above-stick-meta":"","header-main-stick-meta":"","header-below-stick-meta":"","astra-migrate-meta-layouts":"default","ast-page-background-enabled":"default","ast-page-background-meta":{"desktop":{"background-color":"var(--ast-global-color-4)","background-image":"","background-repeat":"repeat","background-position":"center center","background-size":"auto","background-attachment":"scroll","background-type":"","background-media":"","overlay-type":"","overlay-color":"","overlay-opacity":"","overlay-gradient":""},"tablet":{"background-color":"","background-image":"","background-repeat":"repeat","background-position":"center center","background-size":"auto","background-attachment":"scroll","background-type":"","background-media":"","overlay-type":"","overlay-color":"","overlay-opacity":"","overlay-gradient":""},"mobile":{"background-color":"","background-image":"","background-repeat":"repeat","background-position":"center center","background-size":"auto","background-attachment":"scroll","background-type":"","background-media":"","overlay-type":"","overlay-color":"","overlay-opacity":"","overlay-gradient":""}},"ast-content-background-meta":{"desktop":{"background-color":"var(--ast-global-color-5)","background-image":"","background-repeat":"repeat","background-position":"center center","background-size":"auto","background-attachment":"scroll","background-type":"","background-media":"","overlay-type":"","overlay-color":"","overlay-opacity":"","overlay-gradient":""},"tablet":{"background-color":"var(--ast-global-color-5)","background-image":"","background-repeat":"repeat","background-position":"center center","background-size":"auto","background-attachment":"scroll","background-type":"","background-media":"","overlay-type":"","overlay-color":"","overlay-opacity":"","overlay-gradient":""},"mobile":{"background-color":"var(--ast-global-color-5)","background-image":"","background-repeat":"repeat","background-position":"center center","background-size":"auto","background-attachment":"scroll","background-type":"","background-media":"","overlay-type":"","overlay-color":"","overlay-opacity":"","overlay-gradient":""}},"footnotes":""},"class_list":["post-1378","page","type-page","status-publish","hentry"],"uagb_featured_image_src":{"full":false,"thumbnail":false,"medium":false,"medium_large":false,"large":false,"1536x1536":false,"2048x2048":false},"uagb_author_info":{"display_name":"adminsites@uepa.br","author_link":"https:\/\/propesp.uepa.br\/ppgeeca\/author\/adminsitesuepa-br\/"},"uagb_comment_info":0,"uagb_excerpt":"O Programa de P\u00f3s-Gradua\u00e7\u00e3o em Educa\u00e7\u00e3o e Ensino de Ci\u00eancias na Amaz\u00f4nia (PPGEECA) &#8211; Mestrado Profissional &#8211; vinculado a Universidade do Estado do Par\u00e1 (UEPA), com sede em Bel\u00e9m do Par\u00e1, e com funcionamento no Centro de Ci\u00eancias e Planet\u00e1rio do Par\u00e1, por ter iniciado suas atividades em 23 de outubro de 2020, este \u00e9&hellip;","_links":{"self":[{"href":"https:\/\/propesp.uepa.br\/ppgeeca\/wp-json\/wp\/v2\/pages\/1378","targetHints":{"allow":["GET"]}}],"collection":[{"href":"https:\/\/propesp.uepa.br\/ppgeeca\/wp-json\/wp\/v2\/pages"}],"about":[{"href":"https:\/\/propesp.uepa.br\/ppgeeca\/wp-json\/wp\/v2\/types\/page"}],"author":[{"embeddable":true,"href":"https:\/\/propesp.uepa.br\/ppgeeca\/wp-json\/wp\/v2\/users\/1"}],"replies":[{"embeddable":true,"href":"https:\/\/propesp.uepa.br\/ppgeeca\/wp-json\/wp\/v2\/comments?post=1378"}],"version-history":[{"count":25,"href":"https:\/\/propesp.uepa.br\/ppgeeca\/wp-json\/wp\/v2\/pages\/1378\/revisions"}],"predecessor-version":[{"id":3532,"href":"https:\/\/propesp.uepa.br\/ppgeeca\/wp-json\/wp\/v2\/pages\/1378\/revisions\/3532"}],"wp:attachment":[{"href":"https:\/\/propesp.uepa.br\/ppgeeca\/wp-json\/wp\/v2\/media?parent=1378"}],"curies":[{"name":"wp","href":"https:\/\/api.w.org\/{rel}","templated":true}]}}