{"id":1380,"date":"2024-10-28T17:59:03","date_gmt":"2024-10-28T20:59:03","guid":{"rendered":"https:\/\/propesp.uepa.br\/ppgeeca\/?page_id=1380"},"modified":"2025-07-23T14:34:45","modified_gmt":"2025-07-23T17:34:45","slug":"selecao-2024","status":"publish","type":"page","link":"https:\/\/propesp.uepa.br\/ppgeeca\/selecao-2024\/","title":{"rendered":"Sele\u00e7\u00e3o 2024"},"content":{"rendered":"\n<p class=\"has-ast-global-color-7-color has-text-color has-link-color wp-elements-25422f70d9a53e47e0a873e6dd2149a9\" style=\"margin-right:var(--wp--preset--spacing--30);margin-left:var(--wp--preset--spacing--30);font-size:21px\">A Universidade do Estado do Par\u00e1 (UEPA), por meio do Centro de Ci\u00eancias Sociais e Educa\u00e7\u00e3o (CCSE), da Coordena\u00e7\u00e3o do Programa de P\u00f3s- Gradua\u00e7\u00e3o em Educa\u00e7\u00e3o e Ensino de Ci\u00eancias na Amaz\u00f4nia (PPGEECA), torna p\u00fablica a abertura das inscri\u00e7\u00f5es para o Processo Seletivo 2024, em n\u00edvel de Mestrado Profissional, com in\u00edcio no primeiro semestre de 2024.<\/p>\n\n\n\n<p class=\"has-ast-global-color-7-color has-text-color has-link-color wp-elements-7411bbbaf18c418ba5e778e13ea2e046\" style=\"margin-right:var(--wp--preset--spacing--30);margin-left:var(--wp--preset--spacing--30);font-size:21px\">Para solicitar a inscri\u00e7\u00e3o, o candidato dever\u00e1 acessar o endere\u00e7o eletr\u00f4nico&nbsp;<strong><a href=\"https:\/\/sistemas.uepa.br\/sgps\/selecao\/\">https:\/\/sistemas.uepa.br\/sgps\/selecao\/<\/a><\/strong>, no per\u00edodo&nbsp;<strong>12\/09\/2023 a 31\/10\/2023<\/strong>.<\/p>\n\n\n\n<p class=\"has-ast-global-color-7-color has-text-color has-link-color wp-elements-e32855784f3fa591e409ff7ff92ed086\" style=\"margin-right:var(--wp--preset--spacing--30);margin-left:var(--wp--preset--spacing--30);font-size:21px\">O edital, na \u00edntegra, est\u00e1 dispon\u00edvel no site:&nbsp;<strong><a href=\"http:\/\/www.uepa.br\/\">www.uepa.br<\/a><\/strong>&nbsp;.<\/p>\n\n\n\n<p class=\"has-text-align-center has-ast-global-color-7-color has-text-color has-link-color wp-elements-c66c63513b5b6f5ceccc791cd9a1dd8c\" style=\"font-size:21px\">Bel\u00e9m, 05 de setembro de 2023.<strong><br>CLAY ANDERSON NUNES CHAGAS<br>Reitor da Universidade do Estado do Par\u00e1<\/strong><\/p>\n\n\n\n<div class=\"wp-block-uagb-container uagb-block-a154a4c3 default uagb-is-root-container\">\n<div class=\"wp-block-uagb-call-to-action uagb-block-081d1d72 wp-block-button\"><div class=\"uagb-cta__wrap\"><h3 class=\"uagb-cta__title\">Edital 77-2023<\/h3><\/div><div class=\"uagb-cta__buttons\"><a href=\"https:\/\/propesp.uepa.br\/ppgeeca\/wp-content\/uploads\/2024\/10\/1.pdf\" class=\"uagb-cta__button-link-wrapper wp-block-button__link\" target=\"_blank\" rel=\"noopener noreferrer\">Saiba Mais<\/a><\/div><\/div>\n\n\n\n<div class=\"wp-block-uagb-call-to-action uagb-block-5f0a6777 wp-block-button\"><div class=\"uagb-cta__wrap\"><h3 class=\"uagb-cta__title\">Template edit\u00e1vel do Anteprojeto de Pesquisa<\/h3><\/div><div class=\"uagb-cta__buttons\"><a href=\"https:\/\/propesp.uepa.br\/ppgeeca\/wp-content\/uploads\/2024\/10\/2.docx\" class=\"uagb-cta__button-link-wrapper wp-block-button__link\" target=\"_blank\" rel=\"noopener noreferrer\">Saiba Mais<\/a><\/div><\/div>\n\n\n\n<div class=\"wp-block-uagb-call-to-action uagb-block-e635dd40 wp-block-button\"><div class=\"uagb-cta__wrap\"><h3 class=\"uagb-cta__title\">Template edit\u00e1vel de Autodeclara\u00e7\u00e3o Racial<\/h3><\/div><div class=\"uagb-cta__buttons\"><a href=\"https:\/\/propesp.uepa.br\/ppgeeca\/wp-content\/uploads\/2024\/10\/3.docx\" class=\"uagb-cta__button-link-wrapper wp-block-button__link\" target=\"_blank\" rel=\"noopener noreferrer\">Saiba Mais<\/a><\/div><\/div>\n\n\n\n<div class=\"wp-block-uagb-call-to-action uagb-block-08a64568 wp-block-button\"><div class=\"uagb-cta__wrap\"><h3 class=\"uagb-cta__title\">Resultado de Recurso de Impugna\u00e7\u00e3o ao Edital N\u00ba 077\/2023<\/h3><\/div><div class=\"uagb-cta__buttons\"><a href=\"https:\/\/propesp.uepa.br\/ppgeeca\/wp-content\/uploads\/2024\/10\/4.pdf\" class=\"uagb-cta__button-link-wrapper wp-block-button__link\" target=\"_blank\" rel=\"noopener noreferrer\">Saiba Mais<\/a><\/div><\/div>\n\n\n\n<div class=\"wp-block-uagb-call-to-action uagb-block-9415f294 wp-block-button\"><div class=\"uagb-cta__wrap\"><h3 class=\"uagb-cta__title\">Errata<\/h3><\/div><div class=\"uagb-cta__buttons\"><a href=\"https:\/\/propesp.uepa.br\/ppgeeca\/wp-content\/uploads\/2024\/10\/5.pdf\" class=\"uagb-cta__button-link-wrapper wp-block-button__link\" target=\"_blank\" rel=\"noopener noreferrer\">Saiba Mais<\/a><\/div><\/div>\n\n\n\n<div class=\"wp-block-uagb-call-to-action uagb-block-0b25120f wp-block-button\"><div class=\"uagb-cta__wrap\"><h3 class=\"uagb-cta__title\">Resultado dos Requerimentos de Pedidos de Isen\u00e7\u00e3o<\/h3><\/div><div class=\"uagb-cta__buttons\"><a href=\"https:\/\/propesp.uepa.br\/ppgeeca\/wp-content\/uploads\/2024\/10\/6.pdf\" class=\"uagb-cta__button-link-wrapper wp-block-button__link\" target=\"_blank\" rel=\"noopener noreferrer\">Saiba Mais<\/a><\/div><\/div>\n\n\n\n<div class=\"wp-block-uagb-call-to-action uagb-block-110f4568 wp-block-button\"><div class=\"uagb-cta__wrap\"><h3 class=\"uagb-cta__title\">Resultado de Recursos dos Requerimentos de Pedidos de Isen\u00e7\u00e3o<\/h3><\/div><div class=\"uagb-cta__buttons\"><a href=\"https:\/\/propesp.uepa.br\/ppgeeca\/wp-content\/uploads\/2024\/10\/7.pdf\" class=\"uagb-cta__button-link-wrapper wp-block-button__link\" target=\"_blank\" rel=\"noopener noreferrer\">Saiba Mais<\/a><\/div><\/div>\n\n\n\n<div class=\"wp-block-uagb-call-to-action uagb-block-6c366333 wp-block-button\"><div class=\"uagb-cta__wrap\"><h3 class=\"uagb-cta__title\">Resultado da Homologa\u00e7\u00e3o de Inscri\u00e7\u00f5es<\/h3><\/div><div class=\"uagb-cta__buttons\"><a href=\"https:\/\/propesp.uepa.br\/ppgeeca\/wp-content\/uploads\/2024\/10\/8.pdf\" class=\"uagb-cta__button-link-wrapper wp-block-button__link\" target=\"_blank\" rel=\"noopener noreferrer\">Saiba Mais<\/a><\/div><\/div>\n\n\n\n<div class=\"wp-block-uagb-call-to-action uagb-block-876fc7bb wp-block-button\"><div class=\"uagb-cta__wrap\"><h3 class=\"uagb-cta__title\">Resultado de Recurso de Inscri\u00e7\u00f5es N\u00e3o Homologadas<\/h3><\/div><div class=\"uagb-cta__buttons\"><a href=\"https:\/\/propesp.uepa.br\/ppgeeca\/wp-content\/uploads\/2024\/10\/9.pdf\" class=\"uagb-cta__button-link-wrapper wp-block-button__link\" target=\"_blank\" rel=\"noopener noreferrer\">Saiba Mais<\/a><\/div><\/div>\n\n\n\n<div class=\"wp-block-uagb-call-to-action uagb-block-ab3381ec wp-block-button\"><div class=\"uagb-cta__wrap\"><h3 class=\"uagb-cta__title\">Errata do Resultado de Recurso de Inscri\u00e7\u00f5es N\u00e3o Homologadas<\/h3><\/div><div class=\"uagb-cta__buttons\"><a href=\"https:\/\/propesp.uepa.br\/ppgeeca\/wp-content\/uploads\/2024\/10\/10.pdf\" class=\"uagb-cta__button-link-wrapper wp-block-button__link\" target=\"_blank\" rel=\"noopener noreferrer\">Saiba Mais<\/a><\/div><\/div>\n\n\n\n<div class=\"wp-block-uagb-call-to-action uagb-block-8ee9d8b4 wp-block-button\"><div class=\"uagb-cta__wrap\"><h3 class=\"uagb-cta__title\">Locais de Realiza\u00e7\u00e3o da Prova Escrita<\/h3><\/div><div class=\"uagb-cta__buttons\"><a href=\"https:\/\/propesp.uepa.br\/ppgeeca\/wp-content\/uploads\/2024\/10\/11.pdf\" class=\"uagb-cta__button-link-wrapper wp-block-button__link\" target=\"_blank\" rel=\"noopener noreferrer\">Saiba Mais<\/a><\/div><\/div>\n\n\n\n<div class=\"wp-block-uagb-call-to-action uagb-block-06836893 wp-block-button\"><div class=\"uagb-cta__wrap\"><h3 class=\"uagb-cta__title\"><strong>Resultado Preliminar da Prova Escrita<\/strong><\/h3><\/div><div class=\"uagb-cta__buttons\"><a href=\"https:\/\/propesp.uepa.br\/ppgeeca\/wp-content\/uploads\/2024\/10\/12.pdf\" class=\"uagb-cta__button-link-wrapper wp-block-button__link\" target=\"_blank\" rel=\"noopener noreferrer\">Saiba Mais<\/a><\/div><\/div>\n\n\n\n<div class=\"wp-block-uagb-call-to-action uagb-block-8ba14016 wp-block-button\"><div class=\"uagb-cta__wrap\"><h3 class=\"uagb-cta__title\"><strong>Resultado dos Recursos da Prova Escrita<\/strong><\/h3><\/div><div class=\"uagb-cta__buttons\"><a href=\"https:\/\/propesp.uepa.br\/ppgeeca\/wp-content\/uploads\/2024\/10\/13.pdf\" class=\"uagb-cta__button-link-wrapper wp-block-button__link\" target=\"_blank\" rel=\"noopener noreferrer\">Saiba Mais<\/a><\/div><\/div>\n\n\n\n<div class=\"wp-block-uagb-call-to-action uagb-block-faaf97c9 wp-block-button\"><div class=\"uagb-cta__wrap\"><h3 class=\"uagb-cta__title\"><strong>Resultado Definitivo da 2\u00aa Fase \u2013 p\u00f3s-per\u00edodo recursal<\/strong><\/h3><\/div><div class=\"uagb-cta__buttons\"><a href=\"https:\/\/propesp.uepa.br\/ppgeeca\/wp-content\/uploads\/2024\/10\/14.pdf\" class=\"uagb-cta__button-link-wrapper wp-block-button__link\" target=\"_blank\" rel=\"noopener noreferrer\">Saiba Mais<\/a><\/div><\/div>\n\n\n\n<div class=\"wp-block-uagb-call-to-action uagb-block-ca76dadb wp-block-button\"><div class=\"uagb-cta__wrap\"><h3 class=\"uagb-cta__title\"><strong>Informe para 3\u00aa Fase do Processo Seletivo 2024<\/strong><\/h3><\/div><div class=\"uagb-cta__buttons\"><a href=\"https:\/\/propesp.uepa.br\/ppgeeca\/wp-content\/uploads\/2024\/10\/15.pdf\" class=\"uagb-cta__button-link-wrapper wp-block-button__link\" target=\"_blank\" rel=\"noopener noreferrer\">Saiba Mais<\/a><\/div><\/div>\n\n\n\n<div class=\"wp-block-uagb-call-to-action uagb-block-a340e545 wp-block-button\"><div class=\"uagb-cta__wrap\"><h3 class=\"uagb-cta__title\"><strong>Convoca\u00e7\u00e3o para Avalia\u00e7\u00e3o, Argui\u00e7\u00e3o do Anteprojeto e Entrevista<\/strong><\/h3><\/div><div class=\"uagb-cta__buttons\"><a href=\"https:\/\/propesp.uepa.br\/ppgeeca\/wp-content\/uploads\/2024\/10\/16.pdf\" class=\"uagb-cta__button-link-wrapper wp-block-button__link\" target=\"_blank\" rel=\"noopener noreferrer\">Saiba Mais<\/a><\/div><\/div>\n\n\n\n<div class=\"wp-block-uagb-call-to-action uagb-block-8e201de3 wp-block-button\"><div class=\"uagb-cta__wrap\"><h3 class=\"uagb-cta__title\"><strong>Resultado Preliminar da Avalia\u00e7\u00e3o, Argui\u00e7\u00e3o do Anteprojeto e Entrevista<\/strong><\/h3><\/div><div class=\"uagb-cta__buttons\"><a href=\"https:\/\/propesp.uepa.br\/ppgeeca\/wp-content\/uploads\/2024\/10\/17.pdf\" class=\"uagb-cta__button-link-wrapper wp-block-button__link\" target=\"_blank\" rel=\"noopener noreferrer\">Saiba Mais<\/a><\/div><\/div>\n\n\n\n<div class=\"wp-block-uagb-call-to-action uagb-block-cb448c0f wp-block-button\"><div class=\"uagb-cta__wrap\"><h3 class=\"uagb-cta__title\"><strong>Resultado dos Recursos da Avalia\u00e7\u00e3o, Argui\u00e7\u00e3o do Anteprojeto e Entrevista<\/strong><\/h3><\/div><div class=\"uagb-cta__buttons\"><a href=\"https:\/\/propesp.uepa.br\/ppgeeca\/wp-content\/uploads\/2024\/10\/18.pdf\" class=\"uagb-cta__button-link-wrapper wp-block-button__link\" target=\"_blank\" rel=\"noopener noreferrer\">Saiba Mais<\/a><\/div><\/div>\n\n\n\n<div class=\"wp-block-uagb-call-to-action uagb-block-b21b4008 wp-block-button\"><div class=\"uagb-cta__wrap\"><h3 class=\"uagb-cta__title\"><strong>Resultado Definitivo da Avalia\u00e7\u00e3o, Argui\u00e7\u00e3o do Anteprojeto e Entrevista<\/strong><\/h3><\/div><div class=\"uagb-cta__buttons\"><a href=\"https:\/\/propesp.uepa.br\/ppgeeca\/wp-content\/uploads\/2024\/10\/19.pdf\" class=\"uagb-cta__button-link-wrapper wp-block-button__link\" target=\"_blank\" rel=\"noopener noreferrer\">Saiba Mais<\/a><\/div><\/div>\n\n\n\n<div class=\"wp-block-uagb-call-to-action uagb-block-3f015ecf wp-block-button\"><div class=\"uagb-cta__wrap\"><h3 class=\"uagb-cta__title\"><strong>Resultado Preliminar da Avalia\u00e7\u00e3o do Curr\u00edculo Lattes<\/strong><\/h3><\/div><div class=\"uagb-cta__buttons\"><a href=\"https:\/\/propesp.uepa.br\/ppgeeca\/wp-content\/uploads\/2024\/10\/20.pdf\" class=\"uagb-cta__button-link-wrapper wp-block-button__link\" target=\"_blank\" rel=\"noopener noreferrer\">Saiba Mais<\/a><\/div><\/div>\n\n\n\n<div class=\"wp-block-uagb-call-to-action uagb-block-b123d6d4 wp-block-button\"><div class=\"uagb-cta__wrap\"><h3 class=\"uagb-cta__title\"><strong>Errata do Resultado Preliminar da Avalia\u00e7\u00e3o do Curr\u00edculo Lattes<\/strong><\/h3><\/div><div class=\"uagb-cta__buttons\"><a href=\"https:\/\/propesp.uepa.br\/ppgeeca\/wp-content\/uploads\/2024\/10\/21.pdf\" class=\"uagb-cta__button-link-wrapper wp-block-button__link\" target=\"_blank\" rel=\"noopener noreferrer\">Saiba Mais<\/a><\/div><\/div>\n\n\n\n<div class=\"wp-block-uagb-call-to-action uagb-block-7ad73549 wp-block-button\"><div class=\"uagb-cta__wrap\"><h3 class=\"uagb-cta__title\"><strong>Resultado dos Recursos da Avalia\u00e7\u00e3o do Curr\u00edculo Lattes<\/strong><\/h3><\/div><div class=\"uagb-cta__buttons\"><a href=\"https:\/\/propesp.uepa.br\/ppgeeca\/wp-content\/uploads\/2024\/10\/22.pdf\" class=\"uagb-cta__button-link-wrapper wp-block-button__link\" target=\"_blank\" rel=\"noopener noreferrer\">Saiba Mais<\/a><\/div><\/div>\n\n\n\n<div class=\"wp-block-uagb-call-to-action uagb-block-f4a08ca5 wp-block-button\"><div class=\"uagb-cta__wrap\"><h3 class=\"uagb-cta__title\"><strong>Resultado Definitivo da Avalia\u00e7\u00e3o do Curr\u00edculo Lattes<\/strong><\/h3><\/div><div class=\"uagb-cta__buttons\"><a href=\"https:\/\/propesp.uepa.br\/ppgeeca\/wp-content\/uploads\/2024\/10\/23.pdf\" class=\"uagb-cta__button-link-wrapper wp-block-button__link\" target=\"_blank\" rel=\"noopener noreferrer\">Saiba Mais<\/a><\/div><\/div>\n\n\n\n<div class=\"wp-block-uagb-call-to-action uagb-block-9881604b wp-block-button\"><div class=\"uagb-cta__wrap\"><h3 class=\"uagb-cta__title\"><strong>Resultado Final do Processo Seletivo 2024&nbsp;<\/strong><\/h3><\/div><div class=\"uagb-cta__buttons\"><a href=\"https:\/\/propesp.uepa.br\/ppgeeca\/wp-content\/uploads\/2024\/10\/24.pdf\" class=\"uagb-cta__button-link-wrapper wp-block-button__link\" target=\"_blank\" rel=\"noopener noreferrer\">Saiba Mais<\/a><\/div><\/div>\n\n\n\n<div class=\"wp-block-uagb-call-to-action uagb-block-a324b78a wp-block-button\"><div class=\"uagb-cta__wrap\"><h3 class=\"uagb-cta__title\"><strong>Resultado dos Recursos do Resultado Final<\/strong><\/h3><\/div><div class=\"uagb-cta__buttons\"><a href=\"https:\/\/propesp.uepa.br\/ppgeeca\/wp-content\/uploads\/2024\/10\/25.pdf\" class=\"uagb-cta__button-link-wrapper wp-block-button__link\" target=\"_blank\" rel=\"noopener noreferrer\">Saiba Mais<\/a><\/div><\/div>\n\n\n\n<div class=\"wp-block-uagb-call-to-action uagb-block-57402e3e wp-block-button\"><div class=\"uagb-cta__wrap\"><h3 class=\"uagb-cta__title\"><strong>Resultado Definitivo do Processo Seletivo 2024<\/strong><\/h3><\/div><div class=\"uagb-cta__buttons\"><a href=\"https:\/\/propesp.uepa.br\/ppgeeca\/wp-content\/uploads\/2024\/10\/26.pdf\" class=\"uagb-cta__button-link-wrapper wp-block-button__link\" target=\"_blank\" rel=\"noopener noreferrer\">Saiba Mais<\/a><\/div><\/div>\n\n\n\n<div class=\"wp-block-uagb-call-to-action uagb-block-0546fea7 wp-block-button\"><div class=\"uagb-cta__wrap\"><h3 class=\"uagb-cta__title\"><strong>1\u00aa Convoca\u00e7\u00e3o&nbsp;<\/strong><\/h3><\/div><div class=\"uagb-cta__buttons\"><a href=\"https:\/\/propesp.uepa.br\/ppgeeca\/wp-content\/uploads\/2024\/10\/27.pdf\" class=\"uagb-cta__button-link-wrapper wp-block-button__link\" target=\"_blank\" rel=\"noopener noreferrer\">Saiba Mais<\/a><\/div><\/div>\n\n\n\n<div class=\"wp-block-uagb-call-to-action uagb-block-7c01a7b9 wp-block-button\"><div class=\"uagb-cta__wrap\"><h3 class=\"uagb-cta__title\"><strong>Convoca\u00e7\u00e3o para matr\u00edcula e Aula Magna<\/strong><\/h3><\/div><div class=\"uagb-cta__buttons\"><a href=\"https:\/\/propesp.uepa.br\/ppgeeca\/wp-content\/uploads\/2024\/10\/28.pdf\" class=\"uagb-cta__button-link-wrapper wp-block-button__link\" target=\"_blank\" rel=\"noopener noreferrer\">Saiba Mais<\/a><\/div><\/div>\n\n\n\n<div class=\"wp-block-uagb-call-to-action uagb-block-b065eb1b wp-block-button\"><div class=\"uagb-cta__wrap\"><h3 class=\"uagb-cta__title\"><strong>2\u00aa Convoca\u00e7\u00e3o<\/strong><\/h3><\/div><div class=\"uagb-cta__buttons\"><a href=\"https:\/\/propesp.uepa.br\/ppgeeca\/wp-content\/uploads\/2024\/10\/29.pdf\" class=\"uagb-cta__button-link-wrapper wp-block-button__link\" target=\"_blank\" rel=\"noopener noreferrer\">Saiba Mais<\/a><\/div><\/div>\n\n\n\n<div class=\"wp-block-uagb-call-to-action uagb-block-09b8d9f5 wp-block-button\"><div class=\"uagb-cta__wrap\"><h3 class=\"uagb-cta__title\"><strong><strong>3\u00aa Convoca\u00e7\u00e3o<\/strong><\/strong><\/h3><\/div><div class=\"uagb-cta__buttons\"><a href=\"https:\/\/propesp.uepa.br\/ppgeeca\/wp-content\/uploads\/2024\/10\/30.pdf\" class=\"uagb-cta__button-link-wrapper wp-block-button__link\" target=\"_blank\" rel=\"noopener noreferrer\">Saiba Mais<\/a><\/div><\/div>\n\n\n\n<div class=\"wp-block-uagb-call-to-action uagb-block-0be6111a wp-block-button\"><div class=\"uagb-cta__wrap\"><h3 class=\"uagb-cta__title\"><strong><strong>4\u00aa Convoca\u00e7\u00e3o<\/strong><\/strong><\/h3><\/div><div class=\"uagb-cta__buttons\"><a href=\"https:\/\/propesp.uepa.br\/ppgeeca\/wp-content\/uploads\/2024\/10\/31.pdf\" class=\"uagb-cta__button-link-wrapper wp-block-button__link\" target=\"_blank\" rel=\"noopener noreferrer\">Saiba Mais<\/a><\/div><\/div>\n<\/div>\n","protected":false},"excerpt":{"rendered":"<p>A Universidade do Estado do Par\u00e1 (UEPA), por meio do Centro de Ci\u00eancias Sociais e Educa\u00e7\u00e3o (CCSE), da Coordena\u00e7\u00e3o do Programa de P\u00f3s- Gradua\u00e7\u00e3o em Educa\u00e7\u00e3o e Ensino de Ci\u00eancias na Amaz\u00f4nia (PPGEECA), torna p\u00fablica a abertura das inscri\u00e7\u00f5es para o Processo Seletivo 2024, em n\u00edvel de Mestrado Profissional, com in\u00edcio no primeiro semestre de [&hellip;]<\/p>\n","protected":false},"author":1,"featured_media":0,"parent":0,"menu_order":0,"comment_status":"closed","ping_status":"closed","template":"","meta":{"_uag_custom_page_level_css":"","site-sidebar-layout":"default","site-content-layout":"","ast-site-content-layout":"","site-content-style":"default","site-sidebar-style":"default","ast-global-header-display":"","ast-banner-title-visibility":"","ast-main-header-display":"","ast-hfb-above-header-display":"","ast-hfb-below-header-display":"","ast-hfb-mobile-header-display":"","site-post-title":"","ast-breadcrumbs-content":"","ast-featured-img":"","footer-sml-layout":"","theme-transparent-header-meta":"","adv-header-id-meta":"","stick-header-meta":"","header-above-stick-meta":"","header-main-stick-meta":"","header-below-stick-meta":"","astra-migrate-meta-layouts":"default","ast-page-background-enabled":"default","ast-page-background-meta":{"desktop":{"background-color":"var(--ast-global-color-4)","background-image":"","background-repeat":"repeat","background-position":"center center","background-size":"auto","background-attachment":"scroll","background-type":"","background-media":"","overlay-type":"","overlay-color":"","overlay-opacity":"","overlay-gradient":""},"tablet":{"background-color":"","background-image":"","background-repeat":"repeat","background-position":"center center","background-size":"auto","background-attachment":"scroll","background-type":"","background-media":"","overlay-type":"","overlay-color":"","overlay-opacity":"","overlay-gradient":""},"mobile":{"background-color":"","background-image":"","background-repeat":"repeat","background-position":"center center","background-size":"auto","background-attachment":"scroll","background-type":"","background-media":"","overlay-type":"","overlay-color":"","overlay-opacity":"","overlay-gradient":""}},"ast-content-background-meta":{"desktop":{"background-color":"var(--ast-global-color-5)","background-image":"","background-repeat":"repeat","background-position":"center center","background-size":"auto","background-attachment":"scroll","background-type":"","background-media":"","overlay-type":"","overlay-color":"","overlay-opacity":"","overlay-gradient":""},"tablet":{"background-color":"var(--ast-global-color-5)","background-image":"","background-repeat":"repeat","background-position":"center center","background-size":"auto","background-attachment":"scroll","background-type":"","background-media":"","overlay-type":"","overlay-color":"","overlay-opacity":"","overlay-gradient":""},"mobile":{"background-color":"var(--ast-global-color-5)","background-image":"","background-repeat":"repeat","background-position":"center center","background-size":"auto","background-attachment":"scroll","background-type":"","background-media":"","overlay-type":"","overlay-color":"","overlay-opacity":"","overlay-gradient":""}},"footnotes":""},"class_list":["post-1380","page","type-page","status-publish","hentry"],"uagb_featured_image_src":{"full":false,"thumbnail":false,"medium":false,"medium_large":false,"large":false,"1536x1536":false,"2048x2048":false},"uagb_author_info":{"display_name":"adminsites@uepa.br","author_link":"https:\/\/propesp.uepa.br\/ppgeeca\/author\/adminsitesuepa-br\/"},"uagb_comment_info":0,"uagb_excerpt":"A Universidade do Estado do Par\u00e1 (UEPA), por meio do Centro de Ci\u00eancias Sociais e Educa\u00e7\u00e3o (CCSE), da Coordena\u00e7\u00e3o do Programa de P\u00f3s- Gradua\u00e7\u00e3o em Educa\u00e7\u00e3o e Ensino de Ci\u00eancias na Amaz\u00f4nia (PPGEECA), torna p\u00fablica a abertura das inscri\u00e7\u00f5es para o Processo Seletivo 2024, em n\u00edvel de Mestrado Profissional, com in\u00edcio no primeiro semestre de&hellip;","_links":{"self":[{"href":"https:\/\/propesp.uepa.br\/ppgeeca\/wp-json\/wp\/v2\/pages\/1380","targetHints":{"allow":["GET"]}}],"collection":[{"href":"https:\/\/propesp.uepa.br\/ppgeeca\/wp-json\/wp\/v2\/pages"}],"about":[{"href":"https:\/\/propesp.uepa.br\/ppgeeca\/wp-json\/wp\/v2\/types\/page"}],"author":[{"embeddable":true,"href":"https:\/\/propesp.uepa.br\/ppgeeca\/wp-json\/wp\/v2\/users\/1"}],"replies":[{"embeddable":true,"href":"https:\/\/propesp.uepa.br\/ppgeeca\/wp-json\/wp\/v2\/comments?post=1380"}],"version-history":[{"count":32,"href":"https:\/\/propesp.uepa.br\/ppgeeca\/wp-json\/wp\/v2\/pages\/1380\/revisions"}],"predecessor-version":[{"id":4099,"href":"https:\/\/propesp.uepa.br\/ppgeeca\/wp-json\/wp\/v2\/pages\/1380\/revisions\/4099"}],"wp:attachment":[{"href":"https:\/\/propesp.uepa.br\/ppgeeca\/wp-json\/wp\/v2\/media?parent=1380"}],"curies":[{"name":"wp","href":"https:\/\/api.w.org\/{rel}","templated":true}]}}