{"id":1388,"date":"2024-10-28T18:00:01","date_gmt":"2024-10-28T21:00:01","guid":{"rendered":"https:\/\/propesp.uepa.br\/ppgeeca\/?page_id=1388"},"modified":"2025-07-23T14:38:04","modified_gmt":"2025-07-23T17:38:04","slug":"selecao-2021","status":"publish","type":"page","link":"https:\/\/propesp.uepa.br\/ppgeeca\/selecao-2021\/","title":{"rendered":"Sele\u00e7\u00e3o 2021"},"content":{"rendered":"\n<p style=\"margin-right:var(--wp--preset--spacing--30);margin-left:var(--wp--preset--spacing--30);font-size:21px\"><mark style=\"background-color:rgba(0, 0, 0, 0);color:#000000\" class=\"has-inline-color\">A Universidade do Estado do Par\u00e1 (UEPA), por meio do Centro de Ci\u00eancias Sociais e Educa\u00e7\u00e3o (CCSE), da Coordena\u00e7\u00e3o do Programa de P\u00f3s-Gradua\u00e7\u00e3o em Educa\u00e7\u00e3o e Ensino de Ci\u00eancias na Amaz\u00f4nia (PPGEECA), torna p\u00fablico a abertura das inscri\u00e7\u00f5es para o Processo Seletivo 2021, em n\u00edvel de Mestrado Profissional.<\/mark><\/p>\n\n\n\n<p style=\"margin-right:var(--wp--preset--spacing--30);margin-left:var(--wp--preset--spacing--30);font-size:21px\"><mark style=\"background-color:rgba(0, 0, 0, 0);color:#000000\" class=\"has-inline-color\">As inscri\u00e7\u00f5es dever\u00e3o ser realizadas no per\u00edodo de <strong>14\/01\/2021 \u00e0 03\/02\/2021<\/strong>.<\/mark><\/p>\n\n\n\n<p class=\"has-black-color has-text-color has-link-color wp-elements-0e0bec3e7a5c8fde081432b9659d0856\" style=\"margin-right:var(--wp--preset--spacing--30);margin-left:var(--wp--preset--spacing--30);font-size:21px\"><mark style=\"background-color:rgba(0, 0, 0, 0);color:#000000\" class=\"has-inline-color\">O edital, na \u00edntegra, est\u00e1 dispon\u00edvel no site&nbsp;<a href=\"http:\/\/www.uepa.br\/\"><strong>www.uepa.br<\/strong><\/a>&nbsp;e para esclarecimentos e d\u00favidas sobre o processo seletivo utilizar o e-mail:&nbsp;<a href=\"mailto:ppgeeca@uepa.br\"><strong>ppgeeca@uepa.br<\/strong><\/a><\/mark><\/p>\n\n\n\n<p class=\"has-text-align-center has-black-color has-text-color has-link-color wp-elements-8546efd56c4bf219c5fcca28925f717f\" style=\"margin-right:var(--wp--preset--spacing--30);margin-left:var(--wp--preset--spacing--30);font-size:21px\"><mark style=\"background-color:rgba(0, 0, 0, 0);color:#000000\" class=\"has-inline-color\">Bel\u00e9m, 11 de janeiro de 2021.<strong><br>RUBENS CARDOSO DA SILVA<br>Reitor da Universidade do Estado do Par\u00e1<\/strong><\/mark><\/p>\n\n\n\n<div class=\"wp-block-uagb-container uagb-block-a154a4c3 default uagb-is-root-container\">\n<div class=\"wp-block-uagb-call-to-action uagb-block-081d1d72 wp-block-button\"><div class=\"uagb-cta__wrap\"><h3 class=\"uagb-cta__title\">Edital 01\/2021<\/h3><\/div><div class=\"uagb-cta__buttons\"><a href=\"https:\/\/propesp.uepa.br\/ppgeeca\/wp-content\/uploads\/2024\/10\/edital-01-2021.pdf\" class=\"uagb-cta__button-link-wrapper wp-block-button__link\" target=\"_blank\" rel=\"noopener noreferrer\">Saiba Mais<\/a><\/div><\/div>\n\n\n\n<div class=\"wp-block-uagb-call-to-action uagb-block-27925ed4 wp-block-button\"><div class=\"uagb-cta__wrap\"><h3 class=\"uagb-cta__title\">Fazer Sua Inscri\u00e7\u00e3o<\/h3><\/div><div class=\"uagb-cta__buttons\"><a href=\"https:\/\/www4.uepa.br\/selecao\/inscricoes\/\" class=\"uagb-cta__button-link-wrapper wp-block-button__link\" target=\"_blank\" rel=\"noopener noreferrer\">Saiba Mais<\/a><\/div><\/div>\n\n\n\n<div class=\"wp-block-uagb-call-to-action uagb-block-a7db8889 wp-block-button\"><div class=\"uagb-cta__wrap\"><h3 class=\"uagb-cta__title\">Resultado dos Requerimentos de Pedidos de Isen\u00e7\u00e3o <\/h3><\/div><div class=\"uagb-cta__buttons\"><a href=\"https:\/\/propesp.uepa.br\/ppgeeca\/wp-content\/uploads\/2024\/10\/Resultado-dos-Requerimentos-de-Pedidos-de-Isencao-1.pdf\" class=\"uagb-cta__button-link-wrapper wp-block-button__link\" target=\"_blank\" rel=\"noopener noreferrer\">Saiba Mais<\/a><\/div><\/div>\n\n\n\n<div class=\"wp-block-uagb-call-to-action uagb-block-290f8ddd wp-block-button\"><div class=\"uagb-cta__wrap\"><h3 class=\"uagb-cta__title\">Resultado Final (ap\u00f3s recurso) dos Requerimentos de Pedidos de Isen\u00e7\u00e3o  <\/h3><\/div><div class=\"uagb-cta__buttons\"><a href=\"https:\/\/propesp.uepa.br\/ppgeeca\/wp-content\/uploads\/2024\/10\/Resultado-Final-apos-recurso-dos-Requerimentos-de-Pedidos-de-Isencao.pdf\" class=\"uagb-cta__button-link-wrapper wp-block-button__link\" target=\"_blank\" rel=\"noopener noreferrer\">Saiba Mais<\/a><\/div><\/div>\n\n\n\n<div class=\"wp-block-uagb-call-to-action uagb-block-4afad7a6 wp-block-button\"><div class=\"uagb-cta__wrap\"><h3 class=\"uagb-cta__title\">Resultado da homologa\u00e7\u00e3o de inscri\u00e7\u00f5es <\/h3><\/div><div class=\"uagb-cta__buttons\"><a href=\"https:\/\/propesp.uepa.br\/ppgeeca\/wp-content\/uploads\/2024\/10\/Resultado-de-Homologacao-de-inscricao.docx.pdf\" class=\"uagb-cta__button-link-wrapper wp-block-button__link\" target=\"_blank\" rel=\"noopener noreferrer\">Saiba Mais<\/a><\/div><\/div>\n\n\n\n<div class=\"wp-block-uagb-call-to-action uagb-block-70af674e wp-block-button\"><div class=\"uagb-cta__wrap\"><h3 class=\"uagb-cta__title\">Resultado Preliminar da Avalia\u00e7\u00e3o do Anteprojeto <\/h3><\/div><div class=\"uagb-cta__buttons\"><a href=\"https:\/\/propesp.uepa.br\/ppgeeca\/wp-content\/uploads\/2024\/10\/Resultado-Preliminar-da-Avaliacao-do-Anteprojeto.pdf\" class=\"uagb-cta__button-link-wrapper wp-block-button__link\" target=\"_blank\" rel=\"noopener noreferrer\">Saiba Mais<\/a><\/div><\/div>\n\n\n\n<div class=\"wp-block-uagb-call-to-action uagb-block-e56fb668 wp-block-button\"><div class=\"uagb-cta__wrap\"><h3 class=\"uagb-cta__title\">Resultado dos Recursos Interpostos ao Resultado da Avalia\u00e7\u00e3o do Anteprojeto <\/h3><\/div><div class=\"uagb-cta__buttons\"><a href=\"https:\/\/propesp.uepa.br\/ppgeeca\/wp-content\/uploads\/2024\/10\/Resultado-dos-Recursos-Interpostos-ao-Resultado-da-Avaliacao-do-Anteprojeto-.pdf\" class=\"uagb-cta__button-link-wrapper wp-block-button__link\" target=\"_blank\" rel=\"noopener noreferrer\">Saiba Mais<\/a><\/div><\/div>\n\n\n\n<div class=\"wp-block-uagb-call-to-action uagb-block-27e1b9ef wp-block-button\"><div class=\"uagb-cta__wrap\"><h3 class=\"uagb-cta__title\">Resultado Final da Avalia\u00e7\u00e3o do Anteprojeto <\/h3><\/div><div class=\"uagb-cta__buttons\"><a href=\"https:\/\/propesp.uepa.br\/ppgeeca\/wp-content\/uploads\/2024\/10\/Resultado-Final-da-Avaliacao-do-Anteprojeto.pdf\" class=\"uagb-cta__button-link-wrapper wp-block-button__link\" target=\"_blank\" rel=\"noopener noreferrer\">Saiba Mais<\/a><\/div><\/div>\n\n\n\n<div class=\"wp-block-uagb-call-to-action uagb-block-caa58c68 wp-block-button\"><div class=\"uagb-cta__wrap\"><h3 class=\"uagb-cta__title\">Convoca\u00e7\u00e3o para Argui\u00e7\u00e3o do Anteprojeto e Entrevista <\/h3><\/div><div class=\"uagb-cta__buttons\"><a href=\"https:\/\/propesp.uepa.br\/ppgeeca\/wp-content\/uploads\/2024\/10\/Convocacao-para-Arguicao-do-Anteprojeto-e-Entrevista.pdf\" class=\"uagb-cta__button-link-wrapper wp-block-button__link\" target=\"_blank\" rel=\"noopener noreferrer\">Saiba Mais<\/a><\/div><\/div>\n\n\n\n<div class=\"wp-block-uagb-call-to-action uagb-block-a22b827a wp-block-button\"><div class=\"uagb-cta__wrap\"><h3 class=\"uagb-cta__title\">Resultado Preliminar da Argui\u00e7\u00e3o do Anteprojeto e Entrevista <\/h3><\/div><div class=\"uagb-cta__buttons\"><a href=\"https:\/\/propesp.uepa.br\/ppgeeca\/wp-content\/uploads\/2024\/10\/Resultado-Preliminar-da-Arguicao-do-Anteprojeto-e-Entrevista.pdf\" class=\"uagb-cta__button-link-wrapper wp-block-button__link\" target=\"_blank\" rel=\"noopener noreferrer\">Saiba Mais<\/a><\/div><\/div>\n\n\n\n<div class=\"wp-block-uagb-call-to-action uagb-block-b5fbde87 wp-block-button\"><div class=\"uagb-cta__wrap\"><h3 class=\"uagb-cta__title\">Resultado dos Recursos Interpostos ao Resultado da Argui\u00e7\u00e3o do Anteprojeto e Entrevista<\/h3><\/div><div class=\"uagb-cta__buttons\"><a href=\"https:\/\/propesp.uepa.br\/ppgeeca\/wp-content\/uploads\/2024\/10\/Resultado-dos-Recursos-Interpostos-ao-Resultado-da-Arguicao-do-Anteprojeto-e-Entrevista.pdf\" class=\"uagb-cta__button-link-wrapper wp-block-button__link\" target=\"_blank\" rel=\"noopener noreferrer\">Saiba Mais<\/a><\/div><\/div>\n\n\n\n<div class=\"wp-block-uagb-call-to-action uagb-block-66fce4fb wp-block-button\"><div class=\"uagb-cta__wrap\"><h3 class=\"uagb-cta__title\">Resultado Final da Argui\u00e7\u00e3o do Anteprojeto e Entrevista&nbsp;<\/h3><\/div><div class=\"uagb-cta__buttons\"><a href=\"https:\/\/propesp.uepa.br\/ppgeeca\/wp-content\/uploads\/2024\/10\/Resultado-Final-da-Arguicao-do-Anteprojeto-e-Entrevista.pdf\" class=\"uagb-cta__button-link-wrapper wp-block-button__link\" target=\"_blank\" rel=\"noopener noreferrer\">Saiba Mais<\/a><\/div><\/div>\n\n\n\n<div class=\"wp-block-uagb-call-to-action uagb-block-464f568d wp-block-button\"><div class=\"uagb-cta__wrap\"><h3 class=\"uagb-cta__title\">Resultado Preliminar da Avalia\u00e7\u00e3o do Curr\u00edculo Lattes <\/h3><\/div><div class=\"uagb-cta__buttons\"><a href=\"https:\/\/propesp.uepa.br\/ppgeeca\/wp-content\/uploads\/2024\/10\/Resultado-Preliminar-da-Avaliacao-do-Curriculo-Lattes.pdf\" class=\"uagb-cta__button-link-wrapper wp-block-button__link\" target=\"_blank\" rel=\"noopener noreferrer\">Saiba Mais<\/a><\/div><\/div>\n\n\n\n<div class=\"wp-block-uagb-call-to-action uagb-block-17e3ee28 wp-block-button\"><div class=\"uagb-cta__wrap\"><h3 class=\"uagb-cta__title\">Resultado dos Recursos Interpostos ao Resultado da Avalia\u00e7\u00e3o do Curr\u00edculo Lattes <\/h3><\/div><div class=\"uagb-cta__buttons\"><a href=\"https:\/\/propesp.uepa.br\/ppgeeca\/wp-content\/uploads\/2024\/10\/Resultado-dos-Recursos-Interpostos-ao-Resultado-da-Avaliacao-do-Curriculo-Lattes.pdf\" class=\"uagb-cta__button-link-wrapper wp-block-button__link\" target=\"_blank\" rel=\"noopener noreferrer\">Saiba Mais<\/a><\/div><\/div>\n\n\n\n<div class=\"wp-block-uagb-call-to-action uagb-block-d9d855cc wp-block-button\"><div class=\"uagb-cta__wrap\"><h3 class=\"uagb-cta__title\">Resultado Final da Avalia\u00e7\u00e3o do Curr\u00edculo Lattes <\/h3><\/div><div class=\"uagb-cta__buttons\"><a href=\"https:\/\/propesp.uepa.br\/ppgeeca\/wp-content\/uploads\/2024\/10\/Resultado-Final-da-Avaliacao-do-Curriculo-Lattes.pdf\" class=\"uagb-cta__button-link-wrapper wp-block-button__link\" target=\"_blank\" rel=\"noopener noreferrer\">Saiba Mais<\/a><\/div><\/div>\n\n\n\n<div class=\"wp-block-uagb-call-to-action uagb-block-91e295d9 wp-block-button\"><div class=\"uagb-cta__wrap\"><h3 class=\"uagb-cta__title\">Resultado Final<\/h3><\/div><div class=\"uagb-cta__buttons\"><a href=\"https:\/\/propesp.uepa.br\/ppgeeca\/wp-content\/uploads\/2024\/10\/Resultado-Final-2.pdf\" class=\"uagb-cta__button-link-wrapper wp-block-button__link\" target=\"_blank\" rel=\"noopener noreferrer\">Saiba Mais<\/a><\/div><\/div>\n\n\n\n<div class=\"wp-block-uagb-call-to-action uagb-block-b2fbb5de wp-block-button\"><div class=\"uagb-cta__wrap\"><h3 class=\"uagb-cta__title\">Resultado Definitivo <\/h3><\/div><div class=\"uagb-cta__buttons\"><a href=\"https:\/\/propesp.uepa.br\/ppgeeca\/wp-content\/uploads\/2024\/10\/Resultado-Definitivo.pdf\" class=\"uagb-cta__button-link-wrapper wp-block-button__link\" target=\"_blank\" rel=\"noopener noreferrer\">Saiba Mais<\/a><\/div><\/div>\n\n\n\n<div class=\"wp-block-uagb-call-to-action uagb-block-7c1989f4 wp-block-button\"><div class=\"uagb-cta__wrap\"><h3 class=\"uagb-cta__title\">Convoca\u00e7\u00e3o para matr\u00edcula e aula inaugural <\/h3><\/div><div class=\"uagb-cta__buttons\"><a href=\"https:\/\/propesp.uepa.br\/ppgeeca\/wp-content\/uploads\/2024\/10\/Convocacao-para-matricula-e-aula-inaugural.pdf\" class=\"uagb-cta__button-link-wrapper wp-block-button__link\" target=\"_blank\" rel=\"noopener noreferrer\">Saiba Mais<\/a><\/div><\/div>\n\n\n\n<div class=\"wp-block-uagb-call-to-action uagb-block-60c3e752 wp-block-button\"><div class=\"uagb-cta__wrap\"><h3 class=\"uagb-cta__title\">1\u00aa Convoca\u00e7\u00e3o <\/h3><\/div><div class=\"uagb-cta__buttons\"><a href=\"https:\/\/propesp.uepa.br\/ppgeeca\/wp-content\/uploads\/2024\/10\/1a-Convocacao.pdf\" class=\"uagb-cta__button-link-wrapper wp-block-button__link\" target=\"_blank\" rel=\"noopener noreferrer\">Saiba Mais<\/a><\/div><\/div>\n\n\n\n<div class=\"wp-block-uagb-call-to-action uagb-block-f7f2f2b4 wp-block-button\"><div class=\"uagb-cta__wrap\"><h3 class=\"uagb-cta__title\">2\u00aa Convoca\u00e7\u00e3o <\/h3><\/div><div class=\"uagb-cta__buttons\"><a href=\"https:\/\/propesp.uepa.br\/ppgeeca\/wp-content\/uploads\/2024\/10\/2a-Convocaca.pdf\" class=\"uagb-cta__button-link-wrapper wp-block-button__link\" target=\"_blank\" rel=\"noopener noreferrer\">Saiba Mais<\/a><\/div><\/div>\n<\/div>\n","protected":false},"excerpt":{"rendered":"<p>A Universidade do Estado do Par\u00e1 (UEPA), por meio do Centro de Ci\u00eancias Sociais e Educa\u00e7\u00e3o (CCSE), da Coordena\u00e7\u00e3o do Programa de P\u00f3s-Gradua\u00e7\u00e3o em Educa\u00e7\u00e3o e Ensino de Ci\u00eancias na Amaz\u00f4nia (PPGEECA), torna p\u00fablico a abertura das inscri\u00e7\u00f5es para o Processo Seletivo 2021, em n\u00edvel de Mestrado Profissional. As inscri\u00e7\u00f5es dever\u00e3o ser realizadas no per\u00edodo [&hellip;]<\/p>\n","protected":false},"author":1,"featured_media":0,"parent":0,"menu_order":0,"comment_status":"closed","ping_status":"closed","template":"","meta":{"_uag_custom_page_level_css":"","site-sidebar-layout":"default","site-content-layout":"","ast-site-content-layout":"","site-content-style":"default","site-sidebar-style":"default","ast-global-header-display":"","ast-banner-title-visibility":"","ast-main-header-display":"","ast-hfb-above-header-display":"","ast-hfb-below-header-display":"","ast-hfb-mobile-header-display":"","site-post-title":"","ast-breadcrumbs-content":"","ast-featured-img":"","footer-sml-layout":"","theme-transparent-header-meta":"","adv-header-id-meta":"","stick-header-meta":"","header-above-stick-meta":"","header-main-stick-meta":"","header-below-stick-meta":"","astra-migrate-meta-layouts":"default","ast-page-background-enabled":"default","ast-page-background-meta":{"desktop":{"background-color":"var(--ast-global-color-4)","background-image":"","background-repeat":"repeat","background-position":"center center","background-size":"auto","background-attachment":"scroll","background-type":"","background-media":"","overlay-type":"","overlay-color":"","overlay-opacity":"","overlay-gradient":""},"tablet":{"background-color":"","background-image":"","background-repeat":"repeat","background-position":"center center","background-size":"auto","background-attachment":"scroll","background-type":"","background-media":"","overlay-type":"","overlay-color":"","overlay-opacity":"","overlay-gradient":""},"mobile":{"background-color":"","background-image":"","background-repeat":"repeat","background-position":"center center","background-size":"auto","background-attachment":"scroll","background-type":"","background-media":"","overlay-type":"","overlay-color":"","overlay-opacity":"","overlay-gradient":""}},"ast-content-background-meta":{"desktop":{"background-color":"var(--ast-global-color-5)","background-image":"","background-repeat":"repeat","background-position":"center center","background-size":"auto","background-attachment":"scroll","background-type":"","background-media":"","overlay-type":"","overlay-color":"","overlay-opacity":"","overlay-gradient":""},"tablet":{"background-color":"var(--ast-global-color-5)","background-image":"","background-repeat":"repeat","background-position":"center center","background-size":"auto","background-attachment":"scroll","background-type":"","background-media":"","overlay-type":"","overlay-color":"","overlay-opacity":"","overlay-gradient":""},"mobile":{"background-color":"var(--ast-global-color-5)","background-image":"","background-repeat":"repeat","background-position":"center center","background-size":"auto","background-attachment":"scroll","background-type":"","background-media":"","overlay-type":"","overlay-color":"","overlay-opacity":"","overlay-gradient":""}},"footnotes":""},"class_list":["post-1388","page","type-page","status-publish","hentry"],"uagb_featured_image_src":{"full":false,"thumbnail":false,"medium":false,"medium_large":false,"large":false,"1536x1536":false,"2048x2048":false},"uagb_author_info":{"display_name":"adminsites@uepa.br","author_link":"https:\/\/propesp.uepa.br\/ppgeeca\/author\/adminsitesuepa-br\/"},"uagb_comment_info":0,"uagb_excerpt":"A Universidade do Estado do Par\u00e1 (UEPA), por meio do Centro de Ci\u00eancias Sociais e Educa\u00e7\u00e3o (CCSE), da Coordena\u00e7\u00e3o do Programa de P\u00f3s-Gradua\u00e7\u00e3o em Educa\u00e7\u00e3o e Ensino de Ci\u00eancias na Amaz\u00f4nia (PPGEECA), torna p\u00fablico a abertura das inscri\u00e7\u00f5es para o Processo Seletivo 2021, em n\u00edvel de Mestrado Profissional. As inscri\u00e7\u00f5es dever\u00e3o ser realizadas no per\u00edodo&hellip;","_links":{"self":[{"href":"https:\/\/propesp.uepa.br\/ppgeeca\/wp-json\/wp\/v2\/pages\/1388","targetHints":{"allow":["GET"]}}],"collection":[{"href":"https:\/\/propesp.uepa.br\/ppgeeca\/wp-json\/wp\/v2\/pages"}],"about":[{"href":"https:\/\/propesp.uepa.br\/ppgeeca\/wp-json\/wp\/v2\/types\/page"}],"author":[{"embeddable":true,"href":"https:\/\/propesp.uepa.br\/ppgeeca\/wp-json\/wp\/v2\/users\/1"}],"replies":[{"embeddable":true,"href":"https:\/\/propesp.uepa.br\/ppgeeca\/wp-json\/wp\/v2\/comments?post=1388"}],"version-history":[{"count":18,"href":"https:\/\/propesp.uepa.br\/ppgeeca\/wp-json\/wp\/v2\/pages\/1388\/revisions"}],"predecessor-version":[{"id":4105,"href":"https:\/\/propesp.uepa.br\/ppgeeca\/wp-json\/wp\/v2\/pages\/1388\/revisions\/4105"}],"wp:attachment":[{"href":"https:\/\/propesp.uepa.br\/ppgeeca\/wp-json\/wp\/v2\/media?parent=1388"}],"curies":[{"name":"wp","href":"https:\/\/api.w.org\/{rel}","templated":true}]}}