{"id":146,"date":"2024-10-09T15:24:00","date_gmt":"2024-10-09T18:24:00","guid":{"rendered":"https:\/\/propesp.uepa.br\/ppgeeca\/?page_id=146"},"modified":"2025-08-21T16:25:58","modified_gmt":"2025-08-21T19:25:58","slug":"historico","status":"publish","type":"page","link":"https:\/\/propesp.uepa.br\/ppgeeca\/historico\/","title":{"rendered":"Hist\u00f3rico"},"content":{"rendered":"\n<p class=\"has-ast-global-color-8-color has-text-color has-link-color wp-elements-cb4034fd50635a6fd93e7df017e2f92e\" style=\"margin-right:var(--wp--preset--spacing--30);margin-left:var(--wp--preset--spacing--30);font-size:21px\">O <strong>Programa de P\u00f3s-Gradua\u00e7\u00e3o em Educa\u00e7\u00e3o e Ensino de Ci\u00eancias na Amaz\u00f4nia (PPGEECA)<\/strong> da Universidade do Estado do Par\u00e1 (UEPA) foi criado em 2019. O curso de Mestrado Profissional em Educa\u00e7\u00e3o e Ensino de Ci\u00eancias na Amaz\u00f4nia foi homologado na 190\u00aa Reuni\u00e3o do Conselho T\u00e9cnico-Cient\u00edfico da Educa\u00e7\u00e3o Superior (Parecer CNE\/CES n\u00ba 111\/2020) e recomendado pelo Conselho T\u00e9cnico Cient\u00edfico da CAPES em junho de 2020, tendo sua primeira turma ofertada em outubro de 2020. Atualmente, o Programa est\u00e1 classificado com a Nota 3 da CAPES.<br><br>O Programa \u00e9 estruturado em duas linhas de pesquisa: <strong>(i) Estrat\u00e9gias Educativas para o Ensino de Ci\u00eancias Naturais na Amaz\u00f4nia<\/strong> e <strong>(ii) Forma\u00e7\u00e3o de Professores de Ci\u00eancias e Processos de Ensino e Aprendizagem em Diversos Contextos Amaz\u00f4nicos<\/strong>. Tendo como miss\u00e3o contribuir para a forma\u00e7\u00e3o de professores na \u00e1rea de Ci\u00eancias, qualificando-os para atuarem nos sistemas de ensino das diversas regi\u00f5es da Amaz\u00f4nia e visando a um impacto significativo no processo de ensino e aprendizagem no contexto socioeducacional da regi\u00e3o.<\/p>\n\n\n\n<p class=\"has-ast-global-color-8-color has-text-color has-link-color wp-elements-f6cfaca865603d6098f4bdc48e4c5e86\" style=\"margin-right:var(--wp--preset--spacing--30);margin-left:var(--wp--preset--spacing--30);font-size:21px\">O p\u00fablico-alvo do Programa s\u00e3o professores em exerc\u00edcio na \u00e1rea de Ci\u00eancias Naturais e afins, atuando na Educa\u00e7\u00e3o B\u00e1sica e\/ou Superior, ou em contextos n\u00e3o formais. O perfil do egresso prev\u00ea que ele seja capaz de desenvolver uma pr\u00e1tica docente autoral, contribuindo para o processo de ensino e aprendizagem conforme as demandas regionais do seu contexto socioeducacional.<br><br>Ao longo dos quatro anos de exist\u00eancia, o PPGEECA formou 41 professores\/as&nbsp; mestres\/as, que est\u00e3o atualmente atuando na Educa\u00e7\u00e3o B\u00e1sica da Amaz\u00f4nia. At\u00e9 janeiro de 2025, o programa conta com cinco turmas e um total de 42 alunos matriculados, provenientes de diversas cidades do estado do Par\u00e1, como Bel\u00e9m, Altamira, Ananindeua, Castanhal, Concei\u00e7\u00e3o do Araguaia, Maracan\u00e3,&nbsp; Marituba, Igarap\u00e9-miri, Igarap\u00e9-a\u00e7u, Ipixuna do Par\u00e1, Abaetetuba, Salin\u00f3polis, Soure, Terra Alta,&nbsp; Moju, Marab\u00e1, Camet\u00e1, S\u00e3o F\u00e9lix do Xingu, S\u00e3o Jo\u00e3o da Ponta e Primavera, al\u00e9m de alunos das cidades de Imperatriz (Maranh\u00e3o), Manaus (Amazonas),&nbsp; Macap\u00e1 (Amap\u00e1) e Recife (Pernambuco).<\/p>\n\n\n\n<div class=\"wp-block-uagb-container uagb-block-1c8dc260 alignfull uagb-is-root-container\"><div class=\"uagb-container-inner-blocks-wrap\">\n<div class=\"wp-block-uagb-container uagb-block-97fcedab\">\n<div class=\"wp-block-uagb-buttons uagb-buttons__outer-wrap uagb-btn__default-btn uagb-btn-tablet__default-btn uagb-btn-mobile__default-btn uagb-block-bca10d00\"><div class=\"uagb-buttons__wrap uagb-buttons-layout-wrap \">\n<div class=\"wp-block-uagb-buttons-child uagb-buttons__outer-wrap uagb-block-8d0473e0 wp-block-button\"><div class=\"uagb-button__wrapper\"><a class=\"uagb-buttons-repeater wp-block-button__link\" aria-label=\"\" href=\"https:\/\/sucupira.capes.gov.br\/sucupira\/public\/consultas\/coleta\/programa\/viewPrograma.jsf?popup=true&amp;cd_programa=15006018012P2\" rel=\"follow noopener\" target=\"_self\" role=\"button\"><div class=\"uagb-button__link\">CONFIRA OS DADOS B\u00c1SICOS DO PPGEECA NA PLATAFORMA SUCUPIRA<\/div><\/a><\/div><\/div>\n<\/div><\/div>\n<\/div>\n<\/div><\/div>\n\n\n\n<figure class=\"wp-block-video\"><video controls src=\"https:\/\/propesp.uepa.br\/ppgeeca\/wp-content\/uploads\/2025\/08\/SLIDE-PPGEECA.mp4\"><\/video><\/figure>\n","protected":false},"excerpt":{"rendered":"<p>O Programa de P\u00f3s-Gradua\u00e7\u00e3o em Educa\u00e7\u00e3o e Ensino de Ci\u00eancias na Amaz\u00f4nia (PPGEECA) da Universidade do Estado do Par\u00e1 (UEPA) foi criado em 2019. O curso de Mestrado Profissional em Educa\u00e7\u00e3o e Ensino de Ci\u00eancias na Amaz\u00f4nia foi homologado na 190\u00aa Reuni\u00e3o do Conselho T\u00e9cnico-Cient\u00edfico da Educa\u00e7\u00e3o Superior (Parecer CNE\/CES n\u00ba 111\/2020) e recomendado pelo [&hellip;]<\/p>\n","protected":false},"author":1,"featured_media":0,"parent":0,"menu_order":0,"comment_status":"closed","ping_status":"closed","template":"","meta":{"_uag_custom_page_level_css":"","site-sidebar-layout":"default","site-content-layout":"","ast-site-content-layout":"","site-content-style":"default","site-sidebar-style":"default","ast-global-header-display":"","ast-banner-title-visibility":"","ast-main-header-display":"","ast-hfb-above-header-display":"","ast-hfb-below-header-display":"","ast-hfb-mobile-header-display":"","site-post-title":"","ast-breadcrumbs-content":"","ast-featured-img":"","footer-sml-layout":"","theme-transparent-header-meta":"","adv-header-id-meta":"","stick-header-meta":"","header-above-stick-meta":"","header-main-stick-meta":"","header-below-stick-meta":"","astra-migrate-meta-layouts":"default","ast-page-background-enabled":"default","ast-page-background-meta":{"desktop":{"background-color":"var(--ast-global-color-4)","background-image":"","background-repeat":"repeat","background-position":"center center","background-size":"auto","background-attachment":"scroll","background-type":"","background-media":"","overlay-type":"","overlay-color":"","overlay-opacity":"","overlay-gradient":""},"tablet":{"background-color":"","background-image":"","background-repeat":"repeat","background-position":"center center","background-size":"auto","background-attachment":"scroll","background-type":"","background-media":"","overlay-type":"","overlay-color":"","overlay-opacity":"","overlay-gradient":""},"mobile":{"background-color":"","background-image":"","background-repeat":"repeat","background-position":"center center","background-size":"auto","background-attachment":"scroll","background-type":"","background-media":"","overlay-type":"","overlay-color":"","overlay-opacity":"","overlay-gradient":""}},"ast-content-background-meta":{"desktop":{"background-color":"var(--ast-global-color-5)","background-image":"","background-repeat":"repeat","background-position":"center center","background-size":"auto","background-attachment":"scroll","background-type":"","background-media":"","overlay-type":"","overlay-color":"","overlay-opacity":"","overlay-gradient":""},"tablet":{"background-color":"var(--ast-global-color-5)","background-image":"","background-repeat":"repeat","background-position":"center center","background-size":"auto","background-attachment":"scroll","background-type":"","background-media":"","overlay-type":"","overlay-color":"","overlay-opacity":"","overlay-gradient":""},"mobile":{"background-color":"var(--ast-global-color-5)","background-image":"","background-repeat":"repeat","background-position":"center center","background-size":"auto","background-attachment":"scroll","background-type":"","background-media":"","overlay-type":"","overlay-color":"","overlay-opacity":"","overlay-gradient":""}},"footnotes":""},"class_list":["post-146","page","type-page","status-publish","hentry"],"uagb_featured_image_src":{"full":false,"thumbnail":false,"medium":false,"medium_large":false,"large":false,"1536x1536":false,"2048x2048":false},"uagb_author_info":{"display_name":"adminsites@uepa.br","author_link":"https:\/\/propesp.uepa.br\/ppgeeca\/author\/adminsitesuepa-br\/"},"uagb_comment_info":0,"uagb_excerpt":"O Programa de P\u00f3s-Gradua\u00e7\u00e3o em Educa\u00e7\u00e3o e Ensino de Ci\u00eancias na Amaz\u00f4nia (PPGEECA) da Universidade do Estado do Par\u00e1 (UEPA) foi criado em 2019. O curso de Mestrado Profissional em Educa\u00e7\u00e3o e Ensino de Ci\u00eancias na Amaz\u00f4nia foi homologado na 190\u00aa Reuni\u00e3o do Conselho T\u00e9cnico-Cient\u00edfico da Educa\u00e7\u00e3o Superior (Parecer CNE\/CES n\u00ba 111\/2020) e recomendado pelo&hellip;","_links":{"self":[{"href":"https:\/\/propesp.uepa.br\/ppgeeca\/wp-json\/wp\/v2\/pages\/146","targetHints":{"allow":["GET"]}}],"collection":[{"href":"https:\/\/propesp.uepa.br\/ppgeeca\/wp-json\/wp\/v2\/pages"}],"about":[{"href":"https:\/\/propesp.uepa.br\/ppgeeca\/wp-json\/wp\/v2\/types\/page"}],"author":[{"embeddable":true,"href":"https:\/\/propesp.uepa.br\/ppgeeca\/wp-json\/wp\/v2\/users\/1"}],"replies":[{"embeddable":true,"href":"https:\/\/propesp.uepa.br\/ppgeeca\/wp-json\/wp\/v2\/comments?post=146"}],"version-history":[{"count":44,"href":"https:\/\/propesp.uepa.br\/ppgeeca\/wp-json\/wp\/v2\/pages\/146\/revisions"}],"predecessor-version":[{"id":5268,"href":"https:\/\/propesp.uepa.br\/ppgeeca\/wp-json\/wp\/v2\/pages\/146\/revisions\/5268"}],"wp:attachment":[{"href":"https:\/\/propesp.uepa.br\/ppgeeca\/wp-json\/wp\/v2\/media?parent=146"}],"curies":[{"name":"wp","href":"https:\/\/api.w.org\/{rel}","templated":true}]}}